{"id":94298,"date":"2026-04-14T16:34:28","date_gmt":"2026-04-14T14:34:28","guid":{"rendered":"https:\/\/www.koonings.com\/product\/poirier-t-75405-oberteil-craape-perlen-gisa%c2%a8le\/"},"modified":"2026-04-14T16:08:10","modified_gmt":"2026-04-14T14:08:10","slug":"poirier-t-75405-oberteil-craape-perlen-gisa%c2%a8le","status":"publish","type":"product","link":"https:\/\/www.koonings.com\/de\/product\/poirier-t-75405-oberteil-craape-perlen-gisa%c2%a8le\/","title":{"rendered":"Poirier T-75405 Oberteil | Cr\u00c3\u00aape Perlen | Gis\u00c3\u00a8le"},"content":{"rendered":"<p>T-75405 &#8211; Luxe T\u00fcll-Oberteil mit Perlen verziert | Linie Gis\u00e8le<br \/>\nOberteil aus der Linie Gis\u00e8le der GEM Kollektion.<br \/>\nT\u00fcll mit Perlen verziert.<br \/>\nElfenbeinfarben.<br \/>\nKurze Kappen\u00e4rmel.<br \/>\nRei\u00dfverschluss in der hinteren Mitte.<br \/>\nGr\u00f6\u00dfen: XS, S, M, L, XL.<br \/>\nPassend dazu: Jacke T-75407 und Hose TR-75451 aus der Gis\u00e8le-Linie.<\/p>\n","protected":false},"featured_media":89584,"template":"","meta":{"_acf_changed":false,"ghostkit_customizer_options":"","ghostkit_custom_css":"","ghostkit_custom_js_head":"","ghostkit_custom_js_foot":"","ghostkit_typography":""},"productdetails":[],"productneck":[],"productcolor":[],"maat":[],"productsupplier":[416],"productsleeve":[],"productcategory":[509],"productsilhouette":[],"productstyle":[],"class_list":["post-94298","product","type-product","status-publish","has-post-thumbnail","hentry","productsupplier-poirier","productcategory-accessoires-bruid"],"acf":[],"yoast_head":"<!-- This site is optimized with the Yoast SEO plugin v27.3 - https:\/\/yoast.com\/product\/yoast-seo-wordpress\/ -->\n<title>Poirier T-75405 Oberteil | Cr\u00c3\u00aape Perlen | Gis\u00c3\u00a8le | Koonings<\/title>\n<meta name=\"description\" content=\"T-75405 - Luxe T\u00fcll-Oberteil mit Perlen verziert | Linie Gis\u00e8le Oberteil aus der Linie Gis\u00e8le der GEM Kollektion. T\u00fcll mit Perlen verziert. Elfenbeinfarben. Kurze Kappen\u00e4rmel. Rei\u00dfverschluss in der hinteren Mitte. Gr\u00f6\u00dfen: XS, S, M, L, XL. Passend dazu: Jacke T-75407 und Hose TR-75451 aus der Gis\u00e8le-Linie.\" \/>\n<meta name=\"robots\" content=\"index, follow, max-snippet:-1, max-image-preview:large, max-video-preview:-1\" \/>\n<link rel=\"canonical\" href=\"https:\/\/www.koonings.com\/de\/product\/poirier-t-75405-oberteil-craape-perlen-gisa%c2%a8le\/\" \/>\n<meta property=\"og:locale\" content=\"de_DE\" \/>\n<meta property=\"og:type\" content=\"article\" \/>\n<meta property=\"og:title\" content=\"Poirier T-75405 Oberteil | Cr\u00c3\u00aape Perlen | Gis\u00c3\u00a8le | Koonings\" \/>\n<meta property=\"og:description\" content=\"T-75405 - Luxe T\u00fcll-Oberteil mit Perlen verziert | Linie Gis\u00e8le Oberteil aus der Linie Gis\u00e8le der GEM Kollektion. T\u00fcll mit Perlen verziert. Elfenbeinfarben. Kurze Kappen\u00e4rmel. Rei\u00dfverschluss in der hinteren Mitte. Gr\u00f6\u00dfen: XS, S, M, L, XL. Passend dazu: Jacke T-75407 und Hose TR-75451 aus der Gis\u00e8le-Linie.\" \/>\n<meta property=\"og:url\" content=\"https:\/\/www.koonings.com\/de\/product\/poirier-t-75405-oberteil-craape-perlen-gisa%c2%a8le\/\" \/>\n<meta property=\"og:site_name\" content=\"Koonings\" \/>\n<meta property=\"article:publisher\" content=\"https:\/\/www.facebook.com\/kooningstheweddingpalace\" \/>\n<meta property=\"og:image\" content=\"https:\/\/www.koonings.com\/wp-content\/uploads\/2025\/07\/50746_b3ade3a146dce76e704b5c8cfeed0ac0b877145b4bc34846be3a9df9ce16dd78ae717bfc.jpeg\" \/>\n\t<meta property=\"og:image:width\" content=\"1732\" \/>\n\t<meta property=\"og:image:height\" content=\"2309\" \/>\n\t<meta property=\"og:image:type\" content=\"image\/jpeg\" \/>\n<meta name=\"twitter:card\" content=\"summary_large_image\" \/>\n<script type=\"application\/ld+json\" class=\"yoast-schema-graph\">{\"@context\":\"https:\\\/\\\/schema.org\",\"@graph\":[{\"@type\":\"WebPage\",\"@id\":\"https:\\\/\\\/www.koonings.com\\\/de\\\/product\\\/poirier-t-75405-oberteil-craape-perlen-gisa%c2%a8le\\\/\",\"url\":\"https:\\\/\\\/www.koonings.com\\\/de\\\/product\\\/poirier-t-75405-oberteil-craape-perlen-gisa%c2%a8le\\\/\",\"name\":\"Poirier T-75405 Oberteil | Cr\u00c3\u00aape Perlen | Gis\u00c3\u00a8le | Koonings\",\"isPartOf\":{\"@id\":\"https:\\\/\\\/www.koonings.com\\\/de\\\/#website\"},\"primaryImageOfPage\":{\"@id\":\"https:\\\/\\\/www.koonings.com\\\/de\\\/product\\\/poirier-t-75405-oberteil-craape-perlen-gisa%c2%a8le\\\/#primaryimage\"},\"image\":{\"@id\":\"https:\\\/\\\/www.koonings.com\\\/de\\\/product\\\/poirier-t-75405-oberteil-craape-perlen-gisa%c2%a8le\\\/#primaryimage\"},\"thumbnailUrl\":\"https:\\\/\\\/www.koonings.com\\\/wp-content\\\/uploads\\\/2025\\\/07\\\/50746_b3ade3a146dce76e704b5c8cfeed0ac0b877145b4bc34846be3a9df9ce16dd78ae717bfc.jpeg\",\"datePublished\":\"2026-04-14T14:34:28+00:00\",\"description\":\"T-75405 - Luxe T\u00fcll-Oberteil mit Perlen verziert | Linie Gis\u00e8le Oberteil aus der Linie Gis\u00e8le der GEM Kollektion. T\u00fcll mit Perlen verziert. Elfenbeinfarben. Kurze Kappen\u00e4rmel. Rei\u00dfverschluss in der hinteren Mitte. Gr\u00f6\u00dfen: XS, S, M, L, XL. Passend dazu: Jacke T-75407 und Hose TR-75451 aus der Gis\u00e8le-Linie.\",\"breadcrumb\":{\"@id\":\"https:\\\/\\\/www.koonings.com\\\/de\\\/product\\\/poirier-t-75405-oberteil-craape-perlen-gisa%c2%a8le\\\/#breadcrumb\"},\"inLanguage\":\"de\",\"potentialAction\":[{\"@type\":\"ReadAction\",\"target\":[\"https:\\\/\\\/www.koonings.com\\\/de\\\/product\\\/poirier-t-75405-oberteil-craape-perlen-gisa%c2%a8le\\\/\"]}]},{\"@type\":\"ImageObject\",\"inLanguage\":\"de\",\"@id\":\"https:\\\/\\\/www.koonings.com\\\/de\\\/product\\\/poirier-t-75405-oberteil-craape-perlen-gisa%c2%a8le\\\/#primaryimage\",\"url\":\"https:\\\/\\\/www.koonings.com\\\/wp-content\\\/uploads\\\/2025\\\/07\\\/50746_b3ade3a146dce76e704b5c8cfeed0ac0b877145b4bc34846be3a9df9ce16dd78ae717bfc.jpeg\",\"contentUrl\":\"https:\\\/\\\/www.koonings.com\\\/wp-content\\\/uploads\\\/2025\\\/07\\\/50746_b3ade3a146dce76e704b5c8cfeed0ac0b877145b4bc34846be3a9df9ce16dd78ae717bfc.jpeg\",\"width\":1732,\"height\":2309},{\"@type\":\"BreadcrumbList\",\"@id\":\"https:\\\/\\\/www.koonings.com\\\/de\\\/product\\\/poirier-t-75405-oberteil-craape-perlen-gisa%c2%a8le\\\/#breadcrumb\",\"itemListElement\":[{\"@type\":\"ListItem\",\"position\":1,\"name\":\"Home\",\"item\":\"https:\\\/\\\/www.koonings.com\\\/de\\\/\"},{\"@type\":\"ListItem\",\"position\":2,\"name\":\"Poirier T-75405 Oberteil | Cr\u00c3\u00aape Perlen | Gis\u00c3\u00a8le\"}]},{\"@type\":\"WebSite\",\"@id\":\"https:\\\/\\\/www.koonings.com\\\/de\\\/#website\",\"url\":\"https:\\\/\\\/www.koonings.com\\\/de\\\/\",\"name\":\"Koonings\",\"description\":\"De grootste bruidsmodewinkel ter wereld\",\"publisher\":{\"@id\":\"https:\\\/\\\/www.koonings.com\\\/de\\\/#organization\"},\"potentialAction\":[{\"@type\":\"SearchAction\",\"target\":{\"@type\":\"EntryPoint\",\"urlTemplate\":\"https:\\\/\\\/www.koonings.com\\\/de\\\/?s={search_term_string}\"},\"query-input\":{\"@type\":\"PropertyValueSpecification\",\"valueRequired\":true,\"valueName\":\"search_term_string\"}}],\"inLanguage\":\"de\"},{\"@type\":\"Organization\",\"@id\":\"https:\\\/\\\/www.koonings.com\\\/de\\\/#organization\",\"name\":\"Koonings\",\"url\":\"https:\\\/\\\/www.koonings.com\\\/de\\\/\",\"logo\":{\"@type\":\"ImageObject\",\"inLanguage\":\"de\",\"@id\":\"https:\\\/\\\/www.koonings.com\\\/de\\\/#\\\/schema\\\/logo\\\/image\\\/\",\"url\":\"https:\\\/\\\/www.koonings.com\\\/wp-content\\\/uploads\\\/2024\\\/07\\\/logo.png\",\"contentUrl\":\"https:\\\/\\\/www.koonings.com\\\/wp-content\\\/uploads\\\/2024\\\/07\\\/logo.png\",\"width\":600,\"height\":428,\"caption\":\"Koonings\"},\"image\":{\"@id\":\"https:\\\/\\\/www.koonings.com\\\/de\\\/#\\\/schema\\\/logo\\\/image\\\/\"},\"sameAs\":[\"https:\\\/\\\/www.facebook.com\\\/kooningstheweddingpalace\",\"https:\\\/\\\/www.instagram.com\\\/kooningstheweddingpalace\",\"https:\\\/\\\/www.pinterest.com\\\/koonings\",\"https:\\\/\\\/www.youtube.com\\\/kooningstheweddingpalace\"]}]}<\/script>\n<!-- \/ Yoast SEO plugin. -->","yoast_head_json":{"title":"Poirier T-75405 Oberteil | Cr\u00c3\u00aape Perlen | Gis\u00c3\u00a8le | Koonings","description":"T-75405 - Luxe T\u00fcll-Oberteil mit Perlen verziert | Linie Gis\u00e8le Oberteil aus der Linie Gis\u00e8le der GEM Kollektion. T\u00fcll mit Perlen verziert. Elfenbeinfarben. Kurze Kappen\u00e4rmel. Rei\u00dfverschluss in der hinteren Mitte. Gr\u00f6\u00dfen: XS, S, M, L, XL. Passend dazu: Jacke T-75407 und Hose TR-75451 aus der Gis\u00e8le-Linie.","robots":{"index":"index","follow":"follow","max-snippet":"max-snippet:-1","max-image-preview":"max-image-preview:large","max-video-preview":"max-video-preview:-1"},"canonical":"https:\/\/www.koonings.com\/de\/product\/poirier-t-75405-oberteil-craape-perlen-gisa%c2%a8le\/","og_locale":"de_DE","og_type":"article","og_title":"Poirier T-75405 Oberteil | Cr\u00c3\u00aape Perlen | Gis\u00c3\u00a8le | Koonings","og_description":"T-75405 - Luxe T\u00fcll-Oberteil mit Perlen verziert | Linie Gis\u00e8le Oberteil aus der Linie Gis\u00e8le der GEM Kollektion. T\u00fcll mit Perlen verziert. Elfenbeinfarben. Kurze Kappen\u00e4rmel. Rei\u00dfverschluss in der hinteren Mitte. Gr\u00f6\u00dfen: XS, S, M, L, XL. Passend dazu: Jacke T-75407 und Hose TR-75451 aus der Gis\u00e8le-Linie.","og_url":"https:\/\/www.koonings.com\/de\/product\/poirier-t-75405-oberteil-craape-perlen-gisa%c2%a8le\/","og_site_name":"Koonings","article_publisher":"https:\/\/www.facebook.com\/kooningstheweddingpalace","og_image":[{"width":1732,"height":2309,"url":"https:\/\/www.koonings.com\/wp-content\/uploads\/2025\/07\/50746_b3ade3a146dce76e704b5c8cfeed0ac0b877145b4bc34846be3a9df9ce16dd78ae717bfc.jpeg","type":"image\/jpeg"}],"twitter_card":"summary_large_image","schema":{"@context":"https:\/\/schema.org","@graph":[{"@type":"WebPage","@id":"https:\/\/www.koonings.com\/de\/product\/poirier-t-75405-oberteil-craape-perlen-gisa%c2%a8le\/","url":"https:\/\/www.koonings.com\/de\/product\/poirier-t-75405-oberteil-craape-perlen-gisa%c2%a8le\/","name":"Poirier T-75405 Oberteil | Cr\u00c3\u00aape Perlen | Gis\u00c3\u00a8le | Koonings","isPartOf":{"@id":"https:\/\/www.koonings.com\/de\/#website"},"primaryImageOfPage":{"@id":"https:\/\/www.koonings.com\/de\/product\/poirier-t-75405-oberteil-craape-perlen-gisa%c2%a8le\/#primaryimage"},"image":{"@id":"https:\/\/www.koonings.com\/de\/product\/poirier-t-75405-oberteil-craape-perlen-gisa%c2%a8le\/#primaryimage"},"thumbnailUrl":"https:\/\/www.koonings.com\/wp-content\/uploads\/2025\/07\/50746_b3ade3a146dce76e704b5c8cfeed0ac0b877145b4bc34846be3a9df9ce16dd78ae717bfc.jpeg","datePublished":"2026-04-14T14:34:28+00:00","description":"T-75405 - Luxe T\u00fcll-Oberteil mit Perlen verziert | Linie Gis\u00e8le Oberteil aus der Linie Gis\u00e8le der GEM Kollektion. T\u00fcll mit Perlen verziert. Elfenbeinfarben. Kurze Kappen\u00e4rmel. Rei\u00dfverschluss in der hinteren Mitte. Gr\u00f6\u00dfen: XS, S, M, L, XL. Passend dazu: Jacke T-75407 und Hose TR-75451 aus der Gis\u00e8le-Linie.","breadcrumb":{"@id":"https:\/\/www.koonings.com\/de\/product\/poirier-t-75405-oberteil-craape-perlen-gisa%c2%a8le\/#breadcrumb"},"inLanguage":"de","potentialAction":[{"@type":"ReadAction","target":["https:\/\/www.koonings.com\/de\/product\/poirier-t-75405-oberteil-craape-perlen-gisa%c2%a8le\/"]}]},{"@type":"ImageObject","inLanguage":"de","@id":"https:\/\/www.koonings.com\/de\/product\/poirier-t-75405-oberteil-craape-perlen-gisa%c2%a8le\/#primaryimage","url":"https:\/\/www.koonings.com\/wp-content\/uploads\/2025\/07\/50746_b3ade3a146dce76e704b5c8cfeed0ac0b877145b4bc34846be3a9df9ce16dd78ae717bfc.jpeg","contentUrl":"https:\/\/www.koonings.com\/wp-content\/uploads\/2025\/07\/50746_b3ade3a146dce76e704b5c8cfeed0ac0b877145b4bc34846be3a9df9ce16dd78ae717bfc.jpeg","width":1732,"height":2309},{"@type":"BreadcrumbList","@id":"https:\/\/www.koonings.com\/de\/product\/poirier-t-75405-oberteil-craape-perlen-gisa%c2%a8le\/#breadcrumb","itemListElement":[{"@type":"ListItem","position":1,"name":"Home","item":"https:\/\/www.koonings.com\/de\/"},{"@type":"ListItem","position":2,"name":"Poirier T-75405 Oberteil | Cr\u00c3\u00aape Perlen | Gis\u00c3\u00a8le"}]},{"@type":"WebSite","@id":"https:\/\/www.koonings.com\/de\/#website","url":"https:\/\/www.koonings.com\/de\/","name":"Koonings","description":"De grootste bruidsmodewinkel ter wereld","publisher":{"@id":"https:\/\/www.koonings.com\/de\/#organization"},"potentialAction":[{"@type":"SearchAction","target":{"@type":"EntryPoint","urlTemplate":"https:\/\/www.koonings.com\/de\/?s={search_term_string}"},"query-input":{"@type":"PropertyValueSpecification","valueRequired":true,"valueName":"search_term_string"}}],"inLanguage":"de"},{"@type":"Organization","@id":"https:\/\/www.koonings.com\/de\/#organization","name":"Koonings","url":"https:\/\/www.koonings.com\/de\/","logo":{"@type":"ImageObject","inLanguage":"de","@id":"https:\/\/www.koonings.com\/de\/#\/schema\/logo\/image\/","url":"https:\/\/www.koonings.com\/wp-content\/uploads\/2024\/07\/logo.png","contentUrl":"https:\/\/www.koonings.com\/wp-content\/uploads\/2024\/07\/logo.png","width":600,"height":428,"caption":"Koonings"},"image":{"@id":"https:\/\/www.koonings.com\/de\/#\/schema\/logo\/image\/"},"sameAs":["https:\/\/www.facebook.com\/kooningstheweddingpalace","https:\/\/www.instagram.com\/kooningstheweddingpalace","https:\/\/www.pinterest.com\/koonings","https:\/\/www.youtube.com\/kooningstheweddingpalace"]}]}},"_links":{"self":[{"href":"https:\/\/www.koonings.com\/de\/wp-json\/wp\/v2\/product\/94298","targetHints":{"allow":["GET"]}}],"collection":[{"href":"https:\/\/www.koonings.com\/de\/wp-json\/wp\/v2\/product"}],"about":[{"href":"https:\/\/www.koonings.com\/de\/wp-json\/wp\/v2\/types\/product"}],"wp:featuredmedia":[{"embeddable":true,"href":"https:\/\/www.koonings.com\/de\/wp-json\/wp\/v2\/media\/89584"}],"wp:attachment":[{"href":"https:\/\/www.koonings.com\/de\/wp-json\/wp\/v2\/media?parent=94298"}],"wp:term":[{"taxonomy":"productdetails","embeddable":true,"href":"https:\/\/www.koonings.com\/de\/wp-json\/wp\/v2\/productdetails?post=94298"},{"taxonomy":"productneck","embeddable":true,"href":"https:\/\/www.koonings.com\/de\/wp-json\/wp\/v2\/productneck?post=94298"},{"taxonomy":"productcolor","embeddable":true,"href":"https:\/\/www.koonings.com\/de\/wp-json\/wp\/v2\/productcolor?post=94298"},{"taxonomy":"maat","embeddable":true,"href":"https:\/\/www.koonings.com\/de\/wp-json\/wp\/v2\/maat?post=94298"},{"taxonomy":"productsupplier","embeddable":true,"href":"https:\/\/www.koonings.com\/de\/wp-json\/wp\/v2\/productsupplier?post=94298"},{"taxonomy":"productsleeve","embeddable":true,"href":"https:\/\/www.koonings.com\/de\/wp-json\/wp\/v2\/productsleeve?post=94298"},{"taxonomy":"productcategory","embeddable":true,"href":"https:\/\/www.koonings.com\/de\/wp-json\/wp\/v2\/productcategory?post=94298"},{"taxonomy":"productsilhouette","embeddable":true,"href":"https:\/\/www.koonings.com\/de\/wp-json\/wp\/v2\/productsilhouette?post=94298"},{"taxonomy":"productstyle","embeddable":true,"href":"https:\/\/www.koonings.com\/de\/wp-json\/wp\/v2\/productstyle?post=94298"}],"curies":[{"name":"wp","href":"https:\/\/api.w.org\/{rel}","templated":true}]}}