{"id":94209,"date":"2026-04-14T16:34:57","date_gmt":"2026-04-14T14:34:57","guid":{"rendered":"https:\/\/www.koonings.com\/product\/poirier-ds-75120-kleid-armelle\/"},"modified":"2026-04-14T15:47:11","modified_gmt":"2026-04-14T13:47:11","slug":"poirier-ds-75120-kleid-armelle","status":"publish","type":"product","link":"https:\/\/www.koonings.com\/de\/product\/poirier-ds-75120-kleid-armelle\/","title":{"rendered":"Poirier DS-75120 Kleid | | Armelle"},"content":{"rendered":"<p>DS-75120 &#8211; Wundersch\u00f6nes kurzes elfenbeinfarbenes Spitzenkleid aus der Armelle-Linie der GEM Kollektion, verziert mit Pailletten, Perlen und Perlen.<br \/>\nAus elfenbeinfarbener luxuri\u00f6ser Spitze und T\u00fcll.<br \/>\nVerzierung aus Pailletten, Perlen und Perlen.<br \/>\nDer Rockteil hat eine L\u00e4nge von 55 cm.<br \/>\nTiefer R\u00fccken und Ausschnitt.<br \/>\nSchmetterlings\u00e4rmel.<br \/>\nErh\u00e4ltlich in den Gr\u00f6\u00dfen XS, S, M, L und XL.<br \/>\n!) Der R\u00fcckenschmuck ist im Lieferumfang enthalten.<\/p>\n","protected":false},"featured_media":87727,"template":"","meta":{"_acf_changed":false,"ghostkit_customizer_options":"","ghostkit_custom_css":"","ghostkit_custom_js_head":"","ghostkit_custom_js_foot":"","ghostkit_typography":""},"productdetails":[],"productneck":[],"productcolor":[],"maat":[],"productsupplier":[416],"productsleeve":[],"productcategory":[509],"productsilhouette":[],"productstyle":[],"class_list":["post-94209","product","type-product","status-publish","has-post-thumbnail","hentry","productsupplier-poirier","productcategory-accessoires-bruid"],"acf":[],"yoast_head":"<!-- This site is optimized with the Yoast SEO plugin v27.3 - https:\/\/yoast.com\/product\/yoast-seo-wordpress\/ -->\n<title>Poirier DS-75120 Kleid | Armelle | Koonings<\/title>\n<meta name=\"description\" content=\"DS-75120 - Wundersch\u00f6nes kurzes elfenbeinfarbenes Spitzenkleid aus der Armelle-Linie der GEM Kollektion, verziert mit Pailletten, Perlen und Perlen. Aus elfenbeinfarbener luxuri\u00f6ser Spitze und T\u00fcll. Verzierung aus Pailletten, Perlen und Perlen. Der Rockteil hat eine L\u00e4nge von 55 cm. Tiefer R\u00fccken und Ausschnitt. Schmetterlings\u00e4rmel. Erh\u00e4ltlich in den Gr\u00f6\u00dfen XS, S, M, L und XL. !) Der R\u00fcckenschmuck ist im Lieferumfang enthalten.\" \/>\n<meta name=\"robots\" content=\"index, follow, max-snippet:-1, max-image-preview:large, max-video-preview:-1\" \/>\n<link rel=\"canonical\" href=\"https:\/\/www.koonings.com\/de\/product\/poirier-ds-75120-kleid-armelle\/\" \/>\n<meta property=\"og:locale\" content=\"de_DE\" \/>\n<meta property=\"og:type\" content=\"article\" \/>\n<meta property=\"og:title\" content=\"Poirier DS-75120 Kleid | Armelle | Koonings\" \/>\n<meta property=\"og:description\" content=\"DS-75120 - Wundersch\u00f6nes kurzes elfenbeinfarbenes Spitzenkleid aus der Armelle-Linie der GEM Kollektion, verziert mit Pailletten, Perlen und Perlen. Aus elfenbeinfarbener luxuri\u00f6ser Spitze und T\u00fcll. Verzierung aus Pailletten, Perlen und Perlen. Der Rockteil hat eine L\u00e4nge von 55 cm. Tiefer R\u00fccken und Ausschnitt. Schmetterlings\u00e4rmel. Erh\u00e4ltlich in den Gr\u00f6\u00dfen XS, S, M, L und XL. !) Der R\u00fcckenschmuck ist im Lieferumfang enthalten.\" \/>\n<meta property=\"og:url\" content=\"https:\/\/www.koonings.com\/de\/product\/poirier-ds-75120-kleid-armelle\/\" \/>\n<meta property=\"og:site_name\" content=\"Koonings\" \/>\n<meta property=\"article:publisher\" content=\"https:\/\/www.facebook.com\/kooningstheweddingpalace\" \/>\n<meta property=\"og:image\" content=\"https:\/\/www.koonings.com\/wp-content\/uploads\/2025\/07\/50811_4188dd4ad97c60c29fc99656f098587cb14c97311216e75247d0874b741f64814881e6a4.jpeg\" \/>\n\t<meta property=\"og:image:width\" content=\"1732\" \/>\n\t<meta property=\"og:image:height\" content=\"2309\" \/>\n\t<meta property=\"og:image:type\" content=\"image\/jpeg\" \/>\n<meta name=\"twitter:card\" content=\"summary_large_image\" \/>\n<script type=\"application\/ld+json\" class=\"yoast-schema-graph\">{\"@context\":\"https:\\\/\\\/schema.org\",\"@graph\":[{\"@type\":\"WebPage\",\"@id\":\"https:\\\/\\\/www.koonings.com\\\/de\\\/product\\\/poirier-ds-75120-kleid-armelle\\\/\",\"url\":\"https:\\\/\\\/www.koonings.com\\\/de\\\/product\\\/poirier-ds-75120-kleid-armelle\\\/\",\"name\":\"Poirier DS-75120 Kleid | Armelle | Koonings\",\"isPartOf\":{\"@id\":\"https:\\\/\\\/www.koonings.com\\\/de\\\/#website\"},\"primaryImageOfPage\":{\"@id\":\"https:\\\/\\\/www.koonings.com\\\/de\\\/product\\\/poirier-ds-75120-kleid-armelle\\\/#primaryimage\"},\"image\":{\"@id\":\"https:\\\/\\\/www.koonings.com\\\/de\\\/product\\\/poirier-ds-75120-kleid-armelle\\\/#primaryimage\"},\"thumbnailUrl\":\"https:\\\/\\\/www.koonings.com\\\/wp-content\\\/uploads\\\/2025\\\/07\\\/50811_4188dd4ad97c60c29fc99656f098587cb14c97311216e75247d0874b741f64814881e6a4.jpeg\",\"datePublished\":\"2026-04-14T14:34:57+00:00\",\"description\":\"DS-75120 - Wundersch\u00f6nes kurzes elfenbeinfarbenes Spitzenkleid aus der Armelle-Linie der GEM Kollektion, verziert mit Pailletten, Perlen und Perlen. Aus elfenbeinfarbener luxuri\u00f6ser Spitze und T\u00fcll. Verzierung aus Pailletten, Perlen und Perlen. Der Rockteil hat eine L\u00e4nge von 55 cm. Tiefer R\u00fccken und Ausschnitt. Schmetterlings\u00e4rmel. Erh\u00e4ltlich in den Gr\u00f6\u00dfen XS, S, M, L und XL. !) Der R\u00fcckenschmuck ist im Lieferumfang enthalten.\",\"breadcrumb\":{\"@id\":\"https:\\\/\\\/www.koonings.com\\\/de\\\/product\\\/poirier-ds-75120-kleid-armelle\\\/#breadcrumb\"},\"inLanguage\":\"de\",\"potentialAction\":[{\"@type\":\"ReadAction\",\"target\":[\"https:\\\/\\\/www.koonings.com\\\/de\\\/product\\\/poirier-ds-75120-kleid-armelle\\\/\"]}]},{\"@type\":\"ImageObject\",\"inLanguage\":\"de\",\"@id\":\"https:\\\/\\\/www.koonings.com\\\/de\\\/product\\\/poirier-ds-75120-kleid-armelle\\\/#primaryimage\",\"url\":\"https:\\\/\\\/www.koonings.com\\\/wp-content\\\/uploads\\\/2025\\\/07\\\/50811_4188dd4ad97c60c29fc99656f098587cb14c97311216e75247d0874b741f64814881e6a4.jpeg\",\"contentUrl\":\"https:\\\/\\\/www.koonings.com\\\/wp-content\\\/uploads\\\/2025\\\/07\\\/50811_4188dd4ad97c60c29fc99656f098587cb14c97311216e75247d0874b741f64814881e6a4.jpeg\",\"width\":1732,\"height\":2309},{\"@type\":\"BreadcrumbList\",\"@id\":\"https:\\\/\\\/www.koonings.com\\\/de\\\/product\\\/poirier-ds-75120-kleid-armelle\\\/#breadcrumb\",\"itemListElement\":[{\"@type\":\"ListItem\",\"position\":1,\"name\":\"Home\",\"item\":\"https:\\\/\\\/www.koonings.com\\\/de\\\/\"},{\"@type\":\"ListItem\",\"position\":2,\"name\":\"Poirier DS-75120 Kleid | | Armelle\"}]},{\"@type\":\"WebSite\",\"@id\":\"https:\\\/\\\/www.koonings.com\\\/de\\\/#website\",\"url\":\"https:\\\/\\\/www.koonings.com\\\/de\\\/\",\"name\":\"Koonings\",\"description\":\"De grootste bruidsmodewinkel ter wereld\",\"publisher\":{\"@id\":\"https:\\\/\\\/www.koonings.com\\\/de\\\/#organization\"},\"potentialAction\":[{\"@type\":\"SearchAction\",\"target\":{\"@type\":\"EntryPoint\",\"urlTemplate\":\"https:\\\/\\\/www.koonings.com\\\/de\\\/?s={search_term_string}\"},\"query-input\":{\"@type\":\"PropertyValueSpecification\",\"valueRequired\":true,\"valueName\":\"search_term_string\"}}],\"inLanguage\":\"de\"},{\"@type\":\"Organization\",\"@id\":\"https:\\\/\\\/www.koonings.com\\\/de\\\/#organization\",\"name\":\"Koonings\",\"url\":\"https:\\\/\\\/www.koonings.com\\\/de\\\/\",\"logo\":{\"@type\":\"ImageObject\",\"inLanguage\":\"de\",\"@id\":\"https:\\\/\\\/www.koonings.com\\\/de\\\/#\\\/schema\\\/logo\\\/image\\\/\",\"url\":\"https:\\\/\\\/www.koonings.com\\\/wp-content\\\/uploads\\\/2024\\\/07\\\/logo.png\",\"contentUrl\":\"https:\\\/\\\/www.koonings.com\\\/wp-content\\\/uploads\\\/2024\\\/07\\\/logo.png\",\"width\":600,\"height\":428,\"caption\":\"Koonings\"},\"image\":{\"@id\":\"https:\\\/\\\/www.koonings.com\\\/de\\\/#\\\/schema\\\/logo\\\/image\\\/\"},\"sameAs\":[\"https:\\\/\\\/www.facebook.com\\\/kooningstheweddingpalace\",\"https:\\\/\\\/www.instagram.com\\\/kooningstheweddingpalace\",\"https:\\\/\\\/www.pinterest.com\\\/koonings\",\"https:\\\/\\\/www.youtube.com\\\/kooningstheweddingpalace\"]}]}<\/script>\n<!-- \/ Yoast SEO plugin. -->","yoast_head_json":{"title":"Poirier DS-75120 Kleid | Armelle | Koonings","description":"DS-75120 - Wundersch\u00f6nes kurzes elfenbeinfarbenes Spitzenkleid aus der Armelle-Linie der GEM Kollektion, verziert mit Pailletten, Perlen und Perlen. Aus elfenbeinfarbener luxuri\u00f6ser Spitze und T\u00fcll. Verzierung aus Pailletten, Perlen und Perlen. Der Rockteil hat eine L\u00e4nge von 55 cm. Tiefer R\u00fccken und Ausschnitt. Schmetterlings\u00e4rmel. Erh\u00e4ltlich in den Gr\u00f6\u00dfen XS, S, M, L und XL. !) Der R\u00fcckenschmuck ist im Lieferumfang enthalten.","robots":{"index":"index","follow":"follow","max-snippet":"max-snippet:-1","max-image-preview":"max-image-preview:large","max-video-preview":"max-video-preview:-1"},"canonical":"https:\/\/www.koonings.com\/de\/product\/poirier-ds-75120-kleid-armelle\/","og_locale":"de_DE","og_type":"article","og_title":"Poirier DS-75120 Kleid | Armelle | Koonings","og_description":"DS-75120 - Wundersch\u00f6nes kurzes elfenbeinfarbenes Spitzenkleid aus der Armelle-Linie der GEM Kollektion, verziert mit Pailletten, Perlen und Perlen. Aus elfenbeinfarbener luxuri\u00f6ser Spitze und T\u00fcll. Verzierung aus Pailletten, Perlen und Perlen. Der Rockteil hat eine L\u00e4nge von 55 cm. Tiefer R\u00fccken und Ausschnitt. Schmetterlings\u00e4rmel. Erh\u00e4ltlich in den Gr\u00f6\u00dfen XS, S, M, L und XL. !) Der R\u00fcckenschmuck ist im Lieferumfang enthalten.","og_url":"https:\/\/www.koonings.com\/de\/product\/poirier-ds-75120-kleid-armelle\/","og_site_name":"Koonings","article_publisher":"https:\/\/www.facebook.com\/kooningstheweddingpalace","og_image":[{"width":1732,"height":2309,"url":"https:\/\/www.koonings.com\/wp-content\/uploads\/2025\/07\/50811_4188dd4ad97c60c29fc99656f098587cb14c97311216e75247d0874b741f64814881e6a4.jpeg","type":"image\/jpeg"}],"twitter_card":"summary_large_image","schema":{"@context":"https:\/\/schema.org","@graph":[{"@type":"WebPage","@id":"https:\/\/www.koonings.com\/de\/product\/poirier-ds-75120-kleid-armelle\/","url":"https:\/\/www.koonings.com\/de\/product\/poirier-ds-75120-kleid-armelle\/","name":"Poirier DS-75120 Kleid | Armelle | Koonings","isPartOf":{"@id":"https:\/\/www.koonings.com\/de\/#website"},"primaryImageOfPage":{"@id":"https:\/\/www.koonings.com\/de\/product\/poirier-ds-75120-kleid-armelle\/#primaryimage"},"image":{"@id":"https:\/\/www.koonings.com\/de\/product\/poirier-ds-75120-kleid-armelle\/#primaryimage"},"thumbnailUrl":"https:\/\/www.koonings.com\/wp-content\/uploads\/2025\/07\/50811_4188dd4ad97c60c29fc99656f098587cb14c97311216e75247d0874b741f64814881e6a4.jpeg","datePublished":"2026-04-14T14:34:57+00:00","description":"DS-75120 - Wundersch\u00f6nes kurzes elfenbeinfarbenes Spitzenkleid aus der Armelle-Linie der GEM Kollektion, verziert mit Pailletten, Perlen und Perlen. Aus elfenbeinfarbener luxuri\u00f6ser Spitze und T\u00fcll. Verzierung aus Pailletten, Perlen und Perlen. Der Rockteil hat eine L\u00e4nge von 55 cm. Tiefer R\u00fccken und Ausschnitt. Schmetterlings\u00e4rmel. Erh\u00e4ltlich in den Gr\u00f6\u00dfen XS, S, M, L und XL. !) Der R\u00fcckenschmuck ist im Lieferumfang enthalten.","breadcrumb":{"@id":"https:\/\/www.koonings.com\/de\/product\/poirier-ds-75120-kleid-armelle\/#breadcrumb"},"inLanguage":"de","potentialAction":[{"@type":"ReadAction","target":["https:\/\/www.koonings.com\/de\/product\/poirier-ds-75120-kleid-armelle\/"]}]},{"@type":"ImageObject","inLanguage":"de","@id":"https:\/\/www.koonings.com\/de\/product\/poirier-ds-75120-kleid-armelle\/#primaryimage","url":"https:\/\/www.koonings.com\/wp-content\/uploads\/2025\/07\/50811_4188dd4ad97c60c29fc99656f098587cb14c97311216e75247d0874b741f64814881e6a4.jpeg","contentUrl":"https:\/\/www.koonings.com\/wp-content\/uploads\/2025\/07\/50811_4188dd4ad97c60c29fc99656f098587cb14c97311216e75247d0874b741f64814881e6a4.jpeg","width":1732,"height":2309},{"@type":"BreadcrumbList","@id":"https:\/\/www.koonings.com\/de\/product\/poirier-ds-75120-kleid-armelle\/#breadcrumb","itemListElement":[{"@type":"ListItem","position":1,"name":"Home","item":"https:\/\/www.koonings.com\/de\/"},{"@type":"ListItem","position":2,"name":"Poirier DS-75120 Kleid | | Armelle"}]},{"@type":"WebSite","@id":"https:\/\/www.koonings.com\/de\/#website","url":"https:\/\/www.koonings.com\/de\/","name":"Koonings","description":"De grootste bruidsmodewinkel ter wereld","publisher":{"@id":"https:\/\/www.koonings.com\/de\/#organization"},"potentialAction":[{"@type":"SearchAction","target":{"@type":"EntryPoint","urlTemplate":"https:\/\/www.koonings.com\/de\/?s={search_term_string}"},"query-input":{"@type":"PropertyValueSpecification","valueRequired":true,"valueName":"search_term_string"}}],"inLanguage":"de"},{"@type":"Organization","@id":"https:\/\/www.koonings.com\/de\/#organization","name":"Koonings","url":"https:\/\/www.koonings.com\/de\/","logo":{"@type":"ImageObject","inLanguage":"de","@id":"https:\/\/www.koonings.com\/de\/#\/schema\/logo\/image\/","url":"https:\/\/www.koonings.com\/wp-content\/uploads\/2024\/07\/logo.png","contentUrl":"https:\/\/www.koonings.com\/wp-content\/uploads\/2024\/07\/logo.png","width":600,"height":428,"caption":"Koonings"},"image":{"@id":"https:\/\/www.koonings.com\/de\/#\/schema\/logo\/image\/"},"sameAs":["https:\/\/www.facebook.com\/kooningstheweddingpalace","https:\/\/www.instagram.com\/kooningstheweddingpalace","https:\/\/www.pinterest.com\/koonings","https:\/\/www.youtube.com\/kooningstheweddingpalace"]}]}},"_links":{"self":[{"href":"https:\/\/www.koonings.com\/de\/wp-json\/wp\/v2\/product\/94209","targetHints":{"allow":["GET"]}}],"collection":[{"href":"https:\/\/www.koonings.com\/de\/wp-json\/wp\/v2\/product"}],"about":[{"href":"https:\/\/www.koonings.com\/de\/wp-json\/wp\/v2\/types\/product"}],"wp:featuredmedia":[{"embeddable":true,"href":"https:\/\/www.koonings.com\/de\/wp-json\/wp\/v2\/media\/87727"}],"wp:attachment":[{"href":"https:\/\/www.koonings.com\/de\/wp-json\/wp\/v2\/media?parent=94209"}],"wp:term":[{"taxonomy":"productdetails","embeddable":true,"href":"https:\/\/www.koonings.com\/de\/wp-json\/wp\/v2\/productdetails?post=94209"},{"taxonomy":"productneck","embeddable":true,"href":"https:\/\/www.koonings.com\/de\/wp-json\/wp\/v2\/productneck?post=94209"},{"taxonomy":"productcolor","embeddable":true,"href":"https:\/\/www.koonings.com\/de\/wp-json\/wp\/v2\/productcolor?post=94209"},{"taxonomy":"maat","embeddable":true,"href":"https:\/\/www.koonings.com\/de\/wp-json\/wp\/v2\/maat?post=94209"},{"taxonomy":"productsupplier","embeddable":true,"href":"https:\/\/www.koonings.com\/de\/wp-json\/wp\/v2\/productsupplier?post=94209"},{"taxonomy":"productsleeve","embeddable":true,"href":"https:\/\/www.koonings.com\/de\/wp-json\/wp\/v2\/productsleeve?post=94209"},{"taxonomy":"productcategory","embeddable":true,"href":"https:\/\/www.koonings.com\/de\/wp-json\/wp\/v2\/productcategory?post=94209"},{"taxonomy":"productsilhouette","embeddable":true,"href":"https:\/\/www.koonings.com\/de\/wp-json\/wp\/v2\/productsilhouette?post=94209"},{"taxonomy":"productstyle","embeddable":true,"href":"https:\/\/www.koonings.com\/de\/wp-json\/wp\/v2\/productstyle?post=94209"}],"curies":[{"name":"wp","href":"https:\/\/api.w.org\/{rel}","templated":true}]}}