{"id":94191,"date":"2026-04-14T16:34:39","date_gmt":"2026-04-14T14:34:39","guid":{"rendered":"https:\/\/www.koonings.com\/product\/poirier-t-76032-oberteil\/"},"modified":"2026-04-14T16:07:36","modified_gmt":"2026-04-14T14:07:36","slug":"poirier-t-76032-oberteil","status":"publish","type":"product","link":"https:\/\/www.koonings.com\/de\/product\/poirier-t-76032-oberteil\/","title":{"rendered":"Poirier T-76032 Oberteil"},"content":{"rendered":"<p>Top aus Str\u00e4ngen mit Perlen und einem mit Strasssteinen, Perlen und Perlen verzierten Kragen<br \/>\nTop aus der Trend Collection von Poirier.<br \/>\nAus Str\u00e4ngen mit elfenbeinfarbenen Perlen.<br \/>\nMit einem mit Strasssteinen, Perlen und elfenbeinfarbenen Perlen verzierten Kragen.<br \/>\nL\u00e4uft spitz nach unten.<br \/>\nMit einem Haken- und \u00d6senverschluss in der vorderen Mitte.<br \/>\nMa\u00dfe: ca. 61 cm (vorne und hinten).<br \/>\nL\u00e4sst sich wunderbar mit allen Oberteilen aus der GEM Collection von Poirier kombinieren.<br \/>\nMit diesem Oberteil entscheiden Sie sich f\u00fcr einen ausgefallenen Hochzeitslook.<br \/>\nW\u00e4hlen Sie die sch\u00f6nen Oberteile von Poirier, um Ihr Brautoutfit zu &#8220;vervollst\u00e4ndigen&#8221;. <\/p>\n","protected":false},"featured_media":89974,"template":"","meta":{"_acf_changed":false,"ghostkit_customizer_options":"","ghostkit_custom_css":"","ghostkit_custom_js_head":"","ghostkit_custom_js_foot":"","ghostkit_typography":""},"productdetails":[],"productneck":[],"productcolor":[],"maat":[],"productsupplier":[416],"productsleeve":[],"productcategory":[509],"productsilhouette":[],"productstyle":[],"class_list":["post-94191","product","type-product","status-publish","has-post-thumbnail","hentry","productsupplier-poirier","productcategory-accessoires-bruid"],"acf":[],"yoast_head":"<!-- This site is optimized with the Yoast SEO plugin v27.3 - https:\/\/yoast.com\/product\/yoast-seo-wordpress\/ -->\n<title>Poirier T-76032 Oberteil | Koonings<\/title>\n<meta name=\"description\" content=\"Top aus Str\u00e4ngen mit Perlen und einem mit Strasssteinen, Perlen und Perlen verzierten Kragen Top aus der Trend Collection von Poirier. Aus Str\u00e4ngen mit elfenbeinfarbenen Perlen. Mit einem mit Strasssteinen, Perlen und elfenbeinfarbenen Perlen verzierten Kragen. L\u00e4uft spitz nach unten. Mit einem Haken- und \u00d6senverschluss in der vorderen Mitte. Ma\u00dfe: ca. 61 cm (vorne und hinten). L\u00e4sst sich wunderbar mit allen Oberteilen aus der GEM Collection von Poirier kombinieren. Mit diesem Oberteil entscheiden Sie sich f\u00fcr einen ausgefallenen Hochzeitslook. W\u00e4hlen Sie die sch\u00f6nen Oberteile von Poirier, um Ihr Brautoutfit zu &quot;vervollst\u00e4ndigen&quot;.\" \/>\n<meta name=\"robots\" content=\"index, follow, max-snippet:-1, max-image-preview:large, max-video-preview:-1\" \/>\n<link rel=\"canonical\" href=\"https:\/\/www.koonings.com\/de\/product\/poirier-t-76032-oberteil\/\" \/>\n<meta property=\"og:locale\" content=\"de_DE\" \/>\n<meta property=\"og:type\" content=\"article\" \/>\n<meta property=\"og:title\" content=\"Poirier T-76032 Oberteil | Koonings\" \/>\n<meta property=\"og:description\" content=\"Top aus Str\u00e4ngen mit Perlen und einem mit Strasssteinen, Perlen und Perlen verzierten Kragen Top aus der Trend Collection von Poirier. Aus Str\u00e4ngen mit elfenbeinfarbenen Perlen. Mit einem mit Strasssteinen, Perlen und elfenbeinfarbenen Perlen verzierten Kragen. L\u00e4uft spitz nach unten. Mit einem Haken- und \u00d6senverschluss in der vorderen Mitte. Ma\u00dfe: ca. 61 cm (vorne und hinten). L\u00e4sst sich wunderbar mit allen Oberteilen aus der GEM Collection von Poirier kombinieren. Mit diesem Oberteil entscheiden Sie sich f\u00fcr einen ausgefallenen Hochzeitslook. W\u00e4hlen Sie die sch\u00f6nen Oberteile von Poirier, um Ihr Brautoutfit zu &quot;vervollst\u00e4ndigen&quot;.\" \/>\n<meta property=\"og:url\" content=\"https:\/\/www.koonings.com\/de\/product\/poirier-t-76032-oberteil\/\" \/>\n<meta property=\"og:site_name\" content=\"Koonings\" \/>\n<meta property=\"article:publisher\" content=\"https:\/\/www.facebook.com\/kooningstheweddingpalace\" \/>\n<meta property=\"og:image\" content=\"https:\/\/www.koonings.com\/wp-content\/uploads\/2025\/07\/50768_8c6935006b3f576e313347de8e55c07173efb2009bebf13139d9d5935561134aa9f6f732.jpeg\" \/>\n\t<meta property=\"og:image:width\" content=\"1734\" \/>\n\t<meta property=\"og:image:height\" content=\"2306\" \/>\n\t<meta property=\"og:image:type\" content=\"image\/jpeg\" \/>\n<meta name=\"twitter:card\" content=\"summary_large_image\" \/>\n<script type=\"application\/ld+json\" class=\"yoast-schema-graph\">{\"@context\":\"https:\\\/\\\/schema.org\",\"@graph\":[{\"@type\":\"WebPage\",\"@id\":\"https:\\\/\\\/www.koonings.com\\\/de\\\/product\\\/poirier-t-76032-oberteil\\\/\",\"url\":\"https:\\\/\\\/www.koonings.com\\\/de\\\/product\\\/poirier-t-76032-oberteil\\\/\",\"name\":\"Poirier T-76032 Oberteil | Koonings\",\"isPartOf\":{\"@id\":\"https:\\\/\\\/www.koonings.com\\\/de\\\/#website\"},\"primaryImageOfPage\":{\"@id\":\"https:\\\/\\\/www.koonings.com\\\/de\\\/product\\\/poirier-t-76032-oberteil\\\/#primaryimage\"},\"image\":{\"@id\":\"https:\\\/\\\/www.koonings.com\\\/de\\\/product\\\/poirier-t-76032-oberteil\\\/#primaryimage\"},\"thumbnailUrl\":\"https:\\\/\\\/www.koonings.com\\\/wp-content\\\/uploads\\\/2025\\\/07\\\/50768_8c6935006b3f576e313347de8e55c07173efb2009bebf13139d9d5935561134aa9f6f732.jpeg\",\"datePublished\":\"2026-04-14T14:34:39+00:00\",\"description\":\"Top aus Str\u00e4ngen mit Perlen und einem mit Strasssteinen, Perlen und Perlen verzierten Kragen Top aus der Trend Collection von Poirier. Aus Str\u00e4ngen mit elfenbeinfarbenen Perlen. Mit einem mit Strasssteinen, Perlen und elfenbeinfarbenen Perlen verzierten Kragen. L\u00e4uft spitz nach unten. Mit einem Haken- und \u00d6senverschluss in der vorderen Mitte. Ma\u00dfe: ca. 61 cm (vorne und hinten). L\u00e4sst sich wunderbar mit allen Oberteilen aus der GEM Collection von Poirier kombinieren. Mit diesem Oberteil entscheiden Sie sich f\u00fcr einen ausgefallenen Hochzeitslook. W\u00e4hlen Sie die sch\u00f6nen Oberteile von Poirier, um Ihr Brautoutfit zu \\\"vervollst\u00e4ndigen\\\".\",\"breadcrumb\":{\"@id\":\"https:\\\/\\\/www.koonings.com\\\/de\\\/product\\\/poirier-t-76032-oberteil\\\/#breadcrumb\"},\"inLanguage\":\"de\",\"potentialAction\":[{\"@type\":\"ReadAction\",\"target\":[\"https:\\\/\\\/www.koonings.com\\\/de\\\/product\\\/poirier-t-76032-oberteil\\\/\"]}]},{\"@type\":\"ImageObject\",\"inLanguage\":\"de\",\"@id\":\"https:\\\/\\\/www.koonings.com\\\/de\\\/product\\\/poirier-t-76032-oberteil\\\/#primaryimage\",\"url\":\"https:\\\/\\\/www.koonings.com\\\/wp-content\\\/uploads\\\/2025\\\/07\\\/50768_8c6935006b3f576e313347de8e55c07173efb2009bebf13139d9d5935561134aa9f6f732.jpeg\",\"contentUrl\":\"https:\\\/\\\/www.koonings.com\\\/wp-content\\\/uploads\\\/2025\\\/07\\\/50768_8c6935006b3f576e313347de8e55c07173efb2009bebf13139d9d5935561134aa9f6f732.jpeg\",\"width\":1734,\"height\":2306},{\"@type\":\"BreadcrumbList\",\"@id\":\"https:\\\/\\\/www.koonings.com\\\/de\\\/product\\\/poirier-t-76032-oberteil\\\/#breadcrumb\",\"itemListElement\":[{\"@type\":\"ListItem\",\"position\":1,\"name\":\"Home\",\"item\":\"https:\\\/\\\/www.koonings.com\\\/de\\\/\"},{\"@type\":\"ListItem\",\"position\":2,\"name\":\"Poirier T-76032 Oberteil\"}]},{\"@type\":\"WebSite\",\"@id\":\"https:\\\/\\\/www.koonings.com\\\/de\\\/#website\",\"url\":\"https:\\\/\\\/www.koonings.com\\\/de\\\/\",\"name\":\"Koonings\",\"description\":\"De grootste bruidsmodewinkel ter wereld\",\"publisher\":{\"@id\":\"https:\\\/\\\/www.koonings.com\\\/de\\\/#organization\"},\"potentialAction\":[{\"@type\":\"SearchAction\",\"target\":{\"@type\":\"EntryPoint\",\"urlTemplate\":\"https:\\\/\\\/www.koonings.com\\\/de\\\/?s={search_term_string}\"},\"query-input\":{\"@type\":\"PropertyValueSpecification\",\"valueRequired\":true,\"valueName\":\"search_term_string\"}}],\"inLanguage\":\"de\"},{\"@type\":\"Organization\",\"@id\":\"https:\\\/\\\/www.koonings.com\\\/de\\\/#organization\",\"name\":\"Koonings\",\"url\":\"https:\\\/\\\/www.koonings.com\\\/de\\\/\",\"logo\":{\"@type\":\"ImageObject\",\"inLanguage\":\"de\",\"@id\":\"https:\\\/\\\/www.koonings.com\\\/de\\\/#\\\/schema\\\/logo\\\/image\\\/\",\"url\":\"https:\\\/\\\/www.koonings.com\\\/wp-content\\\/uploads\\\/2024\\\/07\\\/logo.png\",\"contentUrl\":\"https:\\\/\\\/www.koonings.com\\\/wp-content\\\/uploads\\\/2024\\\/07\\\/logo.png\",\"width\":600,\"height\":428,\"caption\":\"Koonings\"},\"image\":{\"@id\":\"https:\\\/\\\/www.koonings.com\\\/de\\\/#\\\/schema\\\/logo\\\/image\\\/\"},\"sameAs\":[\"https:\\\/\\\/www.facebook.com\\\/kooningstheweddingpalace\",\"https:\\\/\\\/www.instagram.com\\\/kooningstheweddingpalace\",\"https:\\\/\\\/www.pinterest.com\\\/koonings\",\"https:\\\/\\\/www.youtube.com\\\/kooningstheweddingpalace\"]}]}<\/script>\n<!-- \/ Yoast SEO plugin. -->","yoast_head_json":{"title":"Poirier T-76032 Oberteil | Koonings","description":"Top aus Str\u00e4ngen mit Perlen und einem mit Strasssteinen, Perlen und Perlen verzierten Kragen Top aus der Trend Collection von Poirier. Aus Str\u00e4ngen mit elfenbeinfarbenen Perlen. Mit einem mit Strasssteinen, Perlen und elfenbeinfarbenen Perlen verzierten Kragen. L\u00e4uft spitz nach unten. Mit einem Haken- und \u00d6senverschluss in der vorderen Mitte. Ma\u00dfe: ca. 61 cm (vorne und hinten). L\u00e4sst sich wunderbar mit allen Oberteilen aus der GEM Collection von Poirier kombinieren. Mit diesem Oberteil entscheiden Sie sich f\u00fcr einen ausgefallenen Hochzeitslook. W\u00e4hlen Sie die sch\u00f6nen Oberteile von Poirier, um Ihr Brautoutfit zu \"vervollst\u00e4ndigen\".","robots":{"index":"index","follow":"follow","max-snippet":"max-snippet:-1","max-image-preview":"max-image-preview:large","max-video-preview":"max-video-preview:-1"},"canonical":"https:\/\/www.koonings.com\/de\/product\/poirier-t-76032-oberteil\/","og_locale":"de_DE","og_type":"article","og_title":"Poirier T-76032 Oberteil | Koonings","og_description":"Top aus Str\u00e4ngen mit Perlen und einem mit Strasssteinen, Perlen und Perlen verzierten Kragen Top aus der Trend Collection von Poirier. Aus Str\u00e4ngen mit elfenbeinfarbenen Perlen. Mit einem mit Strasssteinen, Perlen und elfenbeinfarbenen Perlen verzierten Kragen. L\u00e4uft spitz nach unten. Mit einem Haken- und \u00d6senverschluss in der vorderen Mitte. Ma\u00dfe: ca. 61 cm (vorne und hinten). L\u00e4sst sich wunderbar mit allen Oberteilen aus der GEM Collection von Poirier kombinieren. Mit diesem Oberteil entscheiden Sie sich f\u00fcr einen ausgefallenen Hochzeitslook. W\u00e4hlen Sie die sch\u00f6nen Oberteile von Poirier, um Ihr Brautoutfit zu \"vervollst\u00e4ndigen\".","og_url":"https:\/\/www.koonings.com\/de\/product\/poirier-t-76032-oberteil\/","og_site_name":"Koonings","article_publisher":"https:\/\/www.facebook.com\/kooningstheweddingpalace","og_image":[{"width":1734,"height":2306,"url":"https:\/\/www.koonings.com\/wp-content\/uploads\/2025\/07\/50768_8c6935006b3f576e313347de8e55c07173efb2009bebf13139d9d5935561134aa9f6f732.jpeg","type":"image\/jpeg"}],"twitter_card":"summary_large_image","schema":{"@context":"https:\/\/schema.org","@graph":[{"@type":"WebPage","@id":"https:\/\/www.koonings.com\/de\/product\/poirier-t-76032-oberteil\/","url":"https:\/\/www.koonings.com\/de\/product\/poirier-t-76032-oberteil\/","name":"Poirier T-76032 Oberteil | Koonings","isPartOf":{"@id":"https:\/\/www.koonings.com\/de\/#website"},"primaryImageOfPage":{"@id":"https:\/\/www.koonings.com\/de\/product\/poirier-t-76032-oberteil\/#primaryimage"},"image":{"@id":"https:\/\/www.koonings.com\/de\/product\/poirier-t-76032-oberteil\/#primaryimage"},"thumbnailUrl":"https:\/\/www.koonings.com\/wp-content\/uploads\/2025\/07\/50768_8c6935006b3f576e313347de8e55c07173efb2009bebf13139d9d5935561134aa9f6f732.jpeg","datePublished":"2026-04-14T14:34:39+00:00","description":"Top aus Str\u00e4ngen mit Perlen und einem mit Strasssteinen, Perlen und Perlen verzierten Kragen Top aus der Trend Collection von Poirier. Aus Str\u00e4ngen mit elfenbeinfarbenen Perlen. Mit einem mit Strasssteinen, Perlen und elfenbeinfarbenen Perlen verzierten Kragen. L\u00e4uft spitz nach unten. Mit einem Haken- und \u00d6senverschluss in der vorderen Mitte. Ma\u00dfe: ca. 61 cm (vorne und hinten). L\u00e4sst sich wunderbar mit allen Oberteilen aus der GEM Collection von Poirier kombinieren. Mit diesem Oberteil entscheiden Sie sich f\u00fcr einen ausgefallenen Hochzeitslook. W\u00e4hlen Sie die sch\u00f6nen Oberteile von Poirier, um Ihr Brautoutfit zu \"vervollst\u00e4ndigen\".","breadcrumb":{"@id":"https:\/\/www.koonings.com\/de\/product\/poirier-t-76032-oberteil\/#breadcrumb"},"inLanguage":"de","potentialAction":[{"@type":"ReadAction","target":["https:\/\/www.koonings.com\/de\/product\/poirier-t-76032-oberteil\/"]}]},{"@type":"ImageObject","inLanguage":"de","@id":"https:\/\/www.koonings.com\/de\/product\/poirier-t-76032-oberteil\/#primaryimage","url":"https:\/\/www.koonings.com\/wp-content\/uploads\/2025\/07\/50768_8c6935006b3f576e313347de8e55c07173efb2009bebf13139d9d5935561134aa9f6f732.jpeg","contentUrl":"https:\/\/www.koonings.com\/wp-content\/uploads\/2025\/07\/50768_8c6935006b3f576e313347de8e55c07173efb2009bebf13139d9d5935561134aa9f6f732.jpeg","width":1734,"height":2306},{"@type":"BreadcrumbList","@id":"https:\/\/www.koonings.com\/de\/product\/poirier-t-76032-oberteil\/#breadcrumb","itemListElement":[{"@type":"ListItem","position":1,"name":"Home","item":"https:\/\/www.koonings.com\/de\/"},{"@type":"ListItem","position":2,"name":"Poirier T-76032 Oberteil"}]},{"@type":"WebSite","@id":"https:\/\/www.koonings.com\/de\/#website","url":"https:\/\/www.koonings.com\/de\/","name":"Koonings","description":"De grootste bruidsmodewinkel ter wereld","publisher":{"@id":"https:\/\/www.koonings.com\/de\/#organization"},"potentialAction":[{"@type":"SearchAction","target":{"@type":"EntryPoint","urlTemplate":"https:\/\/www.koonings.com\/de\/?s={search_term_string}"},"query-input":{"@type":"PropertyValueSpecification","valueRequired":true,"valueName":"search_term_string"}}],"inLanguage":"de"},{"@type":"Organization","@id":"https:\/\/www.koonings.com\/de\/#organization","name":"Koonings","url":"https:\/\/www.koonings.com\/de\/","logo":{"@type":"ImageObject","inLanguage":"de","@id":"https:\/\/www.koonings.com\/de\/#\/schema\/logo\/image\/","url":"https:\/\/www.koonings.com\/wp-content\/uploads\/2024\/07\/logo.png","contentUrl":"https:\/\/www.koonings.com\/wp-content\/uploads\/2024\/07\/logo.png","width":600,"height":428,"caption":"Koonings"},"image":{"@id":"https:\/\/www.koonings.com\/de\/#\/schema\/logo\/image\/"},"sameAs":["https:\/\/www.facebook.com\/kooningstheweddingpalace","https:\/\/www.instagram.com\/kooningstheweddingpalace","https:\/\/www.pinterest.com\/koonings","https:\/\/www.youtube.com\/kooningstheweddingpalace"]}]}},"_links":{"self":[{"href":"https:\/\/www.koonings.com\/de\/wp-json\/wp\/v2\/product\/94191","targetHints":{"allow":["GET"]}}],"collection":[{"href":"https:\/\/www.koonings.com\/de\/wp-json\/wp\/v2\/product"}],"about":[{"href":"https:\/\/www.koonings.com\/de\/wp-json\/wp\/v2\/types\/product"}],"wp:featuredmedia":[{"embeddable":true,"href":"https:\/\/www.koonings.com\/de\/wp-json\/wp\/v2\/media\/89974"}],"wp:attachment":[{"href":"https:\/\/www.koonings.com\/de\/wp-json\/wp\/v2\/media?parent=94191"}],"wp:term":[{"taxonomy":"productdetails","embeddable":true,"href":"https:\/\/www.koonings.com\/de\/wp-json\/wp\/v2\/productdetails?post=94191"},{"taxonomy":"productneck","embeddable":true,"href":"https:\/\/www.koonings.com\/de\/wp-json\/wp\/v2\/productneck?post=94191"},{"taxonomy":"productcolor","embeddable":true,"href":"https:\/\/www.koonings.com\/de\/wp-json\/wp\/v2\/productcolor?post=94191"},{"taxonomy":"maat","embeddable":true,"href":"https:\/\/www.koonings.com\/de\/wp-json\/wp\/v2\/maat?post=94191"},{"taxonomy":"productsupplier","embeddable":true,"href":"https:\/\/www.koonings.com\/de\/wp-json\/wp\/v2\/productsupplier?post=94191"},{"taxonomy":"productsleeve","embeddable":true,"href":"https:\/\/www.koonings.com\/de\/wp-json\/wp\/v2\/productsleeve?post=94191"},{"taxonomy":"productcategory","embeddable":true,"href":"https:\/\/www.koonings.com\/de\/wp-json\/wp\/v2\/productcategory?post=94191"},{"taxonomy":"productsilhouette","embeddable":true,"href":"https:\/\/www.koonings.com\/de\/wp-json\/wp\/v2\/productsilhouette?post=94191"},{"taxonomy":"productstyle","embeddable":true,"href":"https:\/\/www.koonings.com\/de\/wp-json\/wp\/v2\/productstyle?post=94191"}],"curies":[{"name":"wp","href":"https:\/\/api.w.org\/{rel}","templated":true}]}}