{"id":94151,"date":"2026-03-27T16:31:01","date_gmt":"2026-03-27T15:31:01","guid":{"rendered":"https:\/\/www.koonings.com\/product\/poirier-bb-7657-diadem\/"},"modified":"2026-02-16T15:21:08","modified_gmt":"2026-02-16T14:21:08","slug":"poirier-bb-7657-diadem","status":"publish","type":"product","link":"https:\/\/www.koonings.com\/de\/product\/poirier-bb-7657-diadem\/","title":{"rendered":"Poirier BB-7657 Diadem"},"content":{"rendered":"<p>Diadem mit unterschiedlich gro\u00dfen Perlen verziert<br \/>\nDiadem aus der Romantic Collection von Poirier.<br \/>\nVerziert mit unterschiedlich gro\u00dfen elfenbeinfarbenen Perlen.<br \/>\nDieses Diadem ist 2,5 cm breit.<br \/>\nEin Diadem verleiht Ihrer Brautfrisur einen sch\u00f6nen letzten Schliff.<\/p>\n","protected":false},"featured_media":87624,"template":"","meta":{"_acf_changed":false,"ghostkit_customizer_options":"","ghostkit_custom_css":"","ghostkit_custom_js_head":"","ghostkit_custom_js_foot":"","ghostkit_typography":""},"productdetails":[],"productneck":[],"productcolor":[],"maat":[],"productsupplier":[416],"productsleeve":[],"productcategory":[512],"productsilhouette":[],"productstyle":[],"class_list":["post-94151","product","type-product","status-publish","has-post-thumbnail","hentry","productsupplier-poirier","productcategory-haar-accessoires"],"acf":[],"yoast_head":"<!-- This site is optimized with the Yoast SEO plugin v26.8 - https:\/\/yoast.com\/product\/yoast-seo-wordpress\/ -->\n<title>Poirier BB-7657 Diadem | Koonings<\/title>\n<meta name=\"description\" content=\"Diadem mit unterschiedlich gro\u00dfen Perlen verziert Diadem aus der Romantic Collection von Poirier. Verziert mit unterschiedlich gro\u00dfen elfenbeinfarbenen Perlen. Dieses Diadem ist 2,5 cm breit. Ein Diadem verleiht Ihrer Brautfrisur einen sch\u00f6nen letzten Schliff.\" \/>\n<meta name=\"robots\" content=\"index, follow, max-snippet:-1, max-image-preview:large, max-video-preview:-1\" \/>\n<link rel=\"canonical\" href=\"https:\/\/www.koonings.com\/de\/product\/poirier-bb-7657-diadem\/\" \/>\n<meta property=\"og:locale\" content=\"de_DE\" \/>\n<meta property=\"og:type\" content=\"article\" \/>\n<meta property=\"og:title\" content=\"Poirier BB-7657 Diadem | Koonings\" \/>\n<meta property=\"og:description\" content=\"Diadem mit unterschiedlich gro\u00dfen Perlen verziert Diadem aus der Romantic Collection von Poirier. Verziert mit unterschiedlich gro\u00dfen elfenbeinfarbenen Perlen. Dieses Diadem ist 2,5 cm breit. Ein Diadem verleiht Ihrer Brautfrisur einen sch\u00f6nen letzten Schliff.\" \/>\n<meta property=\"og:url\" content=\"https:\/\/www.koonings.com\/de\/product\/poirier-bb-7657-diadem\/\" \/>\n<meta property=\"og:site_name\" content=\"Koonings\" \/>\n<meta property=\"article:publisher\" content=\"https:\/\/www.facebook.com\/kooningstheweddingpalace\" \/>\n<meta property=\"og:image\" content=\"https:\/\/www.koonings.com\/wp-content\/uploads\/2025\/07\/50913_d3837367d2c6a86cc2c23a2d96ab6b1b5ee23e36ae909b6ecf1a4ac3172a4fd0ea943eef.jpeg\" \/>\n\t<meta property=\"og:image:width\" content=\"1734\" \/>\n\t<meta property=\"og:image:height\" content=\"2306\" \/>\n\t<meta property=\"og:image:type\" content=\"image\/jpeg\" \/>\n<meta name=\"twitter:card\" content=\"summary_large_image\" \/>\n<script type=\"application\/ld+json\" class=\"yoast-schema-graph\">{\"@context\":\"https:\/\/schema.org\",\"@graph\":[{\"@type\":\"WebPage\",\"@id\":\"https:\/\/www.koonings.com\/de\/product\/poirier-bb-7657-diadem\/\",\"url\":\"https:\/\/www.koonings.com\/de\/product\/poirier-bb-7657-diadem\/\",\"name\":\"Poirier BB-7657 Diadem | Koonings\",\"isPartOf\":{\"@id\":\"https:\/\/www.koonings.com\/de\/#website\"},\"primaryImageOfPage\":{\"@id\":\"https:\/\/www.koonings.com\/de\/product\/poirier-bb-7657-diadem\/#primaryimage\"},\"image\":{\"@id\":\"https:\/\/www.koonings.com\/de\/product\/poirier-bb-7657-diadem\/#primaryimage\"},\"thumbnailUrl\":\"https:\/\/www.koonings.com\/wp-content\/uploads\/2025\/07\/50913_d3837367d2c6a86cc2c23a2d96ab6b1b5ee23e36ae909b6ecf1a4ac3172a4fd0ea943eef.jpeg\",\"datePublished\":\"2026-03-27T15:31:01+00:00\",\"description\":\"Diadem mit unterschiedlich gro\u00dfen Perlen verziert Diadem aus der Romantic Collection von Poirier. Verziert mit unterschiedlich gro\u00dfen elfenbeinfarbenen Perlen. Dieses Diadem ist 2,5 cm breit. Ein Diadem verleiht Ihrer Brautfrisur einen sch\u00f6nen letzten Schliff.\",\"breadcrumb\":{\"@id\":\"https:\/\/www.koonings.com\/de\/product\/poirier-bb-7657-diadem\/#breadcrumb\"},\"inLanguage\":\"de\",\"potentialAction\":[{\"@type\":\"ReadAction\",\"target\":[\"https:\/\/www.koonings.com\/de\/product\/poirier-bb-7657-diadem\/\"]}]},{\"@type\":\"ImageObject\",\"inLanguage\":\"de\",\"@id\":\"https:\/\/www.koonings.com\/de\/product\/poirier-bb-7657-diadem\/#primaryimage\",\"url\":\"https:\/\/www.koonings.com\/wp-content\/uploads\/2025\/07\/50913_d3837367d2c6a86cc2c23a2d96ab6b1b5ee23e36ae909b6ecf1a4ac3172a4fd0ea943eef.jpeg\",\"contentUrl\":\"https:\/\/www.koonings.com\/wp-content\/uploads\/2025\/07\/50913_d3837367d2c6a86cc2c23a2d96ab6b1b5ee23e36ae909b6ecf1a4ac3172a4fd0ea943eef.jpeg\",\"width\":1734,\"height\":2306},{\"@type\":\"BreadcrumbList\",\"@id\":\"https:\/\/www.koonings.com\/de\/product\/poirier-bb-7657-diadem\/#breadcrumb\",\"itemListElement\":[{\"@type\":\"ListItem\",\"position\":1,\"name\":\"Home\",\"item\":\"https:\/\/www.koonings.com\/de\/\"},{\"@type\":\"ListItem\",\"position\":2,\"name\":\"Poirier BB-7657 Diadem\"}]},{\"@type\":\"WebSite\",\"@id\":\"https:\/\/www.koonings.com\/de\/#website\",\"url\":\"https:\/\/www.koonings.com\/de\/\",\"name\":\"Koonings\",\"description\":\"De grootste bruidsmodewinkel ter wereld\",\"publisher\":{\"@id\":\"https:\/\/www.koonings.com\/de\/#organization\"},\"potentialAction\":[{\"@type\":\"SearchAction\",\"target\":{\"@type\":\"EntryPoint\",\"urlTemplate\":\"https:\/\/www.koonings.com\/de\/?s={search_term_string}\"},\"query-input\":{\"@type\":\"PropertyValueSpecification\",\"valueRequired\":true,\"valueName\":\"search_term_string\"}}],\"inLanguage\":\"de\"},{\"@type\":\"Organization\",\"@id\":\"https:\/\/www.koonings.com\/de\/#organization\",\"name\":\"Koonings\",\"url\":\"https:\/\/www.koonings.com\/de\/\",\"logo\":{\"@type\":\"ImageObject\",\"inLanguage\":\"de\",\"@id\":\"https:\/\/www.koonings.com\/de\/#\/schema\/logo\/image\/\",\"url\":\"https:\/\/www.koonings.com\/wp-content\/uploads\/2024\/07\/logo.png\",\"contentUrl\":\"https:\/\/www.koonings.com\/wp-content\/uploads\/2024\/07\/logo.png\",\"width\":600,\"height\":428,\"caption\":\"Koonings\"},\"image\":{\"@id\":\"https:\/\/www.koonings.com\/de\/#\/schema\/logo\/image\/\"},\"sameAs\":[\"https:\/\/www.facebook.com\/kooningstheweddingpalace\",\"https:\/\/www.instagram.com\/kooningstheweddingpalace\",\"https:\/\/www.pinterest.com\/koonings\",\"https:\/\/www.youtube.com\/kooningstheweddingpalace\"]}]}<\/script>\n<!-- \/ Yoast SEO plugin. -->","yoast_head_json":{"title":"Poirier BB-7657 Diadem | Koonings","description":"Diadem mit unterschiedlich gro\u00dfen Perlen verziert Diadem aus der Romantic Collection von Poirier. Verziert mit unterschiedlich gro\u00dfen elfenbeinfarbenen Perlen. Dieses Diadem ist 2,5 cm breit. Ein Diadem verleiht Ihrer Brautfrisur einen sch\u00f6nen letzten Schliff.","robots":{"index":"index","follow":"follow","max-snippet":"max-snippet:-1","max-image-preview":"max-image-preview:large","max-video-preview":"max-video-preview:-1"},"canonical":"https:\/\/www.koonings.com\/de\/product\/poirier-bb-7657-diadem\/","og_locale":"de_DE","og_type":"article","og_title":"Poirier BB-7657 Diadem | Koonings","og_description":"Diadem mit unterschiedlich gro\u00dfen Perlen verziert Diadem aus der Romantic Collection von Poirier. Verziert mit unterschiedlich gro\u00dfen elfenbeinfarbenen Perlen. Dieses Diadem ist 2,5 cm breit. Ein Diadem verleiht Ihrer Brautfrisur einen sch\u00f6nen letzten Schliff.","og_url":"https:\/\/www.koonings.com\/de\/product\/poirier-bb-7657-diadem\/","og_site_name":"Koonings","article_publisher":"https:\/\/www.facebook.com\/kooningstheweddingpalace","og_image":[{"width":1734,"height":2306,"url":"https:\/\/www.koonings.com\/wp-content\/uploads\/2025\/07\/50913_d3837367d2c6a86cc2c23a2d96ab6b1b5ee23e36ae909b6ecf1a4ac3172a4fd0ea943eef.jpeg","type":"image\/jpeg"}],"twitter_card":"summary_large_image","schema":{"@context":"https:\/\/schema.org","@graph":[{"@type":"WebPage","@id":"https:\/\/www.koonings.com\/de\/product\/poirier-bb-7657-diadem\/","url":"https:\/\/www.koonings.com\/de\/product\/poirier-bb-7657-diadem\/","name":"Poirier BB-7657 Diadem | Koonings","isPartOf":{"@id":"https:\/\/www.koonings.com\/de\/#website"},"primaryImageOfPage":{"@id":"https:\/\/www.koonings.com\/de\/product\/poirier-bb-7657-diadem\/#primaryimage"},"image":{"@id":"https:\/\/www.koonings.com\/de\/product\/poirier-bb-7657-diadem\/#primaryimage"},"thumbnailUrl":"https:\/\/www.koonings.com\/wp-content\/uploads\/2025\/07\/50913_d3837367d2c6a86cc2c23a2d96ab6b1b5ee23e36ae909b6ecf1a4ac3172a4fd0ea943eef.jpeg","datePublished":"2026-03-27T15:31:01+00:00","description":"Diadem mit unterschiedlich gro\u00dfen Perlen verziert Diadem aus der Romantic Collection von Poirier. Verziert mit unterschiedlich gro\u00dfen elfenbeinfarbenen Perlen. Dieses Diadem ist 2,5 cm breit. Ein Diadem verleiht Ihrer Brautfrisur einen sch\u00f6nen letzten Schliff.","breadcrumb":{"@id":"https:\/\/www.koonings.com\/de\/product\/poirier-bb-7657-diadem\/#breadcrumb"},"inLanguage":"de","potentialAction":[{"@type":"ReadAction","target":["https:\/\/www.koonings.com\/de\/product\/poirier-bb-7657-diadem\/"]}]},{"@type":"ImageObject","inLanguage":"de","@id":"https:\/\/www.koonings.com\/de\/product\/poirier-bb-7657-diadem\/#primaryimage","url":"https:\/\/www.koonings.com\/wp-content\/uploads\/2025\/07\/50913_d3837367d2c6a86cc2c23a2d96ab6b1b5ee23e36ae909b6ecf1a4ac3172a4fd0ea943eef.jpeg","contentUrl":"https:\/\/www.koonings.com\/wp-content\/uploads\/2025\/07\/50913_d3837367d2c6a86cc2c23a2d96ab6b1b5ee23e36ae909b6ecf1a4ac3172a4fd0ea943eef.jpeg","width":1734,"height":2306},{"@type":"BreadcrumbList","@id":"https:\/\/www.koonings.com\/de\/product\/poirier-bb-7657-diadem\/#breadcrumb","itemListElement":[{"@type":"ListItem","position":1,"name":"Home","item":"https:\/\/www.koonings.com\/de\/"},{"@type":"ListItem","position":2,"name":"Poirier BB-7657 Diadem"}]},{"@type":"WebSite","@id":"https:\/\/www.koonings.com\/de\/#website","url":"https:\/\/www.koonings.com\/de\/","name":"Koonings","description":"De grootste bruidsmodewinkel ter wereld","publisher":{"@id":"https:\/\/www.koonings.com\/de\/#organization"},"potentialAction":[{"@type":"SearchAction","target":{"@type":"EntryPoint","urlTemplate":"https:\/\/www.koonings.com\/de\/?s={search_term_string}"},"query-input":{"@type":"PropertyValueSpecification","valueRequired":true,"valueName":"search_term_string"}}],"inLanguage":"de"},{"@type":"Organization","@id":"https:\/\/www.koonings.com\/de\/#organization","name":"Koonings","url":"https:\/\/www.koonings.com\/de\/","logo":{"@type":"ImageObject","inLanguage":"de","@id":"https:\/\/www.koonings.com\/de\/#\/schema\/logo\/image\/","url":"https:\/\/www.koonings.com\/wp-content\/uploads\/2024\/07\/logo.png","contentUrl":"https:\/\/www.koonings.com\/wp-content\/uploads\/2024\/07\/logo.png","width":600,"height":428,"caption":"Koonings"},"image":{"@id":"https:\/\/www.koonings.com\/de\/#\/schema\/logo\/image\/"},"sameAs":["https:\/\/www.facebook.com\/kooningstheweddingpalace","https:\/\/www.instagram.com\/kooningstheweddingpalace","https:\/\/www.pinterest.com\/koonings","https:\/\/www.youtube.com\/kooningstheweddingpalace"]}]}},"_links":{"self":[{"href":"https:\/\/www.koonings.com\/de\/wp-json\/wp\/v2\/product\/94151","targetHints":{"allow":["GET"]}}],"collection":[{"href":"https:\/\/www.koonings.com\/de\/wp-json\/wp\/v2\/product"}],"about":[{"href":"https:\/\/www.koonings.com\/de\/wp-json\/wp\/v2\/types\/product"}],"wp:featuredmedia":[{"embeddable":true,"href":"https:\/\/www.koonings.com\/de\/wp-json\/wp\/v2\/media\/87624"}],"wp:attachment":[{"href":"https:\/\/www.koonings.com\/de\/wp-json\/wp\/v2\/media?parent=94151"}],"wp:term":[{"taxonomy":"productdetails","embeddable":true,"href":"https:\/\/www.koonings.com\/de\/wp-json\/wp\/v2\/productdetails?post=94151"},{"taxonomy":"productneck","embeddable":true,"href":"https:\/\/www.koonings.com\/de\/wp-json\/wp\/v2\/productneck?post=94151"},{"taxonomy":"productcolor","embeddable":true,"href":"https:\/\/www.koonings.com\/de\/wp-json\/wp\/v2\/productcolor?post=94151"},{"taxonomy":"maat","embeddable":true,"href":"https:\/\/www.koonings.com\/de\/wp-json\/wp\/v2\/maat?post=94151"},{"taxonomy":"productsupplier","embeddable":true,"href":"https:\/\/www.koonings.com\/de\/wp-json\/wp\/v2\/productsupplier?post=94151"},{"taxonomy":"productsleeve","embeddable":true,"href":"https:\/\/www.koonings.com\/de\/wp-json\/wp\/v2\/productsleeve?post=94151"},{"taxonomy":"productcategory","embeddable":true,"href":"https:\/\/www.koonings.com\/de\/wp-json\/wp\/v2\/productcategory?post=94151"},{"taxonomy":"productsilhouette","embeddable":true,"href":"https:\/\/www.koonings.com\/de\/wp-json\/wp\/v2\/productsilhouette?post=94151"},{"taxonomy":"productstyle","embeddable":true,"href":"https:\/\/www.koonings.com\/de\/wp-json\/wp\/v2\/productstyle?post=94151"}],"curies":[{"name":"wp","href":"https:\/\/api.w.org\/{rel}","templated":true}]}}