{"id":94115,"date":"2026-05-06T15:34:36","date_gmt":"2026-05-06T13:34:36","guid":{"rendered":"https:\/\/www.koonings.com\/product\/poirier-18-300-torselet-nahtlospure-love\/"},"modified":"2026-04-14T15:43:41","modified_gmt":"2026-04-14T13:43:41","slug":"poirier-18-300-torselet-nahtlospure-love","status":"publish","type":"product","link":"https:\/\/www.koonings.com\/de\/product\/poirier-18-300-torselet-nahtlospure-love\/","title":{"rendered":"Poirier 18 300 Torselet | nahtlos|Pure Love"},"content":{"rendered":"<p>Tr\u00e4gerloses und nahtloses Vollfigur-Torselett mit formenden Eigenschaften bis zu den H\u00fcften | Pure Love Collection<br \/>\nTorselett aus der Pure Love Collection von Poirier<br \/>\nTr\u00e4gerloses Design<br \/>\nTiefer R\u00fccken und tiefes Dekollet\u00e9<br \/>\nWeiche, vorgeformte Cups<br \/>\nHat figurkorrigierende Eigenschaften<br \/>\nNahtlos, daher unsichtbar unter Ihrem Hochzeitskleid<br \/>\nErh\u00e4ltlich in Elfenbein, Blush und Nude<br \/>\nKann mit anderen Poirier-Dessous kombiniert werden<br \/>\nW\u00e4hlen Sie die sch\u00f6nen Poirier-Dessous, um Ihrem Brautoutfit den ultimativen Look zu verleihen<br \/>\nMit welchen Poirier-Dessous kann ich dieses Torselet kombinieren?<br \/>\nSie k\u00f6nnen das Torselet 18 300 mit den folgenden anderen Dessous von Poirier kombinieren:<\/p>\n<p>Slip 18 915, erh\u00e4ltlich in den Farben Elfenbein, Rouge und Nude<br \/>\nHipster 18 920, erh\u00e4ltlich in den Farben Elfenbein, Rouge und Nude<br \/>\nString 18 910, erh\u00e4ltlich in den Farben Elfenbein, Rouge und Nude<\/p>\n","protected":false},"featured_media":87675,"template":"","meta":{"_acf_changed":false,"ghostkit_customizer_options":"","ghostkit_custom_css":"","ghostkit_custom_js_head":"","ghostkit_custom_js_foot":"","ghostkit_typography":""},"productdetails":[],"productneck":[],"productcolor":[],"maat":[],"productsupplier":[416],"productsleeve":[],"productcategory":[417],"productsilhouette":[],"productstyle":[],"class_list":["post-94115","product","type-product","status-publish","has-post-thumbnail","hentry","productsupplier-poirier","productcategory-lingerie"],"acf":[],"yoast_head":"<!-- This site is optimized with the Yoast SEO plugin v27.3 - https:\/\/yoast.com\/product\/yoast-seo-wordpress\/ -->\n<title>Poirier 18 300 Torselet | nahtlos|Pure Love | Koonings<\/title>\n<meta name=\"description\" content=\"Tr\u00e4gerloses und nahtloses Vollfigur-Torselett mit formenden Eigenschaften bis zu den H\u00fcften | Pure Love Collection Torselett aus der Pure Love Collection von Poirier Tr\u00e4gerloses Design Tiefer R\u00fccken und tiefes Dekollet\u00e9 Weiche, vorgeformte Cups Hat figurkorrigierende Eigenschaften Nahtlos, daher unsichtbar unter Ihrem Hochzeitskleid Erh\u00e4ltlich in Elfenbein, Blush und Nude Kann mit anderen Poirier-Dessous kombiniert werden W\u00e4hlen Sie die sch\u00f6nen Poirier-Dessous, um Ihrem Brautoutfit den ultimativen Look zu verleihen Mit welchen Poirier-Dessous kann ich dieses Torselet kombinieren? Sie k\u00f6nnen das Torselet 18 300 mit den folgenden anderen Dessous von Poirier kombinieren: Slip 18 915, erh\u00e4ltlich in den Farben Elfenbein, Rouge und Nude Hipster 18 920, erh\u00e4ltlich in den Farben Elfenbein, Rouge und Nude String 18 910, erh\u00e4ltlich in den Farben Elfenbein, Rouge und Nude\" \/>\n<meta name=\"robots\" content=\"index, follow, max-snippet:-1, max-image-preview:large, max-video-preview:-1\" \/>\n<link rel=\"canonical\" href=\"https:\/\/www.koonings.com\/de\/product\/poirier-18-300-torselet-nahtlospure-love\/\" \/>\n<meta property=\"og:locale\" content=\"de_DE\" \/>\n<meta property=\"og:type\" content=\"article\" \/>\n<meta property=\"og:title\" content=\"Poirier 18 300 Torselet | nahtlos|Pure Love | Koonings\" \/>\n<meta property=\"og:description\" content=\"Tr\u00e4gerloses und nahtloses Vollfigur-Torselett mit formenden Eigenschaften bis zu den H\u00fcften | Pure Love Collection Torselett aus der Pure Love Collection von Poirier Tr\u00e4gerloses Design Tiefer R\u00fccken und tiefes Dekollet\u00e9 Weiche, vorgeformte Cups Hat figurkorrigierende Eigenschaften Nahtlos, daher unsichtbar unter Ihrem Hochzeitskleid Erh\u00e4ltlich in Elfenbein, Blush und Nude Kann mit anderen Poirier-Dessous kombiniert werden W\u00e4hlen Sie die sch\u00f6nen Poirier-Dessous, um Ihrem Brautoutfit den ultimativen Look zu verleihen Mit welchen Poirier-Dessous kann ich dieses Torselet kombinieren? Sie k\u00f6nnen das Torselet 18 300 mit den folgenden anderen Dessous von Poirier kombinieren: Slip 18 915, erh\u00e4ltlich in den Farben Elfenbein, Rouge und Nude Hipster 18 920, erh\u00e4ltlich in den Farben Elfenbein, Rouge und Nude String 18 910, erh\u00e4ltlich in den Farben Elfenbein, Rouge und Nude\" \/>\n<meta property=\"og:url\" content=\"https:\/\/www.koonings.com\/de\/product\/poirier-18-300-torselet-nahtlospure-love\/\" \/>\n<meta property=\"og:site_name\" content=\"Koonings\" \/>\n<meta property=\"article:publisher\" content=\"https:\/\/www.facebook.com\/kooningstheweddingpalace\" \/>\n<meta property=\"og:image\" content=\"https:\/\/www.koonings.com\/wp-content\/uploads\/2025\/07\/50923_752f7a2351a9e50c1bff583970e59aa8ad0e12d703c6837ecba8481899db93f1f68d88e8.jpeg\" \/>\n\t<meta property=\"og:image:width\" content=\"1199\" \/>\n\t<meta property=\"og:image:height\" content=\"1600\" \/>\n\t<meta property=\"og:image:type\" content=\"image\/jpeg\" \/>\n<meta name=\"twitter:card\" content=\"summary_large_image\" \/>\n<meta name=\"twitter:label1\" content=\"Gesch\u00e4tzte Lesezeit\" \/>\n\t<meta name=\"twitter:data1\" content=\"1\u00a0Minute\" \/>\n<script type=\"application\/ld+json\" class=\"yoast-schema-graph\">{\"@context\":\"https:\\\/\\\/schema.org\",\"@graph\":[{\"@type\":\"WebPage\",\"@id\":\"https:\\\/\\\/www.koonings.com\\\/de\\\/product\\\/poirier-18-300-torselet-nahtlospure-love\\\/\",\"url\":\"https:\\\/\\\/www.koonings.com\\\/de\\\/product\\\/poirier-18-300-torselet-nahtlospure-love\\\/\",\"name\":\"Poirier 18 300 Torselet | nahtlos|Pure Love | Koonings\",\"isPartOf\":{\"@id\":\"https:\\\/\\\/www.koonings.com\\\/de\\\/#website\"},\"primaryImageOfPage\":{\"@id\":\"https:\\\/\\\/www.koonings.com\\\/de\\\/product\\\/poirier-18-300-torselet-nahtlospure-love\\\/#primaryimage\"},\"image\":{\"@id\":\"https:\\\/\\\/www.koonings.com\\\/de\\\/product\\\/poirier-18-300-torselet-nahtlospure-love\\\/#primaryimage\"},\"thumbnailUrl\":\"https:\\\/\\\/www.koonings.com\\\/wp-content\\\/uploads\\\/2025\\\/07\\\/50923_752f7a2351a9e50c1bff583970e59aa8ad0e12d703c6837ecba8481899db93f1f68d88e8.jpeg\",\"datePublished\":\"2026-05-06T13:34:36+00:00\",\"description\":\"Tr\u00e4gerloses und nahtloses Vollfigur-Torselett mit formenden Eigenschaften bis zu den H\u00fcften | Pure Love Collection Torselett aus der Pure Love Collection von Poirier Tr\u00e4gerloses Design Tiefer R\u00fccken und tiefes Dekollet\u00e9 Weiche, vorgeformte Cups Hat figurkorrigierende Eigenschaften Nahtlos, daher unsichtbar unter Ihrem Hochzeitskleid Erh\u00e4ltlich in Elfenbein, Blush und Nude Kann mit anderen Poirier-Dessous kombiniert werden W\u00e4hlen Sie die sch\u00f6nen Poirier-Dessous, um Ihrem Brautoutfit den ultimativen Look zu verleihen Mit welchen Poirier-Dessous kann ich dieses Torselet kombinieren? Sie k\u00f6nnen das Torselet 18 300 mit den folgenden anderen Dessous von Poirier kombinieren: Slip 18 915, erh\u00e4ltlich in den Farben Elfenbein, Rouge und Nude Hipster 18 920, erh\u00e4ltlich in den Farben Elfenbein, Rouge und Nude String 18 910, erh\u00e4ltlich in den Farben Elfenbein, Rouge und Nude\",\"breadcrumb\":{\"@id\":\"https:\\\/\\\/www.koonings.com\\\/de\\\/product\\\/poirier-18-300-torselet-nahtlospure-love\\\/#breadcrumb\"},\"inLanguage\":\"de\",\"potentialAction\":[{\"@type\":\"ReadAction\",\"target\":[\"https:\\\/\\\/www.koonings.com\\\/de\\\/product\\\/poirier-18-300-torselet-nahtlospure-love\\\/\"]}]},{\"@type\":\"ImageObject\",\"inLanguage\":\"de\",\"@id\":\"https:\\\/\\\/www.koonings.com\\\/de\\\/product\\\/poirier-18-300-torselet-nahtlospure-love\\\/#primaryimage\",\"url\":\"https:\\\/\\\/www.koonings.com\\\/wp-content\\\/uploads\\\/2025\\\/07\\\/50923_752f7a2351a9e50c1bff583970e59aa8ad0e12d703c6837ecba8481899db93f1f68d88e8.jpeg\",\"contentUrl\":\"https:\\\/\\\/www.koonings.com\\\/wp-content\\\/uploads\\\/2025\\\/07\\\/50923_752f7a2351a9e50c1bff583970e59aa8ad0e12d703c6837ecba8481899db93f1f68d88e8.jpeg\",\"width\":1199,\"height\":1600},{\"@type\":\"BreadcrumbList\",\"@id\":\"https:\\\/\\\/www.koonings.com\\\/de\\\/product\\\/poirier-18-300-torselet-nahtlospure-love\\\/#breadcrumb\",\"itemListElement\":[{\"@type\":\"ListItem\",\"position\":1,\"name\":\"Home\",\"item\":\"https:\\\/\\\/www.koonings.com\\\/de\\\/\"},{\"@type\":\"ListItem\",\"position\":2,\"name\":\"Poirier 18 300 Torselet | nahtlos|Pure Love\"}]},{\"@type\":\"WebSite\",\"@id\":\"https:\\\/\\\/www.koonings.com\\\/de\\\/#website\",\"url\":\"https:\\\/\\\/www.koonings.com\\\/de\\\/\",\"name\":\"Koonings\",\"description\":\"De grootste bruidsmodewinkel ter wereld\",\"publisher\":{\"@id\":\"https:\\\/\\\/www.koonings.com\\\/de\\\/#organization\"},\"potentialAction\":[{\"@type\":\"SearchAction\",\"target\":{\"@type\":\"EntryPoint\",\"urlTemplate\":\"https:\\\/\\\/www.koonings.com\\\/de\\\/?s={search_term_string}\"},\"query-input\":{\"@type\":\"PropertyValueSpecification\",\"valueRequired\":true,\"valueName\":\"search_term_string\"}}],\"inLanguage\":\"de\"},{\"@type\":\"Organization\",\"@id\":\"https:\\\/\\\/www.koonings.com\\\/de\\\/#organization\",\"name\":\"Koonings\",\"url\":\"https:\\\/\\\/www.koonings.com\\\/de\\\/\",\"logo\":{\"@type\":\"ImageObject\",\"inLanguage\":\"de\",\"@id\":\"https:\\\/\\\/www.koonings.com\\\/de\\\/#\\\/schema\\\/logo\\\/image\\\/\",\"url\":\"https:\\\/\\\/www.koonings.com\\\/wp-content\\\/uploads\\\/2024\\\/07\\\/logo.png\",\"contentUrl\":\"https:\\\/\\\/www.koonings.com\\\/wp-content\\\/uploads\\\/2024\\\/07\\\/logo.png\",\"width\":600,\"height\":428,\"caption\":\"Koonings\"},\"image\":{\"@id\":\"https:\\\/\\\/www.koonings.com\\\/de\\\/#\\\/schema\\\/logo\\\/image\\\/\"},\"sameAs\":[\"https:\\\/\\\/www.facebook.com\\\/kooningstheweddingpalace\",\"https:\\\/\\\/www.instagram.com\\\/kooningstheweddingpalace\",\"https:\\\/\\\/www.pinterest.com\\\/koonings\",\"https:\\\/\\\/www.youtube.com\\\/kooningstheweddingpalace\"]}]}<\/script>\n<!-- \/ Yoast SEO plugin. -->","yoast_head_json":{"title":"Poirier 18 300 Torselet | nahtlos|Pure Love | Koonings","description":"Tr\u00e4gerloses und nahtloses Vollfigur-Torselett mit formenden Eigenschaften bis zu den H\u00fcften | Pure Love Collection Torselett aus der Pure Love Collection von Poirier Tr\u00e4gerloses Design Tiefer R\u00fccken und tiefes Dekollet\u00e9 Weiche, vorgeformte Cups Hat figurkorrigierende Eigenschaften Nahtlos, daher unsichtbar unter Ihrem Hochzeitskleid Erh\u00e4ltlich in Elfenbein, Blush und Nude Kann mit anderen Poirier-Dessous kombiniert werden W\u00e4hlen Sie die sch\u00f6nen Poirier-Dessous, um Ihrem Brautoutfit den ultimativen Look zu verleihen Mit welchen Poirier-Dessous kann ich dieses Torselet kombinieren? Sie k\u00f6nnen das Torselet 18 300 mit den folgenden anderen Dessous von Poirier kombinieren: Slip 18 915, erh\u00e4ltlich in den Farben Elfenbein, Rouge und Nude Hipster 18 920, erh\u00e4ltlich in den Farben Elfenbein, Rouge und Nude String 18 910, erh\u00e4ltlich in den Farben Elfenbein, Rouge und Nude","robots":{"index":"index","follow":"follow","max-snippet":"max-snippet:-1","max-image-preview":"max-image-preview:large","max-video-preview":"max-video-preview:-1"},"canonical":"https:\/\/www.koonings.com\/de\/product\/poirier-18-300-torselet-nahtlospure-love\/","og_locale":"de_DE","og_type":"article","og_title":"Poirier 18 300 Torselet | nahtlos|Pure Love | Koonings","og_description":"Tr\u00e4gerloses und nahtloses Vollfigur-Torselett mit formenden Eigenschaften bis zu den H\u00fcften | Pure Love Collection Torselett aus der Pure Love Collection von Poirier Tr\u00e4gerloses Design Tiefer R\u00fccken und tiefes Dekollet\u00e9 Weiche, vorgeformte Cups Hat figurkorrigierende Eigenschaften Nahtlos, daher unsichtbar unter Ihrem Hochzeitskleid Erh\u00e4ltlich in Elfenbein, Blush und Nude Kann mit anderen Poirier-Dessous kombiniert werden W\u00e4hlen Sie die sch\u00f6nen Poirier-Dessous, um Ihrem Brautoutfit den ultimativen Look zu verleihen Mit welchen Poirier-Dessous kann ich dieses Torselet kombinieren? Sie k\u00f6nnen das Torselet 18 300 mit den folgenden anderen Dessous von Poirier kombinieren: Slip 18 915, erh\u00e4ltlich in den Farben Elfenbein, Rouge und Nude Hipster 18 920, erh\u00e4ltlich in den Farben Elfenbein, Rouge und Nude String 18 910, erh\u00e4ltlich in den Farben Elfenbein, Rouge und Nude","og_url":"https:\/\/www.koonings.com\/de\/product\/poirier-18-300-torselet-nahtlospure-love\/","og_site_name":"Koonings","article_publisher":"https:\/\/www.facebook.com\/kooningstheweddingpalace","og_image":[{"width":1199,"height":1600,"url":"https:\/\/www.koonings.com\/wp-content\/uploads\/2025\/07\/50923_752f7a2351a9e50c1bff583970e59aa8ad0e12d703c6837ecba8481899db93f1f68d88e8.jpeg","type":"image\/jpeg"}],"twitter_card":"summary_large_image","twitter_misc":{"Gesch\u00e4tzte Lesezeit":"1\u00a0Minute"},"schema":{"@context":"https:\/\/schema.org","@graph":[{"@type":"WebPage","@id":"https:\/\/www.koonings.com\/de\/product\/poirier-18-300-torselet-nahtlospure-love\/","url":"https:\/\/www.koonings.com\/de\/product\/poirier-18-300-torselet-nahtlospure-love\/","name":"Poirier 18 300 Torselet | nahtlos|Pure Love | Koonings","isPartOf":{"@id":"https:\/\/www.koonings.com\/de\/#website"},"primaryImageOfPage":{"@id":"https:\/\/www.koonings.com\/de\/product\/poirier-18-300-torselet-nahtlospure-love\/#primaryimage"},"image":{"@id":"https:\/\/www.koonings.com\/de\/product\/poirier-18-300-torselet-nahtlospure-love\/#primaryimage"},"thumbnailUrl":"https:\/\/www.koonings.com\/wp-content\/uploads\/2025\/07\/50923_752f7a2351a9e50c1bff583970e59aa8ad0e12d703c6837ecba8481899db93f1f68d88e8.jpeg","datePublished":"2026-05-06T13:34:36+00:00","description":"Tr\u00e4gerloses und nahtloses Vollfigur-Torselett mit formenden Eigenschaften bis zu den H\u00fcften | Pure Love Collection Torselett aus der Pure Love Collection von Poirier Tr\u00e4gerloses Design Tiefer R\u00fccken und tiefes Dekollet\u00e9 Weiche, vorgeformte Cups Hat figurkorrigierende Eigenschaften Nahtlos, daher unsichtbar unter Ihrem Hochzeitskleid Erh\u00e4ltlich in Elfenbein, Blush und Nude Kann mit anderen Poirier-Dessous kombiniert werden W\u00e4hlen Sie die sch\u00f6nen Poirier-Dessous, um Ihrem Brautoutfit den ultimativen Look zu verleihen Mit welchen Poirier-Dessous kann ich dieses Torselet kombinieren? Sie k\u00f6nnen das Torselet 18 300 mit den folgenden anderen Dessous von Poirier kombinieren: Slip 18 915, erh\u00e4ltlich in den Farben Elfenbein, Rouge und Nude Hipster 18 920, erh\u00e4ltlich in den Farben Elfenbein, Rouge und Nude String 18 910, erh\u00e4ltlich in den Farben Elfenbein, Rouge und Nude","breadcrumb":{"@id":"https:\/\/www.koonings.com\/de\/product\/poirier-18-300-torselet-nahtlospure-love\/#breadcrumb"},"inLanguage":"de","potentialAction":[{"@type":"ReadAction","target":["https:\/\/www.koonings.com\/de\/product\/poirier-18-300-torselet-nahtlospure-love\/"]}]},{"@type":"ImageObject","inLanguage":"de","@id":"https:\/\/www.koonings.com\/de\/product\/poirier-18-300-torselet-nahtlospure-love\/#primaryimage","url":"https:\/\/www.koonings.com\/wp-content\/uploads\/2025\/07\/50923_752f7a2351a9e50c1bff583970e59aa8ad0e12d703c6837ecba8481899db93f1f68d88e8.jpeg","contentUrl":"https:\/\/www.koonings.com\/wp-content\/uploads\/2025\/07\/50923_752f7a2351a9e50c1bff583970e59aa8ad0e12d703c6837ecba8481899db93f1f68d88e8.jpeg","width":1199,"height":1600},{"@type":"BreadcrumbList","@id":"https:\/\/www.koonings.com\/de\/product\/poirier-18-300-torselet-nahtlospure-love\/#breadcrumb","itemListElement":[{"@type":"ListItem","position":1,"name":"Home","item":"https:\/\/www.koonings.com\/de\/"},{"@type":"ListItem","position":2,"name":"Poirier 18 300 Torselet | nahtlos|Pure Love"}]},{"@type":"WebSite","@id":"https:\/\/www.koonings.com\/de\/#website","url":"https:\/\/www.koonings.com\/de\/","name":"Koonings","description":"De grootste bruidsmodewinkel ter wereld","publisher":{"@id":"https:\/\/www.koonings.com\/de\/#organization"},"potentialAction":[{"@type":"SearchAction","target":{"@type":"EntryPoint","urlTemplate":"https:\/\/www.koonings.com\/de\/?s={search_term_string}"},"query-input":{"@type":"PropertyValueSpecification","valueRequired":true,"valueName":"search_term_string"}}],"inLanguage":"de"},{"@type":"Organization","@id":"https:\/\/www.koonings.com\/de\/#organization","name":"Koonings","url":"https:\/\/www.koonings.com\/de\/","logo":{"@type":"ImageObject","inLanguage":"de","@id":"https:\/\/www.koonings.com\/de\/#\/schema\/logo\/image\/","url":"https:\/\/www.koonings.com\/wp-content\/uploads\/2024\/07\/logo.png","contentUrl":"https:\/\/www.koonings.com\/wp-content\/uploads\/2024\/07\/logo.png","width":600,"height":428,"caption":"Koonings"},"image":{"@id":"https:\/\/www.koonings.com\/de\/#\/schema\/logo\/image\/"},"sameAs":["https:\/\/www.facebook.com\/kooningstheweddingpalace","https:\/\/www.instagram.com\/kooningstheweddingpalace","https:\/\/www.pinterest.com\/koonings","https:\/\/www.youtube.com\/kooningstheweddingpalace"]}]}},"_links":{"self":[{"href":"https:\/\/www.koonings.com\/de\/wp-json\/wp\/v2\/product\/94115","targetHints":{"allow":["GET"]}}],"collection":[{"href":"https:\/\/www.koonings.com\/de\/wp-json\/wp\/v2\/product"}],"about":[{"href":"https:\/\/www.koonings.com\/de\/wp-json\/wp\/v2\/types\/product"}],"wp:featuredmedia":[{"embeddable":true,"href":"https:\/\/www.koonings.com\/de\/wp-json\/wp\/v2\/media\/87675"}],"wp:attachment":[{"href":"https:\/\/www.koonings.com\/de\/wp-json\/wp\/v2\/media?parent=94115"}],"wp:term":[{"taxonomy":"productdetails","embeddable":true,"href":"https:\/\/www.koonings.com\/de\/wp-json\/wp\/v2\/productdetails?post=94115"},{"taxonomy":"productneck","embeddable":true,"href":"https:\/\/www.koonings.com\/de\/wp-json\/wp\/v2\/productneck?post=94115"},{"taxonomy":"productcolor","embeddable":true,"href":"https:\/\/www.koonings.com\/de\/wp-json\/wp\/v2\/productcolor?post=94115"},{"taxonomy":"maat","embeddable":true,"href":"https:\/\/www.koonings.com\/de\/wp-json\/wp\/v2\/maat?post=94115"},{"taxonomy":"productsupplier","embeddable":true,"href":"https:\/\/www.koonings.com\/de\/wp-json\/wp\/v2\/productsupplier?post=94115"},{"taxonomy":"productsleeve","embeddable":true,"href":"https:\/\/www.koonings.com\/de\/wp-json\/wp\/v2\/productsleeve?post=94115"},{"taxonomy":"productcategory","embeddable":true,"href":"https:\/\/www.koonings.com\/de\/wp-json\/wp\/v2\/productcategory?post=94115"},{"taxonomy":"productsilhouette","embeddable":true,"href":"https:\/\/www.koonings.com\/de\/wp-json\/wp\/v2\/productsilhouette?post=94115"},{"taxonomy":"productstyle","embeddable":true,"href":"https:\/\/www.koonings.com\/de\/wp-json\/wp\/v2\/productstyle?post=94115"}],"curies":[{"name":"wp","href":"https:\/\/api.w.org\/{rel}","templated":true}]}}