{"id":94110,"date":"2026-04-14T16:35:01","date_gmt":"2026-04-14T14:35:01","guid":{"rendered":"https:\/\/www.koonings.com\/product\/poirier-gl-76039-handschuh\/"},"modified":"2026-04-14T15:45:46","modified_gmt":"2026-04-14T13:45:46","slug":"poirier-gl-76039-handschuh","status":"publish","type":"product","link":"https:\/\/www.koonings.com\/de\/product\/poirier-gl-76039-handschuh\/","title":{"rendered":"Poirier GL-76039 Handschuh"},"content":{"rendered":"<p>Handschuhe aus weichem T\u00fcll, verziert mit Stoffpunkten | L\u00e4nge: 54 cm | 2 Varianten<br \/>\nHandschuhe aus der Festival-Kollektion von Poirier.<br \/>\nAus weichem T\u00fcll.<br \/>\n2 Varianten: Elfenbeinfarbener T\u00fcll mit elfenbeinfarbenen Stoffpunkten UND schwarzer T\u00fcll mit schwarzen Stoffpunkten.<br \/>\nL\u00e4nge: 54 cm<br \/>\nMit den Handschuhen entscheiden Sie sich f\u00fcr einen Braut-Look, der v\u00f6llig &#8220;off&#8221; ist.<br \/>\nDie Braut-Accessoires von Poirier stehen f\u00fcr moderne Eleganz.<\/p>\n","protected":false},"featured_media":87379,"template":"","meta":{"_acf_changed":false,"ghostkit_customizer_options":"","ghostkit_custom_css":"","ghostkit_custom_js_head":"","ghostkit_custom_js_foot":"","ghostkit_typography":""},"productdetails":[],"productneck":[],"productcolor":[],"maat":[],"productsupplier":[416],"productsleeve":[],"productcategory":[509],"productsilhouette":[],"productstyle":[],"class_list":["post-94110","product","type-product","status-publish","has-post-thumbnail","hentry","productsupplier-poirier","productcategory-accessoires-bruid"],"acf":[],"yoast_head":"<!-- This site is optimized with the Yoast SEO plugin v27.3 - https:\/\/yoast.com\/product\/yoast-seo-wordpress\/ -->\n<title>Poirier GL-76039 Handschuh | Koonings<\/title>\n<meta name=\"description\" content=\"Handschuhe aus weichem T\u00fcll, verziert mit Stoffpunkten | L\u00e4nge: 54 cm | 2 Varianten Handschuhe aus der Festival-Kollektion von Poirier. Aus weichem T\u00fcll. 2 Varianten: Elfenbeinfarbener T\u00fcll mit elfenbeinfarbenen Stoffpunkten UND schwarzer T\u00fcll mit schwarzen Stoffpunkten. L\u00e4nge: 54 cm Mit den Handschuhen entscheiden Sie sich f\u00fcr einen Braut-Look, der v\u00f6llig &quot;off&quot; ist. Die Braut-Accessoires von Poirier stehen f\u00fcr moderne Eleganz.\" \/>\n<meta name=\"robots\" content=\"index, follow, max-snippet:-1, max-image-preview:large, max-video-preview:-1\" \/>\n<link rel=\"canonical\" href=\"https:\/\/www.koonings.com\/de\/product\/poirier-gl-76039-handschuh\/\" \/>\n<meta property=\"og:locale\" content=\"de_DE\" \/>\n<meta property=\"og:type\" content=\"article\" \/>\n<meta property=\"og:title\" content=\"Poirier GL-76039 Handschuh | Koonings\" \/>\n<meta property=\"og:description\" content=\"Handschuhe aus weichem T\u00fcll, verziert mit Stoffpunkten | L\u00e4nge: 54 cm | 2 Varianten Handschuhe aus der Festival-Kollektion von Poirier. Aus weichem T\u00fcll. 2 Varianten: Elfenbeinfarbener T\u00fcll mit elfenbeinfarbenen Stoffpunkten UND schwarzer T\u00fcll mit schwarzen Stoffpunkten. L\u00e4nge: 54 cm Mit den Handschuhen entscheiden Sie sich f\u00fcr einen Braut-Look, der v\u00f6llig &quot;off&quot; ist. Die Braut-Accessoires von Poirier stehen f\u00fcr moderne Eleganz.\" \/>\n<meta property=\"og:url\" content=\"https:\/\/www.koonings.com\/de\/product\/poirier-gl-76039-handschuh\/\" \/>\n<meta property=\"og:site_name\" content=\"Koonings\" \/>\n<meta property=\"article:publisher\" content=\"https:\/\/www.facebook.com\/kooningstheweddingpalace\" \/>\n<meta property=\"og:image\" content=\"https:\/\/www.koonings.com\/wp-content\/uploads\/2025\/07\/50819_daac3033cbda13ecc7a772dde019e09000e326ed988c7763faa621c89a62d56d187c5fdd.jpeg\" \/>\n\t<meta property=\"og:image:width\" content=\"1734\" \/>\n\t<meta property=\"og:image:height\" content=\"2306\" \/>\n\t<meta property=\"og:image:type\" content=\"image\/jpeg\" \/>\n<meta name=\"twitter:card\" content=\"summary_large_image\" \/>\n<script type=\"application\/ld+json\" class=\"yoast-schema-graph\">{\"@context\":\"https:\\\/\\\/schema.org\",\"@graph\":[{\"@type\":\"WebPage\",\"@id\":\"https:\\\/\\\/www.koonings.com\\\/de\\\/product\\\/poirier-gl-76039-handschuh\\\/\",\"url\":\"https:\\\/\\\/www.koonings.com\\\/de\\\/product\\\/poirier-gl-76039-handschuh\\\/\",\"name\":\"Poirier GL-76039 Handschuh | Koonings\",\"isPartOf\":{\"@id\":\"https:\\\/\\\/www.koonings.com\\\/de\\\/#website\"},\"primaryImageOfPage\":{\"@id\":\"https:\\\/\\\/www.koonings.com\\\/de\\\/product\\\/poirier-gl-76039-handschuh\\\/#primaryimage\"},\"image\":{\"@id\":\"https:\\\/\\\/www.koonings.com\\\/de\\\/product\\\/poirier-gl-76039-handschuh\\\/#primaryimage\"},\"thumbnailUrl\":\"https:\\\/\\\/www.koonings.com\\\/wp-content\\\/uploads\\\/2025\\\/07\\\/50819_daac3033cbda13ecc7a772dde019e09000e326ed988c7763faa621c89a62d56d187c5fdd.jpeg\",\"datePublished\":\"2026-04-14T14:35:01+00:00\",\"description\":\"Handschuhe aus weichem T\u00fcll, verziert mit Stoffpunkten | L\u00e4nge: 54 cm | 2 Varianten Handschuhe aus der Festival-Kollektion von Poirier. Aus weichem T\u00fcll. 2 Varianten: Elfenbeinfarbener T\u00fcll mit elfenbeinfarbenen Stoffpunkten UND schwarzer T\u00fcll mit schwarzen Stoffpunkten. L\u00e4nge: 54 cm Mit den Handschuhen entscheiden Sie sich f\u00fcr einen Braut-Look, der v\u00f6llig \\\"off\\\" ist. Die Braut-Accessoires von Poirier stehen f\u00fcr moderne Eleganz.\",\"breadcrumb\":{\"@id\":\"https:\\\/\\\/www.koonings.com\\\/de\\\/product\\\/poirier-gl-76039-handschuh\\\/#breadcrumb\"},\"inLanguage\":\"de\",\"potentialAction\":[{\"@type\":\"ReadAction\",\"target\":[\"https:\\\/\\\/www.koonings.com\\\/de\\\/product\\\/poirier-gl-76039-handschuh\\\/\"]}]},{\"@type\":\"ImageObject\",\"inLanguage\":\"de\",\"@id\":\"https:\\\/\\\/www.koonings.com\\\/de\\\/product\\\/poirier-gl-76039-handschuh\\\/#primaryimage\",\"url\":\"https:\\\/\\\/www.koonings.com\\\/wp-content\\\/uploads\\\/2025\\\/07\\\/50819_daac3033cbda13ecc7a772dde019e09000e326ed988c7763faa621c89a62d56d187c5fdd.jpeg\",\"contentUrl\":\"https:\\\/\\\/www.koonings.com\\\/wp-content\\\/uploads\\\/2025\\\/07\\\/50819_daac3033cbda13ecc7a772dde019e09000e326ed988c7763faa621c89a62d56d187c5fdd.jpeg\",\"width\":1734,\"height\":2306},{\"@type\":\"BreadcrumbList\",\"@id\":\"https:\\\/\\\/www.koonings.com\\\/de\\\/product\\\/poirier-gl-76039-handschuh\\\/#breadcrumb\",\"itemListElement\":[{\"@type\":\"ListItem\",\"position\":1,\"name\":\"Home\",\"item\":\"https:\\\/\\\/www.koonings.com\\\/de\\\/\"},{\"@type\":\"ListItem\",\"position\":2,\"name\":\"Poirier GL-76039 Handschuh\"}]},{\"@type\":\"WebSite\",\"@id\":\"https:\\\/\\\/www.koonings.com\\\/de\\\/#website\",\"url\":\"https:\\\/\\\/www.koonings.com\\\/de\\\/\",\"name\":\"Koonings\",\"description\":\"De grootste bruidsmodewinkel ter wereld\",\"publisher\":{\"@id\":\"https:\\\/\\\/www.koonings.com\\\/de\\\/#organization\"},\"potentialAction\":[{\"@type\":\"SearchAction\",\"target\":{\"@type\":\"EntryPoint\",\"urlTemplate\":\"https:\\\/\\\/www.koonings.com\\\/de\\\/?s={search_term_string}\"},\"query-input\":{\"@type\":\"PropertyValueSpecification\",\"valueRequired\":true,\"valueName\":\"search_term_string\"}}],\"inLanguage\":\"de\"},{\"@type\":\"Organization\",\"@id\":\"https:\\\/\\\/www.koonings.com\\\/de\\\/#organization\",\"name\":\"Koonings\",\"url\":\"https:\\\/\\\/www.koonings.com\\\/de\\\/\",\"logo\":{\"@type\":\"ImageObject\",\"inLanguage\":\"de\",\"@id\":\"https:\\\/\\\/www.koonings.com\\\/de\\\/#\\\/schema\\\/logo\\\/image\\\/\",\"url\":\"https:\\\/\\\/www.koonings.com\\\/wp-content\\\/uploads\\\/2024\\\/07\\\/logo.png\",\"contentUrl\":\"https:\\\/\\\/www.koonings.com\\\/wp-content\\\/uploads\\\/2024\\\/07\\\/logo.png\",\"width\":600,\"height\":428,\"caption\":\"Koonings\"},\"image\":{\"@id\":\"https:\\\/\\\/www.koonings.com\\\/de\\\/#\\\/schema\\\/logo\\\/image\\\/\"},\"sameAs\":[\"https:\\\/\\\/www.facebook.com\\\/kooningstheweddingpalace\",\"https:\\\/\\\/www.instagram.com\\\/kooningstheweddingpalace\",\"https:\\\/\\\/www.pinterest.com\\\/koonings\",\"https:\\\/\\\/www.youtube.com\\\/kooningstheweddingpalace\"]}]}<\/script>\n<!-- \/ Yoast SEO plugin. -->","yoast_head_json":{"title":"Poirier GL-76039 Handschuh | Koonings","description":"Handschuhe aus weichem T\u00fcll, verziert mit Stoffpunkten | L\u00e4nge: 54 cm | 2 Varianten Handschuhe aus der Festival-Kollektion von Poirier. Aus weichem T\u00fcll. 2 Varianten: Elfenbeinfarbener T\u00fcll mit elfenbeinfarbenen Stoffpunkten UND schwarzer T\u00fcll mit schwarzen Stoffpunkten. L\u00e4nge: 54 cm Mit den Handschuhen entscheiden Sie sich f\u00fcr einen Braut-Look, der v\u00f6llig \"off\" ist. Die Braut-Accessoires von Poirier stehen f\u00fcr moderne Eleganz.","robots":{"index":"index","follow":"follow","max-snippet":"max-snippet:-1","max-image-preview":"max-image-preview:large","max-video-preview":"max-video-preview:-1"},"canonical":"https:\/\/www.koonings.com\/de\/product\/poirier-gl-76039-handschuh\/","og_locale":"de_DE","og_type":"article","og_title":"Poirier GL-76039 Handschuh | Koonings","og_description":"Handschuhe aus weichem T\u00fcll, verziert mit Stoffpunkten | L\u00e4nge: 54 cm | 2 Varianten Handschuhe aus der Festival-Kollektion von Poirier. Aus weichem T\u00fcll. 2 Varianten: Elfenbeinfarbener T\u00fcll mit elfenbeinfarbenen Stoffpunkten UND schwarzer T\u00fcll mit schwarzen Stoffpunkten. L\u00e4nge: 54 cm Mit den Handschuhen entscheiden Sie sich f\u00fcr einen Braut-Look, der v\u00f6llig \"off\" ist. Die Braut-Accessoires von Poirier stehen f\u00fcr moderne Eleganz.","og_url":"https:\/\/www.koonings.com\/de\/product\/poirier-gl-76039-handschuh\/","og_site_name":"Koonings","article_publisher":"https:\/\/www.facebook.com\/kooningstheweddingpalace","og_image":[{"width":1734,"height":2306,"url":"https:\/\/www.koonings.com\/wp-content\/uploads\/2025\/07\/50819_daac3033cbda13ecc7a772dde019e09000e326ed988c7763faa621c89a62d56d187c5fdd.jpeg","type":"image\/jpeg"}],"twitter_card":"summary_large_image","schema":{"@context":"https:\/\/schema.org","@graph":[{"@type":"WebPage","@id":"https:\/\/www.koonings.com\/de\/product\/poirier-gl-76039-handschuh\/","url":"https:\/\/www.koonings.com\/de\/product\/poirier-gl-76039-handschuh\/","name":"Poirier GL-76039 Handschuh | Koonings","isPartOf":{"@id":"https:\/\/www.koonings.com\/de\/#website"},"primaryImageOfPage":{"@id":"https:\/\/www.koonings.com\/de\/product\/poirier-gl-76039-handschuh\/#primaryimage"},"image":{"@id":"https:\/\/www.koonings.com\/de\/product\/poirier-gl-76039-handschuh\/#primaryimage"},"thumbnailUrl":"https:\/\/www.koonings.com\/wp-content\/uploads\/2025\/07\/50819_daac3033cbda13ecc7a772dde019e09000e326ed988c7763faa621c89a62d56d187c5fdd.jpeg","datePublished":"2026-04-14T14:35:01+00:00","description":"Handschuhe aus weichem T\u00fcll, verziert mit Stoffpunkten | L\u00e4nge: 54 cm | 2 Varianten Handschuhe aus der Festival-Kollektion von Poirier. Aus weichem T\u00fcll. 2 Varianten: Elfenbeinfarbener T\u00fcll mit elfenbeinfarbenen Stoffpunkten UND schwarzer T\u00fcll mit schwarzen Stoffpunkten. L\u00e4nge: 54 cm Mit den Handschuhen entscheiden Sie sich f\u00fcr einen Braut-Look, der v\u00f6llig \"off\" ist. Die Braut-Accessoires von Poirier stehen f\u00fcr moderne Eleganz.","breadcrumb":{"@id":"https:\/\/www.koonings.com\/de\/product\/poirier-gl-76039-handschuh\/#breadcrumb"},"inLanguage":"de","potentialAction":[{"@type":"ReadAction","target":["https:\/\/www.koonings.com\/de\/product\/poirier-gl-76039-handschuh\/"]}]},{"@type":"ImageObject","inLanguage":"de","@id":"https:\/\/www.koonings.com\/de\/product\/poirier-gl-76039-handschuh\/#primaryimage","url":"https:\/\/www.koonings.com\/wp-content\/uploads\/2025\/07\/50819_daac3033cbda13ecc7a772dde019e09000e326ed988c7763faa621c89a62d56d187c5fdd.jpeg","contentUrl":"https:\/\/www.koonings.com\/wp-content\/uploads\/2025\/07\/50819_daac3033cbda13ecc7a772dde019e09000e326ed988c7763faa621c89a62d56d187c5fdd.jpeg","width":1734,"height":2306},{"@type":"BreadcrumbList","@id":"https:\/\/www.koonings.com\/de\/product\/poirier-gl-76039-handschuh\/#breadcrumb","itemListElement":[{"@type":"ListItem","position":1,"name":"Home","item":"https:\/\/www.koonings.com\/de\/"},{"@type":"ListItem","position":2,"name":"Poirier GL-76039 Handschuh"}]},{"@type":"WebSite","@id":"https:\/\/www.koonings.com\/de\/#website","url":"https:\/\/www.koonings.com\/de\/","name":"Koonings","description":"De grootste bruidsmodewinkel ter wereld","publisher":{"@id":"https:\/\/www.koonings.com\/de\/#organization"},"potentialAction":[{"@type":"SearchAction","target":{"@type":"EntryPoint","urlTemplate":"https:\/\/www.koonings.com\/de\/?s={search_term_string}"},"query-input":{"@type":"PropertyValueSpecification","valueRequired":true,"valueName":"search_term_string"}}],"inLanguage":"de"},{"@type":"Organization","@id":"https:\/\/www.koonings.com\/de\/#organization","name":"Koonings","url":"https:\/\/www.koonings.com\/de\/","logo":{"@type":"ImageObject","inLanguage":"de","@id":"https:\/\/www.koonings.com\/de\/#\/schema\/logo\/image\/","url":"https:\/\/www.koonings.com\/wp-content\/uploads\/2024\/07\/logo.png","contentUrl":"https:\/\/www.koonings.com\/wp-content\/uploads\/2024\/07\/logo.png","width":600,"height":428,"caption":"Koonings"},"image":{"@id":"https:\/\/www.koonings.com\/de\/#\/schema\/logo\/image\/"},"sameAs":["https:\/\/www.facebook.com\/kooningstheweddingpalace","https:\/\/www.instagram.com\/kooningstheweddingpalace","https:\/\/www.pinterest.com\/koonings","https:\/\/www.youtube.com\/kooningstheweddingpalace"]}]}},"_links":{"self":[{"href":"https:\/\/www.koonings.com\/de\/wp-json\/wp\/v2\/product\/94110","targetHints":{"allow":["GET"]}}],"collection":[{"href":"https:\/\/www.koonings.com\/de\/wp-json\/wp\/v2\/product"}],"about":[{"href":"https:\/\/www.koonings.com\/de\/wp-json\/wp\/v2\/types\/product"}],"wp:featuredmedia":[{"embeddable":true,"href":"https:\/\/www.koonings.com\/de\/wp-json\/wp\/v2\/media\/87379"}],"wp:attachment":[{"href":"https:\/\/www.koonings.com\/de\/wp-json\/wp\/v2\/media?parent=94110"}],"wp:term":[{"taxonomy":"productdetails","embeddable":true,"href":"https:\/\/www.koonings.com\/de\/wp-json\/wp\/v2\/productdetails?post=94110"},{"taxonomy":"productneck","embeddable":true,"href":"https:\/\/www.koonings.com\/de\/wp-json\/wp\/v2\/productneck?post=94110"},{"taxonomy":"productcolor","embeddable":true,"href":"https:\/\/www.koonings.com\/de\/wp-json\/wp\/v2\/productcolor?post=94110"},{"taxonomy":"maat","embeddable":true,"href":"https:\/\/www.koonings.com\/de\/wp-json\/wp\/v2\/maat?post=94110"},{"taxonomy":"productsupplier","embeddable":true,"href":"https:\/\/www.koonings.com\/de\/wp-json\/wp\/v2\/productsupplier?post=94110"},{"taxonomy":"productsleeve","embeddable":true,"href":"https:\/\/www.koonings.com\/de\/wp-json\/wp\/v2\/productsleeve?post=94110"},{"taxonomy":"productcategory","embeddable":true,"href":"https:\/\/www.koonings.com\/de\/wp-json\/wp\/v2\/productcategory?post=94110"},{"taxonomy":"productsilhouette","embeddable":true,"href":"https:\/\/www.koonings.com\/de\/wp-json\/wp\/v2\/productsilhouette?post=94110"},{"taxonomy":"productstyle","embeddable":true,"href":"https:\/\/www.koonings.com\/de\/wp-json\/wp\/v2\/productstyle?post=94110"}],"curies":[{"name":"wp","href":"https:\/\/api.w.org\/{rel}","templated":true}]}}