{"id":94107,"date":"2026-04-14T16:34:59","date_gmt":"2026-04-14T14:34:59","guid":{"rendered":"https:\/\/www.koonings.com\/product\/poirier-gl-76010-handschuh-perlen-24cm\/"},"modified":"2026-04-14T15:44:19","modified_gmt":"2026-04-14T13:44:19","slug":"poirier-gl-76010-handschuh-perlen-24cm","status":"publish","type":"product","link":"https:\/\/www.koonings.com\/de\/product\/poirier-gl-76010-handschuh-perlen-24cm\/","title":{"rendered":"Poirier GL-76010 Handschuh | Perlen | 24cm"},"content":{"rendered":"<p>Handschuhe aus weichem T\u00fcll, verziert mit Perlen in verschiedenen Gr\u00f6\u00dfen | L\u00e4nge: 25 cm | In mehreren L\u00e4ngen erh\u00e4ltlich<br \/>\nHandschuhe aus der Romantic Collection von Poirier.<br \/>\nAus elfenbeinfarbenem, weichem T\u00fcll.<br \/>\nVerziert mit Perlen in verschiedenen Gr\u00f6\u00dfen.<br \/>\nL\u00e4nge: 25 cm.<br \/>\nErh\u00e4ltlich in verschiedenen L\u00e4ngen: 40 cm (GL-76011) UND 60 cm (GL-76012).<br \/>\nW\u00e4hlen Sie Handschuhe, um Ihren Brautlook zu vervollst\u00e4ndigen.<br \/>\nHandschuhe von Poirier verleihen Ihrem Hochzeitslook ein besonderes Flair.<\/p>\n","protected":false},"featured_media":87340,"template":"","meta":{"_acf_changed":false,"ghostkit_customizer_options":"","ghostkit_custom_css":"","ghostkit_custom_js_head":"","ghostkit_custom_js_foot":"","ghostkit_typography":""},"productdetails":[],"productneck":[],"productcolor":[],"maat":[],"productsupplier":[416],"productsleeve":[],"productcategory":[509],"productsilhouette":[],"productstyle":[],"class_list":["post-94107","product","type-product","status-publish","has-post-thumbnail","hentry","productsupplier-poirier","productcategory-accessoires-bruid"],"acf":[],"yoast_head":"<!-- This site is optimized with the Yoast SEO plugin v27.3 - https:\/\/yoast.com\/product\/yoast-seo-wordpress\/ -->\n<title>Poirier GL-76010 Handschuh | Perlen | 24cm | Koonings<\/title>\n<meta name=\"description\" content=\"Handschuhe aus weichem T\u00fcll, verziert mit Perlen in verschiedenen Gr\u00f6\u00dfen | L\u00e4nge: 25 cm | In mehreren L\u00e4ngen erh\u00e4ltlich Handschuhe aus der Romantic Collection von Poirier. Aus elfenbeinfarbenem, weichem T\u00fcll. Verziert mit Perlen in verschiedenen Gr\u00f6\u00dfen. L\u00e4nge: 25 cm. Erh\u00e4ltlich in verschiedenen L\u00e4ngen: 40 cm (GL-76011) UND 60 cm (GL-76012). W\u00e4hlen Sie Handschuhe, um Ihren Brautlook zu vervollst\u00e4ndigen. Handschuhe von Poirier verleihen Ihrem Hochzeitslook ein besonderes Flair.\" \/>\n<meta name=\"robots\" content=\"index, follow, max-snippet:-1, max-image-preview:large, max-video-preview:-1\" \/>\n<link rel=\"canonical\" href=\"https:\/\/www.koonings.com\/de\/product\/poirier-gl-76010-handschuh-perlen-24cm\/\" \/>\n<meta property=\"og:locale\" content=\"de_DE\" \/>\n<meta property=\"og:type\" content=\"article\" \/>\n<meta property=\"og:title\" content=\"Poirier GL-76010 Handschuh | Perlen | 24cm | Koonings\" \/>\n<meta property=\"og:description\" content=\"Handschuhe aus weichem T\u00fcll, verziert mit Perlen in verschiedenen Gr\u00f6\u00dfen | L\u00e4nge: 25 cm | In mehreren L\u00e4ngen erh\u00e4ltlich Handschuhe aus der Romantic Collection von Poirier. Aus elfenbeinfarbenem, weichem T\u00fcll. Verziert mit Perlen in verschiedenen Gr\u00f6\u00dfen. L\u00e4nge: 25 cm. Erh\u00e4ltlich in verschiedenen L\u00e4ngen: 40 cm (GL-76011) UND 60 cm (GL-76012). W\u00e4hlen Sie Handschuhe, um Ihren Brautlook zu vervollst\u00e4ndigen. Handschuhe von Poirier verleihen Ihrem Hochzeitslook ein besonderes Flair.\" \/>\n<meta property=\"og:url\" content=\"https:\/\/www.koonings.com\/de\/product\/poirier-gl-76010-handschuh-perlen-24cm\/\" \/>\n<meta property=\"og:site_name\" content=\"Koonings\" \/>\n<meta property=\"article:publisher\" content=\"https:\/\/www.facebook.com\/kooningstheweddingpalace\" \/>\n<meta property=\"og:image\" content=\"https:\/\/www.koonings.com\/wp-content\/uploads\/2025\/07\/50816_bc2dba65d990530bf57d832d2e102f5c1099365a2b26bba0dc28eb4c1f5fb86b092bcda7.jpeg\" \/>\n\t<meta property=\"og:image:width\" content=\"1734\" \/>\n\t<meta property=\"og:image:height\" content=\"2306\" \/>\n\t<meta property=\"og:image:type\" content=\"image\/jpeg\" \/>\n<meta name=\"twitter:card\" content=\"summary_large_image\" \/>\n<script type=\"application\/ld+json\" class=\"yoast-schema-graph\">{\"@context\":\"https:\\\/\\\/schema.org\",\"@graph\":[{\"@type\":\"WebPage\",\"@id\":\"https:\\\/\\\/www.koonings.com\\\/de\\\/product\\\/poirier-gl-76010-handschuh-perlen-24cm\\\/\",\"url\":\"https:\\\/\\\/www.koonings.com\\\/de\\\/product\\\/poirier-gl-76010-handschuh-perlen-24cm\\\/\",\"name\":\"Poirier GL-76010 Handschuh | Perlen | 24cm | Koonings\",\"isPartOf\":{\"@id\":\"https:\\\/\\\/www.koonings.com\\\/de\\\/#website\"},\"primaryImageOfPage\":{\"@id\":\"https:\\\/\\\/www.koonings.com\\\/de\\\/product\\\/poirier-gl-76010-handschuh-perlen-24cm\\\/#primaryimage\"},\"image\":{\"@id\":\"https:\\\/\\\/www.koonings.com\\\/de\\\/product\\\/poirier-gl-76010-handschuh-perlen-24cm\\\/#primaryimage\"},\"thumbnailUrl\":\"https:\\\/\\\/www.koonings.com\\\/wp-content\\\/uploads\\\/2025\\\/07\\\/50816_bc2dba65d990530bf57d832d2e102f5c1099365a2b26bba0dc28eb4c1f5fb86b092bcda7.jpeg\",\"datePublished\":\"2026-04-14T14:34:59+00:00\",\"description\":\"Handschuhe aus weichem T\u00fcll, verziert mit Perlen in verschiedenen Gr\u00f6\u00dfen | L\u00e4nge: 25 cm | In mehreren L\u00e4ngen erh\u00e4ltlich Handschuhe aus der Romantic Collection von Poirier. Aus elfenbeinfarbenem, weichem T\u00fcll. Verziert mit Perlen in verschiedenen Gr\u00f6\u00dfen. L\u00e4nge: 25 cm. Erh\u00e4ltlich in verschiedenen L\u00e4ngen: 40 cm (GL-76011) UND 60 cm (GL-76012). W\u00e4hlen Sie Handschuhe, um Ihren Brautlook zu vervollst\u00e4ndigen. Handschuhe von Poirier verleihen Ihrem Hochzeitslook ein besonderes Flair.\",\"breadcrumb\":{\"@id\":\"https:\\\/\\\/www.koonings.com\\\/de\\\/product\\\/poirier-gl-76010-handschuh-perlen-24cm\\\/#breadcrumb\"},\"inLanguage\":\"de\",\"potentialAction\":[{\"@type\":\"ReadAction\",\"target\":[\"https:\\\/\\\/www.koonings.com\\\/de\\\/product\\\/poirier-gl-76010-handschuh-perlen-24cm\\\/\"]}]},{\"@type\":\"ImageObject\",\"inLanguage\":\"de\",\"@id\":\"https:\\\/\\\/www.koonings.com\\\/de\\\/product\\\/poirier-gl-76010-handschuh-perlen-24cm\\\/#primaryimage\",\"url\":\"https:\\\/\\\/www.koonings.com\\\/wp-content\\\/uploads\\\/2025\\\/07\\\/50816_bc2dba65d990530bf57d832d2e102f5c1099365a2b26bba0dc28eb4c1f5fb86b092bcda7.jpeg\",\"contentUrl\":\"https:\\\/\\\/www.koonings.com\\\/wp-content\\\/uploads\\\/2025\\\/07\\\/50816_bc2dba65d990530bf57d832d2e102f5c1099365a2b26bba0dc28eb4c1f5fb86b092bcda7.jpeg\",\"width\":1734,\"height\":2306},{\"@type\":\"BreadcrumbList\",\"@id\":\"https:\\\/\\\/www.koonings.com\\\/de\\\/product\\\/poirier-gl-76010-handschuh-perlen-24cm\\\/#breadcrumb\",\"itemListElement\":[{\"@type\":\"ListItem\",\"position\":1,\"name\":\"Home\",\"item\":\"https:\\\/\\\/www.koonings.com\\\/de\\\/\"},{\"@type\":\"ListItem\",\"position\":2,\"name\":\"Poirier GL-76010 Handschuh | Perlen | 24cm\"}]},{\"@type\":\"WebSite\",\"@id\":\"https:\\\/\\\/www.koonings.com\\\/de\\\/#website\",\"url\":\"https:\\\/\\\/www.koonings.com\\\/de\\\/\",\"name\":\"Koonings\",\"description\":\"De grootste bruidsmodewinkel ter wereld\",\"publisher\":{\"@id\":\"https:\\\/\\\/www.koonings.com\\\/de\\\/#organization\"},\"potentialAction\":[{\"@type\":\"SearchAction\",\"target\":{\"@type\":\"EntryPoint\",\"urlTemplate\":\"https:\\\/\\\/www.koonings.com\\\/de\\\/?s={search_term_string}\"},\"query-input\":{\"@type\":\"PropertyValueSpecification\",\"valueRequired\":true,\"valueName\":\"search_term_string\"}}],\"inLanguage\":\"de\"},{\"@type\":\"Organization\",\"@id\":\"https:\\\/\\\/www.koonings.com\\\/de\\\/#organization\",\"name\":\"Koonings\",\"url\":\"https:\\\/\\\/www.koonings.com\\\/de\\\/\",\"logo\":{\"@type\":\"ImageObject\",\"inLanguage\":\"de\",\"@id\":\"https:\\\/\\\/www.koonings.com\\\/de\\\/#\\\/schema\\\/logo\\\/image\\\/\",\"url\":\"https:\\\/\\\/www.koonings.com\\\/wp-content\\\/uploads\\\/2024\\\/07\\\/logo.png\",\"contentUrl\":\"https:\\\/\\\/www.koonings.com\\\/wp-content\\\/uploads\\\/2024\\\/07\\\/logo.png\",\"width\":600,\"height\":428,\"caption\":\"Koonings\"},\"image\":{\"@id\":\"https:\\\/\\\/www.koonings.com\\\/de\\\/#\\\/schema\\\/logo\\\/image\\\/\"},\"sameAs\":[\"https:\\\/\\\/www.facebook.com\\\/kooningstheweddingpalace\",\"https:\\\/\\\/www.instagram.com\\\/kooningstheweddingpalace\",\"https:\\\/\\\/www.pinterest.com\\\/koonings\",\"https:\\\/\\\/www.youtube.com\\\/kooningstheweddingpalace\"]}]}<\/script>\n<!-- \/ Yoast SEO plugin. -->","yoast_head_json":{"title":"Poirier GL-76010 Handschuh | Perlen | 24cm | Koonings","description":"Handschuhe aus weichem T\u00fcll, verziert mit Perlen in verschiedenen Gr\u00f6\u00dfen | L\u00e4nge: 25 cm | In mehreren L\u00e4ngen erh\u00e4ltlich Handschuhe aus der Romantic Collection von Poirier. Aus elfenbeinfarbenem, weichem T\u00fcll. Verziert mit Perlen in verschiedenen Gr\u00f6\u00dfen. L\u00e4nge: 25 cm. Erh\u00e4ltlich in verschiedenen L\u00e4ngen: 40 cm (GL-76011) UND 60 cm (GL-76012). W\u00e4hlen Sie Handschuhe, um Ihren Brautlook zu vervollst\u00e4ndigen. Handschuhe von Poirier verleihen Ihrem Hochzeitslook ein besonderes Flair.","robots":{"index":"index","follow":"follow","max-snippet":"max-snippet:-1","max-image-preview":"max-image-preview:large","max-video-preview":"max-video-preview:-1"},"canonical":"https:\/\/www.koonings.com\/de\/product\/poirier-gl-76010-handschuh-perlen-24cm\/","og_locale":"de_DE","og_type":"article","og_title":"Poirier GL-76010 Handschuh | Perlen | 24cm | Koonings","og_description":"Handschuhe aus weichem T\u00fcll, verziert mit Perlen in verschiedenen Gr\u00f6\u00dfen | L\u00e4nge: 25 cm | In mehreren L\u00e4ngen erh\u00e4ltlich Handschuhe aus der Romantic Collection von Poirier. Aus elfenbeinfarbenem, weichem T\u00fcll. Verziert mit Perlen in verschiedenen Gr\u00f6\u00dfen. L\u00e4nge: 25 cm. Erh\u00e4ltlich in verschiedenen L\u00e4ngen: 40 cm (GL-76011) UND 60 cm (GL-76012). W\u00e4hlen Sie Handschuhe, um Ihren Brautlook zu vervollst\u00e4ndigen. Handschuhe von Poirier verleihen Ihrem Hochzeitslook ein besonderes Flair.","og_url":"https:\/\/www.koonings.com\/de\/product\/poirier-gl-76010-handschuh-perlen-24cm\/","og_site_name":"Koonings","article_publisher":"https:\/\/www.facebook.com\/kooningstheweddingpalace","og_image":[{"width":1734,"height":2306,"url":"https:\/\/www.koonings.com\/wp-content\/uploads\/2025\/07\/50816_bc2dba65d990530bf57d832d2e102f5c1099365a2b26bba0dc28eb4c1f5fb86b092bcda7.jpeg","type":"image\/jpeg"}],"twitter_card":"summary_large_image","schema":{"@context":"https:\/\/schema.org","@graph":[{"@type":"WebPage","@id":"https:\/\/www.koonings.com\/de\/product\/poirier-gl-76010-handschuh-perlen-24cm\/","url":"https:\/\/www.koonings.com\/de\/product\/poirier-gl-76010-handschuh-perlen-24cm\/","name":"Poirier GL-76010 Handschuh | Perlen | 24cm | Koonings","isPartOf":{"@id":"https:\/\/www.koonings.com\/de\/#website"},"primaryImageOfPage":{"@id":"https:\/\/www.koonings.com\/de\/product\/poirier-gl-76010-handschuh-perlen-24cm\/#primaryimage"},"image":{"@id":"https:\/\/www.koonings.com\/de\/product\/poirier-gl-76010-handschuh-perlen-24cm\/#primaryimage"},"thumbnailUrl":"https:\/\/www.koonings.com\/wp-content\/uploads\/2025\/07\/50816_bc2dba65d990530bf57d832d2e102f5c1099365a2b26bba0dc28eb4c1f5fb86b092bcda7.jpeg","datePublished":"2026-04-14T14:34:59+00:00","description":"Handschuhe aus weichem T\u00fcll, verziert mit Perlen in verschiedenen Gr\u00f6\u00dfen | L\u00e4nge: 25 cm | In mehreren L\u00e4ngen erh\u00e4ltlich Handschuhe aus der Romantic Collection von Poirier. Aus elfenbeinfarbenem, weichem T\u00fcll. Verziert mit Perlen in verschiedenen Gr\u00f6\u00dfen. L\u00e4nge: 25 cm. Erh\u00e4ltlich in verschiedenen L\u00e4ngen: 40 cm (GL-76011) UND 60 cm (GL-76012). W\u00e4hlen Sie Handschuhe, um Ihren Brautlook zu vervollst\u00e4ndigen. Handschuhe von Poirier verleihen Ihrem Hochzeitslook ein besonderes Flair.","breadcrumb":{"@id":"https:\/\/www.koonings.com\/de\/product\/poirier-gl-76010-handschuh-perlen-24cm\/#breadcrumb"},"inLanguage":"de","potentialAction":[{"@type":"ReadAction","target":["https:\/\/www.koonings.com\/de\/product\/poirier-gl-76010-handschuh-perlen-24cm\/"]}]},{"@type":"ImageObject","inLanguage":"de","@id":"https:\/\/www.koonings.com\/de\/product\/poirier-gl-76010-handschuh-perlen-24cm\/#primaryimage","url":"https:\/\/www.koonings.com\/wp-content\/uploads\/2025\/07\/50816_bc2dba65d990530bf57d832d2e102f5c1099365a2b26bba0dc28eb4c1f5fb86b092bcda7.jpeg","contentUrl":"https:\/\/www.koonings.com\/wp-content\/uploads\/2025\/07\/50816_bc2dba65d990530bf57d832d2e102f5c1099365a2b26bba0dc28eb4c1f5fb86b092bcda7.jpeg","width":1734,"height":2306},{"@type":"BreadcrumbList","@id":"https:\/\/www.koonings.com\/de\/product\/poirier-gl-76010-handschuh-perlen-24cm\/#breadcrumb","itemListElement":[{"@type":"ListItem","position":1,"name":"Home","item":"https:\/\/www.koonings.com\/de\/"},{"@type":"ListItem","position":2,"name":"Poirier GL-76010 Handschuh | Perlen | 24cm"}]},{"@type":"WebSite","@id":"https:\/\/www.koonings.com\/de\/#website","url":"https:\/\/www.koonings.com\/de\/","name":"Koonings","description":"De grootste bruidsmodewinkel ter wereld","publisher":{"@id":"https:\/\/www.koonings.com\/de\/#organization"},"potentialAction":[{"@type":"SearchAction","target":{"@type":"EntryPoint","urlTemplate":"https:\/\/www.koonings.com\/de\/?s={search_term_string}"},"query-input":{"@type":"PropertyValueSpecification","valueRequired":true,"valueName":"search_term_string"}}],"inLanguage":"de"},{"@type":"Organization","@id":"https:\/\/www.koonings.com\/de\/#organization","name":"Koonings","url":"https:\/\/www.koonings.com\/de\/","logo":{"@type":"ImageObject","inLanguage":"de","@id":"https:\/\/www.koonings.com\/de\/#\/schema\/logo\/image\/","url":"https:\/\/www.koonings.com\/wp-content\/uploads\/2024\/07\/logo.png","contentUrl":"https:\/\/www.koonings.com\/wp-content\/uploads\/2024\/07\/logo.png","width":600,"height":428,"caption":"Koonings"},"image":{"@id":"https:\/\/www.koonings.com\/de\/#\/schema\/logo\/image\/"},"sameAs":["https:\/\/www.facebook.com\/kooningstheweddingpalace","https:\/\/www.instagram.com\/kooningstheweddingpalace","https:\/\/www.pinterest.com\/koonings","https:\/\/www.youtube.com\/kooningstheweddingpalace"]}]}},"_links":{"self":[{"href":"https:\/\/www.koonings.com\/de\/wp-json\/wp\/v2\/product\/94107","targetHints":{"allow":["GET"]}}],"collection":[{"href":"https:\/\/www.koonings.com\/de\/wp-json\/wp\/v2\/product"}],"about":[{"href":"https:\/\/www.koonings.com\/de\/wp-json\/wp\/v2\/types\/product"}],"wp:featuredmedia":[{"embeddable":true,"href":"https:\/\/www.koonings.com\/de\/wp-json\/wp\/v2\/media\/87340"}],"wp:attachment":[{"href":"https:\/\/www.koonings.com\/de\/wp-json\/wp\/v2\/media?parent=94107"}],"wp:term":[{"taxonomy":"productdetails","embeddable":true,"href":"https:\/\/www.koonings.com\/de\/wp-json\/wp\/v2\/productdetails?post=94107"},{"taxonomy":"productneck","embeddable":true,"href":"https:\/\/www.koonings.com\/de\/wp-json\/wp\/v2\/productneck?post=94107"},{"taxonomy":"productcolor","embeddable":true,"href":"https:\/\/www.koonings.com\/de\/wp-json\/wp\/v2\/productcolor?post=94107"},{"taxonomy":"maat","embeddable":true,"href":"https:\/\/www.koonings.com\/de\/wp-json\/wp\/v2\/maat?post=94107"},{"taxonomy":"productsupplier","embeddable":true,"href":"https:\/\/www.koonings.com\/de\/wp-json\/wp\/v2\/productsupplier?post=94107"},{"taxonomy":"productsleeve","embeddable":true,"href":"https:\/\/www.koonings.com\/de\/wp-json\/wp\/v2\/productsleeve?post=94107"},{"taxonomy":"productcategory","embeddable":true,"href":"https:\/\/www.koonings.com\/de\/wp-json\/wp\/v2\/productcategory?post=94107"},{"taxonomy":"productsilhouette","embeddable":true,"href":"https:\/\/www.koonings.com\/de\/wp-json\/wp\/v2\/productsilhouette?post=94107"},{"taxonomy":"productstyle","embeddable":true,"href":"https:\/\/www.koonings.com\/de\/wp-json\/wp\/v2\/productstyle?post=94107"}],"curies":[{"name":"wp","href":"https:\/\/api.w.org\/{rel}","templated":true}]}}