{"id":94031,"date":"2026-05-06T15:34:42","date_gmt":"2026-05-06T13:34:42","guid":{"rendered":"https:\/\/www.koonings.com\/product\/poirier-s220-080-1-med-schleier-80cm-einzeln-med\/"},"modified":"2026-04-14T15:41:51","modified_gmt":"2026-04-14T13:41:51","slug":"poirier-s220-080-1-med-schleier-80cm-einzeln-med","status":"publish","type":"product","link":"https:\/\/www.koonings.com\/de\/product\/poirier-s220-080-1-med-schleier-80cm-einzeln-med\/","title":{"rendered":"Poirier S220-080\/1\/MED Schleier | 80cm | Einzeln | Med"},"content":{"rendered":"<p>Schleier aus einlagigem, mittelschwerem Schleiert\u00fcll, verziert mit gro\u00dfen Perlen<br \/>\nSchleier aus der Romantic Collection von Poirier<br \/>\nAus einlagigem, mittelschwerem Schleiert\u00fcll<br \/>\nVerziert mit gro\u00dfen Perlen<br \/>\nHat eine L\u00e4nge von 80 cm<br \/>\nErh\u00e4ltlich in der Farbe Elfenbein<br \/>\nKombinieren Sie diesen Schleier mit Ihrem Hochzeitskleid<br \/>\nSuchen Sie einen Schleier mit einer dezenten Verzierung?<br \/>\nWenn Sie auf der Suche nach einem Schleier mit dezenter Verzierung sind, w\u00e4hlen Sie den Schleier S220-080\/1\/Med aus der Romantic Collection von Poirier. Dieser Schleier ist aus einlagigem mittelschwerem Schleiert\u00fcll gefertigt und mit gro\u00dfen Perlen verziert. Der Brautschleier hat eine L\u00e4nge von 80 cm und ist in der Farbe Elfenbein erh\u00e4ltlich. Kombinieren Sie diesen Schleier mit Ihrem Hochzeitskleid.   <\/p>\n<p>W\u00e4hlen Sie einen Schleier mit dezenter Verzierung aus der Romantic Collection von Poirier.<br \/>\nFeatures:<br \/>\nProdukt: S220-080\/1\/Med &#8211; Schleier aus einlagigem, mittelschwerem Schleiert\u00fcll, mit gro\u00dfen Perlen verziert<br \/>\nFeatures: Schleier aus einlagigem, mittelschwerem Schleiert\u00fcll, mit gro\u00dfen Perlen verziert, L\u00e4nge 80 cm, elfenbeinfarben<br \/>\nVerwendung: &#8211; Passen Sie diesen Schleier zu Ihrem Brautkleid<\/p>\n","protected":false},"featured_media":87922,"template":"","meta":{"_acf_changed":false,"ghostkit_customizer_options":"","ghostkit_custom_css":"","ghostkit_custom_js_head":"","ghostkit_custom_js_foot":"","ghostkit_typography":""},"productdetails":[],"productneck":[],"productcolor":[],"maat":[],"productsupplier":[416],"productsleeve":[],"productcategory":[423],"productsilhouette":[],"productstyle":[],"class_list":["post-94031","product","type-product","status-publish","has-post-thumbnail","hentry","productsupplier-poirier","productcategory-sluiers"],"acf":[],"yoast_head":"<!-- This site is optimized with the Yoast SEO plugin v27.3 - https:\/\/yoast.com\/product\/yoast-seo-wordpress\/ -->\n<title>Poirier S220-080\/1\/MED Schleier | 80cm | Einzeln | Med | Koonings<\/title>\n<meta name=\"description\" content=\"Schleier aus einlagigem, mittelschwerem Schleiert\u00fcll, verziert mit gro\u00dfen Perlen Schleier aus der Romantic Collection von Poirier Aus einlagigem, mittelschwerem Schleiert\u00fcll Verziert mit gro\u00dfen Perlen Hat eine L\u00e4nge von 80 cm Erh\u00e4ltlich in der Farbe Elfenbein Kombinieren Sie diesen Schleier mit Ihrem Hochzeitskleid Suchen Sie einen Schleier mit einer dezenten Verzierung? Wenn Sie auf der Suche nach einem Schleier mit dezenter Verzierung sind, w\u00e4hlen Sie den Schleier S220-080\/1\/Med aus der Romantic Collection von Poirier. Dieser Schleier ist aus einlagigem mittelschwerem Schleiert\u00fcll gefertigt und mit gro\u00dfen Perlen verziert. Der Brautschleier hat eine L\u00e4nge von 80 cm und ist in der Farbe Elfenbein erh\u00e4ltlich. Kombinieren Sie diesen Schleier mit Ihrem Hochzeitskleid. W\u00e4hlen Sie einen Schleier mit dezenter Verzierung aus der Romantic Collection von Poirier. Features: Produkt: S220-080\/1\/Med - Schleier aus einlagigem, mittelschwerem Schleiert\u00fcll, mit gro\u00dfen Perlen verziert Features: Schleier aus einlagigem, mittelschwerem Schleiert\u00fcll, mit gro\u00dfen Perlen verziert, L\u00e4nge 80 cm, elfenbeinfarben Verwendung: - Passen Sie diesen Schleier zu Ihrem Brautkleid\" \/>\n<meta name=\"robots\" content=\"index, follow, max-snippet:-1, max-image-preview:large, max-video-preview:-1\" \/>\n<link rel=\"canonical\" href=\"https:\/\/www.koonings.com\/de\/product\/poirier-s220-080-1-med-schleier-80cm-einzeln-med\/\" \/>\n<meta property=\"og:locale\" content=\"de_DE\" \/>\n<meta property=\"og:type\" content=\"article\" \/>\n<meta property=\"og:title\" content=\"Poirier S220-080\/1\/MED Schleier | 80cm | Einzeln | Med | Koonings\" \/>\n<meta property=\"og:description\" content=\"Schleier aus einlagigem, mittelschwerem Schleiert\u00fcll, verziert mit gro\u00dfen Perlen Schleier aus der Romantic Collection von Poirier Aus einlagigem, mittelschwerem Schleiert\u00fcll Verziert mit gro\u00dfen Perlen Hat eine L\u00e4nge von 80 cm Erh\u00e4ltlich in der Farbe Elfenbein Kombinieren Sie diesen Schleier mit Ihrem Hochzeitskleid Suchen Sie einen Schleier mit einer dezenten Verzierung? Wenn Sie auf der Suche nach einem Schleier mit dezenter Verzierung sind, w\u00e4hlen Sie den Schleier S220-080\/1\/Med aus der Romantic Collection von Poirier. Dieser Schleier ist aus einlagigem mittelschwerem Schleiert\u00fcll gefertigt und mit gro\u00dfen Perlen verziert. Der Brautschleier hat eine L\u00e4nge von 80 cm und ist in der Farbe Elfenbein erh\u00e4ltlich. Kombinieren Sie diesen Schleier mit Ihrem Hochzeitskleid. W\u00e4hlen Sie einen Schleier mit dezenter Verzierung aus der Romantic Collection von Poirier. Features: Produkt: S220-080\/1\/Med - Schleier aus einlagigem, mittelschwerem Schleiert\u00fcll, mit gro\u00dfen Perlen verziert Features: Schleier aus einlagigem, mittelschwerem Schleiert\u00fcll, mit gro\u00dfen Perlen verziert, L\u00e4nge 80 cm, elfenbeinfarben Verwendung: - Passen Sie diesen Schleier zu Ihrem Brautkleid\" \/>\n<meta property=\"og:url\" content=\"https:\/\/www.koonings.com\/de\/product\/poirier-s220-080-1-med-schleier-80cm-einzeln-med\/\" \/>\n<meta property=\"og:site_name\" content=\"Koonings\" \/>\n<meta property=\"article:publisher\" content=\"https:\/\/www.facebook.com\/kooningstheweddingpalace\" \/>\n<meta property=\"og:image\" content=\"https:\/\/www.koonings.com\/wp-content\/uploads\/2025\/07\/50994_c9f5b5d72844fdf8fe912a402e11d999388738c6d676e0b0095068102ac841563f25cc6a.jpeg\" \/>\n\t<meta property=\"og:image:width\" content=\"1000\" \/>\n\t<meta property=\"og:image:height\" content=\"1330\" \/>\n\t<meta property=\"og:image:type\" content=\"image\/jpeg\" \/>\n<meta name=\"twitter:card\" content=\"summary_large_image\" \/>\n<meta name=\"twitter:label1\" content=\"Gesch\u00e4tzte Lesezeit\" \/>\n\t<meta name=\"twitter:data1\" content=\"1\u00a0Minute\" \/>\n<script type=\"application\/ld+json\" class=\"yoast-schema-graph\">{\"@context\":\"https:\\\/\\\/schema.org\",\"@graph\":[{\"@type\":\"WebPage\",\"@id\":\"https:\\\/\\\/www.koonings.com\\\/de\\\/product\\\/poirier-s220-080-1-med-schleier-80cm-einzeln-med\\\/\",\"url\":\"https:\\\/\\\/www.koonings.com\\\/de\\\/product\\\/poirier-s220-080-1-med-schleier-80cm-einzeln-med\\\/\",\"name\":\"Poirier S220-080\\\/1\\\/MED Schleier | 80cm | Einzeln | Med | Koonings\",\"isPartOf\":{\"@id\":\"https:\\\/\\\/www.koonings.com\\\/de\\\/#website\"},\"primaryImageOfPage\":{\"@id\":\"https:\\\/\\\/www.koonings.com\\\/de\\\/product\\\/poirier-s220-080-1-med-schleier-80cm-einzeln-med\\\/#primaryimage\"},\"image\":{\"@id\":\"https:\\\/\\\/www.koonings.com\\\/de\\\/product\\\/poirier-s220-080-1-med-schleier-80cm-einzeln-med\\\/#primaryimage\"},\"thumbnailUrl\":\"https:\\\/\\\/www.koonings.com\\\/wp-content\\\/uploads\\\/2025\\\/07\\\/50994_c9f5b5d72844fdf8fe912a402e11d999388738c6d676e0b0095068102ac841563f25cc6a.jpeg\",\"datePublished\":\"2026-05-06T13:34:42+00:00\",\"description\":\"Schleier aus einlagigem, mittelschwerem Schleiert\u00fcll, verziert mit gro\u00dfen Perlen Schleier aus der Romantic Collection von Poirier Aus einlagigem, mittelschwerem Schleiert\u00fcll Verziert mit gro\u00dfen Perlen Hat eine L\u00e4nge von 80 cm Erh\u00e4ltlich in der Farbe Elfenbein Kombinieren Sie diesen Schleier mit Ihrem Hochzeitskleid Suchen Sie einen Schleier mit einer dezenten Verzierung? Wenn Sie auf der Suche nach einem Schleier mit dezenter Verzierung sind, w\u00e4hlen Sie den Schleier S220-080\\\/1\\\/Med aus der Romantic Collection von Poirier. Dieser Schleier ist aus einlagigem mittelschwerem Schleiert\u00fcll gefertigt und mit gro\u00dfen Perlen verziert. Der Brautschleier hat eine L\u00e4nge von 80 cm und ist in der Farbe Elfenbein erh\u00e4ltlich. Kombinieren Sie diesen Schleier mit Ihrem Hochzeitskleid. W\u00e4hlen Sie einen Schleier mit dezenter Verzierung aus der Romantic Collection von Poirier. Features: Produkt: S220-080\\\/1\\\/Med - Schleier aus einlagigem, mittelschwerem Schleiert\u00fcll, mit gro\u00dfen Perlen verziert Features: Schleier aus einlagigem, mittelschwerem Schleiert\u00fcll, mit gro\u00dfen Perlen verziert, L\u00e4nge 80 cm, elfenbeinfarben Verwendung: - Passen Sie diesen Schleier zu Ihrem Brautkleid\",\"breadcrumb\":{\"@id\":\"https:\\\/\\\/www.koonings.com\\\/de\\\/product\\\/poirier-s220-080-1-med-schleier-80cm-einzeln-med\\\/#breadcrumb\"},\"inLanguage\":\"de\",\"potentialAction\":[{\"@type\":\"ReadAction\",\"target\":[\"https:\\\/\\\/www.koonings.com\\\/de\\\/product\\\/poirier-s220-080-1-med-schleier-80cm-einzeln-med\\\/\"]}]},{\"@type\":\"ImageObject\",\"inLanguage\":\"de\",\"@id\":\"https:\\\/\\\/www.koonings.com\\\/de\\\/product\\\/poirier-s220-080-1-med-schleier-80cm-einzeln-med\\\/#primaryimage\",\"url\":\"https:\\\/\\\/www.koonings.com\\\/wp-content\\\/uploads\\\/2025\\\/07\\\/50994_c9f5b5d72844fdf8fe912a402e11d999388738c6d676e0b0095068102ac841563f25cc6a.jpeg\",\"contentUrl\":\"https:\\\/\\\/www.koonings.com\\\/wp-content\\\/uploads\\\/2025\\\/07\\\/50994_c9f5b5d72844fdf8fe912a402e11d999388738c6d676e0b0095068102ac841563f25cc6a.jpeg\",\"width\":1000,\"height\":1330},{\"@type\":\"BreadcrumbList\",\"@id\":\"https:\\\/\\\/www.koonings.com\\\/de\\\/product\\\/poirier-s220-080-1-med-schleier-80cm-einzeln-med\\\/#breadcrumb\",\"itemListElement\":[{\"@type\":\"ListItem\",\"position\":1,\"name\":\"Home\",\"item\":\"https:\\\/\\\/www.koonings.com\\\/de\\\/\"},{\"@type\":\"ListItem\",\"position\":2,\"name\":\"Poirier S220-080\\\/1\\\/MED Schleier | 80cm | Einzeln | Med\"}]},{\"@type\":\"WebSite\",\"@id\":\"https:\\\/\\\/www.koonings.com\\\/de\\\/#website\",\"url\":\"https:\\\/\\\/www.koonings.com\\\/de\\\/\",\"name\":\"Koonings\",\"description\":\"De grootste bruidsmodewinkel ter wereld\",\"publisher\":{\"@id\":\"https:\\\/\\\/www.koonings.com\\\/de\\\/#organization\"},\"potentialAction\":[{\"@type\":\"SearchAction\",\"target\":{\"@type\":\"EntryPoint\",\"urlTemplate\":\"https:\\\/\\\/www.koonings.com\\\/de\\\/?s={search_term_string}\"},\"query-input\":{\"@type\":\"PropertyValueSpecification\",\"valueRequired\":true,\"valueName\":\"search_term_string\"}}],\"inLanguage\":\"de\"},{\"@type\":\"Organization\",\"@id\":\"https:\\\/\\\/www.koonings.com\\\/de\\\/#organization\",\"name\":\"Koonings\",\"url\":\"https:\\\/\\\/www.koonings.com\\\/de\\\/\",\"logo\":{\"@type\":\"ImageObject\",\"inLanguage\":\"de\",\"@id\":\"https:\\\/\\\/www.koonings.com\\\/de\\\/#\\\/schema\\\/logo\\\/image\\\/\",\"url\":\"https:\\\/\\\/www.koonings.com\\\/wp-content\\\/uploads\\\/2024\\\/07\\\/logo.png\",\"contentUrl\":\"https:\\\/\\\/www.koonings.com\\\/wp-content\\\/uploads\\\/2024\\\/07\\\/logo.png\",\"width\":600,\"height\":428,\"caption\":\"Koonings\"},\"image\":{\"@id\":\"https:\\\/\\\/www.koonings.com\\\/de\\\/#\\\/schema\\\/logo\\\/image\\\/\"},\"sameAs\":[\"https:\\\/\\\/www.facebook.com\\\/kooningstheweddingpalace\",\"https:\\\/\\\/www.instagram.com\\\/kooningstheweddingpalace\",\"https:\\\/\\\/www.pinterest.com\\\/koonings\",\"https:\\\/\\\/www.youtube.com\\\/kooningstheweddingpalace\"]}]}<\/script>\n<!-- \/ Yoast SEO plugin. -->","yoast_head_json":{"title":"Poirier S220-080\/1\/MED Schleier | 80cm | Einzeln | Med | Koonings","description":"Schleier aus einlagigem, mittelschwerem Schleiert\u00fcll, verziert mit gro\u00dfen Perlen Schleier aus der Romantic Collection von Poirier Aus einlagigem, mittelschwerem Schleiert\u00fcll Verziert mit gro\u00dfen Perlen Hat eine L\u00e4nge von 80 cm Erh\u00e4ltlich in der Farbe Elfenbein Kombinieren Sie diesen Schleier mit Ihrem Hochzeitskleid Suchen Sie einen Schleier mit einer dezenten Verzierung? Wenn Sie auf der Suche nach einem Schleier mit dezenter Verzierung sind, w\u00e4hlen Sie den Schleier S220-080\/1\/Med aus der Romantic Collection von Poirier. Dieser Schleier ist aus einlagigem mittelschwerem Schleiert\u00fcll gefertigt und mit gro\u00dfen Perlen verziert. Der Brautschleier hat eine L\u00e4nge von 80 cm und ist in der Farbe Elfenbein erh\u00e4ltlich. Kombinieren Sie diesen Schleier mit Ihrem Hochzeitskleid. W\u00e4hlen Sie einen Schleier mit dezenter Verzierung aus der Romantic Collection von Poirier. Features: Produkt: S220-080\/1\/Med - Schleier aus einlagigem, mittelschwerem Schleiert\u00fcll, mit gro\u00dfen Perlen verziert Features: Schleier aus einlagigem, mittelschwerem Schleiert\u00fcll, mit gro\u00dfen Perlen verziert, L\u00e4nge 80 cm, elfenbeinfarben Verwendung: - Passen Sie diesen Schleier zu Ihrem Brautkleid","robots":{"index":"index","follow":"follow","max-snippet":"max-snippet:-1","max-image-preview":"max-image-preview:large","max-video-preview":"max-video-preview:-1"},"canonical":"https:\/\/www.koonings.com\/de\/product\/poirier-s220-080-1-med-schleier-80cm-einzeln-med\/","og_locale":"de_DE","og_type":"article","og_title":"Poirier S220-080\/1\/MED Schleier | 80cm | Einzeln | Med | Koonings","og_description":"Schleier aus einlagigem, mittelschwerem Schleiert\u00fcll, verziert mit gro\u00dfen Perlen Schleier aus der Romantic Collection von Poirier Aus einlagigem, mittelschwerem Schleiert\u00fcll Verziert mit gro\u00dfen Perlen Hat eine L\u00e4nge von 80 cm Erh\u00e4ltlich in der Farbe Elfenbein Kombinieren Sie diesen Schleier mit Ihrem Hochzeitskleid Suchen Sie einen Schleier mit einer dezenten Verzierung? Wenn Sie auf der Suche nach einem Schleier mit dezenter Verzierung sind, w\u00e4hlen Sie den Schleier S220-080\/1\/Med aus der Romantic Collection von Poirier. Dieser Schleier ist aus einlagigem mittelschwerem Schleiert\u00fcll gefertigt und mit gro\u00dfen Perlen verziert. Der Brautschleier hat eine L\u00e4nge von 80 cm und ist in der Farbe Elfenbein erh\u00e4ltlich. Kombinieren Sie diesen Schleier mit Ihrem Hochzeitskleid. W\u00e4hlen Sie einen Schleier mit dezenter Verzierung aus der Romantic Collection von Poirier. Features: Produkt: S220-080\/1\/Med - Schleier aus einlagigem, mittelschwerem Schleiert\u00fcll, mit gro\u00dfen Perlen verziert Features: Schleier aus einlagigem, mittelschwerem Schleiert\u00fcll, mit gro\u00dfen Perlen verziert, L\u00e4nge 80 cm, elfenbeinfarben Verwendung: - Passen Sie diesen Schleier zu Ihrem Brautkleid","og_url":"https:\/\/www.koonings.com\/de\/product\/poirier-s220-080-1-med-schleier-80cm-einzeln-med\/","og_site_name":"Koonings","article_publisher":"https:\/\/www.facebook.com\/kooningstheweddingpalace","og_image":[{"width":1000,"height":1330,"url":"https:\/\/www.koonings.com\/wp-content\/uploads\/2025\/07\/50994_c9f5b5d72844fdf8fe912a402e11d999388738c6d676e0b0095068102ac841563f25cc6a.jpeg","type":"image\/jpeg"}],"twitter_card":"summary_large_image","twitter_misc":{"Gesch\u00e4tzte Lesezeit":"1\u00a0Minute"},"schema":{"@context":"https:\/\/schema.org","@graph":[{"@type":"WebPage","@id":"https:\/\/www.koonings.com\/de\/product\/poirier-s220-080-1-med-schleier-80cm-einzeln-med\/","url":"https:\/\/www.koonings.com\/de\/product\/poirier-s220-080-1-med-schleier-80cm-einzeln-med\/","name":"Poirier S220-080\/1\/MED Schleier | 80cm | Einzeln | Med | Koonings","isPartOf":{"@id":"https:\/\/www.koonings.com\/de\/#website"},"primaryImageOfPage":{"@id":"https:\/\/www.koonings.com\/de\/product\/poirier-s220-080-1-med-schleier-80cm-einzeln-med\/#primaryimage"},"image":{"@id":"https:\/\/www.koonings.com\/de\/product\/poirier-s220-080-1-med-schleier-80cm-einzeln-med\/#primaryimage"},"thumbnailUrl":"https:\/\/www.koonings.com\/wp-content\/uploads\/2025\/07\/50994_c9f5b5d72844fdf8fe912a402e11d999388738c6d676e0b0095068102ac841563f25cc6a.jpeg","datePublished":"2026-05-06T13:34:42+00:00","description":"Schleier aus einlagigem, mittelschwerem Schleiert\u00fcll, verziert mit gro\u00dfen Perlen Schleier aus der Romantic Collection von Poirier Aus einlagigem, mittelschwerem Schleiert\u00fcll Verziert mit gro\u00dfen Perlen Hat eine L\u00e4nge von 80 cm Erh\u00e4ltlich in der Farbe Elfenbein Kombinieren Sie diesen Schleier mit Ihrem Hochzeitskleid Suchen Sie einen Schleier mit einer dezenten Verzierung? Wenn Sie auf der Suche nach einem Schleier mit dezenter Verzierung sind, w\u00e4hlen Sie den Schleier S220-080\/1\/Med aus der Romantic Collection von Poirier. Dieser Schleier ist aus einlagigem mittelschwerem Schleiert\u00fcll gefertigt und mit gro\u00dfen Perlen verziert. Der Brautschleier hat eine L\u00e4nge von 80 cm und ist in der Farbe Elfenbein erh\u00e4ltlich. Kombinieren Sie diesen Schleier mit Ihrem Hochzeitskleid. W\u00e4hlen Sie einen Schleier mit dezenter Verzierung aus der Romantic Collection von Poirier. Features: Produkt: S220-080\/1\/Med - Schleier aus einlagigem, mittelschwerem Schleiert\u00fcll, mit gro\u00dfen Perlen verziert Features: Schleier aus einlagigem, mittelschwerem Schleiert\u00fcll, mit gro\u00dfen Perlen verziert, L\u00e4nge 80 cm, elfenbeinfarben Verwendung: - Passen Sie diesen Schleier zu Ihrem Brautkleid","breadcrumb":{"@id":"https:\/\/www.koonings.com\/de\/product\/poirier-s220-080-1-med-schleier-80cm-einzeln-med\/#breadcrumb"},"inLanguage":"de","potentialAction":[{"@type":"ReadAction","target":["https:\/\/www.koonings.com\/de\/product\/poirier-s220-080-1-med-schleier-80cm-einzeln-med\/"]}]},{"@type":"ImageObject","inLanguage":"de","@id":"https:\/\/www.koonings.com\/de\/product\/poirier-s220-080-1-med-schleier-80cm-einzeln-med\/#primaryimage","url":"https:\/\/www.koonings.com\/wp-content\/uploads\/2025\/07\/50994_c9f5b5d72844fdf8fe912a402e11d999388738c6d676e0b0095068102ac841563f25cc6a.jpeg","contentUrl":"https:\/\/www.koonings.com\/wp-content\/uploads\/2025\/07\/50994_c9f5b5d72844fdf8fe912a402e11d999388738c6d676e0b0095068102ac841563f25cc6a.jpeg","width":1000,"height":1330},{"@type":"BreadcrumbList","@id":"https:\/\/www.koonings.com\/de\/product\/poirier-s220-080-1-med-schleier-80cm-einzeln-med\/#breadcrumb","itemListElement":[{"@type":"ListItem","position":1,"name":"Home","item":"https:\/\/www.koonings.com\/de\/"},{"@type":"ListItem","position":2,"name":"Poirier S220-080\/1\/MED Schleier | 80cm | Einzeln | Med"}]},{"@type":"WebSite","@id":"https:\/\/www.koonings.com\/de\/#website","url":"https:\/\/www.koonings.com\/de\/","name":"Koonings","description":"De grootste bruidsmodewinkel ter wereld","publisher":{"@id":"https:\/\/www.koonings.com\/de\/#organization"},"potentialAction":[{"@type":"SearchAction","target":{"@type":"EntryPoint","urlTemplate":"https:\/\/www.koonings.com\/de\/?s={search_term_string}"},"query-input":{"@type":"PropertyValueSpecification","valueRequired":true,"valueName":"search_term_string"}}],"inLanguage":"de"},{"@type":"Organization","@id":"https:\/\/www.koonings.com\/de\/#organization","name":"Koonings","url":"https:\/\/www.koonings.com\/de\/","logo":{"@type":"ImageObject","inLanguage":"de","@id":"https:\/\/www.koonings.com\/de\/#\/schema\/logo\/image\/","url":"https:\/\/www.koonings.com\/wp-content\/uploads\/2024\/07\/logo.png","contentUrl":"https:\/\/www.koonings.com\/wp-content\/uploads\/2024\/07\/logo.png","width":600,"height":428,"caption":"Koonings"},"image":{"@id":"https:\/\/www.koonings.com\/de\/#\/schema\/logo\/image\/"},"sameAs":["https:\/\/www.facebook.com\/kooningstheweddingpalace","https:\/\/www.instagram.com\/kooningstheweddingpalace","https:\/\/www.pinterest.com\/koonings","https:\/\/www.youtube.com\/kooningstheweddingpalace"]}]}},"_links":{"self":[{"href":"https:\/\/www.koonings.com\/de\/wp-json\/wp\/v2\/product\/94031","targetHints":{"allow":["GET"]}}],"collection":[{"href":"https:\/\/www.koonings.com\/de\/wp-json\/wp\/v2\/product"}],"about":[{"href":"https:\/\/www.koonings.com\/de\/wp-json\/wp\/v2\/types\/product"}],"wp:featuredmedia":[{"embeddable":true,"href":"https:\/\/www.koonings.com\/de\/wp-json\/wp\/v2\/media\/87922"}],"wp:attachment":[{"href":"https:\/\/www.koonings.com\/de\/wp-json\/wp\/v2\/media?parent=94031"}],"wp:term":[{"taxonomy":"productdetails","embeddable":true,"href":"https:\/\/www.koonings.com\/de\/wp-json\/wp\/v2\/productdetails?post=94031"},{"taxonomy":"productneck","embeddable":true,"href":"https:\/\/www.koonings.com\/de\/wp-json\/wp\/v2\/productneck?post=94031"},{"taxonomy":"productcolor","embeddable":true,"href":"https:\/\/www.koonings.com\/de\/wp-json\/wp\/v2\/productcolor?post=94031"},{"taxonomy":"maat","embeddable":true,"href":"https:\/\/www.koonings.com\/de\/wp-json\/wp\/v2\/maat?post=94031"},{"taxonomy":"productsupplier","embeddable":true,"href":"https:\/\/www.koonings.com\/de\/wp-json\/wp\/v2\/productsupplier?post=94031"},{"taxonomy":"productsleeve","embeddable":true,"href":"https:\/\/www.koonings.com\/de\/wp-json\/wp\/v2\/productsleeve?post=94031"},{"taxonomy":"productcategory","embeddable":true,"href":"https:\/\/www.koonings.com\/de\/wp-json\/wp\/v2\/productcategory?post=94031"},{"taxonomy":"productsilhouette","embeddable":true,"href":"https:\/\/www.koonings.com\/de\/wp-json\/wp\/v2\/productsilhouette?post=94031"},{"taxonomy":"productstyle","embeddable":true,"href":"https:\/\/www.koonings.com\/de\/wp-json\/wp\/v2\/productstyle?post=94031"}],"curies":[{"name":"wp","href":"https:\/\/api.w.org\/{rel}","templated":true}]}}