{"id":93965,"date":"2026-04-28T18:40:43","date_gmt":"2026-04-28T16:40:43","guid":{"rendered":"https:\/\/www.koonings.com\/product\/azuree-braut-blanka-326-0121\/"},"modified":"2026-02-17T12:57:31","modified_gmt":"2026-02-17T11:57:31","slug":"azuree-braut-blanka-326-0121","status":"publish","type":"product","link":"https:\/\/www.koonings.com\/de\/product\/azuree-braut-blanka-326-0121\/","title":{"rendered":"Azuree Braut Blanka 326.0121"},"content":{"rendered":"<p>Das Hochzeitskleid von Blanka ist pure Verf\u00fchrung mit einem Hauch von Eleganz. Dieses glamour\u00f6se Meerjungfrauenkleid wurde f\u00fcr die moderne Braut entworfen, die ihre femininen Kurven mit Stolz zur Schau stellen m\u00f6chte. Das durchsichtige Mieder mit tiefem V-Ausschnitt und Spitzenapplikationen schmiegt sich nahtlos an den K\u00f6rper und schafft eine sinnliche Silhouette. Der schimmernde T\u00fcll am gesamten Kleid sorgt f\u00fcr ein subtiles Funkeln bei jedem Ihrer Schritte. Mit einem verf\u00fchrerischen tiefen R\u00fcckenausschnitt, zarten Schultertr\u00e4gern aus Spitze und einer romantischen Schleppe ist Blanka die perfekte Wahl f\u00fcr eine Abendveranstaltung oder eine schicke Hochzeit in der Stadt.    <\/p>\n","protected":false},"featured_media":92087,"template":"","meta":{"_acf_changed":false,"ghostkit_customizer_options":"","ghostkit_custom_css":"","ghostkit_custom_js_head":"","ghostkit_custom_js_foot":"","ghostkit_typography":""},"productdetails":[379,377,376,381],"productneck":[356],"productcolor":[393,392],"maat":[],"productsupplier":[533],"productsleeve":[359],"productcategory":[18],"productsilhouette":[387],"productstyle":[366],"class_list":["post-93965","product","type-product","status-publish","has-post-thumbnail","hentry","productdetails-379","productdetails-377","productdetails-376","productdetails-381","productneck-356","productcolor-393","productcolor-392","productsupplier-azuree-bridal","productsleeve-359","productcategory-trouwjurken","productsilhouette-387","productstyle-366"],"acf":[],"yoast_head":"<!-- This site is optimized with the Yoast SEO plugin v27.3 - https:\/\/yoast.com\/product\/yoast-seo-wordpress\/ -->\n<title>Azuree Braut Blanka 326.0121 | Koonings<\/title>\n<meta name=\"description\" content=\"Das Hochzeitskleid von Blanka ist pure Verf\u00fchrung mit einem Hauch von Eleganz. Dieses glamour\u00f6se Meerjungfrauenkleid wurde f\u00fcr die moderne Braut entworfen, die ihre femininen Kurven mit Stolz zur Schau stellen m\u00f6chte. Das durchsichtige Mieder mit tiefem V-Ausschnitt und Spitzenapplikationen schmiegt sich nahtlos an den K\u00f6rper und schafft eine sinnliche Silhouette. Der schimmernde T\u00fcll am gesamten Kleid sorgt f\u00fcr ein subtiles Funkeln bei jedem Ihrer Schritte. Mit einem verf\u00fchrerischen tiefen R\u00fcckenausschnitt, zarten Schultertr\u00e4gern aus Spitze und einer romantischen Schleppe ist Blanka die perfekte Wahl f\u00fcr eine Abendveranstaltung oder eine schicke Hochzeit in der Stadt.\" \/>\n<meta name=\"robots\" content=\"index, follow, max-snippet:-1, max-image-preview:large, max-video-preview:-1\" \/>\n<link rel=\"canonical\" href=\"https:\/\/www.koonings.com\/de\/product\/azuree-braut-blanka-326-0121\/\" \/>\n<meta property=\"og:locale\" content=\"de_DE\" \/>\n<meta property=\"og:type\" content=\"article\" \/>\n<meta property=\"og:title\" content=\"Azuree Braut Blanka 326.0121 | Koonings\" \/>\n<meta property=\"og:description\" content=\"Das Hochzeitskleid von Blanka ist pure Verf\u00fchrung mit einem Hauch von Eleganz. Dieses glamour\u00f6se Meerjungfrauenkleid wurde f\u00fcr die moderne Braut entworfen, die ihre femininen Kurven mit Stolz zur Schau stellen m\u00f6chte. Das durchsichtige Mieder mit tiefem V-Ausschnitt und Spitzenapplikationen schmiegt sich nahtlos an den K\u00f6rper und schafft eine sinnliche Silhouette. Der schimmernde T\u00fcll am gesamten Kleid sorgt f\u00fcr ein subtiles Funkeln bei jedem Ihrer Schritte. Mit einem verf\u00fchrerischen tiefen R\u00fcckenausschnitt, zarten Schultertr\u00e4gern aus Spitze und einer romantischen Schleppe ist Blanka die perfekte Wahl f\u00fcr eine Abendveranstaltung oder eine schicke Hochzeit in der Stadt.\" \/>\n<meta property=\"og:url\" content=\"https:\/\/www.koonings.com\/de\/product\/azuree-braut-blanka-326-0121\/\" \/>\n<meta property=\"og:site_name\" content=\"Koonings\" \/>\n<meta property=\"article:publisher\" content=\"https:\/\/www.facebook.com\/kooningstheweddingpalace\" \/>\n<meta property=\"og:image\" content=\"https:\/\/www.koonings.com\/wp-content\/uploads\/2025\/09\/51508_1417fa61873160f90d7c7e0c8b9001f2332022d6c500d475c429f52b1809848df53c66aa.jpeg\" \/>\n\t<meta property=\"og:image:width\" content=\"1597\" \/>\n\t<meta property=\"og:image:height\" content=\"2259\" \/>\n\t<meta property=\"og:image:type\" content=\"image\/jpeg\" \/>\n<meta name=\"twitter:card\" content=\"summary_large_image\" \/>\n<meta name=\"twitter:label1\" content=\"Gesch\u00e4tzte Lesezeit\" \/>\n\t<meta name=\"twitter:data1\" content=\"1\u00a0Minute\" \/>\n<script type=\"application\/ld+json\" class=\"yoast-schema-graph\">{\"@context\":\"https:\\\/\\\/schema.org\",\"@graph\":[{\"@type\":\"WebPage\",\"@id\":\"https:\\\/\\\/www.koonings.com\\\/de\\\/product\\\/azuree-braut-blanka-326-0121\\\/\",\"url\":\"https:\\\/\\\/www.koonings.com\\\/de\\\/product\\\/azuree-braut-blanka-326-0121\\\/\",\"name\":\"Azuree Braut Blanka 326.0121 | Koonings\",\"isPartOf\":{\"@id\":\"https:\\\/\\\/www.koonings.com\\\/de\\\/#website\"},\"primaryImageOfPage\":{\"@id\":\"https:\\\/\\\/www.koonings.com\\\/de\\\/product\\\/azuree-braut-blanka-326-0121\\\/#primaryimage\"},\"image\":{\"@id\":\"https:\\\/\\\/www.koonings.com\\\/de\\\/product\\\/azuree-braut-blanka-326-0121\\\/#primaryimage\"},\"thumbnailUrl\":\"https:\\\/\\\/www.koonings.com\\\/wp-content\\\/uploads\\\/2025\\\/09\\\/51508_1417fa61873160f90d7c7e0c8b9001f2332022d6c500d475c429f52b1809848df53c66aa.jpeg\",\"datePublished\":\"2026-04-28T16:40:43+00:00\",\"description\":\"Das Hochzeitskleid von Blanka ist pure Verf\u00fchrung mit einem Hauch von Eleganz. Dieses glamour\u00f6se Meerjungfrauenkleid wurde f\u00fcr die moderne Braut entworfen, die ihre femininen Kurven mit Stolz zur Schau stellen m\u00f6chte. Das durchsichtige Mieder mit tiefem V-Ausschnitt und Spitzenapplikationen schmiegt sich nahtlos an den K\u00f6rper und schafft eine sinnliche Silhouette. Der schimmernde T\u00fcll am gesamten Kleid sorgt f\u00fcr ein subtiles Funkeln bei jedem Ihrer Schritte. Mit einem verf\u00fchrerischen tiefen R\u00fcckenausschnitt, zarten Schultertr\u00e4gern aus Spitze und einer romantischen Schleppe ist Blanka die perfekte Wahl f\u00fcr eine Abendveranstaltung oder eine schicke Hochzeit in der Stadt.\",\"breadcrumb\":{\"@id\":\"https:\\\/\\\/www.koonings.com\\\/de\\\/product\\\/azuree-braut-blanka-326-0121\\\/#breadcrumb\"},\"inLanguage\":\"de\",\"potentialAction\":[{\"@type\":\"ReadAction\",\"target\":[\"https:\\\/\\\/www.koonings.com\\\/de\\\/product\\\/azuree-braut-blanka-326-0121\\\/\"]}]},{\"@type\":\"ImageObject\",\"inLanguage\":\"de\",\"@id\":\"https:\\\/\\\/www.koonings.com\\\/de\\\/product\\\/azuree-braut-blanka-326-0121\\\/#primaryimage\",\"url\":\"https:\\\/\\\/www.koonings.com\\\/wp-content\\\/uploads\\\/2025\\\/09\\\/51508_1417fa61873160f90d7c7e0c8b9001f2332022d6c500d475c429f52b1809848df53c66aa.jpeg\",\"contentUrl\":\"https:\\\/\\\/www.koonings.com\\\/wp-content\\\/uploads\\\/2025\\\/09\\\/51508_1417fa61873160f90d7c7e0c8b9001f2332022d6c500d475c429f52b1809848df53c66aa.jpeg\",\"width\":1597,\"height\":2259},{\"@type\":\"BreadcrumbList\",\"@id\":\"https:\\\/\\\/www.koonings.com\\\/de\\\/product\\\/azuree-braut-blanka-326-0121\\\/#breadcrumb\",\"itemListElement\":[{\"@type\":\"ListItem\",\"position\":1,\"name\":\"Home\",\"item\":\"https:\\\/\\\/www.koonings.com\\\/de\\\/\"},{\"@type\":\"ListItem\",\"position\":2,\"name\":\"Azuree Braut Blanka 326.0121\"}]},{\"@type\":\"WebSite\",\"@id\":\"https:\\\/\\\/www.koonings.com\\\/de\\\/#website\",\"url\":\"https:\\\/\\\/www.koonings.com\\\/de\\\/\",\"name\":\"Koonings\",\"description\":\"De grootste bruidsmodewinkel ter wereld\",\"publisher\":{\"@id\":\"https:\\\/\\\/www.koonings.com\\\/de\\\/#organization\"},\"potentialAction\":[{\"@type\":\"SearchAction\",\"target\":{\"@type\":\"EntryPoint\",\"urlTemplate\":\"https:\\\/\\\/www.koonings.com\\\/de\\\/?s={search_term_string}\"},\"query-input\":{\"@type\":\"PropertyValueSpecification\",\"valueRequired\":true,\"valueName\":\"search_term_string\"}}],\"inLanguage\":\"de\"},{\"@type\":\"Organization\",\"@id\":\"https:\\\/\\\/www.koonings.com\\\/de\\\/#organization\",\"name\":\"Koonings\",\"url\":\"https:\\\/\\\/www.koonings.com\\\/de\\\/\",\"logo\":{\"@type\":\"ImageObject\",\"inLanguage\":\"de\",\"@id\":\"https:\\\/\\\/www.koonings.com\\\/de\\\/#\\\/schema\\\/logo\\\/image\\\/\",\"url\":\"https:\\\/\\\/www.koonings.com\\\/wp-content\\\/uploads\\\/2024\\\/07\\\/logo.png\",\"contentUrl\":\"https:\\\/\\\/www.koonings.com\\\/wp-content\\\/uploads\\\/2024\\\/07\\\/logo.png\",\"width\":600,\"height\":428,\"caption\":\"Koonings\"},\"image\":{\"@id\":\"https:\\\/\\\/www.koonings.com\\\/de\\\/#\\\/schema\\\/logo\\\/image\\\/\"},\"sameAs\":[\"https:\\\/\\\/www.facebook.com\\\/kooningstheweddingpalace\",\"https:\\\/\\\/www.instagram.com\\\/kooningstheweddingpalace\",\"https:\\\/\\\/www.pinterest.com\\\/koonings\",\"https:\\\/\\\/www.youtube.com\\\/kooningstheweddingpalace\"]}]}<\/script>\n<!-- \/ Yoast SEO plugin. -->","yoast_head_json":{"title":"Azuree Braut Blanka 326.0121 | Koonings","description":"Das Hochzeitskleid von Blanka ist pure Verf\u00fchrung mit einem Hauch von Eleganz. Dieses glamour\u00f6se Meerjungfrauenkleid wurde f\u00fcr die moderne Braut entworfen, die ihre femininen Kurven mit Stolz zur Schau stellen m\u00f6chte. Das durchsichtige Mieder mit tiefem V-Ausschnitt und Spitzenapplikationen schmiegt sich nahtlos an den K\u00f6rper und schafft eine sinnliche Silhouette. Der schimmernde T\u00fcll am gesamten Kleid sorgt f\u00fcr ein subtiles Funkeln bei jedem Ihrer Schritte. Mit einem verf\u00fchrerischen tiefen R\u00fcckenausschnitt, zarten Schultertr\u00e4gern aus Spitze und einer romantischen Schleppe ist Blanka die perfekte Wahl f\u00fcr eine Abendveranstaltung oder eine schicke Hochzeit in der Stadt.","robots":{"index":"index","follow":"follow","max-snippet":"max-snippet:-1","max-image-preview":"max-image-preview:large","max-video-preview":"max-video-preview:-1"},"canonical":"https:\/\/www.koonings.com\/de\/product\/azuree-braut-blanka-326-0121\/","og_locale":"de_DE","og_type":"article","og_title":"Azuree Braut Blanka 326.0121 | Koonings","og_description":"Das Hochzeitskleid von Blanka ist pure Verf\u00fchrung mit einem Hauch von Eleganz. Dieses glamour\u00f6se Meerjungfrauenkleid wurde f\u00fcr die moderne Braut entworfen, die ihre femininen Kurven mit Stolz zur Schau stellen m\u00f6chte. Das durchsichtige Mieder mit tiefem V-Ausschnitt und Spitzenapplikationen schmiegt sich nahtlos an den K\u00f6rper und schafft eine sinnliche Silhouette. Der schimmernde T\u00fcll am gesamten Kleid sorgt f\u00fcr ein subtiles Funkeln bei jedem Ihrer Schritte. Mit einem verf\u00fchrerischen tiefen R\u00fcckenausschnitt, zarten Schultertr\u00e4gern aus Spitze und einer romantischen Schleppe ist Blanka die perfekte Wahl f\u00fcr eine Abendveranstaltung oder eine schicke Hochzeit in der Stadt.","og_url":"https:\/\/www.koonings.com\/de\/product\/azuree-braut-blanka-326-0121\/","og_site_name":"Koonings","article_publisher":"https:\/\/www.facebook.com\/kooningstheweddingpalace","og_image":[{"width":1597,"height":2259,"url":"https:\/\/www.koonings.com\/wp-content\/uploads\/2025\/09\/51508_1417fa61873160f90d7c7e0c8b9001f2332022d6c500d475c429f52b1809848df53c66aa.jpeg","type":"image\/jpeg"}],"twitter_card":"summary_large_image","twitter_misc":{"Gesch\u00e4tzte Lesezeit":"1\u00a0Minute"},"schema":{"@context":"https:\/\/schema.org","@graph":[{"@type":"WebPage","@id":"https:\/\/www.koonings.com\/de\/product\/azuree-braut-blanka-326-0121\/","url":"https:\/\/www.koonings.com\/de\/product\/azuree-braut-blanka-326-0121\/","name":"Azuree Braut Blanka 326.0121 | Koonings","isPartOf":{"@id":"https:\/\/www.koonings.com\/de\/#website"},"primaryImageOfPage":{"@id":"https:\/\/www.koonings.com\/de\/product\/azuree-braut-blanka-326-0121\/#primaryimage"},"image":{"@id":"https:\/\/www.koonings.com\/de\/product\/azuree-braut-blanka-326-0121\/#primaryimage"},"thumbnailUrl":"https:\/\/www.koonings.com\/wp-content\/uploads\/2025\/09\/51508_1417fa61873160f90d7c7e0c8b9001f2332022d6c500d475c429f52b1809848df53c66aa.jpeg","datePublished":"2026-04-28T16:40:43+00:00","description":"Das Hochzeitskleid von Blanka ist pure Verf\u00fchrung mit einem Hauch von Eleganz. Dieses glamour\u00f6se Meerjungfrauenkleid wurde f\u00fcr die moderne Braut entworfen, die ihre femininen Kurven mit Stolz zur Schau stellen m\u00f6chte. Das durchsichtige Mieder mit tiefem V-Ausschnitt und Spitzenapplikationen schmiegt sich nahtlos an den K\u00f6rper und schafft eine sinnliche Silhouette. Der schimmernde T\u00fcll am gesamten Kleid sorgt f\u00fcr ein subtiles Funkeln bei jedem Ihrer Schritte. Mit einem verf\u00fchrerischen tiefen R\u00fcckenausschnitt, zarten Schultertr\u00e4gern aus Spitze und einer romantischen Schleppe ist Blanka die perfekte Wahl f\u00fcr eine Abendveranstaltung oder eine schicke Hochzeit in der Stadt.","breadcrumb":{"@id":"https:\/\/www.koonings.com\/de\/product\/azuree-braut-blanka-326-0121\/#breadcrumb"},"inLanguage":"de","potentialAction":[{"@type":"ReadAction","target":["https:\/\/www.koonings.com\/de\/product\/azuree-braut-blanka-326-0121\/"]}]},{"@type":"ImageObject","inLanguage":"de","@id":"https:\/\/www.koonings.com\/de\/product\/azuree-braut-blanka-326-0121\/#primaryimage","url":"https:\/\/www.koonings.com\/wp-content\/uploads\/2025\/09\/51508_1417fa61873160f90d7c7e0c8b9001f2332022d6c500d475c429f52b1809848df53c66aa.jpeg","contentUrl":"https:\/\/www.koonings.com\/wp-content\/uploads\/2025\/09\/51508_1417fa61873160f90d7c7e0c8b9001f2332022d6c500d475c429f52b1809848df53c66aa.jpeg","width":1597,"height":2259},{"@type":"BreadcrumbList","@id":"https:\/\/www.koonings.com\/de\/product\/azuree-braut-blanka-326-0121\/#breadcrumb","itemListElement":[{"@type":"ListItem","position":1,"name":"Home","item":"https:\/\/www.koonings.com\/de\/"},{"@type":"ListItem","position":2,"name":"Azuree Braut Blanka 326.0121"}]},{"@type":"WebSite","@id":"https:\/\/www.koonings.com\/de\/#website","url":"https:\/\/www.koonings.com\/de\/","name":"Koonings","description":"De grootste bruidsmodewinkel ter wereld","publisher":{"@id":"https:\/\/www.koonings.com\/de\/#organization"},"potentialAction":[{"@type":"SearchAction","target":{"@type":"EntryPoint","urlTemplate":"https:\/\/www.koonings.com\/de\/?s={search_term_string}"},"query-input":{"@type":"PropertyValueSpecification","valueRequired":true,"valueName":"search_term_string"}}],"inLanguage":"de"},{"@type":"Organization","@id":"https:\/\/www.koonings.com\/de\/#organization","name":"Koonings","url":"https:\/\/www.koonings.com\/de\/","logo":{"@type":"ImageObject","inLanguage":"de","@id":"https:\/\/www.koonings.com\/de\/#\/schema\/logo\/image\/","url":"https:\/\/www.koonings.com\/wp-content\/uploads\/2024\/07\/logo.png","contentUrl":"https:\/\/www.koonings.com\/wp-content\/uploads\/2024\/07\/logo.png","width":600,"height":428,"caption":"Koonings"},"image":{"@id":"https:\/\/www.koonings.com\/de\/#\/schema\/logo\/image\/"},"sameAs":["https:\/\/www.facebook.com\/kooningstheweddingpalace","https:\/\/www.instagram.com\/kooningstheweddingpalace","https:\/\/www.pinterest.com\/koonings","https:\/\/www.youtube.com\/kooningstheweddingpalace"]}]}},"_links":{"self":[{"href":"https:\/\/www.koonings.com\/de\/wp-json\/wp\/v2\/product\/93965","targetHints":{"allow":["GET"]}}],"collection":[{"href":"https:\/\/www.koonings.com\/de\/wp-json\/wp\/v2\/product"}],"about":[{"href":"https:\/\/www.koonings.com\/de\/wp-json\/wp\/v2\/types\/product"}],"wp:featuredmedia":[{"embeddable":true,"href":"https:\/\/www.koonings.com\/de\/wp-json\/wp\/v2\/media\/92087"}],"wp:attachment":[{"href":"https:\/\/www.koonings.com\/de\/wp-json\/wp\/v2\/media?parent=93965"}],"wp:term":[{"taxonomy":"productdetails","embeddable":true,"href":"https:\/\/www.koonings.com\/de\/wp-json\/wp\/v2\/productdetails?post=93965"},{"taxonomy":"productneck","embeddable":true,"href":"https:\/\/www.koonings.com\/de\/wp-json\/wp\/v2\/productneck?post=93965"},{"taxonomy":"productcolor","embeddable":true,"href":"https:\/\/www.koonings.com\/de\/wp-json\/wp\/v2\/productcolor?post=93965"},{"taxonomy":"maat","embeddable":true,"href":"https:\/\/www.koonings.com\/de\/wp-json\/wp\/v2\/maat?post=93965"},{"taxonomy":"productsupplier","embeddable":true,"href":"https:\/\/www.koonings.com\/de\/wp-json\/wp\/v2\/productsupplier?post=93965"},{"taxonomy":"productsleeve","embeddable":true,"href":"https:\/\/www.koonings.com\/de\/wp-json\/wp\/v2\/productsleeve?post=93965"},{"taxonomy":"productcategory","embeddable":true,"href":"https:\/\/www.koonings.com\/de\/wp-json\/wp\/v2\/productcategory?post=93965"},{"taxonomy":"productsilhouette","embeddable":true,"href":"https:\/\/www.koonings.com\/de\/wp-json\/wp\/v2\/productsilhouette?post=93965"},{"taxonomy":"productstyle","embeddable":true,"href":"https:\/\/www.koonings.com\/de\/wp-json\/wp\/v2\/productstyle?post=93965"}],"curies":[{"name":"wp","href":"https:\/\/api.w.org\/{rel}","templated":true}]}}