{"id":93964,"date":"2026-04-28T18:40:32","date_gmt":"2026-04-28T16:40:32","guid":{"rendered":"https:\/\/www.koonings.com\/product\/azuree-braut-anja-426-0232\/"},"modified":"2026-02-17T12:56:28","modified_gmt":"2026-02-17T11:56:28","slug":"azuree-braut-anja-426-0232","status":"publish","type":"product","link":"https:\/\/www.koonings.com\/de\/product\/azuree-braut-anja-426-0232\/","title":{"rendered":"Azuree Braut Anja 426.0232"},"content":{"rendered":"<p>Das Anja Hochzeitskleid ist eine wunderbare Wahl f\u00fcr Br\u00e4ute, die einen klassischen und romantischen Stil suchen. Dieses Kleid hat einen raffinierten schulterfreien Ausschnitt mit langen \u00c4rmeln, die f\u00fcr einen eleganten und femininen Look sorgen. Die zarten 3D-Blumenapplikationen auf der Spitze verleihen dem Kleid eine zus\u00e4tzliche Dimension und sorgen f\u00fcr ein m\u00e4rchenhaftes Gef\u00fchl. Das durchsichtige Mieder verleiht dem Kleid einen subtilen, verf\u00fchrerischen Touch, ohne den klassischen Look des Kleides zu beeintr\u00e4chtigen. Der Prinzessinnenrock schafft eine majest\u00e4tische Silhouette, die perfekt f\u00fcr eine Braut ist, die einen dramatischen Auftritt hinlegen m\u00f6chte. Dieser Rock ist so konzipiert, dass er sich wunderbar bewegen l\u00e4sst, so dass sich jeder Schritt anmutig und flie\u00dfend anf\u00fchlt. Das alles macht das Anja Brautkleid ideal f\u00fcr Br\u00e4ute, die Romantik, Eleganz und einen Hauch von M\u00e4rchenzauber an ihrem besonderen Tag lieben.      <\/p>\n","protected":false},"featured_media":92459,"template":"","meta":{"_acf_changed":false,"ghostkit_customizer_options":"","ghostkit_custom_css":"","ghostkit_custom_js_head":"","ghostkit_custom_js_foot":"","ghostkit_typography":""},"productdetails":[379,376],"productneck":[352],"productcolor":[393,392],"maat":[],"productsupplier":[533],"productsleeve":[362,363],"productcategory":[18],"productsilhouette":[388],"productstyle":[369,372,366],"class_list":["post-93964","product","type-product","status-publish","has-post-thumbnail","hentry","productdetails-379","productdetails-376","productneck-352","productcolor-393","productcolor-392","productsupplier-azuree-bridal","productsleeve-362","productsleeve-363","productcategory-trouwjurken","productsilhouette-388","productstyle-369","productstyle-372","productstyle-366"],"acf":[],"yoast_head":"<!-- This site is optimized with the Yoast SEO plugin v27.3 - https:\/\/yoast.com\/product\/yoast-seo-wordpress\/ -->\n<title>Azuree Braut Anja 426.0232 | Koonings<\/title>\n<meta name=\"description\" content=\"Das Anja Hochzeitskleid ist eine wunderbare Wahl f\u00fcr Br\u00e4ute, die einen klassischen und romantischen Stil suchen. Dieses Kleid hat einen raffinierten schulterfreien Ausschnitt mit langen \u00c4rmeln, die f\u00fcr einen eleganten und femininen Look sorgen. Die zarten 3D-Blumenapplikationen auf der Spitze verleihen dem Kleid eine zus\u00e4tzliche Dimension und sorgen f\u00fcr ein m\u00e4rchenhaftes Gef\u00fchl. Das durchsichtige Mieder verleiht dem Kleid einen subtilen, verf\u00fchrerischen Touch, ohne den klassischen Look des Kleides zu beeintr\u00e4chtigen. Der Prinzessinnenrock schafft eine majest\u00e4tische Silhouette, die perfekt f\u00fcr eine Braut ist, die einen dramatischen Auftritt hinlegen m\u00f6chte. Dieser Rock ist so konzipiert, dass er sich wunderbar bewegen l\u00e4sst, so dass sich jeder Schritt anmutig und flie\u00dfend anf\u00fchlt. Das alles macht das Anja Brautkleid ideal f\u00fcr Br\u00e4ute, die Romantik, Eleganz und einen Hauch von M\u00e4rchenzauber an ihrem besonderen Tag lieben.\" \/>\n<meta name=\"robots\" content=\"index, follow, max-snippet:-1, max-image-preview:large, max-video-preview:-1\" \/>\n<link rel=\"canonical\" href=\"https:\/\/www.koonings.com\/de\/product\/azuree-braut-anja-426-0232\/\" \/>\n<meta property=\"og:locale\" content=\"de_DE\" \/>\n<meta property=\"og:type\" content=\"article\" \/>\n<meta property=\"og:title\" content=\"Azuree Braut Anja 426.0232 | Koonings\" \/>\n<meta property=\"og:description\" content=\"Das Anja Hochzeitskleid ist eine wunderbare Wahl f\u00fcr Br\u00e4ute, die einen klassischen und romantischen Stil suchen. Dieses Kleid hat einen raffinierten schulterfreien Ausschnitt mit langen \u00c4rmeln, die f\u00fcr einen eleganten und femininen Look sorgen. Die zarten 3D-Blumenapplikationen auf der Spitze verleihen dem Kleid eine zus\u00e4tzliche Dimension und sorgen f\u00fcr ein m\u00e4rchenhaftes Gef\u00fchl. Das durchsichtige Mieder verleiht dem Kleid einen subtilen, verf\u00fchrerischen Touch, ohne den klassischen Look des Kleides zu beeintr\u00e4chtigen. Der Prinzessinnenrock schafft eine majest\u00e4tische Silhouette, die perfekt f\u00fcr eine Braut ist, die einen dramatischen Auftritt hinlegen m\u00f6chte. Dieser Rock ist so konzipiert, dass er sich wunderbar bewegen l\u00e4sst, so dass sich jeder Schritt anmutig und flie\u00dfend anf\u00fchlt. Das alles macht das Anja Brautkleid ideal f\u00fcr Br\u00e4ute, die Romantik, Eleganz und einen Hauch von M\u00e4rchenzauber an ihrem besonderen Tag lieben.\" \/>\n<meta property=\"og:url\" content=\"https:\/\/www.koonings.com\/de\/product\/azuree-braut-anja-426-0232\/\" \/>\n<meta property=\"og:site_name\" content=\"Koonings\" \/>\n<meta property=\"article:publisher\" content=\"https:\/\/www.facebook.com\/kooningstheweddingpalace\" \/>\n<meta property=\"og:image\" content=\"https:\/\/www.koonings.com\/wp-content\/uploads\/2025\/09\/51479_f8c72b5c9495c8a170719ac1f3b2374cb3b5f7dba181ff478a3a414a4d6569d2e8ff5b26.jpeg\" \/>\n\t<meta property=\"og:image:width\" content=\"1536\" \/>\n\t<meta property=\"og:image:height\" content=\"2170\" \/>\n\t<meta property=\"og:image:type\" content=\"image\/jpeg\" \/>\n<meta name=\"twitter:card\" content=\"summary_large_image\" \/>\n<meta name=\"twitter:label1\" content=\"Gesch\u00e4tzte Lesezeit\" \/>\n\t<meta name=\"twitter:data1\" content=\"1\u00a0Minute\" \/>\n<script type=\"application\/ld+json\" class=\"yoast-schema-graph\">{\"@context\":\"https:\\\/\\\/schema.org\",\"@graph\":[{\"@type\":\"WebPage\",\"@id\":\"https:\\\/\\\/www.koonings.com\\\/de\\\/product\\\/azuree-braut-anja-426-0232\\\/\",\"url\":\"https:\\\/\\\/www.koonings.com\\\/de\\\/product\\\/azuree-braut-anja-426-0232\\\/\",\"name\":\"Azuree Braut Anja 426.0232 | Koonings\",\"isPartOf\":{\"@id\":\"https:\\\/\\\/www.koonings.com\\\/de\\\/#website\"},\"primaryImageOfPage\":{\"@id\":\"https:\\\/\\\/www.koonings.com\\\/de\\\/product\\\/azuree-braut-anja-426-0232\\\/#primaryimage\"},\"image\":{\"@id\":\"https:\\\/\\\/www.koonings.com\\\/de\\\/product\\\/azuree-braut-anja-426-0232\\\/#primaryimage\"},\"thumbnailUrl\":\"https:\\\/\\\/www.koonings.com\\\/wp-content\\\/uploads\\\/2025\\\/09\\\/51479_f8c72b5c9495c8a170719ac1f3b2374cb3b5f7dba181ff478a3a414a4d6569d2e8ff5b26.jpeg\",\"datePublished\":\"2026-04-28T16:40:32+00:00\",\"description\":\"Das Anja Hochzeitskleid ist eine wunderbare Wahl f\u00fcr Br\u00e4ute, die einen klassischen und romantischen Stil suchen. Dieses Kleid hat einen raffinierten schulterfreien Ausschnitt mit langen \u00c4rmeln, die f\u00fcr einen eleganten und femininen Look sorgen. Die zarten 3D-Blumenapplikationen auf der Spitze verleihen dem Kleid eine zus\u00e4tzliche Dimension und sorgen f\u00fcr ein m\u00e4rchenhaftes Gef\u00fchl. Das durchsichtige Mieder verleiht dem Kleid einen subtilen, verf\u00fchrerischen Touch, ohne den klassischen Look des Kleides zu beeintr\u00e4chtigen. Der Prinzessinnenrock schafft eine majest\u00e4tische Silhouette, die perfekt f\u00fcr eine Braut ist, die einen dramatischen Auftritt hinlegen m\u00f6chte. Dieser Rock ist so konzipiert, dass er sich wunderbar bewegen l\u00e4sst, so dass sich jeder Schritt anmutig und flie\u00dfend anf\u00fchlt. Das alles macht das Anja Brautkleid ideal f\u00fcr Br\u00e4ute, die Romantik, Eleganz und einen Hauch von M\u00e4rchenzauber an ihrem besonderen Tag lieben.\",\"breadcrumb\":{\"@id\":\"https:\\\/\\\/www.koonings.com\\\/de\\\/product\\\/azuree-braut-anja-426-0232\\\/#breadcrumb\"},\"inLanguage\":\"de\",\"potentialAction\":[{\"@type\":\"ReadAction\",\"target\":[\"https:\\\/\\\/www.koonings.com\\\/de\\\/product\\\/azuree-braut-anja-426-0232\\\/\"]}]},{\"@type\":\"ImageObject\",\"inLanguage\":\"de\",\"@id\":\"https:\\\/\\\/www.koonings.com\\\/de\\\/product\\\/azuree-braut-anja-426-0232\\\/#primaryimage\",\"url\":\"https:\\\/\\\/www.koonings.com\\\/wp-content\\\/uploads\\\/2025\\\/09\\\/51479_f8c72b5c9495c8a170719ac1f3b2374cb3b5f7dba181ff478a3a414a4d6569d2e8ff5b26.jpeg\",\"contentUrl\":\"https:\\\/\\\/www.koonings.com\\\/wp-content\\\/uploads\\\/2025\\\/09\\\/51479_f8c72b5c9495c8a170719ac1f3b2374cb3b5f7dba181ff478a3a414a4d6569d2e8ff5b26.jpeg\",\"width\":1536,\"height\":2170},{\"@type\":\"BreadcrumbList\",\"@id\":\"https:\\\/\\\/www.koonings.com\\\/de\\\/product\\\/azuree-braut-anja-426-0232\\\/#breadcrumb\",\"itemListElement\":[{\"@type\":\"ListItem\",\"position\":1,\"name\":\"Home\",\"item\":\"https:\\\/\\\/www.koonings.com\\\/de\\\/\"},{\"@type\":\"ListItem\",\"position\":2,\"name\":\"Azuree Braut Anja 426.0232\"}]},{\"@type\":\"WebSite\",\"@id\":\"https:\\\/\\\/www.koonings.com\\\/de\\\/#website\",\"url\":\"https:\\\/\\\/www.koonings.com\\\/de\\\/\",\"name\":\"Koonings\",\"description\":\"De grootste bruidsmodewinkel ter wereld\",\"publisher\":{\"@id\":\"https:\\\/\\\/www.koonings.com\\\/de\\\/#organization\"},\"potentialAction\":[{\"@type\":\"SearchAction\",\"target\":{\"@type\":\"EntryPoint\",\"urlTemplate\":\"https:\\\/\\\/www.koonings.com\\\/de\\\/?s={search_term_string}\"},\"query-input\":{\"@type\":\"PropertyValueSpecification\",\"valueRequired\":true,\"valueName\":\"search_term_string\"}}],\"inLanguage\":\"de\"},{\"@type\":\"Organization\",\"@id\":\"https:\\\/\\\/www.koonings.com\\\/de\\\/#organization\",\"name\":\"Koonings\",\"url\":\"https:\\\/\\\/www.koonings.com\\\/de\\\/\",\"logo\":{\"@type\":\"ImageObject\",\"inLanguage\":\"de\",\"@id\":\"https:\\\/\\\/www.koonings.com\\\/de\\\/#\\\/schema\\\/logo\\\/image\\\/\",\"url\":\"https:\\\/\\\/www.koonings.com\\\/wp-content\\\/uploads\\\/2024\\\/07\\\/logo.png\",\"contentUrl\":\"https:\\\/\\\/www.koonings.com\\\/wp-content\\\/uploads\\\/2024\\\/07\\\/logo.png\",\"width\":600,\"height\":428,\"caption\":\"Koonings\"},\"image\":{\"@id\":\"https:\\\/\\\/www.koonings.com\\\/de\\\/#\\\/schema\\\/logo\\\/image\\\/\"},\"sameAs\":[\"https:\\\/\\\/www.facebook.com\\\/kooningstheweddingpalace\",\"https:\\\/\\\/www.instagram.com\\\/kooningstheweddingpalace\",\"https:\\\/\\\/www.pinterest.com\\\/koonings\",\"https:\\\/\\\/www.youtube.com\\\/kooningstheweddingpalace\"]}]}<\/script>\n<!-- \/ Yoast SEO plugin. -->","yoast_head_json":{"title":"Azuree Braut Anja 426.0232 | Koonings","description":"Das Anja Hochzeitskleid ist eine wunderbare Wahl f\u00fcr Br\u00e4ute, die einen klassischen und romantischen Stil suchen. Dieses Kleid hat einen raffinierten schulterfreien Ausschnitt mit langen \u00c4rmeln, die f\u00fcr einen eleganten und femininen Look sorgen. Die zarten 3D-Blumenapplikationen auf der Spitze verleihen dem Kleid eine zus\u00e4tzliche Dimension und sorgen f\u00fcr ein m\u00e4rchenhaftes Gef\u00fchl. Das durchsichtige Mieder verleiht dem Kleid einen subtilen, verf\u00fchrerischen Touch, ohne den klassischen Look des Kleides zu beeintr\u00e4chtigen. Der Prinzessinnenrock schafft eine majest\u00e4tische Silhouette, die perfekt f\u00fcr eine Braut ist, die einen dramatischen Auftritt hinlegen m\u00f6chte. Dieser Rock ist so konzipiert, dass er sich wunderbar bewegen l\u00e4sst, so dass sich jeder Schritt anmutig und flie\u00dfend anf\u00fchlt. Das alles macht das Anja Brautkleid ideal f\u00fcr Br\u00e4ute, die Romantik, Eleganz und einen Hauch von M\u00e4rchenzauber an ihrem besonderen Tag lieben.","robots":{"index":"index","follow":"follow","max-snippet":"max-snippet:-1","max-image-preview":"max-image-preview:large","max-video-preview":"max-video-preview:-1"},"canonical":"https:\/\/www.koonings.com\/de\/product\/azuree-braut-anja-426-0232\/","og_locale":"de_DE","og_type":"article","og_title":"Azuree Braut Anja 426.0232 | Koonings","og_description":"Das Anja Hochzeitskleid ist eine wunderbare Wahl f\u00fcr Br\u00e4ute, die einen klassischen und romantischen Stil suchen. Dieses Kleid hat einen raffinierten schulterfreien Ausschnitt mit langen \u00c4rmeln, die f\u00fcr einen eleganten und femininen Look sorgen. Die zarten 3D-Blumenapplikationen auf der Spitze verleihen dem Kleid eine zus\u00e4tzliche Dimension und sorgen f\u00fcr ein m\u00e4rchenhaftes Gef\u00fchl. Das durchsichtige Mieder verleiht dem Kleid einen subtilen, verf\u00fchrerischen Touch, ohne den klassischen Look des Kleides zu beeintr\u00e4chtigen. Der Prinzessinnenrock schafft eine majest\u00e4tische Silhouette, die perfekt f\u00fcr eine Braut ist, die einen dramatischen Auftritt hinlegen m\u00f6chte. Dieser Rock ist so konzipiert, dass er sich wunderbar bewegen l\u00e4sst, so dass sich jeder Schritt anmutig und flie\u00dfend anf\u00fchlt. Das alles macht das Anja Brautkleid ideal f\u00fcr Br\u00e4ute, die Romantik, Eleganz und einen Hauch von M\u00e4rchenzauber an ihrem besonderen Tag lieben.","og_url":"https:\/\/www.koonings.com\/de\/product\/azuree-braut-anja-426-0232\/","og_site_name":"Koonings","article_publisher":"https:\/\/www.facebook.com\/kooningstheweddingpalace","og_image":[{"width":1536,"height":2170,"url":"https:\/\/www.koonings.com\/wp-content\/uploads\/2025\/09\/51479_f8c72b5c9495c8a170719ac1f3b2374cb3b5f7dba181ff478a3a414a4d6569d2e8ff5b26.jpeg","type":"image\/jpeg"}],"twitter_card":"summary_large_image","twitter_misc":{"Gesch\u00e4tzte Lesezeit":"1\u00a0Minute"},"schema":{"@context":"https:\/\/schema.org","@graph":[{"@type":"WebPage","@id":"https:\/\/www.koonings.com\/de\/product\/azuree-braut-anja-426-0232\/","url":"https:\/\/www.koonings.com\/de\/product\/azuree-braut-anja-426-0232\/","name":"Azuree Braut Anja 426.0232 | Koonings","isPartOf":{"@id":"https:\/\/www.koonings.com\/de\/#website"},"primaryImageOfPage":{"@id":"https:\/\/www.koonings.com\/de\/product\/azuree-braut-anja-426-0232\/#primaryimage"},"image":{"@id":"https:\/\/www.koonings.com\/de\/product\/azuree-braut-anja-426-0232\/#primaryimage"},"thumbnailUrl":"https:\/\/www.koonings.com\/wp-content\/uploads\/2025\/09\/51479_f8c72b5c9495c8a170719ac1f3b2374cb3b5f7dba181ff478a3a414a4d6569d2e8ff5b26.jpeg","datePublished":"2026-04-28T16:40:32+00:00","description":"Das Anja Hochzeitskleid ist eine wunderbare Wahl f\u00fcr Br\u00e4ute, die einen klassischen und romantischen Stil suchen. Dieses Kleid hat einen raffinierten schulterfreien Ausschnitt mit langen \u00c4rmeln, die f\u00fcr einen eleganten und femininen Look sorgen. Die zarten 3D-Blumenapplikationen auf der Spitze verleihen dem Kleid eine zus\u00e4tzliche Dimension und sorgen f\u00fcr ein m\u00e4rchenhaftes Gef\u00fchl. Das durchsichtige Mieder verleiht dem Kleid einen subtilen, verf\u00fchrerischen Touch, ohne den klassischen Look des Kleides zu beeintr\u00e4chtigen. Der Prinzessinnenrock schafft eine majest\u00e4tische Silhouette, die perfekt f\u00fcr eine Braut ist, die einen dramatischen Auftritt hinlegen m\u00f6chte. Dieser Rock ist so konzipiert, dass er sich wunderbar bewegen l\u00e4sst, so dass sich jeder Schritt anmutig und flie\u00dfend anf\u00fchlt. Das alles macht das Anja Brautkleid ideal f\u00fcr Br\u00e4ute, die Romantik, Eleganz und einen Hauch von M\u00e4rchenzauber an ihrem besonderen Tag lieben.","breadcrumb":{"@id":"https:\/\/www.koonings.com\/de\/product\/azuree-braut-anja-426-0232\/#breadcrumb"},"inLanguage":"de","potentialAction":[{"@type":"ReadAction","target":["https:\/\/www.koonings.com\/de\/product\/azuree-braut-anja-426-0232\/"]}]},{"@type":"ImageObject","inLanguage":"de","@id":"https:\/\/www.koonings.com\/de\/product\/azuree-braut-anja-426-0232\/#primaryimage","url":"https:\/\/www.koonings.com\/wp-content\/uploads\/2025\/09\/51479_f8c72b5c9495c8a170719ac1f3b2374cb3b5f7dba181ff478a3a414a4d6569d2e8ff5b26.jpeg","contentUrl":"https:\/\/www.koonings.com\/wp-content\/uploads\/2025\/09\/51479_f8c72b5c9495c8a170719ac1f3b2374cb3b5f7dba181ff478a3a414a4d6569d2e8ff5b26.jpeg","width":1536,"height":2170},{"@type":"BreadcrumbList","@id":"https:\/\/www.koonings.com\/de\/product\/azuree-braut-anja-426-0232\/#breadcrumb","itemListElement":[{"@type":"ListItem","position":1,"name":"Home","item":"https:\/\/www.koonings.com\/de\/"},{"@type":"ListItem","position":2,"name":"Azuree Braut Anja 426.0232"}]},{"@type":"WebSite","@id":"https:\/\/www.koonings.com\/de\/#website","url":"https:\/\/www.koonings.com\/de\/","name":"Koonings","description":"De grootste bruidsmodewinkel ter wereld","publisher":{"@id":"https:\/\/www.koonings.com\/de\/#organization"},"potentialAction":[{"@type":"SearchAction","target":{"@type":"EntryPoint","urlTemplate":"https:\/\/www.koonings.com\/de\/?s={search_term_string}"},"query-input":{"@type":"PropertyValueSpecification","valueRequired":true,"valueName":"search_term_string"}}],"inLanguage":"de"},{"@type":"Organization","@id":"https:\/\/www.koonings.com\/de\/#organization","name":"Koonings","url":"https:\/\/www.koonings.com\/de\/","logo":{"@type":"ImageObject","inLanguage":"de","@id":"https:\/\/www.koonings.com\/de\/#\/schema\/logo\/image\/","url":"https:\/\/www.koonings.com\/wp-content\/uploads\/2024\/07\/logo.png","contentUrl":"https:\/\/www.koonings.com\/wp-content\/uploads\/2024\/07\/logo.png","width":600,"height":428,"caption":"Koonings"},"image":{"@id":"https:\/\/www.koonings.com\/de\/#\/schema\/logo\/image\/"},"sameAs":["https:\/\/www.facebook.com\/kooningstheweddingpalace","https:\/\/www.instagram.com\/kooningstheweddingpalace","https:\/\/www.pinterest.com\/koonings","https:\/\/www.youtube.com\/kooningstheweddingpalace"]}]}},"_links":{"self":[{"href":"https:\/\/www.koonings.com\/de\/wp-json\/wp\/v2\/product\/93964","targetHints":{"allow":["GET"]}}],"collection":[{"href":"https:\/\/www.koonings.com\/de\/wp-json\/wp\/v2\/product"}],"about":[{"href":"https:\/\/www.koonings.com\/de\/wp-json\/wp\/v2\/types\/product"}],"wp:featuredmedia":[{"embeddable":true,"href":"https:\/\/www.koonings.com\/de\/wp-json\/wp\/v2\/media\/92459"}],"wp:attachment":[{"href":"https:\/\/www.koonings.com\/de\/wp-json\/wp\/v2\/media?parent=93964"}],"wp:term":[{"taxonomy":"productdetails","embeddable":true,"href":"https:\/\/www.koonings.com\/de\/wp-json\/wp\/v2\/productdetails?post=93964"},{"taxonomy":"productneck","embeddable":true,"href":"https:\/\/www.koonings.com\/de\/wp-json\/wp\/v2\/productneck?post=93964"},{"taxonomy":"productcolor","embeddable":true,"href":"https:\/\/www.koonings.com\/de\/wp-json\/wp\/v2\/productcolor?post=93964"},{"taxonomy":"maat","embeddable":true,"href":"https:\/\/www.koonings.com\/de\/wp-json\/wp\/v2\/maat?post=93964"},{"taxonomy":"productsupplier","embeddable":true,"href":"https:\/\/www.koonings.com\/de\/wp-json\/wp\/v2\/productsupplier?post=93964"},{"taxonomy":"productsleeve","embeddable":true,"href":"https:\/\/www.koonings.com\/de\/wp-json\/wp\/v2\/productsleeve?post=93964"},{"taxonomy":"productcategory","embeddable":true,"href":"https:\/\/www.koonings.com\/de\/wp-json\/wp\/v2\/productcategory?post=93964"},{"taxonomy":"productsilhouette","embeddable":true,"href":"https:\/\/www.koonings.com\/de\/wp-json\/wp\/v2\/productsilhouette?post=93964"},{"taxonomy":"productstyle","embeddable":true,"href":"https:\/\/www.koonings.com\/de\/wp-json\/wp\/v2\/productstyle?post=93964"}],"curies":[{"name":"wp","href":"https:\/\/api.w.org\/{rel}","templated":true}]}}