{"id":93961,"date":"2026-04-28T18:40:33","date_gmt":"2026-04-28T16:40:33","guid":{"rendered":"https:\/\/www.koonings.com\/product\/azuree-braut-annastacia-4260251\/"},"modified":"2026-02-17T12:15:46","modified_gmt":"2026-02-17T11:15:46","slug":"azuree-braut-annastacia-4260251","status":"publish","type":"product","link":"https:\/\/www.koonings.com\/de\/product\/azuree-braut-annastacia-4260251\/","title":{"rendered":"Azuree Braut Annastacia 4260251"},"content":{"rendered":"<p>Das Annastracia Hochzeitskleid ist eine bezaubernde Wahl f\u00fcr Br\u00e4ute, die von einem m\u00e4rchenhaften Look tr\u00e4umen. Das Kleid hat einen wundersch\u00f6nen U-Boot-Ausschnitt, der mit dezenten, verstreuten Perlen verziert ist, die f\u00fcr einen funkelnden Effekt sorgen. Die detaillierten Spitzenapplikationen bilden ein h\u00fcbsches Muster, das sich bis zum Prinzessinnenrock fortsetzt und eine majest\u00e4tische Silhouette schafft. Der Rock ist aus weichem, glitzerndem T\u00fcll gefertigt, der einen Hauch von Glamour verleiht, w\u00e4hrend der Rock anmutig und luftig f\u00e4llt. Der Illusionsr\u00fccken mit Knopfdetails verleiht dem Kleid Raffinesse und schafft einen klassischen Look mit einem modernen Twist. Perfekt f\u00fcr die Braut, die nach einer Kombination aus Eleganz und Romantik sucht.     <\/p>\n","protected":false},"featured_media":92487,"template":"","meta":{"_acf_changed":false,"ghostkit_customizer_options":"","ghostkit_custom_css":"","ghostkit_custom_js_head":"","ghostkit_custom_js_foot":"","ghostkit_typography":""},"productdetails":[376,381],"productneck":[351],"productcolor":[393,392],"maat":[],"productsupplier":[533],"productsleeve":[359],"productcategory":[18],"productsilhouette":[388],"productstyle":[372,366],"class_list":["post-93961","product","type-product","status-publish","has-post-thumbnail","hentry","productdetails-376","productdetails-381","productneck-351","productcolor-393","productcolor-392","productsupplier-azuree-bridal","productsleeve-359","productcategory-trouwjurken","productsilhouette-388","productstyle-372","productstyle-366"],"acf":[],"yoast_head":"<!-- This site is optimized with the Yoast SEO plugin v27.3 - https:\/\/yoast.com\/product\/yoast-seo-wordpress\/ -->\n<title>Azuree Braut Annastacia 4260251 | Koonings<\/title>\n<meta name=\"description\" content=\"Das Annastracia Hochzeitskleid ist eine bezaubernde Wahl f\u00fcr Br\u00e4ute, die von einem m\u00e4rchenhaften Look tr\u00e4umen. Das Kleid hat einen wundersch\u00f6nen U-Boot-Ausschnitt, der mit dezenten, verstreuten Perlen verziert ist, die f\u00fcr einen funkelnden Effekt sorgen. Die detaillierten Spitzenapplikationen bilden ein h\u00fcbsches Muster, das sich bis zum Prinzessinnenrock fortsetzt und eine majest\u00e4tische Silhouette schafft. Der Rock ist aus weichem, glitzerndem T\u00fcll gefertigt, der einen Hauch von Glamour verleiht, w\u00e4hrend der Rock anmutig und luftig f\u00e4llt. Der Illusionsr\u00fccken mit Knopfdetails verleiht dem Kleid Raffinesse und schafft einen klassischen Look mit einem modernen Twist. Perfekt f\u00fcr die Braut, die nach einer Kombination aus Eleganz und Romantik sucht.\" \/>\n<meta name=\"robots\" content=\"index, follow, max-snippet:-1, max-image-preview:large, max-video-preview:-1\" \/>\n<link rel=\"canonical\" href=\"https:\/\/www.koonings.com\/de\/product\/azuree-braut-annastacia-4260251\/\" \/>\n<meta property=\"og:locale\" content=\"de_DE\" \/>\n<meta property=\"og:type\" content=\"article\" \/>\n<meta property=\"og:title\" content=\"Azuree Braut Annastacia 4260251 | Koonings\" \/>\n<meta property=\"og:description\" content=\"Das Annastracia Hochzeitskleid ist eine bezaubernde Wahl f\u00fcr Br\u00e4ute, die von einem m\u00e4rchenhaften Look tr\u00e4umen. Das Kleid hat einen wundersch\u00f6nen U-Boot-Ausschnitt, der mit dezenten, verstreuten Perlen verziert ist, die f\u00fcr einen funkelnden Effekt sorgen. Die detaillierten Spitzenapplikationen bilden ein h\u00fcbsches Muster, das sich bis zum Prinzessinnenrock fortsetzt und eine majest\u00e4tische Silhouette schafft. Der Rock ist aus weichem, glitzerndem T\u00fcll gefertigt, der einen Hauch von Glamour verleiht, w\u00e4hrend der Rock anmutig und luftig f\u00e4llt. Der Illusionsr\u00fccken mit Knopfdetails verleiht dem Kleid Raffinesse und schafft einen klassischen Look mit einem modernen Twist. Perfekt f\u00fcr die Braut, die nach einer Kombination aus Eleganz und Romantik sucht.\" \/>\n<meta property=\"og:url\" content=\"https:\/\/www.koonings.com\/de\/product\/azuree-braut-annastacia-4260251\/\" \/>\n<meta property=\"og:site_name\" content=\"Koonings\" \/>\n<meta property=\"article:publisher\" content=\"https:\/\/www.facebook.com\/kooningstheweddingpalace\" \/>\n<meta property=\"og:image\" content=\"https:\/\/www.koonings.com\/wp-content\/uploads\/2025\/09\/51482_ddf9e0003b9dc927dab4152c115cdc34bb38fa145f295461f1a4ff18422b47c2cbd16787.jpeg\" \/>\n\t<meta property=\"og:image:width\" content=\"1290\" \/>\n\t<meta property=\"og:image:height\" content=\"1821\" \/>\n\t<meta property=\"og:image:type\" content=\"image\/jpeg\" \/>\n<meta name=\"twitter:card\" content=\"summary_large_image\" \/>\n<meta name=\"twitter:label1\" content=\"Gesch\u00e4tzte Lesezeit\" \/>\n\t<meta name=\"twitter:data1\" content=\"1\u00a0Minute\" \/>\n<script type=\"application\/ld+json\" class=\"yoast-schema-graph\">{\"@context\":\"https:\\\/\\\/schema.org\",\"@graph\":[{\"@type\":\"WebPage\",\"@id\":\"https:\\\/\\\/www.koonings.com\\\/de\\\/product\\\/azuree-braut-annastacia-4260251\\\/\",\"url\":\"https:\\\/\\\/www.koonings.com\\\/de\\\/product\\\/azuree-braut-annastacia-4260251\\\/\",\"name\":\"Azuree Braut Annastacia 4260251 | Koonings\",\"isPartOf\":{\"@id\":\"https:\\\/\\\/www.koonings.com\\\/de\\\/#website\"},\"primaryImageOfPage\":{\"@id\":\"https:\\\/\\\/www.koonings.com\\\/de\\\/product\\\/azuree-braut-annastacia-4260251\\\/#primaryimage\"},\"image\":{\"@id\":\"https:\\\/\\\/www.koonings.com\\\/de\\\/product\\\/azuree-braut-annastacia-4260251\\\/#primaryimage\"},\"thumbnailUrl\":\"https:\\\/\\\/www.koonings.com\\\/wp-content\\\/uploads\\\/2025\\\/09\\\/51482_ddf9e0003b9dc927dab4152c115cdc34bb38fa145f295461f1a4ff18422b47c2cbd16787.jpeg\",\"datePublished\":\"2026-04-28T16:40:33+00:00\",\"description\":\"Das Annastracia Hochzeitskleid ist eine bezaubernde Wahl f\u00fcr Br\u00e4ute, die von einem m\u00e4rchenhaften Look tr\u00e4umen. Das Kleid hat einen wundersch\u00f6nen U-Boot-Ausschnitt, der mit dezenten, verstreuten Perlen verziert ist, die f\u00fcr einen funkelnden Effekt sorgen. Die detaillierten Spitzenapplikationen bilden ein h\u00fcbsches Muster, das sich bis zum Prinzessinnenrock fortsetzt und eine majest\u00e4tische Silhouette schafft. Der Rock ist aus weichem, glitzerndem T\u00fcll gefertigt, der einen Hauch von Glamour verleiht, w\u00e4hrend der Rock anmutig und luftig f\u00e4llt. Der Illusionsr\u00fccken mit Knopfdetails verleiht dem Kleid Raffinesse und schafft einen klassischen Look mit einem modernen Twist. Perfekt f\u00fcr die Braut, die nach einer Kombination aus Eleganz und Romantik sucht.\",\"breadcrumb\":{\"@id\":\"https:\\\/\\\/www.koonings.com\\\/de\\\/product\\\/azuree-braut-annastacia-4260251\\\/#breadcrumb\"},\"inLanguage\":\"de\",\"potentialAction\":[{\"@type\":\"ReadAction\",\"target\":[\"https:\\\/\\\/www.koonings.com\\\/de\\\/product\\\/azuree-braut-annastacia-4260251\\\/\"]}]},{\"@type\":\"ImageObject\",\"inLanguage\":\"de\",\"@id\":\"https:\\\/\\\/www.koonings.com\\\/de\\\/product\\\/azuree-braut-annastacia-4260251\\\/#primaryimage\",\"url\":\"https:\\\/\\\/www.koonings.com\\\/wp-content\\\/uploads\\\/2025\\\/09\\\/51482_ddf9e0003b9dc927dab4152c115cdc34bb38fa145f295461f1a4ff18422b47c2cbd16787.jpeg\",\"contentUrl\":\"https:\\\/\\\/www.koonings.com\\\/wp-content\\\/uploads\\\/2025\\\/09\\\/51482_ddf9e0003b9dc927dab4152c115cdc34bb38fa145f295461f1a4ff18422b47c2cbd16787.jpeg\",\"width\":1290,\"height\":1821},{\"@type\":\"BreadcrumbList\",\"@id\":\"https:\\\/\\\/www.koonings.com\\\/de\\\/product\\\/azuree-braut-annastacia-4260251\\\/#breadcrumb\",\"itemListElement\":[{\"@type\":\"ListItem\",\"position\":1,\"name\":\"Home\",\"item\":\"https:\\\/\\\/www.koonings.com\\\/de\\\/\"},{\"@type\":\"ListItem\",\"position\":2,\"name\":\"Azuree Braut Annastacia 4260251\"}]},{\"@type\":\"WebSite\",\"@id\":\"https:\\\/\\\/www.koonings.com\\\/de\\\/#website\",\"url\":\"https:\\\/\\\/www.koonings.com\\\/de\\\/\",\"name\":\"Koonings\",\"description\":\"De grootste bruidsmodewinkel ter wereld\",\"publisher\":{\"@id\":\"https:\\\/\\\/www.koonings.com\\\/de\\\/#organization\"},\"potentialAction\":[{\"@type\":\"SearchAction\",\"target\":{\"@type\":\"EntryPoint\",\"urlTemplate\":\"https:\\\/\\\/www.koonings.com\\\/de\\\/?s={search_term_string}\"},\"query-input\":{\"@type\":\"PropertyValueSpecification\",\"valueRequired\":true,\"valueName\":\"search_term_string\"}}],\"inLanguage\":\"de\"},{\"@type\":\"Organization\",\"@id\":\"https:\\\/\\\/www.koonings.com\\\/de\\\/#organization\",\"name\":\"Koonings\",\"url\":\"https:\\\/\\\/www.koonings.com\\\/de\\\/\",\"logo\":{\"@type\":\"ImageObject\",\"inLanguage\":\"de\",\"@id\":\"https:\\\/\\\/www.koonings.com\\\/de\\\/#\\\/schema\\\/logo\\\/image\\\/\",\"url\":\"https:\\\/\\\/www.koonings.com\\\/wp-content\\\/uploads\\\/2024\\\/07\\\/logo.png\",\"contentUrl\":\"https:\\\/\\\/www.koonings.com\\\/wp-content\\\/uploads\\\/2024\\\/07\\\/logo.png\",\"width\":600,\"height\":428,\"caption\":\"Koonings\"},\"image\":{\"@id\":\"https:\\\/\\\/www.koonings.com\\\/de\\\/#\\\/schema\\\/logo\\\/image\\\/\"},\"sameAs\":[\"https:\\\/\\\/www.facebook.com\\\/kooningstheweddingpalace\",\"https:\\\/\\\/www.instagram.com\\\/kooningstheweddingpalace\",\"https:\\\/\\\/www.pinterest.com\\\/koonings\",\"https:\\\/\\\/www.youtube.com\\\/kooningstheweddingpalace\"]}]}<\/script>\n<!-- \/ Yoast SEO plugin. -->","yoast_head_json":{"title":"Azuree Braut Annastacia 4260251 | Koonings","description":"Das Annastracia Hochzeitskleid ist eine bezaubernde Wahl f\u00fcr Br\u00e4ute, die von einem m\u00e4rchenhaften Look tr\u00e4umen. Das Kleid hat einen wundersch\u00f6nen U-Boot-Ausschnitt, der mit dezenten, verstreuten Perlen verziert ist, die f\u00fcr einen funkelnden Effekt sorgen. Die detaillierten Spitzenapplikationen bilden ein h\u00fcbsches Muster, das sich bis zum Prinzessinnenrock fortsetzt und eine majest\u00e4tische Silhouette schafft. Der Rock ist aus weichem, glitzerndem T\u00fcll gefertigt, der einen Hauch von Glamour verleiht, w\u00e4hrend der Rock anmutig und luftig f\u00e4llt. Der Illusionsr\u00fccken mit Knopfdetails verleiht dem Kleid Raffinesse und schafft einen klassischen Look mit einem modernen Twist. Perfekt f\u00fcr die Braut, die nach einer Kombination aus Eleganz und Romantik sucht.","robots":{"index":"index","follow":"follow","max-snippet":"max-snippet:-1","max-image-preview":"max-image-preview:large","max-video-preview":"max-video-preview:-1"},"canonical":"https:\/\/www.koonings.com\/de\/product\/azuree-braut-annastacia-4260251\/","og_locale":"de_DE","og_type":"article","og_title":"Azuree Braut Annastacia 4260251 | Koonings","og_description":"Das Annastracia Hochzeitskleid ist eine bezaubernde Wahl f\u00fcr Br\u00e4ute, die von einem m\u00e4rchenhaften Look tr\u00e4umen. Das Kleid hat einen wundersch\u00f6nen U-Boot-Ausschnitt, der mit dezenten, verstreuten Perlen verziert ist, die f\u00fcr einen funkelnden Effekt sorgen. Die detaillierten Spitzenapplikationen bilden ein h\u00fcbsches Muster, das sich bis zum Prinzessinnenrock fortsetzt und eine majest\u00e4tische Silhouette schafft. Der Rock ist aus weichem, glitzerndem T\u00fcll gefertigt, der einen Hauch von Glamour verleiht, w\u00e4hrend der Rock anmutig und luftig f\u00e4llt. Der Illusionsr\u00fccken mit Knopfdetails verleiht dem Kleid Raffinesse und schafft einen klassischen Look mit einem modernen Twist. Perfekt f\u00fcr die Braut, die nach einer Kombination aus Eleganz und Romantik sucht.","og_url":"https:\/\/www.koonings.com\/de\/product\/azuree-braut-annastacia-4260251\/","og_site_name":"Koonings","article_publisher":"https:\/\/www.facebook.com\/kooningstheweddingpalace","og_image":[{"width":1290,"height":1821,"url":"https:\/\/www.koonings.com\/wp-content\/uploads\/2025\/09\/51482_ddf9e0003b9dc927dab4152c115cdc34bb38fa145f295461f1a4ff18422b47c2cbd16787.jpeg","type":"image\/jpeg"}],"twitter_card":"summary_large_image","twitter_misc":{"Gesch\u00e4tzte Lesezeit":"1\u00a0Minute"},"schema":{"@context":"https:\/\/schema.org","@graph":[{"@type":"WebPage","@id":"https:\/\/www.koonings.com\/de\/product\/azuree-braut-annastacia-4260251\/","url":"https:\/\/www.koonings.com\/de\/product\/azuree-braut-annastacia-4260251\/","name":"Azuree Braut Annastacia 4260251 | Koonings","isPartOf":{"@id":"https:\/\/www.koonings.com\/de\/#website"},"primaryImageOfPage":{"@id":"https:\/\/www.koonings.com\/de\/product\/azuree-braut-annastacia-4260251\/#primaryimage"},"image":{"@id":"https:\/\/www.koonings.com\/de\/product\/azuree-braut-annastacia-4260251\/#primaryimage"},"thumbnailUrl":"https:\/\/www.koonings.com\/wp-content\/uploads\/2025\/09\/51482_ddf9e0003b9dc927dab4152c115cdc34bb38fa145f295461f1a4ff18422b47c2cbd16787.jpeg","datePublished":"2026-04-28T16:40:33+00:00","description":"Das Annastracia Hochzeitskleid ist eine bezaubernde Wahl f\u00fcr Br\u00e4ute, die von einem m\u00e4rchenhaften Look tr\u00e4umen. Das Kleid hat einen wundersch\u00f6nen U-Boot-Ausschnitt, der mit dezenten, verstreuten Perlen verziert ist, die f\u00fcr einen funkelnden Effekt sorgen. Die detaillierten Spitzenapplikationen bilden ein h\u00fcbsches Muster, das sich bis zum Prinzessinnenrock fortsetzt und eine majest\u00e4tische Silhouette schafft. Der Rock ist aus weichem, glitzerndem T\u00fcll gefertigt, der einen Hauch von Glamour verleiht, w\u00e4hrend der Rock anmutig und luftig f\u00e4llt. Der Illusionsr\u00fccken mit Knopfdetails verleiht dem Kleid Raffinesse und schafft einen klassischen Look mit einem modernen Twist. Perfekt f\u00fcr die Braut, die nach einer Kombination aus Eleganz und Romantik sucht.","breadcrumb":{"@id":"https:\/\/www.koonings.com\/de\/product\/azuree-braut-annastacia-4260251\/#breadcrumb"},"inLanguage":"de","potentialAction":[{"@type":"ReadAction","target":["https:\/\/www.koonings.com\/de\/product\/azuree-braut-annastacia-4260251\/"]}]},{"@type":"ImageObject","inLanguage":"de","@id":"https:\/\/www.koonings.com\/de\/product\/azuree-braut-annastacia-4260251\/#primaryimage","url":"https:\/\/www.koonings.com\/wp-content\/uploads\/2025\/09\/51482_ddf9e0003b9dc927dab4152c115cdc34bb38fa145f295461f1a4ff18422b47c2cbd16787.jpeg","contentUrl":"https:\/\/www.koonings.com\/wp-content\/uploads\/2025\/09\/51482_ddf9e0003b9dc927dab4152c115cdc34bb38fa145f295461f1a4ff18422b47c2cbd16787.jpeg","width":1290,"height":1821},{"@type":"BreadcrumbList","@id":"https:\/\/www.koonings.com\/de\/product\/azuree-braut-annastacia-4260251\/#breadcrumb","itemListElement":[{"@type":"ListItem","position":1,"name":"Home","item":"https:\/\/www.koonings.com\/de\/"},{"@type":"ListItem","position":2,"name":"Azuree Braut Annastacia 4260251"}]},{"@type":"WebSite","@id":"https:\/\/www.koonings.com\/de\/#website","url":"https:\/\/www.koonings.com\/de\/","name":"Koonings","description":"De grootste bruidsmodewinkel ter wereld","publisher":{"@id":"https:\/\/www.koonings.com\/de\/#organization"},"potentialAction":[{"@type":"SearchAction","target":{"@type":"EntryPoint","urlTemplate":"https:\/\/www.koonings.com\/de\/?s={search_term_string}"},"query-input":{"@type":"PropertyValueSpecification","valueRequired":true,"valueName":"search_term_string"}}],"inLanguage":"de"},{"@type":"Organization","@id":"https:\/\/www.koonings.com\/de\/#organization","name":"Koonings","url":"https:\/\/www.koonings.com\/de\/","logo":{"@type":"ImageObject","inLanguage":"de","@id":"https:\/\/www.koonings.com\/de\/#\/schema\/logo\/image\/","url":"https:\/\/www.koonings.com\/wp-content\/uploads\/2024\/07\/logo.png","contentUrl":"https:\/\/www.koonings.com\/wp-content\/uploads\/2024\/07\/logo.png","width":600,"height":428,"caption":"Koonings"},"image":{"@id":"https:\/\/www.koonings.com\/de\/#\/schema\/logo\/image\/"},"sameAs":["https:\/\/www.facebook.com\/kooningstheweddingpalace","https:\/\/www.instagram.com\/kooningstheweddingpalace","https:\/\/www.pinterest.com\/koonings","https:\/\/www.youtube.com\/kooningstheweddingpalace"]}]}},"_links":{"self":[{"href":"https:\/\/www.koonings.com\/de\/wp-json\/wp\/v2\/product\/93961","targetHints":{"allow":["GET"]}}],"collection":[{"href":"https:\/\/www.koonings.com\/de\/wp-json\/wp\/v2\/product"}],"about":[{"href":"https:\/\/www.koonings.com\/de\/wp-json\/wp\/v2\/types\/product"}],"wp:featuredmedia":[{"embeddable":true,"href":"https:\/\/www.koonings.com\/de\/wp-json\/wp\/v2\/media\/92487"}],"wp:attachment":[{"href":"https:\/\/www.koonings.com\/de\/wp-json\/wp\/v2\/media?parent=93961"}],"wp:term":[{"taxonomy":"productdetails","embeddable":true,"href":"https:\/\/www.koonings.com\/de\/wp-json\/wp\/v2\/productdetails?post=93961"},{"taxonomy":"productneck","embeddable":true,"href":"https:\/\/www.koonings.com\/de\/wp-json\/wp\/v2\/productneck?post=93961"},{"taxonomy":"productcolor","embeddable":true,"href":"https:\/\/www.koonings.com\/de\/wp-json\/wp\/v2\/productcolor?post=93961"},{"taxonomy":"maat","embeddable":true,"href":"https:\/\/www.koonings.com\/de\/wp-json\/wp\/v2\/maat?post=93961"},{"taxonomy":"productsupplier","embeddable":true,"href":"https:\/\/www.koonings.com\/de\/wp-json\/wp\/v2\/productsupplier?post=93961"},{"taxonomy":"productsleeve","embeddable":true,"href":"https:\/\/www.koonings.com\/de\/wp-json\/wp\/v2\/productsleeve?post=93961"},{"taxonomy":"productcategory","embeddable":true,"href":"https:\/\/www.koonings.com\/de\/wp-json\/wp\/v2\/productcategory?post=93961"},{"taxonomy":"productsilhouette","embeddable":true,"href":"https:\/\/www.koonings.com\/de\/wp-json\/wp\/v2\/productsilhouette?post=93961"},{"taxonomy":"productstyle","embeddable":true,"href":"https:\/\/www.koonings.com\/de\/wp-json\/wp\/v2\/productstyle?post=93961"}],"curies":[{"name":"wp","href":"https:\/\/api.w.org\/{rel}","templated":true}]}}