{"id":93957,"date":"2026-04-28T18:38:38","date_gmt":"2026-04-28T16:38:38","guid":{"rendered":"https:\/\/www.koonings.com\/product\/rebecca-ingram-ahorn-25rn322a01\/"},"modified":"2026-02-17T12:20:02","modified_gmt":"2026-02-17T11:20:02","slug":"rebecca-ingram-ahorn-25rn322a01","status":"publish","type":"product","link":"https:\/\/www.koonings.com\/de\/product\/rebecca-ingram-ahorn-25rn322a01\/","title":{"rendered":"Rebecca Ingram Ahorn 25RN322A01"},"content":{"rendered":"<p>F\u00fcr die Braut, die mit eleganten Details und zeitloser Romantik gl\u00e4nzen m\u00f6chte. Das Maple ist ein Hochzeitskleid in A-Linie mit einem V-Ausschnitt, dezenten Perlen- und Perlenverzierungen und einem verf\u00fchrerischen offenen R\u00fccken. <\/p>\n<p>Leicht und flie\u00dfend, mit einer schmeichelhaften Passform, die Ihre Silhouette wunderbar betont. Perfekt f\u00fcr eine Braut, die klassische Eleganz mit funkelnden, modernen Details kombinieren m\u00f6chte. <\/p>\n","protected":false},"featured_media":92984,"template":"","meta":{"_acf_changed":false,"ghostkit_customizer_options":"","ghostkit_custom_css":"","ghostkit_custom_js_head":"","ghostkit_custom_js_foot":"","ghostkit_typography":""},"productdetails":[379,381],"productneck":[356],"productcolor":[393,392],"maat":[],"productsupplier":[433],"productsleeve":[359],"productcategory":[18],"productsilhouette":[384],"productstyle":[366],"class_list":["post-93957","product","type-product","status-publish","has-post-thumbnail","hentry","productdetails-379","productdetails-381","productneck-356","productcolor-393","productcolor-392","productsupplier-rebecca-ingram","productsleeve-359","productcategory-trouwjurken","productsilhouette-384","productstyle-366"],"acf":[],"yoast_head":"<!-- This site is optimized with the Yoast SEO plugin v27.3 - https:\/\/yoast.com\/product\/yoast-seo-wordpress\/ -->\n<title>Rebecca Ingram Ahorn 25RN322A01 | Koonings<\/title>\n<meta name=\"description\" content=\"F\u00fcr die Braut, die mit eleganten Details und zeitloser Romantik gl\u00e4nzen m\u00f6chte. Das Maple ist ein Hochzeitskleid in A-Linie mit einem V-Ausschnitt, dezenten Perlen- und Perlenverzierungen und einem verf\u00fchrerischen offenen R\u00fccken. Leicht und flie\u00dfend, mit einer schmeichelhaften Passform, die Ihre Silhouette wunderbar betont. Perfekt f\u00fcr eine Braut, die klassische Eleganz mit funkelnden, modernen Details kombinieren m\u00f6chte.\" \/>\n<meta name=\"robots\" content=\"index, follow, max-snippet:-1, max-image-preview:large, max-video-preview:-1\" \/>\n<link rel=\"canonical\" href=\"https:\/\/www.koonings.com\/de\/product\/rebecca-ingram-ahorn-25rn322a01\/\" \/>\n<meta property=\"og:locale\" content=\"de_DE\" \/>\n<meta property=\"og:type\" content=\"article\" \/>\n<meta property=\"og:title\" content=\"Rebecca Ingram Ahorn 25RN322A01 | Koonings\" \/>\n<meta property=\"og:description\" content=\"F\u00fcr die Braut, die mit eleganten Details und zeitloser Romantik gl\u00e4nzen m\u00f6chte. Das Maple ist ein Hochzeitskleid in A-Linie mit einem V-Ausschnitt, dezenten Perlen- und Perlenverzierungen und einem verf\u00fchrerischen offenen R\u00fccken. Leicht und flie\u00dfend, mit einer schmeichelhaften Passform, die Ihre Silhouette wunderbar betont. Perfekt f\u00fcr eine Braut, die klassische Eleganz mit funkelnden, modernen Details kombinieren m\u00f6chte.\" \/>\n<meta property=\"og:url\" content=\"https:\/\/www.koonings.com\/de\/product\/rebecca-ingram-ahorn-25rn322a01\/\" \/>\n<meta property=\"og:site_name\" content=\"Koonings\" \/>\n<meta property=\"article:publisher\" content=\"https:\/\/www.facebook.com\/kooningstheweddingpalace\" \/>\n<meta property=\"og:image\" content=\"https:\/\/www.koonings.com\/wp-content\/uploads\/2025\/09\/51303_08124ff7affeb68f310d55ba0dd77db4300ddd664c611c0abf0a722f7a0d6db29303043d.jpeg\" \/>\n\t<meta property=\"og:image:width\" content=\"1440\" \/>\n\t<meta property=\"og:image:height\" content=\"1920\" \/>\n\t<meta property=\"og:image:type\" content=\"image\/jpeg\" \/>\n<meta name=\"twitter:card\" content=\"summary_large_image\" \/>\n<script type=\"application\/ld+json\" class=\"yoast-schema-graph\">{\"@context\":\"https:\\\/\\\/schema.org\",\"@graph\":[{\"@type\":\"WebPage\",\"@id\":\"https:\\\/\\\/www.koonings.com\\\/de\\\/product\\\/rebecca-ingram-ahorn-25rn322a01\\\/\",\"url\":\"https:\\\/\\\/www.koonings.com\\\/de\\\/product\\\/rebecca-ingram-ahorn-25rn322a01\\\/\",\"name\":\"Rebecca Ingram Ahorn 25RN322A01 | Koonings\",\"isPartOf\":{\"@id\":\"https:\\\/\\\/www.koonings.com\\\/de\\\/#website\"},\"primaryImageOfPage\":{\"@id\":\"https:\\\/\\\/www.koonings.com\\\/de\\\/product\\\/rebecca-ingram-ahorn-25rn322a01\\\/#primaryimage\"},\"image\":{\"@id\":\"https:\\\/\\\/www.koonings.com\\\/de\\\/product\\\/rebecca-ingram-ahorn-25rn322a01\\\/#primaryimage\"},\"thumbnailUrl\":\"https:\\\/\\\/www.koonings.com\\\/wp-content\\\/uploads\\\/2025\\\/09\\\/51303_08124ff7affeb68f310d55ba0dd77db4300ddd664c611c0abf0a722f7a0d6db29303043d.jpeg\",\"datePublished\":\"2026-04-28T16:38:38+00:00\",\"description\":\"F\u00fcr die Braut, die mit eleganten Details und zeitloser Romantik gl\u00e4nzen m\u00f6chte. Das Maple ist ein Hochzeitskleid in A-Linie mit einem V-Ausschnitt, dezenten Perlen- und Perlenverzierungen und einem verf\u00fchrerischen offenen R\u00fccken. Leicht und flie\u00dfend, mit einer schmeichelhaften Passform, die Ihre Silhouette wunderbar betont. Perfekt f\u00fcr eine Braut, die klassische Eleganz mit funkelnden, modernen Details kombinieren m\u00f6chte.\",\"breadcrumb\":{\"@id\":\"https:\\\/\\\/www.koonings.com\\\/de\\\/product\\\/rebecca-ingram-ahorn-25rn322a01\\\/#breadcrumb\"},\"inLanguage\":\"de\",\"potentialAction\":[{\"@type\":\"ReadAction\",\"target\":[\"https:\\\/\\\/www.koonings.com\\\/de\\\/product\\\/rebecca-ingram-ahorn-25rn322a01\\\/\"]}]},{\"@type\":\"ImageObject\",\"inLanguage\":\"de\",\"@id\":\"https:\\\/\\\/www.koonings.com\\\/de\\\/product\\\/rebecca-ingram-ahorn-25rn322a01\\\/#primaryimage\",\"url\":\"https:\\\/\\\/www.koonings.com\\\/wp-content\\\/uploads\\\/2025\\\/09\\\/51303_08124ff7affeb68f310d55ba0dd77db4300ddd664c611c0abf0a722f7a0d6db29303043d.jpeg\",\"contentUrl\":\"https:\\\/\\\/www.koonings.com\\\/wp-content\\\/uploads\\\/2025\\\/09\\\/51303_08124ff7affeb68f310d55ba0dd77db4300ddd664c611c0abf0a722f7a0d6db29303043d.jpeg\",\"width\":1440,\"height\":1920},{\"@type\":\"BreadcrumbList\",\"@id\":\"https:\\\/\\\/www.koonings.com\\\/de\\\/product\\\/rebecca-ingram-ahorn-25rn322a01\\\/#breadcrumb\",\"itemListElement\":[{\"@type\":\"ListItem\",\"position\":1,\"name\":\"Home\",\"item\":\"https:\\\/\\\/www.koonings.com\\\/de\\\/\"},{\"@type\":\"ListItem\",\"position\":2,\"name\":\"Rebecca Ingram Ahorn 25RN322A01\"}]},{\"@type\":\"WebSite\",\"@id\":\"https:\\\/\\\/www.koonings.com\\\/de\\\/#website\",\"url\":\"https:\\\/\\\/www.koonings.com\\\/de\\\/\",\"name\":\"Koonings\",\"description\":\"De grootste bruidsmodewinkel ter wereld\",\"publisher\":{\"@id\":\"https:\\\/\\\/www.koonings.com\\\/de\\\/#organization\"},\"potentialAction\":[{\"@type\":\"SearchAction\",\"target\":{\"@type\":\"EntryPoint\",\"urlTemplate\":\"https:\\\/\\\/www.koonings.com\\\/de\\\/?s={search_term_string}\"},\"query-input\":{\"@type\":\"PropertyValueSpecification\",\"valueRequired\":true,\"valueName\":\"search_term_string\"}}],\"inLanguage\":\"de\"},{\"@type\":\"Organization\",\"@id\":\"https:\\\/\\\/www.koonings.com\\\/de\\\/#organization\",\"name\":\"Koonings\",\"url\":\"https:\\\/\\\/www.koonings.com\\\/de\\\/\",\"logo\":{\"@type\":\"ImageObject\",\"inLanguage\":\"de\",\"@id\":\"https:\\\/\\\/www.koonings.com\\\/de\\\/#\\\/schema\\\/logo\\\/image\\\/\",\"url\":\"https:\\\/\\\/www.koonings.com\\\/wp-content\\\/uploads\\\/2024\\\/07\\\/logo.png\",\"contentUrl\":\"https:\\\/\\\/www.koonings.com\\\/wp-content\\\/uploads\\\/2024\\\/07\\\/logo.png\",\"width\":600,\"height\":428,\"caption\":\"Koonings\"},\"image\":{\"@id\":\"https:\\\/\\\/www.koonings.com\\\/de\\\/#\\\/schema\\\/logo\\\/image\\\/\"},\"sameAs\":[\"https:\\\/\\\/www.facebook.com\\\/kooningstheweddingpalace\",\"https:\\\/\\\/www.instagram.com\\\/kooningstheweddingpalace\",\"https:\\\/\\\/www.pinterest.com\\\/koonings\",\"https:\\\/\\\/www.youtube.com\\\/kooningstheweddingpalace\"]}]}<\/script>\n<!-- \/ Yoast SEO plugin. -->","yoast_head_json":{"title":"Rebecca Ingram Ahorn 25RN322A01 | Koonings","description":"F\u00fcr die Braut, die mit eleganten Details und zeitloser Romantik gl\u00e4nzen m\u00f6chte. Das Maple ist ein Hochzeitskleid in A-Linie mit einem V-Ausschnitt, dezenten Perlen- und Perlenverzierungen und einem verf\u00fchrerischen offenen R\u00fccken. Leicht und flie\u00dfend, mit einer schmeichelhaften Passform, die Ihre Silhouette wunderbar betont. Perfekt f\u00fcr eine Braut, die klassische Eleganz mit funkelnden, modernen Details kombinieren m\u00f6chte.","robots":{"index":"index","follow":"follow","max-snippet":"max-snippet:-1","max-image-preview":"max-image-preview:large","max-video-preview":"max-video-preview:-1"},"canonical":"https:\/\/www.koonings.com\/de\/product\/rebecca-ingram-ahorn-25rn322a01\/","og_locale":"de_DE","og_type":"article","og_title":"Rebecca Ingram Ahorn 25RN322A01 | Koonings","og_description":"F\u00fcr die Braut, die mit eleganten Details und zeitloser Romantik gl\u00e4nzen m\u00f6chte. Das Maple ist ein Hochzeitskleid in A-Linie mit einem V-Ausschnitt, dezenten Perlen- und Perlenverzierungen und einem verf\u00fchrerischen offenen R\u00fccken. Leicht und flie\u00dfend, mit einer schmeichelhaften Passform, die Ihre Silhouette wunderbar betont. Perfekt f\u00fcr eine Braut, die klassische Eleganz mit funkelnden, modernen Details kombinieren m\u00f6chte.","og_url":"https:\/\/www.koonings.com\/de\/product\/rebecca-ingram-ahorn-25rn322a01\/","og_site_name":"Koonings","article_publisher":"https:\/\/www.facebook.com\/kooningstheweddingpalace","og_image":[{"width":1440,"height":1920,"url":"https:\/\/www.koonings.com\/wp-content\/uploads\/2025\/09\/51303_08124ff7affeb68f310d55ba0dd77db4300ddd664c611c0abf0a722f7a0d6db29303043d.jpeg","type":"image\/jpeg"}],"twitter_card":"summary_large_image","schema":{"@context":"https:\/\/schema.org","@graph":[{"@type":"WebPage","@id":"https:\/\/www.koonings.com\/de\/product\/rebecca-ingram-ahorn-25rn322a01\/","url":"https:\/\/www.koonings.com\/de\/product\/rebecca-ingram-ahorn-25rn322a01\/","name":"Rebecca Ingram Ahorn 25RN322A01 | Koonings","isPartOf":{"@id":"https:\/\/www.koonings.com\/de\/#website"},"primaryImageOfPage":{"@id":"https:\/\/www.koonings.com\/de\/product\/rebecca-ingram-ahorn-25rn322a01\/#primaryimage"},"image":{"@id":"https:\/\/www.koonings.com\/de\/product\/rebecca-ingram-ahorn-25rn322a01\/#primaryimage"},"thumbnailUrl":"https:\/\/www.koonings.com\/wp-content\/uploads\/2025\/09\/51303_08124ff7affeb68f310d55ba0dd77db4300ddd664c611c0abf0a722f7a0d6db29303043d.jpeg","datePublished":"2026-04-28T16:38:38+00:00","description":"F\u00fcr die Braut, die mit eleganten Details und zeitloser Romantik gl\u00e4nzen m\u00f6chte. Das Maple ist ein Hochzeitskleid in A-Linie mit einem V-Ausschnitt, dezenten Perlen- und Perlenverzierungen und einem verf\u00fchrerischen offenen R\u00fccken. Leicht und flie\u00dfend, mit einer schmeichelhaften Passform, die Ihre Silhouette wunderbar betont. Perfekt f\u00fcr eine Braut, die klassische Eleganz mit funkelnden, modernen Details kombinieren m\u00f6chte.","breadcrumb":{"@id":"https:\/\/www.koonings.com\/de\/product\/rebecca-ingram-ahorn-25rn322a01\/#breadcrumb"},"inLanguage":"de","potentialAction":[{"@type":"ReadAction","target":["https:\/\/www.koonings.com\/de\/product\/rebecca-ingram-ahorn-25rn322a01\/"]}]},{"@type":"ImageObject","inLanguage":"de","@id":"https:\/\/www.koonings.com\/de\/product\/rebecca-ingram-ahorn-25rn322a01\/#primaryimage","url":"https:\/\/www.koonings.com\/wp-content\/uploads\/2025\/09\/51303_08124ff7affeb68f310d55ba0dd77db4300ddd664c611c0abf0a722f7a0d6db29303043d.jpeg","contentUrl":"https:\/\/www.koonings.com\/wp-content\/uploads\/2025\/09\/51303_08124ff7affeb68f310d55ba0dd77db4300ddd664c611c0abf0a722f7a0d6db29303043d.jpeg","width":1440,"height":1920},{"@type":"BreadcrumbList","@id":"https:\/\/www.koonings.com\/de\/product\/rebecca-ingram-ahorn-25rn322a01\/#breadcrumb","itemListElement":[{"@type":"ListItem","position":1,"name":"Home","item":"https:\/\/www.koonings.com\/de\/"},{"@type":"ListItem","position":2,"name":"Rebecca Ingram Ahorn 25RN322A01"}]},{"@type":"WebSite","@id":"https:\/\/www.koonings.com\/de\/#website","url":"https:\/\/www.koonings.com\/de\/","name":"Koonings","description":"De grootste bruidsmodewinkel ter wereld","publisher":{"@id":"https:\/\/www.koonings.com\/de\/#organization"},"potentialAction":[{"@type":"SearchAction","target":{"@type":"EntryPoint","urlTemplate":"https:\/\/www.koonings.com\/de\/?s={search_term_string}"},"query-input":{"@type":"PropertyValueSpecification","valueRequired":true,"valueName":"search_term_string"}}],"inLanguage":"de"},{"@type":"Organization","@id":"https:\/\/www.koonings.com\/de\/#organization","name":"Koonings","url":"https:\/\/www.koonings.com\/de\/","logo":{"@type":"ImageObject","inLanguage":"de","@id":"https:\/\/www.koonings.com\/de\/#\/schema\/logo\/image\/","url":"https:\/\/www.koonings.com\/wp-content\/uploads\/2024\/07\/logo.png","contentUrl":"https:\/\/www.koonings.com\/wp-content\/uploads\/2024\/07\/logo.png","width":600,"height":428,"caption":"Koonings"},"image":{"@id":"https:\/\/www.koonings.com\/de\/#\/schema\/logo\/image\/"},"sameAs":["https:\/\/www.facebook.com\/kooningstheweddingpalace","https:\/\/www.instagram.com\/kooningstheweddingpalace","https:\/\/www.pinterest.com\/koonings","https:\/\/www.youtube.com\/kooningstheweddingpalace"]}]}},"_links":{"self":[{"href":"https:\/\/www.koonings.com\/de\/wp-json\/wp\/v2\/product\/93957","targetHints":{"allow":["GET"]}}],"collection":[{"href":"https:\/\/www.koonings.com\/de\/wp-json\/wp\/v2\/product"}],"about":[{"href":"https:\/\/www.koonings.com\/de\/wp-json\/wp\/v2\/types\/product"}],"wp:featuredmedia":[{"embeddable":true,"href":"https:\/\/www.koonings.com\/de\/wp-json\/wp\/v2\/media\/92984"}],"wp:attachment":[{"href":"https:\/\/www.koonings.com\/de\/wp-json\/wp\/v2\/media?parent=93957"}],"wp:term":[{"taxonomy":"productdetails","embeddable":true,"href":"https:\/\/www.koonings.com\/de\/wp-json\/wp\/v2\/productdetails?post=93957"},{"taxonomy":"productneck","embeddable":true,"href":"https:\/\/www.koonings.com\/de\/wp-json\/wp\/v2\/productneck?post=93957"},{"taxonomy":"productcolor","embeddable":true,"href":"https:\/\/www.koonings.com\/de\/wp-json\/wp\/v2\/productcolor?post=93957"},{"taxonomy":"maat","embeddable":true,"href":"https:\/\/www.koonings.com\/de\/wp-json\/wp\/v2\/maat?post=93957"},{"taxonomy":"productsupplier","embeddable":true,"href":"https:\/\/www.koonings.com\/de\/wp-json\/wp\/v2\/productsupplier?post=93957"},{"taxonomy":"productsleeve","embeddable":true,"href":"https:\/\/www.koonings.com\/de\/wp-json\/wp\/v2\/productsleeve?post=93957"},{"taxonomy":"productcategory","embeddable":true,"href":"https:\/\/www.koonings.com\/de\/wp-json\/wp\/v2\/productcategory?post=93957"},{"taxonomy":"productsilhouette","embeddable":true,"href":"https:\/\/www.koonings.com\/de\/wp-json\/wp\/v2\/productsilhouette?post=93957"},{"taxonomy":"productstyle","embeddable":true,"href":"https:\/\/www.koonings.com\/de\/wp-json\/wp\/v2\/productstyle?post=93957"}],"curies":[{"name":"wp","href":"https:\/\/api.w.org\/{rel}","templated":true}]}}