{"id":93927,"date":"2026-04-28T18:40:35","date_gmt":"2026-04-28T16:40:35","guid":{"rendered":"https:\/\/www.koonings.com\/product\/azuree-braut-anouska-426-0301\/"},"modified":"2026-02-17T12:52:27","modified_gmt":"2026-02-17T11:52:27","slug":"azuree-braut-anouska-426-0301","status":"publish","type":"product","link":"https:\/\/www.koonings.com\/de\/product\/azuree-braut-anouska-426-0301\/","title":{"rendered":"Azuree Braut Anouska 426.0301"},"content":{"rendered":"<p>Anouska ist ein romantisches, flie\u00dfendes Hochzeitskleid, das einen verspielten und doch raffinierten Look bietet. Es hat eine flie\u00dfende A-Linie und abnehmbare Off-Shoulder-\u00c4rmel f\u00fcr zus\u00e4tzliche Abwechslung. Das Mieder aus Spitze mit durchsichtigen Details und seitlichen Cut-Outs verleiht dem Kleid einen subtilen, sexy Touch, w\u00e4hrend die Spaghettitr\u00e4ger f\u00fcr ein leichtes, luftiges Gef\u00fchl sorgen. Perfekt f\u00fcr Br\u00e4ute, die einen vertr\u00e4umten, b\u00f6hmischen Stil lieben. Anouska bietet eine raffinierte Kombination aus romantischen Akzenten und einem modernen, leichten Look. Damit ist dieses Kleid ideal f\u00fcr eine Sommerhochzeit oder einen entspannten Rahmen im Freien.    <\/p>\n","protected":false},"featured_media":92547,"template":"","meta":{"_acf_changed":false,"ghostkit_customizer_options":"","ghostkit_custom_css":"","ghostkit_custom_js_head":"","ghostkit_custom_js_foot":"","ghostkit_typography":""},"productdetails":[],"productneck":[355],"productcolor":[393,392],"maat":[],"productsupplier":[533],"productsleeve":[359,363],"productcategory":[18],"productsilhouette":[384],"productstyle":[364,366,370],"class_list":["post-93927","product","type-product","status-publish","has-post-thumbnail","hentry","productneck-355","productcolor-393","productcolor-392","productsupplier-azuree-bridal","productsleeve-359","productsleeve-363","productcategory-trouwjurken","productsilhouette-384","productstyle-364","productstyle-366","productstyle-370"],"acf":[],"yoast_head":"<!-- This site is optimized with the Yoast SEO plugin v27.3 - https:\/\/yoast.com\/product\/yoast-seo-wordpress\/ -->\n<title>Azuree Braut Anouska 426.0301 | Koonings<\/title>\n<meta name=\"description\" content=\"Anouska ist ein romantisches, flie\u00dfendes Hochzeitskleid, das einen verspielten und doch raffinierten Look bietet. Es hat eine flie\u00dfende A-Linie und abnehmbare Off-Shoulder-\u00c4rmel f\u00fcr zus\u00e4tzliche Abwechslung. Das Mieder aus Spitze mit durchsichtigen Details und seitlichen Cut-Outs verleiht dem Kleid einen subtilen, sexy Touch, w\u00e4hrend die Spaghettitr\u00e4ger f\u00fcr ein leichtes, luftiges Gef\u00fchl sorgen. Perfekt f\u00fcr Br\u00e4ute, die einen vertr\u00e4umten, b\u00f6hmischen Stil lieben. Anouska bietet eine raffinierte Kombination aus romantischen Akzenten und einem modernen, leichten Look. Damit ist dieses Kleid ideal f\u00fcr eine Sommerhochzeit oder einen entspannten Rahmen im Freien.\" \/>\n<meta name=\"robots\" content=\"index, follow, max-snippet:-1, max-image-preview:large, max-video-preview:-1\" \/>\n<link rel=\"canonical\" href=\"https:\/\/www.koonings.com\/de\/product\/azuree-braut-anouska-426-0301\/\" \/>\n<meta property=\"og:locale\" content=\"de_DE\" \/>\n<meta property=\"og:type\" content=\"article\" \/>\n<meta property=\"og:title\" content=\"Azuree Braut Anouska 426.0301 | Koonings\" \/>\n<meta property=\"og:description\" content=\"Anouska ist ein romantisches, flie\u00dfendes Hochzeitskleid, das einen verspielten und doch raffinierten Look bietet. Es hat eine flie\u00dfende A-Linie und abnehmbare Off-Shoulder-\u00c4rmel f\u00fcr zus\u00e4tzliche Abwechslung. Das Mieder aus Spitze mit durchsichtigen Details und seitlichen Cut-Outs verleiht dem Kleid einen subtilen, sexy Touch, w\u00e4hrend die Spaghettitr\u00e4ger f\u00fcr ein leichtes, luftiges Gef\u00fchl sorgen. Perfekt f\u00fcr Br\u00e4ute, die einen vertr\u00e4umten, b\u00f6hmischen Stil lieben. Anouska bietet eine raffinierte Kombination aus romantischen Akzenten und einem modernen, leichten Look. Damit ist dieses Kleid ideal f\u00fcr eine Sommerhochzeit oder einen entspannten Rahmen im Freien.\" \/>\n<meta property=\"og:url\" content=\"https:\/\/www.koonings.com\/de\/product\/azuree-braut-anouska-426-0301\/\" \/>\n<meta property=\"og:site_name\" content=\"Koonings\" \/>\n<meta property=\"article:publisher\" content=\"https:\/\/www.facebook.com\/kooningstheweddingpalace\" \/>\n<meta property=\"og:image\" content=\"https:\/\/www.koonings.com\/wp-content\/uploads\/2025\/09\/51489_2d35084c4786a88fa48b68a4f330c0ec5269a12ba0bcc4565e02933aa100d5d37ae20213.jpeg\" \/>\n\t<meta property=\"og:image:width\" content=\"1708\" \/>\n\t<meta property=\"og:image:height\" content=\"2455\" \/>\n\t<meta property=\"og:image:type\" content=\"image\/jpeg\" \/>\n<meta name=\"twitter:card\" content=\"summary_large_image\" \/>\n<meta name=\"twitter:label1\" content=\"Gesch\u00e4tzte Lesezeit\" \/>\n\t<meta name=\"twitter:data1\" content=\"1\u00a0Minute\" \/>\n<script type=\"application\/ld+json\" class=\"yoast-schema-graph\">{\"@context\":\"https:\\\/\\\/schema.org\",\"@graph\":[{\"@type\":\"WebPage\",\"@id\":\"https:\\\/\\\/www.koonings.com\\\/de\\\/product\\\/azuree-braut-anouska-426-0301\\\/\",\"url\":\"https:\\\/\\\/www.koonings.com\\\/de\\\/product\\\/azuree-braut-anouska-426-0301\\\/\",\"name\":\"Azuree Braut Anouska 426.0301 | Koonings\",\"isPartOf\":{\"@id\":\"https:\\\/\\\/www.koonings.com\\\/de\\\/#website\"},\"primaryImageOfPage\":{\"@id\":\"https:\\\/\\\/www.koonings.com\\\/de\\\/product\\\/azuree-braut-anouska-426-0301\\\/#primaryimage\"},\"image\":{\"@id\":\"https:\\\/\\\/www.koonings.com\\\/de\\\/product\\\/azuree-braut-anouska-426-0301\\\/#primaryimage\"},\"thumbnailUrl\":\"https:\\\/\\\/www.koonings.com\\\/wp-content\\\/uploads\\\/2025\\\/09\\\/51489_2d35084c4786a88fa48b68a4f330c0ec5269a12ba0bcc4565e02933aa100d5d37ae20213.jpeg\",\"datePublished\":\"2026-04-28T16:40:35+00:00\",\"description\":\"Anouska ist ein romantisches, flie\u00dfendes Hochzeitskleid, das einen verspielten und doch raffinierten Look bietet. Es hat eine flie\u00dfende A-Linie und abnehmbare Off-Shoulder-\u00c4rmel f\u00fcr zus\u00e4tzliche Abwechslung. Das Mieder aus Spitze mit durchsichtigen Details und seitlichen Cut-Outs verleiht dem Kleid einen subtilen, sexy Touch, w\u00e4hrend die Spaghettitr\u00e4ger f\u00fcr ein leichtes, luftiges Gef\u00fchl sorgen. Perfekt f\u00fcr Br\u00e4ute, die einen vertr\u00e4umten, b\u00f6hmischen Stil lieben. Anouska bietet eine raffinierte Kombination aus romantischen Akzenten und einem modernen, leichten Look. Damit ist dieses Kleid ideal f\u00fcr eine Sommerhochzeit oder einen entspannten Rahmen im Freien.\",\"breadcrumb\":{\"@id\":\"https:\\\/\\\/www.koonings.com\\\/de\\\/product\\\/azuree-braut-anouska-426-0301\\\/#breadcrumb\"},\"inLanguage\":\"de\",\"potentialAction\":[{\"@type\":\"ReadAction\",\"target\":[\"https:\\\/\\\/www.koonings.com\\\/de\\\/product\\\/azuree-braut-anouska-426-0301\\\/\"]}]},{\"@type\":\"ImageObject\",\"inLanguage\":\"de\",\"@id\":\"https:\\\/\\\/www.koonings.com\\\/de\\\/product\\\/azuree-braut-anouska-426-0301\\\/#primaryimage\",\"url\":\"https:\\\/\\\/www.koonings.com\\\/wp-content\\\/uploads\\\/2025\\\/09\\\/51489_2d35084c4786a88fa48b68a4f330c0ec5269a12ba0bcc4565e02933aa100d5d37ae20213.jpeg\",\"contentUrl\":\"https:\\\/\\\/www.koonings.com\\\/wp-content\\\/uploads\\\/2025\\\/09\\\/51489_2d35084c4786a88fa48b68a4f330c0ec5269a12ba0bcc4565e02933aa100d5d37ae20213.jpeg\",\"width\":1708,\"height\":2455},{\"@type\":\"BreadcrumbList\",\"@id\":\"https:\\\/\\\/www.koonings.com\\\/de\\\/product\\\/azuree-braut-anouska-426-0301\\\/#breadcrumb\",\"itemListElement\":[{\"@type\":\"ListItem\",\"position\":1,\"name\":\"Home\",\"item\":\"https:\\\/\\\/www.koonings.com\\\/de\\\/\"},{\"@type\":\"ListItem\",\"position\":2,\"name\":\"Azuree Braut Anouska 426.0301\"}]},{\"@type\":\"WebSite\",\"@id\":\"https:\\\/\\\/www.koonings.com\\\/de\\\/#website\",\"url\":\"https:\\\/\\\/www.koonings.com\\\/de\\\/\",\"name\":\"Koonings\",\"description\":\"De grootste bruidsmodewinkel ter wereld\",\"publisher\":{\"@id\":\"https:\\\/\\\/www.koonings.com\\\/de\\\/#organization\"},\"potentialAction\":[{\"@type\":\"SearchAction\",\"target\":{\"@type\":\"EntryPoint\",\"urlTemplate\":\"https:\\\/\\\/www.koonings.com\\\/de\\\/?s={search_term_string}\"},\"query-input\":{\"@type\":\"PropertyValueSpecification\",\"valueRequired\":true,\"valueName\":\"search_term_string\"}}],\"inLanguage\":\"de\"},{\"@type\":\"Organization\",\"@id\":\"https:\\\/\\\/www.koonings.com\\\/de\\\/#organization\",\"name\":\"Koonings\",\"url\":\"https:\\\/\\\/www.koonings.com\\\/de\\\/\",\"logo\":{\"@type\":\"ImageObject\",\"inLanguage\":\"de\",\"@id\":\"https:\\\/\\\/www.koonings.com\\\/de\\\/#\\\/schema\\\/logo\\\/image\\\/\",\"url\":\"https:\\\/\\\/www.koonings.com\\\/wp-content\\\/uploads\\\/2024\\\/07\\\/logo.png\",\"contentUrl\":\"https:\\\/\\\/www.koonings.com\\\/wp-content\\\/uploads\\\/2024\\\/07\\\/logo.png\",\"width\":600,\"height\":428,\"caption\":\"Koonings\"},\"image\":{\"@id\":\"https:\\\/\\\/www.koonings.com\\\/de\\\/#\\\/schema\\\/logo\\\/image\\\/\"},\"sameAs\":[\"https:\\\/\\\/www.facebook.com\\\/kooningstheweddingpalace\",\"https:\\\/\\\/www.instagram.com\\\/kooningstheweddingpalace\",\"https:\\\/\\\/www.pinterest.com\\\/koonings\",\"https:\\\/\\\/www.youtube.com\\\/kooningstheweddingpalace\"]}]}<\/script>\n<!-- \/ Yoast SEO plugin. -->","yoast_head_json":{"title":"Azuree Braut Anouska 426.0301 | Koonings","description":"Anouska ist ein romantisches, flie\u00dfendes Hochzeitskleid, das einen verspielten und doch raffinierten Look bietet. Es hat eine flie\u00dfende A-Linie und abnehmbare Off-Shoulder-\u00c4rmel f\u00fcr zus\u00e4tzliche Abwechslung. Das Mieder aus Spitze mit durchsichtigen Details und seitlichen Cut-Outs verleiht dem Kleid einen subtilen, sexy Touch, w\u00e4hrend die Spaghettitr\u00e4ger f\u00fcr ein leichtes, luftiges Gef\u00fchl sorgen. Perfekt f\u00fcr Br\u00e4ute, die einen vertr\u00e4umten, b\u00f6hmischen Stil lieben. Anouska bietet eine raffinierte Kombination aus romantischen Akzenten und einem modernen, leichten Look. Damit ist dieses Kleid ideal f\u00fcr eine Sommerhochzeit oder einen entspannten Rahmen im Freien.","robots":{"index":"index","follow":"follow","max-snippet":"max-snippet:-1","max-image-preview":"max-image-preview:large","max-video-preview":"max-video-preview:-1"},"canonical":"https:\/\/www.koonings.com\/de\/product\/azuree-braut-anouska-426-0301\/","og_locale":"de_DE","og_type":"article","og_title":"Azuree Braut Anouska 426.0301 | Koonings","og_description":"Anouska ist ein romantisches, flie\u00dfendes Hochzeitskleid, das einen verspielten und doch raffinierten Look bietet. Es hat eine flie\u00dfende A-Linie und abnehmbare Off-Shoulder-\u00c4rmel f\u00fcr zus\u00e4tzliche Abwechslung. Das Mieder aus Spitze mit durchsichtigen Details und seitlichen Cut-Outs verleiht dem Kleid einen subtilen, sexy Touch, w\u00e4hrend die Spaghettitr\u00e4ger f\u00fcr ein leichtes, luftiges Gef\u00fchl sorgen. Perfekt f\u00fcr Br\u00e4ute, die einen vertr\u00e4umten, b\u00f6hmischen Stil lieben. Anouska bietet eine raffinierte Kombination aus romantischen Akzenten und einem modernen, leichten Look. Damit ist dieses Kleid ideal f\u00fcr eine Sommerhochzeit oder einen entspannten Rahmen im Freien.","og_url":"https:\/\/www.koonings.com\/de\/product\/azuree-braut-anouska-426-0301\/","og_site_name":"Koonings","article_publisher":"https:\/\/www.facebook.com\/kooningstheweddingpalace","og_image":[{"width":1708,"height":2455,"url":"https:\/\/www.koonings.com\/wp-content\/uploads\/2025\/09\/51489_2d35084c4786a88fa48b68a4f330c0ec5269a12ba0bcc4565e02933aa100d5d37ae20213.jpeg","type":"image\/jpeg"}],"twitter_card":"summary_large_image","twitter_misc":{"Gesch\u00e4tzte Lesezeit":"1\u00a0Minute"},"schema":{"@context":"https:\/\/schema.org","@graph":[{"@type":"WebPage","@id":"https:\/\/www.koonings.com\/de\/product\/azuree-braut-anouska-426-0301\/","url":"https:\/\/www.koonings.com\/de\/product\/azuree-braut-anouska-426-0301\/","name":"Azuree Braut Anouska 426.0301 | Koonings","isPartOf":{"@id":"https:\/\/www.koonings.com\/de\/#website"},"primaryImageOfPage":{"@id":"https:\/\/www.koonings.com\/de\/product\/azuree-braut-anouska-426-0301\/#primaryimage"},"image":{"@id":"https:\/\/www.koonings.com\/de\/product\/azuree-braut-anouska-426-0301\/#primaryimage"},"thumbnailUrl":"https:\/\/www.koonings.com\/wp-content\/uploads\/2025\/09\/51489_2d35084c4786a88fa48b68a4f330c0ec5269a12ba0bcc4565e02933aa100d5d37ae20213.jpeg","datePublished":"2026-04-28T16:40:35+00:00","description":"Anouska ist ein romantisches, flie\u00dfendes Hochzeitskleid, das einen verspielten und doch raffinierten Look bietet. Es hat eine flie\u00dfende A-Linie und abnehmbare Off-Shoulder-\u00c4rmel f\u00fcr zus\u00e4tzliche Abwechslung. Das Mieder aus Spitze mit durchsichtigen Details und seitlichen Cut-Outs verleiht dem Kleid einen subtilen, sexy Touch, w\u00e4hrend die Spaghettitr\u00e4ger f\u00fcr ein leichtes, luftiges Gef\u00fchl sorgen. Perfekt f\u00fcr Br\u00e4ute, die einen vertr\u00e4umten, b\u00f6hmischen Stil lieben. Anouska bietet eine raffinierte Kombination aus romantischen Akzenten und einem modernen, leichten Look. Damit ist dieses Kleid ideal f\u00fcr eine Sommerhochzeit oder einen entspannten Rahmen im Freien.","breadcrumb":{"@id":"https:\/\/www.koonings.com\/de\/product\/azuree-braut-anouska-426-0301\/#breadcrumb"},"inLanguage":"de","potentialAction":[{"@type":"ReadAction","target":["https:\/\/www.koonings.com\/de\/product\/azuree-braut-anouska-426-0301\/"]}]},{"@type":"ImageObject","inLanguage":"de","@id":"https:\/\/www.koonings.com\/de\/product\/azuree-braut-anouska-426-0301\/#primaryimage","url":"https:\/\/www.koonings.com\/wp-content\/uploads\/2025\/09\/51489_2d35084c4786a88fa48b68a4f330c0ec5269a12ba0bcc4565e02933aa100d5d37ae20213.jpeg","contentUrl":"https:\/\/www.koonings.com\/wp-content\/uploads\/2025\/09\/51489_2d35084c4786a88fa48b68a4f330c0ec5269a12ba0bcc4565e02933aa100d5d37ae20213.jpeg","width":1708,"height":2455},{"@type":"BreadcrumbList","@id":"https:\/\/www.koonings.com\/de\/product\/azuree-braut-anouska-426-0301\/#breadcrumb","itemListElement":[{"@type":"ListItem","position":1,"name":"Home","item":"https:\/\/www.koonings.com\/de\/"},{"@type":"ListItem","position":2,"name":"Azuree Braut Anouska 426.0301"}]},{"@type":"WebSite","@id":"https:\/\/www.koonings.com\/de\/#website","url":"https:\/\/www.koonings.com\/de\/","name":"Koonings","description":"De grootste bruidsmodewinkel ter wereld","publisher":{"@id":"https:\/\/www.koonings.com\/de\/#organization"},"potentialAction":[{"@type":"SearchAction","target":{"@type":"EntryPoint","urlTemplate":"https:\/\/www.koonings.com\/de\/?s={search_term_string}"},"query-input":{"@type":"PropertyValueSpecification","valueRequired":true,"valueName":"search_term_string"}}],"inLanguage":"de"},{"@type":"Organization","@id":"https:\/\/www.koonings.com\/de\/#organization","name":"Koonings","url":"https:\/\/www.koonings.com\/de\/","logo":{"@type":"ImageObject","inLanguage":"de","@id":"https:\/\/www.koonings.com\/de\/#\/schema\/logo\/image\/","url":"https:\/\/www.koonings.com\/wp-content\/uploads\/2024\/07\/logo.png","contentUrl":"https:\/\/www.koonings.com\/wp-content\/uploads\/2024\/07\/logo.png","width":600,"height":428,"caption":"Koonings"},"image":{"@id":"https:\/\/www.koonings.com\/de\/#\/schema\/logo\/image\/"},"sameAs":["https:\/\/www.facebook.com\/kooningstheweddingpalace","https:\/\/www.instagram.com\/kooningstheweddingpalace","https:\/\/www.pinterest.com\/koonings","https:\/\/www.youtube.com\/kooningstheweddingpalace"]}]}},"_links":{"self":[{"href":"https:\/\/www.koonings.com\/de\/wp-json\/wp\/v2\/product\/93927","targetHints":{"allow":["GET"]}}],"collection":[{"href":"https:\/\/www.koonings.com\/de\/wp-json\/wp\/v2\/product"}],"about":[{"href":"https:\/\/www.koonings.com\/de\/wp-json\/wp\/v2\/types\/product"}],"wp:featuredmedia":[{"embeddable":true,"href":"https:\/\/www.koonings.com\/de\/wp-json\/wp\/v2\/media\/92547"}],"wp:attachment":[{"href":"https:\/\/www.koonings.com\/de\/wp-json\/wp\/v2\/media?parent=93927"}],"wp:term":[{"taxonomy":"productdetails","embeddable":true,"href":"https:\/\/www.koonings.com\/de\/wp-json\/wp\/v2\/productdetails?post=93927"},{"taxonomy":"productneck","embeddable":true,"href":"https:\/\/www.koonings.com\/de\/wp-json\/wp\/v2\/productneck?post=93927"},{"taxonomy":"productcolor","embeddable":true,"href":"https:\/\/www.koonings.com\/de\/wp-json\/wp\/v2\/productcolor?post=93927"},{"taxonomy":"maat","embeddable":true,"href":"https:\/\/www.koonings.com\/de\/wp-json\/wp\/v2\/maat?post=93927"},{"taxonomy":"productsupplier","embeddable":true,"href":"https:\/\/www.koonings.com\/de\/wp-json\/wp\/v2\/productsupplier?post=93927"},{"taxonomy":"productsleeve","embeddable":true,"href":"https:\/\/www.koonings.com\/de\/wp-json\/wp\/v2\/productsleeve?post=93927"},{"taxonomy":"productcategory","embeddable":true,"href":"https:\/\/www.koonings.com\/de\/wp-json\/wp\/v2\/productcategory?post=93927"},{"taxonomy":"productsilhouette","embeddable":true,"href":"https:\/\/www.koonings.com\/de\/wp-json\/wp\/v2\/productsilhouette?post=93927"},{"taxonomy":"productstyle","embeddable":true,"href":"https:\/\/www.koonings.com\/de\/wp-json\/wp\/v2\/productstyle?post=93927"}],"curies":[{"name":"wp","href":"https:\/\/api.w.org\/{rel}","templated":true}]}}