{"id":93925,"date":"2026-04-28T18:40:40","date_gmt":"2026-04-28T16:40:40","guid":{"rendered":"https:\/\/www.koonings.com\/product\/azuree-braut-beril-326-0031\/"},"modified":"2026-02-17T12:56:22","modified_gmt":"2026-02-17T11:56:22","slug":"azuree-braut-beril-326-0031","status":"publish","type":"product","link":"https:\/\/www.koonings.com\/de\/product\/azuree-braut-beril-326-0031\/","title":{"rendered":"Azuree Braut Beril 326.0031"},"content":{"rendered":"<p>Das Beril Kleid ist pure Brautmagie. Mit seinen romantischen Off-Shoulder-Puff\u00e4rmeln aus weichem T\u00fcll, einem durchsichtigen Korsettmieder mit zarten Blumenapplikationen und einem luftigen Rock mit hohem Schlitz verk\u00f6rpert dieses Kleid die perfekte Mischung aus m\u00e4rchenhaft und modisch anspruchsvoll. Die durchsichtigen Details und die verspielte Bewegung des Stoffes machen dieses Kleid ideal f\u00fcr die Braut, die mit Eleganz und Charakter gl\u00e4nzen m\u00f6chte. Die weiche A-Linie schafft eine traumhafte Silhouette, w\u00e4hrend der hohe Schlitz einen verf\u00fchrerischen Akzent setzt.   <\/p>\n","protected":false},"featured_media":92571,"template":"","meta":{"_acf_changed":false,"ghostkit_customizer_options":"","ghostkit_custom_css":"","ghostkit_custom_js_head":"","ghostkit_custom_js_foot":"","ghostkit_typography":""},"productdetails":[379,378],"productneck":[355],"productcolor":[393,392],"maat":[],"productsupplier":[533],"productsleeve":[362,363],"productcategory":[18],"productsilhouette":[384],"productstyle":[366,370],"class_list":["post-93925","product","type-product","status-publish","has-post-thumbnail","hentry","productdetails-379","productdetails-378","productneck-355","productcolor-393","productcolor-392","productsupplier-azuree-bridal","productsleeve-362","productsleeve-363","productcategory-trouwjurken","productsilhouette-384","productstyle-366","productstyle-370"],"acf":[],"yoast_head":"<!-- This site is optimized with the Yoast SEO plugin v27.3 - https:\/\/yoast.com\/product\/yoast-seo-wordpress\/ -->\n<title>Azuree Braut Beril 326.0031 | Koonings<\/title>\n<meta name=\"description\" content=\"Das Beril Kleid ist pure Brautmagie. Mit seinen romantischen Off-Shoulder-Puff\u00e4rmeln aus weichem T\u00fcll, einem durchsichtigen Korsettmieder mit zarten Blumenapplikationen und einem luftigen Rock mit hohem Schlitz verk\u00f6rpert dieses Kleid die perfekte Mischung aus m\u00e4rchenhaft und modisch anspruchsvoll. Die durchsichtigen Details und die verspielte Bewegung des Stoffes machen dieses Kleid ideal f\u00fcr die Braut, die mit Eleganz und Charakter gl\u00e4nzen m\u00f6chte. Die weiche A-Linie schafft eine traumhafte Silhouette, w\u00e4hrend der hohe Schlitz einen verf\u00fchrerischen Akzent setzt.\" \/>\n<meta name=\"robots\" content=\"index, follow, max-snippet:-1, max-image-preview:large, max-video-preview:-1\" \/>\n<link rel=\"canonical\" href=\"https:\/\/www.koonings.com\/de\/product\/azuree-braut-beril-326-0031\/\" \/>\n<meta property=\"og:locale\" content=\"de_DE\" \/>\n<meta property=\"og:type\" content=\"article\" \/>\n<meta property=\"og:title\" content=\"Azuree Braut Beril 326.0031 | Koonings\" \/>\n<meta property=\"og:description\" content=\"Das Beril Kleid ist pure Brautmagie. Mit seinen romantischen Off-Shoulder-Puff\u00e4rmeln aus weichem T\u00fcll, einem durchsichtigen Korsettmieder mit zarten Blumenapplikationen und einem luftigen Rock mit hohem Schlitz verk\u00f6rpert dieses Kleid die perfekte Mischung aus m\u00e4rchenhaft und modisch anspruchsvoll. Die durchsichtigen Details und die verspielte Bewegung des Stoffes machen dieses Kleid ideal f\u00fcr die Braut, die mit Eleganz und Charakter gl\u00e4nzen m\u00f6chte. Die weiche A-Linie schafft eine traumhafte Silhouette, w\u00e4hrend der hohe Schlitz einen verf\u00fchrerischen Akzent setzt.\" \/>\n<meta property=\"og:url\" content=\"https:\/\/www.koonings.com\/de\/product\/azuree-braut-beril-326-0031\/\" \/>\n<meta property=\"og:site_name\" content=\"Koonings\" \/>\n<meta property=\"article:publisher\" content=\"https:\/\/www.facebook.com\/kooningstheweddingpalace\" \/>\n<meta property=\"og:image\" content=\"https:\/\/www.koonings.com\/wp-content\/uploads\/2025\/09\/51502_1d8e78db34eef028cb7ac380734c8b3695b3cd910329b3da0f9dd7e5868ef7cfd8c6d815.jpeg\" \/>\n\t<meta property=\"og:image:width\" content=\"1708\" \/>\n\t<meta property=\"og:image:height\" content=\"2560\" \/>\n\t<meta property=\"og:image:type\" content=\"image\/jpeg\" \/>\n<meta name=\"twitter:card\" content=\"summary_large_image\" \/>\n<script type=\"application\/ld+json\" class=\"yoast-schema-graph\">{\"@context\":\"https:\\\/\\\/schema.org\",\"@graph\":[{\"@type\":\"WebPage\",\"@id\":\"https:\\\/\\\/www.koonings.com\\\/de\\\/product\\\/azuree-braut-beril-326-0031\\\/\",\"url\":\"https:\\\/\\\/www.koonings.com\\\/de\\\/product\\\/azuree-braut-beril-326-0031\\\/\",\"name\":\"Azuree Braut Beril 326.0031 | Koonings\",\"isPartOf\":{\"@id\":\"https:\\\/\\\/www.koonings.com\\\/de\\\/#website\"},\"primaryImageOfPage\":{\"@id\":\"https:\\\/\\\/www.koonings.com\\\/de\\\/product\\\/azuree-braut-beril-326-0031\\\/#primaryimage\"},\"image\":{\"@id\":\"https:\\\/\\\/www.koonings.com\\\/de\\\/product\\\/azuree-braut-beril-326-0031\\\/#primaryimage\"},\"thumbnailUrl\":\"https:\\\/\\\/www.koonings.com\\\/wp-content\\\/uploads\\\/2025\\\/09\\\/51502_1d8e78db34eef028cb7ac380734c8b3695b3cd910329b3da0f9dd7e5868ef7cfd8c6d815.jpeg\",\"datePublished\":\"2026-04-28T16:40:40+00:00\",\"description\":\"Das Beril Kleid ist pure Brautmagie. Mit seinen romantischen Off-Shoulder-Puff\u00e4rmeln aus weichem T\u00fcll, einem durchsichtigen Korsettmieder mit zarten Blumenapplikationen und einem luftigen Rock mit hohem Schlitz verk\u00f6rpert dieses Kleid die perfekte Mischung aus m\u00e4rchenhaft und modisch anspruchsvoll. Die durchsichtigen Details und die verspielte Bewegung des Stoffes machen dieses Kleid ideal f\u00fcr die Braut, die mit Eleganz und Charakter gl\u00e4nzen m\u00f6chte. Die weiche A-Linie schafft eine traumhafte Silhouette, w\u00e4hrend der hohe Schlitz einen verf\u00fchrerischen Akzent setzt.\",\"breadcrumb\":{\"@id\":\"https:\\\/\\\/www.koonings.com\\\/de\\\/product\\\/azuree-braut-beril-326-0031\\\/#breadcrumb\"},\"inLanguage\":\"de\",\"potentialAction\":[{\"@type\":\"ReadAction\",\"target\":[\"https:\\\/\\\/www.koonings.com\\\/de\\\/product\\\/azuree-braut-beril-326-0031\\\/\"]}]},{\"@type\":\"ImageObject\",\"inLanguage\":\"de\",\"@id\":\"https:\\\/\\\/www.koonings.com\\\/de\\\/product\\\/azuree-braut-beril-326-0031\\\/#primaryimage\",\"url\":\"https:\\\/\\\/www.koonings.com\\\/wp-content\\\/uploads\\\/2025\\\/09\\\/51502_1d8e78db34eef028cb7ac380734c8b3695b3cd910329b3da0f9dd7e5868ef7cfd8c6d815.jpeg\",\"contentUrl\":\"https:\\\/\\\/www.koonings.com\\\/wp-content\\\/uploads\\\/2025\\\/09\\\/51502_1d8e78db34eef028cb7ac380734c8b3695b3cd910329b3da0f9dd7e5868ef7cfd8c6d815.jpeg\",\"width\":1708,\"height\":2560},{\"@type\":\"BreadcrumbList\",\"@id\":\"https:\\\/\\\/www.koonings.com\\\/de\\\/product\\\/azuree-braut-beril-326-0031\\\/#breadcrumb\",\"itemListElement\":[{\"@type\":\"ListItem\",\"position\":1,\"name\":\"Home\",\"item\":\"https:\\\/\\\/www.koonings.com\\\/de\\\/\"},{\"@type\":\"ListItem\",\"position\":2,\"name\":\"Azuree Braut Beril 326.0031\"}]},{\"@type\":\"WebSite\",\"@id\":\"https:\\\/\\\/www.koonings.com\\\/de\\\/#website\",\"url\":\"https:\\\/\\\/www.koonings.com\\\/de\\\/\",\"name\":\"Koonings\",\"description\":\"De grootste bruidsmodewinkel ter wereld\",\"publisher\":{\"@id\":\"https:\\\/\\\/www.koonings.com\\\/de\\\/#organization\"},\"potentialAction\":[{\"@type\":\"SearchAction\",\"target\":{\"@type\":\"EntryPoint\",\"urlTemplate\":\"https:\\\/\\\/www.koonings.com\\\/de\\\/?s={search_term_string}\"},\"query-input\":{\"@type\":\"PropertyValueSpecification\",\"valueRequired\":true,\"valueName\":\"search_term_string\"}}],\"inLanguage\":\"de\"},{\"@type\":\"Organization\",\"@id\":\"https:\\\/\\\/www.koonings.com\\\/de\\\/#organization\",\"name\":\"Koonings\",\"url\":\"https:\\\/\\\/www.koonings.com\\\/de\\\/\",\"logo\":{\"@type\":\"ImageObject\",\"inLanguage\":\"de\",\"@id\":\"https:\\\/\\\/www.koonings.com\\\/de\\\/#\\\/schema\\\/logo\\\/image\\\/\",\"url\":\"https:\\\/\\\/www.koonings.com\\\/wp-content\\\/uploads\\\/2024\\\/07\\\/logo.png\",\"contentUrl\":\"https:\\\/\\\/www.koonings.com\\\/wp-content\\\/uploads\\\/2024\\\/07\\\/logo.png\",\"width\":600,\"height\":428,\"caption\":\"Koonings\"},\"image\":{\"@id\":\"https:\\\/\\\/www.koonings.com\\\/de\\\/#\\\/schema\\\/logo\\\/image\\\/\"},\"sameAs\":[\"https:\\\/\\\/www.facebook.com\\\/kooningstheweddingpalace\",\"https:\\\/\\\/www.instagram.com\\\/kooningstheweddingpalace\",\"https:\\\/\\\/www.pinterest.com\\\/koonings\",\"https:\\\/\\\/www.youtube.com\\\/kooningstheweddingpalace\"]}]}<\/script>\n<!-- \/ Yoast SEO plugin. -->","yoast_head_json":{"title":"Azuree Braut Beril 326.0031 | Koonings","description":"Das Beril Kleid ist pure Brautmagie. Mit seinen romantischen Off-Shoulder-Puff\u00e4rmeln aus weichem T\u00fcll, einem durchsichtigen Korsettmieder mit zarten Blumenapplikationen und einem luftigen Rock mit hohem Schlitz verk\u00f6rpert dieses Kleid die perfekte Mischung aus m\u00e4rchenhaft und modisch anspruchsvoll. Die durchsichtigen Details und die verspielte Bewegung des Stoffes machen dieses Kleid ideal f\u00fcr die Braut, die mit Eleganz und Charakter gl\u00e4nzen m\u00f6chte. Die weiche A-Linie schafft eine traumhafte Silhouette, w\u00e4hrend der hohe Schlitz einen verf\u00fchrerischen Akzent setzt.","robots":{"index":"index","follow":"follow","max-snippet":"max-snippet:-1","max-image-preview":"max-image-preview:large","max-video-preview":"max-video-preview:-1"},"canonical":"https:\/\/www.koonings.com\/de\/product\/azuree-braut-beril-326-0031\/","og_locale":"de_DE","og_type":"article","og_title":"Azuree Braut Beril 326.0031 | Koonings","og_description":"Das Beril Kleid ist pure Brautmagie. Mit seinen romantischen Off-Shoulder-Puff\u00e4rmeln aus weichem T\u00fcll, einem durchsichtigen Korsettmieder mit zarten Blumenapplikationen und einem luftigen Rock mit hohem Schlitz verk\u00f6rpert dieses Kleid die perfekte Mischung aus m\u00e4rchenhaft und modisch anspruchsvoll. Die durchsichtigen Details und die verspielte Bewegung des Stoffes machen dieses Kleid ideal f\u00fcr die Braut, die mit Eleganz und Charakter gl\u00e4nzen m\u00f6chte. Die weiche A-Linie schafft eine traumhafte Silhouette, w\u00e4hrend der hohe Schlitz einen verf\u00fchrerischen Akzent setzt.","og_url":"https:\/\/www.koonings.com\/de\/product\/azuree-braut-beril-326-0031\/","og_site_name":"Koonings","article_publisher":"https:\/\/www.facebook.com\/kooningstheweddingpalace","og_image":[{"width":1708,"height":2560,"url":"https:\/\/www.koonings.com\/wp-content\/uploads\/2025\/09\/51502_1d8e78db34eef028cb7ac380734c8b3695b3cd910329b3da0f9dd7e5868ef7cfd8c6d815.jpeg","type":"image\/jpeg"}],"twitter_card":"summary_large_image","schema":{"@context":"https:\/\/schema.org","@graph":[{"@type":"WebPage","@id":"https:\/\/www.koonings.com\/de\/product\/azuree-braut-beril-326-0031\/","url":"https:\/\/www.koonings.com\/de\/product\/azuree-braut-beril-326-0031\/","name":"Azuree Braut Beril 326.0031 | Koonings","isPartOf":{"@id":"https:\/\/www.koonings.com\/de\/#website"},"primaryImageOfPage":{"@id":"https:\/\/www.koonings.com\/de\/product\/azuree-braut-beril-326-0031\/#primaryimage"},"image":{"@id":"https:\/\/www.koonings.com\/de\/product\/azuree-braut-beril-326-0031\/#primaryimage"},"thumbnailUrl":"https:\/\/www.koonings.com\/wp-content\/uploads\/2025\/09\/51502_1d8e78db34eef028cb7ac380734c8b3695b3cd910329b3da0f9dd7e5868ef7cfd8c6d815.jpeg","datePublished":"2026-04-28T16:40:40+00:00","description":"Das Beril Kleid ist pure Brautmagie. Mit seinen romantischen Off-Shoulder-Puff\u00e4rmeln aus weichem T\u00fcll, einem durchsichtigen Korsettmieder mit zarten Blumenapplikationen und einem luftigen Rock mit hohem Schlitz verk\u00f6rpert dieses Kleid die perfekte Mischung aus m\u00e4rchenhaft und modisch anspruchsvoll. Die durchsichtigen Details und die verspielte Bewegung des Stoffes machen dieses Kleid ideal f\u00fcr die Braut, die mit Eleganz und Charakter gl\u00e4nzen m\u00f6chte. Die weiche A-Linie schafft eine traumhafte Silhouette, w\u00e4hrend der hohe Schlitz einen verf\u00fchrerischen Akzent setzt.","breadcrumb":{"@id":"https:\/\/www.koonings.com\/de\/product\/azuree-braut-beril-326-0031\/#breadcrumb"},"inLanguage":"de","potentialAction":[{"@type":"ReadAction","target":["https:\/\/www.koonings.com\/de\/product\/azuree-braut-beril-326-0031\/"]}]},{"@type":"ImageObject","inLanguage":"de","@id":"https:\/\/www.koonings.com\/de\/product\/azuree-braut-beril-326-0031\/#primaryimage","url":"https:\/\/www.koonings.com\/wp-content\/uploads\/2025\/09\/51502_1d8e78db34eef028cb7ac380734c8b3695b3cd910329b3da0f9dd7e5868ef7cfd8c6d815.jpeg","contentUrl":"https:\/\/www.koonings.com\/wp-content\/uploads\/2025\/09\/51502_1d8e78db34eef028cb7ac380734c8b3695b3cd910329b3da0f9dd7e5868ef7cfd8c6d815.jpeg","width":1708,"height":2560},{"@type":"BreadcrumbList","@id":"https:\/\/www.koonings.com\/de\/product\/azuree-braut-beril-326-0031\/#breadcrumb","itemListElement":[{"@type":"ListItem","position":1,"name":"Home","item":"https:\/\/www.koonings.com\/de\/"},{"@type":"ListItem","position":2,"name":"Azuree Braut Beril 326.0031"}]},{"@type":"WebSite","@id":"https:\/\/www.koonings.com\/de\/#website","url":"https:\/\/www.koonings.com\/de\/","name":"Koonings","description":"De grootste bruidsmodewinkel ter wereld","publisher":{"@id":"https:\/\/www.koonings.com\/de\/#organization"},"potentialAction":[{"@type":"SearchAction","target":{"@type":"EntryPoint","urlTemplate":"https:\/\/www.koonings.com\/de\/?s={search_term_string}"},"query-input":{"@type":"PropertyValueSpecification","valueRequired":true,"valueName":"search_term_string"}}],"inLanguage":"de"},{"@type":"Organization","@id":"https:\/\/www.koonings.com\/de\/#organization","name":"Koonings","url":"https:\/\/www.koonings.com\/de\/","logo":{"@type":"ImageObject","inLanguage":"de","@id":"https:\/\/www.koonings.com\/de\/#\/schema\/logo\/image\/","url":"https:\/\/www.koonings.com\/wp-content\/uploads\/2024\/07\/logo.png","contentUrl":"https:\/\/www.koonings.com\/wp-content\/uploads\/2024\/07\/logo.png","width":600,"height":428,"caption":"Koonings"},"image":{"@id":"https:\/\/www.koonings.com\/de\/#\/schema\/logo\/image\/"},"sameAs":["https:\/\/www.facebook.com\/kooningstheweddingpalace","https:\/\/www.instagram.com\/kooningstheweddingpalace","https:\/\/www.pinterest.com\/koonings","https:\/\/www.youtube.com\/kooningstheweddingpalace"]}]}},"_links":{"self":[{"href":"https:\/\/www.koonings.com\/de\/wp-json\/wp\/v2\/product\/93925","targetHints":{"allow":["GET"]}}],"collection":[{"href":"https:\/\/www.koonings.com\/de\/wp-json\/wp\/v2\/product"}],"about":[{"href":"https:\/\/www.koonings.com\/de\/wp-json\/wp\/v2\/types\/product"}],"wp:featuredmedia":[{"embeddable":true,"href":"https:\/\/www.koonings.com\/de\/wp-json\/wp\/v2\/media\/92571"}],"wp:attachment":[{"href":"https:\/\/www.koonings.com\/de\/wp-json\/wp\/v2\/media?parent=93925"}],"wp:term":[{"taxonomy":"productdetails","embeddable":true,"href":"https:\/\/www.koonings.com\/de\/wp-json\/wp\/v2\/productdetails?post=93925"},{"taxonomy":"productneck","embeddable":true,"href":"https:\/\/www.koonings.com\/de\/wp-json\/wp\/v2\/productneck?post=93925"},{"taxonomy":"productcolor","embeddable":true,"href":"https:\/\/www.koonings.com\/de\/wp-json\/wp\/v2\/productcolor?post=93925"},{"taxonomy":"maat","embeddable":true,"href":"https:\/\/www.koonings.com\/de\/wp-json\/wp\/v2\/maat?post=93925"},{"taxonomy":"productsupplier","embeddable":true,"href":"https:\/\/www.koonings.com\/de\/wp-json\/wp\/v2\/productsupplier?post=93925"},{"taxonomy":"productsleeve","embeddable":true,"href":"https:\/\/www.koonings.com\/de\/wp-json\/wp\/v2\/productsleeve?post=93925"},{"taxonomy":"productcategory","embeddable":true,"href":"https:\/\/www.koonings.com\/de\/wp-json\/wp\/v2\/productcategory?post=93925"},{"taxonomy":"productsilhouette","embeddable":true,"href":"https:\/\/www.koonings.com\/de\/wp-json\/wp\/v2\/productsilhouette?post=93925"},{"taxonomy":"productstyle","embeddable":true,"href":"https:\/\/www.koonings.com\/de\/wp-json\/wp\/v2\/productstyle?post=93925"}],"curies":[{"name":"wp","href":"https:\/\/api.w.org\/{rel}","templated":true}]}}