{"id":93923,"date":"2026-04-28T18:40:39","date_gmt":"2026-04-28T16:40:39","guid":{"rendered":"https:\/\/www.koonings.com\/product\/azuree-braut-azra-426-0451\/"},"modified":"2026-02-17T12:54:41","modified_gmt":"2026-02-17T11:54:41","slug":"azuree-braut-azra-426-0451","status":"publish","type":"product","link":"https:\/\/www.koonings.com\/de\/product\/azuree-braut-azra-426-0451\/","title":{"rendered":"Azuree Braut Azra 426.0451"},"content":{"rendered":"<p>Das Azra Hochzeitskleid ist eine bezaubernde Wahl f\u00fcr Br\u00e4ute, die einen vertr\u00e4umten und b\u00f6hmischen Look lieben. Das Kleid ist mit einem wundersch\u00f6nen 3D-Effekt auf dem Mieder verziert, der das Design zum Leben erweckt und ihm eine zus\u00e4tzliche Dimension verleiht. Die zarten Spitzenapplikationen verleihen dem Kleid ein raffiniertes Finish und sorgen f\u00fcr ein weiches und romantisches Gef\u00fchl. Das Kleid hat ein modisches Spitzenmieder, das die perfekte Balance zwischen Eleganz und Verspieltheit bietet. Der flie\u00dfende Rock ist so konzipiert, dass er sich leicht und luftig anf\u00fchlt und jede Bewegung elegant und nat\u00fcrlich macht. Das Azra ist perfekt f\u00fcr eine Boho-Braut, die f\u00fcr ihren gro\u00dfen Tag einen stilvollen, aber dennoch entspannten Look sucht. Dieses Kleid kombiniert Mode und Komfort und l\u00e4sst jede Braut sich sch\u00f6n und selbstbewusst f\u00fchlen.      <\/p>\n","protected":false},"featured_media":92007,"template":"","meta":{"_acf_changed":false,"ghostkit_customizer_options":"","ghostkit_custom_css":"","ghostkit_custom_js_head":"","ghostkit_custom_js_foot":"","ghostkit_typography":""},"productdetails":[379,376],"productneck":[356],"productcolor":[393,392],"maat":[],"productsupplier":[533],"productsleeve":[359],"productcategory":[18],"productsilhouette":[389],"productstyle":[364,371,366],"class_list":["post-93923","product","type-product","status-publish","has-post-thumbnail","hentry","productdetails-379","productdetails-376","productneck-356","productcolor-393","productcolor-392","productsupplier-azuree-bridal","productsleeve-359","productcategory-trouwjurken","productsilhouette-389","productstyle-364","productstyle-371","productstyle-366"],"acf":[],"yoast_head":"<!-- This site is optimized with the Yoast SEO plugin v27.3 - https:\/\/yoast.com\/product\/yoast-seo-wordpress\/ -->\n<title>Azuree Braut Azra 426.0451 | Koonings<\/title>\n<meta name=\"description\" content=\"Das Azra Hochzeitskleid ist eine bezaubernde Wahl f\u00fcr Br\u00e4ute, die einen vertr\u00e4umten und b\u00f6hmischen Look lieben. Das Kleid ist mit einem wundersch\u00f6nen 3D-Effekt auf dem Mieder verziert, der das Design zum Leben erweckt und ihm eine zus\u00e4tzliche Dimension verleiht. Die zarten Spitzenapplikationen verleihen dem Kleid ein raffiniertes Finish und sorgen f\u00fcr ein weiches und romantisches Gef\u00fchl. Das Kleid hat ein modisches Spitzenmieder, das die perfekte Balance zwischen Eleganz und Verspieltheit bietet. Der flie\u00dfende Rock ist so konzipiert, dass er sich leicht und luftig anf\u00fchlt und jede Bewegung elegant und nat\u00fcrlich macht. Das Azra ist perfekt f\u00fcr eine Boho-Braut, die f\u00fcr ihren gro\u00dfen Tag einen stilvollen, aber dennoch entspannten Look sucht. Dieses Kleid kombiniert Mode und Komfort und l\u00e4sst jede Braut sich sch\u00f6n und selbstbewusst f\u00fchlen.\" \/>\n<meta name=\"robots\" content=\"index, follow, max-snippet:-1, max-image-preview:large, max-video-preview:-1\" \/>\n<link rel=\"canonical\" href=\"https:\/\/www.koonings.com\/de\/product\/azuree-braut-azra-426-0451\/\" \/>\n<meta property=\"og:locale\" content=\"de_DE\" \/>\n<meta property=\"og:type\" content=\"article\" \/>\n<meta property=\"og:title\" content=\"Azuree Braut Azra 426.0451 | Koonings\" \/>\n<meta property=\"og:description\" content=\"Das Azra Hochzeitskleid ist eine bezaubernde Wahl f\u00fcr Br\u00e4ute, die einen vertr\u00e4umten und b\u00f6hmischen Look lieben. Das Kleid ist mit einem wundersch\u00f6nen 3D-Effekt auf dem Mieder verziert, der das Design zum Leben erweckt und ihm eine zus\u00e4tzliche Dimension verleiht. Die zarten Spitzenapplikationen verleihen dem Kleid ein raffiniertes Finish und sorgen f\u00fcr ein weiches und romantisches Gef\u00fchl. Das Kleid hat ein modisches Spitzenmieder, das die perfekte Balance zwischen Eleganz und Verspieltheit bietet. Der flie\u00dfende Rock ist so konzipiert, dass er sich leicht und luftig anf\u00fchlt und jede Bewegung elegant und nat\u00fcrlich macht. Das Azra ist perfekt f\u00fcr eine Boho-Braut, die f\u00fcr ihren gro\u00dfen Tag einen stilvollen, aber dennoch entspannten Look sucht. Dieses Kleid kombiniert Mode und Komfort und l\u00e4sst jede Braut sich sch\u00f6n und selbstbewusst f\u00fchlen.\" \/>\n<meta property=\"og:url\" content=\"https:\/\/www.koonings.com\/de\/product\/azuree-braut-azra-426-0451\/\" \/>\n<meta property=\"og:site_name\" content=\"Koonings\" \/>\n<meta property=\"article:publisher\" content=\"https:\/\/www.facebook.com\/kooningstheweddingpalace\" \/>\n<meta property=\"og:image\" content=\"https:\/\/www.koonings.com\/wp-content\/uploads\/2025\/09\/51500_7106670eca13313db16c561da1eed0438e1b4ae0e9eeefca80f61300b1ca74b4ed64c0dc.jpeg\" \/>\n\t<meta property=\"og:image:width\" content=\"1691\" \/>\n\t<meta property=\"og:image:height\" content=\"2391\" \/>\n\t<meta property=\"og:image:type\" content=\"image\/jpeg\" \/>\n<meta name=\"twitter:card\" content=\"summary_large_image\" \/>\n<meta name=\"twitter:label1\" content=\"Gesch\u00e4tzte Lesezeit\" \/>\n\t<meta name=\"twitter:data1\" content=\"1\u00a0Minute\" \/>\n<script type=\"application\/ld+json\" class=\"yoast-schema-graph\">{\"@context\":\"https:\\\/\\\/schema.org\",\"@graph\":[{\"@type\":\"WebPage\",\"@id\":\"https:\\\/\\\/www.koonings.com\\\/de\\\/product\\\/azuree-braut-azra-426-0451\\\/\",\"url\":\"https:\\\/\\\/www.koonings.com\\\/de\\\/product\\\/azuree-braut-azra-426-0451\\\/\",\"name\":\"Azuree Braut Azra 426.0451 | Koonings\",\"isPartOf\":{\"@id\":\"https:\\\/\\\/www.koonings.com\\\/de\\\/#website\"},\"primaryImageOfPage\":{\"@id\":\"https:\\\/\\\/www.koonings.com\\\/de\\\/product\\\/azuree-braut-azra-426-0451\\\/#primaryimage\"},\"image\":{\"@id\":\"https:\\\/\\\/www.koonings.com\\\/de\\\/product\\\/azuree-braut-azra-426-0451\\\/#primaryimage\"},\"thumbnailUrl\":\"https:\\\/\\\/www.koonings.com\\\/wp-content\\\/uploads\\\/2025\\\/09\\\/51500_7106670eca13313db16c561da1eed0438e1b4ae0e9eeefca80f61300b1ca74b4ed64c0dc.jpeg\",\"datePublished\":\"2026-04-28T16:40:39+00:00\",\"description\":\"Das Azra Hochzeitskleid ist eine bezaubernde Wahl f\u00fcr Br\u00e4ute, die einen vertr\u00e4umten und b\u00f6hmischen Look lieben. Das Kleid ist mit einem wundersch\u00f6nen 3D-Effekt auf dem Mieder verziert, der das Design zum Leben erweckt und ihm eine zus\u00e4tzliche Dimension verleiht. Die zarten Spitzenapplikationen verleihen dem Kleid ein raffiniertes Finish und sorgen f\u00fcr ein weiches und romantisches Gef\u00fchl. Das Kleid hat ein modisches Spitzenmieder, das die perfekte Balance zwischen Eleganz und Verspieltheit bietet. Der flie\u00dfende Rock ist so konzipiert, dass er sich leicht und luftig anf\u00fchlt und jede Bewegung elegant und nat\u00fcrlich macht. Das Azra ist perfekt f\u00fcr eine Boho-Braut, die f\u00fcr ihren gro\u00dfen Tag einen stilvollen, aber dennoch entspannten Look sucht. Dieses Kleid kombiniert Mode und Komfort und l\u00e4sst jede Braut sich sch\u00f6n und selbstbewusst f\u00fchlen.\",\"breadcrumb\":{\"@id\":\"https:\\\/\\\/www.koonings.com\\\/de\\\/product\\\/azuree-braut-azra-426-0451\\\/#breadcrumb\"},\"inLanguage\":\"de\",\"potentialAction\":[{\"@type\":\"ReadAction\",\"target\":[\"https:\\\/\\\/www.koonings.com\\\/de\\\/product\\\/azuree-braut-azra-426-0451\\\/\"]}]},{\"@type\":\"ImageObject\",\"inLanguage\":\"de\",\"@id\":\"https:\\\/\\\/www.koonings.com\\\/de\\\/product\\\/azuree-braut-azra-426-0451\\\/#primaryimage\",\"url\":\"https:\\\/\\\/www.koonings.com\\\/wp-content\\\/uploads\\\/2025\\\/09\\\/51500_7106670eca13313db16c561da1eed0438e1b4ae0e9eeefca80f61300b1ca74b4ed64c0dc.jpeg\",\"contentUrl\":\"https:\\\/\\\/www.koonings.com\\\/wp-content\\\/uploads\\\/2025\\\/09\\\/51500_7106670eca13313db16c561da1eed0438e1b4ae0e9eeefca80f61300b1ca74b4ed64c0dc.jpeg\",\"width\":1691,\"height\":2391},{\"@type\":\"BreadcrumbList\",\"@id\":\"https:\\\/\\\/www.koonings.com\\\/de\\\/product\\\/azuree-braut-azra-426-0451\\\/#breadcrumb\",\"itemListElement\":[{\"@type\":\"ListItem\",\"position\":1,\"name\":\"Home\",\"item\":\"https:\\\/\\\/www.koonings.com\\\/de\\\/\"},{\"@type\":\"ListItem\",\"position\":2,\"name\":\"Azuree Braut Azra 426.0451\"}]},{\"@type\":\"WebSite\",\"@id\":\"https:\\\/\\\/www.koonings.com\\\/de\\\/#website\",\"url\":\"https:\\\/\\\/www.koonings.com\\\/de\\\/\",\"name\":\"Koonings\",\"description\":\"De grootste bruidsmodewinkel ter wereld\",\"publisher\":{\"@id\":\"https:\\\/\\\/www.koonings.com\\\/de\\\/#organization\"},\"potentialAction\":[{\"@type\":\"SearchAction\",\"target\":{\"@type\":\"EntryPoint\",\"urlTemplate\":\"https:\\\/\\\/www.koonings.com\\\/de\\\/?s={search_term_string}\"},\"query-input\":{\"@type\":\"PropertyValueSpecification\",\"valueRequired\":true,\"valueName\":\"search_term_string\"}}],\"inLanguage\":\"de\"},{\"@type\":\"Organization\",\"@id\":\"https:\\\/\\\/www.koonings.com\\\/de\\\/#organization\",\"name\":\"Koonings\",\"url\":\"https:\\\/\\\/www.koonings.com\\\/de\\\/\",\"logo\":{\"@type\":\"ImageObject\",\"inLanguage\":\"de\",\"@id\":\"https:\\\/\\\/www.koonings.com\\\/de\\\/#\\\/schema\\\/logo\\\/image\\\/\",\"url\":\"https:\\\/\\\/www.koonings.com\\\/wp-content\\\/uploads\\\/2024\\\/07\\\/logo.png\",\"contentUrl\":\"https:\\\/\\\/www.koonings.com\\\/wp-content\\\/uploads\\\/2024\\\/07\\\/logo.png\",\"width\":600,\"height\":428,\"caption\":\"Koonings\"},\"image\":{\"@id\":\"https:\\\/\\\/www.koonings.com\\\/de\\\/#\\\/schema\\\/logo\\\/image\\\/\"},\"sameAs\":[\"https:\\\/\\\/www.facebook.com\\\/kooningstheweddingpalace\",\"https:\\\/\\\/www.instagram.com\\\/kooningstheweddingpalace\",\"https:\\\/\\\/www.pinterest.com\\\/koonings\",\"https:\\\/\\\/www.youtube.com\\\/kooningstheweddingpalace\"]}]}<\/script>\n<!-- \/ Yoast SEO plugin. -->","yoast_head_json":{"title":"Azuree Braut Azra 426.0451 | Koonings","description":"Das Azra Hochzeitskleid ist eine bezaubernde Wahl f\u00fcr Br\u00e4ute, die einen vertr\u00e4umten und b\u00f6hmischen Look lieben. Das Kleid ist mit einem wundersch\u00f6nen 3D-Effekt auf dem Mieder verziert, der das Design zum Leben erweckt und ihm eine zus\u00e4tzliche Dimension verleiht. Die zarten Spitzenapplikationen verleihen dem Kleid ein raffiniertes Finish und sorgen f\u00fcr ein weiches und romantisches Gef\u00fchl. Das Kleid hat ein modisches Spitzenmieder, das die perfekte Balance zwischen Eleganz und Verspieltheit bietet. Der flie\u00dfende Rock ist so konzipiert, dass er sich leicht und luftig anf\u00fchlt und jede Bewegung elegant und nat\u00fcrlich macht. Das Azra ist perfekt f\u00fcr eine Boho-Braut, die f\u00fcr ihren gro\u00dfen Tag einen stilvollen, aber dennoch entspannten Look sucht. Dieses Kleid kombiniert Mode und Komfort und l\u00e4sst jede Braut sich sch\u00f6n und selbstbewusst f\u00fchlen.","robots":{"index":"index","follow":"follow","max-snippet":"max-snippet:-1","max-image-preview":"max-image-preview:large","max-video-preview":"max-video-preview:-1"},"canonical":"https:\/\/www.koonings.com\/de\/product\/azuree-braut-azra-426-0451\/","og_locale":"de_DE","og_type":"article","og_title":"Azuree Braut Azra 426.0451 | Koonings","og_description":"Das Azra Hochzeitskleid ist eine bezaubernde Wahl f\u00fcr Br\u00e4ute, die einen vertr\u00e4umten und b\u00f6hmischen Look lieben. Das Kleid ist mit einem wundersch\u00f6nen 3D-Effekt auf dem Mieder verziert, der das Design zum Leben erweckt und ihm eine zus\u00e4tzliche Dimension verleiht. Die zarten Spitzenapplikationen verleihen dem Kleid ein raffiniertes Finish und sorgen f\u00fcr ein weiches und romantisches Gef\u00fchl. Das Kleid hat ein modisches Spitzenmieder, das die perfekte Balance zwischen Eleganz und Verspieltheit bietet. Der flie\u00dfende Rock ist so konzipiert, dass er sich leicht und luftig anf\u00fchlt und jede Bewegung elegant und nat\u00fcrlich macht. Das Azra ist perfekt f\u00fcr eine Boho-Braut, die f\u00fcr ihren gro\u00dfen Tag einen stilvollen, aber dennoch entspannten Look sucht. Dieses Kleid kombiniert Mode und Komfort und l\u00e4sst jede Braut sich sch\u00f6n und selbstbewusst f\u00fchlen.","og_url":"https:\/\/www.koonings.com\/de\/product\/azuree-braut-azra-426-0451\/","og_site_name":"Koonings","article_publisher":"https:\/\/www.facebook.com\/kooningstheweddingpalace","og_image":[{"width":1691,"height":2391,"url":"https:\/\/www.koonings.com\/wp-content\/uploads\/2025\/09\/51500_7106670eca13313db16c561da1eed0438e1b4ae0e9eeefca80f61300b1ca74b4ed64c0dc.jpeg","type":"image\/jpeg"}],"twitter_card":"summary_large_image","twitter_misc":{"Gesch\u00e4tzte Lesezeit":"1\u00a0Minute"},"schema":{"@context":"https:\/\/schema.org","@graph":[{"@type":"WebPage","@id":"https:\/\/www.koonings.com\/de\/product\/azuree-braut-azra-426-0451\/","url":"https:\/\/www.koonings.com\/de\/product\/azuree-braut-azra-426-0451\/","name":"Azuree Braut Azra 426.0451 | Koonings","isPartOf":{"@id":"https:\/\/www.koonings.com\/de\/#website"},"primaryImageOfPage":{"@id":"https:\/\/www.koonings.com\/de\/product\/azuree-braut-azra-426-0451\/#primaryimage"},"image":{"@id":"https:\/\/www.koonings.com\/de\/product\/azuree-braut-azra-426-0451\/#primaryimage"},"thumbnailUrl":"https:\/\/www.koonings.com\/wp-content\/uploads\/2025\/09\/51500_7106670eca13313db16c561da1eed0438e1b4ae0e9eeefca80f61300b1ca74b4ed64c0dc.jpeg","datePublished":"2026-04-28T16:40:39+00:00","description":"Das Azra Hochzeitskleid ist eine bezaubernde Wahl f\u00fcr Br\u00e4ute, die einen vertr\u00e4umten und b\u00f6hmischen Look lieben. Das Kleid ist mit einem wundersch\u00f6nen 3D-Effekt auf dem Mieder verziert, der das Design zum Leben erweckt und ihm eine zus\u00e4tzliche Dimension verleiht. Die zarten Spitzenapplikationen verleihen dem Kleid ein raffiniertes Finish und sorgen f\u00fcr ein weiches und romantisches Gef\u00fchl. Das Kleid hat ein modisches Spitzenmieder, das die perfekte Balance zwischen Eleganz und Verspieltheit bietet. Der flie\u00dfende Rock ist so konzipiert, dass er sich leicht und luftig anf\u00fchlt und jede Bewegung elegant und nat\u00fcrlich macht. Das Azra ist perfekt f\u00fcr eine Boho-Braut, die f\u00fcr ihren gro\u00dfen Tag einen stilvollen, aber dennoch entspannten Look sucht. Dieses Kleid kombiniert Mode und Komfort und l\u00e4sst jede Braut sich sch\u00f6n und selbstbewusst f\u00fchlen.","breadcrumb":{"@id":"https:\/\/www.koonings.com\/de\/product\/azuree-braut-azra-426-0451\/#breadcrumb"},"inLanguage":"de","potentialAction":[{"@type":"ReadAction","target":["https:\/\/www.koonings.com\/de\/product\/azuree-braut-azra-426-0451\/"]}]},{"@type":"ImageObject","inLanguage":"de","@id":"https:\/\/www.koonings.com\/de\/product\/azuree-braut-azra-426-0451\/#primaryimage","url":"https:\/\/www.koonings.com\/wp-content\/uploads\/2025\/09\/51500_7106670eca13313db16c561da1eed0438e1b4ae0e9eeefca80f61300b1ca74b4ed64c0dc.jpeg","contentUrl":"https:\/\/www.koonings.com\/wp-content\/uploads\/2025\/09\/51500_7106670eca13313db16c561da1eed0438e1b4ae0e9eeefca80f61300b1ca74b4ed64c0dc.jpeg","width":1691,"height":2391},{"@type":"BreadcrumbList","@id":"https:\/\/www.koonings.com\/de\/product\/azuree-braut-azra-426-0451\/#breadcrumb","itemListElement":[{"@type":"ListItem","position":1,"name":"Home","item":"https:\/\/www.koonings.com\/de\/"},{"@type":"ListItem","position":2,"name":"Azuree Braut Azra 426.0451"}]},{"@type":"WebSite","@id":"https:\/\/www.koonings.com\/de\/#website","url":"https:\/\/www.koonings.com\/de\/","name":"Koonings","description":"De grootste bruidsmodewinkel ter wereld","publisher":{"@id":"https:\/\/www.koonings.com\/de\/#organization"},"potentialAction":[{"@type":"SearchAction","target":{"@type":"EntryPoint","urlTemplate":"https:\/\/www.koonings.com\/de\/?s={search_term_string}"},"query-input":{"@type":"PropertyValueSpecification","valueRequired":true,"valueName":"search_term_string"}}],"inLanguage":"de"},{"@type":"Organization","@id":"https:\/\/www.koonings.com\/de\/#organization","name":"Koonings","url":"https:\/\/www.koonings.com\/de\/","logo":{"@type":"ImageObject","inLanguage":"de","@id":"https:\/\/www.koonings.com\/de\/#\/schema\/logo\/image\/","url":"https:\/\/www.koonings.com\/wp-content\/uploads\/2024\/07\/logo.png","contentUrl":"https:\/\/www.koonings.com\/wp-content\/uploads\/2024\/07\/logo.png","width":600,"height":428,"caption":"Koonings"},"image":{"@id":"https:\/\/www.koonings.com\/de\/#\/schema\/logo\/image\/"},"sameAs":["https:\/\/www.facebook.com\/kooningstheweddingpalace","https:\/\/www.instagram.com\/kooningstheweddingpalace","https:\/\/www.pinterest.com\/koonings","https:\/\/www.youtube.com\/kooningstheweddingpalace"]}]}},"_links":{"self":[{"href":"https:\/\/www.koonings.com\/de\/wp-json\/wp\/v2\/product\/93923","targetHints":{"allow":["GET"]}}],"collection":[{"href":"https:\/\/www.koonings.com\/de\/wp-json\/wp\/v2\/product"}],"about":[{"href":"https:\/\/www.koonings.com\/de\/wp-json\/wp\/v2\/types\/product"}],"wp:featuredmedia":[{"embeddable":true,"href":"https:\/\/www.koonings.com\/de\/wp-json\/wp\/v2\/media\/92007"}],"wp:attachment":[{"href":"https:\/\/www.koonings.com\/de\/wp-json\/wp\/v2\/media?parent=93923"}],"wp:term":[{"taxonomy":"productdetails","embeddable":true,"href":"https:\/\/www.koonings.com\/de\/wp-json\/wp\/v2\/productdetails?post=93923"},{"taxonomy":"productneck","embeddable":true,"href":"https:\/\/www.koonings.com\/de\/wp-json\/wp\/v2\/productneck?post=93923"},{"taxonomy":"productcolor","embeddable":true,"href":"https:\/\/www.koonings.com\/de\/wp-json\/wp\/v2\/productcolor?post=93923"},{"taxonomy":"maat","embeddable":true,"href":"https:\/\/www.koonings.com\/de\/wp-json\/wp\/v2\/maat?post=93923"},{"taxonomy":"productsupplier","embeddable":true,"href":"https:\/\/www.koonings.com\/de\/wp-json\/wp\/v2\/productsupplier?post=93923"},{"taxonomy":"productsleeve","embeddable":true,"href":"https:\/\/www.koonings.com\/de\/wp-json\/wp\/v2\/productsleeve?post=93923"},{"taxonomy":"productcategory","embeddable":true,"href":"https:\/\/www.koonings.com\/de\/wp-json\/wp\/v2\/productcategory?post=93923"},{"taxonomy":"productsilhouette","embeddable":true,"href":"https:\/\/www.koonings.com\/de\/wp-json\/wp\/v2\/productsilhouette?post=93923"},{"taxonomy":"productstyle","embeddable":true,"href":"https:\/\/www.koonings.com\/de\/wp-json\/wp\/v2\/productstyle?post=93923"}],"curies":[{"name":"wp","href":"https:\/\/api.w.org\/{rel}","templated":true}]}}