{"id":93922,"date":"2026-04-28T18:40:34","date_gmt":"2026-04-28T16:40:34","guid":{"rendered":"https:\/\/www.koonings.com\/product\/azuree-braut-annika-426-0281\/"},"modified":"2026-02-17T12:53:30","modified_gmt":"2026-02-17T11:53:30","slug":"azuree-braut-annika-426-0281","status":"publish","type":"product","link":"https:\/\/www.koonings.com\/de\/product\/azuree-braut-annika-426-0281\/","title":{"rendered":"Azuree Braut Annika 426.0281"},"content":{"rendered":"<p>Das Annika Hochzeitskleid ist ein Traum f\u00fcr jede romantische Braut. Dieses Prinzessinnenkleid hat ein wundersch\u00f6nes Korsett, das mit zarten Spitzenapplikationen verziert ist, die sich \u00fcber den Rock ausbreiten. Die abnehmbaren \u00c4rmel bieten die perfekte Flexibilit\u00e4t: Tragen Sie sie f\u00fcr einen eleganten, romantischen Look oder lassen Sie sie weg f\u00fcr einen modernen Look. Der luftige T\u00fcllrock und die Schn\u00fcrung am R\u00fccken sorgen daf\u00fcr, dass Sie sich den ganzen Tag lang wohl f\u00fchlen und gut aussehen. Das Annika Hochzeitskleid ist perfekt f\u00fcr die Braut, die klassische Eleganz mit einem Twist liebt. Dieses Kleid strahlt pure Romantik aus und bietet den Luxus von abnehmbaren \u00c4rmeln, mit denen Sie Ihren Look ver\u00e4ndern k\u00f6nnen. Die raffinierten Details und die schmeichelhafte Silhouette machen Annika zu einer ausgezeichneten Wahl f\u00fcr eine m\u00e4rchenhafte Hochzeit.      <\/p>\n","protected":false},"featured_media":92519,"template":"","meta":{"_acf_changed":false,"ghostkit_customizer_options":"","ghostkit_custom_css":"","ghostkit_custom_js_head":"","ghostkit_custom_js_foot":"","ghostkit_typography":""},"productdetails":[376,381],"productneck":[355],"productcolor":[393,392],"maat":[],"productsupplier":[533],"productsleeve":[357],"productcategory":[18],"productsilhouette":[388],"productstyle":[369,371,366],"class_list":["post-93922","product","type-product","status-publish","has-post-thumbnail","hentry","productdetails-376","productdetails-381","productneck-355","productcolor-393","productcolor-392","productsupplier-azuree-bridal","productsleeve-357","productcategory-trouwjurken","productsilhouette-388","productstyle-369","productstyle-371","productstyle-366"],"acf":[],"yoast_head":"<!-- This site is optimized with the Yoast SEO plugin v27.3 - https:\/\/yoast.com\/product\/yoast-seo-wordpress\/ -->\n<title>Azuree Braut Annika 426.0281 | Koonings<\/title>\n<meta name=\"description\" content=\"Das Annika Hochzeitskleid ist ein Traum f\u00fcr jede romantische Braut. Dieses Prinzessinnenkleid hat ein wundersch\u00f6nes Korsett, das mit zarten Spitzenapplikationen verziert ist, die sich \u00fcber den Rock ausbreiten. Die abnehmbaren \u00c4rmel bieten die perfekte Flexibilit\u00e4t: Tragen Sie sie f\u00fcr einen eleganten, romantischen Look oder lassen Sie sie weg f\u00fcr einen modernen Look. Der luftige T\u00fcllrock und die Schn\u00fcrung am R\u00fccken sorgen daf\u00fcr, dass Sie sich den ganzen Tag lang wohl f\u00fchlen und gut aussehen. Das Annika Hochzeitskleid ist perfekt f\u00fcr die Braut, die klassische Eleganz mit einem Twist liebt. Dieses Kleid strahlt pure Romantik aus und bietet den Luxus von abnehmbaren \u00c4rmeln, mit denen Sie Ihren Look ver\u00e4ndern k\u00f6nnen. Die raffinierten Details und die schmeichelhafte Silhouette machen Annika zu einer ausgezeichneten Wahl f\u00fcr eine m\u00e4rchenhafte Hochzeit.\" \/>\n<meta name=\"robots\" content=\"index, follow, max-snippet:-1, max-image-preview:large, max-video-preview:-1\" \/>\n<link rel=\"canonical\" href=\"https:\/\/www.koonings.com\/de\/product\/azuree-braut-annika-426-0281\/\" \/>\n<meta property=\"og:locale\" content=\"de_DE\" \/>\n<meta property=\"og:type\" content=\"article\" \/>\n<meta property=\"og:title\" content=\"Azuree Braut Annika 426.0281 | Koonings\" \/>\n<meta property=\"og:description\" content=\"Das Annika Hochzeitskleid ist ein Traum f\u00fcr jede romantische Braut. Dieses Prinzessinnenkleid hat ein wundersch\u00f6nes Korsett, das mit zarten Spitzenapplikationen verziert ist, die sich \u00fcber den Rock ausbreiten. Die abnehmbaren \u00c4rmel bieten die perfekte Flexibilit\u00e4t: Tragen Sie sie f\u00fcr einen eleganten, romantischen Look oder lassen Sie sie weg f\u00fcr einen modernen Look. Der luftige T\u00fcllrock und die Schn\u00fcrung am R\u00fccken sorgen daf\u00fcr, dass Sie sich den ganzen Tag lang wohl f\u00fchlen und gut aussehen. Das Annika Hochzeitskleid ist perfekt f\u00fcr die Braut, die klassische Eleganz mit einem Twist liebt. Dieses Kleid strahlt pure Romantik aus und bietet den Luxus von abnehmbaren \u00c4rmeln, mit denen Sie Ihren Look ver\u00e4ndern k\u00f6nnen. Die raffinierten Details und die schmeichelhafte Silhouette machen Annika zu einer ausgezeichneten Wahl f\u00fcr eine m\u00e4rchenhafte Hochzeit.\" \/>\n<meta property=\"og:url\" content=\"https:\/\/www.koonings.com\/de\/product\/azuree-braut-annika-426-0281\/\" \/>\n<meta property=\"og:site_name\" content=\"Koonings\" \/>\n<meta property=\"article:publisher\" content=\"https:\/\/www.facebook.com\/kooningstheweddingpalace\" \/>\n<meta property=\"og:image\" content=\"https:\/\/www.koonings.com\/wp-content\/uploads\/2025\/09\/51486_d77cf41efff74b840e52a41d2289470cf7675414fe547c3958fe841b173aac55720ed88a.jpeg\" \/>\n\t<meta property=\"og:image:width\" content=\"1642\" \/>\n\t<meta property=\"og:image:height\" content=\"2320\" \/>\n\t<meta property=\"og:image:type\" content=\"image\/jpeg\" \/>\n<meta name=\"twitter:card\" content=\"summary_large_image\" \/>\n<meta name=\"twitter:label1\" content=\"Gesch\u00e4tzte Lesezeit\" \/>\n\t<meta name=\"twitter:data1\" content=\"1\u00a0Minute\" \/>\n<script type=\"application\/ld+json\" class=\"yoast-schema-graph\">{\"@context\":\"https:\\\/\\\/schema.org\",\"@graph\":[{\"@type\":\"WebPage\",\"@id\":\"https:\\\/\\\/www.koonings.com\\\/de\\\/product\\\/azuree-braut-annika-426-0281\\\/\",\"url\":\"https:\\\/\\\/www.koonings.com\\\/de\\\/product\\\/azuree-braut-annika-426-0281\\\/\",\"name\":\"Azuree Braut Annika 426.0281 | Koonings\",\"isPartOf\":{\"@id\":\"https:\\\/\\\/www.koonings.com\\\/de\\\/#website\"},\"primaryImageOfPage\":{\"@id\":\"https:\\\/\\\/www.koonings.com\\\/de\\\/product\\\/azuree-braut-annika-426-0281\\\/#primaryimage\"},\"image\":{\"@id\":\"https:\\\/\\\/www.koonings.com\\\/de\\\/product\\\/azuree-braut-annika-426-0281\\\/#primaryimage\"},\"thumbnailUrl\":\"https:\\\/\\\/www.koonings.com\\\/wp-content\\\/uploads\\\/2025\\\/09\\\/51486_d77cf41efff74b840e52a41d2289470cf7675414fe547c3958fe841b173aac55720ed88a.jpeg\",\"datePublished\":\"2026-04-28T16:40:34+00:00\",\"description\":\"Das Annika Hochzeitskleid ist ein Traum f\u00fcr jede romantische Braut. Dieses Prinzessinnenkleid hat ein wundersch\u00f6nes Korsett, das mit zarten Spitzenapplikationen verziert ist, die sich \u00fcber den Rock ausbreiten. Die abnehmbaren \u00c4rmel bieten die perfekte Flexibilit\u00e4t: Tragen Sie sie f\u00fcr einen eleganten, romantischen Look oder lassen Sie sie weg f\u00fcr einen modernen Look. Der luftige T\u00fcllrock und die Schn\u00fcrung am R\u00fccken sorgen daf\u00fcr, dass Sie sich den ganzen Tag lang wohl f\u00fchlen und gut aussehen. Das Annika Hochzeitskleid ist perfekt f\u00fcr die Braut, die klassische Eleganz mit einem Twist liebt. Dieses Kleid strahlt pure Romantik aus und bietet den Luxus von abnehmbaren \u00c4rmeln, mit denen Sie Ihren Look ver\u00e4ndern k\u00f6nnen. Die raffinierten Details und die schmeichelhafte Silhouette machen Annika zu einer ausgezeichneten Wahl f\u00fcr eine m\u00e4rchenhafte Hochzeit.\",\"breadcrumb\":{\"@id\":\"https:\\\/\\\/www.koonings.com\\\/de\\\/product\\\/azuree-braut-annika-426-0281\\\/#breadcrumb\"},\"inLanguage\":\"de\",\"potentialAction\":[{\"@type\":\"ReadAction\",\"target\":[\"https:\\\/\\\/www.koonings.com\\\/de\\\/product\\\/azuree-braut-annika-426-0281\\\/\"]}]},{\"@type\":\"ImageObject\",\"inLanguage\":\"de\",\"@id\":\"https:\\\/\\\/www.koonings.com\\\/de\\\/product\\\/azuree-braut-annika-426-0281\\\/#primaryimage\",\"url\":\"https:\\\/\\\/www.koonings.com\\\/wp-content\\\/uploads\\\/2025\\\/09\\\/51486_d77cf41efff74b840e52a41d2289470cf7675414fe547c3958fe841b173aac55720ed88a.jpeg\",\"contentUrl\":\"https:\\\/\\\/www.koonings.com\\\/wp-content\\\/uploads\\\/2025\\\/09\\\/51486_d77cf41efff74b840e52a41d2289470cf7675414fe547c3958fe841b173aac55720ed88a.jpeg\",\"width\":1642,\"height\":2320},{\"@type\":\"BreadcrumbList\",\"@id\":\"https:\\\/\\\/www.koonings.com\\\/de\\\/product\\\/azuree-braut-annika-426-0281\\\/#breadcrumb\",\"itemListElement\":[{\"@type\":\"ListItem\",\"position\":1,\"name\":\"Home\",\"item\":\"https:\\\/\\\/www.koonings.com\\\/de\\\/\"},{\"@type\":\"ListItem\",\"position\":2,\"name\":\"Azuree Braut Annika 426.0281\"}]},{\"@type\":\"WebSite\",\"@id\":\"https:\\\/\\\/www.koonings.com\\\/de\\\/#website\",\"url\":\"https:\\\/\\\/www.koonings.com\\\/de\\\/\",\"name\":\"Koonings\",\"description\":\"De grootste bruidsmodewinkel ter wereld\",\"publisher\":{\"@id\":\"https:\\\/\\\/www.koonings.com\\\/de\\\/#organization\"},\"potentialAction\":[{\"@type\":\"SearchAction\",\"target\":{\"@type\":\"EntryPoint\",\"urlTemplate\":\"https:\\\/\\\/www.koonings.com\\\/de\\\/?s={search_term_string}\"},\"query-input\":{\"@type\":\"PropertyValueSpecification\",\"valueRequired\":true,\"valueName\":\"search_term_string\"}}],\"inLanguage\":\"de\"},{\"@type\":\"Organization\",\"@id\":\"https:\\\/\\\/www.koonings.com\\\/de\\\/#organization\",\"name\":\"Koonings\",\"url\":\"https:\\\/\\\/www.koonings.com\\\/de\\\/\",\"logo\":{\"@type\":\"ImageObject\",\"inLanguage\":\"de\",\"@id\":\"https:\\\/\\\/www.koonings.com\\\/de\\\/#\\\/schema\\\/logo\\\/image\\\/\",\"url\":\"https:\\\/\\\/www.koonings.com\\\/wp-content\\\/uploads\\\/2024\\\/07\\\/logo.png\",\"contentUrl\":\"https:\\\/\\\/www.koonings.com\\\/wp-content\\\/uploads\\\/2024\\\/07\\\/logo.png\",\"width\":600,\"height\":428,\"caption\":\"Koonings\"},\"image\":{\"@id\":\"https:\\\/\\\/www.koonings.com\\\/de\\\/#\\\/schema\\\/logo\\\/image\\\/\"},\"sameAs\":[\"https:\\\/\\\/www.facebook.com\\\/kooningstheweddingpalace\",\"https:\\\/\\\/www.instagram.com\\\/kooningstheweddingpalace\",\"https:\\\/\\\/www.pinterest.com\\\/koonings\",\"https:\\\/\\\/www.youtube.com\\\/kooningstheweddingpalace\"]}]}<\/script>\n<!-- \/ Yoast SEO plugin. -->","yoast_head_json":{"title":"Azuree Braut Annika 426.0281 | Koonings","description":"Das Annika Hochzeitskleid ist ein Traum f\u00fcr jede romantische Braut. Dieses Prinzessinnenkleid hat ein wundersch\u00f6nes Korsett, das mit zarten Spitzenapplikationen verziert ist, die sich \u00fcber den Rock ausbreiten. Die abnehmbaren \u00c4rmel bieten die perfekte Flexibilit\u00e4t: Tragen Sie sie f\u00fcr einen eleganten, romantischen Look oder lassen Sie sie weg f\u00fcr einen modernen Look. Der luftige T\u00fcllrock und die Schn\u00fcrung am R\u00fccken sorgen daf\u00fcr, dass Sie sich den ganzen Tag lang wohl f\u00fchlen und gut aussehen. Das Annika Hochzeitskleid ist perfekt f\u00fcr die Braut, die klassische Eleganz mit einem Twist liebt. Dieses Kleid strahlt pure Romantik aus und bietet den Luxus von abnehmbaren \u00c4rmeln, mit denen Sie Ihren Look ver\u00e4ndern k\u00f6nnen. Die raffinierten Details und die schmeichelhafte Silhouette machen Annika zu einer ausgezeichneten Wahl f\u00fcr eine m\u00e4rchenhafte Hochzeit.","robots":{"index":"index","follow":"follow","max-snippet":"max-snippet:-1","max-image-preview":"max-image-preview:large","max-video-preview":"max-video-preview:-1"},"canonical":"https:\/\/www.koonings.com\/de\/product\/azuree-braut-annika-426-0281\/","og_locale":"de_DE","og_type":"article","og_title":"Azuree Braut Annika 426.0281 | Koonings","og_description":"Das Annika Hochzeitskleid ist ein Traum f\u00fcr jede romantische Braut. Dieses Prinzessinnenkleid hat ein wundersch\u00f6nes Korsett, das mit zarten Spitzenapplikationen verziert ist, die sich \u00fcber den Rock ausbreiten. Die abnehmbaren \u00c4rmel bieten die perfekte Flexibilit\u00e4t: Tragen Sie sie f\u00fcr einen eleganten, romantischen Look oder lassen Sie sie weg f\u00fcr einen modernen Look. Der luftige T\u00fcllrock und die Schn\u00fcrung am R\u00fccken sorgen daf\u00fcr, dass Sie sich den ganzen Tag lang wohl f\u00fchlen und gut aussehen. Das Annika Hochzeitskleid ist perfekt f\u00fcr die Braut, die klassische Eleganz mit einem Twist liebt. Dieses Kleid strahlt pure Romantik aus und bietet den Luxus von abnehmbaren \u00c4rmeln, mit denen Sie Ihren Look ver\u00e4ndern k\u00f6nnen. Die raffinierten Details und die schmeichelhafte Silhouette machen Annika zu einer ausgezeichneten Wahl f\u00fcr eine m\u00e4rchenhafte Hochzeit.","og_url":"https:\/\/www.koonings.com\/de\/product\/azuree-braut-annika-426-0281\/","og_site_name":"Koonings","article_publisher":"https:\/\/www.facebook.com\/kooningstheweddingpalace","og_image":[{"width":1642,"height":2320,"url":"https:\/\/www.koonings.com\/wp-content\/uploads\/2025\/09\/51486_d77cf41efff74b840e52a41d2289470cf7675414fe547c3958fe841b173aac55720ed88a.jpeg","type":"image\/jpeg"}],"twitter_card":"summary_large_image","twitter_misc":{"Gesch\u00e4tzte Lesezeit":"1\u00a0Minute"},"schema":{"@context":"https:\/\/schema.org","@graph":[{"@type":"WebPage","@id":"https:\/\/www.koonings.com\/de\/product\/azuree-braut-annika-426-0281\/","url":"https:\/\/www.koonings.com\/de\/product\/azuree-braut-annika-426-0281\/","name":"Azuree Braut Annika 426.0281 | Koonings","isPartOf":{"@id":"https:\/\/www.koonings.com\/de\/#website"},"primaryImageOfPage":{"@id":"https:\/\/www.koonings.com\/de\/product\/azuree-braut-annika-426-0281\/#primaryimage"},"image":{"@id":"https:\/\/www.koonings.com\/de\/product\/azuree-braut-annika-426-0281\/#primaryimage"},"thumbnailUrl":"https:\/\/www.koonings.com\/wp-content\/uploads\/2025\/09\/51486_d77cf41efff74b840e52a41d2289470cf7675414fe547c3958fe841b173aac55720ed88a.jpeg","datePublished":"2026-04-28T16:40:34+00:00","description":"Das Annika Hochzeitskleid ist ein Traum f\u00fcr jede romantische Braut. Dieses Prinzessinnenkleid hat ein wundersch\u00f6nes Korsett, das mit zarten Spitzenapplikationen verziert ist, die sich \u00fcber den Rock ausbreiten. Die abnehmbaren \u00c4rmel bieten die perfekte Flexibilit\u00e4t: Tragen Sie sie f\u00fcr einen eleganten, romantischen Look oder lassen Sie sie weg f\u00fcr einen modernen Look. Der luftige T\u00fcllrock und die Schn\u00fcrung am R\u00fccken sorgen daf\u00fcr, dass Sie sich den ganzen Tag lang wohl f\u00fchlen und gut aussehen. Das Annika Hochzeitskleid ist perfekt f\u00fcr die Braut, die klassische Eleganz mit einem Twist liebt. Dieses Kleid strahlt pure Romantik aus und bietet den Luxus von abnehmbaren \u00c4rmeln, mit denen Sie Ihren Look ver\u00e4ndern k\u00f6nnen. Die raffinierten Details und die schmeichelhafte Silhouette machen Annika zu einer ausgezeichneten Wahl f\u00fcr eine m\u00e4rchenhafte Hochzeit.","breadcrumb":{"@id":"https:\/\/www.koonings.com\/de\/product\/azuree-braut-annika-426-0281\/#breadcrumb"},"inLanguage":"de","potentialAction":[{"@type":"ReadAction","target":["https:\/\/www.koonings.com\/de\/product\/azuree-braut-annika-426-0281\/"]}]},{"@type":"ImageObject","inLanguage":"de","@id":"https:\/\/www.koonings.com\/de\/product\/azuree-braut-annika-426-0281\/#primaryimage","url":"https:\/\/www.koonings.com\/wp-content\/uploads\/2025\/09\/51486_d77cf41efff74b840e52a41d2289470cf7675414fe547c3958fe841b173aac55720ed88a.jpeg","contentUrl":"https:\/\/www.koonings.com\/wp-content\/uploads\/2025\/09\/51486_d77cf41efff74b840e52a41d2289470cf7675414fe547c3958fe841b173aac55720ed88a.jpeg","width":1642,"height":2320},{"@type":"BreadcrumbList","@id":"https:\/\/www.koonings.com\/de\/product\/azuree-braut-annika-426-0281\/#breadcrumb","itemListElement":[{"@type":"ListItem","position":1,"name":"Home","item":"https:\/\/www.koonings.com\/de\/"},{"@type":"ListItem","position":2,"name":"Azuree Braut Annika 426.0281"}]},{"@type":"WebSite","@id":"https:\/\/www.koonings.com\/de\/#website","url":"https:\/\/www.koonings.com\/de\/","name":"Koonings","description":"De grootste bruidsmodewinkel ter wereld","publisher":{"@id":"https:\/\/www.koonings.com\/de\/#organization"},"potentialAction":[{"@type":"SearchAction","target":{"@type":"EntryPoint","urlTemplate":"https:\/\/www.koonings.com\/de\/?s={search_term_string}"},"query-input":{"@type":"PropertyValueSpecification","valueRequired":true,"valueName":"search_term_string"}}],"inLanguage":"de"},{"@type":"Organization","@id":"https:\/\/www.koonings.com\/de\/#organization","name":"Koonings","url":"https:\/\/www.koonings.com\/de\/","logo":{"@type":"ImageObject","inLanguage":"de","@id":"https:\/\/www.koonings.com\/de\/#\/schema\/logo\/image\/","url":"https:\/\/www.koonings.com\/wp-content\/uploads\/2024\/07\/logo.png","contentUrl":"https:\/\/www.koonings.com\/wp-content\/uploads\/2024\/07\/logo.png","width":600,"height":428,"caption":"Koonings"},"image":{"@id":"https:\/\/www.koonings.com\/de\/#\/schema\/logo\/image\/"},"sameAs":["https:\/\/www.facebook.com\/kooningstheweddingpalace","https:\/\/www.instagram.com\/kooningstheweddingpalace","https:\/\/www.pinterest.com\/koonings","https:\/\/www.youtube.com\/kooningstheweddingpalace"]}]}},"_links":{"self":[{"href":"https:\/\/www.koonings.com\/de\/wp-json\/wp\/v2\/product\/93922","targetHints":{"allow":["GET"]}}],"collection":[{"href":"https:\/\/www.koonings.com\/de\/wp-json\/wp\/v2\/product"}],"about":[{"href":"https:\/\/www.koonings.com\/de\/wp-json\/wp\/v2\/types\/product"}],"wp:featuredmedia":[{"embeddable":true,"href":"https:\/\/www.koonings.com\/de\/wp-json\/wp\/v2\/media\/92519"}],"wp:attachment":[{"href":"https:\/\/www.koonings.com\/de\/wp-json\/wp\/v2\/media?parent=93922"}],"wp:term":[{"taxonomy":"productdetails","embeddable":true,"href":"https:\/\/www.koonings.com\/de\/wp-json\/wp\/v2\/productdetails?post=93922"},{"taxonomy":"productneck","embeddable":true,"href":"https:\/\/www.koonings.com\/de\/wp-json\/wp\/v2\/productneck?post=93922"},{"taxonomy":"productcolor","embeddable":true,"href":"https:\/\/www.koonings.com\/de\/wp-json\/wp\/v2\/productcolor?post=93922"},{"taxonomy":"maat","embeddable":true,"href":"https:\/\/www.koonings.com\/de\/wp-json\/wp\/v2\/maat?post=93922"},{"taxonomy":"productsupplier","embeddable":true,"href":"https:\/\/www.koonings.com\/de\/wp-json\/wp\/v2\/productsupplier?post=93922"},{"taxonomy":"productsleeve","embeddable":true,"href":"https:\/\/www.koonings.com\/de\/wp-json\/wp\/v2\/productsleeve?post=93922"},{"taxonomy":"productcategory","embeddable":true,"href":"https:\/\/www.koonings.com\/de\/wp-json\/wp\/v2\/productcategory?post=93922"},{"taxonomy":"productsilhouette","embeddable":true,"href":"https:\/\/www.koonings.com\/de\/wp-json\/wp\/v2\/productsilhouette?post=93922"},{"taxonomy":"productstyle","embeddable":true,"href":"https:\/\/www.koonings.com\/de\/wp-json\/wp\/v2\/productstyle?post=93922"}],"curies":[{"name":"wp","href":"https:\/\/api.w.org\/{rel}","templated":true}]}}