{"id":93907,"date":"2026-04-28T18:40:44","date_gmt":"2026-04-28T16:40:44","guid":{"rendered":"https:\/\/www.koonings.com\/product\/azuree-hochzeitsblau-326-0151\/"},"modified":"2026-02-17T12:54:53","modified_gmt":"2026-02-17T11:54:53","slug":"azuree-hochzeitsblau-326-0151","status":"publish","type":"product","link":"https:\/\/www.koonings.com\/de\/product\/azuree-hochzeitsblau-326-0151\/","title":{"rendered":"Azuree Hochzeitsblau 326.0151"},"content":{"rendered":"<p>F\u00fcr die Braut, bei der weniger mehr ist, ist das Hochzeitskleid Blue die ultimative Wahl. Diese tr\u00e4gerlose Sch\u00f6nheit kombiniert eine klassische, klare Silhouette mit modernen Details wie dem hohen Schlitz im Rock und versteckten Taschen &#8211; praktisch und doch stilvoll. Der leichte Organza-Stoff sorgt bei jedem Schritt f\u00fcr einen schwebenden Effekt, w\u00e4hrend das plissierte Mieder den Oberk\u00f6rper subtil formt. Ganz gleich, ob Sie sich f\u00fcr eine Hochzeit in einem schicken Lokal oder an einem stilvollen Ort im Freien entscheiden, Blue vereint m\u00fchelos Eleganz und Haltung. Minimalistisch, sinnlich und kraftvoll feminin &#8211; perfekt f\u00fcr die Braut, die sich traut, in ihrer Schlichtheit hervorzustechen.    <\/p>\n","protected":false},"featured_media":92111,"template":"","meta":{"_acf_changed":false,"ghostkit_customizer_options":"","ghostkit_custom_css":"","ghostkit_custom_js_head":"","ghostkit_custom_js_foot":"","ghostkit_typography":""},"productdetails":[378,381],"productneck":[352,354],"productcolor":[392],"maat":[],"productsupplier":[533],"productsleeve":[],"productcategory":[18],"productsilhouette":[384],"productstyle":[369,365],"class_list":["post-93907","product","type-product","status-publish","has-post-thumbnail","hentry","productdetails-378","productdetails-381","productneck-352","productneck-354","productcolor-392","productsupplier-azuree-bridal","productcategory-trouwjurken","productsilhouette-384","productstyle-369","productstyle-365"],"acf":[],"yoast_head":"<!-- This site is optimized with the Yoast SEO plugin v27.3 - https:\/\/yoast.com\/product\/yoast-seo-wordpress\/ -->\n<title>Azuree Hochzeitsblau 326.0151 | Koonings<\/title>\n<meta name=\"description\" content=\"F\u00fcr die Braut, bei der weniger mehr ist, ist das Hochzeitskleid Blue die ultimative Wahl. Diese tr\u00e4gerlose Sch\u00f6nheit kombiniert eine klassische, klare Silhouette mit modernen Details wie dem hohen Schlitz im Rock und versteckten Taschen - praktisch und doch stilvoll. Der leichte Organza-Stoff sorgt bei jedem Schritt f\u00fcr einen schwebenden Effekt, w\u00e4hrend das plissierte Mieder den Oberk\u00f6rper subtil formt. Ganz gleich, ob Sie sich f\u00fcr eine Hochzeit in einem schicken Lokal oder an einem stilvollen Ort im Freien entscheiden, Blue vereint m\u00fchelos Eleganz und Haltung. Minimalistisch, sinnlich und kraftvoll feminin - perfekt f\u00fcr die Braut, die sich traut, in ihrer Schlichtheit hervorzustechen.\" \/>\n<meta name=\"robots\" content=\"index, follow, max-snippet:-1, max-image-preview:large, max-video-preview:-1\" \/>\n<link rel=\"canonical\" href=\"https:\/\/www.koonings.com\/de\/product\/azuree-hochzeitsblau-326-0151\/\" \/>\n<meta property=\"og:locale\" content=\"de_DE\" \/>\n<meta property=\"og:type\" content=\"article\" \/>\n<meta property=\"og:title\" content=\"Azuree Hochzeitsblau 326.0151 | Koonings\" \/>\n<meta property=\"og:description\" content=\"F\u00fcr die Braut, bei der weniger mehr ist, ist das Hochzeitskleid Blue die ultimative Wahl. Diese tr\u00e4gerlose Sch\u00f6nheit kombiniert eine klassische, klare Silhouette mit modernen Details wie dem hohen Schlitz im Rock und versteckten Taschen - praktisch und doch stilvoll. Der leichte Organza-Stoff sorgt bei jedem Schritt f\u00fcr einen schwebenden Effekt, w\u00e4hrend das plissierte Mieder den Oberk\u00f6rper subtil formt. Ganz gleich, ob Sie sich f\u00fcr eine Hochzeit in einem schicken Lokal oder an einem stilvollen Ort im Freien entscheiden, Blue vereint m\u00fchelos Eleganz und Haltung. Minimalistisch, sinnlich und kraftvoll feminin - perfekt f\u00fcr die Braut, die sich traut, in ihrer Schlichtheit hervorzustechen.\" \/>\n<meta property=\"og:url\" content=\"https:\/\/www.koonings.com\/de\/product\/azuree-hochzeitsblau-326-0151\/\" \/>\n<meta property=\"og:site_name\" content=\"Koonings\" \/>\n<meta property=\"article:publisher\" content=\"https:\/\/www.facebook.com\/kooningstheweddingpalace\" \/>\n<meta property=\"og:image\" content=\"https:\/\/www.koonings.com\/wp-content\/uploads\/2025\/09\/51511_22aaed19c89b39c4d7cc3e71014d064dda6c721ef7073bf05144004172be63dcb094d1ec.jpeg\" \/>\n\t<meta property=\"og:image:width\" content=\"1646\" \/>\n\t<meta property=\"og:image:height\" content=\"2325\" \/>\n\t<meta property=\"og:image:type\" content=\"image\/jpeg\" \/>\n<meta name=\"twitter:card\" content=\"summary_large_image\" \/>\n<meta name=\"twitter:label1\" content=\"Gesch\u00e4tzte Lesezeit\" \/>\n\t<meta name=\"twitter:data1\" content=\"1\u00a0Minute\" \/>\n<script type=\"application\/ld+json\" class=\"yoast-schema-graph\">{\"@context\":\"https:\\\/\\\/schema.org\",\"@graph\":[{\"@type\":\"WebPage\",\"@id\":\"https:\\\/\\\/www.koonings.com\\\/de\\\/product\\\/azuree-hochzeitsblau-326-0151\\\/\",\"url\":\"https:\\\/\\\/www.koonings.com\\\/de\\\/product\\\/azuree-hochzeitsblau-326-0151\\\/\",\"name\":\"Azuree Hochzeitsblau 326.0151 | Koonings\",\"isPartOf\":{\"@id\":\"https:\\\/\\\/www.koonings.com\\\/de\\\/#website\"},\"primaryImageOfPage\":{\"@id\":\"https:\\\/\\\/www.koonings.com\\\/de\\\/product\\\/azuree-hochzeitsblau-326-0151\\\/#primaryimage\"},\"image\":{\"@id\":\"https:\\\/\\\/www.koonings.com\\\/de\\\/product\\\/azuree-hochzeitsblau-326-0151\\\/#primaryimage\"},\"thumbnailUrl\":\"https:\\\/\\\/www.koonings.com\\\/wp-content\\\/uploads\\\/2025\\\/09\\\/51511_22aaed19c89b39c4d7cc3e71014d064dda6c721ef7073bf05144004172be63dcb094d1ec.jpeg\",\"datePublished\":\"2026-04-28T16:40:44+00:00\",\"description\":\"F\u00fcr die Braut, bei der weniger mehr ist, ist das Hochzeitskleid Blue die ultimative Wahl. Diese tr\u00e4gerlose Sch\u00f6nheit kombiniert eine klassische, klare Silhouette mit modernen Details wie dem hohen Schlitz im Rock und versteckten Taschen - praktisch und doch stilvoll. Der leichte Organza-Stoff sorgt bei jedem Schritt f\u00fcr einen schwebenden Effekt, w\u00e4hrend das plissierte Mieder den Oberk\u00f6rper subtil formt. Ganz gleich, ob Sie sich f\u00fcr eine Hochzeit in einem schicken Lokal oder an einem stilvollen Ort im Freien entscheiden, Blue vereint m\u00fchelos Eleganz und Haltung. Minimalistisch, sinnlich und kraftvoll feminin - perfekt f\u00fcr die Braut, die sich traut, in ihrer Schlichtheit hervorzustechen.\",\"breadcrumb\":{\"@id\":\"https:\\\/\\\/www.koonings.com\\\/de\\\/product\\\/azuree-hochzeitsblau-326-0151\\\/#breadcrumb\"},\"inLanguage\":\"de\",\"potentialAction\":[{\"@type\":\"ReadAction\",\"target\":[\"https:\\\/\\\/www.koonings.com\\\/de\\\/product\\\/azuree-hochzeitsblau-326-0151\\\/\"]}]},{\"@type\":\"ImageObject\",\"inLanguage\":\"de\",\"@id\":\"https:\\\/\\\/www.koonings.com\\\/de\\\/product\\\/azuree-hochzeitsblau-326-0151\\\/#primaryimage\",\"url\":\"https:\\\/\\\/www.koonings.com\\\/wp-content\\\/uploads\\\/2025\\\/09\\\/51511_22aaed19c89b39c4d7cc3e71014d064dda6c721ef7073bf05144004172be63dcb094d1ec.jpeg\",\"contentUrl\":\"https:\\\/\\\/www.koonings.com\\\/wp-content\\\/uploads\\\/2025\\\/09\\\/51511_22aaed19c89b39c4d7cc3e71014d064dda6c721ef7073bf05144004172be63dcb094d1ec.jpeg\",\"width\":1646,\"height\":2325},{\"@type\":\"BreadcrumbList\",\"@id\":\"https:\\\/\\\/www.koonings.com\\\/de\\\/product\\\/azuree-hochzeitsblau-326-0151\\\/#breadcrumb\",\"itemListElement\":[{\"@type\":\"ListItem\",\"position\":1,\"name\":\"Home\",\"item\":\"https:\\\/\\\/www.koonings.com\\\/de\\\/\"},{\"@type\":\"ListItem\",\"position\":2,\"name\":\"Azuree Hochzeitsblau 326.0151\"}]},{\"@type\":\"WebSite\",\"@id\":\"https:\\\/\\\/www.koonings.com\\\/de\\\/#website\",\"url\":\"https:\\\/\\\/www.koonings.com\\\/de\\\/\",\"name\":\"Koonings\",\"description\":\"De grootste bruidsmodewinkel ter wereld\",\"publisher\":{\"@id\":\"https:\\\/\\\/www.koonings.com\\\/de\\\/#organization\"},\"potentialAction\":[{\"@type\":\"SearchAction\",\"target\":{\"@type\":\"EntryPoint\",\"urlTemplate\":\"https:\\\/\\\/www.koonings.com\\\/de\\\/?s={search_term_string}\"},\"query-input\":{\"@type\":\"PropertyValueSpecification\",\"valueRequired\":true,\"valueName\":\"search_term_string\"}}],\"inLanguage\":\"de\"},{\"@type\":\"Organization\",\"@id\":\"https:\\\/\\\/www.koonings.com\\\/de\\\/#organization\",\"name\":\"Koonings\",\"url\":\"https:\\\/\\\/www.koonings.com\\\/de\\\/\",\"logo\":{\"@type\":\"ImageObject\",\"inLanguage\":\"de\",\"@id\":\"https:\\\/\\\/www.koonings.com\\\/de\\\/#\\\/schema\\\/logo\\\/image\\\/\",\"url\":\"https:\\\/\\\/www.koonings.com\\\/wp-content\\\/uploads\\\/2024\\\/07\\\/logo.png\",\"contentUrl\":\"https:\\\/\\\/www.koonings.com\\\/wp-content\\\/uploads\\\/2024\\\/07\\\/logo.png\",\"width\":600,\"height\":428,\"caption\":\"Koonings\"},\"image\":{\"@id\":\"https:\\\/\\\/www.koonings.com\\\/de\\\/#\\\/schema\\\/logo\\\/image\\\/\"},\"sameAs\":[\"https:\\\/\\\/www.facebook.com\\\/kooningstheweddingpalace\",\"https:\\\/\\\/www.instagram.com\\\/kooningstheweddingpalace\",\"https:\\\/\\\/www.pinterest.com\\\/koonings\",\"https:\\\/\\\/www.youtube.com\\\/kooningstheweddingpalace\"]}]}<\/script>\n<!-- \/ Yoast SEO plugin. -->","yoast_head_json":{"title":"Azuree Hochzeitsblau 326.0151 | Koonings","description":"F\u00fcr die Braut, bei der weniger mehr ist, ist das Hochzeitskleid Blue die ultimative Wahl. Diese tr\u00e4gerlose Sch\u00f6nheit kombiniert eine klassische, klare Silhouette mit modernen Details wie dem hohen Schlitz im Rock und versteckten Taschen - praktisch und doch stilvoll. Der leichte Organza-Stoff sorgt bei jedem Schritt f\u00fcr einen schwebenden Effekt, w\u00e4hrend das plissierte Mieder den Oberk\u00f6rper subtil formt. Ganz gleich, ob Sie sich f\u00fcr eine Hochzeit in einem schicken Lokal oder an einem stilvollen Ort im Freien entscheiden, Blue vereint m\u00fchelos Eleganz und Haltung. Minimalistisch, sinnlich und kraftvoll feminin - perfekt f\u00fcr die Braut, die sich traut, in ihrer Schlichtheit hervorzustechen.","robots":{"index":"index","follow":"follow","max-snippet":"max-snippet:-1","max-image-preview":"max-image-preview:large","max-video-preview":"max-video-preview:-1"},"canonical":"https:\/\/www.koonings.com\/de\/product\/azuree-hochzeitsblau-326-0151\/","og_locale":"de_DE","og_type":"article","og_title":"Azuree Hochzeitsblau 326.0151 | Koonings","og_description":"F\u00fcr die Braut, bei der weniger mehr ist, ist das Hochzeitskleid Blue die ultimative Wahl. Diese tr\u00e4gerlose Sch\u00f6nheit kombiniert eine klassische, klare Silhouette mit modernen Details wie dem hohen Schlitz im Rock und versteckten Taschen - praktisch und doch stilvoll. Der leichte Organza-Stoff sorgt bei jedem Schritt f\u00fcr einen schwebenden Effekt, w\u00e4hrend das plissierte Mieder den Oberk\u00f6rper subtil formt. Ganz gleich, ob Sie sich f\u00fcr eine Hochzeit in einem schicken Lokal oder an einem stilvollen Ort im Freien entscheiden, Blue vereint m\u00fchelos Eleganz und Haltung. Minimalistisch, sinnlich und kraftvoll feminin - perfekt f\u00fcr die Braut, die sich traut, in ihrer Schlichtheit hervorzustechen.","og_url":"https:\/\/www.koonings.com\/de\/product\/azuree-hochzeitsblau-326-0151\/","og_site_name":"Koonings","article_publisher":"https:\/\/www.facebook.com\/kooningstheweddingpalace","og_image":[{"width":1646,"height":2325,"url":"https:\/\/www.koonings.com\/wp-content\/uploads\/2025\/09\/51511_22aaed19c89b39c4d7cc3e71014d064dda6c721ef7073bf05144004172be63dcb094d1ec.jpeg","type":"image\/jpeg"}],"twitter_card":"summary_large_image","twitter_misc":{"Gesch\u00e4tzte Lesezeit":"1\u00a0Minute"},"schema":{"@context":"https:\/\/schema.org","@graph":[{"@type":"WebPage","@id":"https:\/\/www.koonings.com\/de\/product\/azuree-hochzeitsblau-326-0151\/","url":"https:\/\/www.koonings.com\/de\/product\/azuree-hochzeitsblau-326-0151\/","name":"Azuree Hochzeitsblau 326.0151 | Koonings","isPartOf":{"@id":"https:\/\/www.koonings.com\/de\/#website"},"primaryImageOfPage":{"@id":"https:\/\/www.koonings.com\/de\/product\/azuree-hochzeitsblau-326-0151\/#primaryimage"},"image":{"@id":"https:\/\/www.koonings.com\/de\/product\/azuree-hochzeitsblau-326-0151\/#primaryimage"},"thumbnailUrl":"https:\/\/www.koonings.com\/wp-content\/uploads\/2025\/09\/51511_22aaed19c89b39c4d7cc3e71014d064dda6c721ef7073bf05144004172be63dcb094d1ec.jpeg","datePublished":"2026-04-28T16:40:44+00:00","description":"F\u00fcr die Braut, bei der weniger mehr ist, ist das Hochzeitskleid Blue die ultimative Wahl. Diese tr\u00e4gerlose Sch\u00f6nheit kombiniert eine klassische, klare Silhouette mit modernen Details wie dem hohen Schlitz im Rock und versteckten Taschen - praktisch und doch stilvoll. Der leichte Organza-Stoff sorgt bei jedem Schritt f\u00fcr einen schwebenden Effekt, w\u00e4hrend das plissierte Mieder den Oberk\u00f6rper subtil formt. Ganz gleich, ob Sie sich f\u00fcr eine Hochzeit in einem schicken Lokal oder an einem stilvollen Ort im Freien entscheiden, Blue vereint m\u00fchelos Eleganz und Haltung. Minimalistisch, sinnlich und kraftvoll feminin - perfekt f\u00fcr die Braut, die sich traut, in ihrer Schlichtheit hervorzustechen.","breadcrumb":{"@id":"https:\/\/www.koonings.com\/de\/product\/azuree-hochzeitsblau-326-0151\/#breadcrumb"},"inLanguage":"de","potentialAction":[{"@type":"ReadAction","target":["https:\/\/www.koonings.com\/de\/product\/azuree-hochzeitsblau-326-0151\/"]}]},{"@type":"ImageObject","inLanguage":"de","@id":"https:\/\/www.koonings.com\/de\/product\/azuree-hochzeitsblau-326-0151\/#primaryimage","url":"https:\/\/www.koonings.com\/wp-content\/uploads\/2025\/09\/51511_22aaed19c89b39c4d7cc3e71014d064dda6c721ef7073bf05144004172be63dcb094d1ec.jpeg","contentUrl":"https:\/\/www.koonings.com\/wp-content\/uploads\/2025\/09\/51511_22aaed19c89b39c4d7cc3e71014d064dda6c721ef7073bf05144004172be63dcb094d1ec.jpeg","width":1646,"height":2325},{"@type":"BreadcrumbList","@id":"https:\/\/www.koonings.com\/de\/product\/azuree-hochzeitsblau-326-0151\/#breadcrumb","itemListElement":[{"@type":"ListItem","position":1,"name":"Home","item":"https:\/\/www.koonings.com\/de\/"},{"@type":"ListItem","position":2,"name":"Azuree Hochzeitsblau 326.0151"}]},{"@type":"WebSite","@id":"https:\/\/www.koonings.com\/de\/#website","url":"https:\/\/www.koonings.com\/de\/","name":"Koonings","description":"De grootste bruidsmodewinkel ter wereld","publisher":{"@id":"https:\/\/www.koonings.com\/de\/#organization"},"potentialAction":[{"@type":"SearchAction","target":{"@type":"EntryPoint","urlTemplate":"https:\/\/www.koonings.com\/de\/?s={search_term_string}"},"query-input":{"@type":"PropertyValueSpecification","valueRequired":true,"valueName":"search_term_string"}}],"inLanguage":"de"},{"@type":"Organization","@id":"https:\/\/www.koonings.com\/de\/#organization","name":"Koonings","url":"https:\/\/www.koonings.com\/de\/","logo":{"@type":"ImageObject","inLanguage":"de","@id":"https:\/\/www.koonings.com\/de\/#\/schema\/logo\/image\/","url":"https:\/\/www.koonings.com\/wp-content\/uploads\/2024\/07\/logo.png","contentUrl":"https:\/\/www.koonings.com\/wp-content\/uploads\/2024\/07\/logo.png","width":600,"height":428,"caption":"Koonings"},"image":{"@id":"https:\/\/www.koonings.com\/de\/#\/schema\/logo\/image\/"},"sameAs":["https:\/\/www.facebook.com\/kooningstheweddingpalace","https:\/\/www.instagram.com\/kooningstheweddingpalace","https:\/\/www.pinterest.com\/koonings","https:\/\/www.youtube.com\/kooningstheweddingpalace"]}]}},"_links":{"self":[{"href":"https:\/\/www.koonings.com\/de\/wp-json\/wp\/v2\/product\/93907","targetHints":{"allow":["GET"]}}],"collection":[{"href":"https:\/\/www.koonings.com\/de\/wp-json\/wp\/v2\/product"}],"about":[{"href":"https:\/\/www.koonings.com\/de\/wp-json\/wp\/v2\/types\/product"}],"wp:featuredmedia":[{"embeddable":true,"href":"https:\/\/www.koonings.com\/de\/wp-json\/wp\/v2\/media\/92111"}],"wp:attachment":[{"href":"https:\/\/www.koonings.com\/de\/wp-json\/wp\/v2\/media?parent=93907"}],"wp:term":[{"taxonomy":"productdetails","embeddable":true,"href":"https:\/\/www.koonings.com\/de\/wp-json\/wp\/v2\/productdetails?post=93907"},{"taxonomy":"productneck","embeddable":true,"href":"https:\/\/www.koonings.com\/de\/wp-json\/wp\/v2\/productneck?post=93907"},{"taxonomy":"productcolor","embeddable":true,"href":"https:\/\/www.koonings.com\/de\/wp-json\/wp\/v2\/productcolor?post=93907"},{"taxonomy":"maat","embeddable":true,"href":"https:\/\/www.koonings.com\/de\/wp-json\/wp\/v2\/maat?post=93907"},{"taxonomy":"productsupplier","embeddable":true,"href":"https:\/\/www.koonings.com\/de\/wp-json\/wp\/v2\/productsupplier?post=93907"},{"taxonomy":"productsleeve","embeddable":true,"href":"https:\/\/www.koonings.com\/de\/wp-json\/wp\/v2\/productsleeve?post=93907"},{"taxonomy":"productcategory","embeddable":true,"href":"https:\/\/www.koonings.com\/de\/wp-json\/wp\/v2\/productcategory?post=93907"},{"taxonomy":"productsilhouette","embeddable":true,"href":"https:\/\/www.koonings.com\/de\/wp-json\/wp\/v2\/productsilhouette?post=93907"},{"taxonomy":"productstyle","embeddable":true,"href":"https:\/\/www.koonings.com\/de\/wp-json\/wp\/v2\/productstyle?post=93907"}],"curies":[{"name":"wp","href":"https:\/\/api.w.org\/{rel}","templated":true}]}}