{"id":93906,"date":"2026-04-28T18:40:38","date_gmt":"2026-04-28T16:40:38","guid":{"rendered":"https:\/\/www.koonings.com\/product\/azuree-braut-astrid-426-0393\/"},"modified":"2026-02-17T12:56:25","modified_gmt":"2026-02-17T11:56:25","slug":"azuree-braut-astrid-426-0393","status":"publish","type":"product","link":"https:\/\/www.koonings.com\/de\/product\/azuree-braut-astrid-426-0393\/","title":{"rendered":"Azuree Braut Astrid 426.0393"},"content":{"rendered":"<p>Das Astrid Hochzeitskleid ist perfekt f\u00fcr die Braut, die nach einer Kombination aus Dramatik und Raffinesse sucht. Das Kleid kommt mit einer einzigartigen Jacke mit Ballon\u00e4rmeln und ger\u00fcschten Manschetten, die f\u00fcr einen gewagten und modischen Look sorgen. Der herzf\u00f6rmige Ausschnitt sorgt f\u00fcr ein romantisches Element, w\u00e4hrend das Illusionsmieder f\u00fcr einen besonders raffinierten und femininen Touch sorgt. Das Kleid ist ideal f\u00fcr Br\u00e4ute, die auffallen wollen und einen trendigen und doch klassischen Look lieben. Der prinzessinnenf\u00f6rmige Rock f\u00e4llt wundersch\u00f6n und erzeugt einen ultimativen dramatischen Effekt, der perfekt f\u00fcr eine formelle Zeremonie ist. Die vielen Details und der flie\u00dfende Stoff machen das Kleid nicht nur sch\u00f6n anzusehen, sondern auch angenehm zu tragen. Das Astrid ist ein Kleid, das f\u00fcr Glamour, Mode und Romantik steht, so dass sich jede Braut an ihrem gro\u00dfen Tag besonders und einzigartig f\u00fchlt.      <\/p>\n","protected":false},"featured_media":92555,"template":"","meta":{"_acf_changed":false,"ghostkit_customizer_options":"","ghostkit_custom_css":"","ghostkit_custom_js_head":"","ghostkit_custom_js_foot":"","ghostkit_typography":""},"productdetails":[381],"productneck":[351,354],"productcolor":[393,392],"maat":[],"productsupplier":[533],"productsleeve":[],"productcategory":[18],"productsilhouette":[388],"productstyle":[369,371,372,366],"class_list":["post-93906","product","type-product","status-publish","has-post-thumbnail","hentry","productdetails-381","productneck-351","productneck-354","productcolor-393","productcolor-392","productsupplier-azuree-bridal","productcategory-trouwjurken","productsilhouette-388","productstyle-369","productstyle-371","productstyle-372","productstyle-366"],"acf":[],"yoast_head":"<!-- This site is optimized with the Yoast SEO plugin v27.3 - https:\/\/yoast.com\/product\/yoast-seo-wordpress\/ -->\n<title>Azuree Braut Astrid 426.0393 | Koonings<\/title>\n<meta name=\"description\" content=\"Das Astrid Hochzeitskleid ist perfekt f\u00fcr die Braut, die nach einer Kombination aus Dramatik und Raffinesse sucht. Das Kleid kommt mit einer einzigartigen Jacke mit Ballon\u00e4rmeln und ger\u00fcschten Manschetten, die f\u00fcr einen gewagten und modischen Look sorgen. Der herzf\u00f6rmige Ausschnitt sorgt f\u00fcr ein romantisches Element, w\u00e4hrend das Illusionsmieder f\u00fcr einen besonders raffinierten und femininen Touch sorgt. Das Kleid ist ideal f\u00fcr Br\u00e4ute, die auffallen wollen und einen trendigen und doch klassischen Look lieben. Der prinzessinnenf\u00f6rmige Rock f\u00e4llt wundersch\u00f6n und erzeugt einen ultimativen dramatischen Effekt, der perfekt f\u00fcr eine formelle Zeremonie ist. Die vielen Details und der flie\u00dfende Stoff machen das Kleid nicht nur sch\u00f6n anzusehen, sondern auch angenehm zu tragen. Das Astrid ist ein Kleid, das f\u00fcr Glamour, Mode und Romantik steht, so dass sich jede Braut an ihrem gro\u00dfen Tag besonders und einzigartig f\u00fchlt.\" \/>\n<meta name=\"robots\" content=\"index, follow, max-snippet:-1, max-image-preview:large, max-video-preview:-1\" \/>\n<link rel=\"canonical\" href=\"https:\/\/www.koonings.com\/de\/product\/azuree-braut-astrid-426-0393\/\" \/>\n<meta property=\"og:locale\" content=\"de_DE\" \/>\n<meta property=\"og:type\" content=\"article\" \/>\n<meta property=\"og:title\" content=\"Azuree Braut Astrid 426.0393 | Koonings\" \/>\n<meta property=\"og:description\" content=\"Das Astrid Hochzeitskleid ist perfekt f\u00fcr die Braut, die nach einer Kombination aus Dramatik und Raffinesse sucht. Das Kleid kommt mit einer einzigartigen Jacke mit Ballon\u00e4rmeln und ger\u00fcschten Manschetten, die f\u00fcr einen gewagten und modischen Look sorgen. Der herzf\u00f6rmige Ausschnitt sorgt f\u00fcr ein romantisches Element, w\u00e4hrend das Illusionsmieder f\u00fcr einen besonders raffinierten und femininen Touch sorgt. Das Kleid ist ideal f\u00fcr Br\u00e4ute, die auffallen wollen und einen trendigen und doch klassischen Look lieben. Der prinzessinnenf\u00f6rmige Rock f\u00e4llt wundersch\u00f6n und erzeugt einen ultimativen dramatischen Effekt, der perfekt f\u00fcr eine formelle Zeremonie ist. Die vielen Details und der flie\u00dfende Stoff machen das Kleid nicht nur sch\u00f6n anzusehen, sondern auch angenehm zu tragen. Das Astrid ist ein Kleid, das f\u00fcr Glamour, Mode und Romantik steht, so dass sich jede Braut an ihrem gro\u00dfen Tag besonders und einzigartig f\u00fchlt.\" \/>\n<meta property=\"og:url\" content=\"https:\/\/www.koonings.com\/de\/product\/azuree-braut-astrid-426-0393\/\" \/>\n<meta property=\"og:site_name\" content=\"Koonings\" \/>\n<meta property=\"article:publisher\" content=\"https:\/\/www.facebook.com\/kooningstheweddingpalace\" \/>\n<meta property=\"og:image\" content=\"https:\/\/www.koonings.com\/wp-content\/uploads\/2025\/09\/51496_9b6aa499fd9e1e25254b9a76c1a3490db460e0b556fb7ded7f6b6e8938ca068c4b1cdc4e.jpeg\" \/>\n\t<meta property=\"og:image:width\" content=\"1566\" \/>\n\t<meta property=\"og:image:height\" content=\"2217\" \/>\n\t<meta property=\"og:image:type\" content=\"image\/jpeg\" \/>\n<meta name=\"twitter:card\" content=\"summary_large_image\" \/>\n<meta name=\"twitter:label1\" content=\"Gesch\u00e4tzte Lesezeit\" \/>\n\t<meta name=\"twitter:data1\" content=\"1\u00a0Minute\" \/>\n<script type=\"application\/ld+json\" class=\"yoast-schema-graph\">{\"@context\":\"https:\\\/\\\/schema.org\",\"@graph\":[{\"@type\":\"WebPage\",\"@id\":\"https:\\\/\\\/www.koonings.com\\\/de\\\/product\\\/azuree-braut-astrid-426-0393\\\/\",\"url\":\"https:\\\/\\\/www.koonings.com\\\/de\\\/product\\\/azuree-braut-astrid-426-0393\\\/\",\"name\":\"Azuree Braut Astrid 426.0393 | Koonings\",\"isPartOf\":{\"@id\":\"https:\\\/\\\/www.koonings.com\\\/de\\\/#website\"},\"primaryImageOfPage\":{\"@id\":\"https:\\\/\\\/www.koonings.com\\\/de\\\/product\\\/azuree-braut-astrid-426-0393\\\/#primaryimage\"},\"image\":{\"@id\":\"https:\\\/\\\/www.koonings.com\\\/de\\\/product\\\/azuree-braut-astrid-426-0393\\\/#primaryimage\"},\"thumbnailUrl\":\"https:\\\/\\\/www.koonings.com\\\/wp-content\\\/uploads\\\/2025\\\/09\\\/51496_9b6aa499fd9e1e25254b9a76c1a3490db460e0b556fb7ded7f6b6e8938ca068c4b1cdc4e.jpeg\",\"datePublished\":\"2026-04-28T16:40:38+00:00\",\"description\":\"Das Astrid Hochzeitskleid ist perfekt f\u00fcr die Braut, die nach einer Kombination aus Dramatik und Raffinesse sucht. Das Kleid kommt mit einer einzigartigen Jacke mit Ballon\u00e4rmeln und ger\u00fcschten Manschetten, die f\u00fcr einen gewagten und modischen Look sorgen. Der herzf\u00f6rmige Ausschnitt sorgt f\u00fcr ein romantisches Element, w\u00e4hrend das Illusionsmieder f\u00fcr einen besonders raffinierten und femininen Touch sorgt. Das Kleid ist ideal f\u00fcr Br\u00e4ute, die auffallen wollen und einen trendigen und doch klassischen Look lieben. Der prinzessinnenf\u00f6rmige Rock f\u00e4llt wundersch\u00f6n und erzeugt einen ultimativen dramatischen Effekt, der perfekt f\u00fcr eine formelle Zeremonie ist. Die vielen Details und der flie\u00dfende Stoff machen das Kleid nicht nur sch\u00f6n anzusehen, sondern auch angenehm zu tragen. Das Astrid ist ein Kleid, das f\u00fcr Glamour, Mode und Romantik steht, so dass sich jede Braut an ihrem gro\u00dfen Tag besonders und einzigartig f\u00fchlt.\",\"breadcrumb\":{\"@id\":\"https:\\\/\\\/www.koonings.com\\\/de\\\/product\\\/azuree-braut-astrid-426-0393\\\/#breadcrumb\"},\"inLanguage\":\"de\",\"potentialAction\":[{\"@type\":\"ReadAction\",\"target\":[\"https:\\\/\\\/www.koonings.com\\\/de\\\/product\\\/azuree-braut-astrid-426-0393\\\/\"]}]},{\"@type\":\"ImageObject\",\"inLanguage\":\"de\",\"@id\":\"https:\\\/\\\/www.koonings.com\\\/de\\\/product\\\/azuree-braut-astrid-426-0393\\\/#primaryimage\",\"url\":\"https:\\\/\\\/www.koonings.com\\\/wp-content\\\/uploads\\\/2025\\\/09\\\/51496_9b6aa499fd9e1e25254b9a76c1a3490db460e0b556fb7ded7f6b6e8938ca068c4b1cdc4e.jpeg\",\"contentUrl\":\"https:\\\/\\\/www.koonings.com\\\/wp-content\\\/uploads\\\/2025\\\/09\\\/51496_9b6aa499fd9e1e25254b9a76c1a3490db460e0b556fb7ded7f6b6e8938ca068c4b1cdc4e.jpeg\",\"width\":1566,\"height\":2217},{\"@type\":\"BreadcrumbList\",\"@id\":\"https:\\\/\\\/www.koonings.com\\\/de\\\/product\\\/azuree-braut-astrid-426-0393\\\/#breadcrumb\",\"itemListElement\":[{\"@type\":\"ListItem\",\"position\":1,\"name\":\"Home\",\"item\":\"https:\\\/\\\/www.koonings.com\\\/de\\\/\"},{\"@type\":\"ListItem\",\"position\":2,\"name\":\"Azuree Braut Astrid 426.0393\"}]},{\"@type\":\"WebSite\",\"@id\":\"https:\\\/\\\/www.koonings.com\\\/de\\\/#website\",\"url\":\"https:\\\/\\\/www.koonings.com\\\/de\\\/\",\"name\":\"Koonings\",\"description\":\"De grootste bruidsmodewinkel ter wereld\",\"publisher\":{\"@id\":\"https:\\\/\\\/www.koonings.com\\\/de\\\/#organization\"},\"potentialAction\":[{\"@type\":\"SearchAction\",\"target\":{\"@type\":\"EntryPoint\",\"urlTemplate\":\"https:\\\/\\\/www.koonings.com\\\/de\\\/?s={search_term_string}\"},\"query-input\":{\"@type\":\"PropertyValueSpecification\",\"valueRequired\":true,\"valueName\":\"search_term_string\"}}],\"inLanguage\":\"de\"},{\"@type\":\"Organization\",\"@id\":\"https:\\\/\\\/www.koonings.com\\\/de\\\/#organization\",\"name\":\"Koonings\",\"url\":\"https:\\\/\\\/www.koonings.com\\\/de\\\/\",\"logo\":{\"@type\":\"ImageObject\",\"inLanguage\":\"de\",\"@id\":\"https:\\\/\\\/www.koonings.com\\\/de\\\/#\\\/schema\\\/logo\\\/image\\\/\",\"url\":\"https:\\\/\\\/www.koonings.com\\\/wp-content\\\/uploads\\\/2024\\\/07\\\/logo.png\",\"contentUrl\":\"https:\\\/\\\/www.koonings.com\\\/wp-content\\\/uploads\\\/2024\\\/07\\\/logo.png\",\"width\":600,\"height\":428,\"caption\":\"Koonings\"},\"image\":{\"@id\":\"https:\\\/\\\/www.koonings.com\\\/de\\\/#\\\/schema\\\/logo\\\/image\\\/\"},\"sameAs\":[\"https:\\\/\\\/www.facebook.com\\\/kooningstheweddingpalace\",\"https:\\\/\\\/www.instagram.com\\\/kooningstheweddingpalace\",\"https:\\\/\\\/www.pinterest.com\\\/koonings\",\"https:\\\/\\\/www.youtube.com\\\/kooningstheweddingpalace\"]}]}<\/script>\n<!-- \/ Yoast SEO plugin. -->","yoast_head_json":{"title":"Azuree Braut Astrid 426.0393 | Koonings","description":"Das Astrid Hochzeitskleid ist perfekt f\u00fcr die Braut, die nach einer Kombination aus Dramatik und Raffinesse sucht. Das Kleid kommt mit einer einzigartigen Jacke mit Ballon\u00e4rmeln und ger\u00fcschten Manschetten, die f\u00fcr einen gewagten und modischen Look sorgen. Der herzf\u00f6rmige Ausschnitt sorgt f\u00fcr ein romantisches Element, w\u00e4hrend das Illusionsmieder f\u00fcr einen besonders raffinierten und femininen Touch sorgt. Das Kleid ist ideal f\u00fcr Br\u00e4ute, die auffallen wollen und einen trendigen und doch klassischen Look lieben. Der prinzessinnenf\u00f6rmige Rock f\u00e4llt wundersch\u00f6n und erzeugt einen ultimativen dramatischen Effekt, der perfekt f\u00fcr eine formelle Zeremonie ist. Die vielen Details und der flie\u00dfende Stoff machen das Kleid nicht nur sch\u00f6n anzusehen, sondern auch angenehm zu tragen. Das Astrid ist ein Kleid, das f\u00fcr Glamour, Mode und Romantik steht, so dass sich jede Braut an ihrem gro\u00dfen Tag besonders und einzigartig f\u00fchlt.","robots":{"index":"index","follow":"follow","max-snippet":"max-snippet:-1","max-image-preview":"max-image-preview:large","max-video-preview":"max-video-preview:-1"},"canonical":"https:\/\/www.koonings.com\/de\/product\/azuree-braut-astrid-426-0393\/","og_locale":"de_DE","og_type":"article","og_title":"Azuree Braut Astrid 426.0393 | Koonings","og_description":"Das Astrid Hochzeitskleid ist perfekt f\u00fcr die Braut, die nach einer Kombination aus Dramatik und Raffinesse sucht. Das Kleid kommt mit einer einzigartigen Jacke mit Ballon\u00e4rmeln und ger\u00fcschten Manschetten, die f\u00fcr einen gewagten und modischen Look sorgen. Der herzf\u00f6rmige Ausschnitt sorgt f\u00fcr ein romantisches Element, w\u00e4hrend das Illusionsmieder f\u00fcr einen besonders raffinierten und femininen Touch sorgt. Das Kleid ist ideal f\u00fcr Br\u00e4ute, die auffallen wollen und einen trendigen und doch klassischen Look lieben. Der prinzessinnenf\u00f6rmige Rock f\u00e4llt wundersch\u00f6n und erzeugt einen ultimativen dramatischen Effekt, der perfekt f\u00fcr eine formelle Zeremonie ist. Die vielen Details und der flie\u00dfende Stoff machen das Kleid nicht nur sch\u00f6n anzusehen, sondern auch angenehm zu tragen. Das Astrid ist ein Kleid, das f\u00fcr Glamour, Mode und Romantik steht, so dass sich jede Braut an ihrem gro\u00dfen Tag besonders und einzigartig f\u00fchlt.","og_url":"https:\/\/www.koonings.com\/de\/product\/azuree-braut-astrid-426-0393\/","og_site_name":"Koonings","article_publisher":"https:\/\/www.facebook.com\/kooningstheweddingpalace","og_image":[{"width":1566,"height":2217,"url":"https:\/\/www.koonings.com\/wp-content\/uploads\/2025\/09\/51496_9b6aa499fd9e1e25254b9a76c1a3490db460e0b556fb7ded7f6b6e8938ca068c4b1cdc4e.jpeg","type":"image\/jpeg"}],"twitter_card":"summary_large_image","twitter_misc":{"Gesch\u00e4tzte Lesezeit":"1\u00a0Minute"},"schema":{"@context":"https:\/\/schema.org","@graph":[{"@type":"WebPage","@id":"https:\/\/www.koonings.com\/de\/product\/azuree-braut-astrid-426-0393\/","url":"https:\/\/www.koonings.com\/de\/product\/azuree-braut-astrid-426-0393\/","name":"Azuree Braut Astrid 426.0393 | Koonings","isPartOf":{"@id":"https:\/\/www.koonings.com\/de\/#website"},"primaryImageOfPage":{"@id":"https:\/\/www.koonings.com\/de\/product\/azuree-braut-astrid-426-0393\/#primaryimage"},"image":{"@id":"https:\/\/www.koonings.com\/de\/product\/azuree-braut-astrid-426-0393\/#primaryimage"},"thumbnailUrl":"https:\/\/www.koonings.com\/wp-content\/uploads\/2025\/09\/51496_9b6aa499fd9e1e25254b9a76c1a3490db460e0b556fb7ded7f6b6e8938ca068c4b1cdc4e.jpeg","datePublished":"2026-04-28T16:40:38+00:00","description":"Das Astrid Hochzeitskleid ist perfekt f\u00fcr die Braut, die nach einer Kombination aus Dramatik und Raffinesse sucht. Das Kleid kommt mit einer einzigartigen Jacke mit Ballon\u00e4rmeln und ger\u00fcschten Manschetten, die f\u00fcr einen gewagten und modischen Look sorgen. Der herzf\u00f6rmige Ausschnitt sorgt f\u00fcr ein romantisches Element, w\u00e4hrend das Illusionsmieder f\u00fcr einen besonders raffinierten und femininen Touch sorgt. Das Kleid ist ideal f\u00fcr Br\u00e4ute, die auffallen wollen und einen trendigen und doch klassischen Look lieben. Der prinzessinnenf\u00f6rmige Rock f\u00e4llt wundersch\u00f6n und erzeugt einen ultimativen dramatischen Effekt, der perfekt f\u00fcr eine formelle Zeremonie ist. Die vielen Details und der flie\u00dfende Stoff machen das Kleid nicht nur sch\u00f6n anzusehen, sondern auch angenehm zu tragen. Das Astrid ist ein Kleid, das f\u00fcr Glamour, Mode und Romantik steht, so dass sich jede Braut an ihrem gro\u00dfen Tag besonders und einzigartig f\u00fchlt.","breadcrumb":{"@id":"https:\/\/www.koonings.com\/de\/product\/azuree-braut-astrid-426-0393\/#breadcrumb"},"inLanguage":"de","potentialAction":[{"@type":"ReadAction","target":["https:\/\/www.koonings.com\/de\/product\/azuree-braut-astrid-426-0393\/"]}]},{"@type":"ImageObject","inLanguage":"de","@id":"https:\/\/www.koonings.com\/de\/product\/azuree-braut-astrid-426-0393\/#primaryimage","url":"https:\/\/www.koonings.com\/wp-content\/uploads\/2025\/09\/51496_9b6aa499fd9e1e25254b9a76c1a3490db460e0b556fb7ded7f6b6e8938ca068c4b1cdc4e.jpeg","contentUrl":"https:\/\/www.koonings.com\/wp-content\/uploads\/2025\/09\/51496_9b6aa499fd9e1e25254b9a76c1a3490db460e0b556fb7ded7f6b6e8938ca068c4b1cdc4e.jpeg","width":1566,"height":2217},{"@type":"BreadcrumbList","@id":"https:\/\/www.koonings.com\/de\/product\/azuree-braut-astrid-426-0393\/#breadcrumb","itemListElement":[{"@type":"ListItem","position":1,"name":"Home","item":"https:\/\/www.koonings.com\/de\/"},{"@type":"ListItem","position":2,"name":"Azuree Braut Astrid 426.0393"}]},{"@type":"WebSite","@id":"https:\/\/www.koonings.com\/de\/#website","url":"https:\/\/www.koonings.com\/de\/","name":"Koonings","description":"De grootste bruidsmodewinkel ter wereld","publisher":{"@id":"https:\/\/www.koonings.com\/de\/#organization"},"potentialAction":[{"@type":"SearchAction","target":{"@type":"EntryPoint","urlTemplate":"https:\/\/www.koonings.com\/de\/?s={search_term_string}"},"query-input":{"@type":"PropertyValueSpecification","valueRequired":true,"valueName":"search_term_string"}}],"inLanguage":"de"},{"@type":"Organization","@id":"https:\/\/www.koonings.com\/de\/#organization","name":"Koonings","url":"https:\/\/www.koonings.com\/de\/","logo":{"@type":"ImageObject","inLanguage":"de","@id":"https:\/\/www.koonings.com\/de\/#\/schema\/logo\/image\/","url":"https:\/\/www.koonings.com\/wp-content\/uploads\/2024\/07\/logo.png","contentUrl":"https:\/\/www.koonings.com\/wp-content\/uploads\/2024\/07\/logo.png","width":600,"height":428,"caption":"Koonings"},"image":{"@id":"https:\/\/www.koonings.com\/de\/#\/schema\/logo\/image\/"},"sameAs":["https:\/\/www.facebook.com\/kooningstheweddingpalace","https:\/\/www.instagram.com\/kooningstheweddingpalace","https:\/\/www.pinterest.com\/koonings","https:\/\/www.youtube.com\/kooningstheweddingpalace"]}]}},"_links":{"self":[{"href":"https:\/\/www.koonings.com\/de\/wp-json\/wp\/v2\/product\/93906","targetHints":{"allow":["GET"]}}],"collection":[{"href":"https:\/\/www.koonings.com\/de\/wp-json\/wp\/v2\/product"}],"about":[{"href":"https:\/\/www.koonings.com\/de\/wp-json\/wp\/v2\/types\/product"}],"wp:featuredmedia":[{"embeddable":true,"href":"https:\/\/www.koonings.com\/de\/wp-json\/wp\/v2\/media\/92555"}],"wp:attachment":[{"href":"https:\/\/www.koonings.com\/de\/wp-json\/wp\/v2\/media?parent=93906"}],"wp:term":[{"taxonomy":"productdetails","embeddable":true,"href":"https:\/\/www.koonings.com\/de\/wp-json\/wp\/v2\/productdetails?post=93906"},{"taxonomy":"productneck","embeddable":true,"href":"https:\/\/www.koonings.com\/de\/wp-json\/wp\/v2\/productneck?post=93906"},{"taxonomy":"productcolor","embeddable":true,"href":"https:\/\/www.koonings.com\/de\/wp-json\/wp\/v2\/productcolor?post=93906"},{"taxonomy":"maat","embeddable":true,"href":"https:\/\/www.koonings.com\/de\/wp-json\/wp\/v2\/maat?post=93906"},{"taxonomy":"productsupplier","embeddable":true,"href":"https:\/\/www.koonings.com\/de\/wp-json\/wp\/v2\/productsupplier?post=93906"},{"taxonomy":"productsleeve","embeddable":true,"href":"https:\/\/www.koonings.com\/de\/wp-json\/wp\/v2\/productsleeve?post=93906"},{"taxonomy":"productcategory","embeddable":true,"href":"https:\/\/www.koonings.com\/de\/wp-json\/wp\/v2\/productcategory?post=93906"},{"taxonomy":"productsilhouette","embeddable":true,"href":"https:\/\/www.koonings.com\/de\/wp-json\/wp\/v2\/productsilhouette?post=93906"},{"taxonomy":"productstyle","embeddable":true,"href":"https:\/\/www.koonings.com\/de\/wp-json\/wp\/v2\/productstyle?post=93906"}],"curies":[{"name":"wp","href":"https:\/\/api.w.org\/{rel}","templated":true}]}}