{"id":93893,"date":"2026-04-21T18:42:41","date_gmt":"2026-04-21T16:42:41","guid":{"rendered":"https:\/\/www.koonings.com\/product\/azuree-braut-aiko-426-0071\/"},"modified":"2026-02-17T12:56:44","modified_gmt":"2026-02-17T11:56:44","slug":"azuree-braut-aiko-426-0071","status":"publish","type":"product","link":"https:\/\/www.koonings.com\/de\/product\/azuree-braut-aiko-426-0071\/","title":{"rendered":"Azuree Braut Aiko 426.0071"},"content":{"rendered":"<p>Dieses raffinierte Hochzeitskleid mit Spitzenoberteil und glattem Rock ist ein Traum f\u00fcr die Braut, die nach zeitloser Romantik in einem modernen Look sucht. Der tiefe V-Ausschnitt mit floralen Spitzenapplikationen und dezenten Kappen\u00e4rmeln sorgt f\u00fcr einen weichen, femininen Look. Der anliegende Krepprock folgt elegant den Linien des K\u00f6rpers und geht in eine anmutige Schleppe mit Knopfleiste am R\u00fccken \u00fcber &#8211; perfekt f\u00fcr eine elegante Silhouette. Das offene Schl\u00fcsselloch im R\u00fccken f\u00fcgt ein \u00fcberraschendes und verf\u00fchrerisches Element hinzu, w\u00e4hrend die Kombination aus Spitze und klarem Minimalismus ganz im Trend der Braut liegt.   <\/p>\n","protected":false},"featured_media":92315,"template":"","meta":{"_acf_changed":false,"ghostkit_customizer_options":"","ghostkit_custom_css":"","ghostkit_custom_js_head":"","ghostkit_custom_js_foot":"","ghostkit_typography":""},"productdetails":[379,376],"productneck":[356],"productcolor":[393,392],"maat":[],"productsupplier":[533],"productsleeve":[359,361],"productcategory":[18],"productsilhouette":[389],"productstyle":[365],"class_list":["post-93893","product","type-product","status-publish","has-post-thumbnail","hentry","productdetails-379","productdetails-376","productneck-356","productcolor-393","productcolor-392","productsupplier-azuree-bridal","productsleeve-359","productsleeve-361","productcategory-trouwjurken","productsilhouette-389","productstyle-365"],"acf":[],"yoast_head":"<!-- This site is optimized with the Yoast SEO plugin v27.3 - https:\/\/yoast.com\/product\/yoast-seo-wordpress\/ -->\n<title>Azuree Braut Aiko 426.0071 | Koonings<\/title>\n<meta name=\"description\" content=\"Dieses raffinierte Hochzeitskleid mit Spitzenoberteil und glattem Rock ist ein Traum f\u00fcr die Braut, die nach zeitloser Romantik in einem modernen Look sucht. Der tiefe V-Ausschnitt mit floralen Spitzenapplikationen und dezenten Kappen\u00e4rmeln sorgt f\u00fcr einen weichen, femininen Look. Der anliegende Krepprock folgt elegant den Linien des K\u00f6rpers und geht in eine anmutige Schleppe mit Knopfleiste am R\u00fccken \u00fcber - perfekt f\u00fcr eine elegante Silhouette. Das offene Schl\u00fcsselloch im R\u00fccken f\u00fcgt ein \u00fcberraschendes und verf\u00fchrerisches Element hinzu, w\u00e4hrend die Kombination aus Spitze und klarem Minimalismus ganz im Trend der Braut liegt.\" \/>\n<meta name=\"robots\" content=\"index, follow, max-snippet:-1, max-image-preview:large, max-video-preview:-1\" \/>\n<link rel=\"canonical\" href=\"https:\/\/www.koonings.com\/de\/product\/azuree-braut-aiko-426-0071\/\" \/>\n<meta property=\"og:locale\" content=\"de_DE\" \/>\n<meta property=\"og:type\" content=\"article\" \/>\n<meta property=\"og:title\" content=\"Azuree Braut Aiko 426.0071 | Koonings\" \/>\n<meta property=\"og:description\" content=\"Dieses raffinierte Hochzeitskleid mit Spitzenoberteil und glattem Rock ist ein Traum f\u00fcr die Braut, die nach zeitloser Romantik in einem modernen Look sucht. Der tiefe V-Ausschnitt mit floralen Spitzenapplikationen und dezenten Kappen\u00e4rmeln sorgt f\u00fcr einen weichen, femininen Look. Der anliegende Krepprock folgt elegant den Linien des K\u00f6rpers und geht in eine anmutige Schleppe mit Knopfleiste am R\u00fccken \u00fcber - perfekt f\u00fcr eine elegante Silhouette. Das offene Schl\u00fcsselloch im R\u00fccken f\u00fcgt ein \u00fcberraschendes und verf\u00fchrerisches Element hinzu, w\u00e4hrend die Kombination aus Spitze und klarem Minimalismus ganz im Trend der Braut liegt.\" \/>\n<meta property=\"og:url\" content=\"https:\/\/www.koonings.com\/de\/product\/azuree-braut-aiko-426-0071\/\" \/>\n<meta property=\"og:site_name\" content=\"Koonings\" \/>\n<meta property=\"article:publisher\" content=\"https:\/\/www.facebook.com\/kooningstheweddingpalace\" \/>\n<meta property=\"og:image\" content=\"https:\/\/www.koonings.com\/wp-content\/uploads\/2025\/09\/51464_45cf92d3db8df42db7c82b988ee5183f10e991b5df2a21315bc5c14f6c2524e3a277a4c9.jpeg\" \/>\n\t<meta property=\"og:image:width\" content=\"1697\" \/>\n\t<meta property=\"og:image:height\" content=\"2396\" \/>\n\t<meta property=\"og:image:type\" content=\"image\/jpeg\" \/>\n<meta name=\"twitter:card\" content=\"summary_large_image\" \/>\n<meta name=\"twitter:label1\" content=\"Gesch\u00e4tzte Lesezeit\" \/>\n\t<meta name=\"twitter:data1\" content=\"1\u00a0Minute\" \/>\n<script type=\"application\/ld+json\" class=\"yoast-schema-graph\">{\"@context\":\"https:\\\/\\\/schema.org\",\"@graph\":[{\"@type\":\"WebPage\",\"@id\":\"https:\\\/\\\/www.koonings.com\\\/de\\\/product\\\/azuree-braut-aiko-426-0071\\\/\",\"url\":\"https:\\\/\\\/www.koonings.com\\\/de\\\/product\\\/azuree-braut-aiko-426-0071\\\/\",\"name\":\"Azuree Braut Aiko 426.0071 | Koonings\",\"isPartOf\":{\"@id\":\"https:\\\/\\\/www.koonings.com\\\/de\\\/#website\"},\"primaryImageOfPage\":{\"@id\":\"https:\\\/\\\/www.koonings.com\\\/de\\\/product\\\/azuree-braut-aiko-426-0071\\\/#primaryimage\"},\"image\":{\"@id\":\"https:\\\/\\\/www.koonings.com\\\/de\\\/product\\\/azuree-braut-aiko-426-0071\\\/#primaryimage\"},\"thumbnailUrl\":\"https:\\\/\\\/www.koonings.com\\\/wp-content\\\/uploads\\\/2025\\\/09\\\/51464_45cf92d3db8df42db7c82b988ee5183f10e991b5df2a21315bc5c14f6c2524e3a277a4c9.jpeg\",\"datePublished\":\"2026-04-21T16:42:41+00:00\",\"description\":\"Dieses raffinierte Hochzeitskleid mit Spitzenoberteil und glattem Rock ist ein Traum f\u00fcr die Braut, die nach zeitloser Romantik in einem modernen Look sucht. Der tiefe V-Ausschnitt mit floralen Spitzenapplikationen und dezenten Kappen\u00e4rmeln sorgt f\u00fcr einen weichen, femininen Look. Der anliegende Krepprock folgt elegant den Linien des K\u00f6rpers und geht in eine anmutige Schleppe mit Knopfleiste am R\u00fccken \u00fcber - perfekt f\u00fcr eine elegante Silhouette. Das offene Schl\u00fcsselloch im R\u00fccken f\u00fcgt ein \u00fcberraschendes und verf\u00fchrerisches Element hinzu, w\u00e4hrend die Kombination aus Spitze und klarem Minimalismus ganz im Trend der Braut liegt.\",\"breadcrumb\":{\"@id\":\"https:\\\/\\\/www.koonings.com\\\/de\\\/product\\\/azuree-braut-aiko-426-0071\\\/#breadcrumb\"},\"inLanguage\":\"de\",\"potentialAction\":[{\"@type\":\"ReadAction\",\"target\":[\"https:\\\/\\\/www.koonings.com\\\/de\\\/product\\\/azuree-braut-aiko-426-0071\\\/\"]}]},{\"@type\":\"ImageObject\",\"inLanguage\":\"de\",\"@id\":\"https:\\\/\\\/www.koonings.com\\\/de\\\/product\\\/azuree-braut-aiko-426-0071\\\/#primaryimage\",\"url\":\"https:\\\/\\\/www.koonings.com\\\/wp-content\\\/uploads\\\/2025\\\/09\\\/51464_45cf92d3db8df42db7c82b988ee5183f10e991b5df2a21315bc5c14f6c2524e3a277a4c9.jpeg\",\"contentUrl\":\"https:\\\/\\\/www.koonings.com\\\/wp-content\\\/uploads\\\/2025\\\/09\\\/51464_45cf92d3db8df42db7c82b988ee5183f10e991b5df2a21315bc5c14f6c2524e3a277a4c9.jpeg\",\"width\":1697,\"height\":2396},{\"@type\":\"BreadcrumbList\",\"@id\":\"https:\\\/\\\/www.koonings.com\\\/de\\\/product\\\/azuree-braut-aiko-426-0071\\\/#breadcrumb\",\"itemListElement\":[{\"@type\":\"ListItem\",\"position\":1,\"name\":\"Home\",\"item\":\"https:\\\/\\\/www.koonings.com\\\/de\\\/\"},{\"@type\":\"ListItem\",\"position\":2,\"name\":\"Azuree Braut Aiko 426.0071\"}]},{\"@type\":\"WebSite\",\"@id\":\"https:\\\/\\\/www.koonings.com\\\/de\\\/#website\",\"url\":\"https:\\\/\\\/www.koonings.com\\\/de\\\/\",\"name\":\"Koonings\",\"description\":\"De grootste bruidsmodewinkel ter wereld\",\"publisher\":{\"@id\":\"https:\\\/\\\/www.koonings.com\\\/de\\\/#organization\"},\"potentialAction\":[{\"@type\":\"SearchAction\",\"target\":{\"@type\":\"EntryPoint\",\"urlTemplate\":\"https:\\\/\\\/www.koonings.com\\\/de\\\/?s={search_term_string}\"},\"query-input\":{\"@type\":\"PropertyValueSpecification\",\"valueRequired\":true,\"valueName\":\"search_term_string\"}}],\"inLanguage\":\"de\"},{\"@type\":\"Organization\",\"@id\":\"https:\\\/\\\/www.koonings.com\\\/de\\\/#organization\",\"name\":\"Koonings\",\"url\":\"https:\\\/\\\/www.koonings.com\\\/de\\\/\",\"logo\":{\"@type\":\"ImageObject\",\"inLanguage\":\"de\",\"@id\":\"https:\\\/\\\/www.koonings.com\\\/de\\\/#\\\/schema\\\/logo\\\/image\\\/\",\"url\":\"https:\\\/\\\/www.koonings.com\\\/wp-content\\\/uploads\\\/2024\\\/07\\\/logo.png\",\"contentUrl\":\"https:\\\/\\\/www.koonings.com\\\/wp-content\\\/uploads\\\/2024\\\/07\\\/logo.png\",\"width\":600,\"height\":428,\"caption\":\"Koonings\"},\"image\":{\"@id\":\"https:\\\/\\\/www.koonings.com\\\/de\\\/#\\\/schema\\\/logo\\\/image\\\/\"},\"sameAs\":[\"https:\\\/\\\/www.facebook.com\\\/kooningstheweddingpalace\",\"https:\\\/\\\/www.instagram.com\\\/kooningstheweddingpalace\",\"https:\\\/\\\/www.pinterest.com\\\/koonings\",\"https:\\\/\\\/www.youtube.com\\\/kooningstheweddingpalace\"]}]}<\/script>\n<!-- \/ Yoast SEO plugin. -->","yoast_head_json":{"title":"Azuree Braut Aiko 426.0071 | Koonings","description":"Dieses raffinierte Hochzeitskleid mit Spitzenoberteil und glattem Rock ist ein Traum f\u00fcr die Braut, die nach zeitloser Romantik in einem modernen Look sucht. Der tiefe V-Ausschnitt mit floralen Spitzenapplikationen und dezenten Kappen\u00e4rmeln sorgt f\u00fcr einen weichen, femininen Look. Der anliegende Krepprock folgt elegant den Linien des K\u00f6rpers und geht in eine anmutige Schleppe mit Knopfleiste am R\u00fccken \u00fcber - perfekt f\u00fcr eine elegante Silhouette. Das offene Schl\u00fcsselloch im R\u00fccken f\u00fcgt ein \u00fcberraschendes und verf\u00fchrerisches Element hinzu, w\u00e4hrend die Kombination aus Spitze und klarem Minimalismus ganz im Trend der Braut liegt.","robots":{"index":"index","follow":"follow","max-snippet":"max-snippet:-1","max-image-preview":"max-image-preview:large","max-video-preview":"max-video-preview:-1"},"canonical":"https:\/\/www.koonings.com\/de\/product\/azuree-braut-aiko-426-0071\/","og_locale":"de_DE","og_type":"article","og_title":"Azuree Braut Aiko 426.0071 | Koonings","og_description":"Dieses raffinierte Hochzeitskleid mit Spitzenoberteil und glattem Rock ist ein Traum f\u00fcr die Braut, die nach zeitloser Romantik in einem modernen Look sucht. Der tiefe V-Ausschnitt mit floralen Spitzenapplikationen und dezenten Kappen\u00e4rmeln sorgt f\u00fcr einen weichen, femininen Look. Der anliegende Krepprock folgt elegant den Linien des K\u00f6rpers und geht in eine anmutige Schleppe mit Knopfleiste am R\u00fccken \u00fcber - perfekt f\u00fcr eine elegante Silhouette. Das offene Schl\u00fcsselloch im R\u00fccken f\u00fcgt ein \u00fcberraschendes und verf\u00fchrerisches Element hinzu, w\u00e4hrend die Kombination aus Spitze und klarem Minimalismus ganz im Trend der Braut liegt.","og_url":"https:\/\/www.koonings.com\/de\/product\/azuree-braut-aiko-426-0071\/","og_site_name":"Koonings","article_publisher":"https:\/\/www.facebook.com\/kooningstheweddingpalace","og_image":[{"width":1697,"height":2396,"url":"https:\/\/www.koonings.com\/wp-content\/uploads\/2025\/09\/51464_45cf92d3db8df42db7c82b988ee5183f10e991b5df2a21315bc5c14f6c2524e3a277a4c9.jpeg","type":"image\/jpeg"}],"twitter_card":"summary_large_image","twitter_misc":{"Gesch\u00e4tzte Lesezeit":"1\u00a0Minute"},"schema":{"@context":"https:\/\/schema.org","@graph":[{"@type":"WebPage","@id":"https:\/\/www.koonings.com\/de\/product\/azuree-braut-aiko-426-0071\/","url":"https:\/\/www.koonings.com\/de\/product\/azuree-braut-aiko-426-0071\/","name":"Azuree Braut Aiko 426.0071 | Koonings","isPartOf":{"@id":"https:\/\/www.koonings.com\/de\/#website"},"primaryImageOfPage":{"@id":"https:\/\/www.koonings.com\/de\/product\/azuree-braut-aiko-426-0071\/#primaryimage"},"image":{"@id":"https:\/\/www.koonings.com\/de\/product\/azuree-braut-aiko-426-0071\/#primaryimage"},"thumbnailUrl":"https:\/\/www.koonings.com\/wp-content\/uploads\/2025\/09\/51464_45cf92d3db8df42db7c82b988ee5183f10e991b5df2a21315bc5c14f6c2524e3a277a4c9.jpeg","datePublished":"2026-04-21T16:42:41+00:00","description":"Dieses raffinierte Hochzeitskleid mit Spitzenoberteil und glattem Rock ist ein Traum f\u00fcr die Braut, die nach zeitloser Romantik in einem modernen Look sucht. Der tiefe V-Ausschnitt mit floralen Spitzenapplikationen und dezenten Kappen\u00e4rmeln sorgt f\u00fcr einen weichen, femininen Look. Der anliegende Krepprock folgt elegant den Linien des K\u00f6rpers und geht in eine anmutige Schleppe mit Knopfleiste am R\u00fccken \u00fcber - perfekt f\u00fcr eine elegante Silhouette. Das offene Schl\u00fcsselloch im R\u00fccken f\u00fcgt ein \u00fcberraschendes und verf\u00fchrerisches Element hinzu, w\u00e4hrend die Kombination aus Spitze und klarem Minimalismus ganz im Trend der Braut liegt.","breadcrumb":{"@id":"https:\/\/www.koonings.com\/de\/product\/azuree-braut-aiko-426-0071\/#breadcrumb"},"inLanguage":"de","potentialAction":[{"@type":"ReadAction","target":["https:\/\/www.koonings.com\/de\/product\/azuree-braut-aiko-426-0071\/"]}]},{"@type":"ImageObject","inLanguage":"de","@id":"https:\/\/www.koonings.com\/de\/product\/azuree-braut-aiko-426-0071\/#primaryimage","url":"https:\/\/www.koonings.com\/wp-content\/uploads\/2025\/09\/51464_45cf92d3db8df42db7c82b988ee5183f10e991b5df2a21315bc5c14f6c2524e3a277a4c9.jpeg","contentUrl":"https:\/\/www.koonings.com\/wp-content\/uploads\/2025\/09\/51464_45cf92d3db8df42db7c82b988ee5183f10e991b5df2a21315bc5c14f6c2524e3a277a4c9.jpeg","width":1697,"height":2396},{"@type":"BreadcrumbList","@id":"https:\/\/www.koonings.com\/de\/product\/azuree-braut-aiko-426-0071\/#breadcrumb","itemListElement":[{"@type":"ListItem","position":1,"name":"Home","item":"https:\/\/www.koonings.com\/de\/"},{"@type":"ListItem","position":2,"name":"Azuree Braut Aiko 426.0071"}]},{"@type":"WebSite","@id":"https:\/\/www.koonings.com\/de\/#website","url":"https:\/\/www.koonings.com\/de\/","name":"Koonings","description":"De grootste bruidsmodewinkel ter wereld","publisher":{"@id":"https:\/\/www.koonings.com\/de\/#organization"},"potentialAction":[{"@type":"SearchAction","target":{"@type":"EntryPoint","urlTemplate":"https:\/\/www.koonings.com\/de\/?s={search_term_string}"},"query-input":{"@type":"PropertyValueSpecification","valueRequired":true,"valueName":"search_term_string"}}],"inLanguage":"de"},{"@type":"Organization","@id":"https:\/\/www.koonings.com\/de\/#organization","name":"Koonings","url":"https:\/\/www.koonings.com\/de\/","logo":{"@type":"ImageObject","inLanguage":"de","@id":"https:\/\/www.koonings.com\/de\/#\/schema\/logo\/image\/","url":"https:\/\/www.koonings.com\/wp-content\/uploads\/2024\/07\/logo.png","contentUrl":"https:\/\/www.koonings.com\/wp-content\/uploads\/2024\/07\/logo.png","width":600,"height":428,"caption":"Koonings"},"image":{"@id":"https:\/\/www.koonings.com\/de\/#\/schema\/logo\/image\/"},"sameAs":["https:\/\/www.facebook.com\/kooningstheweddingpalace","https:\/\/www.instagram.com\/kooningstheweddingpalace","https:\/\/www.pinterest.com\/koonings","https:\/\/www.youtube.com\/kooningstheweddingpalace"]}]}},"_links":{"self":[{"href":"https:\/\/www.koonings.com\/de\/wp-json\/wp\/v2\/product\/93893","targetHints":{"allow":["GET"]}}],"collection":[{"href":"https:\/\/www.koonings.com\/de\/wp-json\/wp\/v2\/product"}],"about":[{"href":"https:\/\/www.koonings.com\/de\/wp-json\/wp\/v2\/types\/product"}],"wp:featuredmedia":[{"embeddable":true,"href":"https:\/\/www.koonings.com\/de\/wp-json\/wp\/v2\/media\/92315"}],"wp:attachment":[{"href":"https:\/\/www.koonings.com\/de\/wp-json\/wp\/v2\/media?parent=93893"}],"wp:term":[{"taxonomy":"productdetails","embeddable":true,"href":"https:\/\/www.koonings.com\/de\/wp-json\/wp\/v2\/productdetails?post=93893"},{"taxonomy":"productneck","embeddable":true,"href":"https:\/\/www.koonings.com\/de\/wp-json\/wp\/v2\/productneck?post=93893"},{"taxonomy":"productcolor","embeddable":true,"href":"https:\/\/www.koonings.com\/de\/wp-json\/wp\/v2\/productcolor?post=93893"},{"taxonomy":"maat","embeddable":true,"href":"https:\/\/www.koonings.com\/de\/wp-json\/wp\/v2\/maat?post=93893"},{"taxonomy":"productsupplier","embeddable":true,"href":"https:\/\/www.koonings.com\/de\/wp-json\/wp\/v2\/productsupplier?post=93893"},{"taxonomy":"productsleeve","embeddable":true,"href":"https:\/\/www.koonings.com\/de\/wp-json\/wp\/v2\/productsleeve?post=93893"},{"taxonomy":"productcategory","embeddable":true,"href":"https:\/\/www.koonings.com\/de\/wp-json\/wp\/v2\/productcategory?post=93893"},{"taxonomy":"productsilhouette","embeddable":true,"href":"https:\/\/www.koonings.com\/de\/wp-json\/wp\/v2\/productsilhouette?post=93893"},{"taxonomy":"productstyle","embeddable":true,"href":"https:\/\/www.koonings.com\/de\/wp-json\/wp\/v2\/productstyle?post=93893"}],"curies":[{"name":"wp","href":"https:\/\/api.w.org\/{rel}","templated":true}]}}