{"id":93883,"date":"2026-04-28T18:40:27","date_gmt":"2026-04-28T16:40:27","guid":{"rendered":"https:\/\/www.koonings.com\/product\/azuree-braut-abby-426-0011\/"},"modified":"2026-02-17T12:52:42","modified_gmt":"2026-02-17T11:52:42","slug":"azuree-braut-abby-426-0011","status":"publish","type":"product","link":"https:\/\/www.koonings.com\/de\/product\/azuree-braut-abby-426-0011\/","title":{"rendered":"Azuree Braut Abby 426.0011"},"content":{"rendered":"<p>Das Abby Hochzeitskleid ist ein Statement f\u00fcr die Braut, die auffallen m\u00f6chte. Dieses Kleid kombiniert einen tr\u00e4gerlosen tiefen Ausschnitt mit einem wundersch\u00f6nen Spitzenmieder und abnehmbaren \u00c4rmeln f\u00fcr einen vielseitigen Look. Der Krepprock passt sich dem K\u00f6rper perfekt an und geht in eine wundersch\u00f6ne Illusionsschleppe \u00fcber, die einen Hauch von Romantik verleiht. Die Kombination aus zarter Spitze und modernen, klaren Linien macht dieses Kleid perfekt f\u00fcr die selbstbewusste Braut, die nach etwas Besonderem sucht. Abby bietet die ideale Mischung aus Eleganz und Dramatik, die zweifellos einen unvergesslichen Eindruck an Ihrem Hochzeitstag hinterlassen wird.    <\/p>\n","protected":false},"featured_media":92287,"template":"","meta":{"_acf_changed":false,"ghostkit_customizer_options":"","ghostkit_custom_css":"","ghostkit_custom_js_head":"","ghostkit_custom_js_foot":"","ghostkit_typography":""},"productdetails":[376],"productneck":[354],"productcolor":[393,392],"maat":[],"productsupplier":[533],"productsleeve":[357,362],"productcategory":[18],"productsilhouette":[389],"productstyle":[371,366],"class_list":["post-93883","product","type-product","status-publish","has-post-thumbnail","hentry","productdetails-376","productneck-354","productcolor-393","productcolor-392","productsupplier-azuree-bridal","productsleeve-357","productsleeve-362","productcategory-trouwjurken","productsilhouette-389","productstyle-371","productstyle-366"],"acf":[],"yoast_head":"<!-- This site is optimized with the Yoast SEO plugin v27.3 - https:\/\/yoast.com\/product\/yoast-seo-wordpress\/ -->\n<title>Azuree Braut Abby 426.0011 | Koonings<\/title>\n<meta name=\"description\" content=\"Das Abby Hochzeitskleid ist ein Statement f\u00fcr die Braut, die auffallen m\u00f6chte. Dieses Kleid kombiniert einen tr\u00e4gerlosen tiefen Ausschnitt mit einem wundersch\u00f6nen Spitzenmieder und abnehmbaren \u00c4rmeln f\u00fcr einen vielseitigen Look. Der Krepprock passt sich dem K\u00f6rper perfekt an und geht in eine wundersch\u00f6ne Illusionsschleppe \u00fcber, die einen Hauch von Romantik verleiht. Die Kombination aus zarter Spitze und modernen, klaren Linien macht dieses Kleid perfekt f\u00fcr die selbstbewusste Braut, die nach etwas Besonderem sucht. Abby bietet die ideale Mischung aus Eleganz und Dramatik, die zweifellos einen unvergesslichen Eindruck an Ihrem Hochzeitstag hinterlassen wird.\" \/>\n<meta name=\"robots\" content=\"index, follow, max-snippet:-1, max-image-preview:large, max-video-preview:-1\" \/>\n<link rel=\"canonical\" href=\"https:\/\/www.koonings.com\/de\/product\/azuree-braut-abby-426-0011\/\" \/>\n<meta property=\"og:locale\" content=\"de_DE\" \/>\n<meta property=\"og:type\" content=\"article\" \/>\n<meta property=\"og:title\" content=\"Azuree Braut Abby 426.0011 | Koonings\" \/>\n<meta property=\"og:description\" content=\"Das Abby Hochzeitskleid ist ein Statement f\u00fcr die Braut, die auffallen m\u00f6chte. Dieses Kleid kombiniert einen tr\u00e4gerlosen tiefen Ausschnitt mit einem wundersch\u00f6nen Spitzenmieder und abnehmbaren \u00c4rmeln f\u00fcr einen vielseitigen Look. Der Krepprock passt sich dem K\u00f6rper perfekt an und geht in eine wundersch\u00f6ne Illusionsschleppe \u00fcber, die einen Hauch von Romantik verleiht. Die Kombination aus zarter Spitze und modernen, klaren Linien macht dieses Kleid perfekt f\u00fcr die selbstbewusste Braut, die nach etwas Besonderem sucht. Abby bietet die ideale Mischung aus Eleganz und Dramatik, die zweifellos einen unvergesslichen Eindruck an Ihrem Hochzeitstag hinterlassen wird.\" \/>\n<meta property=\"og:url\" content=\"https:\/\/www.koonings.com\/de\/product\/azuree-braut-abby-426-0011\/\" \/>\n<meta property=\"og:site_name\" content=\"Koonings\" \/>\n<meta property=\"article:publisher\" content=\"https:\/\/www.facebook.com\/kooningstheweddingpalace\" \/>\n<meta property=\"og:image\" content=\"https:\/\/www.koonings.com\/wp-content\/uploads\/2025\/09\/51460_840878a3c31d50c30d270df4ae16a61844befb59d3b82ce3fc278e0f41bd95e9273e637f.jpeg\" \/>\n\t<meta property=\"og:image:width\" content=\"1467\" \/>\n\t<meta property=\"og:image:height\" content=\"2073\" \/>\n\t<meta property=\"og:image:type\" content=\"image\/jpeg\" \/>\n<meta name=\"twitter:card\" content=\"summary_large_image\" \/>\n<meta name=\"twitter:label1\" content=\"Gesch\u00e4tzte Lesezeit\" \/>\n\t<meta name=\"twitter:data1\" content=\"1\u00a0Minute\" \/>\n<script type=\"application\/ld+json\" class=\"yoast-schema-graph\">{\"@context\":\"https:\\\/\\\/schema.org\",\"@graph\":[{\"@type\":\"WebPage\",\"@id\":\"https:\\\/\\\/www.koonings.com\\\/de\\\/product\\\/azuree-braut-abby-426-0011\\\/\",\"url\":\"https:\\\/\\\/www.koonings.com\\\/de\\\/product\\\/azuree-braut-abby-426-0011\\\/\",\"name\":\"Azuree Braut Abby 426.0011 | Koonings\",\"isPartOf\":{\"@id\":\"https:\\\/\\\/www.koonings.com\\\/de\\\/#website\"},\"primaryImageOfPage\":{\"@id\":\"https:\\\/\\\/www.koonings.com\\\/de\\\/product\\\/azuree-braut-abby-426-0011\\\/#primaryimage\"},\"image\":{\"@id\":\"https:\\\/\\\/www.koonings.com\\\/de\\\/product\\\/azuree-braut-abby-426-0011\\\/#primaryimage\"},\"thumbnailUrl\":\"https:\\\/\\\/www.koonings.com\\\/wp-content\\\/uploads\\\/2025\\\/09\\\/51460_840878a3c31d50c30d270df4ae16a61844befb59d3b82ce3fc278e0f41bd95e9273e637f.jpeg\",\"datePublished\":\"2026-04-28T16:40:27+00:00\",\"description\":\"Das Abby Hochzeitskleid ist ein Statement f\u00fcr die Braut, die auffallen m\u00f6chte. Dieses Kleid kombiniert einen tr\u00e4gerlosen tiefen Ausschnitt mit einem wundersch\u00f6nen Spitzenmieder und abnehmbaren \u00c4rmeln f\u00fcr einen vielseitigen Look. Der Krepprock passt sich dem K\u00f6rper perfekt an und geht in eine wundersch\u00f6ne Illusionsschleppe \u00fcber, die einen Hauch von Romantik verleiht. Die Kombination aus zarter Spitze und modernen, klaren Linien macht dieses Kleid perfekt f\u00fcr die selbstbewusste Braut, die nach etwas Besonderem sucht. Abby bietet die ideale Mischung aus Eleganz und Dramatik, die zweifellos einen unvergesslichen Eindruck an Ihrem Hochzeitstag hinterlassen wird.\",\"breadcrumb\":{\"@id\":\"https:\\\/\\\/www.koonings.com\\\/de\\\/product\\\/azuree-braut-abby-426-0011\\\/#breadcrumb\"},\"inLanguage\":\"de\",\"potentialAction\":[{\"@type\":\"ReadAction\",\"target\":[\"https:\\\/\\\/www.koonings.com\\\/de\\\/product\\\/azuree-braut-abby-426-0011\\\/\"]}]},{\"@type\":\"ImageObject\",\"inLanguage\":\"de\",\"@id\":\"https:\\\/\\\/www.koonings.com\\\/de\\\/product\\\/azuree-braut-abby-426-0011\\\/#primaryimage\",\"url\":\"https:\\\/\\\/www.koonings.com\\\/wp-content\\\/uploads\\\/2025\\\/09\\\/51460_840878a3c31d50c30d270df4ae16a61844befb59d3b82ce3fc278e0f41bd95e9273e637f.jpeg\",\"contentUrl\":\"https:\\\/\\\/www.koonings.com\\\/wp-content\\\/uploads\\\/2025\\\/09\\\/51460_840878a3c31d50c30d270df4ae16a61844befb59d3b82ce3fc278e0f41bd95e9273e637f.jpeg\",\"width\":1467,\"height\":2073},{\"@type\":\"BreadcrumbList\",\"@id\":\"https:\\\/\\\/www.koonings.com\\\/de\\\/product\\\/azuree-braut-abby-426-0011\\\/#breadcrumb\",\"itemListElement\":[{\"@type\":\"ListItem\",\"position\":1,\"name\":\"Home\",\"item\":\"https:\\\/\\\/www.koonings.com\\\/de\\\/\"},{\"@type\":\"ListItem\",\"position\":2,\"name\":\"Azuree Braut Abby 426.0011\"}]},{\"@type\":\"WebSite\",\"@id\":\"https:\\\/\\\/www.koonings.com\\\/de\\\/#website\",\"url\":\"https:\\\/\\\/www.koonings.com\\\/de\\\/\",\"name\":\"Koonings\",\"description\":\"De grootste bruidsmodewinkel ter wereld\",\"publisher\":{\"@id\":\"https:\\\/\\\/www.koonings.com\\\/de\\\/#organization\"},\"potentialAction\":[{\"@type\":\"SearchAction\",\"target\":{\"@type\":\"EntryPoint\",\"urlTemplate\":\"https:\\\/\\\/www.koonings.com\\\/de\\\/?s={search_term_string}\"},\"query-input\":{\"@type\":\"PropertyValueSpecification\",\"valueRequired\":true,\"valueName\":\"search_term_string\"}}],\"inLanguage\":\"de\"},{\"@type\":\"Organization\",\"@id\":\"https:\\\/\\\/www.koonings.com\\\/de\\\/#organization\",\"name\":\"Koonings\",\"url\":\"https:\\\/\\\/www.koonings.com\\\/de\\\/\",\"logo\":{\"@type\":\"ImageObject\",\"inLanguage\":\"de\",\"@id\":\"https:\\\/\\\/www.koonings.com\\\/de\\\/#\\\/schema\\\/logo\\\/image\\\/\",\"url\":\"https:\\\/\\\/www.koonings.com\\\/wp-content\\\/uploads\\\/2024\\\/07\\\/logo.png\",\"contentUrl\":\"https:\\\/\\\/www.koonings.com\\\/wp-content\\\/uploads\\\/2024\\\/07\\\/logo.png\",\"width\":600,\"height\":428,\"caption\":\"Koonings\"},\"image\":{\"@id\":\"https:\\\/\\\/www.koonings.com\\\/de\\\/#\\\/schema\\\/logo\\\/image\\\/\"},\"sameAs\":[\"https:\\\/\\\/www.facebook.com\\\/kooningstheweddingpalace\",\"https:\\\/\\\/www.instagram.com\\\/kooningstheweddingpalace\",\"https:\\\/\\\/www.pinterest.com\\\/koonings\",\"https:\\\/\\\/www.youtube.com\\\/kooningstheweddingpalace\"]}]}<\/script>\n<!-- \/ Yoast SEO plugin. -->","yoast_head_json":{"title":"Azuree Braut Abby 426.0011 | Koonings","description":"Das Abby Hochzeitskleid ist ein Statement f\u00fcr die Braut, die auffallen m\u00f6chte. Dieses Kleid kombiniert einen tr\u00e4gerlosen tiefen Ausschnitt mit einem wundersch\u00f6nen Spitzenmieder und abnehmbaren \u00c4rmeln f\u00fcr einen vielseitigen Look. Der Krepprock passt sich dem K\u00f6rper perfekt an und geht in eine wundersch\u00f6ne Illusionsschleppe \u00fcber, die einen Hauch von Romantik verleiht. Die Kombination aus zarter Spitze und modernen, klaren Linien macht dieses Kleid perfekt f\u00fcr die selbstbewusste Braut, die nach etwas Besonderem sucht. Abby bietet die ideale Mischung aus Eleganz und Dramatik, die zweifellos einen unvergesslichen Eindruck an Ihrem Hochzeitstag hinterlassen wird.","robots":{"index":"index","follow":"follow","max-snippet":"max-snippet:-1","max-image-preview":"max-image-preview:large","max-video-preview":"max-video-preview:-1"},"canonical":"https:\/\/www.koonings.com\/de\/product\/azuree-braut-abby-426-0011\/","og_locale":"de_DE","og_type":"article","og_title":"Azuree Braut Abby 426.0011 | Koonings","og_description":"Das Abby Hochzeitskleid ist ein Statement f\u00fcr die Braut, die auffallen m\u00f6chte. Dieses Kleid kombiniert einen tr\u00e4gerlosen tiefen Ausschnitt mit einem wundersch\u00f6nen Spitzenmieder und abnehmbaren \u00c4rmeln f\u00fcr einen vielseitigen Look. Der Krepprock passt sich dem K\u00f6rper perfekt an und geht in eine wundersch\u00f6ne Illusionsschleppe \u00fcber, die einen Hauch von Romantik verleiht. Die Kombination aus zarter Spitze und modernen, klaren Linien macht dieses Kleid perfekt f\u00fcr die selbstbewusste Braut, die nach etwas Besonderem sucht. Abby bietet die ideale Mischung aus Eleganz und Dramatik, die zweifellos einen unvergesslichen Eindruck an Ihrem Hochzeitstag hinterlassen wird.","og_url":"https:\/\/www.koonings.com\/de\/product\/azuree-braut-abby-426-0011\/","og_site_name":"Koonings","article_publisher":"https:\/\/www.facebook.com\/kooningstheweddingpalace","og_image":[{"width":1467,"height":2073,"url":"https:\/\/www.koonings.com\/wp-content\/uploads\/2025\/09\/51460_840878a3c31d50c30d270df4ae16a61844befb59d3b82ce3fc278e0f41bd95e9273e637f.jpeg","type":"image\/jpeg"}],"twitter_card":"summary_large_image","twitter_misc":{"Gesch\u00e4tzte Lesezeit":"1\u00a0Minute"},"schema":{"@context":"https:\/\/schema.org","@graph":[{"@type":"WebPage","@id":"https:\/\/www.koonings.com\/de\/product\/azuree-braut-abby-426-0011\/","url":"https:\/\/www.koonings.com\/de\/product\/azuree-braut-abby-426-0011\/","name":"Azuree Braut Abby 426.0011 | Koonings","isPartOf":{"@id":"https:\/\/www.koonings.com\/de\/#website"},"primaryImageOfPage":{"@id":"https:\/\/www.koonings.com\/de\/product\/azuree-braut-abby-426-0011\/#primaryimage"},"image":{"@id":"https:\/\/www.koonings.com\/de\/product\/azuree-braut-abby-426-0011\/#primaryimage"},"thumbnailUrl":"https:\/\/www.koonings.com\/wp-content\/uploads\/2025\/09\/51460_840878a3c31d50c30d270df4ae16a61844befb59d3b82ce3fc278e0f41bd95e9273e637f.jpeg","datePublished":"2026-04-28T16:40:27+00:00","description":"Das Abby Hochzeitskleid ist ein Statement f\u00fcr die Braut, die auffallen m\u00f6chte. Dieses Kleid kombiniert einen tr\u00e4gerlosen tiefen Ausschnitt mit einem wundersch\u00f6nen Spitzenmieder und abnehmbaren \u00c4rmeln f\u00fcr einen vielseitigen Look. Der Krepprock passt sich dem K\u00f6rper perfekt an und geht in eine wundersch\u00f6ne Illusionsschleppe \u00fcber, die einen Hauch von Romantik verleiht. Die Kombination aus zarter Spitze und modernen, klaren Linien macht dieses Kleid perfekt f\u00fcr die selbstbewusste Braut, die nach etwas Besonderem sucht. Abby bietet die ideale Mischung aus Eleganz und Dramatik, die zweifellos einen unvergesslichen Eindruck an Ihrem Hochzeitstag hinterlassen wird.","breadcrumb":{"@id":"https:\/\/www.koonings.com\/de\/product\/azuree-braut-abby-426-0011\/#breadcrumb"},"inLanguage":"de","potentialAction":[{"@type":"ReadAction","target":["https:\/\/www.koonings.com\/de\/product\/azuree-braut-abby-426-0011\/"]}]},{"@type":"ImageObject","inLanguage":"de","@id":"https:\/\/www.koonings.com\/de\/product\/azuree-braut-abby-426-0011\/#primaryimage","url":"https:\/\/www.koonings.com\/wp-content\/uploads\/2025\/09\/51460_840878a3c31d50c30d270df4ae16a61844befb59d3b82ce3fc278e0f41bd95e9273e637f.jpeg","contentUrl":"https:\/\/www.koonings.com\/wp-content\/uploads\/2025\/09\/51460_840878a3c31d50c30d270df4ae16a61844befb59d3b82ce3fc278e0f41bd95e9273e637f.jpeg","width":1467,"height":2073},{"@type":"BreadcrumbList","@id":"https:\/\/www.koonings.com\/de\/product\/azuree-braut-abby-426-0011\/#breadcrumb","itemListElement":[{"@type":"ListItem","position":1,"name":"Home","item":"https:\/\/www.koonings.com\/de\/"},{"@type":"ListItem","position":2,"name":"Azuree Braut Abby 426.0011"}]},{"@type":"WebSite","@id":"https:\/\/www.koonings.com\/de\/#website","url":"https:\/\/www.koonings.com\/de\/","name":"Koonings","description":"De grootste bruidsmodewinkel ter wereld","publisher":{"@id":"https:\/\/www.koonings.com\/de\/#organization"},"potentialAction":[{"@type":"SearchAction","target":{"@type":"EntryPoint","urlTemplate":"https:\/\/www.koonings.com\/de\/?s={search_term_string}"},"query-input":{"@type":"PropertyValueSpecification","valueRequired":true,"valueName":"search_term_string"}}],"inLanguage":"de"},{"@type":"Organization","@id":"https:\/\/www.koonings.com\/de\/#organization","name":"Koonings","url":"https:\/\/www.koonings.com\/de\/","logo":{"@type":"ImageObject","inLanguage":"de","@id":"https:\/\/www.koonings.com\/de\/#\/schema\/logo\/image\/","url":"https:\/\/www.koonings.com\/wp-content\/uploads\/2024\/07\/logo.png","contentUrl":"https:\/\/www.koonings.com\/wp-content\/uploads\/2024\/07\/logo.png","width":600,"height":428,"caption":"Koonings"},"image":{"@id":"https:\/\/www.koonings.com\/de\/#\/schema\/logo\/image\/"},"sameAs":["https:\/\/www.facebook.com\/kooningstheweddingpalace","https:\/\/www.instagram.com\/kooningstheweddingpalace","https:\/\/www.pinterest.com\/koonings","https:\/\/www.youtube.com\/kooningstheweddingpalace"]}]}},"_links":{"self":[{"href":"https:\/\/www.koonings.com\/de\/wp-json\/wp\/v2\/product\/93883","targetHints":{"allow":["GET"]}}],"collection":[{"href":"https:\/\/www.koonings.com\/de\/wp-json\/wp\/v2\/product"}],"about":[{"href":"https:\/\/www.koonings.com\/de\/wp-json\/wp\/v2\/types\/product"}],"wp:featuredmedia":[{"embeddable":true,"href":"https:\/\/www.koonings.com\/de\/wp-json\/wp\/v2\/media\/92287"}],"wp:attachment":[{"href":"https:\/\/www.koonings.com\/de\/wp-json\/wp\/v2\/media?parent=93883"}],"wp:term":[{"taxonomy":"productdetails","embeddable":true,"href":"https:\/\/www.koonings.com\/de\/wp-json\/wp\/v2\/productdetails?post=93883"},{"taxonomy":"productneck","embeddable":true,"href":"https:\/\/www.koonings.com\/de\/wp-json\/wp\/v2\/productneck?post=93883"},{"taxonomy":"productcolor","embeddable":true,"href":"https:\/\/www.koonings.com\/de\/wp-json\/wp\/v2\/productcolor?post=93883"},{"taxonomy":"maat","embeddable":true,"href":"https:\/\/www.koonings.com\/de\/wp-json\/wp\/v2\/maat?post=93883"},{"taxonomy":"productsupplier","embeddable":true,"href":"https:\/\/www.koonings.com\/de\/wp-json\/wp\/v2\/productsupplier?post=93883"},{"taxonomy":"productsleeve","embeddable":true,"href":"https:\/\/www.koonings.com\/de\/wp-json\/wp\/v2\/productsleeve?post=93883"},{"taxonomy":"productcategory","embeddable":true,"href":"https:\/\/www.koonings.com\/de\/wp-json\/wp\/v2\/productcategory?post=93883"},{"taxonomy":"productsilhouette","embeddable":true,"href":"https:\/\/www.koonings.com\/de\/wp-json\/wp\/v2\/productsilhouette?post=93883"},{"taxonomy":"productstyle","embeddable":true,"href":"https:\/\/www.koonings.com\/de\/wp-json\/wp\/v2\/productstyle?post=93883"}],"curies":[{"name":"wp","href":"https:\/\/api.w.org\/{rel}","templated":true}]}}