{"id":93866,"date":"2026-04-28T18:40:49","date_gmt":"2026-04-28T16:40:49","guid":{"rendered":"https:\/\/www.koonings.com\/product\/azuree-bridal-chantal-geteilt-5260-0071\/"},"modified":"2026-02-17T12:54:04","modified_gmt":"2026-02-17T11:54:04","slug":"azuree-bridal-chantal-geteilt-5260-0071","status":"publish","type":"product","link":"https:\/\/www.koonings.com\/de\/product\/azuree-bridal-chantal-geteilt-5260-0071\/","title":{"rendered":"Azuree Bridal Chantal &#8211; geteilt 5260.0071"},"content":{"rendered":"<p>Das Hochzeitskleid Chantal ist eine raffinierte Wahl f\u00fcr die Braut, die Romantik, Komfort und einen modernen Look sucht. Das Spitzenmieder mit tiefem V-Ausschnitt und Illusionstr\u00e4gern schmiegt sich wunderbar an den K\u00f6rper an und geht flie\u00dfend in einen schneidigen Chiffonrock \u00fcber. Die subtilen Glitzerdetails im floralen Design sorgen f\u00fcr ein sanftes Funkeln, w\u00e4hrend der hohe Schlitz das gewisse Extra verleiht.  <\/p>\n","protected":false},"featured_media":92251,"template":"","meta":{"_acf_changed":false,"ghostkit_customizer_options":"","ghostkit_custom_css":"","ghostkit_custom_js_head":"","ghostkit_custom_js_foot":"","ghostkit_typography":""},"productdetails":[379,377,376],"productneck":[351,356],"productcolor":[392],"maat":[],"productsupplier":[533],"productsleeve":[359],"productcategory":[18],"productsilhouette":[384],"productstyle":[366,370],"class_list":["post-93866","product","type-product","status-publish","has-post-thumbnail","hentry","productdetails-379","productdetails-377","productdetails-376","productneck-351","productneck-356","productcolor-392","productsupplier-azuree-bridal","productsleeve-359","productcategory-trouwjurken","productsilhouette-384","productstyle-366","productstyle-370"],"acf":[],"yoast_head":"<!-- This site is optimized with the Yoast SEO plugin v27.3 - https:\/\/yoast.com\/product\/yoast-seo-wordpress\/ -->\n<title>Azuree Bridal Chantal - geteilt 5260.0071 | Koonings<\/title>\n<meta name=\"description\" content=\"Das Hochzeitskleid Chantal ist eine raffinierte Wahl f\u00fcr die Braut, die Romantik, Komfort und einen modernen Look sucht. Das Spitzenmieder mit tiefem V-Ausschnitt und Illusionstr\u00e4gern schmiegt sich wunderbar an den K\u00f6rper an und geht flie\u00dfend in einen schneidigen Chiffonrock \u00fcber. Die subtilen Glitzerdetails im floralen Design sorgen f\u00fcr ein sanftes Funkeln, w\u00e4hrend der hohe Schlitz das gewisse Extra verleiht.\" \/>\n<meta name=\"robots\" content=\"index, follow, max-snippet:-1, max-image-preview:large, max-video-preview:-1\" \/>\n<link rel=\"canonical\" href=\"https:\/\/www.koonings.com\/de\/product\/azuree-bridal-chantal-geteilt-5260-0071\/\" \/>\n<meta property=\"og:locale\" content=\"de_DE\" \/>\n<meta property=\"og:type\" content=\"article\" \/>\n<meta property=\"og:title\" content=\"Azuree Bridal Chantal - geteilt 5260.0071 | Koonings\" \/>\n<meta property=\"og:description\" content=\"Das Hochzeitskleid Chantal ist eine raffinierte Wahl f\u00fcr die Braut, die Romantik, Komfort und einen modernen Look sucht. Das Spitzenmieder mit tiefem V-Ausschnitt und Illusionstr\u00e4gern schmiegt sich wunderbar an den K\u00f6rper an und geht flie\u00dfend in einen schneidigen Chiffonrock \u00fcber. Die subtilen Glitzerdetails im floralen Design sorgen f\u00fcr ein sanftes Funkeln, w\u00e4hrend der hohe Schlitz das gewisse Extra verleiht.\" \/>\n<meta property=\"og:url\" content=\"https:\/\/www.koonings.com\/de\/product\/azuree-bridal-chantal-geteilt-5260-0071\/\" \/>\n<meta property=\"og:site_name\" content=\"Koonings\" \/>\n<meta property=\"article:publisher\" content=\"https:\/\/www.facebook.com\/kooningstheweddingpalace\" \/>\n<meta property=\"og:image\" content=\"https:\/\/www.koonings.com\/wp-content\/uploads\/2025\/09\/51522_fbbea095f12123c28ba0777b805523463a589ff49ca304a09f85466fbfe2fb47ba5119b0.jpeg\" \/>\n\t<meta property=\"og:image:width\" content=\"1708\" \/>\n\t<meta property=\"og:image:height\" content=\"2463\" \/>\n\t<meta property=\"og:image:type\" content=\"image\/jpeg\" \/>\n<meta name=\"twitter:card\" content=\"summary_large_image\" \/>\n<script type=\"application\/ld+json\" class=\"yoast-schema-graph\">{\"@context\":\"https:\\\/\\\/schema.org\",\"@graph\":[{\"@type\":\"WebPage\",\"@id\":\"https:\\\/\\\/www.koonings.com\\\/de\\\/product\\\/azuree-bridal-chantal-geteilt-5260-0071\\\/\",\"url\":\"https:\\\/\\\/www.koonings.com\\\/de\\\/product\\\/azuree-bridal-chantal-geteilt-5260-0071\\\/\",\"name\":\"Azuree Bridal Chantal - geteilt 5260.0071 | Koonings\",\"isPartOf\":{\"@id\":\"https:\\\/\\\/www.koonings.com\\\/de\\\/#website\"},\"primaryImageOfPage\":{\"@id\":\"https:\\\/\\\/www.koonings.com\\\/de\\\/product\\\/azuree-bridal-chantal-geteilt-5260-0071\\\/#primaryimage\"},\"image\":{\"@id\":\"https:\\\/\\\/www.koonings.com\\\/de\\\/product\\\/azuree-bridal-chantal-geteilt-5260-0071\\\/#primaryimage\"},\"thumbnailUrl\":\"https:\\\/\\\/www.koonings.com\\\/wp-content\\\/uploads\\\/2025\\\/09\\\/51522_fbbea095f12123c28ba0777b805523463a589ff49ca304a09f85466fbfe2fb47ba5119b0.jpeg\",\"datePublished\":\"2026-04-28T16:40:49+00:00\",\"description\":\"Das Hochzeitskleid Chantal ist eine raffinierte Wahl f\u00fcr die Braut, die Romantik, Komfort und einen modernen Look sucht. Das Spitzenmieder mit tiefem V-Ausschnitt und Illusionstr\u00e4gern schmiegt sich wunderbar an den K\u00f6rper an und geht flie\u00dfend in einen schneidigen Chiffonrock \u00fcber. Die subtilen Glitzerdetails im floralen Design sorgen f\u00fcr ein sanftes Funkeln, w\u00e4hrend der hohe Schlitz das gewisse Extra verleiht.\",\"breadcrumb\":{\"@id\":\"https:\\\/\\\/www.koonings.com\\\/de\\\/product\\\/azuree-bridal-chantal-geteilt-5260-0071\\\/#breadcrumb\"},\"inLanguage\":\"de\",\"potentialAction\":[{\"@type\":\"ReadAction\",\"target\":[\"https:\\\/\\\/www.koonings.com\\\/de\\\/product\\\/azuree-bridal-chantal-geteilt-5260-0071\\\/\"]}]},{\"@type\":\"ImageObject\",\"inLanguage\":\"de\",\"@id\":\"https:\\\/\\\/www.koonings.com\\\/de\\\/product\\\/azuree-bridal-chantal-geteilt-5260-0071\\\/#primaryimage\",\"url\":\"https:\\\/\\\/www.koonings.com\\\/wp-content\\\/uploads\\\/2025\\\/09\\\/51522_fbbea095f12123c28ba0777b805523463a589ff49ca304a09f85466fbfe2fb47ba5119b0.jpeg\",\"contentUrl\":\"https:\\\/\\\/www.koonings.com\\\/wp-content\\\/uploads\\\/2025\\\/09\\\/51522_fbbea095f12123c28ba0777b805523463a589ff49ca304a09f85466fbfe2fb47ba5119b0.jpeg\",\"width\":1708,\"height\":2463},{\"@type\":\"BreadcrumbList\",\"@id\":\"https:\\\/\\\/www.koonings.com\\\/de\\\/product\\\/azuree-bridal-chantal-geteilt-5260-0071\\\/#breadcrumb\",\"itemListElement\":[{\"@type\":\"ListItem\",\"position\":1,\"name\":\"Home\",\"item\":\"https:\\\/\\\/www.koonings.com\\\/de\\\/\"},{\"@type\":\"ListItem\",\"position\":2,\"name\":\"Azuree Bridal Chantal &#8211; geteilt 5260.0071\"}]},{\"@type\":\"WebSite\",\"@id\":\"https:\\\/\\\/www.koonings.com\\\/de\\\/#website\",\"url\":\"https:\\\/\\\/www.koonings.com\\\/de\\\/\",\"name\":\"Koonings\",\"description\":\"De grootste bruidsmodewinkel ter wereld\",\"publisher\":{\"@id\":\"https:\\\/\\\/www.koonings.com\\\/de\\\/#organization\"},\"potentialAction\":[{\"@type\":\"SearchAction\",\"target\":{\"@type\":\"EntryPoint\",\"urlTemplate\":\"https:\\\/\\\/www.koonings.com\\\/de\\\/?s={search_term_string}\"},\"query-input\":{\"@type\":\"PropertyValueSpecification\",\"valueRequired\":true,\"valueName\":\"search_term_string\"}}],\"inLanguage\":\"de\"},{\"@type\":\"Organization\",\"@id\":\"https:\\\/\\\/www.koonings.com\\\/de\\\/#organization\",\"name\":\"Koonings\",\"url\":\"https:\\\/\\\/www.koonings.com\\\/de\\\/\",\"logo\":{\"@type\":\"ImageObject\",\"inLanguage\":\"de\",\"@id\":\"https:\\\/\\\/www.koonings.com\\\/de\\\/#\\\/schema\\\/logo\\\/image\\\/\",\"url\":\"https:\\\/\\\/www.koonings.com\\\/wp-content\\\/uploads\\\/2024\\\/07\\\/logo.png\",\"contentUrl\":\"https:\\\/\\\/www.koonings.com\\\/wp-content\\\/uploads\\\/2024\\\/07\\\/logo.png\",\"width\":600,\"height\":428,\"caption\":\"Koonings\"},\"image\":{\"@id\":\"https:\\\/\\\/www.koonings.com\\\/de\\\/#\\\/schema\\\/logo\\\/image\\\/\"},\"sameAs\":[\"https:\\\/\\\/www.facebook.com\\\/kooningstheweddingpalace\",\"https:\\\/\\\/www.instagram.com\\\/kooningstheweddingpalace\",\"https:\\\/\\\/www.pinterest.com\\\/koonings\",\"https:\\\/\\\/www.youtube.com\\\/kooningstheweddingpalace\"]}]}<\/script>\n<!-- \/ Yoast SEO plugin. -->","yoast_head_json":{"title":"Azuree Bridal Chantal - geteilt 5260.0071 | Koonings","description":"Das Hochzeitskleid Chantal ist eine raffinierte Wahl f\u00fcr die Braut, die Romantik, Komfort und einen modernen Look sucht. Das Spitzenmieder mit tiefem V-Ausschnitt und Illusionstr\u00e4gern schmiegt sich wunderbar an den K\u00f6rper an und geht flie\u00dfend in einen schneidigen Chiffonrock \u00fcber. Die subtilen Glitzerdetails im floralen Design sorgen f\u00fcr ein sanftes Funkeln, w\u00e4hrend der hohe Schlitz das gewisse Extra verleiht.","robots":{"index":"index","follow":"follow","max-snippet":"max-snippet:-1","max-image-preview":"max-image-preview:large","max-video-preview":"max-video-preview:-1"},"canonical":"https:\/\/www.koonings.com\/de\/product\/azuree-bridal-chantal-geteilt-5260-0071\/","og_locale":"de_DE","og_type":"article","og_title":"Azuree Bridal Chantal - geteilt 5260.0071 | Koonings","og_description":"Das Hochzeitskleid Chantal ist eine raffinierte Wahl f\u00fcr die Braut, die Romantik, Komfort und einen modernen Look sucht. Das Spitzenmieder mit tiefem V-Ausschnitt und Illusionstr\u00e4gern schmiegt sich wunderbar an den K\u00f6rper an und geht flie\u00dfend in einen schneidigen Chiffonrock \u00fcber. Die subtilen Glitzerdetails im floralen Design sorgen f\u00fcr ein sanftes Funkeln, w\u00e4hrend der hohe Schlitz das gewisse Extra verleiht.","og_url":"https:\/\/www.koonings.com\/de\/product\/azuree-bridal-chantal-geteilt-5260-0071\/","og_site_name":"Koonings","article_publisher":"https:\/\/www.facebook.com\/kooningstheweddingpalace","og_image":[{"width":1708,"height":2463,"url":"https:\/\/www.koonings.com\/wp-content\/uploads\/2025\/09\/51522_fbbea095f12123c28ba0777b805523463a589ff49ca304a09f85466fbfe2fb47ba5119b0.jpeg","type":"image\/jpeg"}],"twitter_card":"summary_large_image","schema":{"@context":"https:\/\/schema.org","@graph":[{"@type":"WebPage","@id":"https:\/\/www.koonings.com\/de\/product\/azuree-bridal-chantal-geteilt-5260-0071\/","url":"https:\/\/www.koonings.com\/de\/product\/azuree-bridal-chantal-geteilt-5260-0071\/","name":"Azuree Bridal Chantal - geteilt 5260.0071 | Koonings","isPartOf":{"@id":"https:\/\/www.koonings.com\/de\/#website"},"primaryImageOfPage":{"@id":"https:\/\/www.koonings.com\/de\/product\/azuree-bridal-chantal-geteilt-5260-0071\/#primaryimage"},"image":{"@id":"https:\/\/www.koonings.com\/de\/product\/azuree-bridal-chantal-geteilt-5260-0071\/#primaryimage"},"thumbnailUrl":"https:\/\/www.koonings.com\/wp-content\/uploads\/2025\/09\/51522_fbbea095f12123c28ba0777b805523463a589ff49ca304a09f85466fbfe2fb47ba5119b0.jpeg","datePublished":"2026-04-28T16:40:49+00:00","description":"Das Hochzeitskleid Chantal ist eine raffinierte Wahl f\u00fcr die Braut, die Romantik, Komfort und einen modernen Look sucht. Das Spitzenmieder mit tiefem V-Ausschnitt und Illusionstr\u00e4gern schmiegt sich wunderbar an den K\u00f6rper an und geht flie\u00dfend in einen schneidigen Chiffonrock \u00fcber. Die subtilen Glitzerdetails im floralen Design sorgen f\u00fcr ein sanftes Funkeln, w\u00e4hrend der hohe Schlitz das gewisse Extra verleiht.","breadcrumb":{"@id":"https:\/\/www.koonings.com\/de\/product\/azuree-bridal-chantal-geteilt-5260-0071\/#breadcrumb"},"inLanguage":"de","potentialAction":[{"@type":"ReadAction","target":["https:\/\/www.koonings.com\/de\/product\/azuree-bridal-chantal-geteilt-5260-0071\/"]}]},{"@type":"ImageObject","inLanguage":"de","@id":"https:\/\/www.koonings.com\/de\/product\/azuree-bridal-chantal-geteilt-5260-0071\/#primaryimage","url":"https:\/\/www.koonings.com\/wp-content\/uploads\/2025\/09\/51522_fbbea095f12123c28ba0777b805523463a589ff49ca304a09f85466fbfe2fb47ba5119b0.jpeg","contentUrl":"https:\/\/www.koonings.com\/wp-content\/uploads\/2025\/09\/51522_fbbea095f12123c28ba0777b805523463a589ff49ca304a09f85466fbfe2fb47ba5119b0.jpeg","width":1708,"height":2463},{"@type":"BreadcrumbList","@id":"https:\/\/www.koonings.com\/de\/product\/azuree-bridal-chantal-geteilt-5260-0071\/#breadcrumb","itemListElement":[{"@type":"ListItem","position":1,"name":"Home","item":"https:\/\/www.koonings.com\/de\/"},{"@type":"ListItem","position":2,"name":"Azuree Bridal Chantal &#8211; geteilt 5260.0071"}]},{"@type":"WebSite","@id":"https:\/\/www.koonings.com\/de\/#website","url":"https:\/\/www.koonings.com\/de\/","name":"Koonings","description":"De grootste bruidsmodewinkel ter wereld","publisher":{"@id":"https:\/\/www.koonings.com\/de\/#organization"},"potentialAction":[{"@type":"SearchAction","target":{"@type":"EntryPoint","urlTemplate":"https:\/\/www.koonings.com\/de\/?s={search_term_string}"},"query-input":{"@type":"PropertyValueSpecification","valueRequired":true,"valueName":"search_term_string"}}],"inLanguage":"de"},{"@type":"Organization","@id":"https:\/\/www.koonings.com\/de\/#organization","name":"Koonings","url":"https:\/\/www.koonings.com\/de\/","logo":{"@type":"ImageObject","inLanguage":"de","@id":"https:\/\/www.koonings.com\/de\/#\/schema\/logo\/image\/","url":"https:\/\/www.koonings.com\/wp-content\/uploads\/2024\/07\/logo.png","contentUrl":"https:\/\/www.koonings.com\/wp-content\/uploads\/2024\/07\/logo.png","width":600,"height":428,"caption":"Koonings"},"image":{"@id":"https:\/\/www.koonings.com\/de\/#\/schema\/logo\/image\/"},"sameAs":["https:\/\/www.facebook.com\/kooningstheweddingpalace","https:\/\/www.instagram.com\/kooningstheweddingpalace","https:\/\/www.pinterest.com\/koonings","https:\/\/www.youtube.com\/kooningstheweddingpalace"]}]}},"_links":{"self":[{"href":"https:\/\/www.koonings.com\/de\/wp-json\/wp\/v2\/product\/93866","targetHints":{"allow":["GET"]}}],"collection":[{"href":"https:\/\/www.koonings.com\/de\/wp-json\/wp\/v2\/product"}],"about":[{"href":"https:\/\/www.koonings.com\/de\/wp-json\/wp\/v2\/types\/product"}],"wp:featuredmedia":[{"embeddable":true,"href":"https:\/\/www.koonings.com\/de\/wp-json\/wp\/v2\/media\/92251"}],"wp:attachment":[{"href":"https:\/\/www.koonings.com\/de\/wp-json\/wp\/v2\/media?parent=93866"}],"wp:term":[{"taxonomy":"productdetails","embeddable":true,"href":"https:\/\/www.koonings.com\/de\/wp-json\/wp\/v2\/productdetails?post=93866"},{"taxonomy":"productneck","embeddable":true,"href":"https:\/\/www.koonings.com\/de\/wp-json\/wp\/v2\/productneck?post=93866"},{"taxonomy":"productcolor","embeddable":true,"href":"https:\/\/www.koonings.com\/de\/wp-json\/wp\/v2\/productcolor?post=93866"},{"taxonomy":"maat","embeddable":true,"href":"https:\/\/www.koonings.com\/de\/wp-json\/wp\/v2\/maat?post=93866"},{"taxonomy":"productsupplier","embeddable":true,"href":"https:\/\/www.koonings.com\/de\/wp-json\/wp\/v2\/productsupplier?post=93866"},{"taxonomy":"productsleeve","embeddable":true,"href":"https:\/\/www.koonings.com\/de\/wp-json\/wp\/v2\/productsleeve?post=93866"},{"taxonomy":"productcategory","embeddable":true,"href":"https:\/\/www.koonings.com\/de\/wp-json\/wp\/v2\/productcategory?post=93866"},{"taxonomy":"productsilhouette","embeddable":true,"href":"https:\/\/www.koonings.com\/de\/wp-json\/wp\/v2\/productsilhouette?post=93866"},{"taxonomy":"productstyle","embeddable":true,"href":"https:\/\/www.koonings.com\/de\/wp-json\/wp\/v2\/productstyle?post=93866"}],"curies":[{"name":"wp","href":"https:\/\/api.w.org\/{rel}","templated":true}]}}