{"id":93855,"date":"2026-04-28T18:38:48","date_gmt":"2026-04-28T16:38:48","guid":{"rendered":"https:\/\/www.koonings.com\/product\/sottero-midgley-mirabella-marie-25sb289a02\/"},"modified":"2026-02-17T12:21:50","modified_gmt":"2026-02-17T11:21:50","slug":"sottero-midgley-mirabella-marie-25sb289a02","status":"publish","type":"product","link":"https:\/\/www.koonings.com\/de\/product\/sottero-midgley-mirabella-marie-25sb289a02\/","title":{"rendered":"Sottero Midgley Mirabella Marie 25SB289A02"},"content":{"rendered":"<p>F\u00fcr die Braut, die Eleganz und Funktionalit\u00e4t kombinieren m\u00f6chte. Das Mirabella Marie ist ein A-Linien-Hochzeitskleid aus luxuri\u00f6sem Taft mit einem raffinierten Katzenaugen-Ausschnitt und praktischen Taschen, perfekt f\u00fcr kleine Utensilien oder um Ihre H\u00e4nde bequem abzulegen. <\/p>\n<p>Die zeitlose A-Linie schmeichelt jeder Silhouette, w\u00e4hrend die subtilen Details einen modernen und stilvollen Touch verleihen. Ideal f\u00fcr die Braut, die an ihrem gro\u00dfen Tag Stil, Selbstvertrauen und Komfort ausstrahlen m\u00f6chte. <\/p>\n","protected":false},"featured_media":93349,"template":"","meta":{"_acf_changed":false,"ghostkit_customizer_options":"","ghostkit_custom_css":"","ghostkit_custom_js_head":"","ghostkit_custom_js_foot":"","ghostkit_typography":""},"productdetails":[378],"productneck":[352,354],"productcolor":[392],"maat":[],"productsupplier":[421],"productsleeve":[],"productcategory":[18],"productsilhouette":[384],"productstyle":[366],"class_list":["post-93855","product","type-product","status-publish","has-post-thumbnail","hentry","productdetails-378","productneck-352","productneck-354","productcolor-392","productsupplier-sottero-midgley","productcategory-trouwjurken","productsilhouette-384","productstyle-366"],"acf":[],"yoast_head":"<!-- This site is optimized with the Yoast SEO plugin v27.3 - https:\/\/yoast.com\/product\/yoast-seo-wordpress\/ -->\n<title>Sottero Midgley Mirabella Marie 25SB289A02 | Koonings<\/title>\n<meta name=\"description\" content=\"F\u00fcr die Braut, die Eleganz und Funktionalit\u00e4t kombinieren m\u00f6chte. Das Mirabella Marie ist ein A-Linien-Hochzeitskleid aus luxuri\u00f6sem Taft mit einem raffinierten Katzenaugen-Ausschnitt und praktischen Taschen, perfekt f\u00fcr kleine Utensilien oder um Ihre H\u00e4nde bequem abzulegen. Die zeitlose A-Linie schmeichelt jeder Silhouette, w\u00e4hrend die subtilen Details einen modernen und stilvollen Touch verleihen. Ideal f\u00fcr die Braut, die an ihrem gro\u00dfen Tag Stil, Selbstvertrauen und Komfort ausstrahlen m\u00f6chte.\" \/>\n<meta name=\"robots\" content=\"index, follow, max-snippet:-1, max-image-preview:large, max-video-preview:-1\" \/>\n<link rel=\"canonical\" href=\"https:\/\/www.koonings.com\/de\/product\/sottero-midgley-mirabella-marie-25sb289a02\/\" \/>\n<meta property=\"og:locale\" content=\"de_DE\" \/>\n<meta property=\"og:type\" content=\"article\" \/>\n<meta property=\"og:title\" content=\"Sottero Midgley Mirabella Marie 25SB289A02 | Koonings\" \/>\n<meta property=\"og:description\" content=\"F\u00fcr die Braut, die Eleganz und Funktionalit\u00e4t kombinieren m\u00f6chte. Das Mirabella Marie ist ein A-Linien-Hochzeitskleid aus luxuri\u00f6sem Taft mit einem raffinierten Katzenaugen-Ausschnitt und praktischen Taschen, perfekt f\u00fcr kleine Utensilien oder um Ihre H\u00e4nde bequem abzulegen. Die zeitlose A-Linie schmeichelt jeder Silhouette, w\u00e4hrend die subtilen Details einen modernen und stilvollen Touch verleihen. Ideal f\u00fcr die Braut, die an ihrem gro\u00dfen Tag Stil, Selbstvertrauen und Komfort ausstrahlen m\u00f6chte.\" \/>\n<meta property=\"og:url\" content=\"https:\/\/www.koonings.com\/de\/product\/sottero-midgley-mirabella-marie-25sb289a02\/\" \/>\n<meta property=\"og:site_name\" content=\"Koonings\" \/>\n<meta property=\"article:publisher\" content=\"https:\/\/www.facebook.com\/kooningstheweddingpalace\" \/>\n<meta property=\"og:image\" content=\"https:\/\/www.koonings.com\/wp-content\/uploads\/2025\/09\/51321_e22b1224e17ebf64ea95c42b7d915d9418c21cdc7a310a737a411c915a34a05a08f5f5cd.jpeg\" \/>\n\t<meta property=\"og:image:width\" content=\"1440\" \/>\n\t<meta property=\"og:image:height\" content=\"1920\" \/>\n\t<meta property=\"og:image:type\" content=\"image\/jpeg\" \/>\n<meta name=\"twitter:card\" content=\"summary_large_image\" \/>\n<script type=\"application\/ld+json\" class=\"yoast-schema-graph\">{\"@context\":\"https:\\\/\\\/schema.org\",\"@graph\":[{\"@type\":\"WebPage\",\"@id\":\"https:\\\/\\\/www.koonings.com\\\/de\\\/product\\\/sottero-midgley-mirabella-marie-25sb289a02\\\/\",\"url\":\"https:\\\/\\\/www.koonings.com\\\/de\\\/product\\\/sottero-midgley-mirabella-marie-25sb289a02\\\/\",\"name\":\"Sottero Midgley Mirabella Marie 25SB289A02 | Koonings\",\"isPartOf\":{\"@id\":\"https:\\\/\\\/www.koonings.com\\\/de\\\/#website\"},\"primaryImageOfPage\":{\"@id\":\"https:\\\/\\\/www.koonings.com\\\/de\\\/product\\\/sottero-midgley-mirabella-marie-25sb289a02\\\/#primaryimage\"},\"image\":{\"@id\":\"https:\\\/\\\/www.koonings.com\\\/de\\\/product\\\/sottero-midgley-mirabella-marie-25sb289a02\\\/#primaryimage\"},\"thumbnailUrl\":\"https:\\\/\\\/www.koonings.com\\\/wp-content\\\/uploads\\\/2025\\\/09\\\/51321_e22b1224e17ebf64ea95c42b7d915d9418c21cdc7a310a737a411c915a34a05a08f5f5cd.jpeg\",\"datePublished\":\"2026-04-28T16:38:48+00:00\",\"description\":\"F\u00fcr die Braut, die Eleganz und Funktionalit\u00e4t kombinieren m\u00f6chte. Das Mirabella Marie ist ein A-Linien-Hochzeitskleid aus luxuri\u00f6sem Taft mit einem raffinierten Katzenaugen-Ausschnitt und praktischen Taschen, perfekt f\u00fcr kleine Utensilien oder um Ihre H\u00e4nde bequem abzulegen. Die zeitlose A-Linie schmeichelt jeder Silhouette, w\u00e4hrend die subtilen Details einen modernen und stilvollen Touch verleihen. Ideal f\u00fcr die Braut, die an ihrem gro\u00dfen Tag Stil, Selbstvertrauen und Komfort ausstrahlen m\u00f6chte.\",\"breadcrumb\":{\"@id\":\"https:\\\/\\\/www.koonings.com\\\/de\\\/product\\\/sottero-midgley-mirabella-marie-25sb289a02\\\/#breadcrumb\"},\"inLanguage\":\"de\",\"potentialAction\":[{\"@type\":\"ReadAction\",\"target\":[\"https:\\\/\\\/www.koonings.com\\\/de\\\/product\\\/sottero-midgley-mirabella-marie-25sb289a02\\\/\"]}]},{\"@type\":\"ImageObject\",\"inLanguage\":\"de\",\"@id\":\"https:\\\/\\\/www.koonings.com\\\/de\\\/product\\\/sottero-midgley-mirabella-marie-25sb289a02\\\/#primaryimage\",\"url\":\"https:\\\/\\\/www.koonings.com\\\/wp-content\\\/uploads\\\/2025\\\/09\\\/51321_e22b1224e17ebf64ea95c42b7d915d9418c21cdc7a310a737a411c915a34a05a08f5f5cd.jpeg\",\"contentUrl\":\"https:\\\/\\\/www.koonings.com\\\/wp-content\\\/uploads\\\/2025\\\/09\\\/51321_e22b1224e17ebf64ea95c42b7d915d9418c21cdc7a310a737a411c915a34a05a08f5f5cd.jpeg\",\"width\":1440,\"height\":1920},{\"@type\":\"BreadcrumbList\",\"@id\":\"https:\\\/\\\/www.koonings.com\\\/de\\\/product\\\/sottero-midgley-mirabella-marie-25sb289a02\\\/#breadcrumb\",\"itemListElement\":[{\"@type\":\"ListItem\",\"position\":1,\"name\":\"Home\",\"item\":\"https:\\\/\\\/www.koonings.com\\\/de\\\/\"},{\"@type\":\"ListItem\",\"position\":2,\"name\":\"Sottero Midgley Mirabella Marie 25SB289A02\"}]},{\"@type\":\"WebSite\",\"@id\":\"https:\\\/\\\/www.koonings.com\\\/de\\\/#website\",\"url\":\"https:\\\/\\\/www.koonings.com\\\/de\\\/\",\"name\":\"Koonings\",\"description\":\"De grootste bruidsmodewinkel ter wereld\",\"publisher\":{\"@id\":\"https:\\\/\\\/www.koonings.com\\\/de\\\/#organization\"},\"potentialAction\":[{\"@type\":\"SearchAction\",\"target\":{\"@type\":\"EntryPoint\",\"urlTemplate\":\"https:\\\/\\\/www.koonings.com\\\/de\\\/?s={search_term_string}\"},\"query-input\":{\"@type\":\"PropertyValueSpecification\",\"valueRequired\":true,\"valueName\":\"search_term_string\"}}],\"inLanguage\":\"de\"},{\"@type\":\"Organization\",\"@id\":\"https:\\\/\\\/www.koonings.com\\\/de\\\/#organization\",\"name\":\"Koonings\",\"url\":\"https:\\\/\\\/www.koonings.com\\\/de\\\/\",\"logo\":{\"@type\":\"ImageObject\",\"inLanguage\":\"de\",\"@id\":\"https:\\\/\\\/www.koonings.com\\\/de\\\/#\\\/schema\\\/logo\\\/image\\\/\",\"url\":\"https:\\\/\\\/www.koonings.com\\\/wp-content\\\/uploads\\\/2024\\\/07\\\/logo.png\",\"contentUrl\":\"https:\\\/\\\/www.koonings.com\\\/wp-content\\\/uploads\\\/2024\\\/07\\\/logo.png\",\"width\":600,\"height\":428,\"caption\":\"Koonings\"},\"image\":{\"@id\":\"https:\\\/\\\/www.koonings.com\\\/de\\\/#\\\/schema\\\/logo\\\/image\\\/\"},\"sameAs\":[\"https:\\\/\\\/www.facebook.com\\\/kooningstheweddingpalace\",\"https:\\\/\\\/www.instagram.com\\\/kooningstheweddingpalace\",\"https:\\\/\\\/www.pinterest.com\\\/koonings\",\"https:\\\/\\\/www.youtube.com\\\/kooningstheweddingpalace\"]}]}<\/script>\n<!-- \/ Yoast SEO plugin. -->","yoast_head_json":{"title":"Sottero Midgley Mirabella Marie 25SB289A02 | Koonings","description":"F\u00fcr die Braut, die Eleganz und Funktionalit\u00e4t kombinieren m\u00f6chte. Das Mirabella Marie ist ein A-Linien-Hochzeitskleid aus luxuri\u00f6sem Taft mit einem raffinierten Katzenaugen-Ausschnitt und praktischen Taschen, perfekt f\u00fcr kleine Utensilien oder um Ihre H\u00e4nde bequem abzulegen. Die zeitlose A-Linie schmeichelt jeder Silhouette, w\u00e4hrend die subtilen Details einen modernen und stilvollen Touch verleihen. Ideal f\u00fcr die Braut, die an ihrem gro\u00dfen Tag Stil, Selbstvertrauen und Komfort ausstrahlen m\u00f6chte.","robots":{"index":"index","follow":"follow","max-snippet":"max-snippet:-1","max-image-preview":"max-image-preview:large","max-video-preview":"max-video-preview:-1"},"canonical":"https:\/\/www.koonings.com\/de\/product\/sottero-midgley-mirabella-marie-25sb289a02\/","og_locale":"de_DE","og_type":"article","og_title":"Sottero Midgley Mirabella Marie 25SB289A02 | Koonings","og_description":"F\u00fcr die Braut, die Eleganz und Funktionalit\u00e4t kombinieren m\u00f6chte. Das Mirabella Marie ist ein A-Linien-Hochzeitskleid aus luxuri\u00f6sem Taft mit einem raffinierten Katzenaugen-Ausschnitt und praktischen Taschen, perfekt f\u00fcr kleine Utensilien oder um Ihre H\u00e4nde bequem abzulegen. Die zeitlose A-Linie schmeichelt jeder Silhouette, w\u00e4hrend die subtilen Details einen modernen und stilvollen Touch verleihen. Ideal f\u00fcr die Braut, die an ihrem gro\u00dfen Tag Stil, Selbstvertrauen und Komfort ausstrahlen m\u00f6chte.","og_url":"https:\/\/www.koonings.com\/de\/product\/sottero-midgley-mirabella-marie-25sb289a02\/","og_site_name":"Koonings","article_publisher":"https:\/\/www.facebook.com\/kooningstheweddingpalace","og_image":[{"width":1440,"height":1920,"url":"https:\/\/www.koonings.com\/wp-content\/uploads\/2025\/09\/51321_e22b1224e17ebf64ea95c42b7d915d9418c21cdc7a310a737a411c915a34a05a08f5f5cd.jpeg","type":"image\/jpeg"}],"twitter_card":"summary_large_image","schema":{"@context":"https:\/\/schema.org","@graph":[{"@type":"WebPage","@id":"https:\/\/www.koonings.com\/de\/product\/sottero-midgley-mirabella-marie-25sb289a02\/","url":"https:\/\/www.koonings.com\/de\/product\/sottero-midgley-mirabella-marie-25sb289a02\/","name":"Sottero Midgley Mirabella Marie 25SB289A02 | Koonings","isPartOf":{"@id":"https:\/\/www.koonings.com\/de\/#website"},"primaryImageOfPage":{"@id":"https:\/\/www.koonings.com\/de\/product\/sottero-midgley-mirabella-marie-25sb289a02\/#primaryimage"},"image":{"@id":"https:\/\/www.koonings.com\/de\/product\/sottero-midgley-mirabella-marie-25sb289a02\/#primaryimage"},"thumbnailUrl":"https:\/\/www.koonings.com\/wp-content\/uploads\/2025\/09\/51321_e22b1224e17ebf64ea95c42b7d915d9418c21cdc7a310a737a411c915a34a05a08f5f5cd.jpeg","datePublished":"2026-04-28T16:38:48+00:00","description":"F\u00fcr die Braut, die Eleganz und Funktionalit\u00e4t kombinieren m\u00f6chte. Das Mirabella Marie ist ein A-Linien-Hochzeitskleid aus luxuri\u00f6sem Taft mit einem raffinierten Katzenaugen-Ausschnitt und praktischen Taschen, perfekt f\u00fcr kleine Utensilien oder um Ihre H\u00e4nde bequem abzulegen. Die zeitlose A-Linie schmeichelt jeder Silhouette, w\u00e4hrend die subtilen Details einen modernen und stilvollen Touch verleihen. Ideal f\u00fcr die Braut, die an ihrem gro\u00dfen Tag Stil, Selbstvertrauen und Komfort ausstrahlen m\u00f6chte.","breadcrumb":{"@id":"https:\/\/www.koonings.com\/de\/product\/sottero-midgley-mirabella-marie-25sb289a02\/#breadcrumb"},"inLanguage":"de","potentialAction":[{"@type":"ReadAction","target":["https:\/\/www.koonings.com\/de\/product\/sottero-midgley-mirabella-marie-25sb289a02\/"]}]},{"@type":"ImageObject","inLanguage":"de","@id":"https:\/\/www.koonings.com\/de\/product\/sottero-midgley-mirabella-marie-25sb289a02\/#primaryimage","url":"https:\/\/www.koonings.com\/wp-content\/uploads\/2025\/09\/51321_e22b1224e17ebf64ea95c42b7d915d9418c21cdc7a310a737a411c915a34a05a08f5f5cd.jpeg","contentUrl":"https:\/\/www.koonings.com\/wp-content\/uploads\/2025\/09\/51321_e22b1224e17ebf64ea95c42b7d915d9418c21cdc7a310a737a411c915a34a05a08f5f5cd.jpeg","width":1440,"height":1920},{"@type":"BreadcrumbList","@id":"https:\/\/www.koonings.com\/de\/product\/sottero-midgley-mirabella-marie-25sb289a02\/#breadcrumb","itemListElement":[{"@type":"ListItem","position":1,"name":"Home","item":"https:\/\/www.koonings.com\/de\/"},{"@type":"ListItem","position":2,"name":"Sottero Midgley Mirabella Marie 25SB289A02"}]},{"@type":"WebSite","@id":"https:\/\/www.koonings.com\/de\/#website","url":"https:\/\/www.koonings.com\/de\/","name":"Koonings","description":"De grootste bruidsmodewinkel ter wereld","publisher":{"@id":"https:\/\/www.koonings.com\/de\/#organization"},"potentialAction":[{"@type":"SearchAction","target":{"@type":"EntryPoint","urlTemplate":"https:\/\/www.koonings.com\/de\/?s={search_term_string}"},"query-input":{"@type":"PropertyValueSpecification","valueRequired":true,"valueName":"search_term_string"}}],"inLanguage":"de"},{"@type":"Organization","@id":"https:\/\/www.koonings.com\/de\/#organization","name":"Koonings","url":"https:\/\/www.koonings.com\/de\/","logo":{"@type":"ImageObject","inLanguage":"de","@id":"https:\/\/www.koonings.com\/de\/#\/schema\/logo\/image\/","url":"https:\/\/www.koonings.com\/wp-content\/uploads\/2024\/07\/logo.png","contentUrl":"https:\/\/www.koonings.com\/wp-content\/uploads\/2024\/07\/logo.png","width":600,"height":428,"caption":"Koonings"},"image":{"@id":"https:\/\/www.koonings.com\/de\/#\/schema\/logo\/image\/"},"sameAs":["https:\/\/www.facebook.com\/kooningstheweddingpalace","https:\/\/www.instagram.com\/kooningstheweddingpalace","https:\/\/www.pinterest.com\/koonings","https:\/\/www.youtube.com\/kooningstheweddingpalace"]}]}},"_links":{"self":[{"href":"https:\/\/www.koonings.com\/de\/wp-json\/wp\/v2\/product\/93855","targetHints":{"allow":["GET"]}}],"collection":[{"href":"https:\/\/www.koonings.com\/de\/wp-json\/wp\/v2\/product"}],"about":[{"href":"https:\/\/www.koonings.com\/de\/wp-json\/wp\/v2\/types\/product"}],"wp:featuredmedia":[{"embeddable":true,"href":"https:\/\/www.koonings.com\/de\/wp-json\/wp\/v2\/media\/93349"}],"wp:attachment":[{"href":"https:\/\/www.koonings.com\/de\/wp-json\/wp\/v2\/media?parent=93855"}],"wp:term":[{"taxonomy":"productdetails","embeddable":true,"href":"https:\/\/www.koonings.com\/de\/wp-json\/wp\/v2\/productdetails?post=93855"},{"taxonomy":"productneck","embeddable":true,"href":"https:\/\/www.koonings.com\/de\/wp-json\/wp\/v2\/productneck?post=93855"},{"taxonomy":"productcolor","embeddable":true,"href":"https:\/\/www.koonings.com\/de\/wp-json\/wp\/v2\/productcolor?post=93855"},{"taxonomy":"maat","embeddable":true,"href":"https:\/\/www.koonings.com\/de\/wp-json\/wp\/v2\/maat?post=93855"},{"taxonomy":"productsupplier","embeddable":true,"href":"https:\/\/www.koonings.com\/de\/wp-json\/wp\/v2\/productsupplier?post=93855"},{"taxonomy":"productsleeve","embeddable":true,"href":"https:\/\/www.koonings.com\/de\/wp-json\/wp\/v2\/productsleeve?post=93855"},{"taxonomy":"productcategory","embeddable":true,"href":"https:\/\/www.koonings.com\/de\/wp-json\/wp\/v2\/productcategory?post=93855"},{"taxonomy":"productsilhouette","embeddable":true,"href":"https:\/\/www.koonings.com\/de\/wp-json\/wp\/v2\/productsilhouette?post=93855"},{"taxonomy":"productstyle","embeddable":true,"href":"https:\/\/www.koonings.com\/de\/wp-json\/wp\/v2\/productstyle?post=93855"}],"curies":[{"name":"wp","href":"https:\/\/api.w.org\/{rel}","templated":true}]}}