{"id":93840,"date":"2026-05-06T15:38:56","date_gmt":"2026-05-06T13:38:56","guid":{"rendered":"https:\/\/www.koonings.com\/product\/rebecca-ingram-latoya-25rs338a01\/"},"modified":"2026-02-17T12:21:44","modified_gmt":"2026-02-17T11:21:44","slug":"rebecca-ingram-latoya-25rs338a01","status":"publish","type":"product","link":"https:\/\/www.koonings.com\/de\/product\/rebecca-ingram-latoya-25rs338a01\/","title":{"rendered":"Rebecca Ingram Latoya 25RS338A01"},"content":{"rendered":"<p>F\u00fcr die Braut, die sich traut, mit Glamour und moderner Eleganz zu gl\u00e4nzen. Das Latoya ist ein Meerjungfrauen-Brautkleid aus gl\u00e4nzendem Satin mit einem asymmetrischen Design, das f\u00fcr einen einzigartigen und raffinierten Look sorgt. <\/p>\n<p>Die taillierte Passform betont elegant die Silhouette, w\u00e4hrend der gl\u00e4nzende Satin und das asymmetrische Detail einen auff\u00e4lligen, stilvollen Touch verleihen. Perfekt f\u00fcr eine Braut, die sich traut, an ihrem gro\u00dfen Tag zu gl\u00e4nzen. <\/p>\n","protected":false},"featured_media":93206,"template":"","meta":{"_acf_changed":false,"ghostkit_customizer_options":"","ghostkit_custom_css":"","ghostkit_custom_js_head":"","ghostkit_custom_js_foot":"","ghostkit_typography":""},"productdetails":[],"productneck":[356],"productcolor":[392],"maat":[],"productsupplier":[433],"productsleeve":[],"productcategory":[18],"productsilhouette":[387],"productstyle":[365],"class_list":["post-93840","product","type-product","status-publish","has-post-thumbnail","hentry","productneck-356","productcolor-392","productsupplier-rebecca-ingram","productcategory-trouwjurken","productsilhouette-387","productstyle-365"],"acf":[],"yoast_head":"<!-- This site is optimized with the Yoast SEO plugin v27.3 - https:\/\/yoast.com\/product\/yoast-seo-wordpress\/ -->\n<title>Rebecca Ingram Latoya 25RS338A01 | Koonings<\/title>\n<meta name=\"description\" content=\"F\u00fcr die Braut, die sich traut, mit Glamour und moderner Eleganz zu gl\u00e4nzen. Das Latoya ist ein Meerjungfrauen-Brautkleid aus gl\u00e4nzendem Satin mit einem asymmetrischen Design, das f\u00fcr einen einzigartigen und raffinierten Look sorgt. Die taillierte Passform betont elegant die Silhouette, w\u00e4hrend der gl\u00e4nzende Satin und das asymmetrische Detail einen auff\u00e4lligen, stilvollen Touch verleihen. Perfekt f\u00fcr eine Braut, die sich traut, an ihrem gro\u00dfen Tag zu gl\u00e4nzen.\" \/>\n<meta name=\"robots\" content=\"index, follow, max-snippet:-1, max-image-preview:large, max-video-preview:-1\" \/>\n<link rel=\"canonical\" href=\"https:\/\/www.koonings.com\/de\/product\/rebecca-ingram-latoya-25rs338a01\/\" \/>\n<meta property=\"og:locale\" content=\"de_DE\" \/>\n<meta property=\"og:type\" content=\"article\" \/>\n<meta property=\"og:title\" content=\"Rebecca Ingram Latoya 25RS338A01 | Koonings\" \/>\n<meta property=\"og:description\" content=\"F\u00fcr die Braut, die sich traut, mit Glamour und moderner Eleganz zu gl\u00e4nzen. Das Latoya ist ein Meerjungfrauen-Brautkleid aus gl\u00e4nzendem Satin mit einem asymmetrischen Design, das f\u00fcr einen einzigartigen und raffinierten Look sorgt. Die taillierte Passform betont elegant die Silhouette, w\u00e4hrend der gl\u00e4nzende Satin und das asymmetrische Detail einen auff\u00e4lligen, stilvollen Touch verleihen. Perfekt f\u00fcr eine Braut, die sich traut, an ihrem gro\u00dfen Tag zu gl\u00e4nzen.\" \/>\n<meta property=\"og:url\" content=\"https:\/\/www.koonings.com\/de\/product\/rebecca-ingram-latoya-25rs338a01\/\" \/>\n<meta property=\"og:site_name\" content=\"Koonings\" \/>\n<meta property=\"article:publisher\" content=\"https:\/\/www.facebook.com\/kooningstheweddingpalace\" \/>\n<meta property=\"og:image\" content=\"https:\/\/www.koonings.com\/wp-content\/uploads\/2025\/09\/51314_a27e869753caa0b67cc571628dcb2c05b75b584698d03390acf44f45598a38bfa3a259a6.jpeg\" \/>\n\t<meta property=\"og:image:width\" content=\"1440\" \/>\n\t<meta property=\"og:image:height\" content=\"1920\" \/>\n\t<meta property=\"og:image:type\" content=\"image\/jpeg\" \/>\n<meta name=\"twitter:card\" content=\"summary_large_image\" \/>\n<script type=\"application\/ld+json\" class=\"yoast-schema-graph\">{\"@context\":\"https:\\\/\\\/schema.org\",\"@graph\":[{\"@type\":\"WebPage\",\"@id\":\"https:\\\/\\\/www.koonings.com\\\/de\\\/product\\\/rebecca-ingram-latoya-25rs338a01\\\/\",\"url\":\"https:\\\/\\\/www.koonings.com\\\/de\\\/product\\\/rebecca-ingram-latoya-25rs338a01\\\/\",\"name\":\"Rebecca Ingram Latoya 25RS338A01 | Koonings\",\"isPartOf\":{\"@id\":\"https:\\\/\\\/www.koonings.com\\\/de\\\/#website\"},\"primaryImageOfPage\":{\"@id\":\"https:\\\/\\\/www.koonings.com\\\/de\\\/product\\\/rebecca-ingram-latoya-25rs338a01\\\/#primaryimage\"},\"image\":{\"@id\":\"https:\\\/\\\/www.koonings.com\\\/de\\\/product\\\/rebecca-ingram-latoya-25rs338a01\\\/#primaryimage\"},\"thumbnailUrl\":\"https:\\\/\\\/www.koonings.com\\\/wp-content\\\/uploads\\\/2025\\\/09\\\/51314_a27e869753caa0b67cc571628dcb2c05b75b584698d03390acf44f45598a38bfa3a259a6.jpeg\",\"datePublished\":\"2026-05-06T13:38:56+00:00\",\"description\":\"F\u00fcr die Braut, die sich traut, mit Glamour und moderner Eleganz zu gl\u00e4nzen. Das Latoya ist ein Meerjungfrauen-Brautkleid aus gl\u00e4nzendem Satin mit einem asymmetrischen Design, das f\u00fcr einen einzigartigen und raffinierten Look sorgt. Die taillierte Passform betont elegant die Silhouette, w\u00e4hrend der gl\u00e4nzende Satin und das asymmetrische Detail einen auff\u00e4lligen, stilvollen Touch verleihen. Perfekt f\u00fcr eine Braut, die sich traut, an ihrem gro\u00dfen Tag zu gl\u00e4nzen.\",\"breadcrumb\":{\"@id\":\"https:\\\/\\\/www.koonings.com\\\/de\\\/product\\\/rebecca-ingram-latoya-25rs338a01\\\/#breadcrumb\"},\"inLanguage\":\"de\",\"potentialAction\":[{\"@type\":\"ReadAction\",\"target\":[\"https:\\\/\\\/www.koonings.com\\\/de\\\/product\\\/rebecca-ingram-latoya-25rs338a01\\\/\"]}]},{\"@type\":\"ImageObject\",\"inLanguage\":\"de\",\"@id\":\"https:\\\/\\\/www.koonings.com\\\/de\\\/product\\\/rebecca-ingram-latoya-25rs338a01\\\/#primaryimage\",\"url\":\"https:\\\/\\\/www.koonings.com\\\/wp-content\\\/uploads\\\/2025\\\/09\\\/51314_a27e869753caa0b67cc571628dcb2c05b75b584698d03390acf44f45598a38bfa3a259a6.jpeg\",\"contentUrl\":\"https:\\\/\\\/www.koonings.com\\\/wp-content\\\/uploads\\\/2025\\\/09\\\/51314_a27e869753caa0b67cc571628dcb2c05b75b584698d03390acf44f45598a38bfa3a259a6.jpeg\",\"width\":1440,\"height\":1920},{\"@type\":\"BreadcrumbList\",\"@id\":\"https:\\\/\\\/www.koonings.com\\\/de\\\/product\\\/rebecca-ingram-latoya-25rs338a01\\\/#breadcrumb\",\"itemListElement\":[{\"@type\":\"ListItem\",\"position\":1,\"name\":\"Home\",\"item\":\"https:\\\/\\\/www.koonings.com\\\/de\\\/\"},{\"@type\":\"ListItem\",\"position\":2,\"name\":\"Rebecca Ingram Latoya 25RS338A01\"}]},{\"@type\":\"WebSite\",\"@id\":\"https:\\\/\\\/www.koonings.com\\\/de\\\/#website\",\"url\":\"https:\\\/\\\/www.koonings.com\\\/de\\\/\",\"name\":\"Koonings\",\"description\":\"De grootste bruidsmodewinkel ter wereld\",\"publisher\":{\"@id\":\"https:\\\/\\\/www.koonings.com\\\/de\\\/#organization\"},\"potentialAction\":[{\"@type\":\"SearchAction\",\"target\":{\"@type\":\"EntryPoint\",\"urlTemplate\":\"https:\\\/\\\/www.koonings.com\\\/de\\\/?s={search_term_string}\"},\"query-input\":{\"@type\":\"PropertyValueSpecification\",\"valueRequired\":true,\"valueName\":\"search_term_string\"}}],\"inLanguage\":\"de\"},{\"@type\":\"Organization\",\"@id\":\"https:\\\/\\\/www.koonings.com\\\/de\\\/#organization\",\"name\":\"Koonings\",\"url\":\"https:\\\/\\\/www.koonings.com\\\/de\\\/\",\"logo\":{\"@type\":\"ImageObject\",\"inLanguage\":\"de\",\"@id\":\"https:\\\/\\\/www.koonings.com\\\/de\\\/#\\\/schema\\\/logo\\\/image\\\/\",\"url\":\"https:\\\/\\\/www.koonings.com\\\/wp-content\\\/uploads\\\/2024\\\/07\\\/logo.png\",\"contentUrl\":\"https:\\\/\\\/www.koonings.com\\\/wp-content\\\/uploads\\\/2024\\\/07\\\/logo.png\",\"width\":600,\"height\":428,\"caption\":\"Koonings\"},\"image\":{\"@id\":\"https:\\\/\\\/www.koonings.com\\\/de\\\/#\\\/schema\\\/logo\\\/image\\\/\"},\"sameAs\":[\"https:\\\/\\\/www.facebook.com\\\/kooningstheweddingpalace\",\"https:\\\/\\\/www.instagram.com\\\/kooningstheweddingpalace\",\"https:\\\/\\\/www.pinterest.com\\\/koonings\",\"https:\\\/\\\/www.youtube.com\\\/kooningstheweddingpalace\"]}]}<\/script>\n<!-- \/ Yoast SEO plugin. -->","yoast_head_json":{"title":"Rebecca Ingram Latoya 25RS338A01 | Koonings","description":"F\u00fcr die Braut, die sich traut, mit Glamour und moderner Eleganz zu gl\u00e4nzen. Das Latoya ist ein Meerjungfrauen-Brautkleid aus gl\u00e4nzendem Satin mit einem asymmetrischen Design, das f\u00fcr einen einzigartigen und raffinierten Look sorgt. Die taillierte Passform betont elegant die Silhouette, w\u00e4hrend der gl\u00e4nzende Satin und das asymmetrische Detail einen auff\u00e4lligen, stilvollen Touch verleihen. Perfekt f\u00fcr eine Braut, die sich traut, an ihrem gro\u00dfen Tag zu gl\u00e4nzen.","robots":{"index":"index","follow":"follow","max-snippet":"max-snippet:-1","max-image-preview":"max-image-preview:large","max-video-preview":"max-video-preview:-1"},"canonical":"https:\/\/www.koonings.com\/de\/product\/rebecca-ingram-latoya-25rs338a01\/","og_locale":"de_DE","og_type":"article","og_title":"Rebecca Ingram Latoya 25RS338A01 | Koonings","og_description":"F\u00fcr die Braut, die sich traut, mit Glamour und moderner Eleganz zu gl\u00e4nzen. Das Latoya ist ein Meerjungfrauen-Brautkleid aus gl\u00e4nzendem Satin mit einem asymmetrischen Design, das f\u00fcr einen einzigartigen und raffinierten Look sorgt. Die taillierte Passform betont elegant die Silhouette, w\u00e4hrend der gl\u00e4nzende Satin und das asymmetrische Detail einen auff\u00e4lligen, stilvollen Touch verleihen. Perfekt f\u00fcr eine Braut, die sich traut, an ihrem gro\u00dfen Tag zu gl\u00e4nzen.","og_url":"https:\/\/www.koonings.com\/de\/product\/rebecca-ingram-latoya-25rs338a01\/","og_site_name":"Koonings","article_publisher":"https:\/\/www.facebook.com\/kooningstheweddingpalace","og_image":[{"width":1440,"height":1920,"url":"https:\/\/www.koonings.com\/wp-content\/uploads\/2025\/09\/51314_a27e869753caa0b67cc571628dcb2c05b75b584698d03390acf44f45598a38bfa3a259a6.jpeg","type":"image\/jpeg"}],"twitter_card":"summary_large_image","schema":{"@context":"https:\/\/schema.org","@graph":[{"@type":"WebPage","@id":"https:\/\/www.koonings.com\/de\/product\/rebecca-ingram-latoya-25rs338a01\/","url":"https:\/\/www.koonings.com\/de\/product\/rebecca-ingram-latoya-25rs338a01\/","name":"Rebecca Ingram Latoya 25RS338A01 | Koonings","isPartOf":{"@id":"https:\/\/www.koonings.com\/de\/#website"},"primaryImageOfPage":{"@id":"https:\/\/www.koonings.com\/de\/product\/rebecca-ingram-latoya-25rs338a01\/#primaryimage"},"image":{"@id":"https:\/\/www.koonings.com\/de\/product\/rebecca-ingram-latoya-25rs338a01\/#primaryimage"},"thumbnailUrl":"https:\/\/www.koonings.com\/wp-content\/uploads\/2025\/09\/51314_a27e869753caa0b67cc571628dcb2c05b75b584698d03390acf44f45598a38bfa3a259a6.jpeg","datePublished":"2026-05-06T13:38:56+00:00","description":"F\u00fcr die Braut, die sich traut, mit Glamour und moderner Eleganz zu gl\u00e4nzen. Das Latoya ist ein Meerjungfrauen-Brautkleid aus gl\u00e4nzendem Satin mit einem asymmetrischen Design, das f\u00fcr einen einzigartigen und raffinierten Look sorgt. Die taillierte Passform betont elegant die Silhouette, w\u00e4hrend der gl\u00e4nzende Satin und das asymmetrische Detail einen auff\u00e4lligen, stilvollen Touch verleihen. Perfekt f\u00fcr eine Braut, die sich traut, an ihrem gro\u00dfen Tag zu gl\u00e4nzen.","breadcrumb":{"@id":"https:\/\/www.koonings.com\/de\/product\/rebecca-ingram-latoya-25rs338a01\/#breadcrumb"},"inLanguage":"de","potentialAction":[{"@type":"ReadAction","target":["https:\/\/www.koonings.com\/de\/product\/rebecca-ingram-latoya-25rs338a01\/"]}]},{"@type":"ImageObject","inLanguage":"de","@id":"https:\/\/www.koonings.com\/de\/product\/rebecca-ingram-latoya-25rs338a01\/#primaryimage","url":"https:\/\/www.koonings.com\/wp-content\/uploads\/2025\/09\/51314_a27e869753caa0b67cc571628dcb2c05b75b584698d03390acf44f45598a38bfa3a259a6.jpeg","contentUrl":"https:\/\/www.koonings.com\/wp-content\/uploads\/2025\/09\/51314_a27e869753caa0b67cc571628dcb2c05b75b584698d03390acf44f45598a38bfa3a259a6.jpeg","width":1440,"height":1920},{"@type":"BreadcrumbList","@id":"https:\/\/www.koonings.com\/de\/product\/rebecca-ingram-latoya-25rs338a01\/#breadcrumb","itemListElement":[{"@type":"ListItem","position":1,"name":"Home","item":"https:\/\/www.koonings.com\/de\/"},{"@type":"ListItem","position":2,"name":"Rebecca Ingram Latoya 25RS338A01"}]},{"@type":"WebSite","@id":"https:\/\/www.koonings.com\/de\/#website","url":"https:\/\/www.koonings.com\/de\/","name":"Koonings","description":"De grootste bruidsmodewinkel ter wereld","publisher":{"@id":"https:\/\/www.koonings.com\/de\/#organization"},"potentialAction":[{"@type":"SearchAction","target":{"@type":"EntryPoint","urlTemplate":"https:\/\/www.koonings.com\/de\/?s={search_term_string}"},"query-input":{"@type":"PropertyValueSpecification","valueRequired":true,"valueName":"search_term_string"}}],"inLanguage":"de"},{"@type":"Organization","@id":"https:\/\/www.koonings.com\/de\/#organization","name":"Koonings","url":"https:\/\/www.koonings.com\/de\/","logo":{"@type":"ImageObject","inLanguage":"de","@id":"https:\/\/www.koonings.com\/de\/#\/schema\/logo\/image\/","url":"https:\/\/www.koonings.com\/wp-content\/uploads\/2024\/07\/logo.png","contentUrl":"https:\/\/www.koonings.com\/wp-content\/uploads\/2024\/07\/logo.png","width":600,"height":428,"caption":"Koonings"},"image":{"@id":"https:\/\/www.koonings.com\/de\/#\/schema\/logo\/image\/"},"sameAs":["https:\/\/www.facebook.com\/kooningstheweddingpalace","https:\/\/www.instagram.com\/kooningstheweddingpalace","https:\/\/www.pinterest.com\/koonings","https:\/\/www.youtube.com\/kooningstheweddingpalace"]}]}},"_links":{"self":[{"href":"https:\/\/www.koonings.com\/de\/wp-json\/wp\/v2\/product\/93840","targetHints":{"allow":["GET"]}}],"collection":[{"href":"https:\/\/www.koonings.com\/de\/wp-json\/wp\/v2\/product"}],"about":[{"href":"https:\/\/www.koonings.com\/de\/wp-json\/wp\/v2\/types\/product"}],"wp:featuredmedia":[{"embeddable":true,"href":"https:\/\/www.koonings.com\/de\/wp-json\/wp\/v2\/media\/93206"}],"wp:attachment":[{"href":"https:\/\/www.koonings.com\/de\/wp-json\/wp\/v2\/media?parent=93840"}],"wp:term":[{"taxonomy":"productdetails","embeddable":true,"href":"https:\/\/www.koonings.com\/de\/wp-json\/wp\/v2\/productdetails?post=93840"},{"taxonomy":"productneck","embeddable":true,"href":"https:\/\/www.koonings.com\/de\/wp-json\/wp\/v2\/productneck?post=93840"},{"taxonomy":"productcolor","embeddable":true,"href":"https:\/\/www.koonings.com\/de\/wp-json\/wp\/v2\/productcolor?post=93840"},{"taxonomy":"maat","embeddable":true,"href":"https:\/\/www.koonings.com\/de\/wp-json\/wp\/v2\/maat?post=93840"},{"taxonomy":"productsupplier","embeddable":true,"href":"https:\/\/www.koonings.com\/de\/wp-json\/wp\/v2\/productsupplier?post=93840"},{"taxonomy":"productsleeve","embeddable":true,"href":"https:\/\/www.koonings.com\/de\/wp-json\/wp\/v2\/productsleeve?post=93840"},{"taxonomy":"productcategory","embeddable":true,"href":"https:\/\/www.koonings.com\/de\/wp-json\/wp\/v2\/productcategory?post=93840"},{"taxonomy":"productsilhouette","embeddable":true,"href":"https:\/\/www.koonings.com\/de\/wp-json\/wp\/v2\/productsilhouette?post=93840"},{"taxonomy":"productstyle","embeddable":true,"href":"https:\/\/www.koonings.com\/de\/wp-json\/wp\/v2\/productstyle?post=93840"}],"curies":[{"name":"wp","href":"https:\/\/api.w.org\/{rel}","templated":true}]}}