{"id":93837,"date":"2026-04-28T18:38:34","date_gmt":"2026-04-28T16:38:34","guid":{"rendered":"https:\/\/www.koonings.com\/product\/rebecca-ingram-finley-25rs888a11\/"},"modified":"2026-02-17T12:55:48","modified_gmt":"2026-02-17T11:55:48","slug":"rebecca-ingram-finley-25rs888a11","status":"publish","type":"product","link":"https:\/\/www.koonings.com\/de\/product\/rebecca-ingram-finley-25rs888a11\/","title":{"rendered":"Rebecca Ingram Finley 25RS888A11"},"content":{"rendered":"<p>Lassen Sie sich von Finley verzaubern, einem A-Linien-Hochzeitskleid aus luftigem, flie\u00dfendem Stoff mit einem zarten tiefen Ausschnitt. Dieses Kleid verbindet Eleganz mit Bewegungsfreiheit und zeitloser Romantik. <\/p>\n<p>Perfekt auf jede Braut zugeschnitten, denn Finley ist auch in gro\u00dfen Gr\u00f6\u00dfen\/kurvenreich erh\u00e4ltlich, damit sich jede an ihrem gro\u00dfen Tag selbstbewusst und wundersch\u00f6n f\u00fchlen kann.<\/p>\n","protected":false},"featured_media":92811,"template":"","meta":{"_acf_changed":false,"ghostkit_customizer_options":"","ghostkit_custom_css":"","ghostkit_custom_js_head":"","ghostkit_custom_js_foot":"","ghostkit_typography":""},"productdetails":[],"productneck":[355],"productcolor":[392],"maat":[],"productsupplier":[433],"productsleeve":[359],"productcategory":[18],"productsilhouette":[384],"productstyle":[366],"class_list":["post-93837","product","type-product","status-publish","has-post-thumbnail","hentry","productneck-355","productcolor-392","productsupplier-rebecca-ingram","productsleeve-359","productcategory-trouwjurken","productsilhouette-384","productstyle-366"],"acf":[],"yoast_head":"<!-- This site is optimized with the Yoast SEO plugin v27.3 - https:\/\/yoast.com\/product\/yoast-seo-wordpress\/ -->\n<title>Rebecca Ingram Finley 25RS888A11 | Koonings<\/title>\n<meta name=\"description\" content=\"Lassen Sie sich von Finley verzaubern, einem A-Linien-Hochzeitskleid aus luftigem, flie\u00dfendem Stoff mit einem zarten tiefen Ausschnitt. Dieses Kleid verbindet Eleganz mit Bewegungsfreiheit und zeitloser Romantik. Perfekt auf jede Braut zugeschnitten, denn Finley ist auch in gro\u00dfen Gr\u00f6\u00dfen\/kurvenreich erh\u00e4ltlich, damit sich jede an ihrem gro\u00dfen Tag selbstbewusst und wundersch\u00f6n f\u00fchlen kann.\" \/>\n<meta name=\"robots\" content=\"index, follow, max-snippet:-1, max-image-preview:large, max-video-preview:-1\" \/>\n<link rel=\"canonical\" href=\"https:\/\/www.koonings.com\/de\/product\/rebecca-ingram-finley-25rs888a11\/\" \/>\n<meta property=\"og:locale\" content=\"de_DE\" \/>\n<meta property=\"og:type\" content=\"article\" \/>\n<meta property=\"og:title\" content=\"Rebecca Ingram Finley 25RS888A11 | Koonings\" \/>\n<meta property=\"og:description\" content=\"Lassen Sie sich von Finley verzaubern, einem A-Linien-Hochzeitskleid aus luftigem, flie\u00dfendem Stoff mit einem zarten tiefen Ausschnitt. Dieses Kleid verbindet Eleganz mit Bewegungsfreiheit und zeitloser Romantik. Perfekt auf jede Braut zugeschnitten, denn Finley ist auch in gro\u00dfen Gr\u00f6\u00dfen\/kurvenreich erh\u00e4ltlich, damit sich jede an ihrem gro\u00dfen Tag selbstbewusst und wundersch\u00f6n f\u00fchlen kann.\" \/>\n<meta property=\"og:url\" content=\"https:\/\/www.koonings.com\/de\/product\/rebecca-ingram-finley-25rs888a11\/\" \/>\n<meta property=\"og:site_name\" content=\"Koonings\" \/>\n<meta property=\"article:publisher\" content=\"https:\/\/www.facebook.com\/kooningstheweddingpalace\" \/>\n<meta property=\"og:image\" content=\"https:\/\/www.koonings.com\/wp-content\/uploads\/2025\/09\/51292_b1f2385611e990d99823065a72da9b93dd260b1619bde9f2b03a7777087a9a07e7dfa578.jpeg\" \/>\n\t<meta property=\"og:image:width\" content=\"1440\" \/>\n\t<meta property=\"og:image:height\" content=\"1920\" \/>\n\t<meta property=\"og:image:type\" content=\"image\/jpeg\" \/>\n<meta name=\"twitter:card\" content=\"summary_large_image\" \/>\n<script type=\"application\/ld+json\" class=\"yoast-schema-graph\">{\"@context\":\"https:\\\/\\\/schema.org\",\"@graph\":[{\"@type\":\"WebPage\",\"@id\":\"https:\\\/\\\/www.koonings.com\\\/de\\\/product\\\/rebecca-ingram-finley-25rs888a11\\\/\",\"url\":\"https:\\\/\\\/www.koonings.com\\\/de\\\/product\\\/rebecca-ingram-finley-25rs888a11\\\/\",\"name\":\"Rebecca Ingram Finley 25RS888A11 | Koonings\",\"isPartOf\":{\"@id\":\"https:\\\/\\\/www.koonings.com\\\/de\\\/#website\"},\"primaryImageOfPage\":{\"@id\":\"https:\\\/\\\/www.koonings.com\\\/de\\\/product\\\/rebecca-ingram-finley-25rs888a11\\\/#primaryimage\"},\"image\":{\"@id\":\"https:\\\/\\\/www.koonings.com\\\/de\\\/product\\\/rebecca-ingram-finley-25rs888a11\\\/#primaryimage\"},\"thumbnailUrl\":\"https:\\\/\\\/www.koonings.com\\\/wp-content\\\/uploads\\\/2025\\\/09\\\/51292_b1f2385611e990d99823065a72da9b93dd260b1619bde9f2b03a7777087a9a07e7dfa578.jpeg\",\"datePublished\":\"2026-04-28T16:38:34+00:00\",\"description\":\"Lassen Sie sich von Finley verzaubern, einem A-Linien-Hochzeitskleid aus luftigem, flie\u00dfendem Stoff mit einem zarten tiefen Ausschnitt. Dieses Kleid verbindet Eleganz mit Bewegungsfreiheit und zeitloser Romantik. Perfekt auf jede Braut zugeschnitten, denn Finley ist auch in gro\u00dfen Gr\u00f6\u00dfen\\\/kurvenreich erh\u00e4ltlich, damit sich jede an ihrem gro\u00dfen Tag selbstbewusst und wundersch\u00f6n f\u00fchlen kann.\",\"breadcrumb\":{\"@id\":\"https:\\\/\\\/www.koonings.com\\\/de\\\/product\\\/rebecca-ingram-finley-25rs888a11\\\/#breadcrumb\"},\"inLanguage\":\"de\",\"potentialAction\":[{\"@type\":\"ReadAction\",\"target\":[\"https:\\\/\\\/www.koonings.com\\\/de\\\/product\\\/rebecca-ingram-finley-25rs888a11\\\/\"]}]},{\"@type\":\"ImageObject\",\"inLanguage\":\"de\",\"@id\":\"https:\\\/\\\/www.koonings.com\\\/de\\\/product\\\/rebecca-ingram-finley-25rs888a11\\\/#primaryimage\",\"url\":\"https:\\\/\\\/www.koonings.com\\\/wp-content\\\/uploads\\\/2025\\\/09\\\/51292_b1f2385611e990d99823065a72da9b93dd260b1619bde9f2b03a7777087a9a07e7dfa578.jpeg\",\"contentUrl\":\"https:\\\/\\\/www.koonings.com\\\/wp-content\\\/uploads\\\/2025\\\/09\\\/51292_b1f2385611e990d99823065a72da9b93dd260b1619bde9f2b03a7777087a9a07e7dfa578.jpeg\",\"width\":1440,\"height\":1920},{\"@type\":\"BreadcrumbList\",\"@id\":\"https:\\\/\\\/www.koonings.com\\\/de\\\/product\\\/rebecca-ingram-finley-25rs888a11\\\/#breadcrumb\",\"itemListElement\":[{\"@type\":\"ListItem\",\"position\":1,\"name\":\"Home\",\"item\":\"https:\\\/\\\/www.koonings.com\\\/de\\\/\"},{\"@type\":\"ListItem\",\"position\":2,\"name\":\"Rebecca Ingram Finley 25RS888A11\"}]},{\"@type\":\"WebSite\",\"@id\":\"https:\\\/\\\/www.koonings.com\\\/de\\\/#website\",\"url\":\"https:\\\/\\\/www.koonings.com\\\/de\\\/\",\"name\":\"Koonings\",\"description\":\"De grootste bruidsmodewinkel ter wereld\",\"publisher\":{\"@id\":\"https:\\\/\\\/www.koonings.com\\\/de\\\/#organization\"},\"potentialAction\":[{\"@type\":\"SearchAction\",\"target\":{\"@type\":\"EntryPoint\",\"urlTemplate\":\"https:\\\/\\\/www.koonings.com\\\/de\\\/?s={search_term_string}\"},\"query-input\":{\"@type\":\"PropertyValueSpecification\",\"valueRequired\":true,\"valueName\":\"search_term_string\"}}],\"inLanguage\":\"de\"},{\"@type\":\"Organization\",\"@id\":\"https:\\\/\\\/www.koonings.com\\\/de\\\/#organization\",\"name\":\"Koonings\",\"url\":\"https:\\\/\\\/www.koonings.com\\\/de\\\/\",\"logo\":{\"@type\":\"ImageObject\",\"inLanguage\":\"de\",\"@id\":\"https:\\\/\\\/www.koonings.com\\\/de\\\/#\\\/schema\\\/logo\\\/image\\\/\",\"url\":\"https:\\\/\\\/www.koonings.com\\\/wp-content\\\/uploads\\\/2024\\\/07\\\/logo.png\",\"contentUrl\":\"https:\\\/\\\/www.koonings.com\\\/wp-content\\\/uploads\\\/2024\\\/07\\\/logo.png\",\"width\":600,\"height\":428,\"caption\":\"Koonings\"},\"image\":{\"@id\":\"https:\\\/\\\/www.koonings.com\\\/de\\\/#\\\/schema\\\/logo\\\/image\\\/\"},\"sameAs\":[\"https:\\\/\\\/www.facebook.com\\\/kooningstheweddingpalace\",\"https:\\\/\\\/www.instagram.com\\\/kooningstheweddingpalace\",\"https:\\\/\\\/www.pinterest.com\\\/koonings\",\"https:\\\/\\\/www.youtube.com\\\/kooningstheweddingpalace\"]}]}<\/script>\n<!-- \/ Yoast SEO plugin. -->","yoast_head_json":{"title":"Rebecca Ingram Finley 25RS888A11 | Koonings","description":"Lassen Sie sich von Finley verzaubern, einem A-Linien-Hochzeitskleid aus luftigem, flie\u00dfendem Stoff mit einem zarten tiefen Ausschnitt. Dieses Kleid verbindet Eleganz mit Bewegungsfreiheit und zeitloser Romantik. Perfekt auf jede Braut zugeschnitten, denn Finley ist auch in gro\u00dfen Gr\u00f6\u00dfen\/kurvenreich erh\u00e4ltlich, damit sich jede an ihrem gro\u00dfen Tag selbstbewusst und wundersch\u00f6n f\u00fchlen kann.","robots":{"index":"index","follow":"follow","max-snippet":"max-snippet:-1","max-image-preview":"max-image-preview:large","max-video-preview":"max-video-preview:-1"},"canonical":"https:\/\/www.koonings.com\/de\/product\/rebecca-ingram-finley-25rs888a11\/","og_locale":"de_DE","og_type":"article","og_title":"Rebecca Ingram Finley 25RS888A11 | Koonings","og_description":"Lassen Sie sich von Finley verzaubern, einem A-Linien-Hochzeitskleid aus luftigem, flie\u00dfendem Stoff mit einem zarten tiefen Ausschnitt. Dieses Kleid verbindet Eleganz mit Bewegungsfreiheit und zeitloser Romantik. Perfekt auf jede Braut zugeschnitten, denn Finley ist auch in gro\u00dfen Gr\u00f6\u00dfen\/kurvenreich erh\u00e4ltlich, damit sich jede an ihrem gro\u00dfen Tag selbstbewusst und wundersch\u00f6n f\u00fchlen kann.","og_url":"https:\/\/www.koonings.com\/de\/product\/rebecca-ingram-finley-25rs888a11\/","og_site_name":"Koonings","article_publisher":"https:\/\/www.facebook.com\/kooningstheweddingpalace","og_image":[{"width":1440,"height":1920,"url":"https:\/\/www.koonings.com\/wp-content\/uploads\/2025\/09\/51292_b1f2385611e990d99823065a72da9b93dd260b1619bde9f2b03a7777087a9a07e7dfa578.jpeg","type":"image\/jpeg"}],"twitter_card":"summary_large_image","schema":{"@context":"https:\/\/schema.org","@graph":[{"@type":"WebPage","@id":"https:\/\/www.koonings.com\/de\/product\/rebecca-ingram-finley-25rs888a11\/","url":"https:\/\/www.koonings.com\/de\/product\/rebecca-ingram-finley-25rs888a11\/","name":"Rebecca Ingram Finley 25RS888A11 | Koonings","isPartOf":{"@id":"https:\/\/www.koonings.com\/de\/#website"},"primaryImageOfPage":{"@id":"https:\/\/www.koonings.com\/de\/product\/rebecca-ingram-finley-25rs888a11\/#primaryimage"},"image":{"@id":"https:\/\/www.koonings.com\/de\/product\/rebecca-ingram-finley-25rs888a11\/#primaryimage"},"thumbnailUrl":"https:\/\/www.koonings.com\/wp-content\/uploads\/2025\/09\/51292_b1f2385611e990d99823065a72da9b93dd260b1619bde9f2b03a7777087a9a07e7dfa578.jpeg","datePublished":"2026-04-28T16:38:34+00:00","description":"Lassen Sie sich von Finley verzaubern, einem A-Linien-Hochzeitskleid aus luftigem, flie\u00dfendem Stoff mit einem zarten tiefen Ausschnitt. Dieses Kleid verbindet Eleganz mit Bewegungsfreiheit und zeitloser Romantik. Perfekt auf jede Braut zugeschnitten, denn Finley ist auch in gro\u00dfen Gr\u00f6\u00dfen\/kurvenreich erh\u00e4ltlich, damit sich jede an ihrem gro\u00dfen Tag selbstbewusst und wundersch\u00f6n f\u00fchlen kann.","breadcrumb":{"@id":"https:\/\/www.koonings.com\/de\/product\/rebecca-ingram-finley-25rs888a11\/#breadcrumb"},"inLanguage":"de","potentialAction":[{"@type":"ReadAction","target":["https:\/\/www.koonings.com\/de\/product\/rebecca-ingram-finley-25rs888a11\/"]}]},{"@type":"ImageObject","inLanguage":"de","@id":"https:\/\/www.koonings.com\/de\/product\/rebecca-ingram-finley-25rs888a11\/#primaryimage","url":"https:\/\/www.koonings.com\/wp-content\/uploads\/2025\/09\/51292_b1f2385611e990d99823065a72da9b93dd260b1619bde9f2b03a7777087a9a07e7dfa578.jpeg","contentUrl":"https:\/\/www.koonings.com\/wp-content\/uploads\/2025\/09\/51292_b1f2385611e990d99823065a72da9b93dd260b1619bde9f2b03a7777087a9a07e7dfa578.jpeg","width":1440,"height":1920},{"@type":"BreadcrumbList","@id":"https:\/\/www.koonings.com\/de\/product\/rebecca-ingram-finley-25rs888a11\/#breadcrumb","itemListElement":[{"@type":"ListItem","position":1,"name":"Home","item":"https:\/\/www.koonings.com\/de\/"},{"@type":"ListItem","position":2,"name":"Rebecca Ingram Finley 25RS888A11"}]},{"@type":"WebSite","@id":"https:\/\/www.koonings.com\/de\/#website","url":"https:\/\/www.koonings.com\/de\/","name":"Koonings","description":"De grootste bruidsmodewinkel ter wereld","publisher":{"@id":"https:\/\/www.koonings.com\/de\/#organization"},"potentialAction":[{"@type":"SearchAction","target":{"@type":"EntryPoint","urlTemplate":"https:\/\/www.koonings.com\/de\/?s={search_term_string}"},"query-input":{"@type":"PropertyValueSpecification","valueRequired":true,"valueName":"search_term_string"}}],"inLanguage":"de"},{"@type":"Organization","@id":"https:\/\/www.koonings.com\/de\/#organization","name":"Koonings","url":"https:\/\/www.koonings.com\/de\/","logo":{"@type":"ImageObject","inLanguage":"de","@id":"https:\/\/www.koonings.com\/de\/#\/schema\/logo\/image\/","url":"https:\/\/www.koonings.com\/wp-content\/uploads\/2024\/07\/logo.png","contentUrl":"https:\/\/www.koonings.com\/wp-content\/uploads\/2024\/07\/logo.png","width":600,"height":428,"caption":"Koonings"},"image":{"@id":"https:\/\/www.koonings.com\/de\/#\/schema\/logo\/image\/"},"sameAs":["https:\/\/www.facebook.com\/kooningstheweddingpalace","https:\/\/www.instagram.com\/kooningstheweddingpalace","https:\/\/www.pinterest.com\/koonings","https:\/\/www.youtube.com\/kooningstheweddingpalace"]}]}},"_links":{"self":[{"href":"https:\/\/www.koonings.com\/de\/wp-json\/wp\/v2\/product\/93837","targetHints":{"allow":["GET"]}}],"collection":[{"href":"https:\/\/www.koonings.com\/de\/wp-json\/wp\/v2\/product"}],"about":[{"href":"https:\/\/www.koonings.com\/de\/wp-json\/wp\/v2\/types\/product"}],"wp:featuredmedia":[{"embeddable":true,"href":"https:\/\/www.koonings.com\/de\/wp-json\/wp\/v2\/media\/92811"}],"wp:attachment":[{"href":"https:\/\/www.koonings.com\/de\/wp-json\/wp\/v2\/media?parent=93837"}],"wp:term":[{"taxonomy":"productdetails","embeddable":true,"href":"https:\/\/www.koonings.com\/de\/wp-json\/wp\/v2\/productdetails?post=93837"},{"taxonomy":"productneck","embeddable":true,"href":"https:\/\/www.koonings.com\/de\/wp-json\/wp\/v2\/productneck?post=93837"},{"taxonomy":"productcolor","embeddable":true,"href":"https:\/\/www.koonings.com\/de\/wp-json\/wp\/v2\/productcolor?post=93837"},{"taxonomy":"maat","embeddable":true,"href":"https:\/\/www.koonings.com\/de\/wp-json\/wp\/v2\/maat?post=93837"},{"taxonomy":"productsupplier","embeddable":true,"href":"https:\/\/www.koonings.com\/de\/wp-json\/wp\/v2\/productsupplier?post=93837"},{"taxonomy":"productsleeve","embeddable":true,"href":"https:\/\/www.koonings.com\/de\/wp-json\/wp\/v2\/productsleeve?post=93837"},{"taxonomy":"productcategory","embeddable":true,"href":"https:\/\/www.koonings.com\/de\/wp-json\/wp\/v2\/productcategory?post=93837"},{"taxonomy":"productsilhouette","embeddable":true,"href":"https:\/\/www.koonings.com\/de\/wp-json\/wp\/v2\/productsilhouette?post=93837"},{"taxonomy":"productstyle","embeddable":true,"href":"https:\/\/www.koonings.com\/de\/wp-json\/wp\/v2\/productstyle?post=93837"}],"curies":[{"name":"wp","href":"https:\/\/api.w.org\/{rel}","templated":true}]}}