{"id":93832,"date":"2026-04-28T18:38:32","date_gmt":"2026-04-28T16:38:32","guid":{"rendered":"https:\/\/www.koonings.com\/product\/rebecca-ingram-colby-24rs174a01-2\/"},"modified":"2026-02-17T12:52:51","modified_gmt":"2026-02-17T11:52:51","slug":"rebecca-ingram-colby-24rs174a01-2","status":"publish","type":"product","link":"https:\/\/www.koonings.com\/de\/product\/rebecca-ingram-colby-24rs174a01-2\/","title":{"rendered":"Rebecca Ingram Colby 24RS174A01"},"content":{"rendered":"<p>Machen Sie einen unvergesslichen Auftritt mit dem Colby, einem eleganten, figurbetonten Hochzeitskleid aus Satin und Spitze. Der schulterfreie Schnitt sorgt f\u00fcr einen zeitlosen, romantischen Look, w\u00e4hrend der Illusions-R\u00fccken ein \u00fcberraschendes und raffiniertes Detail darstellt. <\/p>\n<p>Dieses Kleid kombiniert klassische Eleganz mit modernem Charme, perfekt f\u00fcr die Braut, die ihre Kurven betonen und gleichzeitig an ihrem gro\u00dfen Tag Komfort ausstrahlen m\u00f6chte.<\/p>\n","protected":false},"featured_media":92727,"template":"","meta":{"_acf_changed":false,"ghostkit_customizer_options":"","ghostkit_custom_css":"","ghostkit_custom_js_head":"","ghostkit_custom_js_foot":"","ghostkit_typography":""},"productdetails":[382],"productneck":[354,355],"productcolor":[392],"maat":[],"productsupplier":[433],"productsleeve":[],"productcategory":[18],"productsilhouette":[387],"productstyle":[369,365],"class_list":["post-93832","product","type-product","status-publish","has-post-thumbnail","hentry","productdetails-382","productneck-354","productneck-355","productcolor-392","productsupplier-rebecca-ingram","productcategory-trouwjurken","productsilhouette-387","productstyle-369","productstyle-365"],"acf":[],"yoast_head":"<!-- This site is optimized with the Yoast SEO plugin v27.3 - https:\/\/yoast.com\/product\/yoast-seo-wordpress\/ -->\n<title>Rebecca Ingram Colby 24RS174A01 | Koonings<\/title>\n<meta name=\"description\" content=\"Machen Sie einen unvergesslichen Auftritt mit dem Colby, einem eleganten, figurbetonten Hochzeitskleid aus Satin und Spitze. Der schulterfreie Schnitt sorgt f\u00fcr einen zeitlosen, romantischen Look, w\u00e4hrend der Illusions-R\u00fccken ein \u00fcberraschendes und raffiniertes Detail darstellt. Dieses Kleid kombiniert klassische Eleganz mit modernem Charme, perfekt f\u00fcr die Braut, die ihre Kurven betonen und gleichzeitig an ihrem gro\u00dfen Tag Komfort ausstrahlen m\u00f6chte.\" \/>\n<meta name=\"robots\" content=\"index, follow, max-snippet:-1, max-image-preview:large, max-video-preview:-1\" \/>\n<link rel=\"canonical\" href=\"https:\/\/www.koonings.com\/de\/product\/rebecca-ingram-colby-24rs174a01-2\/\" \/>\n<meta property=\"og:locale\" content=\"de_DE\" \/>\n<meta property=\"og:type\" content=\"article\" \/>\n<meta property=\"og:title\" content=\"Rebecca Ingram Colby 24RS174A01 | Koonings\" \/>\n<meta property=\"og:description\" content=\"Machen Sie einen unvergesslichen Auftritt mit dem Colby, einem eleganten, figurbetonten Hochzeitskleid aus Satin und Spitze. Der schulterfreie Schnitt sorgt f\u00fcr einen zeitlosen, romantischen Look, w\u00e4hrend der Illusions-R\u00fccken ein \u00fcberraschendes und raffiniertes Detail darstellt. Dieses Kleid kombiniert klassische Eleganz mit modernem Charme, perfekt f\u00fcr die Braut, die ihre Kurven betonen und gleichzeitig an ihrem gro\u00dfen Tag Komfort ausstrahlen m\u00f6chte.\" \/>\n<meta property=\"og:url\" content=\"https:\/\/www.koonings.com\/de\/product\/rebecca-ingram-colby-24rs174a01-2\/\" \/>\n<meta property=\"og:site_name\" content=\"Koonings\" \/>\n<meta property=\"article:publisher\" content=\"https:\/\/www.facebook.com\/kooningstheweddingpalace\" \/>\n<meta property=\"og:image\" content=\"https:\/\/www.koonings.com\/wp-content\/uploads\/2025\/09\/51286_af210a2a9ad548c874212f71f328304f595320e871e9b9b91841ff29c3c06f05aecbf042.jpeg\" \/>\n\t<meta property=\"og:image:width\" content=\"1440\" \/>\n\t<meta property=\"og:image:height\" content=\"1920\" \/>\n\t<meta property=\"og:image:type\" content=\"image\/jpeg\" \/>\n<meta name=\"twitter:card\" content=\"summary_large_image\" \/>\n<script type=\"application\/ld+json\" class=\"yoast-schema-graph\">{\"@context\":\"https:\\\/\\\/schema.org\",\"@graph\":[{\"@type\":\"WebPage\",\"@id\":\"https:\\\/\\\/www.koonings.com\\\/de\\\/product\\\/rebecca-ingram-colby-24rs174a01-2\\\/\",\"url\":\"https:\\\/\\\/www.koonings.com\\\/de\\\/product\\\/rebecca-ingram-colby-24rs174a01-2\\\/\",\"name\":\"Rebecca Ingram Colby 24RS174A01 | Koonings\",\"isPartOf\":{\"@id\":\"https:\\\/\\\/www.koonings.com\\\/de\\\/#website\"},\"primaryImageOfPage\":{\"@id\":\"https:\\\/\\\/www.koonings.com\\\/de\\\/product\\\/rebecca-ingram-colby-24rs174a01-2\\\/#primaryimage\"},\"image\":{\"@id\":\"https:\\\/\\\/www.koonings.com\\\/de\\\/product\\\/rebecca-ingram-colby-24rs174a01-2\\\/#primaryimage\"},\"thumbnailUrl\":\"https:\\\/\\\/www.koonings.com\\\/wp-content\\\/uploads\\\/2025\\\/09\\\/51286_af210a2a9ad548c874212f71f328304f595320e871e9b9b91841ff29c3c06f05aecbf042.jpeg\",\"datePublished\":\"2026-04-28T16:38:32+00:00\",\"description\":\"Machen Sie einen unvergesslichen Auftritt mit dem Colby, einem eleganten, figurbetonten Hochzeitskleid aus Satin und Spitze. Der schulterfreie Schnitt sorgt f\u00fcr einen zeitlosen, romantischen Look, w\u00e4hrend der Illusions-R\u00fccken ein \u00fcberraschendes und raffiniertes Detail darstellt. Dieses Kleid kombiniert klassische Eleganz mit modernem Charme, perfekt f\u00fcr die Braut, die ihre Kurven betonen und gleichzeitig an ihrem gro\u00dfen Tag Komfort ausstrahlen m\u00f6chte.\",\"breadcrumb\":{\"@id\":\"https:\\\/\\\/www.koonings.com\\\/de\\\/product\\\/rebecca-ingram-colby-24rs174a01-2\\\/#breadcrumb\"},\"inLanguage\":\"de\",\"potentialAction\":[{\"@type\":\"ReadAction\",\"target\":[\"https:\\\/\\\/www.koonings.com\\\/de\\\/product\\\/rebecca-ingram-colby-24rs174a01-2\\\/\"]}]},{\"@type\":\"ImageObject\",\"inLanguage\":\"de\",\"@id\":\"https:\\\/\\\/www.koonings.com\\\/de\\\/product\\\/rebecca-ingram-colby-24rs174a01-2\\\/#primaryimage\",\"url\":\"https:\\\/\\\/www.koonings.com\\\/wp-content\\\/uploads\\\/2025\\\/09\\\/51286_af210a2a9ad548c874212f71f328304f595320e871e9b9b91841ff29c3c06f05aecbf042.jpeg\",\"contentUrl\":\"https:\\\/\\\/www.koonings.com\\\/wp-content\\\/uploads\\\/2025\\\/09\\\/51286_af210a2a9ad548c874212f71f328304f595320e871e9b9b91841ff29c3c06f05aecbf042.jpeg\",\"width\":1440,\"height\":1920},{\"@type\":\"BreadcrumbList\",\"@id\":\"https:\\\/\\\/www.koonings.com\\\/de\\\/product\\\/rebecca-ingram-colby-24rs174a01-2\\\/#breadcrumb\",\"itemListElement\":[{\"@type\":\"ListItem\",\"position\":1,\"name\":\"Home\",\"item\":\"https:\\\/\\\/www.koonings.com\\\/de\\\/\"},{\"@type\":\"ListItem\",\"position\":2,\"name\":\"Rebecca Ingram Colby 24RS174A01\"}]},{\"@type\":\"WebSite\",\"@id\":\"https:\\\/\\\/www.koonings.com\\\/de\\\/#website\",\"url\":\"https:\\\/\\\/www.koonings.com\\\/de\\\/\",\"name\":\"Koonings\",\"description\":\"De grootste bruidsmodewinkel ter wereld\",\"publisher\":{\"@id\":\"https:\\\/\\\/www.koonings.com\\\/de\\\/#organization\"},\"potentialAction\":[{\"@type\":\"SearchAction\",\"target\":{\"@type\":\"EntryPoint\",\"urlTemplate\":\"https:\\\/\\\/www.koonings.com\\\/de\\\/?s={search_term_string}\"},\"query-input\":{\"@type\":\"PropertyValueSpecification\",\"valueRequired\":true,\"valueName\":\"search_term_string\"}}],\"inLanguage\":\"de\"},{\"@type\":\"Organization\",\"@id\":\"https:\\\/\\\/www.koonings.com\\\/de\\\/#organization\",\"name\":\"Koonings\",\"url\":\"https:\\\/\\\/www.koonings.com\\\/de\\\/\",\"logo\":{\"@type\":\"ImageObject\",\"inLanguage\":\"de\",\"@id\":\"https:\\\/\\\/www.koonings.com\\\/de\\\/#\\\/schema\\\/logo\\\/image\\\/\",\"url\":\"https:\\\/\\\/www.koonings.com\\\/wp-content\\\/uploads\\\/2024\\\/07\\\/logo.png\",\"contentUrl\":\"https:\\\/\\\/www.koonings.com\\\/wp-content\\\/uploads\\\/2024\\\/07\\\/logo.png\",\"width\":600,\"height\":428,\"caption\":\"Koonings\"},\"image\":{\"@id\":\"https:\\\/\\\/www.koonings.com\\\/de\\\/#\\\/schema\\\/logo\\\/image\\\/\"},\"sameAs\":[\"https:\\\/\\\/www.facebook.com\\\/kooningstheweddingpalace\",\"https:\\\/\\\/www.instagram.com\\\/kooningstheweddingpalace\",\"https:\\\/\\\/www.pinterest.com\\\/koonings\",\"https:\\\/\\\/www.youtube.com\\\/kooningstheweddingpalace\"]}]}<\/script>\n<!-- \/ Yoast SEO plugin. -->","yoast_head_json":{"title":"Rebecca Ingram Colby 24RS174A01 | Koonings","description":"Machen Sie einen unvergesslichen Auftritt mit dem Colby, einem eleganten, figurbetonten Hochzeitskleid aus Satin und Spitze. Der schulterfreie Schnitt sorgt f\u00fcr einen zeitlosen, romantischen Look, w\u00e4hrend der Illusions-R\u00fccken ein \u00fcberraschendes und raffiniertes Detail darstellt. Dieses Kleid kombiniert klassische Eleganz mit modernem Charme, perfekt f\u00fcr die Braut, die ihre Kurven betonen und gleichzeitig an ihrem gro\u00dfen Tag Komfort ausstrahlen m\u00f6chte.","robots":{"index":"index","follow":"follow","max-snippet":"max-snippet:-1","max-image-preview":"max-image-preview:large","max-video-preview":"max-video-preview:-1"},"canonical":"https:\/\/www.koonings.com\/de\/product\/rebecca-ingram-colby-24rs174a01-2\/","og_locale":"de_DE","og_type":"article","og_title":"Rebecca Ingram Colby 24RS174A01 | Koonings","og_description":"Machen Sie einen unvergesslichen Auftritt mit dem Colby, einem eleganten, figurbetonten Hochzeitskleid aus Satin und Spitze. Der schulterfreie Schnitt sorgt f\u00fcr einen zeitlosen, romantischen Look, w\u00e4hrend der Illusions-R\u00fccken ein \u00fcberraschendes und raffiniertes Detail darstellt. Dieses Kleid kombiniert klassische Eleganz mit modernem Charme, perfekt f\u00fcr die Braut, die ihre Kurven betonen und gleichzeitig an ihrem gro\u00dfen Tag Komfort ausstrahlen m\u00f6chte.","og_url":"https:\/\/www.koonings.com\/de\/product\/rebecca-ingram-colby-24rs174a01-2\/","og_site_name":"Koonings","article_publisher":"https:\/\/www.facebook.com\/kooningstheweddingpalace","og_image":[{"width":1440,"height":1920,"url":"https:\/\/www.koonings.com\/wp-content\/uploads\/2025\/09\/51286_af210a2a9ad548c874212f71f328304f595320e871e9b9b91841ff29c3c06f05aecbf042.jpeg","type":"image\/jpeg"}],"twitter_card":"summary_large_image","schema":{"@context":"https:\/\/schema.org","@graph":[{"@type":"WebPage","@id":"https:\/\/www.koonings.com\/de\/product\/rebecca-ingram-colby-24rs174a01-2\/","url":"https:\/\/www.koonings.com\/de\/product\/rebecca-ingram-colby-24rs174a01-2\/","name":"Rebecca Ingram Colby 24RS174A01 | Koonings","isPartOf":{"@id":"https:\/\/www.koonings.com\/de\/#website"},"primaryImageOfPage":{"@id":"https:\/\/www.koonings.com\/de\/product\/rebecca-ingram-colby-24rs174a01-2\/#primaryimage"},"image":{"@id":"https:\/\/www.koonings.com\/de\/product\/rebecca-ingram-colby-24rs174a01-2\/#primaryimage"},"thumbnailUrl":"https:\/\/www.koonings.com\/wp-content\/uploads\/2025\/09\/51286_af210a2a9ad548c874212f71f328304f595320e871e9b9b91841ff29c3c06f05aecbf042.jpeg","datePublished":"2026-04-28T16:38:32+00:00","description":"Machen Sie einen unvergesslichen Auftritt mit dem Colby, einem eleganten, figurbetonten Hochzeitskleid aus Satin und Spitze. Der schulterfreie Schnitt sorgt f\u00fcr einen zeitlosen, romantischen Look, w\u00e4hrend der Illusions-R\u00fccken ein \u00fcberraschendes und raffiniertes Detail darstellt. Dieses Kleid kombiniert klassische Eleganz mit modernem Charme, perfekt f\u00fcr die Braut, die ihre Kurven betonen und gleichzeitig an ihrem gro\u00dfen Tag Komfort ausstrahlen m\u00f6chte.","breadcrumb":{"@id":"https:\/\/www.koonings.com\/de\/product\/rebecca-ingram-colby-24rs174a01-2\/#breadcrumb"},"inLanguage":"de","potentialAction":[{"@type":"ReadAction","target":["https:\/\/www.koonings.com\/de\/product\/rebecca-ingram-colby-24rs174a01-2\/"]}]},{"@type":"ImageObject","inLanguage":"de","@id":"https:\/\/www.koonings.com\/de\/product\/rebecca-ingram-colby-24rs174a01-2\/#primaryimage","url":"https:\/\/www.koonings.com\/wp-content\/uploads\/2025\/09\/51286_af210a2a9ad548c874212f71f328304f595320e871e9b9b91841ff29c3c06f05aecbf042.jpeg","contentUrl":"https:\/\/www.koonings.com\/wp-content\/uploads\/2025\/09\/51286_af210a2a9ad548c874212f71f328304f595320e871e9b9b91841ff29c3c06f05aecbf042.jpeg","width":1440,"height":1920},{"@type":"BreadcrumbList","@id":"https:\/\/www.koonings.com\/de\/product\/rebecca-ingram-colby-24rs174a01-2\/#breadcrumb","itemListElement":[{"@type":"ListItem","position":1,"name":"Home","item":"https:\/\/www.koonings.com\/de\/"},{"@type":"ListItem","position":2,"name":"Rebecca Ingram Colby 24RS174A01"}]},{"@type":"WebSite","@id":"https:\/\/www.koonings.com\/de\/#website","url":"https:\/\/www.koonings.com\/de\/","name":"Koonings","description":"De grootste bruidsmodewinkel ter wereld","publisher":{"@id":"https:\/\/www.koonings.com\/de\/#organization"},"potentialAction":[{"@type":"SearchAction","target":{"@type":"EntryPoint","urlTemplate":"https:\/\/www.koonings.com\/de\/?s={search_term_string}"},"query-input":{"@type":"PropertyValueSpecification","valueRequired":true,"valueName":"search_term_string"}}],"inLanguage":"de"},{"@type":"Organization","@id":"https:\/\/www.koonings.com\/de\/#organization","name":"Koonings","url":"https:\/\/www.koonings.com\/de\/","logo":{"@type":"ImageObject","inLanguage":"de","@id":"https:\/\/www.koonings.com\/de\/#\/schema\/logo\/image\/","url":"https:\/\/www.koonings.com\/wp-content\/uploads\/2024\/07\/logo.png","contentUrl":"https:\/\/www.koonings.com\/wp-content\/uploads\/2024\/07\/logo.png","width":600,"height":428,"caption":"Koonings"},"image":{"@id":"https:\/\/www.koonings.com\/de\/#\/schema\/logo\/image\/"},"sameAs":["https:\/\/www.facebook.com\/kooningstheweddingpalace","https:\/\/www.instagram.com\/kooningstheweddingpalace","https:\/\/www.pinterest.com\/koonings","https:\/\/www.youtube.com\/kooningstheweddingpalace"]}]}},"_links":{"self":[{"href":"https:\/\/www.koonings.com\/de\/wp-json\/wp\/v2\/product\/93832","targetHints":{"allow":["GET"]}}],"collection":[{"href":"https:\/\/www.koonings.com\/de\/wp-json\/wp\/v2\/product"}],"about":[{"href":"https:\/\/www.koonings.com\/de\/wp-json\/wp\/v2\/types\/product"}],"wp:featuredmedia":[{"embeddable":true,"href":"https:\/\/www.koonings.com\/de\/wp-json\/wp\/v2\/media\/92727"}],"wp:attachment":[{"href":"https:\/\/www.koonings.com\/de\/wp-json\/wp\/v2\/media?parent=93832"}],"wp:term":[{"taxonomy":"productdetails","embeddable":true,"href":"https:\/\/www.koonings.com\/de\/wp-json\/wp\/v2\/productdetails?post=93832"},{"taxonomy":"productneck","embeddable":true,"href":"https:\/\/www.koonings.com\/de\/wp-json\/wp\/v2\/productneck?post=93832"},{"taxonomy":"productcolor","embeddable":true,"href":"https:\/\/www.koonings.com\/de\/wp-json\/wp\/v2\/productcolor?post=93832"},{"taxonomy":"maat","embeddable":true,"href":"https:\/\/www.koonings.com\/de\/wp-json\/wp\/v2\/maat?post=93832"},{"taxonomy":"productsupplier","embeddable":true,"href":"https:\/\/www.koonings.com\/de\/wp-json\/wp\/v2\/productsupplier?post=93832"},{"taxonomy":"productsleeve","embeddable":true,"href":"https:\/\/www.koonings.com\/de\/wp-json\/wp\/v2\/productsleeve?post=93832"},{"taxonomy":"productcategory","embeddable":true,"href":"https:\/\/www.koonings.com\/de\/wp-json\/wp\/v2\/productcategory?post=93832"},{"taxonomy":"productsilhouette","embeddable":true,"href":"https:\/\/www.koonings.com\/de\/wp-json\/wp\/v2\/productsilhouette?post=93832"},{"taxonomy":"productstyle","embeddable":true,"href":"https:\/\/www.koonings.com\/de\/wp-json\/wp\/v2\/productstyle?post=93832"}],"curies":[{"name":"wp","href":"https:\/\/api.w.org\/{rel}","templated":true}]}}