{"id":93830,"date":"2026-04-28T18:38:33","date_gmt":"2026-04-28T16:38:33","guid":{"rendered":"https:\/\/www.koonings.com\/product\/rebecca-ingram-cory-25rs313a01\/"},"modified":"2026-02-17T12:52:53","modified_gmt":"2026-02-17T11:52:53","slug":"rebecca-ingram-cory-25rs313a01","status":"publish","type":"product","link":"https:\/\/www.koonings.com\/de\/product\/rebecca-ingram-cory-25rs313a01\/","title":{"rendered":"Rebecca Ingram Cory 25RS313A01"},"content":{"rendered":"<p>Strahlend, elegant und zeitlos: Cory ist ein A-Linien-Hochzeitskleid aus luftigem Chiffon mit einer schmeichelhaften Baskettentaille, die Ihre Silhouette wundersch\u00f6n akzentuiert. Der Seitenschlitz f\u00fcgt ein verspieltes und modernes Detail hinzu, ideal f\u00fcr die Braut, die Stil und Bewegungsfreiheit kombinieren m\u00f6chte. <\/p>\n<p>Perfekt f\u00fcr einen Tag voller Tanz, Spa\u00df und Romantik &#8211; Cory wird Sie bei jedem Schritt an Ihrem gro\u00dfen Tag zum Strahlen bringen.<\/p>\n","protected":false},"featured_media":92744,"template":"","meta":{"_acf_changed":false,"ghostkit_customizer_options":"","ghostkit_custom_css":"","ghostkit_custom_js_head":"","ghostkit_custom_js_foot":"","ghostkit_typography":""},"productdetails":[378],"productneck":[352],"productcolor":[392],"maat":[],"productsupplier":[433],"productsleeve":[359],"productcategory":[18],"productsilhouette":[384,389],"productstyle":[371,370],"class_list":["post-93830","product","type-product","status-publish","has-post-thumbnail","hentry","productdetails-378","productneck-352","productcolor-392","productsupplier-rebecca-ingram","productsleeve-359","productcategory-trouwjurken","productsilhouette-384","productsilhouette-389","productstyle-371","productstyle-370"],"acf":[],"yoast_head":"<!-- This site is optimized with the Yoast SEO plugin v27.3 - https:\/\/yoast.com\/product\/yoast-seo-wordpress\/ -->\n<title>Rebecca Ingram Cory 25RS313A01 | Koonings<\/title>\n<meta name=\"description\" content=\"Strahlend, elegant und zeitlos: Cory ist ein A-Linien-Hochzeitskleid aus luftigem Chiffon mit einer schmeichelhaften Baskettentaille, die Ihre Silhouette wundersch\u00f6n akzentuiert. Der Seitenschlitz f\u00fcgt ein verspieltes und modernes Detail hinzu, ideal f\u00fcr die Braut, die Stil und Bewegungsfreiheit kombinieren m\u00f6chte. Perfekt f\u00fcr einen Tag voller Tanz, Spa\u00df und Romantik - Cory wird Sie bei jedem Schritt an Ihrem gro\u00dfen Tag zum Strahlen bringen.\" \/>\n<meta name=\"robots\" content=\"index, follow, max-snippet:-1, max-image-preview:large, max-video-preview:-1\" \/>\n<link rel=\"canonical\" href=\"https:\/\/www.koonings.com\/de\/product\/rebecca-ingram-cory-25rs313a01\/\" \/>\n<meta property=\"og:locale\" content=\"de_DE\" \/>\n<meta property=\"og:type\" content=\"article\" \/>\n<meta property=\"og:title\" content=\"Rebecca Ingram Cory 25RS313A01 | Koonings\" \/>\n<meta property=\"og:description\" content=\"Strahlend, elegant und zeitlos: Cory ist ein A-Linien-Hochzeitskleid aus luftigem Chiffon mit einer schmeichelhaften Baskettentaille, die Ihre Silhouette wundersch\u00f6n akzentuiert. Der Seitenschlitz f\u00fcgt ein verspieltes und modernes Detail hinzu, ideal f\u00fcr die Braut, die Stil und Bewegungsfreiheit kombinieren m\u00f6chte. Perfekt f\u00fcr einen Tag voller Tanz, Spa\u00df und Romantik - Cory wird Sie bei jedem Schritt an Ihrem gro\u00dfen Tag zum Strahlen bringen.\" \/>\n<meta property=\"og:url\" content=\"https:\/\/www.koonings.com\/de\/product\/rebecca-ingram-cory-25rs313a01\/\" \/>\n<meta property=\"og:site_name\" content=\"Koonings\" \/>\n<meta property=\"article:publisher\" content=\"https:\/\/www.facebook.com\/kooningstheweddingpalace\" \/>\n<meta property=\"og:image\" content=\"https:\/\/www.koonings.com\/wp-content\/uploads\/2025\/09\/51288_8ba95a4e0f967b1d3235f4f5a53ab98a2e07a0e3484d43eed1d21788fcf184489bcf7592.jpeg\" \/>\n\t<meta property=\"og:image:width\" content=\"1440\" \/>\n\t<meta property=\"og:image:height\" content=\"1920\" \/>\n\t<meta property=\"og:image:type\" content=\"image\/jpeg\" \/>\n<meta name=\"twitter:card\" content=\"summary_large_image\" \/>\n<script type=\"application\/ld+json\" class=\"yoast-schema-graph\">{\"@context\":\"https:\\\/\\\/schema.org\",\"@graph\":[{\"@type\":\"WebPage\",\"@id\":\"https:\\\/\\\/www.koonings.com\\\/de\\\/product\\\/rebecca-ingram-cory-25rs313a01\\\/\",\"url\":\"https:\\\/\\\/www.koonings.com\\\/de\\\/product\\\/rebecca-ingram-cory-25rs313a01\\\/\",\"name\":\"Rebecca Ingram Cory 25RS313A01 | Koonings\",\"isPartOf\":{\"@id\":\"https:\\\/\\\/www.koonings.com\\\/de\\\/#website\"},\"primaryImageOfPage\":{\"@id\":\"https:\\\/\\\/www.koonings.com\\\/de\\\/product\\\/rebecca-ingram-cory-25rs313a01\\\/#primaryimage\"},\"image\":{\"@id\":\"https:\\\/\\\/www.koonings.com\\\/de\\\/product\\\/rebecca-ingram-cory-25rs313a01\\\/#primaryimage\"},\"thumbnailUrl\":\"https:\\\/\\\/www.koonings.com\\\/wp-content\\\/uploads\\\/2025\\\/09\\\/51288_8ba95a4e0f967b1d3235f4f5a53ab98a2e07a0e3484d43eed1d21788fcf184489bcf7592.jpeg\",\"datePublished\":\"2026-04-28T16:38:33+00:00\",\"description\":\"Strahlend, elegant und zeitlos: Cory ist ein A-Linien-Hochzeitskleid aus luftigem Chiffon mit einer schmeichelhaften Baskettentaille, die Ihre Silhouette wundersch\u00f6n akzentuiert. Der Seitenschlitz f\u00fcgt ein verspieltes und modernes Detail hinzu, ideal f\u00fcr die Braut, die Stil und Bewegungsfreiheit kombinieren m\u00f6chte. Perfekt f\u00fcr einen Tag voller Tanz, Spa\u00df und Romantik - Cory wird Sie bei jedem Schritt an Ihrem gro\u00dfen Tag zum Strahlen bringen.\",\"breadcrumb\":{\"@id\":\"https:\\\/\\\/www.koonings.com\\\/de\\\/product\\\/rebecca-ingram-cory-25rs313a01\\\/#breadcrumb\"},\"inLanguage\":\"de\",\"potentialAction\":[{\"@type\":\"ReadAction\",\"target\":[\"https:\\\/\\\/www.koonings.com\\\/de\\\/product\\\/rebecca-ingram-cory-25rs313a01\\\/\"]}]},{\"@type\":\"ImageObject\",\"inLanguage\":\"de\",\"@id\":\"https:\\\/\\\/www.koonings.com\\\/de\\\/product\\\/rebecca-ingram-cory-25rs313a01\\\/#primaryimage\",\"url\":\"https:\\\/\\\/www.koonings.com\\\/wp-content\\\/uploads\\\/2025\\\/09\\\/51288_8ba95a4e0f967b1d3235f4f5a53ab98a2e07a0e3484d43eed1d21788fcf184489bcf7592.jpeg\",\"contentUrl\":\"https:\\\/\\\/www.koonings.com\\\/wp-content\\\/uploads\\\/2025\\\/09\\\/51288_8ba95a4e0f967b1d3235f4f5a53ab98a2e07a0e3484d43eed1d21788fcf184489bcf7592.jpeg\",\"width\":1440,\"height\":1920},{\"@type\":\"BreadcrumbList\",\"@id\":\"https:\\\/\\\/www.koonings.com\\\/de\\\/product\\\/rebecca-ingram-cory-25rs313a01\\\/#breadcrumb\",\"itemListElement\":[{\"@type\":\"ListItem\",\"position\":1,\"name\":\"Home\",\"item\":\"https:\\\/\\\/www.koonings.com\\\/de\\\/\"},{\"@type\":\"ListItem\",\"position\":2,\"name\":\"Rebecca Ingram Cory 25RS313A01\"}]},{\"@type\":\"WebSite\",\"@id\":\"https:\\\/\\\/www.koonings.com\\\/de\\\/#website\",\"url\":\"https:\\\/\\\/www.koonings.com\\\/de\\\/\",\"name\":\"Koonings\",\"description\":\"De grootste bruidsmodewinkel ter wereld\",\"publisher\":{\"@id\":\"https:\\\/\\\/www.koonings.com\\\/de\\\/#organization\"},\"potentialAction\":[{\"@type\":\"SearchAction\",\"target\":{\"@type\":\"EntryPoint\",\"urlTemplate\":\"https:\\\/\\\/www.koonings.com\\\/de\\\/?s={search_term_string}\"},\"query-input\":{\"@type\":\"PropertyValueSpecification\",\"valueRequired\":true,\"valueName\":\"search_term_string\"}}],\"inLanguage\":\"de\"},{\"@type\":\"Organization\",\"@id\":\"https:\\\/\\\/www.koonings.com\\\/de\\\/#organization\",\"name\":\"Koonings\",\"url\":\"https:\\\/\\\/www.koonings.com\\\/de\\\/\",\"logo\":{\"@type\":\"ImageObject\",\"inLanguage\":\"de\",\"@id\":\"https:\\\/\\\/www.koonings.com\\\/de\\\/#\\\/schema\\\/logo\\\/image\\\/\",\"url\":\"https:\\\/\\\/www.koonings.com\\\/wp-content\\\/uploads\\\/2024\\\/07\\\/logo.png\",\"contentUrl\":\"https:\\\/\\\/www.koonings.com\\\/wp-content\\\/uploads\\\/2024\\\/07\\\/logo.png\",\"width\":600,\"height\":428,\"caption\":\"Koonings\"},\"image\":{\"@id\":\"https:\\\/\\\/www.koonings.com\\\/de\\\/#\\\/schema\\\/logo\\\/image\\\/\"},\"sameAs\":[\"https:\\\/\\\/www.facebook.com\\\/kooningstheweddingpalace\",\"https:\\\/\\\/www.instagram.com\\\/kooningstheweddingpalace\",\"https:\\\/\\\/www.pinterest.com\\\/koonings\",\"https:\\\/\\\/www.youtube.com\\\/kooningstheweddingpalace\"]}]}<\/script>\n<!-- \/ Yoast SEO plugin. -->","yoast_head_json":{"title":"Rebecca Ingram Cory 25RS313A01 | Koonings","description":"Strahlend, elegant und zeitlos: Cory ist ein A-Linien-Hochzeitskleid aus luftigem Chiffon mit einer schmeichelhaften Baskettentaille, die Ihre Silhouette wundersch\u00f6n akzentuiert. Der Seitenschlitz f\u00fcgt ein verspieltes und modernes Detail hinzu, ideal f\u00fcr die Braut, die Stil und Bewegungsfreiheit kombinieren m\u00f6chte. Perfekt f\u00fcr einen Tag voller Tanz, Spa\u00df und Romantik - Cory wird Sie bei jedem Schritt an Ihrem gro\u00dfen Tag zum Strahlen bringen.","robots":{"index":"index","follow":"follow","max-snippet":"max-snippet:-1","max-image-preview":"max-image-preview:large","max-video-preview":"max-video-preview:-1"},"canonical":"https:\/\/www.koonings.com\/de\/product\/rebecca-ingram-cory-25rs313a01\/","og_locale":"de_DE","og_type":"article","og_title":"Rebecca Ingram Cory 25RS313A01 | Koonings","og_description":"Strahlend, elegant und zeitlos: Cory ist ein A-Linien-Hochzeitskleid aus luftigem Chiffon mit einer schmeichelhaften Baskettentaille, die Ihre Silhouette wundersch\u00f6n akzentuiert. Der Seitenschlitz f\u00fcgt ein verspieltes und modernes Detail hinzu, ideal f\u00fcr die Braut, die Stil und Bewegungsfreiheit kombinieren m\u00f6chte. Perfekt f\u00fcr einen Tag voller Tanz, Spa\u00df und Romantik - Cory wird Sie bei jedem Schritt an Ihrem gro\u00dfen Tag zum Strahlen bringen.","og_url":"https:\/\/www.koonings.com\/de\/product\/rebecca-ingram-cory-25rs313a01\/","og_site_name":"Koonings","article_publisher":"https:\/\/www.facebook.com\/kooningstheweddingpalace","og_image":[{"width":1440,"height":1920,"url":"https:\/\/www.koonings.com\/wp-content\/uploads\/2025\/09\/51288_8ba95a4e0f967b1d3235f4f5a53ab98a2e07a0e3484d43eed1d21788fcf184489bcf7592.jpeg","type":"image\/jpeg"}],"twitter_card":"summary_large_image","schema":{"@context":"https:\/\/schema.org","@graph":[{"@type":"WebPage","@id":"https:\/\/www.koonings.com\/de\/product\/rebecca-ingram-cory-25rs313a01\/","url":"https:\/\/www.koonings.com\/de\/product\/rebecca-ingram-cory-25rs313a01\/","name":"Rebecca Ingram Cory 25RS313A01 | Koonings","isPartOf":{"@id":"https:\/\/www.koonings.com\/de\/#website"},"primaryImageOfPage":{"@id":"https:\/\/www.koonings.com\/de\/product\/rebecca-ingram-cory-25rs313a01\/#primaryimage"},"image":{"@id":"https:\/\/www.koonings.com\/de\/product\/rebecca-ingram-cory-25rs313a01\/#primaryimage"},"thumbnailUrl":"https:\/\/www.koonings.com\/wp-content\/uploads\/2025\/09\/51288_8ba95a4e0f967b1d3235f4f5a53ab98a2e07a0e3484d43eed1d21788fcf184489bcf7592.jpeg","datePublished":"2026-04-28T16:38:33+00:00","description":"Strahlend, elegant und zeitlos: Cory ist ein A-Linien-Hochzeitskleid aus luftigem Chiffon mit einer schmeichelhaften Baskettentaille, die Ihre Silhouette wundersch\u00f6n akzentuiert. Der Seitenschlitz f\u00fcgt ein verspieltes und modernes Detail hinzu, ideal f\u00fcr die Braut, die Stil und Bewegungsfreiheit kombinieren m\u00f6chte. Perfekt f\u00fcr einen Tag voller Tanz, Spa\u00df und Romantik - Cory wird Sie bei jedem Schritt an Ihrem gro\u00dfen Tag zum Strahlen bringen.","breadcrumb":{"@id":"https:\/\/www.koonings.com\/de\/product\/rebecca-ingram-cory-25rs313a01\/#breadcrumb"},"inLanguage":"de","potentialAction":[{"@type":"ReadAction","target":["https:\/\/www.koonings.com\/de\/product\/rebecca-ingram-cory-25rs313a01\/"]}]},{"@type":"ImageObject","inLanguage":"de","@id":"https:\/\/www.koonings.com\/de\/product\/rebecca-ingram-cory-25rs313a01\/#primaryimage","url":"https:\/\/www.koonings.com\/wp-content\/uploads\/2025\/09\/51288_8ba95a4e0f967b1d3235f4f5a53ab98a2e07a0e3484d43eed1d21788fcf184489bcf7592.jpeg","contentUrl":"https:\/\/www.koonings.com\/wp-content\/uploads\/2025\/09\/51288_8ba95a4e0f967b1d3235f4f5a53ab98a2e07a0e3484d43eed1d21788fcf184489bcf7592.jpeg","width":1440,"height":1920},{"@type":"BreadcrumbList","@id":"https:\/\/www.koonings.com\/de\/product\/rebecca-ingram-cory-25rs313a01\/#breadcrumb","itemListElement":[{"@type":"ListItem","position":1,"name":"Home","item":"https:\/\/www.koonings.com\/de\/"},{"@type":"ListItem","position":2,"name":"Rebecca Ingram Cory 25RS313A01"}]},{"@type":"WebSite","@id":"https:\/\/www.koonings.com\/de\/#website","url":"https:\/\/www.koonings.com\/de\/","name":"Koonings","description":"De grootste bruidsmodewinkel ter wereld","publisher":{"@id":"https:\/\/www.koonings.com\/de\/#organization"},"potentialAction":[{"@type":"SearchAction","target":{"@type":"EntryPoint","urlTemplate":"https:\/\/www.koonings.com\/de\/?s={search_term_string}"},"query-input":{"@type":"PropertyValueSpecification","valueRequired":true,"valueName":"search_term_string"}}],"inLanguage":"de"},{"@type":"Organization","@id":"https:\/\/www.koonings.com\/de\/#organization","name":"Koonings","url":"https:\/\/www.koonings.com\/de\/","logo":{"@type":"ImageObject","inLanguage":"de","@id":"https:\/\/www.koonings.com\/de\/#\/schema\/logo\/image\/","url":"https:\/\/www.koonings.com\/wp-content\/uploads\/2024\/07\/logo.png","contentUrl":"https:\/\/www.koonings.com\/wp-content\/uploads\/2024\/07\/logo.png","width":600,"height":428,"caption":"Koonings"},"image":{"@id":"https:\/\/www.koonings.com\/de\/#\/schema\/logo\/image\/"},"sameAs":["https:\/\/www.facebook.com\/kooningstheweddingpalace","https:\/\/www.instagram.com\/kooningstheweddingpalace","https:\/\/www.pinterest.com\/koonings","https:\/\/www.youtube.com\/kooningstheweddingpalace"]}]}},"_links":{"self":[{"href":"https:\/\/www.koonings.com\/de\/wp-json\/wp\/v2\/product\/93830","targetHints":{"allow":["GET"]}}],"collection":[{"href":"https:\/\/www.koonings.com\/de\/wp-json\/wp\/v2\/product"}],"about":[{"href":"https:\/\/www.koonings.com\/de\/wp-json\/wp\/v2\/types\/product"}],"wp:featuredmedia":[{"embeddable":true,"href":"https:\/\/www.koonings.com\/de\/wp-json\/wp\/v2\/media\/92744"}],"wp:attachment":[{"href":"https:\/\/www.koonings.com\/de\/wp-json\/wp\/v2\/media?parent=93830"}],"wp:term":[{"taxonomy":"productdetails","embeddable":true,"href":"https:\/\/www.koonings.com\/de\/wp-json\/wp\/v2\/productdetails?post=93830"},{"taxonomy":"productneck","embeddable":true,"href":"https:\/\/www.koonings.com\/de\/wp-json\/wp\/v2\/productneck?post=93830"},{"taxonomy":"productcolor","embeddable":true,"href":"https:\/\/www.koonings.com\/de\/wp-json\/wp\/v2\/productcolor?post=93830"},{"taxonomy":"maat","embeddable":true,"href":"https:\/\/www.koonings.com\/de\/wp-json\/wp\/v2\/maat?post=93830"},{"taxonomy":"productsupplier","embeddable":true,"href":"https:\/\/www.koonings.com\/de\/wp-json\/wp\/v2\/productsupplier?post=93830"},{"taxonomy":"productsleeve","embeddable":true,"href":"https:\/\/www.koonings.com\/de\/wp-json\/wp\/v2\/productsleeve?post=93830"},{"taxonomy":"productcategory","embeddable":true,"href":"https:\/\/www.koonings.com\/de\/wp-json\/wp\/v2\/productcategory?post=93830"},{"taxonomy":"productsilhouette","embeddable":true,"href":"https:\/\/www.koonings.com\/de\/wp-json\/wp\/v2\/productsilhouette?post=93830"},{"taxonomy":"productstyle","embeddable":true,"href":"https:\/\/www.koonings.com\/de\/wp-json\/wp\/v2\/productstyle?post=93830"}],"curies":[{"name":"wp","href":"https:\/\/api.w.org\/{rel}","templated":true}]}}