{"id":93826,"date":"2026-05-06T15:40:46","date_gmt":"2026-05-06T13:40:46","guid":{"rendered":"https:\/\/www.koonings.com\/product\/azuree-braut-anouk-426-0291\/"},"modified":"2026-02-17T12:52:16","modified_gmt":"2026-02-17T11:52:16","slug":"azuree-braut-anouk-426-0291","status":"publish","type":"product","link":"https:\/\/www.koonings.com\/de\/product\/azuree-braut-anouk-426-0291\/","title":{"rendered":"Azuree Braut Anouk 426.0291"},"content":{"rendered":"<p>Das Anouk Hochzeitskleid ist eine wunderbare Wahl f\u00fcr Br\u00e4ute, die eine Kombination aus Eleganz und Modernit\u00e4t suchen. Das Kleid hat einen tiefen V-Ausschnitt, der einen raffinierten und verf\u00fchrerischen Look erzeugt. Die zarten 3D-Spitzenapplikationen auf dem durchsichtigen Mieder sorgen f\u00fcr einen Hauch von Romantik, w\u00e4hrend die seitlichen Ausschnitte dem Kleid einen modernen Twist verleihen. Diese Kombination aus klassischen und modernen Elementen macht das Anouk 24240 zu einer vielseitigen Wahl. Das Schl\u00fcsselloch im R\u00fccken und die Illusionsschleppe sorgen f\u00fcr ein dramatisches Element, das perfekt f\u00fcr eine Braut ist, die auffallen m\u00f6chte. Die Schleppe bewegt sich wundersch\u00f6n bei jedem Schritt und sorgt f\u00fcr einen beeindruckenden Auftritt. Dieses Kleid wurde f\u00fcr Br\u00e4ute entworfen, die Raffinesse lieben und sich nicht scheuen, ihre Pers\u00f6nlichkeit an ihrem besonderen Tag zu zeigen. Das Anouk ist ein Statement-St\u00fcck, das sowohl elegant als auch auffallend ist.       <\/p>\n","protected":false},"featured_media":92531,"template":"","meta":{"_acf_changed":false,"ghostkit_customizer_options":"","ghostkit_custom_css":"","ghostkit_custom_js_head":"","ghostkit_custom_js_foot":"","ghostkit_typography":""},"productdetails":[379,383],"productneck":[356],"productcolor":[393,392],"maat":[],"productsupplier":[533],"productsleeve":[359],"productcategory":[18],"productsilhouette":[387],"productstyle":[369,371],"class_list":["post-93826","product","type-product","status-publish","has-post-thumbnail","hentry","productdetails-379","productdetails-383","productneck-356","productcolor-393","productcolor-392","productsupplier-azuree-bridal","productsleeve-359","productcategory-trouwjurken","productsilhouette-387","productstyle-369","productstyle-371"],"acf":[],"yoast_head":"<!-- This site is optimized with the Yoast SEO plugin v27.3 - https:\/\/yoast.com\/product\/yoast-seo-wordpress\/ -->\n<title>Azuree Braut Anouk 426.0291 | Koonings<\/title>\n<meta name=\"description\" content=\"Das Anouk Hochzeitskleid ist eine wunderbare Wahl f\u00fcr Br\u00e4ute, die eine Kombination aus Eleganz und Modernit\u00e4t suchen. Das Kleid hat einen tiefen V-Ausschnitt, der einen raffinierten und verf\u00fchrerischen Look erzeugt. Die zarten 3D-Spitzenapplikationen auf dem durchsichtigen Mieder sorgen f\u00fcr einen Hauch von Romantik, w\u00e4hrend die seitlichen Ausschnitte dem Kleid einen modernen Twist verleihen. Diese Kombination aus klassischen und modernen Elementen macht das Anouk 24240 zu einer vielseitigen Wahl. Das Schl\u00fcsselloch im R\u00fccken und die Illusionsschleppe sorgen f\u00fcr ein dramatisches Element, das perfekt f\u00fcr eine Braut ist, die auffallen m\u00f6chte. Die Schleppe bewegt sich wundersch\u00f6n bei jedem Schritt und sorgt f\u00fcr einen beeindruckenden Auftritt. Dieses Kleid wurde f\u00fcr Br\u00e4ute entworfen, die Raffinesse lieben und sich nicht scheuen, ihre Pers\u00f6nlichkeit an ihrem besonderen Tag zu zeigen. Das Anouk ist ein Statement-St\u00fcck, das sowohl elegant als auch auffallend ist.\" \/>\n<meta name=\"robots\" content=\"index, follow, max-snippet:-1, max-image-preview:large, max-video-preview:-1\" \/>\n<link rel=\"canonical\" href=\"https:\/\/www.koonings.com\/de\/product\/azuree-braut-anouk-426-0291\/\" \/>\n<meta property=\"og:locale\" content=\"de_DE\" \/>\n<meta property=\"og:type\" content=\"article\" \/>\n<meta property=\"og:title\" content=\"Azuree Braut Anouk 426.0291 | Koonings\" \/>\n<meta property=\"og:description\" content=\"Das Anouk Hochzeitskleid ist eine wunderbare Wahl f\u00fcr Br\u00e4ute, die eine Kombination aus Eleganz und Modernit\u00e4t suchen. Das Kleid hat einen tiefen V-Ausschnitt, der einen raffinierten und verf\u00fchrerischen Look erzeugt. Die zarten 3D-Spitzenapplikationen auf dem durchsichtigen Mieder sorgen f\u00fcr einen Hauch von Romantik, w\u00e4hrend die seitlichen Ausschnitte dem Kleid einen modernen Twist verleihen. Diese Kombination aus klassischen und modernen Elementen macht das Anouk 24240 zu einer vielseitigen Wahl. Das Schl\u00fcsselloch im R\u00fccken und die Illusionsschleppe sorgen f\u00fcr ein dramatisches Element, das perfekt f\u00fcr eine Braut ist, die auffallen m\u00f6chte. Die Schleppe bewegt sich wundersch\u00f6n bei jedem Schritt und sorgt f\u00fcr einen beeindruckenden Auftritt. Dieses Kleid wurde f\u00fcr Br\u00e4ute entworfen, die Raffinesse lieben und sich nicht scheuen, ihre Pers\u00f6nlichkeit an ihrem besonderen Tag zu zeigen. Das Anouk ist ein Statement-St\u00fcck, das sowohl elegant als auch auffallend ist.\" \/>\n<meta property=\"og:url\" content=\"https:\/\/www.koonings.com\/de\/product\/azuree-braut-anouk-426-0291\/\" \/>\n<meta property=\"og:site_name\" content=\"Koonings\" \/>\n<meta property=\"article:publisher\" content=\"https:\/\/www.facebook.com\/kooningstheweddingpalace\" \/>\n<meta property=\"og:image\" content=\"https:\/\/www.koonings.com\/wp-content\/uploads\/2025\/09\/51488_3049051068e04fc3f06048f0ab753524e05e1cc70c8721536cb6c1a3741800fc81597e72.jpeg\" \/>\n\t<meta property=\"og:image:width\" content=\"1567\" \/>\n\t<meta property=\"og:image:height\" content=\"2212\" \/>\n\t<meta property=\"og:image:type\" content=\"image\/jpeg\" \/>\n<meta name=\"twitter:card\" content=\"summary_large_image\" \/>\n<meta name=\"twitter:label1\" content=\"Gesch\u00e4tzte Lesezeit\" \/>\n\t<meta name=\"twitter:data1\" content=\"1\u00a0Minute\" \/>\n<script type=\"application\/ld+json\" class=\"yoast-schema-graph\">{\"@context\":\"https:\\\/\\\/schema.org\",\"@graph\":[{\"@type\":\"WebPage\",\"@id\":\"https:\\\/\\\/www.koonings.com\\\/de\\\/product\\\/azuree-braut-anouk-426-0291\\\/\",\"url\":\"https:\\\/\\\/www.koonings.com\\\/de\\\/product\\\/azuree-braut-anouk-426-0291\\\/\",\"name\":\"Azuree Braut Anouk 426.0291 | Koonings\",\"isPartOf\":{\"@id\":\"https:\\\/\\\/www.koonings.com\\\/de\\\/#website\"},\"primaryImageOfPage\":{\"@id\":\"https:\\\/\\\/www.koonings.com\\\/de\\\/product\\\/azuree-braut-anouk-426-0291\\\/#primaryimage\"},\"image\":{\"@id\":\"https:\\\/\\\/www.koonings.com\\\/de\\\/product\\\/azuree-braut-anouk-426-0291\\\/#primaryimage\"},\"thumbnailUrl\":\"https:\\\/\\\/www.koonings.com\\\/wp-content\\\/uploads\\\/2025\\\/09\\\/51488_3049051068e04fc3f06048f0ab753524e05e1cc70c8721536cb6c1a3741800fc81597e72.jpeg\",\"datePublished\":\"2026-05-06T13:40:46+00:00\",\"description\":\"Das Anouk Hochzeitskleid ist eine wunderbare Wahl f\u00fcr Br\u00e4ute, die eine Kombination aus Eleganz und Modernit\u00e4t suchen. Das Kleid hat einen tiefen V-Ausschnitt, der einen raffinierten und verf\u00fchrerischen Look erzeugt. Die zarten 3D-Spitzenapplikationen auf dem durchsichtigen Mieder sorgen f\u00fcr einen Hauch von Romantik, w\u00e4hrend die seitlichen Ausschnitte dem Kleid einen modernen Twist verleihen. Diese Kombination aus klassischen und modernen Elementen macht das Anouk 24240 zu einer vielseitigen Wahl. Das Schl\u00fcsselloch im R\u00fccken und die Illusionsschleppe sorgen f\u00fcr ein dramatisches Element, das perfekt f\u00fcr eine Braut ist, die auffallen m\u00f6chte. Die Schleppe bewegt sich wundersch\u00f6n bei jedem Schritt und sorgt f\u00fcr einen beeindruckenden Auftritt. Dieses Kleid wurde f\u00fcr Br\u00e4ute entworfen, die Raffinesse lieben und sich nicht scheuen, ihre Pers\u00f6nlichkeit an ihrem besonderen Tag zu zeigen. Das Anouk ist ein Statement-St\u00fcck, das sowohl elegant als auch auffallend ist.\",\"breadcrumb\":{\"@id\":\"https:\\\/\\\/www.koonings.com\\\/de\\\/product\\\/azuree-braut-anouk-426-0291\\\/#breadcrumb\"},\"inLanguage\":\"de\",\"potentialAction\":[{\"@type\":\"ReadAction\",\"target\":[\"https:\\\/\\\/www.koonings.com\\\/de\\\/product\\\/azuree-braut-anouk-426-0291\\\/\"]}]},{\"@type\":\"ImageObject\",\"inLanguage\":\"de\",\"@id\":\"https:\\\/\\\/www.koonings.com\\\/de\\\/product\\\/azuree-braut-anouk-426-0291\\\/#primaryimage\",\"url\":\"https:\\\/\\\/www.koonings.com\\\/wp-content\\\/uploads\\\/2025\\\/09\\\/51488_3049051068e04fc3f06048f0ab753524e05e1cc70c8721536cb6c1a3741800fc81597e72.jpeg\",\"contentUrl\":\"https:\\\/\\\/www.koonings.com\\\/wp-content\\\/uploads\\\/2025\\\/09\\\/51488_3049051068e04fc3f06048f0ab753524e05e1cc70c8721536cb6c1a3741800fc81597e72.jpeg\",\"width\":1567,\"height\":2212},{\"@type\":\"BreadcrumbList\",\"@id\":\"https:\\\/\\\/www.koonings.com\\\/de\\\/product\\\/azuree-braut-anouk-426-0291\\\/#breadcrumb\",\"itemListElement\":[{\"@type\":\"ListItem\",\"position\":1,\"name\":\"Home\",\"item\":\"https:\\\/\\\/www.koonings.com\\\/de\\\/\"},{\"@type\":\"ListItem\",\"position\":2,\"name\":\"Azuree Braut Anouk 426.0291\"}]},{\"@type\":\"WebSite\",\"@id\":\"https:\\\/\\\/www.koonings.com\\\/de\\\/#website\",\"url\":\"https:\\\/\\\/www.koonings.com\\\/de\\\/\",\"name\":\"Koonings\",\"description\":\"De grootste bruidsmodewinkel ter wereld\",\"publisher\":{\"@id\":\"https:\\\/\\\/www.koonings.com\\\/de\\\/#organization\"},\"potentialAction\":[{\"@type\":\"SearchAction\",\"target\":{\"@type\":\"EntryPoint\",\"urlTemplate\":\"https:\\\/\\\/www.koonings.com\\\/de\\\/?s={search_term_string}\"},\"query-input\":{\"@type\":\"PropertyValueSpecification\",\"valueRequired\":true,\"valueName\":\"search_term_string\"}}],\"inLanguage\":\"de\"},{\"@type\":\"Organization\",\"@id\":\"https:\\\/\\\/www.koonings.com\\\/de\\\/#organization\",\"name\":\"Koonings\",\"url\":\"https:\\\/\\\/www.koonings.com\\\/de\\\/\",\"logo\":{\"@type\":\"ImageObject\",\"inLanguage\":\"de\",\"@id\":\"https:\\\/\\\/www.koonings.com\\\/de\\\/#\\\/schema\\\/logo\\\/image\\\/\",\"url\":\"https:\\\/\\\/www.koonings.com\\\/wp-content\\\/uploads\\\/2024\\\/07\\\/logo.png\",\"contentUrl\":\"https:\\\/\\\/www.koonings.com\\\/wp-content\\\/uploads\\\/2024\\\/07\\\/logo.png\",\"width\":600,\"height\":428,\"caption\":\"Koonings\"},\"image\":{\"@id\":\"https:\\\/\\\/www.koonings.com\\\/de\\\/#\\\/schema\\\/logo\\\/image\\\/\"},\"sameAs\":[\"https:\\\/\\\/www.facebook.com\\\/kooningstheweddingpalace\",\"https:\\\/\\\/www.instagram.com\\\/kooningstheweddingpalace\",\"https:\\\/\\\/www.pinterest.com\\\/koonings\",\"https:\\\/\\\/www.youtube.com\\\/kooningstheweddingpalace\"]}]}<\/script>\n<!-- \/ Yoast SEO plugin. -->","yoast_head_json":{"title":"Azuree Braut Anouk 426.0291 | Koonings","description":"Das Anouk Hochzeitskleid ist eine wunderbare Wahl f\u00fcr Br\u00e4ute, die eine Kombination aus Eleganz und Modernit\u00e4t suchen. Das Kleid hat einen tiefen V-Ausschnitt, der einen raffinierten und verf\u00fchrerischen Look erzeugt. Die zarten 3D-Spitzenapplikationen auf dem durchsichtigen Mieder sorgen f\u00fcr einen Hauch von Romantik, w\u00e4hrend die seitlichen Ausschnitte dem Kleid einen modernen Twist verleihen. Diese Kombination aus klassischen und modernen Elementen macht das Anouk 24240 zu einer vielseitigen Wahl. Das Schl\u00fcsselloch im R\u00fccken und die Illusionsschleppe sorgen f\u00fcr ein dramatisches Element, das perfekt f\u00fcr eine Braut ist, die auffallen m\u00f6chte. Die Schleppe bewegt sich wundersch\u00f6n bei jedem Schritt und sorgt f\u00fcr einen beeindruckenden Auftritt. Dieses Kleid wurde f\u00fcr Br\u00e4ute entworfen, die Raffinesse lieben und sich nicht scheuen, ihre Pers\u00f6nlichkeit an ihrem besonderen Tag zu zeigen. Das Anouk ist ein Statement-St\u00fcck, das sowohl elegant als auch auffallend ist.","robots":{"index":"index","follow":"follow","max-snippet":"max-snippet:-1","max-image-preview":"max-image-preview:large","max-video-preview":"max-video-preview:-1"},"canonical":"https:\/\/www.koonings.com\/de\/product\/azuree-braut-anouk-426-0291\/","og_locale":"de_DE","og_type":"article","og_title":"Azuree Braut Anouk 426.0291 | Koonings","og_description":"Das Anouk Hochzeitskleid ist eine wunderbare Wahl f\u00fcr Br\u00e4ute, die eine Kombination aus Eleganz und Modernit\u00e4t suchen. Das Kleid hat einen tiefen V-Ausschnitt, der einen raffinierten und verf\u00fchrerischen Look erzeugt. Die zarten 3D-Spitzenapplikationen auf dem durchsichtigen Mieder sorgen f\u00fcr einen Hauch von Romantik, w\u00e4hrend die seitlichen Ausschnitte dem Kleid einen modernen Twist verleihen. Diese Kombination aus klassischen und modernen Elementen macht das Anouk 24240 zu einer vielseitigen Wahl. Das Schl\u00fcsselloch im R\u00fccken und die Illusionsschleppe sorgen f\u00fcr ein dramatisches Element, das perfekt f\u00fcr eine Braut ist, die auffallen m\u00f6chte. Die Schleppe bewegt sich wundersch\u00f6n bei jedem Schritt und sorgt f\u00fcr einen beeindruckenden Auftritt. Dieses Kleid wurde f\u00fcr Br\u00e4ute entworfen, die Raffinesse lieben und sich nicht scheuen, ihre Pers\u00f6nlichkeit an ihrem besonderen Tag zu zeigen. Das Anouk ist ein Statement-St\u00fcck, das sowohl elegant als auch auffallend ist.","og_url":"https:\/\/www.koonings.com\/de\/product\/azuree-braut-anouk-426-0291\/","og_site_name":"Koonings","article_publisher":"https:\/\/www.facebook.com\/kooningstheweddingpalace","og_image":[{"width":1567,"height":2212,"url":"https:\/\/www.koonings.com\/wp-content\/uploads\/2025\/09\/51488_3049051068e04fc3f06048f0ab753524e05e1cc70c8721536cb6c1a3741800fc81597e72.jpeg","type":"image\/jpeg"}],"twitter_card":"summary_large_image","twitter_misc":{"Gesch\u00e4tzte Lesezeit":"1\u00a0Minute"},"schema":{"@context":"https:\/\/schema.org","@graph":[{"@type":"WebPage","@id":"https:\/\/www.koonings.com\/de\/product\/azuree-braut-anouk-426-0291\/","url":"https:\/\/www.koonings.com\/de\/product\/azuree-braut-anouk-426-0291\/","name":"Azuree Braut Anouk 426.0291 | Koonings","isPartOf":{"@id":"https:\/\/www.koonings.com\/de\/#website"},"primaryImageOfPage":{"@id":"https:\/\/www.koonings.com\/de\/product\/azuree-braut-anouk-426-0291\/#primaryimage"},"image":{"@id":"https:\/\/www.koonings.com\/de\/product\/azuree-braut-anouk-426-0291\/#primaryimage"},"thumbnailUrl":"https:\/\/www.koonings.com\/wp-content\/uploads\/2025\/09\/51488_3049051068e04fc3f06048f0ab753524e05e1cc70c8721536cb6c1a3741800fc81597e72.jpeg","datePublished":"2026-05-06T13:40:46+00:00","description":"Das Anouk Hochzeitskleid ist eine wunderbare Wahl f\u00fcr Br\u00e4ute, die eine Kombination aus Eleganz und Modernit\u00e4t suchen. Das Kleid hat einen tiefen V-Ausschnitt, der einen raffinierten und verf\u00fchrerischen Look erzeugt. Die zarten 3D-Spitzenapplikationen auf dem durchsichtigen Mieder sorgen f\u00fcr einen Hauch von Romantik, w\u00e4hrend die seitlichen Ausschnitte dem Kleid einen modernen Twist verleihen. Diese Kombination aus klassischen und modernen Elementen macht das Anouk 24240 zu einer vielseitigen Wahl. Das Schl\u00fcsselloch im R\u00fccken und die Illusionsschleppe sorgen f\u00fcr ein dramatisches Element, das perfekt f\u00fcr eine Braut ist, die auffallen m\u00f6chte. Die Schleppe bewegt sich wundersch\u00f6n bei jedem Schritt und sorgt f\u00fcr einen beeindruckenden Auftritt. Dieses Kleid wurde f\u00fcr Br\u00e4ute entworfen, die Raffinesse lieben und sich nicht scheuen, ihre Pers\u00f6nlichkeit an ihrem besonderen Tag zu zeigen. Das Anouk ist ein Statement-St\u00fcck, das sowohl elegant als auch auffallend ist.","breadcrumb":{"@id":"https:\/\/www.koonings.com\/de\/product\/azuree-braut-anouk-426-0291\/#breadcrumb"},"inLanguage":"de","potentialAction":[{"@type":"ReadAction","target":["https:\/\/www.koonings.com\/de\/product\/azuree-braut-anouk-426-0291\/"]}]},{"@type":"ImageObject","inLanguage":"de","@id":"https:\/\/www.koonings.com\/de\/product\/azuree-braut-anouk-426-0291\/#primaryimage","url":"https:\/\/www.koonings.com\/wp-content\/uploads\/2025\/09\/51488_3049051068e04fc3f06048f0ab753524e05e1cc70c8721536cb6c1a3741800fc81597e72.jpeg","contentUrl":"https:\/\/www.koonings.com\/wp-content\/uploads\/2025\/09\/51488_3049051068e04fc3f06048f0ab753524e05e1cc70c8721536cb6c1a3741800fc81597e72.jpeg","width":1567,"height":2212},{"@type":"BreadcrumbList","@id":"https:\/\/www.koonings.com\/de\/product\/azuree-braut-anouk-426-0291\/#breadcrumb","itemListElement":[{"@type":"ListItem","position":1,"name":"Home","item":"https:\/\/www.koonings.com\/de\/"},{"@type":"ListItem","position":2,"name":"Azuree Braut Anouk 426.0291"}]},{"@type":"WebSite","@id":"https:\/\/www.koonings.com\/de\/#website","url":"https:\/\/www.koonings.com\/de\/","name":"Koonings","description":"De grootste bruidsmodewinkel ter wereld","publisher":{"@id":"https:\/\/www.koonings.com\/de\/#organization"},"potentialAction":[{"@type":"SearchAction","target":{"@type":"EntryPoint","urlTemplate":"https:\/\/www.koonings.com\/de\/?s={search_term_string}"},"query-input":{"@type":"PropertyValueSpecification","valueRequired":true,"valueName":"search_term_string"}}],"inLanguage":"de"},{"@type":"Organization","@id":"https:\/\/www.koonings.com\/de\/#organization","name":"Koonings","url":"https:\/\/www.koonings.com\/de\/","logo":{"@type":"ImageObject","inLanguage":"de","@id":"https:\/\/www.koonings.com\/de\/#\/schema\/logo\/image\/","url":"https:\/\/www.koonings.com\/wp-content\/uploads\/2024\/07\/logo.png","contentUrl":"https:\/\/www.koonings.com\/wp-content\/uploads\/2024\/07\/logo.png","width":600,"height":428,"caption":"Koonings"},"image":{"@id":"https:\/\/www.koonings.com\/de\/#\/schema\/logo\/image\/"},"sameAs":["https:\/\/www.facebook.com\/kooningstheweddingpalace","https:\/\/www.instagram.com\/kooningstheweddingpalace","https:\/\/www.pinterest.com\/koonings","https:\/\/www.youtube.com\/kooningstheweddingpalace"]}]}},"_links":{"self":[{"href":"https:\/\/www.koonings.com\/de\/wp-json\/wp\/v2\/product\/93826","targetHints":{"allow":["GET"]}}],"collection":[{"href":"https:\/\/www.koonings.com\/de\/wp-json\/wp\/v2\/product"}],"about":[{"href":"https:\/\/www.koonings.com\/de\/wp-json\/wp\/v2\/types\/product"}],"wp:featuredmedia":[{"embeddable":true,"href":"https:\/\/www.koonings.com\/de\/wp-json\/wp\/v2\/media\/92531"}],"wp:attachment":[{"href":"https:\/\/www.koonings.com\/de\/wp-json\/wp\/v2\/media?parent=93826"}],"wp:term":[{"taxonomy":"productdetails","embeddable":true,"href":"https:\/\/www.koonings.com\/de\/wp-json\/wp\/v2\/productdetails?post=93826"},{"taxonomy":"productneck","embeddable":true,"href":"https:\/\/www.koonings.com\/de\/wp-json\/wp\/v2\/productneck?post=93826"},{"taxonomy":"productcolor","embeddable":true,"href":"https:\/\/www.koonings.com\/de\/wp-json\/wp\/v2\/productcolor?post=93826"},{"taxonomy":"maat","embeddable":true,"href":"https:\/\/www.koonings.com\/de\/wp-json\/wp\/v2\/maat?post=93826"},{"taxonomy":"productsupplier","embeddable":true,"href":"https:\/\/www.koonings.com\/de\/wp-json\/wp\/v2\/productsupplier?post=93826"},{"taxonomy":"productsleeve","embeddable":true,"href":"https:\/\/www.koonings.com\/de\/wp-json\/wp\/v2\/productsleeve?post=93826"},{"taxonomy":"productcategory","embeddable":true,"href":"https:\/\/www.koonings.com\/de\/wp-json\/wp\/v2\/productcategory?post=93826"},{"taxonomy":"productsilhouette","embeddable":true,"href":"https:\/\/www.koonings.com\/de\/wp-json\/wp\/v2\/productsilhouette?post=93826"},{"taxonomy":"productstyle","embeddable":true,"href":"https:\/\/www.koonings.com\/de\/wp-json\/wp\/v2\/productstyle?post=93826"}],"curies":[{"name":"wp","href":"https:\/\/api.w.org\/{rel}","templated":true}]}}