{"id":93825,"date":"2026-05-06T15:40:41","date_gmt":"2026-05-06T13:40:41","guid":{"rendered":"https:\/\/www.koonings.com\/product\/azuree-braut-alexandra-426-0111\/"},"modified":"2026-02-17T12:53:30","modified_gmt":"2026-02-17T11:53:30","slug":"azuree-braut-alexandra-426-0111","status":"publish","type":"product","link":"https:\/\/www.koonings.com\/de\/product\/azuree-braut-alexandra-426-0111\/","title":{"rendered":"Azuree Braut Alexandra 426.0111"},"content":{"rendered":"<p>Das Alexandra Hochzeitskleid ist ideal f\u00fcr die Braut, die auf der Suche nach Raffinesse und einem modernen Look ist. Das Kleid hat einen tiefen Ausschnitt mit perlenbesetzten Spaghettitr\u00e4gern, die f\u00fcr einen sinnlichen und eleganten Look sorgen. Die Spitzenapplikationen auf dem Mieder verleihen dem Kleid einen romantischen Touch, w\u00e4hrend der tiefe Ausschnitt eine moderne Note verleiht. Dieses Kleid wurde f\u00fcr Br\u00e4ute entworfen, die einen stilvollen und zugleich romantischen Look lieben. Der Rock aus Chiffon f\u00e4llt wundersch\u00f6n und ist so konzipiert, dass er leicht und luftig ist und jede Bewegung anmutig erscheinen l\u00e4sst. Das Schl\u00fcsselloch im R\u00fccken verleiht dem Kleid ein besonderes Detail und l\u00e4sst es aus jedem Blickwinkel beeindruckend aussehen. Das Alexandra ist perfekt f\u00fcr eine Braut, die ein Kleid sucht, das sowohl Raffinesse als auch einen Hauch von Glamour bietet.      <\/p>\n","protected":false},"featured_media":92363,"template":"","meta":{"_acf_changed":false,"ghostkit_customizer_options":"","ghostkit_custom_css":"","ghostkit_custom_js_head":"","ghostkit_custom_js_foot":"","ghostkit_typography":""},"productdetails":[376],"productneck":[356],"productcolor":[393,392],"maat":[],"productsupplier":[533],"productsleeve":[359],"productcategory":[18],"productsilhouette":[384,389],"productstyle":[365,371],"class_list":["post-93825","product","type-product","status-publish","has-post-thumbnail","hentry","productdetails-376","productneck-356","productcolor-393","productcolor-392","productsupplier-azuree-bridal","productsleeve-359","productcategory-trouwjurken","productsilhouette-384","productsilhouette-389","productstyle-365","productstyle-371"],"acf":[],"yoast_head":"<!-- This site is optimized with the Yoast SEO plugin v27.3 - https:\/\/yoast.com\/product\/yoast-seo-wordpress\/ -->\n<title>Azuree Braut Alexandra 426.0111 | Koonings<\/title>\n<meta name=\"description\" content=\"Das Alexandra Hochzeitskleid ist ideal f\u00fcr die Braut, die auf der Suche nach Raffinesse und einem modernen Look ist. Das Kleid hat einen tiefen Ausschnitt mit perlenbesetzten Spaghettitr\u00e4gern, die f\u00fcr einen sinnlichen und eleganten Look sorgen. Die Spitzenapplikationen auf dem Mieder verleihen dem Kleid einen romantischen Touch, w\u00e4hrend der tiefe Ausschnitt eine moderne Note verleiht. Dieses Kleid wurde f\u00fcr Br\u00e4ute entworfen, die einen stilvollen und zugleich romantischen Look lieben. Der Rock aus Chiffon f\u00e4llt wundersch\u00f6n und ist so konzipiert, dass er leicht und luftig ist und jede Bewegung anmutig erscheinen l\u00e4sst. Das Schl\u00fcsselloch im R\u00fccken verleiht dem Kleid ein besonderes Detail und l\u00e4sst es aus jedem Blickwinkel beeindruckend aussehen. Das Alexandra ist perfekt f\u00fcr eine Braut, die ein Kleid sucht, das sowohl Raffinesse als auch einen Hauch von Glamour bietet.\" \/>\n<meta name=\"robots\" content=\"index, follow, max-snippet:-1, max-image-preview:large, max-video-preview:-1\" \/>\n<link rel=\"canonical\" href=\"https:\/\/www.koonings.com\/de\/product\/azuree-braut-alexandra-426-0111\/\" \/>\n<meta property=\"og:locale\" content=\"de_DE\" \/>\n<meta property=\"og:type\" content=\"article\" \/>\n<meta property=\"og:title\" content=\"Azuree Braut Alexandra 426.0111 | Koonings\" \/>\n<meta property=\"og:description\" content=\"Das Alexandra Hochzeitskleid ist ideal f\u00fcr die Braut, die auf der Suche nach Raffinesse und einem modernen Look ist. Das Kleid hat einen tiefen Ausschnitt mit perlenbesetzten Spaghettitr\u00e4gern, die f\u00fcr einen sinnlichen und eleganten Look sorgen. Die Spitzenapplikationen auf dem Mieder verleihen dem Kleid einen romantischen Touch, w\u00e4hrend der tiefe Ausschnitt eine moderne Note verleiht. Dieses Kleid wurde f\u00fcr Br\u00e4ute entworfen, die einen stilvollen und zugleich romantischen Look lieben. Der Rock aus Chiffon f\u00e4llt wundersch\u00f6n und ist so konzipiert, dass er leicht und luftig ist und jede Bewegung anmutig erscheinen l\u00e4sst. Das Schl\u00fcsselloch im R\u00fccken verleiht dem Kleid ein besonderes Detail und l\u00e4sst es aus jedem Blickwinkel beeindruckend aussehen. Das Alexandra ist perfekt f\u00fcr eine Braut, die ein Kleid sucht, das sowohl Raffinesse als auch einen Hauch von Glamour bietet.\" \/>\n<meta property=\"og:url\" content=\"https:\/\/www.koonings.com\/de\/product\/azuree-braut-alexandra-426-0111\/\" \/>\n<meta property=\"og:site_name\" content=\"Koonings\" \/>\n<meta property=\"article:publisher\" content=\"https:\/\/www.facebook.com\/kooningstheweddingpalace\" \/>\n<meta property=\"og:image\" content=\"https:\/\/www.koonings.com\/wp-content\/uploads\/2025\/09\/51469_57ebd8b050f6eae64cc7370e85d87fdf9a2a6641c6a7619eba505e662f2c1831a13a8006.jpeg\" \/>\n\t<meta property=\"og:image:width\" content=\"1708\" \/>\n\t<meta property=\"og:image:height\" content=\"2485\" \/>\n\t<meta property=\"og:image:type\" content=\"image\/jpeg\" \/>\n<meta name=\"twitter:card\" content=\"summary_large_image\" \/>\n<meta name=\"twitter:label1\" content=\"Gesch\u00e4tzte Lesezeit\" \/>\n\t<meta name=\"twitter:data1\" content=\"1\u00a0Minute\" \/>\n<script type=\"application\/ld+json\" class=\"yoast-schema-graph\">{\"@context\":\"https:\\\/\\\/schema.org\",\"@graph\":[{\"@type\":\"WebPage\",\"@id\":\"https:\\\/\\\/www.koonings.com\\\/de\\\/product\\\/azuree-braut-alexandra-426-0111\\\/\",\"url\":\"https:\\\/\\\/www.koonings.com\\\/de\\\/product\\\/azuree-braut-alexandra-426-0111\\\/\",\"name\":\"Azuree Braut Alexandra 426.0111 | Koonings\",\"isPartOf\":{\"@id\":\"https:\\\/\\\/www.koonings.com\\\/de\\\/#website\"},\"primaryImageOfPage\":{\"@id\":\"https:\\\/\\\/www.koonings.com\\\/de\\\/product\\\/azuree-braut-alexandra-426-0111\\\/#primaryimage\"},\"image\":{\"@id\":\"https:\\\/\\\/www.koonings.com\\\/de\\\/product\\\/azuree-braut-alexandra-426-0111\\\/#primaryimage\"},\"thumbnailUrl\":\"https:\\\/\\\/www.koonings.com\\\/wp-content\\\/uploads\\\/2025\\\/09\\\/51469_57ebd8b050f6eae64cc7370e85d87fdf9a2a6641c6a7619eba505e662f2c1831a13a8006.jpeg\",\"datePublished\":\"2026-05-06T13:40:41+00:00\",\"description\":\"Das Alexandra Hochzeitskleid ist ideal f\u00fcr die Braut, die auf der Suche nach Raffinesse und einem modernen Look ist. Das Kleid hat einen tiefen Ausschnitt mit perlenbesetzten Spaghettitr\u00e4gern, die f\u00fcr einen sinnlichen und eleganten Look sorgen. Die Spitzenapplikationen auf dem Mieder verleihen dem Kleid einen romantischen Touch, w\u00e4hrend der tiefe Ausschnitt eine moderne Note verleiht. Dieses Kleid wurde f\u00fcr Br\u00e4ute entworfen, die einen stilvollen und zugleich romantischen Look lieben. Der Rock aus Chiffon f\u00e4llt wundersch\u00f6n und ist so konzipiert, dass er leicht und luftig ist und jede Bewegung anmutig erscheinen l\u00e4sst. Das Schl\u00fcsselloch im R\u00fccken verleiht dem Kleid ein besonderes Detail und l\u00e4sst es aus jedem Blickwinkel beeindruckend aussehen. Das Alexandra ist perfekt f\u00fcr eine Braut, die ein Kleid sucht, das sowohl Raffinesse als auch einen Hauch von Glamour bietet.\",\"breadcrumb\":{\"@id\":\"https:\\\/\\\/www.koonings.com\\\/de\\\/product\\\/azuree-braut-alexandra-426-0111\\\/#breadcrumb\"},\"inLanguage\":\"de\",\"potentialAction\":[{\"@type\":\"ReadAction\",\"target\":[\"https:\\\/\\\/www.koonings.com\\\/de\\\/product\\\/azuree-braut-alexandra-426-0111\\\/\"]}]},{\"@type\":\"ImageObject\",\"inLanguage\":\"de\",\"@id\":\"https:\\\/\\\/www.koonings.com\\\/de\\\/product\\\/azuree-braut-alexandra-426-0111\\\/#primaryimage\",\"url\":\"https:\\\/\\\/www.koonings.com\\\/wp-content\\\/uploads\\\/2025\\\/09\\\/51469_57ebd8b050f6eae64cc7370e85d87fdf9a2a6641c6a7619eba505e662f2c1831a13a8006.jpeg\",\"contentUrl\":\"https:\\\/\\\/www.koonings.com\\\/wp-content\\\/uploads\\\/2025\\\/09\\\/51469_57ebd8b050f6eae64cc7370e85d87fdf9a2a6641c6a7619eba505e662f2c1831a13a8006.jpeg\",\"width\":1708,\"height\":2485},{\"@type\":\"BreadcrumbList\",\"@id\":\"https:\\\/\\\/www.koonings.com\\\/de\\\/product\\\/azuree-braut-alexandra-426-0111\\\/#breadcrumb\",\"itemListElement\":[{\"@type\":\"ListItem\",\"position\":1,\"name\":\"Home\",\"item\":\"https:\\\/\\\/www.koonings.com\\\/de\\\/\"},{\"@type\":\"ListItem\",\"position\":2,\"name\":\"Azuree Braut Alexandra 426.0111\"}]},{\"@type\":\"WebSite\",\"@id\":\"https:\\\/\\\/www.koonings.com\\\/de\\\/#website\",\"url\":\"https:\\\/\\\/www.koonings.com\\\/de\\\/\",\"name\":\"Koonings\",\"description\":\"De grootste bruidsmodewinkel ter wereld\",\"publisher\":{\"@id\":\"https:\\\/\\\/www.koonings.com\\\/de\\\/#organization\"},\"potentialAction\":[{\"@type\":\"SearchAction\",\"target\":{\"@type\":\"EntryPoint\",\"urlTemplate\":\"https:\\\/\\\/www.koonings.com\\\/de\\\/?s={search_term_string}\"},\"query-input\":{\"@type\":\"PropertyValueSpecification\",\"valueRequired\":true,\"valueName\":\"search_term_string\"}}],\"inLanguage\":\"de\"},{\"@type\":\"Organization\",\"@id\":\"https:\\\/\\\/www.koonings.com\\\/de\\\/#organization\",\"name\":\"Koonings\",\"url\":\"https:\\\/\\\/www.koonings.com\\\/de\\\/\",\"logo\":{\"@type\":\"ImageObject\",\"inLanguage\":\"de\",\"@id\":\"https:\\\/\\\/www.koonings.com\\\/de\\\/#\\\/schema\\\/logo\\\/image\\\/\",\"url\":\"https:\\\/\\\/www.koonings.com\\\/wp-content\\\/uploads\\\/2024\\\/07\\\/logo.png\",\"contentUrl\":\"https:\\\/\\\/www.koonings.com\\\/wp-content\\\/uploads\\\/2024\\\/07\\\/logo.png\",\"width\":600,\"height\":428,\"caption\":\"Koonings\"},\"image\":{\"@id\":\"https:\\\/\\\/www.koonings.com\\\/de\\\/#\\\/schema\\\/logo\\\/image\\\/\"},\"sameAs\":[\"https:\\\/\\\/www.facebook.com\\\/kooningstheweddingpalace\",\"https:\\\/\\\/www.instagram.com\\\/kooningstheweddingpalace\",\"https:\\\/\\\/www.pinterest.com\\\/koonings\",\"https:\\\/\\\/www.youtube.com\\\/kooningstheweddingpalace\"]}]}<\/script>\n<!-- \/ Yoast SEO plugin. -->","yoast_head_json":{"title":"Azuree Braut Alexandra 426.0111 | Koonings","description":"Das Alexandra Hochzeitskleid ist ideal f\u00fcr die Braut, die auf der Suche nach Raffinesse und einem modernen Look ist. Das Kleid hat einen tiefen Ausschnitt mit perlenbesetzten Spaghettitr\u00e4gern, die f\u00fcr einen sinnlichen und eleganten Look sorgen. Die Spitzenapplikationen auf dem Mieder verleihen dem Kleid einen romantischen Touch, w\u00e4hrend der tiefe Ausschnitt eine moderne Note verleiht. Dieses Kleid wurde f\u00fcr Br\u00e4ute entworfen, die einen stilvollen und zugleich romantischen Look lieben. Der Rock aus Chiffon f\u00e4llt wundersch\u00f6n und ist so konzipiert, dass er leicht und luftig ist und jede Bewegung anmutig erscheinen l\u00e4sst. Das Schl\u00fcsselloch im R\u00fccken verleiht dem Kleid ein besonderes Detail und l\u00e4sst es aus jedem Blickwinkel beeindruckend aussehen. Das Alexandra ist perfekt f\u00fcr eine Braut, die ein Kleid sucht, das sowohl Raffinesse als auch einen Hauch von Glamour bietet.","robots":{"index":"index","follow":"follow","max-snippet":"max-snippet:-1","max-image-preview":"max-image-preview:large","max-video-preview":"max-video-preview:-1"},"canonical":"https:\/\/www.koonings.com\/de\/product\/azuree-braut-alexandra-426-0111\/","og_locale":"de_DE","og_type":"article","og_title":"Azuree Braut Alexandra 426.0111 | Koonings","og_description":"Das Alexandra Hochzeitskleid ist ideal f\u00fcr die Braut, die auf der Suche nach Raffinesse und einem modernen Look ist. Das Kleid hat einen tiefen Ausschnitt mit perlenbesetzten Spaghettitr\u00e4gern, die f\u00fcr einen sinnlichen und eleganten Look sorgen. Die Spitzenapplikationen auf dem Mieder verleihen dem Kleid einen romantischen Touch, w\u00e4hrend der tiefe Ausschnitt eine moderne Note verleiht. Dieses Kleid wurde f\u00fcr Br\u00e4ute entworfen, die einen stilvollen und zugleich romantischen Look lieben. Der Rock aus Chiffon f\u00e4llt wundersch\u00f6n und ist so konzipiert, dass er leicht und luftig ist und jede Bewegung anmutig erscheinen l\u00e4sst. Das Schl\u00fcsselloch im R\u00fccken verleiht dem Kleid ein besonderes Detail und l\u00e4sst es aus jedem Blickwinkel beeindruckend aussehen. Das Alexandra ist perfekt f\u00fcr eine Braut, die ein Kleid sucht, das sowohl Raffinesse als auch einen Hauch von Glamour bietet.","og_url":"https:\/\/www.koonings.com\/de\/product\/azuree-braut-alexandra-426-0111\/","og_site_name":"Koonings","article_publisher":"https:\/\/www.facebook.com\/kooningstheweddingpalace","og_image":[{"width":1708,"height":2485,"url":"https:\/\/www.koonings.com\/wp-content\/uploads\/2025\/09\/51469_57ebd8b050f6eae64cc7370e85d87fdf9a2a6641c6a7619eba505e662f2c1831a13a8006.jpeg","type":"image\/jpeg"}],"twitter_card":"summary_large_image","twitter_misc":{"Gesch\u00e4tzte Lesezeit":"1\u00a0Minute"},"schema":{"@context":"https:\/\/schema.org","@graph":[{"@type":"WebPage","@id":"https:\/\/www.koonings.com\/de\/product\/azuree-braut-alexandra-426-0111\/","url":"https:\/\/www.koonings.com\/de\/product\/azuree-braut-alexandra-426-0111\/","name":"Azuree Braut Alexandra 426.0111 | Koonings","isPartOf":{"@id":"https:\/\/www.koonings.com\/de\/#website"},"primaryImageOfPage":{"@id":"https:\/\/www.koonings.com\/de\/product\/azuree-braut-alexandra-426-0111\/#primaryimage"},"image":{"@id":"https:\/\/www.koonings.com\/de\/product\/azuree-braut-alexandra-426-0111\/#primaryimage"},"thumbnailUrl":"https:\/\/www.koonings.com\/wp-content\/uploads\/2025\/09\/51469_57ebd8b050f6eae64cc7370e85d87fdf9a2a6641c6a7619eba505e662f2c1831a13a8006.jpeg","datePublished":"2026-05-06T13:40:41+00:00","description":"Das Alexandra Hochzeitskleid ist ideal f\u00fcr die Braut, die auf der Suche nach Raffinesse und einem modernen Look ist. Das Kleid hat einen tiefen Ausschnitt mit perlenbesetzten Spaghettitr\u00e4gern, die f\u00fcr einen sinnlichen und eleganten Look sorgen. Die Spitzenapplikationen auf dem Mieder verleihen dem Kleid einen romantischen Touch, w\u00e4hrend der tiefe Ausschnitt eine moderne Note verleiht. Dieses Kleid wurde f\u00fcr Br\u00e4ute entworfen, die einen stilvollen und zugleich romantischen Look lieben. Der Rock aus Chiffon f\u00e4llt wundersch\u00f6n und ist so konzipiert, dass er leicht und luftig ist und jede Bewegung anmutig erscheinen l\u00e4sst. Das Schl\u00fcsselloch im R\u00fccken verleiht dem Kleid ein besonderes Detail und l\u00e4sst es aus jedem Blickwinkel beeindruckend aussehen. Das Alexandra ist perfekt f\u00fcr eine Braut, die ein Kleid sucht, das sowohl Raffinesse als auch einen Hauch von Glamour bietet.","breadcrumb":{"@id":"https:\/\/www.koonings.com\/de\/product\/azuree-braut-alexandra-426-0111\/#breadcrumb"},"inLanguage":"de","potentialAction":[{"@type":"ReadAction","target":["https:\/\/www.koonings.com\/de\/product\/azuree-braut-alexandra-426-0111\/"]}]},{"@type":"ImageObject","inLanguage":"de","@id":"https:\/\/www.koonings.com\/de\/product\/azuree-braut-alexandra-426-0111\/#primaryimage","url":"https:\/\/www.koonings.com\/wp-content\/uploads\/2025\/09\/51469_57ebd8b050f6eae64cc7370e85d87fdf9a2a6641c6a7619eba505e662f2c1831a13a8006.jpeg","contentUrl":"https:\/\/www.koonings.com\/wp-content\/uploads\/2025\/09\/51469_57ebd8b050f6eae64cc7370e85d87fdf9a2a6641c6a7619eba505e662f2c1831a13a8006.jpeg","width":1708,"height":2485},{"@type":"BreadcrumbList","@id":"https:\/\/www.koonings.com\/de\/product\/azuree-braut-alexandra-426-0111\/#breadcrumb","itemListElement":[{"@type":"ListItem","position":1,"name":"Home","item":"https:\/\/www.koonings.com\/de\/"},{"@type":"ListItem","position":2,"name":"Azuree Braut Alexandra 426.0111"}]},{"@type":"WebSite","@id":"https:\/\/www.koonings.com\/de\/#website","url":"https:\/\/www.koonings.com\/de\/","name":"Koonings","description":"De grootste bruidsmodewinkel ter wereld","publisher":{"@id":"https:\/\/www.koonings.com\/de\/#organization"},"potentialAction":[{"@type":"SearchAction","target":{"@type":"EntryPoint","urlTemplate":"https:\/\/www.koonings.com\/de\/?s={search_term_string}"},"query-input":{"@type":"PropertyValueSpecification","valueRequired":true,"valueName":"search_term_string"}}],"inLanguage":"de"},{"@type":"Organization","@id":"https:\/\/www.koonings.com\/de\/#organization","name":"Koonings","url":"https:\/\/www.koonings.com\/de\/","logo":{"@type":"ImageObject","inLanguage":"de","@id":"https:\/\/www.koonings.com\/de\/#\/schema\/logo\/image\/","url":"https:\/\/www.koonings.com\/wp-content\/uploads\/2024\/07\/logo.png","contentUrl":"https:\/\/www.koonings.com\/wp-content\/uploads\/2024\/07\/logo.png","width":600,"height":428,"caption":"Koonings"},"image":{"@id":"https:\/\/www.koonings.com\/de\/#\/schema\/logo\/image\/"},"sameAs":["https:\/\/www.facebook.com\/kooningstheweddingpalace","https:\/\/www.instagram.com\/kooningstheweddingpalace","https:\/\/www.pinterest.com\/koonings","https:\/\/www.youtube.com\/kooningstheweddingpalace"]}]}},"_links":{"self":[{"href":"https:\/\/www.koonings.com\/de\/wp-json\/wp\/v2\/product\/93825","targetHints":{"allow":["GET"]}}],"collection":[{"href":"https:\/\/www.koonings.com\/de\/wp-json\/wp\/v2\/product"}],"about":[{"href":"https:\/\/www.koonings.com\/de\/wp-json\/wp\/v2\/types\/product"}],"wp:featuredmedia":[{"embeddable":true,"href":"https:\/\/www.koonings.com\/de\/wp-json\/wp\/v2\/media\/92363"}],"wp:attachment":[{"href":"https:\/\/www.koonings.com\/de\/wp-json\/wp\/v2\/media?parent=93825"}],"wp:term":[{"taxonomy":"productdetails","embeddable":true,"href":"https:\/\/www.koonings.com\/de\/wp-json\/wp\/v2\/productdetails?post=93825"},{"taxonomy":"productneck","embeddable":true,"href":"https:\/\/www.koonings.com\/de\/wp-json\/wp\/v2\/productneck?post=93825"},{"taxonomy":"productcolor","embeddable":true,"href":"https:\/\/www.koonings.com\/de\/wp-json\/wp\/v2\/productcolor?post=93825"},{"taxonomy":"maat","embeddable":true,"href":"https:\/\/www.koonings.com\/de\/wp-json\/wp\/v2\/maat?post=93825"},{"taxonomy":"productsupplier","embeddable":true,"href":"https:\/\/www.koonings.com\/de\/wp-json\/wp\/v2\/productsupplier?post=93825"},{"taxonomy":"productsleeve","embeddable":true,"href":"https:\/\/www.koonings.com\/de\/wp-json\/wp\/v2\/productsleeve?post=93825"},{"taxonomy":"productcategory","embeddable":true,"href":"https:\/\/www.koonings.com\/de\/wp-json\/wp\/v2\/productcategory?post=93825"},{"taxonomy":"productsilhouette","embeddable":true,"href":"https:\/\/www.koonings.com\/de\/wp-json\/wp\/v2\/productsilhouette?post=93825"},{"taxonomy":"productstyle","embeddable":true,"href":"https:\/\/www.koonings.com\/de\/wp-json\/wp\/v2\/productstyle?post=93825"}],"curies":[{"name":"wp","href":"https:\/\/api.w.org\/{rel}","templated":true}]}}