{"id":93820,"date":"2026-04-28T18:40:34","date_gmt":"2026-04-28T16:40:34","guid":{"rendered":"https:\/\/www.koonings.com\/product\/azuree-braut-annelou-426-0271\/"},"modified":"2026-02-17T12:52:23","modified_gmt":"2026-02-17T11:52:23","slug":"azuree-braut-annelou-426-0271","status":"publish","type":"product","link":"https:\/\/www.koonings.com\/de\/product\/azuree-braut-annelou-426-0271\/","title":{"rendered":"Azuree Braut Annelou 426.0271"},"content":{"rendered":"<p>Das Annelou ist eine stilvolle Wahl f\u00fcr die moderne Braut, die etwas anderes als das traditionelle Kleid sucht. Dieser Jumpsuit aus Cr\u00eape mit bestickter Organza-Spitze und abnehmbaren \u00c4rmeln sorgt f\u00fcr einen modernen und eleganten Look. Das durchsichtige Mieder verleiht ihm einen verspielten Touch, w\u00e4hrend die langen Hosenbeine eine schlanke und schicke Silhouette schaffen. Der Annelou Jumpsuit ist perfekt f\u00fcr Br\u00e4ute, die sich an ihrem Hochzeitstag einen einzigartigen und dennoch eleganten Look w\u00fcnschen. Die Kombination aus Spitze, Krepp und dem modernen Jumpsuit-Stil macht dieses Outfit ideal f\u00fcr eine Stadt-Hochzeit oder eine Braut, die mit einem modernen Twist auffallen m\u00f6chte.    <\/p>\n","protected":false},"featured_media":92511,"template":"","meta":{"_acf_changed":false,"ghostkit_customizer_options":"","ghostkit_custom_css":"","ghostkit_custom_js_head":"","ghostkit_custom_js_foot":"","ghostkit_typography":""},"productdetails":[],"productneck":[355],"productcolor":[393,392],"maat":[],"productsupplier":[533],"productsleeve":[357],"productcategory":[18],"productsilhouette":[385],"productstyle":[371],"class_list":["post-93820","product","type-product","status-publish","has-post-thumbnail","hentry","productneck-355","productcolor-393","productcolor-392","productsupplier-azuree-bridal","productsleeve-357","productcategory-trouwjurken","productsilhouette-385","productstyle-371"],"acf":[],"yoast_head":"<!-- This site is optimized with the Yoast SEO plugin v27.3 - https:\/\/yoast.com\/product\/yoast-seo-wordpress\/ -->\n<title>Azuree Braut Annelou 426.0271 | Koonings<\/title>\n<meta name=\"description\" content=\"Das Annelou ist eine stilvolle Wahl f\u00fcr die moderne Braut, die etwas anderes als das traditionelle Kleid sucht. Dieser Jumpsuit aus Cr\u00eape mit bestickter Organza-Spitze und abnehmbaren \u00c4rmeln sorgt f\u00fcr einen modernen und eleganten Look. Das durchsichtige Mieder verleiht ihm einen verspielten Touch, w\u00e4hrend die langen Hosenbeine eine schlanke und schicke Silhouette schaffen. Der Annelou Jumpsuit ist perfekt f\u00fcr Br\u00e4ute, die sich an ihrem Hochzeitstag einen einzigartigen und dennoch eleganten Look w\u00fcnschen. Die Kombination aus Spitze, Krepp und dem modernen Jumpsuit-Stil macht dieses Outfit ideal f\u00fcr eine Stadt-Hochzeit oder eine Braut, die mit einem modernen Twist auffallen m\u00f6chte.\" \/>\n<meta name=\"robots\" content=\"index, follow, max-snippet:-1, max-image-preview:large, max-video-preview:-1\" \/>\n<link rel=\"canonical\" href=\"https:\/\/www.koonings.com\/de\/product\/azuree-braut-annelou-426-0271\/\" \/>\n<meta property=\"og:locale\" content=\"de_DE\" \/>\n<meta property=\"og:type\" content=\"article\" \/>\n<meta property=\"og:title\" content=\"Azuree Braut Annelou 426.0271 | Koonings\" \/>\n<meta property=\"og:description\" content=\"Das Annelou ist eine stilvolle Wahl f\u00fcr die moderne Braut, die etwas anderes als das traditionelle Kleid sucht. Dieser Jumpsuit aus Cr\u00eape mit bestickter Organza-Spitze und abnehmbaren \u00c4rmeln sorgt f\u00fcr einen modernen und eleganten Look. Das durchsichtige Mieder verleiht ihm einen verspielten Touch, w\u00e4hrend die langen Hosenbeine eine schlanke und schicke Silhouette schaffen. Der Annelou Jumpsuit ist perfekt f\u00fcr Br\u00e4ute, die sich an ihrem Hochzeitstag einen einzigartigen und dennoch eleganten Look w\u00fcnschen. Die Kombination aus Spitze, Krepp und dem modernen Jumpsuit-Stil macht dieses Outfit ideal f\u00fcr eine Stadt-Hochzeit oder eine Braut, die mit einem modernen Twist auffallen m\u00f6chte.\" \/>\n<meta property=\"og:url\" content=\"https:\/\/www.koonings.com\/de\/product\/azuree-braut-annelou-426-0271\/\" \/>\n<meta property=\"og:site_name\" content=\"Koonings\" \/>\n<meta property=\"article:publisher\" content=\"https:\/\/www.facebook.com\/kooningstheweddingpalace\" \/>\n<meta property=\"og:image\" content=\"https:\/\/www.koonings.com\/wp-content\/uploads\/2025\/09\/51485_aecebc4c7006782477953315f82528a86b1a87b3c32421b57cbaf6a01dcd1ff901baa691.jpeg\" \/>\n\t<meta property=\"og:image:width\" content=\"1570\" \/>\n\t<meta property=\"og:image:height\" content=\"2214\" \/>\n\t<meta property=\"og:image:type\" content=\"image\/jpeg\" \/>\n<meta name=\"twitter:card\" content=\"summary_large_image\" \/>\n<meta name=\"twitter:label1\" content=\"Gesch\u00e4tzte Lesezeit\" \/>\n\t<meta name=\"twitter:data1\" content=\"1\u00a0Minute\" \/>\n<script type=\"application\/ld+json\" class=\"yoast-schema-graph\">{\"@context\":\"https:\\\/\\\/schema.org\",\"@graph\":[{\"@type\":\"WebPage\",\"@id\":\"https:\\\/\\\/www.koonings.com\\\/de\\\/product\\\/azuree-braut-annelou-426-0271\\\/\",\"url\":\"https:\\\/\\\/www.koonings.com\\\/de\\\/product\\\/azuree-braut-annelou-426-0271\\\/\",\"name\":\"Azuree Braut Annelou 426.0271 | Koonings\",\"isPartOf\":{\"@id\":\"https:\\\/\\\/www.koonings.com\\\/de\\\/#website\"},\"primaryImageOfPage\":{\"@id\":\"https:\\\/\\\/www.koonings.com\\\/de\\\/product\\\/azuree-braut-annelou-426-0271\\\/#primaryimage\"},\"image\":{\"@id\":\"https:\\\/\\\/www.koonings.com\\\/de\\\/product\\\/azuree-braut-annelou-426-0271\\\/#primaryimage\"},\"thumbnailUrl\":\"https:\\\/\\\/www.koonings.com\\\/wp-content\\\/uploads\\\/2025\\\/09\\\/51485_aecebc4c7006782477953315f82528a86b1a87b3c32421b57cbaf6a01dcd1ff901baa691.jpeg\",\"datePublished\":\"2026-04-28T16:40:34+00:00\",\"description\":\"Das Annelou ist eine stilvolle Wahl f\u00fcr die moderne Braut, die etwas anderes als das traditionelle Kleid sucht. Dieser Jumpsuit aus Cr\u00eape mit bestickter Organza-Spitze und abnehmbaren \u00c4rmeln sorgt f\u00fcr einen modernen und eleganten Look. Das durchsichtige Mieder verleiht ihm einen verspielten Touch, w\u00e4hrend die langen Hosenbeine eine schlanke und schicke Silhouette schaffen. Der Annelou Jumpsuit ist perfekt f\u00fcr Br\u00e4ute, die sich an ihrem Hochzeitstag einen einzigartigen und dennoch eleganten Look w\u00fcnschen. Die Kombination aus Spitze, Krepp und dem modernen Jumpsuit-Stil macht dieses Outfit ideal f\u00fcr eine Stadt-Hochzeit oder eine Braut, die mit einem modernen Twist auffallen m\u00f6chte.\",\"breadcrumb\":{\"@id\":\"https:\\\/\\\/www.koonings.com\\\/de\\\/product\\\/azuree-braut-annelou-426-0271\\\/#breadcrumb\"},\"inLanguage\":\"de\",\"potentialAction\":[{\"@type\":\"ReadAction\",\"target\":[\"https:\\\/\\\/www.koonings.com\\\/de\\\/product\\\/azuree-braut-annelou-426-0271\\\/\"]}]},{\"@type\":\"ImageObject\",\"inLanguage\":\"de\",\"@id\":\"https:\\\/\\\/www.koonings.com\\\/de\\\/product\\\/azuree-braut-annelou-426-0271\\\/#primaryimage\",\"url\":\"https:\\\/\\\/www.koonings.com\\\/wp-content\\\/uploads\\\/2025\\\/09\\\/51485_aecebc4c7006782477953315f82528a86b1a87b3c32421b57cbaf6a01dcd1ff901baa691.jpeg\",\"contentUrl\":\"https:\\\/\\\/www.koonings.com\\\/wp-content\\\/uploads\\\/2025\\\/09\\\/51485_aecebc4c7006782477953315f82528a86b1a87b3c32421b57cbaf6a01dcd1ff901baa691.jpeg\",\"width\":1570,\"height\":2214},{\"@type\":\"BreadcrumbList\",\"@id\":\"https:\\\/\\\/www.koonings.com\\\/de\\\/product\\\/azuree-braut-annelou-426-0271\\\/#breadcrumb\",\"itemListElement\":[{\"@type\":\"ListItem\",\"position\":1,\"name\":\"Home\",\"item\":\"https:\\\/\\\/www.koonings.com\\\/de\\\/\"},{\"@type\":\"ListItem\",\"position\":2,\"name\":\"Azuree Braut Annelou 426.0271\"}]},{\"@type\":\"WebSite\",\"@id\":\"https:\\\/\\\/www.koonings.com\\\/de\\\/#website\",\"url\":\"https:\\\/\\\/www.koonings.com\\\/de\\\/\",\"name\":\"Koonings\",\"description\":\"De grootste bruidsmodewinkel ter wereld\",\"publisher\":{\"@id\":\"https:\\\/\\\/www.koonings.com\\\/de\\\/#organization\"},\"potentialAction\":[{\"@type\":\"SearchAction\",\"target\":{\"@type\":\"EntryPoint\",\"urlTemplate\":\"https:\\\/\\\/www.koonings.com\\\/de\\\/?s={search_term_string}\"},\"query-input\":{\"@type\":\"PropertyValueSpecification\",\"valueRequired\":true,\"valueName\":\"search_term_string\"}}],\"inLanguage\":\"de\"},{\"@type\":\"Organization\",\"@id\":\"https:\\\/\\\/www.koonings.com\\\/de\\\/#organization\",\"name\":\"Koonings\",\"url\":\"https:\\\/\\\/www.koonings.com\\\/de\\\/\",\"logo\":{\"@type\":\"ImageObject\",\"inLanguage\":\"de\",\"@id\":\"https:\\\/\\\/www.koonings.com\\\/de\\\/#\\\/schema\\\/logo\\\/image\\\/\",\"url\":\"https:\\\/\\\/www.koonings.com\\\/wp-content\\\/uploads\\\/2024\\\/07\\\/logo.png\",\"contentUrl\":\"https:\\\/\\\/www.koonings.com\\\/wp-content\\\/uploads\\\/2024\\\/07\\\/logo.png\",\"width\":600,\"height\":428,\"caption\":\"Koonings\"},\"image\":{\"@id\":\"https:\\\/\\\/www.koonings.com\\\/de\\\/#\\\/schema\\\/logo\\\/image\\\/\"},\"sameAs\":[\"https:\\\/\\\/www.facebook.com\\\/kooningstheweddingpalace\",\"https:\\\/\\\/www.instagram.com\\\/kooningstheweddingpalace\",\"https:\\\/\\\/www.pinterest.com\\\/koonings\",\"https:\\\/\\\/www.youtube.com\\\/kooningstheweddingpalace\"]}]}<\/script>\n<!-- \/ Yoast SEO plugin. -->","yoast_head_json":{"title":"Azuree Braut Annelou 426.0271 | Koonings","description":"Das Annelou ist eine stilvolle Wahl f\u00fcr die moderne Braut, die etwas anderes als das traditionelle Kleid sucht. Dieser Jumpsuit aus Cr\u00eape mit bestickter Organza-Spitze und abnehmbaren \u00c4rmeln sorgt f\u00fcr einen modernen und eleganten Look. Das durchsichtige Mieder verleiht ihm einen verspielten Touch, w\u00e4hrend die langen Hosenbeine eine schlanke und schicke Silhouette schaffen. Der Annelou Jumpsuit ist perfekt f\u00fcr Br\u00e4ute, die sich an ihrem Hochzeitstag einen einzigartigen und dennoch eleganten Look w\u00fcnschen. Die Kombination aus Spitze, Krepp und dem modernen Jumpsuit-Stil macht dieses Outfit ideal f\u00fcr eine Stadt-Hochzeit oder eine Braut, die mit einem modernen Twist auffallen m\u00f6chte.","robots":{"index":"index","follow":"follow","max-snippet":"max-snippet:-1","max-image-preview":"max-image-preview:large","max-video-preview":"max-video-preview:-1"},"canonical":"https:\/\/www.koonings.com\/de\/product\/azuree-braut-annelou-426-0271\/","og_locale":"de_DE","og_type":"article","og_title":"Azuree Braut Annelou 426.0271 | Koonings","og_description":"Das Annelou ist eine stilvolle Wahl f\u00fcr die moderne Braut, die etwas anderes als das traditionelle Kleid sucht. Dieser Jumpsuit aus Cr\u00eape mit bestickter Organza-Spitze und abnehmbaren \u00c4rmeln sorgt f\u00fcr einen modernen und eleganten Look. Das durchsichtige Mieder verleiht ihm einen verspielten Touch, w\u00e4hrend die langen Hosenbeine eine schlanke und schicke Silhouette schaffen. Der Annelou Jumpsuit ist perfekt f\u00fcr Br\u00e4ute, die sich an ihrem Hochzeitstag einen einzigartigen und dennoch eleganten Look w\u00fcnschen. Die Kombination aus Spitze, Krepp und dem modernen Jumpsuit-Stil macht dieses Outfit ideal f\u00fcr eine Stadt-Hochzeit oder eine Braut, die mit einem modernen Twist auffallen m\u00f6chte.","og_url":"https:\/\/www.koonings.com\/de\/product\/azuree-braut-annelou-426-0271\/","og_site_name":"Koonings","article_publisher":"https:\/\/www.facebook.com\/kooningstheweddingpalace","og_image":[{"width":1570,"height":2214,"url":"https:\/\/www.koonings.com\/wp-content\/uploads\/2025\/09\/51485_aecebc4c7006782477953315f82528a86b1a87b3c32421b57cbaf6a01dcd1ff901baa691.jpeg","type":"image\/jpeg"}],"twitter_card":"summary_large_image","twitter_misc":{"Gesch\u00e4tzte Lesezeit":"1\u00a0Minute"},"schema":{"@context":"https:\/\/schema.org","@graph":[{"@type":"WebPage","@id":"https:\/\/www.koonings.com\/de\/product\/azuree-braut-annelou-426-0271\/","url":"https:\/\/www.koonings.com\/de\/product\/azuree-braut-annelou-426-0271\/","name":"Azuree Braut Annelou 426.0271 | Koonings","isPartOf":{"@id":"https:\/\/www.koonings.com\/de\/#website"},"primaryImageOfPage":{"@id":"https:\/\/www.koonings.com\/de\/product\/azuree-braut-annelou-426-0271\/#primaryimage"},"image":{"@id":"https:\/\/www.koonings.com\/de\/product\/azuree-braut-annelou-426-0271\/#primaryimage"},"thumbnailUrl":"https:\/\/www.koonings.com\/wp-content\/uploads\/2025\/09\/51485_aecebc4c7006782477953315f82528a86b1a87b3c32421b57cbaf6a01dcd1ff901baa691.jpeg","datePublished":"2026-04-28T16:40:34+00:00","description":"Das Annelou ist eine stilvolle Wahl f\u00fcr die moderne Braut, die etwas anderes als das traditionelle Kleid sucht. Dieser Jumpsuit aus Cr\u00eape mit bestickter Organza-Spitze und abnehmbaren \u00c4rmeln sorgt f\u00fcr einen modernen und eleganten Look. Das durchsichtige Mieder verleiht ihm einen verspielten Touch, w\u00e4hrend die langen Hosenbeine eine schlanke und schicke Silhouette schaffen. Der Annelou Jumpsuit ist perfekt f\u00fcr Br\u00e4ute, die sich an ihrem Hochzeitstag einen einzigartigen und dennoch eleganten Look w\u00fcnschen. Die Kombination aus Spitze, Krepp und dem modernen Jumpsuit-Stil macht dieses Outfit ideal f\u00fcr eine Stadt-Hochzeit oder eine Braut, die mit einem modernen Twist auffallen m\u00f6chte.","breadcrumb":{"@id":"https:\/\/www.koonings.com\/de\/product\/azuree-braut-annelou-426-0271\/#breadcrumb"},"inLanguage":"de","potentialAction":[{"@type":"ReadAction","target":["https:\/\/www.koonings.com\/de\/product\/azuree-braut-annelou-426-0271\/"]}]},{"@type":"ImageObject","inLanguage":"de","@id":"https:\/\/www.koonings.com\/de\/product\/azuree-braut-annelou-426-0271\/#primaryimage","url":"https:\/\/www.koonings.com\/wp-content\/uploads\/2025\/09\/51485_aecebc4c7006782477953315f82528a86b1a87b3c32421b57cbaf6a01dcd1ff901baa691.jpeg","contentUrl":"https:\/\/www.koonings.com\/wp-content\/uploads\/2025\/09\/51485_aecebc4c7006782477953315f82528a86b1a87b3c32421b57cbaf6a01dcd1ff901baa691.jpeg","width":1570,"height":2214},{"@type":"BreadcrumbList","@id":"https:\/\/www.koonings.com\/de\/product\/azuree-braut-annelou-426-0271\/#breadcrumb","itemListElement":[{"@type":"ListItem","position":1,"name":"Home","item":"https:\/\/www.koonings.com\/de\/"},{"@type":"ListItem","position":2,"name":"Azuree Braut Annelou 426.0271"}]},{"@type":"WebSite","@id":"https:\/\/www.koonings.com\/de\/#website","url":"https:\/\/www.koonings.com\/de\/","name":"Koonings","description":"De grootste bruidsmodewinkel ter wereld","publisher":{"@id":"https:\/\/www.koonings.com\/de\/#organization"},"potentialAction":[{"@type":"SearchAction","target":{"@type":"EntryPoint","urlTemplate":"https:\/\/www.koonings.com\/de\/?s={search_term_string}"},"query-input":{"@type":"PropertyValueSpecification","valueRequired":true,"valueName":"search_term_string"}}],"inLanguage":"de"},{"@type":"Organization","@id":"https:\/\/www.koonings.com\/de\/#organization","name":"Koonings","url":"https:\/\/www.koonings.com\/de\/","logo":{"@type":"ImageObject","inLanguage":"de","@id":"https:\/\/www.koonings.com\/de\/#\/schema\/logo\/image\/","url":"https:\/\/www.koonings.com\/wp-content\/uploads\/2024\/07\/logo.png","contentUrl":"https:\/\/www.koonings.com\/wp-content\/uploads\/2024\/07\/logo.png","width":600,"height":428,"caption":"Koonings"},"image":{"@id":"https:\/\/www.koonings.com\/de\/#\/schema\/logo\/image\/"},"sameAs":["https:\/\/www.facebook.com\/kooningstheweddingpalace","https:\/\/www.instagram.com\/kooningstheweddingpalace","https:\/\/www.pinterest.com\/koonings","https:\/\/www.youtube.com\/kooningstheweddingpalace"]}]}},"_links":{"self":[{"href":"https:\/\/www.koonings.com\/de\/wp-json\/wp\/v2\/product\/93820","targetHints":{"allow":["GET"]}}],"collection":[{"href":"https:\/\/www.koonings.com\/de\/wp-json\/wp\/v2\/product"}],"about":[{"href":"https:\/\/www.koonings.com\/de\/wp-json\/wp\/v2\/types\/product"}],"wp:featuredmedia":[{"embeddable":true,"href":"https:\/\/www.koonings.com\/de\/wp-json\/wp\/v2\/media\/92511"}],"wp:attachment":[{"href":"https:\/\/www.koonings.com\/de\/wp-json\/wp\/v2\/media?parent=93820"}],"wp:term":[{"taxonomy":"productdetails","embeddable":true,"href":"https:\/\/www.koonings.com\/de\/wp-json\/wp\/v2\/productdetails?post=93820"},{"taxonomy":"productneck","embeddable":true,"href":"https:\/\/www.koonings.com\/de\/wp-json\/wp\/v2\/productneck?post=93820"},{"taxonomy":"productcolor","embeddable":true,"href":"https:\/\/www.koonings.com\/de\/wp-json\/wp\/v2\/productcolor?post=93820"},{"taxonomy":"maat","embeddable":true,"href":"https:\/\/www.koonings.com\/de\/wp-json\/wp\/v2\/maat?post=93820"},{"taxonomy":"productsupplier","embeddable":true,"href":"https:\/\/www.koonings.com\/de\/wp-json\/wp\/v2\/productsupplier?post=93820"},{"taxonomy":"productsleeve","embeddable":true,"href":"https:\/\/www.koonings.com\/de\/wp-json\/wp\/v2\/productsleeve?post=93820"},{"taxonomy":"productcategory","embeddable":true,"href":"https:\/\/www.koonings.com\/de\/wp-json\/wp\/v2\/productcategory?post=93820"},{"taxonomy":"productsilhouette","embeddable":true,"href":"https:\/\/www.koonings.com\/de\/wp-json\/wp\/v2\/productsilhouette?post=93820"},{"taxonomy":"productstyle","embeddable":true,"href":"https:\/\/www.koonings.com\/de\/wp-json\/wp\/v2\/productstyle?post=93820"}],"curies":[{"name":"wp","href":"https:\/\/api.w.org\/{rel}","templated":true}]}}