{"id":93819,"date":"2026-04-28T18:40:31","date_gmt":"2026-04-28T16:40:31","guid":{"rendered":"https:\/\/www.koonings.com\/product\/azuree-bridal-amy-plus-426-0191\/"},"modified":"2026-02-17T12:56:33","modified_gmt":"2026-02-17T11:56:33","slug":"azuree-bridal-amy-plus-426-0191","status":"publish","type":"product","link":"https:\/\/www.koonings.com\/de\/product\/azuree-bridal-amy-plus-426-0191\/","title":{"rendered":"Azuree Bridal Amy &#8211; plus 426.0191"},"content":{"rendered":"<p>Das Amy Hochzeitskleid hat einen raffinierten und romantischen Look. Die Fit &amp; Flare-Silhouette sorgt f\u00fcr eine elegante Passform, die feminine Formen betont. Das Kleid ist vollst\u00e4ndig gef\u00fcttert und hat ein Illusionsmieder mit abnehmbaren Off-Shoulder-\u00c4rmeln, perfekt f\u00fcr eine vielseitige Braut, die Stil\u00e4nderungen liebt. Das Kleid ist mit 3D-Spitzenapplikationen und dezentem Glitzert\u00fcll verziert, der f\u00fcr einen glitzernden, aber dennoch zarten Look sorgt. Die Schn\u00fcrung am R\u00fccken verleiht dem Kleid einen klassischen Touch und sorgt f\u00fcr eine perfekte Passform. Die auff\u00e4llige, tropfenf\u00f6rmige Illusionsschleppe macht den R\u00fccken zu etwas ganz Besonderem, ideal f\u00fcr einen dramatischen Auftritt w\u00e4hrend der Zeremonie. Dieses Hochzeitskleid ist die ultimative Wahl f\u00fcr eine Braut, die sowohl Romantik als auch Raffinesse sucht.      <\/p>\n","protected":false},"featured_media":92423,"template":"","meta":{"_acf_changed":false,"ghostkit_customizer_options":"","ghostkit_custom_css":"","ghostkit_custom_js_head":"","ghostkit_custom_js_foot":"","ghostkit_typography":""},"productdetails":[379,376,381],"productneck":[351,354],"productcolor":[393,392],"maat":[375],"productsupplier":[533],"productsleeve":[],"productcategory":[18],"productsilhouette":[389],"productstyle":[369,366],"class_list":["post-93819","product","type-product","status-publish","has-post-thumbnail","hentry","productdetails-379","productdetails-376","productdetails-381","productneck-351","productneck-354","productcolor-393","productcolor-392","maat-375","productsupplier-azuree-bridal","productcategory-trouwjurken","productsilhouette-389","productstyle-369","productstyle-366"],"acf":[],"yoast_head":"<!-- This site is optimized with the Yoast SEO plugin v27.3 - https:\/\/yoast.com\/product\/yoast-seo-wordpress\/ -->\n<title>Azuree Bridal Amy - plus 426.0191 | Koonings<\/title>\n<meta name=\"description\" content=\"Das Amy Hochzeitskleid hat einen raffinierten und romantischen Look. Die Fit &amp; Flare-Silhouette sorgt f\u00fcr eine elegante Passform, die feminine Formen betont. Das Kleid ist vollst\u00e4ndig gef\u00fcttert und hat ein Illusionsmieder mit abnehmbaren Off-Shoulder-\u00c4rmeln, perfekt f\u00fcr eine vielseitige Braut, die Stil\u00e4nderungen liebt. Das Kleid ist mit 3D-Spitzenapplikationen und dezentem Glitzert\u00fcll verziert, der f\u00fcr einen glitzernden, aber dennoch zarten Look sorgt. Die Schn\u00fcrung am R\u00fccken verleiht dem Kleid einen klassischen Touch und sorgt f\u00fcr eine perfekte Passform. Die auff\u00e4llige, tropfenf\u00f6rmige Illusionsschleppe macht den R\u00fccken zu etwas ganz Besonderem, ideal f\u00fcr einen dramatischen Auftritt w\u00e4hrend der Zeremonie. Dieses Hochzeitskleid ist die ultimative Wahl f\u00fcr eine Braut, die sowohl Romantik als auch Raffinesse sucht.\" \/>\n<meta name=\"robots\" content=\"index, follow, max-snippet:-1, max-image-preview:large, max-video-preview:-1\" \/>\n<link rel=\"canonical\" href=\"https:\/\/www.koonings.com\/de\/product\/azuree-bridal-amy-plus-426-0191\/\" \/>\n<meta property=\"og:locale\" content=\"de_DE\" \/>\n<meta property=\"og:type\" content=\"article\" \/>\n<meta property=\"og:title\" content=\"Azuree Bridal Amy - plus 426.0191 | Koonings\" \/>\n<meta property=\"og:description\" content=\"Das Amy Hochzeitskleid hat einen raffinierten und romantischen Look. Die Fit &amp; Flare-Silhouette sorgt f\u00fcr eine elegante Passform, die feminine Formen betont. Das Kleid ist vollst\u00e4ndig gef\u00fcttert und hat ein Illusionsmieder mit abnehmbaren Off-Shoulder-\u00c4rmeln, perfekt f\u00fcr eine vielseitige Braut, die Stil\u00e4nderungen liebt. Das Kleid ist mit 3D-Spitzenapplikationen und dezentem Glitzert\u00fcll verziert, der f\u00fcr einen glitzernden, aber dennoch zarten Look sorgt. Die Schn\u00fcrung am R\u00fccken verleiht dem Kleid einen klassischen Touch und sorgt f\u00fcr eine perfekte Passform. Die auff\u00e4llige, tropfenf\u00f6rmige Illusionsschleppe macht den R\u00fccken zu etwas ganz Besonderem, ideal f\u00fcr einen dramatischen Auftritt w\u00e4hrend der Zeremonie. Dieses Hochzeitskleid ist die ultimative Wahl f\u00fcr eine Braut, die sowohl Romantik als auch Raffinesse sucht.\" \/>\n<meta property=\"og:url\" content=\"https:\/\/www.koonings.com\/de\/product\/azuree-bridal-amy-plus-426-0191\/\" \/>\n<meta property=\"og:site_name\" content=\"Koonings\" \/>\n<meta property=\"article:publisher\" content=\"https:\/\/www.facebook.com\/kooningstheweddingpalace\" \/>\n<meta property=\"og:image\" content=\"https:\/\/www.koonings.com\/wp-content\/uploads\/2025\/09\/51476_5298ad19fb9d61d7b1e8dbb782833eca8e2409458594c6b6dbaa07842ffaf5fe55277485.jpeg\" \/>\n\t<meta property=\"og:image:width\" content=\"1669\" \/>\n\t<meta property=\"og:image:height\" content=\"2355\" \/>\n\t<meta property=\"og:image:type\" content=\"image\/jpeg\" \/>\n<meta name=\"twitter:card\" content=\"summary_large_image\" \/>\n<meta name=\"twitter:label1\" content=\"Gesch\u00e4tzte Lesezeit\" \/>\n\t<meta name=\"twitter:data1\" content=\"1\u00a0Minute\" \/>\n<script type=\"application\/ld+json\" class=\"yoast-schema-graph\">{\"@context\":\"https:\\\/\\\/schema.org\",\"@graph\":[{\"@type\":\"WebPage\",\"@id\":\"https:\\\/\\\/www.koonings.com\\\/de\\\/product\\\/azuree-bridal-amy-plus-426-0191\\\/\",\"url\":\"https:\\\/\\\/www.koonings.com\\\/de\\\/product\\\/azuree-bridal-amy-plus-426-0191\\\/\",\"name\":\"Azuree Bridal Amy - plus 426.0191 | Koonings\",\"isPartOf\":{\"@id\":\"https:\\\/\\\/www.koonings.com\\\/de\\\/#website\"},\"primaryImageOfPage\":{\"@id\":\"https:\\\/\\\/www.koonings.com\\\/de\\\/product\\\/azuree-bridal-amy-plus-426-0191\\\/#primaryimage\"},\"image\":{\"@id\":\"https:\\\/\\\/www.koonings.com\\\/de\\\/product\\\/azuree-bridal-amy-plus-426-0191\\\/#primaryimage\"},\"thumbnailUrl\":\"https:\\\/\\\/www.koonings.com\\\/wp-content\\\/uploads\\\/2025\\\/09\\\/51476_5298ad19fb9d61d7b1e8dbb782833eca8e2409458594c6b6dbaa07842ffaf5fe55277485.jpeg\",\"datePublished\":\"2026-04-28T16:40:31+00:00\",\"description\":\"Das Amy Hochzeitskleid hat einen raffinierten und romantischen Look. Die Fit & Flare-Silhouette sorgt f\u00fcr eine elegante Passform, die feminine Formen betont. Das Kleid ist vollst\u00e4ndig gef\u00fcttert und hat ein Illusionsmieder mit abnehmbaren Off-Shoulder-\u00c4rmeln, perfekt f\u00fcr eine vielseitige Braut, die Stil\u00e4nderungen liebt. Das Kleid ist mit 3D-Spitzenapplikationen und dezentem Glitzert\u00fcll verziert, der f\u00fcr einen glitzernden, aber dennoch zarten Look sorgt. Die Schn\u00fcrung am R\u00fccken verleiht dem Kleid einen klassischen Touch und sorgt f\u00fcr eine perfekte Passform. Die auff\u00e4llige, tropfenf\u00f6rmige Illusionsschleppe macht den R\u00fccken zu etwas ganz Besonderem, ideal f\u00fcr einen dramatischen Auftritt w\u00e4hrend der Zeremonie. Dieses Hochzeitskleid ist die ultimative Wahl f\u00fcr eine Braut, die sowohl Romantik als auch Raffinesse sucht.\",\"breadcrumb\":{\"@id\":\"https:\\\/\\\/www.koonings.com\\\/de\\\/product\\\/azuree-bridal-amy-plus-426-0191\\\/#breadcrumb\"},\"inLanguage\":\"de\",\"potentialAction\":[{\"@type\":\"ReadAction\",\"target\":[\"https:\\\/\\\/www.koonings.com\\\/de\\\/product\\\/azuree-bridal-amy-plus-426-0191\\\/\"]}]},{\"@type\":\"ImageObject\",\"inLanguage\":\"de\",\"@id\":\"https:\\\/\\\/www.koonings.com\\\/de\\\/product\\\/azuree-bridal-amy-plus-426-0191\\\/#primaryimage\",\"url\":\"https:\\\/\\\/www.koonings.com\\\/wp-content\\\/uploads\\\/2025\\\/09\\\/51476_5298ad19fb9d61d7b1e8dbb782833eca8e2409458594c6b6dbaa07842ffaf5fe55277485.jpeg\",\"contentUrl\":\"https:\\\/\\\/www.koonings.com\\\/wp-content\\\/uploads\\\/2025\\\/09\\\/51476_5298ad19fb9d61d7b1e8dbb782833eca8e2409458594c6b6dbaa07842ffaf5fe55277485.jpeg\",\"width\":1669,\"height\":2355},{\"@type\":\"BreadcrumbList\",\"@id\":\"https:\\\/\\\/www.koonings.com\\\/de\\\/product\\\/azuree-bridal-amy-plus-426-0191\\\/#breadcrumb\",\"itemListElement\":[{\"@type\":\"ListItem\",\"position\":1,\"name\":\"Home\",\"item\":\"https:\\\/\\\/www.koonings.com\\\/de\\\/\"},{\"@type\":\"ListItem\",\"position\":2,\"name\":\"Azuree Bridal Amy &#8211; plus 426.0191\"}]},{\"@type\":\"WebSite\",\"@id\":\"https:\\\/\\\/www.koonings.com\\\/de\\\/#website\",\"url\":\"https:\\\/\\\/www.koonings.com\\\/de\\\/\",\"name\":\"Koonings\",\"description\":\"De grootste bruidsmodewinkel ter wereld\",\"publisher\":{\"@id\":\"https:\\\/\\\/www.koonings.com\\\/de\\\/#organization\"},\"potentialAction\":[{\"@type\":\"SearchAction\",\"target\":{\"@type\":\"EntryPoint\",\"urlTemplate\":\"https:\\\/\\\/www.koonings.com\\\/de\\\/?s={search_term_string}\"},\"query-input\":{\"@type\":\"PropertyValueSpecification\",\"valueRequired\":true,\"valueName\":\"search_term_string\"}}],\"inLanguage\":\"de\"},{\"@type\":\"Organization\",\"@id\":\"https:\\\/\\\/www.koonings.com\\\/de\\\/#organization\",\"name\":\"Koonings\",\"url\":\"https:\\\/\\\/www.koonings.com\\\/de\\\/\",\"logo\":{\"@type\":\"ImageObject\",\"inLanguage\":\"de\",\"@id\":\"https:\\\/\\\/www.koonings.com\\\/de\\\/#\\\/schema\\\/logo\\\/image\\\/\",\"url\":\"https:\\\/\\\/www.koonings.com\\\/wp-content\\\/uploads\\\/2024\\\/07\\\/logo.png\",\"contentUrl\":\"https:\\\/\\\/www.koonings.com\\\/wp-content\\\/uploads\\\/2024\\\/07\\\/logo.png\",\"width\":600,\"height\":428,\"caption\":\"Koonings\"},\"image\":{\"@id\":\"https:\\\/\\\/www.koonings.com\\\/de\\\/#\\\/schema\\\/logo\\\/image\\\/\"},\"sameAs\":[\"https:\\\/\\\/www.facebook.com\\\/kooningstheweddingpalace\",\"https:\\\/\\\/www.instagram.com\\\/kooningstheweddingpalace\",\"https:\\\/\\\/www.pinterest.com\\\/koonings\",\"https:\\\/\\\/www.youtube.com\\\/kooningstheweddingpalace\"]}]}<\/script>\n<!-- \/ Yoast SEO plugin. -->","yoast_head_json":{"title":"Azuree Bridal Amy - plus 426.0191 | Koonings","description":"Das Amy Hochzeitskleid hat einen raffinierten und romantischen Look. Die Fit & Flare-Silhouette sorgt f\u00fcr eine elegante Passform, die feminine Formen betont. Das Kleid ist vollst\u00e4ndig gef\u00fcttert und hat ein Illusionsmieder mit abnehmbaren Off-Shoulder-\u00c4rmeln, perfekt f\u00fcr eine vielseitige Braut, die Stil\u00e4nderungen liebt. Das Kleid ist mit 3D-Spitzenapplikationen und dezentem Glitzert\u00fcll verziert, der f\u00fcr einen glitzernden, aber dennoch zarten Look sorgt. Die Schn\u00fcrung am R\u00fccken verleiht dem Kleid einen klassischen Touch und sorgt f\u00fcr eine perfekte Passform. Die auff\u00e4llige, tropfenf\u00f6rmige Illusionsschleppe macht den R\u00fccken zu etwas ganz Besonderem, ideal f\u00fcr einen dramatischen Auftritt w\u00e4hrend der Zeremonie. Dieses Hochzeitskleid ist die ultimative Wahl f\u00fcr eine Braut, die sowohl Romantik als auch Raffinesse sucht.","robots":{"index":"index","follow":"follow","max-snippet":"max-snippet:-1","max-image-preview":"max-image-preview:large","max-video-preview":"max-video-preview:-1"},"canonical":"https:\/\/www.koonings.com\/de\/product\/azuree-bridal-amy-plus-426-0191\/","og_locale":"de_DE","og_type":"article","og_title":"Azuree Bridal Amy - plus 426.0191 | Koonings","og_description":"Das Amy Hochzeitskleid hat einen raffinierten und romantischen Look. Die Fit & Flare-Silhouette sorgt f\u00fcr eine elegante Passform, die feminine Formen betont. Das Kleid ist vollst\u00e4ndig gef\u00fcttert und hat ein Illusionsmieder mit abnehmbaren Off-Shoulder-\u00c4rmeln, perfekt f\u00fcr eine vielseitige Braut, die Stil\u00e4nderungen liebt. Das Kleid ist mit 3D-Spitzenapplikationen und dezentem Glitzert\u00fcll verziert, der f\u00fcr einen glitzernden, aber dennoch zarten Look sorgt. Die Schn\u00fcrung am R\u00fccken verleiht dem Kleid einen klassischen Touch und sorgt f\u00fcr eine perfekte Passform. Die auff\u00e4llige, tropfenf\u00f6rmige Illusionsschleppe macht den R\u00fccken zu etwas ganz Besonderem, ideal f\u00fcr einen dramatischen Auftritt w\u00e4hrend der Zeremonie. Dieses Hochzeitskleid ist die ultimative Wahl f\u00fcr eine Braut, die sowohl Romantik als auch Raffinesse sucht.","og_url":"https:\/\/www.koonings.com\/de\/product\/azuree-bridal-amy-plus-426-0191\/","og_site_name":"Koonings","article_publisher":"https:\/\/www.facebook.com\/kooningstheweddingpalace","og_image":[{"width":1669,"height":2355,"url":"https:\/\/www.koonings.com\/wp-content\/uploads\/2025\/09\/51476_5298ad19fb9d61d7b1e8dbb782833eca8e2409458594c6b6dbaa07842ffaf5fe55277485.jpeg","type":"image\/jpeg"}],"twitter_card":"summary_large_image","twitter_misc":{"Gesch\u00e4tzte Lesezeit":"1\u00a0Minute"},"schema":{"@context":"https:\/\/schema.org","@graph":[{"@type":"WebPage","@id":"https:\/\/www.koonings.com\/de\/product\/azuree-bridal-amy-plus-426-0191\/","url":"https:\/\/www.koonings.com\/de\/product\/azuree-bridal-amy-plus-426-0191\/","name":"Azuree Bridal Amy - plus 426.0191 | Koonings","isPartOf":{"@id":"https:\/\/www.koonings.com\/de\/#website"},"primaryImageOfPage":{"@id":"https:\/\/www.koonings.com\/de\/product\/azuree-bridal-amy-plus-426-0191\/#primaryimage"},"image":{"@id":"https:\/\/www.koonings.com\/de\/product\/azuree-bridal-amy-plus-426-0191\/#primaryimage"},"thumbnailUrl":"https:\/\/www.koonings.com\/wp-content\/uploads\/2025\/09\/51476_5298ad19fb9d61d7b1e8dbb782833eca8e2409458594c6b6dbaa07842ffaf5fe55277485.jpeg","datePublished":"2026-04-28T16:40:31+00:00","description":"Das Amy Hochzeitskleid hat einen raffinierten und romantischen Look. Die Fit & Flare-Silhouette sorgt f\u00fcr eine elegante Passform, die feminine Formen betont. Das Kleid ist vollst\u00e4ndig gef\u00fcttert und hat ein Illusionsmieder mit abnehmbaren Off-Shoulder-\u00c4rmeln, perfekt f\u00fcr eine vielseitige Braut, die Stil\u00e4nderungen liebt. Das Kleid ist mit 3D-Spitzenapplikationen und dezentem Glitzert\u00fcll verziert, der f\u00fcr einen glitzernden, aber dennoch zarten Look sorgt. Die Schn\u00fcrung am R\u00fccken verleiht dem Kleid einen klassischen Touch und sorgt f\u00fcr eine perfekte Passform. Die auff\u00e4llige, tropfenf\u00f6rmige Illusionsschleppe macht den R\u00fccken zu etwas ganz Besonderem, ideal f\u00fcr einen dramatischen Auftritt w\u00e4hrend der Zeremonie. Dieses Hochzeitskleid ist die ultimative Wahl f\u00fcr eine Braut, die sowohl Romantik als auch Raffinesse sucht.","breadcrumb":{"@id":"https:\/\/www.koonings.com\/de\/product\/azuree-bridal-amy-plus-426-0191\/#breadcrumb"},"inLanguage":"de","potentialAction":[{"@type":"ReadAction","target":["https:\/\/www.koonings.com\/de\/product\/azuree-bridal-amy-plus-426-0191\/"]}]},{"@type":"ImageObject","inLanguage":"de","@id":"https:\/\/www.koonings.com\/de\/product\/azuree-bridal-amy-plus-426-0191\/#primaryimage","url":"https:\/\/www.koonings.com\/wp-content\/uploads\/2025\/09\/51476_5298ad19fb9d61d7b1e8dbb782833eca8e2409458594c6b6dbaa07842ffaf5fe55277485.jpeg","contentUrl":"https:\/\/www.koonings.com\/wp-content\/uploads\/2025\/09\/51476_5298ad19fb9d61d7b1e8dbb782833eca8e2409458594c6b6dbaa07842ffaf5fe55277485.jpeg","width":1669,"height":2355},{"@type":"BreadcrumbList","@id":"https:\/\/www.koonings.com\/de\/product\/azuree-bridal-amy-plus-426-0191\/#breadcrumb","itemListElement":[{"@type":"ListItem","position":1,"name":"Home","item":"https:\/\/www.koonings.com\/de\/"},{"@type":"ListItem","position":2,"name":"Azuree Bridal Amy &#8211; plus 426.0191"}]},{"@type":"WebSite","@id":"https:\/\/www.koonings.com\/de\/#website","url":"https:\/\/www.koonings.com\/de\/","name":"Koonings","description":"De grootste bruidsmodewinkel ter wereld","publisher":{"@id":"https:\/\/www.koonings.com\/de\/#organization"},"potentialAction":[{"@type":"SearchAction","target":{"@type":"EntryPoint","urlTemplate":"https:\/\/www.koonings.com\/de\/?s={search_term_string}"},"query-input":{"@type":"PropertyValueSpecification","valueRequired":true,"valueName":"search_term_string"}}],"inLanguage":"de"},{"@type":"Organization","@id":"https:\/\/www.koonings.com\/de\/#organization","name":"Koonings","url":"https:\/\/www.koonings.com\/de\/","logo":{"@type":"ImageObject","inLanguage":"de","@id":"https:\/\/www.koonings.com\/de\/#\/schema\/logo\/image\/","url":"https:\/\/www.koonings.com\/wp-content\/uploads\/2024\/07\/logo.png","contentUrl":"https:\/\/www.koonings.com\/wp-content\/uploads\/2024\/07\/logo.png","width":600,"height":428,"caption":"Koonings"},"image":{"@id":"https:\/\/www.koonings.com\/de\/#\/schema\/logo\/image\/"},"sameAs":["https:\/\/www.facebook.com\/kooningstheweddingpalace","https:\/\/www.instagram.com\/kooningstheweddingpalace","https:\/\/www.pinterest.com\/koonings","https:\/\/www.youtube.com\/kooningstheweddingpalace"]}]}},"_links":{"self":[{"href":"https:\/\/www.koonings.com\/de\/wp-json\/wp\/v2\/product\/93819","targetHints":{"allow":["GET"]}}],"collection":[{"href":"https:\/\/www.koonings.com\/de\/wp-json\/wp\/v2\/product"}],"about":[{"href":"https:\/\/www.koonings.com\/de\/wp-json\/wp\/v2\/types\/product"}],"wp:featuredmedia":[{"embeddable":true,"href":"https:\/\/www.koonings.com\/de\/wp-json\/wp\/v2\/media\/92423"}],"wp:attachment":[{"href":"https:\/\/www.koonings.com\/de\/wp-json\/wp\/v2\/media?parent=93819"}],"wp:term":[{"taxonomy":"productdetails","embeddable":true,"href":"https:\/\/www.koonings.com\/de\/wp-json\/wp\/v2\/productdetails?post=93819"},{"taxonomy":"productneck","embeddable":true,"href":"https:\/\/www.koonings.com\/de\/wp-json\/wp\/v2\/productneck?post=93819"},{"taxonomy":"productcolor","embeddable":true,"href":"https:\/\/www.koonings.com\/de\/wp-json\/wp\/v2\/productcolor?post=93819"},{"taxonomy":"maat","embeddable":true,"href":"https:\/\/www.koonings.com\/de\/wp-json\/wp\/v2\/maat?post=93819"},{"taxonomy":"productsupplier","embeddable":true,"href":"https:\/\/www.koonings.com\/de\/wp-json\/wp\/v2\/productsupplier?post=93819"},{"taxonomy":"productsleeve","embeddable":true,"href":"https:\/\/www.koonings.com\/de\/wp-json\/wp\/v2\/productsleeve?post=93819"},{"taxonomy":"productcategory","embeddable":true,"href":"https:\/\/www.koonings.com\/de\/wp-json\/wp\/v2\/productcategory?post=93819"},{"taxonomy":"productsilhouette","embeddable":true,"href":"https:\/\/www.koonings.com\/de\/wp-json\/wp\/v2\/productsilhouette?post=93819"},{"taxonomy":"productstyle","embeddable":true,"href":"https:\/\/www.koonings.com\/de\/wp-json\/wp\/v2\/productstyle?post=93819"}],"curies":[{"name":"wp","href":"https:\/\/api.w.org\/{rel}","templated":true}]}}