{"id":93808,"date":"2026-04-21T18:44:04","date_gmt":"2026-04-21T16:44:04","guid":{"rendered":"https:\/\/www.koonings.com\/product\/azuree-braut-bridget-326-0252\/"},"modified":"2026-02-17T12:54:07","modified_gmt":"2026-02-17T11:54:07","slug":"azuree-braut-bridget-326-0252","status":"publish","type":"product","link":"https:\/\/www.koonings.com\/de\/product\/azuree-braut-bridget-326-0252\/","title":{"rendered":"Azuree Braut Bridget 326.0252"},"content":{"rendered":"<p>Setzen Sie ein Zeichen mit Bridget, einem atemberaubenden Ballkleid, das pure Romantik verspr\u00fcht. Dieses Kleid kombiniert ein transparentes Korsett mit einem \u00fcppigen T\u00fcllrock f\u00fcr eine traumhafte Silhouette, die sowohl klassisch als auch modern wirkt. Das Kleid ist reich verziert mit floraler Spitze und zarten 3D-Applikationen, die wie Bl\u00fcten auf dem ganzen Kleid zu bl\u00fchen scheinen.  <\/p>\n<p>Mit abnehmbaren Off-Shoulder-\u00c4rmeln und zarten Schultertr\u00e4gern bietet Bridget zwei stilvolle Looks in einem: von traditionell prinzessinnenhaft bis verspielt und modern. Der halbtransparente R\u00fccken verleiht dem Kleid einen Hauch von Sinnlichkeit, ohne dabei an Eleganz einzub\u00fc\u00dfen. <\/p>\n","protected":false},"featured_media":92207,"template":"","meta":{"_acf_changed":false,"ghostkit_customizer_options":"","ghostkit_custom_css":"","ghostkit_custom_js_head":"","ghostkit_custom_js_foot":"","ghostkit_typography":""},"productdetails":[379],"productneck":[355],"productcolor":[393,392],"maat":[],"productsupplier":[533],"productsleeve":[359,363],"productcategory":[18],"productsilhouette":[388],"productstyle":[369,366],"class_list":["post-93808","product","type-product","status-publish","has-post-thumbnail","hentry","productdetails-379","productneck-355","productcolor-393","productcolor-392","productsupplier-azuree-bridal","productsleeve-359","productsleeve-363","productcategory-trouwjurken","productsilhouette-388","productstyle-369","productstyle-366"],"acf":[],"yoast_head":"<!-- This site is optimized with the Yoast SEO plugin v27.3 - https:\/\/yoast.com\/product\/yoast-seo-wordpress\/ -->\n<title>Azuree Braut Bridget 326.0252 | Koonings<\/title>\n<meta name=\"description\" content=\"Setzen Sie ein Zeichen mit Bridget, einem atemberaubenden Ballkleid, das pure Romantik verspr\u00fcht. Dieses Kleid kombiniert ein transparentes Korsett mit einem \u00fcppigen T\u00fcllrock f\u00fcr eine traumhafte Silhouette, die sowohl klassisch als auch modern wirkt. Das Kleid ist reich verziert mit floraler Spitze und zarten 3D-Applikationen, die wie Bl\u00fcten auf dem ganzen Kleid zu bl\u00fchen scheinen. Mit abnehmbaren Off-Shoulder-\u00c4rmeln und zarten Schultertr\u00e4gern bietet Bridget zwei stilvolle Looks in einem: von traditionell prinzessinnenhaft bis verspielt und modern. Der halbtransparente R\u00fccken verleiht dem Kleid einen Hauch von Sinnlichkeit, ohne dabei an Eleganz einzub\u00fc\u00dfen.\" \/>\n<meta name=\"robots\" content=\"index, follow, max-snippet:-1, max-image-preview:large, max-video-preview:-1\" \/>\n<link rel=\"canonical\" href=\"https:\/\/www.koonings.com\/de\/product\/azuree-braut-bridget-326-0252\/\" \/>\n<meta property=\"og:locale\" content=\"de_DE\" \/>\n<meta property=\"og:type\" content=\"article\" \/>\n<meta property=\"og:title\" content=\"Azuree Braut Bridget 326.0252 | Koonings\" \/>\n<meta property=\"og:description\" content=\"Setzen Sie ein Zeichen mit Bridget, einem atemberaubenden Ballkleid, das pure Romantik verspr\u00fcht. Dieses Kleid kombiniert ein transparentes Korsett mit einem \u00fcppigen T\u00fcllrock f\u00fcr eine traumhafte Silhouette, die sowohl klassisch als auch modern wirkt. Das Kleid ist reich verziert mit floraler Spitze und zarten 3D-Applikationen, die wie Bl\u00fcten auf dem ganzen Kleid zu bl\u00fchen scheinen. Mit abnehmbaren Off-Shoulder-\u00c4rmeln und zarten Schultertr\u00e4gern bietet Bridget zwei stilvolle Looks in einem: von traditionell prinzessinnenhaft bis verspielt und modern. Der halbtransparente R\u00fccken verleiht dem Kleid einen Hauch von Sinnlichkeit, ohne dabei an Eleganz einzub\u00fc\u00dfen.\" \/>\n<meta property=\"og:url\" content=\"https:\/\/www.koonings.com\/de\/product\/azuree-braut-bridget-326-0252\/\" \/>\n<meta property=\"og:site_name\" content=\"Koonings\" \/>\n<meta property=\"article:publisher\" content=\"https:\/\/www.facebook.com\/kooningstheweddingpalace\" \/>\n<meta property=\"og:image\" content=\"https:\/\/www.koonings.com\/wp-content\/uploads\/2025\/09\/51518_bfe21485b9a436fb763c4ed5a0a54fc4b22f22bcb8c89cd81bac7ba8dc00012fffd1ffcd.jpeg\" \/>\n\t<meta property=\"og:image:width\" content=\"1708\" \/>\n\t<meta property=\"og:image:height\" content=\"2413\" \/>\n\t<meta property=\"og:image:type\" content=\"image\/jpeg\" \/>\n<meta name=\"twitter:card\" content=\"summary_large_image\" \/>\n<script type=\"application\/ld+json\" class=\"yoast-schema-graph\">{\"@context\":\"https:\\\/\\\/schema.org\",\"@graph\":[{\"@type\":\"WebPage\",\"@id\":\"https:\\\/\\\/www.koonings.com\\\/de\\\/product\\\/azuree-braut-bridget-326-0252\\\/\",\"url\":\"https:\\\/\\\/www.koonings.com\\\/de\\\/product\\\/azuree-braut-bridget-326-0252\\\/\",\"name\":\"Azuree Braut Bridget 326.0252 | Koonings\",\"isPartOf\":{\"@id\":\"https:\\\/\\\/www.koonings.com\\\/de\\\/#website\"},\"primaryImageOfPage\":{\"@id\":\"https:\\\/\\\/www.koonings.com\\\/de\\\/product\\\/azuree-braut-bridget-326-0252\\\/#primaryimage\"},\"image\":{\"@id\":\"https:\\\/\\\/www.koonings.com\\\/de\\\/product\\\/azuree-braut-bridget-326-0252\\\/#primaryimage\"},\"thumbnailUrl\":\"https:\\\/\\\/www.koonings.com\\\/wp-content\\\/uploads\\\/2025\\\/09\\\/51518_bfe21485b9a436fb763c4ed5a0a54fc4b22f22bcb8c89cd81bac7ba8dc00012fffd1ffcd.jpeg\",\"datePublished\":\"2026-04-21T16:44:04+00:00\",\"description\":\"Setzen Sie ein Zeichen mit Bridget, einem atemberaubenden Ballkleid, das pure Romantik verspr\u00fcht. Dieses Kleid kombiniert ein transparentes Korsett mit einem \u00fcppigen T\u00fcllrock f\u00fcr eine traumhafte Silhouette, die sowohl klassisch als auch modern wirkt. Das Kleid ist reich verziert mit floraler Spitze und zarten 3D-Applikationen, die wie Bl\u00fcten auf dem ganzen Kleid zu bl\u00fchen scheinen. Mit abnehmbaren Off-Shoulder-\u00c4rmeln und zarten Schultertr\u00e4gern bietet Bridget zwei stilvolle Looks in einem: von traditionell prinzessinnenhaft bis verspielt und modern. Der halbtransparente R\u00fccken verleiht dem Kleid einen Hauch von Sinnlichkeit, ohne dabei an Eleganz einzub\u00fc\u00dfen.\",\"breadcrumb\":{\"@id\":\"https:\\\/\\\/www.koonings.com\\\/de\\\/product\\\/azuree-braut-bridget-326-0252\\\/#breadcrumb\"},\"inLanguage\":\"de\",\"potentialAction\":[{\"@type\":\"ReadAction\",\"target\":[\"https:\\\/\\\/www.koonings.com\\\/de\\\/product\\\/azuree-braut-bridget-326-0252\\\/\"]}]},{\"@type\":\"ImageObject\",\"inLanguage\":\"de\",\"@id\":\"https:\\\/\\\/www.koonings.com\\\/de\\\/product\\\/azuree-braut-bridget-326-0252\\\/#primaryimage\",\"url\":\"https:\\\/\\\/www.koonings.com\\\/wp-content\\\/uploads\\\/2025\\\/09\\\/51518_bfe21485b9a436fb763c4ed5a0a54fc4b22f22bcb8c89cd81bac7ba8dc00012fffd1ffcd.jpeg\",\"contentUrl\":\"https:\\\/\\\/www.koonings.com\\\/wp-content\\\/uploads\\\/2025\\\/09\\\/51518_bfe21485b9a436fb763c4ed5a0a54fc4b22f22bcb8c89cd81bac7ba8dc00012fffd1ffcd.jpeg\",\"width\":1708,\"height\":2413},{\"@type\":\"BreadcrumbList\",\"@id\":\"https:\\\/\\\/www.koonings.com\\\/de\\\/product\\\/azuree-braut-bridget-326-0252\\\/#breadcrumb\",\"itemListElement\":[{\"@type\":\"ListItem\",\"position\":1,\"name\":\"Home\",\"item\":\"https:\\\/\\\/www.koonings.com\\\/de\\\/\"},{\"@type\":\"ListItem\",\"position\":2,\"name\":\"Azuree Braut Bridget 326.0252\"}]},{\"@type\":\"WebSite\",\"@id\":\"https:\\\/\\\/www.koonings.com\\\/de\\\/#website\",\"url\":\"https:\\\/\\\/www.koonings.com\\\/de\\\/\",\"name\":\"Koonings\",\"description\":\"De grootste bruidsmodewinkel ter wereld\",\"publisher\":{\"@id\":\"https:\\\/\\\/www.koonings.com\\\/de\\\/#organization\"},\"potentialAction\":[{\"@type\":\"SearchAction\",\"target\":{\"@type\":\"EntryPoint\",\"urlTemplate\":\"https:\\\/\\\/www.koonings.com\\\/de\\\/?s={search_term_string}\"},\"query-input\":{\"@type\":\"PropertyValueSpecification\",\"valueRequired\":true,\"valueName\":\"search_term_string\"}}],\"inLanguage\":\"de\"},{\"@type\":\"Organization\",\"@id\":\"https:\\\/\\\/www.koonings.com\\\/de\\\/#organization\",\"name\":\"Koonings\",\"url\":\"https:\\\/\\\/www.koonings.com\\\/de\\\/\",\"logo\":{\"@type\":\"ImageObject\",\"inLanguage\":\"de\",\"@id\":\"https:\\\/\\\/www.koonings.com\\\/de\\\/#\\\/schema\\\/logo\\\/image\\\/\",\"url\":\"https:\\\/\\\/www.koonings.com\\\/wp-content\\\/uploads\\\/2024\\\/07\\\/logo.png\",\"contentUrl\":\"https:\\\/\\\/www.koonings.com\\\/wp-content\\\/uploads\\\/2024\\\/07\\\/logo.png\",\"width\":600,\"height\":428,\"caption\":\"Koonings\"},\"image\":{\"@id\":\"https:\\\/\\\/www.koonings.com\\\/de\\\/#\\\/schema\\\/logo\\\/image\\\/\"},\"sameAs\":[\"https:\\\/\\\/www.facebook.com\\\/kooningstheweddingpalace\",\"https:\\\/\\\/www.instagram.com\\\/kooningstheweddingpalace\",\"https:\\\/\\\/www.pinterest.com\\\/koonings\",\"https:\\\/\\\/www.youtube.com\\\/kooningstheweddingpalace\"]}]}<\/script>\n<!-- \/ Yoast SEO plugin. -->","yoast_head_json":{"title":"Azuree Braut Bridget 326.0252 | Koonings","description":"Setzen Sie ein Zeichen mit Bridget, einem atemberaubenden Ballkleid, das pure Romantik verspr\u00fcht. Dieses Kleid kombiniert ein transparentes Korsett mit einem \u00fcppigen T\u00fcllrock f\u00fcr eine traumhafte Silhouette, die sowohl klassisch als auch modern wirkt. Das Kleid ist reich verziert mit floraler Spitze und zarten 3D-Applikationen, die wie Bl\u00fcten auf dem ganzen Kleid zu bl\u00fchen scheinen. Mit abnehmbaren Off-Shoulder-\u00c4rmeln und zarten Schultertr\u00e4gern bietet Bridget zwei stilvolle Looks in einem: von traditionell prinzessinnenhaft bis verspielt und modern. Der halbtransparente R\u00fccken verleiht dem Kleid einen Hauch von Sinnlichkeit, ohne dabei an Eleganz einzub\u00fc\u00dfen.","robots":{"index":"index","follow":"follow","max-snippet":"max-snippet:-1","max-image-preview":"max-image-preview:large","max-video-preview":"max-video-preview:-1"},"canonical":"https:\/\/www.koonings.com\/de\/product\/azuree-braut-bridget-326-0252\/","og_locale":"de_DE","og_type":"article","og_title":"Azuree Braut Bridget 326.0252 | Koonings","og_description":"Setzen Sie ein Zeichen mit Bridget, einem atemberaubenden Ballkleid, das pure Romantik verspr\u00fcht. Dieses Kleid kombiniert ein transparentes Korsett mit einem \u00fcppigen T\u00fcllrock f\u00fcr eine traumhafte Silhouette, die sowohl klassisch als auch modern wirkt. Das Kleid ist reich verziert mit floraler Spitze und zarten 3D-Applikationen, die wie Bl\u00fcten auf dem ganzen Kleid zu bl\u00fchen scheinen. Mit abnehmbaren Off-Shoulder-\u00c4rmeln und zarten Schultertr\u00e4gern bietet Bridget zwei stilvolle Looks in einem: von traditionell prinzessinnenhaft bis verspielt und modern. Der halbtransparente R\u00fccken verleiht dem Kleid einen Hauch von Sinnlichkeit, ohne dabei an Eleganz einzub\u00fc\u00dfen.","og_url":"https:\/\/www.koonings.com\/de\/product\/azuree-braut-bridget-326-0252\/","og_site_name":"Koonings","article_publisher":"https:\/\/www.facebook.com\/kooningstheweddingpalace","og_image":[{"width":1708,"height":2413,"url":"https:\/\/www.koonings.com\/wp-content\/uploads\/2025\/09\/51518_bfe21485b9a436fb763c4ed5a0a54fc4b22f22bcb8c89cd81bac7ba8dc00012fffd1ffcd.jpeg","type":"image\/jpeg"}],"twitter_card":"summary_large_image","schema":{"@context":"https:\/\/schema.org","@graph":[{"@type":"WebPage","@id":"https:\/\/www.koonings.com\/de\/product\/azuree-braut-bridget-326-0252\/","url":"https:\/\/www.koonings.com\/de\/product\/azuree-braut-bridget-326-0252\/","name":"Azuree Braut Bridget 326.0252 | Koonings","isPartOf":{"@id":"https:\/\/www.koonings.com\/de\/#website"},"primaryImageOfPage":{"@id":"https:\/\/www.koonings.com\/de\/product\/azuree-braut-bridget-326-0252\/#primaryimage"},"image":{"@id":"https:\/\/www.koonings.com\/de\/product\/azuree-braut-bridget-326-0252\/#primaryimage"},"thumbnailUrl":"https:\/\/www.koonings.com\/wp-content\/uploads\/2025\/09\/51518_bfe21485b9a436fb763c4ed5a0a54fc4b22f22bcb8c89cd81bac7ba8dc00012fffd1ffcd.jpeg","datePublished":"2026-04-21T16:44:04+00:00","description":"Setzen Sie ein Zeichen mit Bridget, einem atemberaubenden Ballkleid, das pure Romantik verspr\u00fcht. Dieses Kleid kombiniert ein transparentes Korsett mit einem \u00fcppigen T\u00fcllrock f\u00fcr eine traumhafte Silhouette, die sowohl klassisch als auch modern wirkt. Das Kleid ist reich verziert mit floraler Spitze und zarten 3D-Applikationen, die wie Bl\u00fcten auf dem ganzen Kleid zu bl\u00fchen scheinen. Mit abnehmbaren Off-Shoulder-\u00c4rmeln und zarten Schultertr\u00e4gern bietet Bridget zwei stilvolle Looks in einem: von traditionell prinzessinnenhaft bis verspielt und modern. Der halbtransparente R\u00fccken verleiht dem Kleid einen Hauch von Sinnlichkeit, ohne dabei an Eleganz einzub\u00fc\u00dfen.","breadcrumb":{"@id":"https:\/\/www.koonings.com\/de\/product\/azuree-braut-bridget-326-0252\/#breadcrumb"},"inLanguage":"de","potentialAction":[{"@type":"ReadAction","target":["https:\/\/www.koonings.com\/de\/product\/azuree-braut-bridget-326-0252\/"]}]},{"@type":"ImageObject","inLanguage":"de","@id":"https:\/\/www.koonings.com\/de\/product\/azuree-braut-bridget-326-0252\/#primaryimage","url":"https:\/\/www.koonings.com\/wp-content\/uploads\/2025\/09\/51518_bfe21485b9a436fb763c4ed5a0a54fc4b22f22bcb8c89cd81bac7ba8dc00012fffd1ffcd.jpeg","contentUrl":"https:\/\/www.koonings.com\/wp-content\/uploads\/2025\/09\/51518_bfe21485b9a436fb763c4ed5a0a54fc4b22f22bcb8c89cd81bac7ba8dc00012fffd1ffcd.jpeg","width":1708,"height":2413},{"@type":"BreadcrumbList","@id":"https:\/\/www.koonings.com\/de\/product\/azuree-braut-bridget-326-0252\/#breadcrumb","itemListElement":[{"@type":"ListItem","position":1,"name":"Home","item":"https:\/\/www.koonings.com\/de\/"},{"@type":"ListItem","position":2,"name":"Azuree Braut Bridget 326.0252"}]},{"@type":"WebSite","@id":"https:\/\/www.koonings.com\/de\/#website","url":"https:\/\/www.koonings.com\/de\/","name":"Koonings","description":"De grootste bruidsmodewinkel ter wereld","publisher":{"@id":"https:\/\/www.koonings.com\/de\/#organization"},"potentialAction":[{"@type":"SearchAction","target":{"@type":"EntryPoint","urlTemplate":"https:\/\/www.koonings.com\/de\/?s={search_term_string}"},"query-input":{"@type":"PropertyValueSpecification","valueRequired":true,"valueName":"search_term_string"}}],"inLanguage":"de"},{"@type":"Organization","@id":"https:\/\/www.koonings.com\/de\/#organization","name":"Koonings","url":"https:\/\/www.koonings.com\/de\/","logo":{"@type":"ImageObject","inLanguage":"de","@id":"https:\/\/www.koonings.com\/de\/#\/schema\/logo\/image\/","url":"https:\/\/www.koonings.com\/wp-content\/uploads\/2024\/07\/logo.png","contentUrl":"https:\/\/www.koonings.com\/wp-content\/uploads\/2024\/07\/logo.png","width":600,"height":428,"caption":"Koonings"},"image":{"@id":"https:\/\/www.koonings.com\/de\/#\/schema\/logo\/image\/"},"sameAs":["https:\/\/www.facebook.com\/kooningstheweddingpalace","https:\/\/www.instagram.com\/kooningstheweddingpalace","https:\/\/www.pinterest.com\/koonings","https:\/\/www.youtube.com\/kooningstheweddingpalace"]}]}},"_links":{"self":[{"href":"https:\/\/www.koonings.com\/de\/wp-json\/wp\/v2\/product\/93808","targetHints":{"allow":["GET"]}}],"collection":[{"href":"https:\/\/www.koonings.com\/de\/wp-json\/wp\/v2\/product"}],"about":[{"href":"https:\/\/www.koonings.com\/de\/wp-json\/wp\/v2\/types\/product"}],"wp:featuredmedia":[{"embeddable":true,"href":"https:\/\/www.koonings.com\/de\/wp-json\/wp\/v2\/media\/92207"}],"wp:attachment":[{"href":"https:\/\/www.koonings.com\/de\/wp-json\/wp\/v2\/media?parent=93808"}],"wp:term":[{"taxonomy":"productdetails","embeddable":true,"href":"https:\/\/www.koonings.com\/de\/wp-json\/wp\/v2\/productdetails?post=93808"},{"taxonomy":"productneck","embeddable":true,"href":"https:\/\/www.koonings.com\/de\/wp-json\/wp\/v2\/productneck?post=93808"},{"taxonomy":"productcolor","embeddable":true,"href":"https:\/\/www.koonings.com\/de\/wp-json\/wp\/v2\/productcolor?post=93808"},{"taxonomy":"maat","embeddable":true,"href":"https:\/\/www.koonings.com\/de\/wp-json\/wp\/v2\/maat?post=93808"},{"taxonomy":"productsupplier","embeddable":true,"href":"https:\/\/www.koonings.com\/de\/wp-json\/wp\/v2\/productsupplier?post=93808"},{"taxonomy":"productsleeve","embeddable":true,"href":"https:\/\/www.koonings.com\/de\/wp-json\/wp\/v2\/productsleeve?post=93808"},{"taxonomy":"productcategory","embeddable":true,"href":"https:\/\/www.koonings.com\/de\/wp-json\/wp\/v2\/productcategory?post=93808"},{"taxonomy":"productsilhouette","embeddable":true,"href":"https:\/\/www.koonings.com\/de\/wp-json\/wp\/v2\/productsilhouette?post=93808"},{"taxonomy":"productstyle","embeddable":true,"href":"https:\/\/www.koonings.com\/de\/wp-json\/wp\/v2\/productstyle?post=93808"}],"curies":[{"name":"wp","href":"https:\/\/api.w.org\/{rel}","templated":true}]}}