{"id":93803,"date":"2026-04-28T18:40:39","date_gmt":"2026-04-28T16:40:39","guid":{"rendered":"https:\/\/www.koonings.com\/product\/azuree-braut-aziza-426-0441\/"},"modified":"2026-02-17T12:57:48","modified_gmt":"2026-02-17T11:57:48","slug":"azuree-braut-aziza-426-0441","status":"publish","type":"product","link":"https:\/\/www.koonings.com\/de\/product\/azuree-braut-aziza-426-0441\/","title":{"rendered":"Azuree Braut Aziza 426.0441"},"content":{"rendered":"<p>Aziza ist ein atemberaubendes Hochzeitskleid in A-Linie, das die perfekte Mischung aus Romantik und Eleganz bietet. Dieses Kleid hat einen schulterfreien Ausschnitt mit Ballon\u00e4rmeln, die f\u00fcr einen einzigartigen und vertr\u00e4umten Look sorgen. Das durchsichtige Mieder mit Spitzendetails und Illusionsausschnitten verleiht ihm einen Hauch von Glamour. Der volle T\u00fcllrock vervollst\u00e4ndigt den Look, perfekt f\u00fcr Br\u00e4ute, die von einem m\u00e4rchenhaften Auftritt tr\u00e4umen. Aziza ist ein Kleid, mit dem Sie an Ihrem besonderen Tag garantiert alle Blicke auf sich ziehen werden, dank seiner beeindruckenden Kombination aus romantischen Details und raffinierter Eleganz.    <\/p>\n","protected":false},"featured_media":91991,"template":"","meta":{"_acf_changed":false,"ghostkit_customizer_options":"","ghostkit_custom_css":"","ghostkit_custom_js_head":"","ghostkit_custom_js_foot":"","ghostkit_typography":""},"productdetails":[379,376,381],"productneck":[351],"productcolor":[393,392],"maat":[],"productsupplier":[533],"productsleeve":[362,363],"productcategory":[18],"productsilhouette":[384],"productstyle":[366],"class_list":["post-93803","product","type-product","status-publish","has-post-thumbnail","hentry","productdetails-379","productdetails-376","productdetails-381","productneck-351","productcolor-393","productcolor-392","productsupplier-azuree-bridal","productsleeve-362","productsleeve-363","productcategory-trouwjurken","productsilhouette-384","productstyle-366"],"acf":[],"yoast_head":"<!-- This site is optimized with the Yoast SEO plugin v27.3 - https:\/\/yoast.com\/product\/yoast-seo-wordpress\/ -->\n<title>Azuree Braut Aziza 426.0441 | Koonings<\/title>\n<meta name=\"description\" content=\"Aziza ist ein atemberaubendes Hochzeitskleid in A-Linie, das die perfekte Mischung aus Romantik und Eleganz bietet. Dieses Kleid hat einen schulterfreien Ausschnitt mit Ballon\u00e4rmeln, die f\u00fcr einen einzigartigen und vertr\u00e4umten Look sorgen. Das durchsichtige Mieder mit Spitzendetails und Illusionsausschnitten verleiht ihm einen Hauch von Glamour. Der volle T\u00fcllrock vervollst\u00e4ndigt den Look, perfekt f\u00fcr Br\u00e4ute, die von einem m\u00e4rchenhaften Auftritt tr\u00e4umen. Aziza ist ein Kleid, mit dem Sie an Ihrem besonderen Tag garantiert alle Blicke auf sich ziehen werden, dank seiner beeindruckenden Kombination aus romantischen Details und raffinierter Eleganz.\" \/>\n<meta name=\"robots\" content=\"index, follow, max-snippet:-1, max-image-preview:large, max-video-preview:-1\" \/>\n<link rel=\"canonical\" href=\"https:\/\/www.koonings.com\/de\/product\/azuree-braut-aziza-426-0441\/\" \/>\n<meta property=\"og:locale\" content=\"de_DE\" \/>\n<meta property=\"og:type\" content=\"article\" \/>\n<meta property=\"og:title\" content=\"Azuree Braut Aziza 426.0441 | Koonings\" \/>\n<meta property=\"og:description\" content=\"Aziza ist ein atemberaubendes Hochzeitskleid in A-Linie, das die perfekte Mischung aus Romantik und Eleganz bietet. Dieses Kleid hat einen schulterfreien Ausschnitt mit Ballon\u00e4rmeln, die f\u00fcr einen einzigartigen und vertr\u00e4umten Look sorgen. Das durchsichtige Mieder mit Spitzendetails und Illusionsausschnitten verleiht ihm einen Hauch von Glamour. Der volle T\u00fcllrock vervollst\u00e4ndigt den Look, perfekt f\u00fcr Br\u00e4ute, die von einem m\u00e4rchenhaften Auftritt tr\u00e4umen. Aziza ist ein Kleid, mit dem Sie an Ihrem besonderen Tag garantiert alle Blicke auf sich ziehen werden, dank seiner beeindruckenden Kombination aus romantischen Details und raffinierter Eleganz.\" \/>\n<meta property=\"og:url\" content=\"https:\/\/www.koonings.com\/de\/product\/azuree-braut-aziza-426-0441\/\" \/>\n<meta property=\"og:site_name\" content=\"Koonings\" \/>\n<meta property=\"article:publisher\" content=\"https:\/\/www.facebook.com\/kooningstheweddingpalace\" \/>\n<meta property=\"og:image\" content=\"https:\/\/www.koonings.com\/wp-content\/uploads\/2025\/09\/51499_094f0c2d01f16ebbcbb8aad6df8e442bf0a73af2ed61dacdc935141c0961d5978280af57.jpeg\" \/>\n\t<meta property=\"og:image:width\" content=\"1564\" \/>\n\t<meta property=\"og:image:height\" content=\"2211\" \/>\n\t<meta property=\"og:image:type\" content=\"image\/jpeg\" \/>\n<meta name=\"twitter:card\" content=\"summary_large_image\" \/>\n<script type=\"application\/ld+json\" class=\"yoast-schema-graph\">{\"@context\":\"https:\\\/\\\/schema.org\",\"@graph\":[{\"@type\":\"WebPage\",\"@id\":\"https:\\\/\\\/www.koonings.com\\\/de\\\/product\\\/azuree-braut-aziza-426-0441\\\/\",\"url\":\"https:\\\/\\\/www.koonings.com\\\/de\\\/product\\\/azuree-braut-aziza-426-0441\\\/\",\"name\":\"Azuree Braut Aziza 426.0441 | Koonings\",\"isPartOf\":{\"@id\":\"https:\\\/\\\/www.koonings.com\\\/de\\\/#website\"},\"primaryImageOfPage\":{\"@id\":\"https:\\\/\\\/www.koonings.com\\\/de\\\/product\\\/azuree-braut-aziza-426-0441\\\/#primaryimage\"},\"image\":{\"@id\":\"https:\\\/\\\/www.koonings.com\\\/de\\\/product\\\/azuree-braut-aziza-426-0441\\\/#primaryimage\"},\"thumbnailUrl\":\"https:\\\/\\\/www.koonings.com\\\/wp-content\\\/uploads\\\/2025\\\/09\\\/51499_094f0c2d01f16ebbcbb8aad6df8e442bf0a73af2ed61dacdc935141c0961d5978280af57.jpeg\",\"datePublished\":\"2026-04-28T16:40:39+00:00\",\"description\":\"Aziza ist ein atemberaubendes Hochzeitskleid in A-Linie, das die perfekte Mischung aus Romantik und Eleganz bietet. Dieses Kleid hat einen schulterfreien Ausschnitt mit Ballon\u00e4rmeln, die f\u00fcr einen einzigartigen und vertr\u00e4umten Look sorgen. Das durchsichtige Mieder mit Spitzendetails und Illusionsausschnitten verleiht ihm einen Hauch von Glamour. Der volle T\u00fcllrock vervollst\u00e4ndigt den Look, perfekt f\u00fcr Br\u00e4ute, die von einem m\u00e4rchenhaften Auftritt tr\u00e4umen. Aziza ist ein Kleid, mit dem Sie an Ihrem besonderen Tag garantiert alle Blicke auf sich ziehen werden, dank seiner beeindruckenden Kombination aus romantischen Details und raffinierter Eleganz.\",\"breadcrumb\":{\"@id\":\"https:\\\/\\\/www.koonings.com\\\/de\\\/product\\\/azuree-braut-aziza-426-0441\\\/#breadcrumb\"},\"inLanguage\":\"de\",\"potentialAction\":[{\"@type\":\"ReadAction\",\"target\":[\"https:\\\/\\\/www.koonings.com\\\/de\\\/product\\\/azuree-braut-aziza-426-0441\\\/\"]}]},{\"@type\":\"ImageObject\",\"inLanguage\":\"de\",\"@id\":\"https:\\\/\\\/www.koonings.com\\\/de\\\/product\\\/azuree-braut-aziza-426-0441\\\/#primaryimage\",\"url\":\"https:\\\/\\\/www.koonings.com\\\/wp-content\\\/uploads\\\/2025\\\/09\\\/51499_094f0c2d01f16ebbcbb8aad6df8e442bf0a73af2ed61dacdc935141c0961d5978280af57.jpeg\",\"contentUrl\":\"https:\\\/\\\/www.koonings.com\\\/wp-content\\\/uploads\\\/2025\\\/09\\\/51499_094f0c2d01f16ebbcbb8aad6df8e442bf0a73af2ed61dacdc935141c0961d5978280af57.jpeg\",\"width\":1564,\"height\":2211},{\"@type\":\"BreadcrumbList\",\"@id\":\"https:\\\/\\\/www.koonings.com\\\/de\\\/product\\\/azuree-braut-aziza-426-0441\\\/#breadcrumb\",\"itemListElement\":[{\"@type\":\"ListItem\",\"position\":1,\"name\":\"Home\",\"item\":\"https:\\\/\\\/www.koonings.com\\\/de\\\/\"},{\"@type\":\"ListItem\",\"position\":2,\"name\":\"Azuree Braut Aziza 426.0441\"}]},{\"@type\":\"WebSite\",\"@id\":\"https:\\\/\\\/www.koonings.com\\\/de\\\/#website\",\"url\":\"https:\\\/\\\/www.koonings.com\\\/de\\\/\",\"name\":\"Koonings\",\"description\":\"De grootste bruidsmodewinkel ter wereld\",\"publisher\":{\"@id\":\"https:\\\/\\\/www.koonings.com\\\/de\\\/#organization\"},\"potentialAction\":[{\"@type\":\"SearchAction\",\"target\":{\"@type\":\"EntryPoint\",\"urlTemplate\":\"https:\\\/\\\/www.koonings.com\\\/de\\\/?s={search_term_string}\"},\"query-input\":{\"@type\":\"PropertyValueSpecification\",\"valueRequired\":true,\"valueName\":\"search_term_string\"}}],\"inLanguage\":\"de\"},{\"@type\":\"Organization\",\"@id\":\"https:\\\/\\\/www.koonings.com\\\/de\\\/#organization\",\"name\":\"Koonings\",\"url\":\"https:\\\/\\\/www.koonings.com\\\/de\\\/\",\"logo\":{\"@type\":\"ImageObject\",\"inLanguage\":\"de\",\"@id\":\"https:\\\/\\\/www.koonings.com\\\/de\\\/#\\\/schema\\\/logo\\\/image\\\/\",\"url\":\"https:\\\/\\\/www.koonings.com\\\/wp-content\\\/uploads\\\/2024\\\/07\\\/logo.png\",\"contentUrl\":\"https:\\\/\\\/www.koonings.com\\\/wp-content\\\/uploads\\\/2024\\\/07\\\/logo.png\",\"width\":600,\"height\":428,\"caption\":\"Koonings\"},\"image\":{\"@id\":\"https:\\\/\\\/www.koonings.com\\\/de\\\/#\\\/schema\\\/logo\\\/image\\\/\"},\"sameAs\":[\"https:\\\/\\\/www.facebook.com\\\/kooningstheweddingpalace\",\"https:\\\/\\\/www.instagram.com\\\/kooningstheweddingpalace\",\"https:\\\/\\\/www.pinterest.com\\\/koonings\",\"https:\\\/\\\/www.youtube.com\\\/kooningstheweddingpalace\"]}]}<\/script>\n<!-- \/ Yoast SEO plugin. -->","yoast_head_json":{"title":"Azuree Braut Aziza 426.0441 | Koonings","description":"Aziza ist ein atemberaubendes Hochzeitskleid in A-Linie, das die perfekte Mischung aus Romantik und Eleganz bietet. Dieses Kleid hat einen schulterfreien Ausschnitt mit Ballon\u00e4rmeln, die f\u00fcr einen einzigartigen und vertr\u00e4umten Look sorgen. Das durchsichtige Mieder mit Spitzendetails und Illusionsausschnitten verleiht ihm einen Hauch von Glamour. Der volle T\u00fcllrock vervollst\u00e4ndigt den Look, perfekt f\u00fcr Br\u00e4ute, die von einem m\u00e4rchenhaften Auftritt tr\u00e4umen. Aziza ist ein Kleid, mit dem Sie an Ihrem besonderen Tag garantiert alle Blicke auf sich ziehen werden, dank seiner beeindruckenden Kombination aus romantischen Details und raffinierter Eleganz.","robots":{"index":"index","follow":"follow","max-snippet":"max-snippet:-1","max-image-preview":"max-image-preview:large","max-video-preview":"max-video-preview:-1"},"canonical":"https:\/\/www.koonings.com\/de\/product\/azuree-braut-aziza-426-0441\/","og_locale":"de_DE","og_type":"article","og_title":"Azuree Braut Aziza 426.0441 | Koonings","og_description":"Aziza ist ein atemberaubendes Hochzeitskleid in A-Linie, das die perfekte Mischung aus Romantik und Eleganz bietet. Dieses Kleid hat einen schulterfreien Ausschnitt mit Ballon\u00e4rmeln, die f\u00fcr einen einzigartigen und vertr\u00e4umten Look sorgen. Das durchsichtige Mieder mit Spitzendetails und Illusionsausschnitten verleiht ihm einen Hauch von Glamour. Der volle T\u00fcllrock vervollst\u00e4ndigt den Look, perfekt f\u00fcr Br\u00e4ute, die von einem m\u00e4rchenhaften Auftritt tr\u00e4umen. Aziza ist ein Kleid, mit dem Sie an Ihrem besonderen Tag garantiert alle Blicke auf sich ziehen werden, dank seiner beeindruckenden Kombination aus romantischen Details und raffinierter Eleganz.","og_url":"https:\/\/www.koonings.com\/de\/product\/azuree-braut-aziza-426-0441\/","og_site_name":"Koonings","article_publisher":"https:\/\/www.facebook.com\/kooningstheweddingpalace","og_image":[{"width":1564,"height":2211,"url":"https:\/\/www.koonings.com\/wp-content\/uploads\/2025\/09\/51499_094f0c2d01f16ebbcbb8aad6df8e442bf0a73af2ed61dacdc935141c0961d5978280af57.jpeg","type":"image\/jpeg"}],"twitter_card":"summary_large_image","schema":{"@context":"https:\/\/schema.org","@graph":[{"@type":"WebPage","@id":"https:\/\/www.koonings.com\/de\/product\/azuree-braut-aziza-426-0441\/","url":"https:\/\/www.koonings.com\/de\/product\/azuree-braut-aziza-426-0441\/","name":"Azuree Braut Aziza 426.0441 | Koonings","isPartOf":{"@id":"https:\/\/www.koonings.com\/de\/#website"},"primaryImageOfPage":{"@id":"https:\/\/www.koonings.com\/de\/product\/azuree-braut-aziza-426-0441\/#primaryimage"},"image":{"@id":"https:\/\/www.koonings.com\/de\/product\/azuree-braut-aziza-426-0441\/#primaryimage"},"thumbnailUrl":"https:\/\/www.koonings.com\/wp-content\/uploads\/2025\/09\/51499_094f0c2d01f16ebbcbb8aad6df8e442bf0a73af2ed61dacdc935141c0961d5978280af57.jpeg","datePublished":"2026-04-28T16:40:39+00:00","description":"Aziza ist ein atemberaubendes Hochzeitskleid in A-Linie, das die perfekte Mischung aus Romantik und Eleganz bietet. Dieses Kleid hat einen schulterfreien Ausschnitt mit Ballon\u00e4rmeln, die f\u00fcr einen einzigartigen und vertr\u00e4umten Look sorgen. Das durchsichtige Mieder mit Spitzendetails und Illusionsausschnitten verleiht ihm einen Hauch von Glamour. Der volle T\u00fcllrock vervollst\u00e4ndigt den Look, perfekt f\u00fcr Br\u00e4ute, die von einem m\u00e4rchenhaften Auftritt tr\u00e4umen. Aziza ist ein Kleid, mit dem Sie an Ihrem besonderen Tag garantiert alle Blicke auf sich ziehen werden, dank seiner beeindruckenden Kombination aus romantischen Details und raffinierter Eleganz.","breadcrumb":{"@id":"https:\/\/www.koonings.com\/de\/product\/azuree-braut-aziza-426-0441\/#breadcrumb"},"inLanguage":"de","potentialAction":[{"@type":"ReadAction","target":["https:\/\/www.koonings.com\/de\/product\/azuree-braut-aziza-426-0441\/"]}]},{"@type":"ImageObject","inLanguage":"de","@id":"https:\/\/www.koonings.com\/de\/product\/azuree-braut-aziza-426-0441\/#primaryimage","url":"https:\/\/www.koonings.com\/wp-content\/uploads\/2025\/09\/51499_094f0c2d01f16ebbcbb8aad6df8e442bf0a73af2ed61dacdc935141c0961d5978280af57.jpeg","contentUrl":"https:\/\/www.koonings.com\/wp-content\/uploads\/2025\/09\/51499_094f0c2d01f16ebbcbb8aad6df8e442bf0a73af2ed61dacdc935141c0961d5978280af57.jpeg","width":1564,"height":2211},{"@type":"BreadcrumbList","@id":"https:\/\/www.koonings.com\/de\/product\/azuree-braut-aziza-426-0441\/#breadcrumb","itemListElement":[{"@type":"ListItem","position":1,"name":"Home","item":"https:\/\/www.koonings.com\/de\/"},{"@type":"ListItem","position":2,"name":"Azuree Braut Aziza 426.0441"}]},{"@type":"WebSite","@id":"https:\/\/www.koonings.com\/de\/#website","url":"https:\/\/www.koonings.com\/de\/","name":"Koonings","description":"De grootste bruidsmodewinkel ter wereld","publisher":{"@id":"https:\/\/www.koonings.com\/de\/#organization"},"potentialAction":[{"@type":"SearchAction","target":{"@type":"EntryPoint","urlTemplate":"https:\/\/www.koonings.com\/de\/?s={search_term_string}"},"query-input":{"@type":"PropertyValueSpecification","valueRequired":true,"valueName":"search_term_string"}}],"inLanguage":"de"},{"@type":"Organization","@id":"https:\/\/www.koonings.com\/de\/#organization","name":"Koonings","url":"https:\/\/www.koonings.com\/de\/","logo":{"@type":"ImageObject","inLanguage":"de","@id":"https:\/\/www.koonings.com\/de\/#\/schema\/logo\/image\/","url":"https:\/\/www.koonings.com\/wp-content\/uploads\/2024\/07\/logo.png","contentUrl":"https:\/\/www.koonings.com\/wp-content\/uploads\/2024\/07\/logo.png","width":600,"height":428,"caption":"Koonings"},"image":{"@id":"https:\/\/www.koonings.com\/de\/#\/schema\/logo\/image\/"},"sameAs":["https:\/\/www.facebook.com\/kooningstheweddingpalace","https:\/\/www.instagram.com\/kooningstheweddingpalace","https:\/\/www.pinterest.com\/koonings","https:\/\/www.youtube.com\/kooningstheweddingpalace"]}]}},"_links":{"self":[{"href":"https:\/\/www.koonings.com\/de\/wp-json\/wp\/v2\/product\/93803","targetHints":{"allow":["GET"]}}],"collection":[{"href":"https:\/\/www.koonings.com\/de\/wp-json\/wp\/v2\/product"}],"about":[{"href":"https:\/\/www.koonings.com\/de\/wp-json\/wp\/v2\/types\/product"}],"wp:featuredmedia":[{"embeddable":true,"href":"https:\/\/www.koonings.com\/de\/wp-json\/wp\/v2\/media\/91991"}],"wp:attachment":[{"href":"https:\/\/www.koonings.com\/de\/wp-json\/wp\/v2\/media?parent=93803"}],"wp:term":[{"taxonomy":"productdetails","embeddable":true,"href":"https:\/\/www.koonings.com\/de\/wp-json\/wp\/v2\/productdetails?post=93803"},{"taxonomy":"productneck","embeddable":true,"href":"https:\/\/www.koonings.com\/de\/wp-json\/wp\/v2\/productneck?post=93803"},{"taxonomy":"productcolor","embeddable":true,"href":"https:\/\/www.koonings.com\/de\/wp-json\/wp\/v2\/productcolor?post=93803"},{"taxonomy":"maat","embeddable":true,"href":"https:\/\/www.koonings.com\/de\/wp-json\/wp\/v2\/maat?post=93803"},{"taxonomy":"productsupplier","embeddable":true,"href":"https:\/\/www.koonings.com\/de\/wp-json\/wp\/v2\/productsupplier?post=93803"},{"taxonomy":"productsleeve","embeddable":true,"href":"https:\/\/www.koonings.com\/de\/wp-json\/wp\/v2\/productsleeve?post=93803"},{"taxonomy":"productcategory","embeddable":true,"href":"https:\/\/www.koonings.com\/de\/wp-json\/wp\/v2\/productcategory?post=93803"},{"taxonomy":"productsilhouette","embeddable":true,"href":"https:\/\/www.koonings.com\/de\/wp-json\/wp\/v2\/productsilhouette?post=93803"},{"taxonomy":"productstyle","embeddable":true,"href":"https:\/\/www.koonings.com\/de\/wp-json\/wp\/v2\/productstyle?post=93803"}],"curies":[{"name":"wp","href":"https:\/\/api.w.org\/{rel}","templated":true}]}}