{"id":93800,"date":"2026-04-28T18:40:40","date_gmt":"2026-04-28T16:40:40","guid":{"rendered":"https:\/\/www.koonings.com\/product\/azuree-braut-bahar-326-0011\/"},"modified":"2026-02-17T12:57:39","modified_gmt":"2026-02-17T11:57:39","slug":"azuree-braut-bahar-326-0011","status":"publish","type":"product","link":"https:\/\/www.koonings.com\/de\/product\/azuree-braut-bahar-326-0011\/","title":{"rendered":"Azuree Braut Bahar 326.0011"},"content":{"rendered":"<p>Bahar ist ein moderner Klassiker mit einem Hauch von Vertr\u00e4umtheit. Der tiefe V-Ausschnitt mit Illusionst\u00fcll bietet Halt, ohne an Raffinesse einzub\u00fc\u00dfen, w\u00e4hrend 3D-Blumenapplikationen in Elfenbein und Puderrosa subtil \u00fcber das Mieder und die Taille tanzen. Der luftige T\u00fcllrock f\u00e4llt anmutig \u00fcber die H\u00fcften und bewegt sich leicht bei jedem Schritt. Der tiefe R\u00fccken mit schmalen Tr\u00e4gern und Korsett-Optik verleiht ihm einen Hauch von Sinnlichkeit. Bahar ist perfekt f\u00fcr die Braut, die Eleganz mit einem romantischen Twist sucht.    <\/p>\n","protected":false},"featured_media":92019,"template":"","meta":{"_acf_changed":false,"ghostkit_customizer_options":"","ghostkit_custom_css":"","ghostkit_custom_js_head":"","ghostkit_custom_js_foot":"","ghostkit_typography":""},"productdetails":[379,383,381],"productneck":[351,356],"productcolor":[393,392],"maat":[],"productsupplier":[533],"productsleeve":[359],"productcategory":[18],"productsilhouette":[384],"productstyle":[369,366,373],"class_list":["post-93800","product","type-product","status-publish","has-post-thumbnail","hentry","productdetails-379","productdetails-383","productdetails-381","productneck-351","productneck-356","productcolor-393","productcolor-392","productsupplier-azuree-bridal","productsleeve-359","productcategory-trouwjurken","productsilhouette-384","productstyle-369","productstyle-366","productstyle-373"],"acf":[],"yoast_head":"<!-- This site is optimized with the Yoast SEO plugin v27.3 - https:\/\/yoast.com\/product\/yoast-seo-wordpress\/ -->\n<title>Azuree Braut Bahar 326.0011 | Koonings<\/title>\n<meta name=\"description\" content=\"Bahar ist ein moderner Klassiker mit einem Hauch von Vertr\u00e4umtheit. Der tiefe V-Ausschnitt mit Illusionst\u00fcll bietet Halt, ohne an Raffinesse einzub\u00fc\u00dfen, w\u00e4hrend 3D-Blumenapplikationen in Elfenbein und Puderrosa subtil \u00fcber das Mieder und die Taille tanzen. Der luftige T\u00fcllrock f\u00e4llt anmutig \u00fcber die H\u00fcften und bewegt sich leicht bei jedem Schritt. Der tiefe R\u00fccken mit schmalen Tr\u00e4gern und Korsett-Optik verleiht ihm einen Hauch von Sinnlichkeit. Bahar ist perfekt f\u00fcr die Braut, die Eleganz mit einem romantischen Twist sucht.\" \/>\n<meta name=\"robots\" content=\"index, follow, max-snippet:-1, max-image-preview:large, max-video-preview:-1\" \/>\n<link rel=\"canonical\" href=\"https:\/\/www.koonings.com\/de\/product\/azuree-braut-bahar-326-0011\/\" \/>\n<meta property=\"og:locale\" content=\"de_DE\" \/>\n<meta property=\"og:type\" content=\"article\" \/>\n<meta property=\"og:title\" content=\"Azuree Braut Bahar 326.0011 | Koonings\" \/>\n<meta property=\"og:description\" content=\"Bahar ist ein moderner Klassiker mit einem Hauch von Vertr\u00e4umtheit. Der tiefe V-Ausschnitt mit Illusionst\u00fcll bietet Halt, ohne an Raffinesse einzub\u00fc\u00dfen, w\u00e4hrend 3D-Blumenapplikationen in Elfenbein und Puderrosa subtil \u00fcber das Mieder und die Taille tanzen. Der luftige T\u00fcllrock f\u00e4llt anmutig \u00fcber die H\u00fcften und bewegt sich leicht bei jedem Schritt. Der tiefe R\u00fccken mit schmalen Tr\u00e4gern und Korsett-Optik verleiht ihm einen Hauch von Sinnlichkeit. Bahar ist perfekt f\u00fcr die Braut, die Eleganz mit einem romantischen Twist sucht.\" \/>\n<meta property=\"og:url\" content=\"https:\/\/www.koonings.com\/de\/product\/azuree-braut-bahar-326-0011\/\" \/>\n<meta property=\"og:site_name\" content=\"Koonings\" \/>\n<meta property=\"article:publisher\" content=\"https:\/\/www.facebook.com\/kooningstheweddingpalace\" \/>\n<meta property=\"og:image\" content=\"https:\/\/www.koonings.com\/wp-content\/uploads\/2025\/09\/51501_a423683f5e6896053e3e85e19c504206e580baa489dad579bf99df64ada971439bfa58da.jpeg\" \/>\n\t<meta property=\"og:image:width\" content=\"1603\" \/>\n\t<meta property=\"og:image:height\" content=\"2264\" \/>\n\t<meta property=\"og:image:type\" content=\"image\/jpeg\" \/>\n<meta name=\"twitter:card\" content=\"summary_large_image\" \/>\n<script type=\"application\/ld+json\" class=\"yoast-schema-graph\">{\"@context\":\"https:\\\/\\\/schema.org\",\"@graph\":[{\"@type\":\"WebPage\",\"@id\":\"https:\\\/\\\/www.koonings.com\\\/de\\\/product\\\/azuree-braut-bahar-326-0011\\\/\",\"url\":\"https:\\\/\\\/www.koonings.com\\\/de\\\/product\\\/azuree-braut-bahar-326-0011\\\/\",\"name\":\"Azuree Braut Bahar 326.0011 | Koonings\",\"isPartOf\":{\"@id\":\"https:\\\/\\\/www.koonings.com\\\/de\\\/#website\"},\"primaryImageOfPage\":{\"@id\":\"https:\\\/\\\/www.koonings.com\\\/de\\\/product\\\/azuree-braut-bahar-326-0011\\\/#primaryimage\"},\"image\":{\"@id\":\"https:\\\/\\\/www.koonings.com\\\/de\\\/product\\\/azuree-braut-bahar-326-0011\\\/#primaryimage\"},\"thumbnailUrl\":\"https:\\\/\\\/www.koonings.com\\\/wp-content\\\/uploads\\\/2025\\\/09\\\/51501_a423683f5e6896053e3e85e19c504206e580baa489dad579bf99df64ada971439bfa58da.jpeg\",\"datePublished\":\"2026-04-28T16:40:40+00:00\",\"description\":\"Bahar ist ein moderner Klassiker mit einem Hauch von Vertr\u00e4umtheit. Der tiefe V-Ausschnitt mit Illusionst\u00fcll bietet Halt, ohne an Raffinesse einzub\u00fc\u00dfen, w\u00e4hrend 3D-Blumenapplikationen in Elfenbein und Puderrosa subtil \u00fcber das Mieder und die Taille tanzen. Der luftige T\u00fcllrock f\u00e4llt anmutig \u00fcber die H\u00fcften und bewegt sich leicht bei jedem Schritt. Der tiefe R\u00fccken mit schmalen Tr\u00e4gern und Korsett-Optik verleiht ihm einen Hauch von Sinnlichkeit. Bahar ist perfekt f\u00fcr die Braut, die Eleganz mit einem romantischen Twist sucht.\",\"breadcrumb\":{\"@id\":\"https:\\\/\\\/www.koonings.com\\\/de\\\/product\\\/azuree-braut-bahar-326-0011\\\/#breadcrumb\"},\"inLanguage\":\"de\",\"potentialAction\":[{\"@type\":\"ReadAction\",\"target\":[\"https:\\\/\\\/www.koonings.com\\\/de\\\/product\\\/azuree-braut-bahar-326-0011\\\/\"]}]},{\"@type\":\"ImageObject\",\"inLanguage\":\"de\",\"@id\":\"https:\\\/\\\/www.koonings.com\\\/de\\\/product\\\/azuree-braut-bahar-326-0011\\\/#primaryimage\",\"url\":\"https:\\\/\\\/www.koonings.com\\\/wp-content\\\/uploads\\\/2025\\\/09\\\/51501_a423683f5e6896053e3e85e19c504206e580baa489dad579bf99df64ada971439bfa58da.jpeg\",\"contentUrl\":\"https:\\\/\\\/www.koonings.com\\\/wp-content\\\/uploads\\\/2025\\\/09\\\/51501_a423683f5e6896053e3e85e19c504206e580baa489dad579bf99df64ada971439bfa58da.jpeg\",\"width\":1603,\"height\":2264},{\"@type\":\"BreadcrumbList\",\"@id\":\"https:\\\/\\\/www.koonings.com\\\/de\\\/product\\\/azuree-braut-bahar-326-0011\\\/#breadcrumb\",\"itemListElement\":[{\"@type\":\"ListItem\",\"position\":1,\"name\":\"Home\",\"item\":\"https:\\\/\\\/www.koonings.com\\\/de\\\/\"},{\"@type\":\"ListItem\",\"position\":2,\"name\":\"Azuree Braut Bahar 326.0011\"}]},{\"@type\":\"WebSite\",\"@id\":\"https:\\\/\\\/www.koonings.com\\\/de\\\/#website\",\"url\":\"https:\\\/\\\/www.koonings.com\\\/de\\\/\",\"name\":\"Koonings\",\"description\":\"De grootste bruidsmodewinkel ter wereld\",\"publisher\":{\"@id\":\"https:\\\/\\\/www.koonings.com\\\/de\\\/#organization\"},\"potentialAction\":[{\"@type\":\"SearchAction\",\"target\":{\"@type\":\"EntryPoint\",\"urlTemplate\":\"https:\\\/\\\/www.koonings.com\\\/de\\\/?s={search_term_string}\"},\"query-input\":{\"@type\":\"PropertyValueSpecification\",\"valueRequired\":true,\"valueName\":\"search_term_string\"}}],\"inLanguage\":\"de\"},{\"@type\":\"Organization\",\"@id\":\"https:\\\/\\\/www.koonings.com\\\/de\\\/#organization\",\"name\":\"Koonings\",\"url\":\"https:\\\/\\\/www.koonings.com\\\/de\\\/\",\"logo\":{\"@type\":\"ImageObject\",\"inLanguage\":\"de\",\"@id\":\"https:\\\/\\\/www.koonings.com\\\/de\\\/#\\\/schema\\\/logo\\\/image\\\/\",\"url\":\"https:\\\/\\\/www.koonings.com\\\/wp-content\\\/uploads\\\/2024\\\/07\\\/logo.png\",\"contentUrl\":\"https:\\\/\\\/www.koonings.com\\\/wp-content\\\/uploads\\\/2024\\\/07\\\/logo.png\",\"width\":600,\"height\":428,\"caption\":\"Koonings\"},\"image\":{\"@id\":\"https:\\\/\\\/www.koonings.com\\\/de\\\/#\\\/schema\\\/logo\\\/image\\\/\"},\"sameAs\":[\"https:\\\/\\\/www.facebook.com\\\/kooningstheweddingpalace\",\"https:\\\/\\\/www.instagram.com\\\/kooningstheweddingpalace\",\"https:\\\/\\\/www.pinterest.com\\\/koonings\",\"https:\\\/\\\/www.youtube.com\\\/kooningstheweddingpalace\"]}]}<\/script>\n<!-- \/ Yoast SEO plugin. -->","yoast_head_json":{"title":"Azuree Braut Bahar 326.0011 | Koonings","description":"Bahar ist ein moderner Klassiker mit einem Hauch von Vertr\u00e4umtheit. Der tiefe V-Ausschnitt mit Illusionst\u00fcll bietet Halt, ohne an Raffinesse einzub\u00fc\u00dfen, w\u00e4hrend 3D-Blumenapplikationen in Elfenbein und Puderrosa subtil \u00fcber das Mieder und die Taille tanzen. Der luftige T\u00fcllrock f\u00e4llt anmutig \u00fcber die H\u00fcften und bewegt sich leicht bei jedem Schritt. Der tiefe R\u00fccken mit schmalen Tr\u00e4gern und Korsett-Optik verleiht ihm einen Hauch von Sinnlichkeit. Bahar ist perfekt f\u00fcr die Braut, die Eleganz mit einem romantischen Twist sucht.","robots":{"index":"index","follow":"follow","max-snippet":"max-snippet:-1","max-image-preview":"max-image-preview:large","max-video-preview":"max-video-preview:-1"},"canonical":"https:\/\/www.koonings.com\/de\/product\/azuree-braut-bahar-326-0011\/","og_locale":"de_DE","og_type":"article","og_title":"Azuree Braut Bahar 326.0011 | Koonings","og_description":"Bahar ist ein moderner Klassiker mit einem Hauch von Vertr\u00e4umtheit. Der tiefe V-Ausschnitt mit Illusionst\u00fcll bietet Halt, ohne an Raffinesse einzub\u00fc\u00dfen, w\u00e4hrend 3D-Blumenapplikationen in Elfenbein und Puderrosa subtil \u00fcber das Mieder und die Taille tanzen. Der luftige T\u00fcllrock f\u00e4llt anmutig \u00fcber die H\u00fcften und bewegt sich leicht bei jedem Schritt. Der tiefe R\u00fccken mit schmalen Tr\u00e4gern und Korsett-Optik verleiht ihm einen Hauch von Sinnlichkeit. Bahar ist perfekt f\u00fcr die Braut, die Eleganz mit einem romantischen Twist sucht.","og_url":"https:\/\/www.koonings.com\/de\/product\/azuree-braut-bahar-326-0011\/","og_site_name":"Koonings","article_publisher":"https:\/\/www.facebook.com\/kooningstheweddingpalace","og_image":[{"width":1603,"height":2264,"url":"https:\/\/www.koonings.com\/wp-content\/uploads\/2025\/09\/51501_a423683f5e6896053e3e85e19c504206e580baa489dad579bf99df64ada971439bfa58da.jpeg","type":"image\/jpeg"}],"twitter_card":"summary_large_image","schema":{"@context":"https:\/\/schema.org","@graph":[{"@type":"WebPage","@id":"https:\/\/www.koonings.com\/de\/product\/azuree-braut-bahar-326-0011\/","url":"https:\/\/www.koonings.com\/de\/product\/azuree-braut-bahar-326-0011\/","name":"Azuree Braut Bahar 326.0011 | Koonings","isPartOf":{"@id":"https:\/\/www.koonings.com\/de\/#website"},"primaryImageOfPage":{"@id":"https:\/\/www.koonings.com\/de\/product\/azuree-braut-bahar-326-0011\/#primaryimage"},"image":{"@id":"https:\/\/www.koonings.com\/de\/product\/azuree-braut-bahar-326-0011\/#primaryimage"},"thumbnailUrl":"https:\/\/www.koonings.com\/wp-content\/uploads\/2025\/09\/51501_a423683f5e6896053e3e85e19c504206e580baa489dad579bf99df64ada971439bfa58da.jpeg","datePublished":"2026-04-28T16:40:40+00:00","description":"Bahar ist ein moderner Klassiker mit einem Hauch von Vertr\u00e4umtheit. Der tiefe V-Ausschnitt mit Illusionst\u00fcll bietet Halt, ohne an Raffinesse einzub\u00fc\u00dfen, w\u00e4hrend 3D-Blumenapplikationen in Elfenbein und Puderrosa subtil \u00fcber das Mieder und die Taille tanzen. Der luftige T\u00fcllrock f\u00e4llt anmutig \u00fcber die H\u00fcften und bewegt sich leicht bei jedem Schritt. Der tiefe R\u00fccken mit schmalen Tr\u00e4gern und Korsett-Optik verleiht ihm einen Hauch von Sinnlichkeit. Bahar ist perfekt f\u00fcr die Braut, die Eleganz mit einem romantischen Twist sucht.","breadcrumb":{"@id":"https:\/\/www.koonings.com\/de\/product\/azuree-braut-bahar-326-0011\/#breadcrumb"},"inLanguage":"de","potentialAction":[{"@type":"ReadAction","target":["https:\/\/www.koonings.com\/de\/product\/azuree-braut-bahar-326-0011\/"]}]},{"@type":"ImageObject","inLanguage":"de","@id":"https:\/\/www.koonings.com\/de\/product\/azuree-braut-bahar-326-0011\/#primaryimage","url":"https:\/\/www.koonings.com\/wp-content\/uploads\/2025\/09\/51501_a423683f5e6896053e3e85e19c504206e580baa489dad579bf99df64ada971439bfa58da.jpeg","contentUrl":"https:\/\/www.koonings.com\/wp-content\/uploads\/2025\/09\/51501_a423683f5e6896053e3e85e19c504206e580baa489dad579bf99df64ada971439bfa58da.jpeg","width":1603,"height":2264},{"@type":"BreadcrumbList","@id":"https:\/\/www.koonings.com\/de\/product\/azuree-braut-bahar-326-0011\/#breadcrumb","itemListElement":[{"@type":"ListItem","position":1,"name":"Home","item":"https:\/\/www.koonings.com\/de\/"},{"@type":"ListItem","position":2,"name":"Azuree Braut Bahar 326.0011"}]},{"@type":"WebSite","@id":"https:\/\/www.koonings.com\/de\/#website","url":"https:\/\/www.koonings.com\/de\/","name":"Koonings","description":"De grootste bruidsmodewinkel ter wereld","publisher":{"@id":"https:\/\/www.koonings.com\/de\/#organization"},"potentialAction":[{"@type":"SearchAction","target":{"@type":"EntryPoint","urlTemplate":"https:\/\/www.koonings.com\/de\/?s={search_term_string}"},"query-input":{"@type":"PropertyValueSpecification","valueRequired":true,"valueName":"search_term_string"}}],"inLanguage":"de"},{"@type":"Organization","@id":"https:\/\/www.koonings.com\/de\/#organization","name":"Koonings","url":"https:\/\/www.koonings.com\/de\/","logo":{"@type":"ImageObject","inLanguage":"de","@id":"https:\/\/www.koonings.com\/de\/#\/schema\/logo\/image\/","url":"https:\/\/www.koonings.com\/wp-content\/uploads\/2024\/07\/logo.png","contentUrl":"https:\/\/www.koonings.com\/wp-content\/uploads\/2024\/07\/logo.png","width":600,"height":428,"caption":"Koonings"},"image":{"@id":"https:\/\/www.koonings.com\/de\/#\/schema\/logo\/image\/"},"sameAs":["https:\/\/www.facebook.com\/kooningstheweddingpalace","https:\/\/www.instagram.com\/kooningstheweddingpalace","https:\/\/www.pinterest.com\/koonings","https:\/\/www.youtube.com\/kooningstheweddingpalace"]}]}},"_links":{"self":[{"href":"https:\/\/www.koonings.com\/de\/wp-json\/wp\/v2\/product\/93800","targetHints":{"allow":["GET"]}}],"collection":[{"href":"https:\/\/www.koonings.com\/de\/wp-json\/wp\/v2\/product"}],"about":[{"href":"https:\/\/www.koonings.com\/de\/wp-json\/wp\/v2\/types\/product"}],"wp:featuredmedia":[{"embeddable":true,"href":"https:\/\/www.koonings.com\/de\/wp-json\/wp\/v2\/media\/92019"}],"wp:attachment":[{"href":"https:\/\/www.koonings.com\/de\/wp-json\/wp\/v2\/media?parent=93800"}],"wp:term":[{"taxonomy":"productdetails","embeddable":true,"href":"https:\/\/www.koonings.com\/de\/wp-json\/wp\/v2\/productdetails?post=93800"},{"taxonomy":"productneck","embeddable":true,"href":"https:\/\/www.koonings.com\/de\/wp-json\/wp\/v2\/productneck?post=93800"},{"taxonomy":"productcolor","embeddable":true,"href":"https:\/\/www.koonings.com\/de\/wp-json\/wp\/v2\/productcolor?post=93800"},{"taxonomy":"maat","embeddable":true,"href":"https:\/\/www.koonings.com\/de\/wp-json\/wp\/v2\/maat?post=93800"},{"taxonomy":"productsupplier","embeddable":true,"href":"https:\/\/www.koonings.com\/de\/wp-json\/wp\/v2\/productsupplier?post=93800"},{"taxonomy":"productsleeve","embeddable":true,"href":"https:\/\/www.koonings.com\/de\/wp-json\/wp\/v2\/productsleeve?post=93800"},{"taxonomy":"productcategory","embeddable":true,"href":"https:\/\/www.koonings.com\/de\/wp-json\/wp\/v2\/productcategory?post=93800"},{"taxonomy":"productsilhouette","embeddable":true,"href":"https:\/\/www.koonings.com\/de\/wp-json\/wp\/v2\/productsilhouette?post=93800"},{"taxonomy":"productstyle","embeddable":true,"href":"https:\/\/www.koonings.com\/de\/wp-json\/wp\/v2\/productstyle?post=93800"}],"curies":[{"name":"wp","href":"https:\/\/api.w.org\/{rel}","templated":true}]}}