{"id":93791,"date":"2026-04-28T18:40:36","date_gmt":"2026-04-28T16:40:36","guid":{"rendered":"https:\/\/www.koonings.com\/product\/azuree-braut-ariana-426-0341\/"},"modified":"2026-02-17T12:52:35","modified_gmt":"2026-02-17T11:52:35","slug":"azuree-braut-ariana-426-0341","status":"publish","type":"product","link":"https:\/\/www.koonings.com\/de\/product\/azuree-braut-ariana-426-0341\/","title":{"rendered":"Azuree Braut Ariana 426.0341"},"content":{"rendered":"<p>Das Ariana Hochzeitskleid ist ein klassisches A-Linien-Kleid mit einem romantischen Twist. Das Kleid hat abnehmbare Off-Shoulder-\u00c4rmel und ist mit glitzerndem T\u00fcll und zarten Spitzenapplikationen verziert, die f\u00fcr einen bezaubernden und raffinierten Look sorgen. Das vollst\u00e4ndig gef\u00fctterte Mieder bietet Komfort und Halt, so dass sich die Braut den ganzen Tag \u00fcber wohlf\u00fchlen kann. Die Schn\u00fcrung am R\u00fccken sorgt f\u00fcr ein traditionelles Element, w\u00e4hrend der leicht fallende Rock f\u00fcr einen eleganten und femininen Look sorgt. Das Ariana Hochzeitskleid ist ideal f\u00fcr Br\u00e4ute, die den klassischen Stil mit einem Hauch von Glamour lieben und an ihrem gro\u00dfen Tag gl\u00e4nzen m\u00f6chten.    <\/p>\n","protected":false},"featured_media":91935,"template":"","meta":{"_acf_changed":false,"ghostkit_customizer_options":"","ghostkit_custom_css":"","ghostkit_custom_js_head":"","ghostkit_custom_js_foot":"","ghostkit_typography":""},"productdetails":[376,381],"productneck":[355],"productcolor":[393,392],"maat":[],"productsupplier":[533],"productsleeve":[363],"productcategory":[18],"productsilhouette":[384],"productstyle":[369,366],"class_list":["post-93791","product","type-product","status-publish","has-post-thumbnail","hentry","productdetails-376","productdetails-381","productneck-355","productcolor-393","productcolor-392","productsupplier-azuree-bridal","productsleeve-363","productcategory-trouwjurken","productsilhouette-384","productstyle-369","productstyle-366"],"acf":[],"yoast_head":"<!-- This site is optimized with the Yoast SEO plugin v27.3 - https:\/\/yoast.com\/product\/yoast-seo-wordpress\/ -->\n<title>Azuree Braut Ariana 426.0341 | Koonings<\/title>\n<meta name=\"description\" content=\"Das Ariana Hochzeitskleid ist ein klassisches A-Linien-Kleid mit einem romantischen Twist. Das Kleid hat abnehmbare Off-Shoulder-\u00c4rmel und ist mit glitzerndem T\u00fcll und zarten Spitzenapplikationen verziert, die f\u00fcr einen bezaubernden und raffinierten Look sorgen. Das vollst\u00e4ndig gef\u00fctterte Mieder bietet Komfort und Halt, so dass sich die Braut den ganzen Tag \u00fcber wohlf\u00fchlen kann. Die Schn\u00fcrung am R\u00fccken sorgt f\u00fcr ein traditionelles Element, w\u00e4hrend der leicht fallende Rock f\u00fcr einen eleganten und femininen Look sorgt. Das Ariana Hochzeitskleid ist ideal f\u00fcr Br\u00e4ute, die den klassischen Stil mit einem Hauch von Glamour lieben und an ihrem gro\u00dfen Tag gl\u00e4nzen m\u00f6chten.\" \/>\n<meta name=\"robots\" content=\"index, follow, max-snippet:-1, max-image-preview:large, max-video-preview:-1\" \/>\n<link rel=\"canonical\" href=\"https:\/\/www.koonings.com\/de\/product\/azuree-braut-ariana-426-0341\/\" \/>\n<meta property=\"og:locale\" content=\"de_DE\" \/>\n<meta property=\"og:type\" content=\"article\" \/>\n<meta property=\"og:title\" content=\"Azuree Braut Ariana 426.0341 | Koonings\" \/>\n<meta property=\"og:description\" content=\"Das Ariana Hochzeitskleid ist ein klassisches A-Linien-Kleid mit einem romantischen Twist. Das Kleid hat abnehmbare Off-Shoulder-\u00c4rmel und ist mit glitzerndem T\u00fcll und zarten Spitzenapplikationen verziert, die f\u00fcr einen bezaubernden und raffinierten Look sorgen. Das vollst\u00e4ndig gef\u00fctterte Mieder bietet Komfort und Halt, so dass sich die Braut den ganzen Tag \u00fcber wohlf\u00fchlen kann. Die Schn\u00fcrung am R\u00fccken sorgt f\u00fcr ein traditionelles Element, w\u00e4hrend der leicht fallende Rock f\u00fcr einen eleganten und femininen Look sorgt. Das Ariana Hochzeitskleid ist ideal f\u00fcr Br\u00e4ute, die den klassischen Stil mit einem Hauch von Glamour lieben und an ihrem gro\u00dfen Tag gl\u00e4nzen m\u00f6chten.\" \/>\n<meta property=\"og:url\" content=\"https:\/\/www.koonings.com\/de\/product\/azuree-braut-ariana-426-0341\/\" \/>\n<meta property=\"og:site_name\" content=\"Koonings\" \/>\n<meta property=\"article:publisher\" content=\"https:\/\/www.facebook.com\/kooningstheweddingpalace\" \/>\n<meta property=\"og:image\" content=\"https:\/\/www.koonings.com\/wp-content\/uploads\/2025\/09\/51492_1bc93a7c2d6e95cb01730daa0dd6389a45922342867216fd415b2d1db182c6abd24776a3.jpeg\" \/>\n\t<meta property=\"og:image:width\" content=\"1700\" \/>\n\t<meta property=\"og:image:height\" content=\"2402\" \/>\n\t<meta property=\"og:image:type\" content=\"image\/jpeg\" \/>\n<meta name=\"twitter:card\" content=\"summary_large_image\" \/>\n<meta name=\"twitter:label1\" content=\"Gesch\u00e4tzte Lesezeit\" \/>\n\t<meta name=\"twitter:data1\" content=\"1\u00a0Minute\" \/>\n<script type=\"application\/ld+json\" class=\"yoast-schema-graph\">{\"@context\":\"https:\\\/\\\/schema.org\",\"@graph\":[{\"@type\":\"WebPage\",\"@id\":\"https:\\\/\\\/www.koonings.com\\\/de\\\/product\\\/azuree-braut-ariana-426-0341\\\/\",\"url\":\"https:\\\/\\\/www.koonings.com\\\/de\\\/product\\\/azuree-braut-ariana-426-0341\\\/\",\"name\":\"Azuree Braut Ariana 426.0341 | Koonings\",\"isPartOf\":{\"@id\":\"https:\\\/\\\/www.koonings.com\\\/de\\\/#website\"},\"primaryImageOfPage\":{\"@id\":\"https:\\\/\\\/www.koonings.com\\\/de\\\/product\\\/azuree-braut-ariana-426-0341\\\/#primaryimage\"},\"image\":{\"@id\":\"https:\\\/\\\/www.koonings.com\\\/de\\\/product\\\/azuree-braut-ariana-426-0341\\\/#primaryimage\"},\"thumbnailUrl\":\"https:\\\/\\\/www.koonings.com\\\/wp-content\\\/uploads\\\/2025\\\/09\\\/51492_1bc93a7c2d6e95cb01730daa0dd6389a45922342867216fd415b2d1db182c6abd24776a3.jpeg\",\"datePublished\":\"2026-04-28T16:40:36+00:00\",\"description\":\"Das Ariana Hochzeitskleid ist ein klassisches A-Linien-Kleid mit einem romantischen Twist. Das Kleid hat abnehmbare Off-Shoulder-\u00c4rmel und ist mit glitzerndem T\u00fcll und zarten Spitzenapplikationen verziert, die f\u00fcr einen bezaubernden und raffinierten Look sorgen. Das vollst\u00e4ndig gef\u00fctterte Mieder bietet Komfort und Halt, so dass sich die Braut den ganzen Tag \u00fcber wohlf\u00fchlen kann. Die Schn\u00fcrung am R\u00fccken sorgt f\u00fcr ein traditionelles Element, w\u00e4hrend der leicht fallende Rock f\u00fcr einen eleganten und femininen Look sorgt. Das Ariana Hochzeitskleid ist ideal f\u00fcr Br\u00e4ute, die den klassischen Stil mit einem Hauch von Glamour lieben und an ihrem gro\u00dfen Tag gl\u00e4nzen m\u00f6chten.\",\"breadcrumb\":{\"@id\":\"https:\\\/\\\/www.koonings.com\\\/de\\\/product\\\/azuree-braut-ariana-426-0341\\\/#breadcrumb\"},\"inLanguage\":\"de\",\"potentialAction\":[{\"@type\":\"ReadAction\",\"target\":[\"https:\\\/\\\/www.koonings.com\\\/de\\\/product\\\/azuree-braut-ariana-426-0341\\\/\"]}]},{\"@type\":\"ImageObject\",\"inLanguage\":\"de\",\"@id\":\"https:\\\/\\\/www.koonings.com\\\/de\\\/product\\\/azuree-braut-ariana-426-0341\\\/#primaryimage\",\"url\":\"https:\\\/\\\/www.koonings.com\\\/wp-content\\\/uploads\\\/2025\\\/09\\\/51492_1bc93a7c2d6e95cb01730daa0dd6389a45922342867216fd415b2d1db182c6abd24776a3.jpeg\",\"contentUrl\":\"https:\\\/\\\/www.koonings.com\\\/wp-content\\\/uploads\\\/2025\\\/09\\\/51492_1bc93a7c2d6e95cb01730daa0dd6389a45922342867216fd415b2d1db182c6abd24776a3.jpeg\",\"width\":1700,\"height\":2402},{\"@type\":\"BreadcrumbList\",\"@id\":\"https:\\\/\\\/www.koonings.com\\\/de\\\/product\\\/azuree-braut-ariana-426-0341\\\/#breadcrumb\",\"itemListElement\":[{\"@type\":\"ListItem\",\"position\":1,\"name\":\"Home\",\"item\":\"https:\\\/\\\/www.koonings.com\\\/de\\\/\"},{\"@type\":\"ListItem\",\"position\":2,\"name\":\"Azuree Braut Ariana 426.0341\"}]},{\"@type\":\"WebSite\",\"@id\":\"https:\\\/\\\/www.koonings.com\\\/de\\\/#website\",\"url\":\"https:\\\/\\\/www.koonings.com\\\/de\\\/\",\"name\":\"Koonings\",\"description\":\"De grootste bruidsmodewinkel ter wereld\",\"publisher\":{\"@id\":\"https:\\\/\\\/www.koonings.com\\\/de\\\/#organization\"},\"potentialAction\":[{\"@type\":\"SearchAction\",\"target\":{\"@type\":\"EntryPoint\",\"urlTemplate\":\"https:\\\/\\\/www.koonings.com\\\/de\\\/?s={search_term_string}\"},\"query-input\":{\"@type\":\"PropertyValueSpecification\",\"valueRequired\":true,\"valueName\":\"search_term_string\"}}],\"inLanguage\":\"de\"},{\"@type\":\"Organization\",\"@id\":\"https:\\\/\\\/www.koonings.com\\\/de\\\/#organization\",\"name\":\"Koonings\",\"url\":\"https:\\\/\\\/www.koonings.com\\\/de\\\/\",\"logo\":{\"@type\":\"ImageObject\",\"inLanguage\":\"de\",\"@id\":\"https:\\\/\\\/www.koonings.com\\\/de\\\/#\\\/schema\\\/logo\\\/image\\\/\",\"url\":\"https:\\\/\\\/www.koonings.com\\\/wp-content\\\/uploads\\\/2024\\\/07\\\/logo.png\",\"contentUrl\":\"https:\\\/\\\/www.koonings.com\\\/wp-content\\\/uploads\\\/2024\\\/07\\\/logo.png\",\"width\":600,\"height\":428,\"caption\":\"Koonings\"},\"image\":{\"@id\":\"https:\\\/\\\/www.koonings.com\\\/de\\\/#\\\/schema\\\/logo\\\/image\\\/\"},\"sameAs\":[\"https:\\\/\\\/www.facebook.com\\\/kooningstheweddingpalace\",\"https:\\\/\\\/www.instagram.com\\\/kooningstheweddingpalace\",\"https:\\\/\\\/www.pinterest.com\\\/koonings\",\"https:\\\/\\\/www.youtube.com\\\/kooningstheweddingpalace\"]}]}<\/script>\n<!-- \/ Yoast SEO plugin. -->","yoast_head_json":{"title":"Azuree Braut Ariana 426.0341 | Koonings","description":"Das Ariana Hochzeitskleid ist ein klassisches A-Linien-Kleid mit einem romantischen Twist. Das Kleid hat abnehmbare Off-Shoulder-\u00c4rmel und ist mit glitzerndem T\u00fcll und zarten Spitzenapplikationen verziert, die f\u00fcr einen bezaubernden und raffinierten Look sorgen. Das vollst\u00e4ndig gef\u00fctterte Mieder bietet Komfort und Halt, so dass sich die Braut den ganzen Tag \u00fcber wohlf\u00fchlen kann. Die Schn\u00fcrung am R\u00fccken sorgt f\u00fcr ein traditionelles Element, w\u00e4hrend der leicht fallende Rock f\u00fcr einen eleganten und femininen Look sorgt. Das Ariana Hochzeitskleid ist ideal f\u00fcr Br\u00e4ute, die den klassischen Stil mit einem Hauch von Glamour lieben und an ihrem gro\u00dfen Tag gl\u00e4nzen m\u00f6chten.","robots":{"index":"index","follow":"follow","max-snippet":"max-snippet:-1","max-image-preview":"max-image-preview:large","max-video-preview":"max-video-preview:-1"},"canonical":"https:\/\/www.koonings.com\/de\/product\/azuree-braut-ariana-426-0341\/","og_locale":"de_DE","og_type":"article","og_title":"Azuree Braut Ariana 426.0341 | Koonings","og_description":"Das Ariana Hochzeitskleid ist ein klassisches A-Linien-Kleid mit einem romantischen Twist. Das Kleid hat abnehmbare Off-Shoulder-\u00c4rmel und ist mit glitzerndem T\u00fcll und zarten Spitzenapplikationen verziert, die f\u00fcr einen bezaubernden und raffinierten Look sorgen. Das vollst\u00e4ndig gef\u00fctterte Mieder bietet Komfort und Halt, so dass sich die Braut den ganzen Tag \u00fcber wohlf\u00fchlen kann. Die Schn\u00fcrung am R\u00fccken sorgt f\u00fcr ein traditionelles Element, w\u00e4hrend der leicht fallende Rock f\u00fcr einen eleganten und femininen Look sorgt. Das Ariana Hochzeitskleid ist ideal f\u00fcr Br\u00e4ute, die den klassischen Stil mit einem Hauch von Glamour lieben und an ihrem gro\u00dfen Tag gl\u00e4nzen m\u00f6chten.","og_url":"https:\/\/www.koonings.com\/de\/product\/azuree-braut-ariana-426-0341\/","og_site_name":"Koonings","article_publisher":"https:\/\/www.facebook.com\/kooningstheweddingpalace","og_image":[{"width":1700,"height":2402,"url":"https:\/\/www.koonings.com\/wp-content\/uploads\/2025\/09\/51492_1bc93a7c2d6e95cb01730daa0dd6389a45922342867216fd415b2d1db182c6abd24776a3.jpeg","type":"image\/jpeg"}],"twitter_card":"summary_large_image","twitter_misc":{"Gesch\u00e4tzte Lesezeit":"1\u00a0Minute"},"schema":{"@context":"https:\/\/schema.org","@graph":[{"@type":"WebPage","@id":"https:\/\/www.koonings.com\/de\/product\/azuree-braut-ariana-426-0341\/","url":"https:\/\/www.koonings.com\/de\/product\/azuree-braut-ariana-426-0341\/","name":"Azuree Braut Ariana 426.0341 | Koonings","isPartOf":{"@id":"https:\/\/www.koonings.com\/de\/#website"},"primaryImageOfPage":{"@id":"https:\/\/www.koonings.com\/de\/product\/azuree-braut-ariana-426-0341\/#primaryimage"},"image":{"@id":"https:\/\/www.koonings.com\/de\/product\/azuree-braut-ariana-426-0341\/#primaryimage"},"thumbnailUrl":"https:\/\/www.koonings.com\/wp-content\/uploads\/2025\/09\/51492_1bc93a7c2d6e95cb01730daa0dd6389a45922342867216fd415b2d1db182c6abd24776a3.jpeg","datePublished":"2026-04-28T16:40:36+00:00","description":"Das Ariana Hochzeitskleid ist ein klassisches A-Linien-Kleid mit einem romantischen Twist. Das Kleid hat abnehmbare Off-Shoulder-\u00c4rmel und ist mit glitzerndem T\u00fcll und zarten Spitzenapplikationen verziert, die f\u00fcr einen bezaubernden und raffinierten Look sorgen. Das vollst\u00e4ndig gef\u00fctterte Mieder bietet Komfort und Halt, so dass sich die Braut den ganzen Tag \u00fcber wohlf\u00fchlen kann. Die Schn\u00fcrung am R\u00fccken sorgt f\u00fcr ein traditionelles Element, w\u00e4hrend der leicht fallende Rock f\u00fcr einen eleganten und femininen Look sorgt. Das Ariana Hochzeitskleid ist ideal f\u00fcr Br\u00e4ute, die den klassischen Stil mit einem Hauch von Glamour lieben und an ihrem gro\u00dfen Tag gl\u00e4nzen m\u00f6chten.","breadcrumb":{"@id":"https:\/\/www.koonings.com\/de\/product\/azuree-braut-ariana-426-0341\/#breadcrumb"},"inLanguage":"de","potentialAction":[{"@type":"ReadAction","target":["https:\/\/www.koonings.com\/de\/product\/azuree-braut-ariana-426-0341\/"]}]},{"@type":"ImageObject","inLanguage":"de","@id":"https:\/\/www.koonings.com\/de\/product\/azuree-braut-ariana-426-0341\/#primaryimage","url":"https:\/\/www.koonings.com\/wp-content\/uploads\/2025\/09\/51492_1bc93a7c2d6e95cb01730daa0dd6389a45922342867216fd415b2d1db182c6abd24776a3.jpeg","contentUrl":"https:\/\/www.koonings.com\/wp-content\/uploads\/2025\/09\/51492_1bc93a7c2d6e95cb01730daa0dd6389a45922342867216fd415b2d1db182c6abd24776a3.jpeg","width":1700,"height":2402},{"@type":"BreadcrumbList","@id":"https:\/\/www.koonings.com\/de\/product\/azuree-braut-ariana-426-0341\/#breadcrumb","itemListElement":[{"@type":"ListItem","position":1,"name":"Home","item":"https:\/\/www.koonings.com\/de\/"},{"@type":"ListItem","position":2,"name":"Azuree Braut Ariana 426.0341"}]},{"@type":"WebSite","@id":"https:\/\/www.koonings.com\/de\/#website","url":"https:\/\/www.koonings.com\/de\/","name":"Koonings","description":"De grootste bruidsmodewinkel ter wereld","publisher":{"@id":"https:\/\/www.koonings.com\/de\/#organization"},"potentialAction":[{"@type":"SearchAction","target":{"@type":"EntryPoint","urlTemplate":"https:\/\/www.koonings.com\/de\/?s={search_term_string}"},"query-input":{"@type":"PropertyValueSpecification","valueRequired":true,"valueName":"search_term_string"}}],"inLanguage":"de"},{"@type":"Organization","@id":"https:\/\/www.koonings.com\/de\/#organization","name":"Koonings","url":"https:\/\/www.koonings.com\/de\/","logo":{"@type":"ImageObject","inLanguage":"de","@id":"https:\/\/www.koonings.com\/de\/#\/schema\/logo\/image\/","url":"https:\/\/www.koonings.com\/wp-content\/uploads\/2024\/07\/logo.png","contentUrl":"https:\/\/www.koonings.com\/wp-content\/uploads\/2024\/07\/logo.png","width":600,"height":428,"caption":"Koonings"},"image":{"@id":"https:\/\/www.koonings.com\/de\/#\/schema\/logo\/image\/"},"sameAs":["https:\/\/www.facebook.com\/kooningstheweddingpalace","https:\/\/www.instagram.com\/kooningstheweddingpalace","https:\/\/www.pinterest.com\/koonings","https:\/\/www.youtube.com\/kooningstheweddingpalace"]}]}},"_links":{"self":[{"href":"https:\/\/www.koonings.com\/de\/wp-json\/wp\/v2\/product\/93791","targetHints":{"allow":["GET"]}}],"collection":[{"href":"https:\/\/www.koonings.com\/de\/wp-json\/wp\/v2\/product"}],"about":[{"href":"https:\/\/www.koonings.com\/de\/wp-json\/wp\/v2\/types\/product"}],"wp:featuredmedia":[{"embeddable":true,"href":"https:\/\/www.koonings.com\/de\/wp-json\/wp\/v2\/media\/91935"}],"wp:attachment":[{"href":"https:\/\/www.koonings.com\/de\/wp-json\/wp\/v2\/media?parent=93791"}],"wp:term":[{"taxonomy":"productdetails","embeddable":true,"href":"https:\/\/www.koonings.com\/de\/wp-json\/wp\/v2\/productdetails?post=93791"},{"taxonomy":"productneck","embeddable":true,"href":"https:\/\/www.koonings.com\/de\/wp-json\/wp\/v2\/productneck?post=93791"},{"taxonomy":"productcolor","embeddable":true,"href":"https:\/\/www.koonings.com\/de\/wp-json\/wp\/v2\/productcolor?post=93791"},{"taxonomy":"maat","embeddable":true,"href":"https:\/\/www.koonings.com\/de\/wp-json\/wp\/v2\/maat?post=93791"},{"taxonomy":"productsupplier","embeddable":true,"href":"https:\/\/www.koonings.com\/de\/wp-json\/wp\/v2\/productsupplier?post=93791"},{"taxonomy":"productsleeve","embeddable":true,"href":"https:\/\/www.koonings.com\/de\/wp-json\/wp\/v2\/productsleeve?post=93791"},{"taxonomy":"productcategory","embeddable":true,"href":"https:\/\/www.koonings.com\/de\/wp-json\/wp\/v2\/productcategory?post=93791"},{"taxonomy":"productsilhouette","embeddable":true,"href":"https:\/\/www.koonings.com\/de\/wp-json\/wp\/v2\/productsilhouette?post=93791"},{"taxonomy":"productstyle","embeddable":true,"href":"https:\/\/www.koonings.com\/de\/wp-json\/wp\/v2\/productstyle?post=93791"}],"curies":[{"name":"wp","href":"https:\/\/api.w.org\/{rel}","templated":true}]}}