{"id":93785,"date":"2026-05-06T15:40:49","date_gmt":"2026-05-06T13:40:49","guid":{"rendered":"https:\/\/www.koonings.com\/product\/azuree-braut-arnolda-426-0351\/"},"modified":"2026-02-17T12:52:36","modified_gmt":"2026-02-17T11:52:36","slug":"azuree-braut-arnolda-426-0351","status":"publish","type":"product","link":"https:\/\/www.koonings.com\/de\/product\/azuree-braut-arnolda-426-0351\/","title":{"rendered":"Azuree Braut Arnolda 426.0351"},"content":{"rendered":"<p>Das Arnolda Hochzeitskleid ist perfekt f\u00fcr Br\u00e4ute, die Romantik und Raffinesse lieben. Das Kleid hat einen tiefen V-Ausschnitt, der einen eleganten und verf\u00fchrerischen Look erzeugt, w\u00e4hrend das Illusionsmieder dem Kleid einen modernen Touch verleiht. Die zarte Spitze setzt sich bis zum Rock fort und schafft ein wundersch\u00f6n harmonisches Ensemble, das sowohl klassisch als auch elegant ist. Der Prinzessinnenrock mit funkelndem T\u00fcll sorgt f\u00fcr einen m\u00e4rchenhaften Look und verleiht dem Kleid das gewisse Etwas. Dieses Kleid ist ideal f\u00fcr eine Braut, die einen klassischen Stil mit einem Hauch von modernem Glamour sucht. Das Arnolda Hochzeitskleid gibt jeder Braut das Gef\u00fchl, etwas Besonderes und Einzigartiges zu sein, bereit, an ihrem gro\u00dfen Tag zu gl\u00e4nzen.     <\/p>\n","protected":false},"featured_media":91947,"template":"","meta":{"_acf_changed":false,"ghostkit_customizer_options":"","ghostkit_custom_css":"","ghostkit_custom_js_head":"","ghostkit_custom_js_foot":"","ghostkit_typography":""},"productdetails":[379,381],"productneck":[351,356],"productcolor":[393,392],"maat":[],"productsupplier":[533],"productsleeve":[359],"productcategory":[18],"productsilhouette":[384,388],"productstyle":[369,371,372,366],"class_list":["post-93785","product","type-product","status-publish","has-post-thumbnail","hentry","productdetails-379","productdetails-381","productneck-351","productneck-356","productcolor-393","productcolor-392","productsupplier-azuree-bridal","productsleeve-359","productcategory-trouwjurken","productsilhouette-384","productsilhouette-388","productstyle-369","productstyle-371","productstyle-372","productstyle-366"],"acf":[],"yoast_head":"<!-- This site is optimized with the Yoast SEO plugin v27.3 - https:\/\/yoast.com\/product\/yoast-seo-wordpress\/ -->\n<title>Azuree Braut Arnolda 426.0351 | Koonings<\/title>\n<meta name=\"description\" content=\"Das Arnolda Hochzeitskleid ist perfekt f\u00fcr Br\u00e4ute, die Romantik und Raffinesse lieben. Das Kleid hat einen tiefen V-Ausschnitt, der einen eleganten und verf\u00fchrerischen Look erzeugt, w\u00e4hrend das Illusionsmieder dem Kleid einen modernen Touch verleiht. Die zarte Spitze setzt sich bis zum Rock fort und schafft ein wundersch\u00f6n harmonisches Ensemble, das sowohl klassisch als auch elegant ist. Der Prinzessinnenrock mit funkelndem T\u00fcll sorgt f\u00fcr einen m\u00e4rchenhaften Look und verleiht dem Kleid das gewisse Etwas. Dieses Kleid ist ideal f\u00fcr eine Braut, die einen klassischen Stil mit einem Hauch von modernem Glamour sucht. Das Arnolda Hochzeitskleid gibt jeder Braut das Gef\u00fchl, etwas Besonderes und Einzigartiges zu sein, bereit, an ihrem gro\u00dfen Tag zu gl\u00e4nzen.\" \/>\n<meta name=\"robots\" content=\"index, follow, max-snippet:-1, max-image-preview:large, max-video-preview:-1\" \/>\n<link rel=\"canonical\" href=\"https:\/\/www.koonings.com\/de\/product\/azuree-braut-arnolda-426-0351\/\" \/>\n<meta property=\"og:locale\" content=\"de_DE\" \/>\n<meta property=\"og:type\" content=\"article\" \/>\n<meta property=\"og:title\" content=\"Azuree Braut Arnolda 426.0351 | Koonings\" \/>\n<meta property=\"og:description\" content=\"Das Arnolda Hochzeitskleid ist perfekt f\u00fcr Br\u00e4ute, die Romantik und Raffinesse lieben. Das Kleid hat einen tiefen V-Ausschnitt, der einen eleganten und verf\u00fchrerischen Look erzeugt, w\u00e4hrend das Illusionsmieder dem Kleid einen modernen Touch verleiht. Die zarte Spitze setzt sich bis zum Rock fort und schafft ein wundersch\u00f6n harmonisches Ensemble, das sowohl klassisch als auch elegant ist. Der Prinzessinnenrock mit funkelndem T\u00fcll sorgt f\u00fcr einen m\u00e4rchenhaften Look und verleiht dem Kleid das gewisse Etwas. Dieses Kleid ist ideal f\u00fcr eine Braut, die einen klassischen Stil mit einem Hauch von modernem Glamour sucht. Das Arnolda Hochzeitskleid gibt jeder Braut das Gef\u00fchl, etwas Besonderes und Einzigartiges zu sein, bereit, an ihrem gro\u00dfen Tag zu gl\u00e4nzen.\" \/>\n<meta property=\"og:url\" content=\"https:\/\/www.koonings.com\/de\/product\/azuree-braut-arnolda-426-0351\/\" \/>\n<meta property=\"og:site_name\" content=\"Koonings\" \/>\n<meta property=\"article:publisher\" content=\"https:\/\/www.facebook.com\/kooningstheweddingpalace\" \/>\n<meta property=\"og:image\" content=\"https:\/\/www.koonings.com\/wp-content\/uploads\/2025\/09\/51493_88028f77704f9fac58a343d7f2fc13bb48af07771e268cca21aaf828ac12cb256c037a07.jpeg\" \/>\n\t<meta property=\"og:image:width\" content=\"1552\" \/>\n\t<meta property=\"og:image:height\" content=\"2192\" \/>\n\t<meta property=\"og:image:type\" content=\"image\/jpeg\" \/>\n<meta name=\"twitter:card\" content=\"summary_large_image\" \/>\n<meta name=\"twitter:label1\" content=\"Gesch\u00e4tzte Lesezeit\" \/>\n\t<meta name=\"twitter:data1\" content=\"1\u00a0Minute\" \/>\n<script type=\"application\/ld+json\" class=\"yoast-schema-graph\">{\"@context\":\"https:\\\/\\\/schema.org\",\"@graph\":[{\"@type\":\"WebPage\",\"@id\":\"https:\\\/\\\/www.koonings.com\\\/de\\\/product\\\/azuree-braut-arnolda-426-0351\\\/\",\"url\":\"https:\\\/\\\/www.koonings.com\\\/de\\\/product\\\/azuree-braut-arnolda-426-0351\\\/\",\"name\":\"Azuree Braut Arnolda 426.0351 | Koonings\",\"isPartOf\":{\"@id\":\"https:\\\/\\\/www.koonings.com\\\/de\\\/#website\"},\"primaryImageOfPage\":{\"@id\":\"https:\\\/\\\/www.koonings.com\\\/de\\\/product\\\/azuree-braut-arnolda-426-0351\\\/#primaryimage\"},\"image\":{\"@id\":\"https:\\\/\\\/www.koonings.com\\\/de\\\/product\\\/azuree-braut-arnolda-426-0351\\\/#primaryimage\"},\"thumbnailUrl\":\"https:\\\/\\\/www.koonings.com\\\/wp-content\\\/uploads\\\/2025\\\/09\\\/51493_88028f77704f9fac58a343d7f2fc13bb48af07771e268cca21aaf828ac12cb256c037a07.jpeg\",\"datePublished\":\"2026-05-06T13:40:49+00:00\",\"description\":\"Das Arnolda Hochzeitskleid ist perfekt f\u00fcr Br\u00e4ute, die Romantik und Raffinesse lieben. Das Kleid hat einen tiefen V-Ausschnitt, der einen eleganten und verf\u00fchrerischen Look erzeugt, w\u00e4hrend das Illusionsmieder dem Kleid einen modernen Touch verleiht. Die zarte Spitze setzt sich bis zum Rock fort und schafft ein wundersch\u00f6n harmonisches Ensemble, das sowohl klassisch als auch elegant ist. Der Prinzessinnenrock mit funkelndem T\u00fcll sorgt f\u00fcr einen m\u00e4rchenhaften Look und verleiht dem Kleid das gewisse Etwas. Dieses Kleid ist ideal f\u00fcr eine Braut, die einen klassischen Stil mit einem Hauch von modernem Glamour sucht. Das Arnolda Hochzeitskleid gibt jeder Braut das Gef\u00fchl, etwas Besonderes und Einzigartiges zu sein, bereit, an ihrem gro\u00dfen Tag zu gl\u00e4nzen.\",\"breadcrumb\":{\"@id\":\"https:\\\/\\\/www.koonings.com\\\/de\\\/product\\\/azuree-braut-arnolda-426-0351\\\/#breadcrumb\"},\"inLanguage\":\"de\",\"potentialAction\":[{\"@type\":\"ReadAction\",\"target\":[\"https:\\\/\\\/www.koonings.com\\\/de\\\/product\\\/azuree-braut-arnolda-426-0351\\\/\"]}]},{\"@type\":\"ImageObject\",\"inLanguage\":\"de\",\"@id\":\"https:\\\/\\\/www.koonings.com\\\/de\\\/product\\\/azuree-braut-arnolda-426-0351\\\/#primaryimage\",\"url\":\"https:\\\/\\\/www.koonings.com\\\/wp-content\\\/uploads\\\/2025\\\/09\\\/51493_88028f77704f9fac58a343d7f2fc13bb48af07771e268cca21aaf828ac12cb256c037a07.jpeg\",\"contentUrl\":\"https:\\\/\\\/www.koonings.com\\\/wp-content\\\/uploads\\\/2025\\\/09\\\/51493_88028f77704f9fac58a343d7f2fc13bb48af07771e268cca21aaf828ac12cb256c037a07.jpeg\",\"width\":1552,\"height\":2192},{\"@type\":\"BreadcrumbList\",\"@id\":\"https:\\\/\\\/www.koonings.com\\\/de\\\/product\\\/azuree-braut-arnolda-426-0351\\\/#breadcrumb\",\"itemListElement\":[{\"@type\":\"ListItem\",\"position\":1,\"name\":\"Home\",\"item\":\"https:\\\/\\\/www.koonings.com\\\/de\\\/\"},{\"@type\":\"ListItem\",\"position\":2,\"name\":\"Azuree Braut Arnolda 426.0351\"}]},{\"@type\":\"WebSite\",\"@id\":\"https:\\\/\\\/www.koonings.com\\\/de\\\/#website\",\"url\":\"https:\\\/\\\/www.koonings.com\\\/de\\\/\",\"name\":\"Koonings\",\"description\":\"De grootste bruidsmodewinkel ter wereld\",\"publisher\":{\"@id\":\"https:\\\/\\\/www.koonings.com\\\/de\\\/#organization\"},\"potentialAction\":[{\"@type\":\"SearchAction\",\"target\":{\"@type\":\"EntryPoint\",\"urlTemplate\":\"https:\\\/\\\/www.koonings.com\\\/de\\\/?s={search_term_string}\"},\"query-input\":{\"@type\":\"PropertyValueSpecification\",\"valueRequired\":true,\"valueName\":\"search_term_string\"}}],\"inLanguage\":\"de\"},{\"@type\":\"Organization\",\"@id\":\"https:\\\/\\\/www.koonings.com\\\/de\\\/#organization\",\"name\":\"Koonings\",\"url\":\"https:\\\/\\\/www.koonings.com\\\/de\\\/\",\"logo\":{\"@type\":\"ImageObject\",\"inLanguage\":\"de\",\"@id\":\"https:\\\/\\\/www.koonings.com\\\/de\\\/#\\\/schema\\\/logo\\\/image\\\/\",\"url\":\"https:\\\/\\\/www.koonings.com\\\/wp-content\\\/uploads\\\/2024\\\/07\\\/logo.png\",\"contentUrl\":\"https:\\\/\\\/www.koonings.com\\\/wp-content\\\/uploads\\\/2024\\\/07\\\/logo.png\",\"width\":600,\"height\":428,\"caption\":\"Koonings\"},\"image\":{\"@id\":\"https:\\\/\\\/www.koonings.com\\\/de\\\/#\\\/schema\\\/logo\\\/image\\\/\"},\"sameAs\":[\"https:\\\/\\\/www.facebook.com\\\/kooningstheweddingpalace\",\"https:\\\/\\\/www.instagram.com\\\/kooningstheweddingpalace\",\"https:\\\/\\\/www.pinterest.com\\\/koonings\",\"https:\\\/\\\/www.youtube.com\\\/kooningstheweddingpalace\"]}]}<\/script>\n<!-- \/ Yoast SEO plugin. -->","yoast_head_json":{"title":"Azuree Braut Arnolda 426.0351 | Koonings","description":"Das Arnolda Hochzeitskleid ist perfekt f\u00fcr Br\u00e4ute, die Romantik und Raffinesse lieben. Das Kleid hat einen tiefen V-Ausschnitt, der einen eleganten und verf\u00fchrerischen Look erzeugt, w\u00e4hrend das Illusionsmieder dem Kleid einen modernen Touch verleiht. Die zarte Spitze setzt sich bis zum Rock fort und schafft ein wundersch\u00f6n harmonisches Ensemble, das sowohl klassisch als auch elegant ist. Der Prinzessinnenrock mit funkelndem T\u00fcll sorgt f\u00fcr einen m\u00e4rchenhaften Look und verleiht dem Kleid das gewisse Etwas. Dieses Kleid ist ideal f\u00fcr eine Braut, die einen klassischen Stil mit einem Hauch von modernem Glamour sucht. Das Arnolda Hochzeitskleid gibt jeder Braut das Gef\u00fchl, etwas Besonderes und Einzigartiges zu sein, bereit, an ihrem gro\u00dfen Tag zu gl\u00e4nzen.","robots":{"index":"index","follow":"follow","max-snippet":"max-snippet:-1","max-image-preview":"max-image-preview:large","max-video-preview":"max-video-preview:-1"},"canonical":"https:\/\/www.koonings.com\/de\/product\/azuree-braut-arnolda-426-0351\/","og_locale":"de_DE","og_type":"article","og_title":"Azuree Braut Arnolda 426.0351 | Koonings","og_description":"Das Arnolda Hochzeitskleid ist perfekt f\u00fcr Br\u00e4ute, die Romantik und Raffinesse lieben. Das Kleid hat einen tiefen V-Ausschnitt, der einen eleganten und verf\u00fchrerischen Look erzeugt, w\u00e4hrend das Illusionsmieder dem Kleid einen modernen Touch verleiht. Die zarte Spitze setzt sich bis zum Rock fort und schafft ein wundersch\u00f6n harmonisches Ensemble, das sowohl klassisch als auch elegant ist. Der Prinzessinnenrock mit funkelndem T\u00fcll sorgt f\u00fcr einen m\u00e4rchenhaften Look und verleiht dem Kleid das gewisse Etwas. Dieses Kleid ist ideal f\u00fcr eine Braut, die einen klassischen Stil mit einem Hauch von modernem Glamour sucht. Das Arnolda Hochzeitskleid gibt jeder Braut das Gef\u00fchl, etwas Besonderes und Einzigartiges zu sein, bereit, an ihrem gro\u00dfen Tag zu gl\u00e4nzen.","og_url":"https:\/\/www.koonings.com\/de\/product\/azuree-braut-arnolda-426-0351\/","og_site_name":"Koonings","article_publisher":"https:\/\/www.facebook.com\/kooningstheweddingpalace","og_image":[{"width":1552,"height":2192,"url":"https:\/\/www.koonings.com\/wp-content\/uploads\/2025\/09\/51493_88028f77704f9fac58a343d7f2fc13bb48af07771e268cca21aaf828ac12cb256c037a07.jpeg","type":"image\/jpeg"}],"twitter_card":"summary_large_image","twitter_misc":{"Gesch\u00e4tzte Lesezeit":"1\u00a0Minute"},"schema":{"@context":"https:\/\/schema.org","@graph":[{"@type":"WebPage","@id":"https:\/\/www.koonings.com\/de\/product\/azuree-braut-arnolda-426-0351\/","url":"https:\/\/www.koonings.com\/de\/product\/azuree-braut-arnolda-426-0351\/","name":"Azuree Braut Arnolda 426.0351 | Koonings","isPartOf":{"@id":"https:\/\/www.koonings.com\/de\/#website"},"primaryImageOfPage":{"@id":"https:\/\/www.koonings.com\/de\/product\/azuree-braut-arnolda-426-0351\/#primaryimage"},"image":{"@id":"https:\/\/www.koonings.com\/de\/product\/azuree-braut-arnolda-426-0351\/#primaryimage"},"thumbnailUrl":"https:\/\/www.koonings.com\/wp-content\/uploads\/2025\/09\/51493_88028f77704f9fac58a343d7f2fc13bb48af07771e268cca21aaf828ac12cb256c037a07.jpeg","datePublished":"2026-05-06T13:40:49+00:00","description":"Das Arnolda Hochzeitskleid ist perfekt f\u00fcr Br\u00e4ute, die Romantik und Raffinesse lieben. Das Kleid hat einen tiefen V-Ausschnitt, der einen eleganten und verf\u00fchrerischen Look erzeugt, w\u00e4hrend das Illusionsmieder dem Kleid einen modernen Touch verleiht. Die zarte Spitze setzt sich bis zum Rock fort und schafft ein wundersch\u00f6n harmonisches Ensemble, das sowohl klassisch als auch elegant ist. Der Prinzessinnenrock mit funkelndem T\u00fcll sorgt f\u00fcr einen m\u00e4rchenhaften Look und verleiht dem Kleid das gewisse Etwas. Dieses Kleid ist ideal f\u00fcr eine Braut, die einen klassischen Stil mit einem Hauch von modernem Glamour sucht. Das Arnolda Hochzeitskleid gibt jeder Braut das Gef\u00fchl, etwas Besonderes und Einzigartiges zu sein, bereit, an ihrem gro\u00dfen Tag zu gl\u00e4nzen.","breadcrumb":{"@id":"https:\/\/www.koonings.com\/de\/product\/azuree-braut-arnolda-426-0351\/#breadcrumb"},"inLanguage":"de","potentialAction":[{"@type":"ReadAction","target":["https:\/\/www.koonings.com\/de\/product\/azuree-braut-arnolda-426-0351\/"]}]},{"@type":"ImageObject","inLanguage":"de","@id":"https:\/\/www.koonings.com\/de\/product\/azuree-braut-arnolda-426-0351\/#primaryimage","url":"https:\/\/www.koonings.com\/wp-content\/uploads\/2025\/09\/51493_88028f77704f9fac58a343d7f2fc13bb48af07771e268cca21aaf828ac12cb256c037a07.jpeg","contentUrl":"https:\/\/www.koonings.com\/wp-content\/uploads\/2025\/09\/51493_88028f77704f9fac58a343d7f2fc13bb48af07771e268cca21aaf828ac12cb256c037a07.jpeg","width":1552,"height":2192},{"@type":"BreadcrumbList","@id":"https:\/\/www.koonings.com\/de\/product\/azuree-braut-arnolda-426-0351\/#breadcrumb","itemListElement":[{"@type":"ListItem","position":1,"name":"Home","item":"https:\/\/www.koonings.com\/de\/"},{"@type":"ListItem","position":2,"name":"Azuree Braut Arnolda 426.0351"}]},{"@type":"WebSite","@id":"https:\/\/www.koonings.com\/de\/#website","url":"https:\/\/www.koonings.com\/de\/","name":"Koonings","description":"De grootste bruidsmodewinkel ter wereld","publisher":{"@id":"https:\/\/www.koonings.com\/de\/#organization"},"potentialAction":[{"@type":"SearchAction","target":{"@type":"EntryPoint","urlTemplate":"https:\/\/www.koonings.com\/de\/?s={search_term_string}"},"query-input":{"@type":"PropertyValueSpecification","valueRequired":true,"valueName":"search_term_string"}}],"inLanguage":"de"},{"@type":"Organization","@id":"https:\/\/www.koonings.com\/de\/#organization","name":"Koonings","url":"https:\/\/www.koonings.com\/de\/","logo":{"@type":"ImageObject","inLanguage":"de","@id":"https:\/\/www.koonings.com\/de\/#\/schema\/logo\/image\/","url":"https:\/\/www.koonings.com\/wp-content\/uploads\/2024\/07\/logo.png","contentUrl":"https:\/\/www.koonings.com\/wp-content\/uploads\/2024\/07\/logo.png","width":600,"height":428,"caption":"Koonings"},"image":{"@id":"https:\/\/www.koonings.com\/de\/#\/schema\/logo\/image\/"},"sameAs":["https:\/\/www.facebook.com\/kooningstheweddingpalace","https:\/\/www.instagram.com\/kooningstheweddingpalace","https:\/\/www.pinterest.com\/koonings","https:\/\/www.youtube.com\/kooningstheweddingpalace"]}]}},"_links":{"self":[{"href":"https:\/\/www.koonings.com\/de\/wp-json\/wp\/v2\/product\/93785","targetHints":{"allow":["GET"]}}],"collection":[{"href":"https:\/\/www.koonings.com\/de\/wp-json\/wp\/v2\/product"}],"about":[{"href":"https:\/\/www.koonings.com\/de\/wp-json\/wp\/v2\/types\/product"}],"wp:featuredmedia":[{"embeddable":true,"href":"https:\/\/www.koonings.com\/de\/wp-json\/wp\/v2\/media\/91947"}],"wp:attachment":[{"href":"https:\/\/www.koonings.com\/de\/wp-json\/wp\/v2\/media?parent=93785"}],"wp:term":[{"taxonomy":"productdetails","embeddable":true,"href":"https:\/\/www.koonings.com\/de\/wp-json\/wp\/v2\/productdetails?post=93785"},{"taxonomy":"productneck","embeddable":true,"href":"https:\/\/www.koonings.com\/de\/wp-json\/wp\/v2\/productneck?post=93785"},{"taxonomy":"productcolor","embeddable":true,"href":"https:\/\/www.koonings.com\/de\/wp-json\/wp\/v2\/productcolor?post=93785"},{"taxonomy":"maat","embeddable":true,"href":"https:\/\/www.koonings.com\/de\/wp-json\/wp\/v2\/maat?post=93785"},{"taxonomy":"productsupplier","embeddable":true,"href":"https:\/\/www.koonings.com\/de\/wp-json\/wp\/v2\/productsupplier?post=93785"},{"taxonomy":"productsleeve","embeddable":true,"href":"https:\/\/www.koonings.com\/de\/wp-json\/wp\/v2\/productsleeve?post=93785"},{"taxonomy":"productcategory","embeddable":true,"href":"https:\/\/www.koonings.com\/de\/wp-json\/wp\/v2\/productcategory?post=93785"},{"taxonomy":"productsilhouette","embeddable":true,"href":"https:\/\/www.koonings.com\/de\/wp-json\/wp\/v2\/productsilhouette?post=93785"},{"taxonomy":"productstyle","embeddable":true,"href":"https:\/\/www.koonings.com\/de\/wp-json\/wp\/v2\/productstyle?post=93785"}],"curies":[{"name":"wp","href":"https:\/\/api.w.org\/{rel}","templated":true}]}}