{"id":93782,"date":"2026-05-06T15:40:48","date_gmt":"2026-05-06T13:40:48","guid":{"rendered":"https:\/\/www.koonings.com\/product\/azuree-braut-ariam-426-0331\/"},"modified":"2026-02-17T12:52:33","modified_gmt":"2026-02-17T11:52:33","slug":"azuree-braut-ariam-426-0331","status":"publish","type":"product","link":"https:\/\/www.koonings.com\/de\/product\/azuree-braut-ariam-426-0331\/","title":{"rendered":"Azuree Braut Ariam 426.0331"},"content":{"rendered":"<p>Das Ariam Hochzeitskleid strahlt eine raffinierte Kombination aus Romantik und Modernit\u00e4t aus. Das Kleid hat einen tief ausgeschnittenen V-Ausschnitt, der einen eleganten und verf\u00fchrerischen Look erzeugt. Das plissierte T\u00fcll-Mieder und die glitzernden Pailletten auf der Spitze verleihen dem Kleid einen zus\u00e4tzlichen Hauch von Glamour &#8211; perfekt f\u00fcr Br\u00e4ute, die an ihrem gro\u00dfen Tag gl\u00e4nzen m\u00f6chten. Das durchsichtige Mieder verleiht einen sinnlichen Touch, ohne zu \u00fcbertreiben, und macht dieses Kleid zu einer ausgezeichneten Wahl f\u00fcr diejenigen, die eine Balance zwischen Klassik und Moderne suchen. Der flie\u00dfende Rock mit einem subtilen, durchsichtigen Schlitz verleiht ein leichtes und luftiges Gef\u00fchl und passt sich jeder Bewegung an. Dieses Kleid ist ideal f\u00fcr eine Braut, die einen Hauch von Eleganz mit einem modernen Twist sucht. Das Gesamtbild des Ariam wird jeder Braut das Gef\u00fchl geben, durch und durch feminin zu sein, w\u00e4hrend es ihr gleichzeitig erlaubt, sich bequem zu bewegen.      <\/p>\n","protected":false},"featured_media":91923,"template":"","meta":{"_acf_changed":false,"ghostkit_customizer_options":"","ghostkit_custom_css":"","ghostkit_custom_js_head":"","ghostkit_custom_js_foot":"","ghostkit_typography":""},"productdetails":[376,378],"productneck":[356],"productcolor":[393,392],"maat":[],"productsupplier":[533],"productsleeve":[359],"productcategory":[18],"productsilhouette":[384],"productstyle":[369,371,366],"class_list":["post-93782","product","type-product","status-publish","has-post-thumbnail","hentry","productdetails-376","productdetails-378","productneck-356","productcolor-393","productcolor-392","productsupplier-azuree-bridal","productsleeve-359","productcategory-trouwjurken","productsilhouette-384","productstyle-369","productstyle-371","productstyle-366"],"acf":[],"yoast_head":"<!-- This site is optimized with the Yoast SEO plugin v27.3 - https:\/\/yoast.com\/product\/yoast-seo-wordpress\/ -->\n<title>Azuree Braut Ariam 426.0331 | Koonings<\/title>\n<meta name=\"description\" content=\"Das Ariam Hochzeitskleid strahlt eine raffinierte Kombination aus Romantik und Modernit\u00e4t aus. Das Kleid hat einen tief ausgeschnittenen V-Ausschnitt, der einen eleganten und verf\u00fchrerischen Look erzeugt. Das plissierte T\u00fcll-Mieder und die glitzernden Pailletten auf der Spitze verleihen dem Kleid einen zus\u00e4tzlichen Hauch von Glamour - perfekt f\u00fcr Br\u00e4ute, die an ihrem gro\u00dfen Tag gl\u00e4nzen m\u00f6chten. Das durchsichtige Mieder verleiht einen sinnlichen Touch, ohne zu \u00fcbertreiben, und macht dieses Kleid zu einer ausgezeichneten Wahl f\u00fcr diejenigen, die eine Balance zwischen Klassik und Moderne suchen. Der flie\u00dfende Rock mit einem subtilen, durchsichtigen Schlitz verleiht ein leichtes und luftiges Gef\u00fchl und passt sich jeder Bewegung an. Dieses Kleid ist ideal f\u00fcr eine Braut, die einen Hauch von Eleganz mit einem modernen Twist sucht. Das Gesamtbild des Ariam wird jeder Braut das Gef\u00fchl geben, durch und durch feminin zu sein, w\u00e4hrend es ihr gleichzeitig erlaubt, sich bequem zu bewegen.\" \/>\n<meta name=\"robots\" content=\"index, follow, max-snippet:-1, max-image-preview:large, max-video-preview:-1\" \/>\n<link rel=\"canonical\" href=\"https:\/\/www.koonings.com\/de\/product\/azuree-braut-ariam-426-0331\/\" \/>\n<meta property=\"og:locale\" content=\"de_DE\" \/>\n<meta property=\"og:type\" content=\"article\" \/>\n<meta property=\"og:title\" content=\"Azuree Braut Ariam 426.0331 | Koonings\" \/>\n<meta property=\"og:description\" content=\"Das Ariam Hochzeitskleid strahlt eine raffinierte Kombination aus Romantik und Modernit\u00e4t aus. Das Kleid hat einen tief ausgeschnittenen V-Ausschnitt, der einen eleganten und verf\u00fchrerischen Look erzeugt. Das plissierte T\u00fcll-Mieder und die glitzernden Pailletten auf der Spitze verleihen dem Kleid einen zus\u00e4tzlichen Hauch von Glamour - perfekt f\u00fcr Br\u00e4ute, die an ihrem gro\u00dfen Tag gl\u00e4nzen m\u00f6chten. Das durchsichtige Mieder verleiht einen sinnlichen Touch, ohne zu \u00fcbertreiben, und macht dieses Kleid zu einer ausgezeichneten Wahl f\u00fcr diejenigen, die eine Balance zwischen Klassik und Moderne suchen. Der flie\u00dfende Rock mit einem subtilen, durchsichtigen Schlitz verleiht ein leichtes und luftiges Gef\u00fchl und passt sich jeder Bewegung an. Dieses Kleid ist ideal f\u00fcr eine Braut, die einen Hauch von Eleganz mit einem modernen Twist sucht. Das Gesamtbild des Ariam wird jeder Braut das Gef\u00fchl geben, durch und durch feminin zu sein, w\u00e4hrend es ihr gleichzeitig erlaubt, sich bequem zu bewegen.\" \/>\n<meta property=\"og:url\" content=\"https:\/\/www.koonings.com\/de\/product\/azuree-braut-ariam-426-0331\/\" \/>\n<meta property=\"og:site_name\" content=\"Koonings\" \/>\n<meta property=\"article:publisher\" content=\"https:\/\/www.facebook.com\/kooningstheweddingpalace\" \/>\n<meta property=\"og:image\" content=\"https:\/\/www.koonings.com\/wp-content\/uploads\/2025\/09\/51491_2f23b451b2c82fa889057d45051817ce9c74ad3daa2bca78a06ccb25b9eedf239cecd2de.jpeg\" \/>\n\t<meta property=\"og:image:width\" content=\"1625\" \/>\n\t<meta property=\"og:image:height\" content=\"2297\" \/>\n\t<meta property=\"og:image:type\" content=\"image\/jpeg\" \/>\n<meta name=\"twitter:card\" content=\"summary_large_image\" \/>\n<meta name=\"twitter:label1\" content=\"Gesch\u00e4tzte Lesezeit\" \/>\n\t<meta name=\"twitter:data1\" content=\"1\u00a0Minute\" \/>\n<script type=\"application\/ld+json\" class=\"yoast-schema-graph\">{\"@context\":\"https:\\\/\\\/schema.org\",\"@graph\":[{\"@type\":\"WebPage\",\"@id\":\"https:\\\/\\\/www.koonings.com\\\/de\\\/product\\\/azuree-braut-ariam-426-0331\\\/\",\"url\":\"https:\\\/\\\/www.koonings.com\\\/de\\\/product\\\/azuree-braut-ariam-426-0331\\\/\",\"name\":\"Azuree Braut Ariam 426.0331 | Koonings\",\"isPartOf\":{\"@id\":\"https:\\\/\\\/www.koonings.com\\\/de\\\/#website\"},\"primaryImageOfPage\":{\"@id\":\"https:\\\/\\\/www.koonings.com\\\/de\\\/product\\\/azuree-braut-ariam-426-0331\\\/#primaryimage\"},\"image\":{\"@id\":\"https:\\\/\\\/www.koonings.com\\\/de\\\/product\\\/azuree-braut-ariam-426-0331\\\/#primaryimage\"},\"thumbnailUrl\":\"https:\\\/\\\/www.koonings.com\\\/wp-content\\\/uploads\\\/2025\\\/09\\\/51491_2f23b451b2c82fa889057d45051817ce9c74ad3daa2bca78a06ccb25b9eedf239cecd2de.jpeg\",\"datePublished\":\"2026-05-06T13:40:48+00:00\",\"description\":\"Das Ariam Hochzeitskleid strahlt eine raffinierte Kombination aus Romantik und Modernit\u00e4t aus. Das Kleid hat einen tief ausgeschnittenen V-Ausschnitt, der einen eleganten und verf\u00fchrerischen Look erzeugt. Das plissierte T\u00fcll-Mieder und die glitzernden Pailletten auf der Spitze verleihen dem Kleid einen zus\u00e4tzlichen Hauch von Glamour - perfekt f\u00fcr Br\u00e4ute, die an ihrem gro\u00dfen Tag gl\u00e4nzen m\u00f6chten. Das durchsichtige Mieder verleiht einen sinnlichen Touch, ohne zu \u00fcbertreiben, und macht dieses Kleid zu einer ausgezeichneten Wahl f\u00fcr diejenigen, die eine Balance zwischen Klassik und Moderne suchen. Der flie\u00dfende Rock mit einem subtilen, durchsichtigen Schlitz verleiht ein leichtes und luftiges Gef\u00fchl und passt sich jeder Bewegung an. Dieses Kleid ist ideal f\u00fcr eine Braut, die einen Hauch von Eleganz mit einem modernen Twist sucht. Das Gesamtbild des Ariam wird jeder Braut das Gef\u00fchl geben, durch und durch feminin zu sein, w\u00e4hrend es ihr gleichzeitig erlaubt, sich bequem zu bewegen.\",\"breadcrumb\":{\"@id\":\"https:\\\/\\\/www.koonings.com\\\/de\\\/product\\\/azuree-braut-ariam-426-0331\\\/#breadcrumb\"},\"inLanguage\":\"de\",\"potentialAction\":[{\"@type\":\"ReadAction\",\"target\":[\"https:\\\/\\\/www.koonings.com\\\/de\\\/product\\\/azuree-braut-ariam-426-0331\\\/\"]}]},{\"@type\":\"ImageObject\",\"inLanguage\":\"de\",\"@id\":\"https:\\\/\\\/www.koonings.com\\\/de\\\/product\\\/azuree-braut-ariam-426-0331\\\/#primaryimage\",\"url\":\"https:\\\/\\\/www.koonings.com\\\/wp-content\\\/uploads\\\/2025\\\/09\\\/51491_2f23b451b2c82fa889057d45051817ce9c74ad3daa2bca78a06ccb25b9eedf239cecd2de.jpeg\",\"contentUrl\":\"https:\\\/\\\/www.koonings.com\\\/wp-content\\\/uploads\\\/2025\\\/09\\\/51491_2f23b451b2c82fa889057d45051817ce9c74ad3daa2bca78a06ccb25b9eedf239cecd2de.jpeg\",\"width\":1625,\"height\":2297},{\"@type\":\"BreadcrumbList\",\"@id\":\"https:\\\/\\\/www.koonings.com\\\/de\\\/product\\\/azuree-braut-ariam-426-0331\\\/#breadcrumb\",\"itemListElement\":[{\"@type\":\"ListItem\",\"position\":1,\"name\":\"Home\",\"item\":\"https:\\\/\\\/www.koonings.com\\\/de\\\/\"},{\"@type\":\"ListItem\",\"position\":2,\"name\":\"Azuree Braut Ariam 426.0331\"}]},{\"@type\":\"WebSite\",\"@id\":\"https:\\\/\\\/www.koonings.com\\\/de\\\/#website\",\"url\":\"https:\\\/\\\/www.koonings.com\\\/de\\\/\",\"name\":\"Koonings\",\"description\":\"De grootste bruidsmodewinkel ter wereld\",\"publisher\":{\"@id\":\"https:\\\/\\\/www.koonings.com\\\/de\\\/#organization\"},\"potentialAction\":[{\"@type\":\"SearchAction\",\"target\":{\"@type\":\"EntryPoint\",\"urlTemplate\":\"https:\\\/\\\/www.koonings.com\\\/de\\\/?s={search_term_string}\"},\"query-input\":{\"@type\":\"PropertyValueSpecification\",\"valueRequired\":true,\"valueName\":\"search_term_string\"}}],\"inLanguage\":\"de\"},{\"@type\":\"Organization\",\"@id\":\"https:\\\/\\\/www.koonings.com\\\/de\\\/#organization\",\"name\":\"Koonings\",\"url\":\"https:\\\/\\\/www.koonings.com\\\/de\\\/\",\"logo\":{\"@type\":\"ImageObject\",\"inLanguage\":\"de\",\"@id\":\"https:\\\/\\\/www.koonings.com\\\/de\\\/#\\\/schema\\\/logo\\\/image\\\/\",\"url\":\"https:\\\/\\\/www.koonings.com\\\/wp-content\\\/uploads\\\/2024\\\/07\\\/logo.png\",\"contentUrl\":\"https:\\\/\\\/www.koonings.com\\\/wp-content\\\/uploads\\\/2024\\\/07\\\/logo.png\",\"width\":600,\"height\":428,\"caption\":\"Koonings\"},\"image\":{\"@id\":\"https:\\\/\\\/www.koonings.com\\\/de\\\/#\\\/schema\\\/logo\\\/image\\\/\"},\"sameAs\":[\"https:\\\/\\\/www.facebook.com\\\/kooningstheweddingpalace\",\"https:\\\/\\\/www.instagram.com\\\/kooningstheweddingpalace\",\"https:\\\/\\\/www.pinterest.com\\\/koonings\",\"https:\\\/\\\/www.youtube.com\\\/kooningstheweddingpalace\"]}]}<\/script>\n<!-- \/ Yoast SEO plugin. -->","yoast_head_json":{"title":"Azuree Braut Ariam 426.0331 | Koonings","description":"Das Ariam Hochzeitskleid strahlt eine raffinierte Kombination aus Romantik und Modernit\u00e4t aus. Das Kleid hat einen tief ausgeschnittenen V-Ausschnitt, der einen eleganten und verf\u00fchrerischen Look erzeugt. Das plissierte T\u00fcll-Mieder und die glitzernden Pailletten auf der Spitze verleihen dem Kleid einen zus\u00e4tzlichen Hauch von Glamour - perfekt f\u00fcr Br\u00e4ute, die an ihrem gro\u00dfen Tag gl\u00e4nzen m\u00f6chten. Das durchsichtige Mieder verleiht einen sinnlichen Touch, ohne zu \u00fcbertreiben, und macht dieses Kleid zu einer ausgezeichneten Wahl f\u00fcr diejenigen, die eine Balance zwischen Klassik und Moderne suchen. Der flie\u00dfende Rock mit einem subtilen, durchsichtigen Schlitz verleiht ein leichtes und luftiges Gef\u00fchl und passt sich jeder Bewegung an. Dieses Kleid ist ideal f\u00fcr eine Braut, die einen Hauch von Eleganz mit einem modernen Twist sucht. Das Gesamtbild des Ariam wird jeder Braut das Gef\u00fchl geben, durch und durch feminin zu sein, w\u00e4hrend es ihr gleichzeitig erlaubt, sich bequem zu bewegen.","robots":{"index":"index","follow":"follow","max-snippet":"max-snippet:-1","max-image-preview":"max-image-preview:large","max-video-preview":"max-video-preview:-1"},"canonical":"https:\/\/www.koonings.com\/de\/product\/azuree-braut-ariam-426-0331\/","og_locale":"de_DE","og_type":"article","og_title":"Azuree Braut Ariam 426.0331 | Koonings","og_description":"Das Ariam Hochzeitskleid strahlt eine raffinierte Kombination aus Romantik und Modernit\u00e4t aus. Das Kleid hat einen tief ausgeschnittenen V-Ausschnitt, der einen eleganten und verf\u00fchrerischen Look erzeugt. Das plissierte T\u00fcll-Mieder und die glitzernden Pailletten auf der Spitze verleihen dem Kleid einen zus\u00e4tzlichen Hauch von Glamour - perfekt f\u00fcr Br\u00e4ute, die an ihrem gro\u00dfen Tag gl\u00e4nzen m\u00f6chten. Das durchsichtige Mieder verleiht einen sinnlichen Touch, ohne zu \u00fcbertreiben, und macht dieses Kleid zu einer ausgezeichneten Wahl f\u00fcr diejenigen, die eine Balance zwischen Klassik und Moderne suchen. Der flie\u00dfende Rock mit einem subtilen, durchsichtigen Schlitz verleiht ein leichtes und luftiges Gef\u00fchl und passt sich jeder Bewegung an. Dieses Kleid ist ideal f\u00fcr eine Braut, die einen Hauch von Eleganz mit einem modernen Twist sucht. Das Gesamtbild des Ariam wird jeder Braut das Gef\u00fchl geben, durch und durch feminin zu sein, w\u00e4hrend es ihr gleichzeitig erlaubt, sich bequem zu bewegen.","og_url":"https:\/\/www.koonings.com\/de\/product\/azuree-braut-ariam-426-0331\/","og_site_name":"Koonings","article_publisher":"https:\/\/www.facebook.com\/kooningstheweddingpalace","og_image":[{"width":1625,"height":2297,"url":"https:\/\/www.koonings.com\/wp-content\/uploads\/2025\/09\/51491_2f23b451b2c82fa889057d45051817ce9c74ad3daa2bca78a06ccb25b9eedf239cecd2de.jpeg","type":"image\/jpeg"}],"twitter_card":"summary_large_image","twitter_misc":{"Gesch\u00e4tzte Lesezeit":"1\u00a0Minute"},"schema":{"@context":"https:\/\/schema.org","@graph":[{"@type":"WebPage","@id":"https:\/\/www.koonings.com\/de\/product\/azuree-braut-ariam-426-0331\/","url":"https:\/\/www.koonings.com\/de\/product\/azuree-braut-ariam-426-0331\/","name":"Azuree Braut Ariam 426.0331 | Koonings","isPartOf":{"@id":"https:\/\/www.koonings.com\/de\/#website"},"primaryImageOfPage":{"@id":"https:\/\/www.koonings.com\/de\/product\/azuree-braut-ariam-426-0331\/#primaryimage"},"image":{"@id":"https:\/\/www.koonings.com\/de\/product\/azuree-braut-ariam-426-0331\/#primaryimage"},"thumbnailUrl":"https:\/\/www.koonings.com\/wp-content\/uploads\/2025\/09\/51491_2f23b451b2c82fa889057d45051817ce9c74ad3daa2bca78a06ccb25b9eedf239cecd2de.jpeg","datePublished":"2026-05-06T13:40:48+00:00","description":"Das Ariam Hochzeitskleid strahlt eine raffinierte Kombination aus Romantik und Modernit\u00e4t aus. Das Kleid hat einen tief ausgeschnittenen V-Ausschnitt, der einen eleganten und verf\u00fchrerischen Look erzeugt. Das plissierte T\u00fcll-Mieder und die glitzernden Pailletten auf der Spitze verleihen dem Kleid einen zus\u00e4tzlichen Hauch von Glamour - perfekt f\u00fcr Br\u00e4ute, die an ihrem gro\u00dfen Tag gl\u00e4nzen m\u00f6chten. Das durchsichtige Mieder verleiht einen sinnlichen Touch, ohne zu \u00fcbertreiben, und macht dieses Kleid zu einer ausgezeichneten Wahl f\u00fcr diejenigen, die eine Balance zwischen Klassik und Moderne suchen. Der flie\u00dfende Rock mit einem subtilen, durchsichtigen Schlitz verleiht ein leichtes und luftiges Gef\u00fchl und passt sich jeder Bewegung an. Dieses Kleid ist ideal f\u00fcr eine Braut, die einen Hauch von Eleganz mit einem modernen Twist sucht. Das Gesamtbild des Ariam wird jeder Braut das Gef\u00fchl geben, durch und durch feminin zu sein, w\u00e4hrend es ihr gleichzeitig erlaubt, sich bequem zu bewegen.","breadcrumb":{"@id":"https:\/\/www.koonings.com\/de\/product\/azuree-braut-ariam-426-0331\/#breadcrumb"},"inLanguage":"de","potentialAction":[{"@type":"ReadAction","target":["https:\/\/www.koonings.com\/de\/product\/azuree-braut-ariam-426-0331\/"]}]},{"@type":"ImageObject","inLanguage":"de","@id":"https:\/\/www.koonings.com\/de\/product\/azuree-braut-ariam-426-0331\/#primaryimage","url":"https:\/\/www.koonings.com\/wp-content\/uploads\/2025\/09\/51491_2f23b451b2c82fa889057d45051817ce9c74ad3daa2bca78a06ccb25b9eedf239cecd2de.jpeg","contentUrl":"https:\/\/www.koonings.com\/wp-content\/uploads\/2025\/09\/51491_2f23b451b2c82fa889057d45051817ce9c74ad3daa2bca78a06ccb25b9eedf239cecd2de.jpeg","width":1625,"height":2297},{"@type":"BreadcrumbList","@id":"https:\/\/www.koonings.com\/de\/product\/azuree-braut-ariam-426-0331\/#breadcrumb","itemListElement":[{"@type":"ListItem","position":1,"name":"Home","item":"https:\/\/www.koonings.com\/de\/"},{"@type":"ListItem","position":2,"name":"Azuree Braut Ariam 426.0331"}]},{"@type":"WebSite","@id":"https:\/\/www.koonings.com\/de\/#website","url":"https:\/\/www.koonings.com\/de\/","name":"Koonings","description":"De grootste bruidsmodewinkel ter wereld","publisher":{"@id":"https:\/\/www.koonings.com\/de\/#organization"},"potentialAction":[{"@type":"SearchAction","target":{"@type":"EntryPoint","urlTemplate":"https:\/\/www.koonings.com\/de\/?s={search_term_string}"},"query-input":{"@type":"PropertyValueSpecification","valueRequired":true,"valueName":"search_term_string"}}],"inLanguage":"de"},{"@type":"Organization","@id":"https:\/\/www.koonings.com\/de\/#organization","name":"Koonings","url":"https:\/\/www.koonings.com\/de\/","logo":{"@type":"ImageObject","inLanguage":"de","@id":"https:\/\/www.koonings.com\/de\/#\/schema\/logo\/image\/","url":"https:\/\/www.koonings.com\/wp-content\/uploads\/2024\/07\/logo.png","contentUrl":"https:\/\/www.koonings.com\/wp-content\/uploads\/2024\/07\/logo.png","width":600,"height":428,"caption":"Koonings"},"image":{"@id":"https:\/\/www.koonings.com\/de\/#\/schema\/logo\/image\/"},"sameAs":["https:\/\/www.facebook.com\/kooningstheweddingpalace","https:\/\/www.instagram.com\/kooningstheweddingpalace","https:\/\/www.pinterest.com\/koonings","https:\/\/www.youtube.com\/kooningstheweddingpalace"]}]}},"_links":{"self":[{"href":"https:\/\/www.koonings.com\/de\/wp-json\/wp\/v2\/product\/93782","targetHints":{"allow":["GET"]}}],"collection":[{"href":"https:\/\/www.koonings.com\/de\/wp-json\/wp\/v2\/product"}],"about":[{"href":"https:\/\/www.koonings.com\/de\/wp-json\/wp\/v2\/types\/product"}],"wp:featuredmedia":[{"embeddable":true,"href":"https:\/\/www.koonings.com\/de\/wp-json\/wp\/v2\/media\/91923"}],"wp:attachment":[{"href":"https:\/\/www.koonings.com\/de\/wp-json\/wp\/v2\/media?parent=93782"}],"wp:term":[{"taxonomy":"productdetails","embeddable":true,"href":"https:\/\/www.koonings.com\/de\/wp-json\/wp\/v2\/productdetails?post=93782"},{"taxonomy":"productneck","embeddable":true,"href":"https:\/\/www.koonings.com\/de\/wp-json\/wp\/v2\/productneck?post=93782"},{"taxonomy":"productcolor","embeddable":true,"href":"https:\/\/www.koonings.com\/de\/wp-json\/wp\/v2\/productcolor?post=93782"},{"taxonomy":"maat","embeddable":true,"href":"https:\/\/www.koonings.com\/de\/wp-json\/wp\/v2\/maat?post=93782"},{"taxonomy":"productsupplier","embeddable":true,"href":"https:\/\/www.koonings.com\/de\/wp-json\/wp\/v2\/productsupplier?post=93782"},{"taxonomy":"productsleeve","embeddable":true,"href":"https:\/\/www.koonings.com\/de\/wp-json\/wp\/v2\/productsleeve?post=93782"},{"taxonomy":"productcategory","embeddable":true,"href":"https:\/\/www.koonings.com\/de\/wp-json\/wp\/v2\/productcategory?post=93782"},{"taxonomy":"productsilhouette","embeddable":true,"href":"https:\/\/www.koonings.com\/de\/wp-json\/wp\/v2\/productsilhouette?post=93782"},{"taxonomy":"productstyle","embeddable":true,"href":"https:\/\/www.koonings.com\/de\/wp-json\/wp\/v2\/productstyle?post=93782"}],"curies":[{"name":"wp","href":"https:\/\/api.w.org\/{rel}","templated":true}]}}