{"id":93731,"date":"2026-04-28T18:40:50","date_gmt":"2026-04-28T16:40:50","guid":{"rendered":"https:\/\/www.koonings.com\/product\/azuree-braut-ciska-526-0101\/"},"modified":"2026-02-17T12:54:16","modified_gmt":"2026-02-17T11:54:16","slug":"azuree-braut-ciska-526-0101","status":"publish","type":"product","link":"https:\/\/www.koonings.com\/de\/product\/azuree-braut-ciska-526-0101\/","title":{"rendered":"Azuree Braut Ciska 526.0101"},"content":{"rendered":"<p>Wagen Sie es, anders zu sein mit dem Modell Ciska &#8211; ein spektakul\u00e4res Ballkleid, das zeitlose Eleganz mit einem k\u00fchnen, modernen Twist kombiniert. Der mehrlagige Rock aus dezent schimmerndem T\u00fcll in Graut\u00f6nen ist mit tiefschwarzen Spitzenapplikationen verziert, die wie ein Kunstwerk \u00fcber das Kleid tanzen. Das Mieder ist transparent und mit schwarzer, floraler Spitze \u00fcberzogen, die einen aufregenden Kontrast und einen Hauch von Geheimnis bietet. Der tiefe Ausschnitt und der transparente R\u00fccken verleihen diesem Statement-Kleid einen sinnlichen Touch, ohne dabei an Klasse einzub\u00fc\u00dfen.   <\/p>\n","protected":false},"featured_media":92263,"template":"","meta":{"_acf_changed":false,"ghostkit_customizer_options":"","ghostkit_custom_css":"","ghostkit_custom_js_head":"","ghostkit_custom_js_foot":"","ghostkit_typography":""},"productdetails":[379,376],"productneck":[356],"productcolor":[394],"maat":[],"productsupplier":[533],"productsleeve":[359],"productcategory":[18],"productsilhouette":[388],"productstyle":[372,366,370],"class_list":["post-93731","product","type-product","status-publish","has-post-thumbnail","hentry","productdetails-379","productdetails-376","productneck-356","productcolor-394","productsupplier-azuree-bridal","productsleeve-359","productcategory-trouwjurken","productsilhouette-388","productstyle-372","productstyle-366","productstyle-370"],"acf":[],"yoast_head":"<!-- This site is optimized with the Yoast SEO plugin v27.3 - https:\/\/yoast.com\/product\/yoast-seo-wordpress\/ -->\n<title>Azuree Braut Ciska 526.0101 | Koonings<\/title>\n<meta name=\"description\" content=\"Wagen Sie es, anders zu sein mit dem Modell Ciska - ein spektakul\u00e4res Ballkleid, das zeitlose Eleganz mit einem k\u00fchnen, modernen Twist kombiniert. Der mehrlagige Rock aus dezent schimmerndem T\u00fcll in Graut\u00f6nen ist mit tiefschwarzen Spitzenapplikationen verziert, die wie ein Kunstwerk \u00fcber das Kleid tanzen. Das Mieder ist transparent und mit schwarzer, floraler Spitze \u00fcberzogen, die einen aufregenden Kontrast und einen Hauch von Geheimnis bietet. Der tiefe Ausschnitt und der transparente R\u00fccken verleihen diesem Statement-Kleid einen sinnlichen Touch, ohne dabei an Klasse einzub\u00fc\u00dfen.\" \/>\n<meta name=\"robots\" content=\"index, follow, max-snippet:-1, max-image-preview:large, max-video-preview:-1\" \/>\n<link rel=\"canonical\" href=\"https:\/\/www.koonings.com\/de\/product\/azuree-braut-ciska-526-0101\/\" \/>\n<meta property=\"og:locale\" content=\"de_DE\" \/>\n<meta property=\"og:type\" content=\"article\" \/>\n<meta property=\"og:title\" content=\"Azuree Braut Ciska 526.0101 | Koonings\" \/>\n<meta property=\"og:description\" content=\"Wagen Sie es, anders zu sein mit dem Modell Ciska - ein spektakul\u00e4res Ballkleid, das zeitlose Eleganz mit einem k\u00fchnen, modernen Twist kombiniert. Der mehrlagige Rock aus dezent schimmerndem T\u00fcll in Graut\u00f6nen ist mit tiefschwarzen Spitzenapplikationen verziert, die wie ein Kunstwerk \u00fcber das Kleid tanzen. Das Mieder ist transparent und mit schwarzer, floraler Spitze \u00fcberzogen, die einen aufregenden Kontrast und einen Hauch von Geheimnis bietet. Der tiefe Ausschnitt und der transparente R\u00fccken verleihen diesem Statement-Kleid einen sinnlichen Touch, ohne dabei an Klasse einzub\u00fc\u00dfen.\" \/>\n<meta property=\"og:url\" content=\"https:\/\/www.koonings.com\/de\/product\/azuree-braut-ciska-526-0101\/\" \/>\n<meta property=\"og:site_name\" content=\"Koonings\" \/>\n<meta property=\"article:publisher\" content=\"https:\/\/www.facebook.com\/kooningstheweddingpalace\" \/>\n<meta property=\"og:image\" content=\"https:\/\/www.koonings.com\/wp-content\/uploads\/2025\/09\/51525_166136645a40f11ce01ed765f619b5dfc033fc0fdd767cad5ca419803beb3aa6ed7e5978.jpeg\" \/>\n\t<meta property=\"og:image:width\" content=\"1666\" \/>\n\t<meta property=\"og:image:height\" content=\"2266\" \/>\n\t<meta property=\"og:image:type\" content=\"image\/jpeg\" \/>\n<meta name=\"twitter:card\" content=\"summary_large_image\" \/>\n<script type=\"application\/ld+json\" class=\"yoast-schema-graph\">{\"@context\":\"https:\\\/\\\/schema.org\",\"@graph\":[{\"@type\":\"WebPage\",\"@id\":\"https:\\\/\\\/www.koonings.com\\\/de\\\/product\\\/azuree-braut-ciska-526-0101\\\/\",\"url\":\"https:\\\/\\\/www.koonings.com\\\/de\\\/product\\\/azuree-braut-ciska-526-0101\\\/\",\"name\":\"Azuree Braut Ciska 526.0101 | Koonings\",\"isPartOf\":{\"@id\":\"https:\\\/\\\/www.koonings.com\\\/de\\\/#website\"},\"primaryImageOfPage\":{\"@id\":\"https:\\\/\\\/www.koonings.com\\\/de\\\/product\\\/azuree-braut-ciska-526-0101\\\/#primaryimage\"},\"image\":{\"@id\":\"https:\\\/\\\/www.koonings.com\\\/de\\\/product\\\/azuree-braut-ciska-526-0101\\\/#primaryimage\"},\"thumbnailUrl\":\"https:\\\/\\\/www.koonings.com\\\/wp-content\\\/uploads\\\/2025\\\/09\\\/51525_166136645a40f11ce01ed765f619b5dfc033fc0fdd767cad5ca419803beb3aa6ed7e5978.jpeg\",\"datePublished\":\"2026-04-28T16:40:50+00:00\",\"description\":\"Wagen Sie es, anders zu sein mit dem Modell Ciska - ein spektakul\u00e4res Ballkleid, das zeitlose Eleganz mit einem k\u00fchnen, modernen Twist kombiniert. Der mehrlagige Rock aus dezent schimmerndem T\u00fcll in Graut\u00f6nen ist mit tiefschwarzen Spitzenapplikationen verziert, die wie ein Kunstwerk \u00fcber das Kleid tanzen. Das Mieder ist transparent und mit schwarzer, floraler Spitze \u00fcberzogen, die einen aufregenden Kontrast und einen Hauch von Geheimnis bietet. Der tiefe Ausschnitt und der transparente R\u00fccken verleihen diesem Statement-Kleid einen sinnlichen Touch, ohne dabei an Klasse einzub\u00fc\u00dfen.\",\"breadcrumb\":{\"@id\":\"https:\\\/\\\/www.koonings.com\\\/de\\\/product\\\/azuree-braut-ciska-526-0101\\\/#breadcrumb\"},\"inLanguage\":\"de\",\"potentialAction\":[{\"@type\":\"ReadAction\",\"target\":[\"https:\\\/\\\/www.koonings.com\\\/de\\\/product\\\/azuree-braut-ciska-526-0101\\\/\"]}]},{\"@type\":\"ImageObject\",\"inLanguage\":\"de\",\"@id\":\"https:\\\/\\\/www.koonings.com\\\/de\\\/product\\\/azuree-braut-ciska-526-0101\\\/#primaryimage\",\"url\":\"https:\\\/\\\/www.koonings.com\\\/wp-content\\\/uploads\\\/2025\\\/09\\\/51525_166136645a40f11ce01ed765f619b5dfc033fc0fdd767cad5ca419803beb3aa6ed7e5978.jpeg\",\"contentUrl\":\"https:\\\/\\\/www.koonings.com\\\/wp-content\\\/uploads\\\/2025\\\/09\\\/51525_166136645a40f11ce01ed765f619b5dfc033fc0fdd767cad5ca419803beb3aa6ed7e5978.jpeg\",\"width\":1666,\"height\":2266},{\"@type\":\"BreadcrumbList\",\"@id\":\"https:\\\/\\\/www.koonings.com\\\/de\\\/product\\\/azuree-braut-ciska-526-0101\\\/#breadcrumb\",\"itemListElement\":[{\"@type\":\"ListItem\",\"position\":1,\"name\":\"Home\",\"item\":\"https:\\\/\\\/www.koonings.com\\\/de\\\/\"},{\"@type\":\"ListItem\",\"position\":2,\"name\":\"Azuree Braut Ciska 526.0101\"}]},{\"@type\":\"WebSite\",\"@id\":\"https:\\\/\\\/www.koonings.com\\\/de\\\/#website\",\"url\":\"https:\\\/\\\/www.koonings.com\\\/de\\\/\",\"name\":\"Koonings\",\"description\":\"De grootste bruidsmodewinkel ter wereld\",\"publisher\":{\"@id\":\"https:\\\/\\\/www.koonings.com\\\/de\\\/#organization\"},\"potentialAction\":[{\"@type\":\"SearchAction\",\"target\":{\"@type\":\"EntryPoint\",\"urlTemplate\":\"https:\\\/\\\/www.koonings.com\\\/de\\\/?s={search_term_string}\"},\"query-input\":{\"@type\":\"PropertyValueSpecification\",\"valueRequired\":true,\"valueName\":\"search_term_string\"}}],\"inLanguage\":\"de\"},{\"@type\":\"Organization\",\"@id\":\"https:\\\/\\\/www.koonings.com\\\/de\\\/#organization\",\"name\":\"Koonings\",\"url\":\"https:\\\/\\\/www.koonings.com\\\/de\\\/\",\"logo\":{\"@type\":\"ImageObject\",\"inLanguage\":\"de\",\"@id\":\"https:\\\/\\\/www.koonings.com\\\/de\\\/#\\\/schema\\\/logo\\\/image\\\/\",\"url\":\"https:\\\/\\\/www.koonings.com\\\/wp-content\\\/uploads\\\/2024\\\/07\\\/logo.png\",\"contentUrl\":\"https:\\\/\\\/www.koonings.com\\\/wp-content\\\/uploads\\\/2024\\\/07\\\/logo.png\",\"width\":600,\"height\":428,\"caption\":\"Koonings\"},\"image\":{\"@id\":\"https:\\\/\\\/www.koonings.com\\\/de\\\/#\\\/schema\\\/logo\\\/image\\\/\"},\"sameAs\":[\"https:\\\/\\\/www.facebook.com\\\/kooningstheweddingpalace\",\"https:\\\/\\\/www.instagram.com\\\/kooningstheweddingpalace\",\"https:\\\/\\\/www.pinterest.com\\\/koonings\",\"https:\\\/\\\/www.youtube.com\\\/kooningstheweddingpalace\"]}]}<\/script>\n<!-- \/ Yoast SEO plugin. -->","yoast_head_json":{"title":"Azuree Braut Ciska 526.0101 | Koonings","description":"Wagen Sie es, anders zu sein mit dem Modell Ciska - ein spektakul\u00e4res Ballkleid, das zeitlose Eleganz mit einem k\u00fchnen, modernen Twist kombiniert. Der mehrlagige Rock aus dezent schimmerndem T\u00fcll in Graut\u00f6nen ist mit tiefschwarzen Spitzenapplikationen verziert, die wie ein Kunstwerk \u00fcber das Kleid tanzen. Das Mieder ist transparent und mit schwarzer, floraler Spitze \u00fcberzogen, die einen aufregenden Kontrast und einen Hauch von Geheimnis bietet. Der tiefe Ausschnitt und der transparente R\u00fccken verleihen diesem Statement-Kleid einen sinnlichen Touch, ohne dabei an Klasse einzub\u00fc\u00dfen.","robots":{"index":"index","follow":"follow","max-snippet":"max-snippet:-1","max-image-preview":"max-image-preview:large","max-video-preview":"max-video-preview:-1"},"canonical":"https:\/\/www.koonings.com\/de\/product\/azuree-braut-ciska-526-0101\/","og_locale":"de_DE","og_type":"article","og_title":"Azuree Braut Ciska 526.0101 | Koonings","og_description":"Wagen Sie es, anders zu sein mit dem Modell Ciska - ein spektakul\u00e4res Ballkleid, das zeitlose Eleganz mit einem k\u00fchnen, modernen Twist kombiniert. Der mehrlagige Rock aus dezent schimmerndem T\u00fcll in Graut\u00f6nen ist mit tiefschwarzen Spitzenapplikationen verziert, die wie ein Kunstwerk \u00fcber das Kleid tanzen. Das Mieder ist transparent und mit schwarzer, floraler Spitze \u00fcberzogen, die einen aufregenden Kontrast und einen Hauch von Geheimnis bietet. Der tiefe Ausschnitt und der transparente R\u00fccken verleihen diesem Statement-Kleid einen sinnlichen Touch, ohne dabei an Klasse einzub\u00fc\u00dfen.","og_url":"https:\/\/www.koonings.com\/de\/product\/azuree-braut-ciska-526-0101\/","og_site_name":"Koonings","article_publisher":"https:\/\/www.facebook.com\/kooningstheweddingpalace","og_image":[{"width":1666,"height":2266,"url":"https:\/\/www.koonings.com\/wp-content\/uploads\/2025\/09\/51525_166136645a40f11ce01ed765f619b5dfc033fc0fdd767cad5ca419803beb3aa6ed7e5978.jpeg","type":"image\/jpeg"}],"twitter_card":"summary_large_image","schema":{"@context":"https:\/\/schema.org","@graph":[{"@type":"WebPage","@id":"https:\/\/www.koonings.com\/de\/product\/azuree-braut-ciska-526-0101\/","url":"https:\/\/www.koonings.com\/de\/product\/azuree-braut-ciska-526-0101\/","name":"Azuree Braut Ciska 526.0101 | Koonings","isPartOf":{"@id":"https:\/\/www.koonings.com\/de\/#website"},"primaryImageOfPage":{"@id":"https:\/\/www.koonings.com\/de\/product\/azuree-braut-ciska-526-0101\/#primaryimage"},"image":{"@id":"https:\/\/www.koonings.com\/de\/product\/azuree-braut-ciska-526-0101\/#primaryimage"},"thumbnailUrl":"https:\/\/www.koonings.com\/wp-content\/uploads\/2025\/09\/51525_166136645a40f11ce01ed765f619b5dfc033fc0fdd767cad5ca419803beb3aa6ed7e5978.jpeg","datePublished":"2026-04-28T16:40:50+00:00","description":"Wagen Sie es, anders zu sein mit dem Modell Ciska - ein spektakul\u00e4res Ballkleid, das zeitlose Eleganz mit einem k\u00fchnen, modernen Twist kombiniert. Der mehrlagige Rock aus dezent schimmerndem T\u00fcll in Graut\u00f6nen ist mit tiefschwarzen Spitzenapplikationen verziert, die wie ein Kunstwerk \u00fcber das Kleid tanzen. Das Mieder ist transparent und mit schwarzer, floraler Spitze \u00fcberzogen, die einen aufregenden Kontrast und einen Hauch von Geheimnis bietet. Der tiefe Ausschnitt und der transparente R\u00fccken verleihen diesem Statement-Kleid einen sinnlichen Touch, ohne dabei an Klasse einzub\u00fc\u00dfen.","breadcrumb":{"@id":"https:\/\/www.koonings.com\/de\/product\/azuree-braut-ciska-526-0101\/#breadcrumb"},"inLanguage":"de","potentialAction":[{"@type":"ReadAction","target":["https:\/\/www.koonings.com\/de\/product\/azuree-braut-ciska-526-0101\/"]}]},{"@type":"ImageObject","inLanguage":"de","@id":"https:\/\/www.koonings.com\/de\/product\/azuree-braut-ciska-526-0101\/#primaryimage","url":"https:\/\/www.koonings.com\/wp-content\/uploads\/2025\/09\/51525_166136645a40f11ce01ed765f619b5dfc033fc0fdd767cad5ca419803beb3aa6ed7e5978.jpeg","contentUrl":"https:\/\/www.koonings.com\/wp-content\/uploads\/2025\/09\/51525_166136645a40f11ce01ed765f619b5dfc033fc0fdd767cad5ca419803beb3aa6ed7e5978.jpeg","width":1666,"height":2266},{"@type":"BreadcrumbList","@id":"https:\/\/www.koonings.com\/de\/product\/azuree-braut-ciska-526-0101\/#breadcrumb","itemListElement":[{"@type":"ListItem","position":1,"name":"Home","item":"https:\/\/www.koonings.com\/de\/"},{"@type":"ListItem","position":2,"name":"Azuree Braut Ciska 526.0101"}]},{"@type":"WebSite","@id":"https:\/\/www.koonings.com\/de\/#website","url":"https:\/\/www.koonings.com\/de\/","name":"Koonings","description":"De grootste bruidsmodewinkel ter wereld","publisher":{"@id":"https:\/\/www.koonings.com\/de\/#organization"},"potentialAction":[{"@type":"SearchAction","target":{"@type":"EntryPoint","urlTemplate":"https:\/\/www.koonings.com\/de\/?s={search_term_string}"},"query-input":{"@type":"PropertyValueSpecification","valueRequired":true,"valueName":"search_term_string"}}],"inLanguage":"de"},{"@type":"Organization","@id":"https:\/\/www.koonings.com\/de\/#organization","name":"Koonings","url":"https:\/\/www.koonings.com\/de\/","logo":{"@type":"ImageObject","inLanguage":"de","@id":"https:\/\/www.koonings.com\/de\/#\/schema\/logo\/image\/","url":"https:\/\/www.koonings.com\/wp-content\/uploads\/2024\/07\/logo.png","contentUrl":"https:\/\/www.koonings.com\/wp-content\/uploads\/2024\/07\/logo.png","width":600,"height":428,"caption":"Koonings"},"image":{"@id":"https:\/\/www.koonings.com\/de\/#\/schema\/logo\/image\/"},"sameAs":["https:\/\/www.facebook.com\/kooningstheweddingpalace","https:\/\/www.instagram.com\/kooningstheweddingpalace","https:\/\/www.pinterest.com\/koonings","https:\/\/www.youtube.com\/kooningstheweddingpalace"]}]}},"_links":{"self":[{"href":"https:\/\/www.koonings.com\/de\/wp-json\/wp\/v2\/product\/93731","targetHints":{"allow":["GET"]}}],"collection":[{"href":"https:\/\/www.koonings.com\/de\/wp-json\/wp\/v2\/product"}],"about":[{"href":"https:\/\/www.koonings.com\/de\/wp-json\/wp\/v2\/types\/product"}],"wp:featuredmedia":[{"embeddable":true,"href":"https:\/\/www.koonings.com\/de\/wp-json\/wp\/v2\/media\/92263"}],"wp:attachment":[{"href":"https:\/\/www.koonings.com\/de\/wp-json\/wp\/v2\/media?parent=93731"}],"wp:term":[{"taxonomy":"productdetails","embeddable":true,"href":"https:\/\/www.koonings.com\/de\/wp-json\/wp\/v2\/productdetails?post=93731"},{"taxonomy":"productneck","embeddable":true,"href":"https:\/\/www.koonings.com\/de\/wp-json\/wp\/v2\/productneck?post=93731"},{"taxonomy":"productcolor","embeddable":true,"href":"https:\/\/www.koonings.com\/de\/wp-json\/wp\/v2\/productcolor?post=93731"},{"taxonomy":"maat","embeddable":true,"href":"https:\/\/www.koonings.com\/de\/wp-json\/wp\/v2\/maat?post=93731"},{"taxonomy":"productsupplier","embeddable":true,"href":"https:\/\/www.koonings.com\/de\/wp-json\/wp\/v2\/productsupplier?post=93731"},{"taxonomy":"productsleeve","embeddable":true,"href":"https:\/\/www.koonings.com\/de\/wp-json\/wp\/v2\/productsleeve?post=93731"},{"taxonomy":"productcategory","embeddable":true,"href":"https:\/\/www.koonings.com\/de\/wp-json\/wp\/v2\/productcategory?post=93731"},{"taxonomy":"productsilhouette","embeddable":true,"href":"https:\/\/www.koonings.com\/de\/wp-json\/wp\/v2\/productsilhouette?post=93731"},{"taxonomy":"productstyle","embeddable":true,"href":"https:\/\/www.koonings.com\/de\/wp-json\/wp\/v2\/productstyle?post=93731"}],"curies":[{"name":"wp","href":"https:\/\/api.w.org\/{rel}","templated":true}]}}