{"id":93727,"date":"2026-04-14T16:42:39","date_gmt":"2026-04-14T14:42:39","guid":{"rendered":"https:\/\/www.koonings.com\/product\/azuree-braut-klee-526-0121\/"},"modified":"2026-02-17T12:54:10","modified_gmt":"2026-02-17T11:54:10","slug":"azuree-braut-klee-526-0121","status":"publish","type":"product","link":"https:\/\/www.koonings.com\/de\/product\/azuree-braut-klee-526-0121\/","title":{"rendered":"Azuree Braut Klee 526.0121"},"content":{"rendered":"<p>Das Hochzeitskleid Clover von Azuree Bridal ist f\u00fcr die moderne Braut gemacht, die Klassik mit einem ausgefallenen Touch kombinieren m\u00f6chte. Der elfenbeinwei\u00dfe Chiffonrock f\u00e4llt luftig und get\u00e4felt bis zum Boden, w\u00e4hrend das Mieder mit schwarzen Spitzenapplikationen, die sich anmutig von dem hellen Hintergrund abheben, ein echter Blickfang ist. Der tiefe, herzf\u00f6rmige Ausschnitt und die schulterfreien Tr\u00e4ger sorgen f\u00fcr einen romantischen und doch verf\u00fchrerischen Look. Dieses Kleid strahlt Charakter, Weiblichkeit und Selbstbewusstsein aus &#8211; perfekt f\u00fcr Br\u00e4ute, die eine modische Silhouette suchen, ohne auf Eleganz zu verzichten.   <\/p>\n","protected":false},"featured_media":92275,"template":"","meta":{"_acf_changed":false,"ghostkit_customizer_options":"","ghostkit_custom_css":"","ghostkit_custom_js_head":"","ghostkit_custom_js_foot":"","ghostkit_typography":""},"productdetails":[376],"productneck":[355],"productcolor":[394],"maat":[],"productsupplier":[533],"productsleeve":[359,363],"productcategory":[18],"productsilhouette":[384,389],"productstyle":[369,371,366],"class_list":["post-93727","product","type-product","status-publish","has-post-thumbnail","hentry","productdetails-376","productneck-355","productcolor-394","productsupplier-azuree-bridal","productsleeve-359","productsleeve-363","productcategory-trouwjurken","productsilhouette-384","productsilhouette-389","productstyle-369","productstyle-371","productstyle-366"],"acf":[],"yoast_head":"<!-- This site is optimized with the Yoast SEO plugin v27.3 - https:\/\/yoast.com\/product\/yoast-seo-wordpress\/ -->\n<title>Azuree Braut Klee 526.0121 | Koonings<\/title>\n<meta name=\"description\" content=\"Das Hochzeitskleid Clover von Azuree Bridal ist f\u00fcr die moderne Braut gemacht, die Klassik mit einem ausgefallenen Touch kombinieren m\u00f6chte. Der elfenbeinwei\u00dfe Chiffonrock f\u00e4llt luftig und get\u00e4felt bis zum Boden, w\u00e4hrend das Mieder mit schwarzen Spitzenapplikationen, die sich anmutig von dem hellen Hintergrund abheben, ein echter Blickfang ist. Der tiefe, herzf\u00f6rmige Ausschnitt und die schulterfreien Tr\u00e4ger sorgen f\u00fcr einen romantischen und doch verf\u00fchrerischen Look. Dieses Kleid strahlt Charakter, Weiblichkeit und Selbstbewusstsein aus - perfekt f\u00fcr Br\u00e4ute, die eine modische Silhouette suchen, ohne auf Eleganz zu verzichten.\" \/>\n<meta name=\"robots\" content=\"index, follow, max-snippet:-1, max-image-preview:large, max-video-preview:-1\" \/>\n<link rel=\"canonical\" href=\"https:\/\/www.koonings.com\/de\/product\/azuree-braut-klee-526-0121\/\" \/>\n<meta property=\"og:locale\" content=\"de_DE\" \/>\n<meta property=\"og:type\" content=\"article\" \/>\n<meta property=\"og:title\" content=\"Azuree Braut Klee 526.0121 | Koonings\" \/>\n<meta property=\"og:description\" content=\"Das Hochzeitskleid Clover von Azuree Bridal ist f\u00fcr die moderne Braut gemacht, die Klassik mit einem ausgefallenen Touch kombinieren m\u00f6chte. Der elfenbeinwei\u00dfe Chiffonrock f\u00e4llt luftig und get\u00e4felt bis zum Boden, w\u00e4hrend das Mieder mit schwarzen Spitzenapplikationen, die sich anmutig von dem hellen Hintergrund abheben, ein echter Blickfang ist. Der tiefe, herzf\u00f6rmige Ausschnitt und die schulterfreien Tr\u00e4ger sorgen f\u00fcr einen romantischen und doch verf\u00fchrerischen Look. Dieses Kleid strahlt Charakter, Weiblichkeit und Selbstbewusstsein aus - perfekt f\u00fcr Br\u00e4ute, die eine modische Silhouette suchen, ohne auf Eleganz zu verzichten.\" \/>\n<meta property=\"og:url\" content=\"https:\/\/www.koonings.com\/de\/product\/azuree-braut-klee-526-0121\/\" \/>\n<meta property=\"og:site_name\" content=\"Koonings\" \/>\n<meta property=\"article:publisher\" content=\"https:\/\/www.facebook.com\/kooningstheweddingpalace\" \/>\n<meta property=\"og:image\" content=\"https:\/\/www.koonings.com\/wp-content\/uploads\/2025\/09\/51526_dcfb65a29063f2b012c3f0213e7d9ff3b646449470199c3d3dd4dc567d67c284899296c5.jpeg\" \/>\n\t<meta property=\"og:image:width\" content=\"1516\" \/>\n\t<meta property=\"og:image:height\" content=\"2377\" \/>\n\t<meta property=\"og:image:type\" content=\"image\/jpeg\" \/>\n<meta name=\"twitter:card\" content=\"summary_large_image\" \/>\n<script type=\"application\/ld+json\" class=\"yoast-schema-graph\">{\"@context\":\"https:\\\/\\\/schema.org\",\"@graph\":[{\"@type\":\"WebPage\",\"@id\":\"https:\\\/\\\/www.koonings.com\\\/de\\\/product\\\/azuree-braut-klee-526-0121\\\/\",\"url\":\"https:\\\/\\\/www.koonings.com\\\/de\\\/product\\\/azuree-braut-klee-526-0121\\\/\",\"name\":\"Azuree Braut Klee 526.0121 | Koonings\",\"isPartOf\":{\"@id\":\"https:\\\/\\\/www.koonings.com\\\/de\\\/#website\"},\"primaryImageOfPage\":{\"@id\":\"https:\\\/\\\/www.koonings.com\\\/de\\\/product\\\/azuree-braut-klee-526-0121\\\/#primaryimage\"},\"image\":{\"@id\":\"https:\\\/\\\/www.koonings.com\\\/de\\\/product\\\/azuree-braut-klee-526-0121\\\/#primaryimage\"},\"thumbnailUrl\":\"https:\\\/\\\/www.koonings.com\\\/wp-content\\\/uploads\\\/2025\\\/09\\\/51526_dcfb65a29063f2b012c3f0213e7d9ff3b646449470199c3d3dd4dc567d67c284899296c5.jpeg\",\"datePublished\":\"2026-04-14T14:42:39+00:00\",\"description\":\"Das Hochzeitskleid Clover von Azuree Bridal ist f\u00fcr die moderne Braut gemacht, die Klassik mit einem ausgefallenen Touch kombinieren m\u00f6chte. Der elfenbeinwei\u00dfe Chiffonrock f\u00e4llt luftig und get\u00e4felt bis zum Boden, w\u00e4hrend das Mieder mit schwarzen Spitzenapplikationen, die sich anmutig von dem hellen Hintergrund abheben, ein echter Blickfang ist. Der tiefe, herzf\u00f6rmige Ausschnitt und die schulterfreien Tr\u00e4ger sorgen f\u00fcr einen romantischen und doch verf\u00fchrerischen Look. Dieses Kleid strahlt Charakter, Weiblichkeit und Selbstbewusstsein aus - perfekt f\u00fcr Br\u00e4ute, die eine modische Silhouette suchen, ohne auf Eleganz zu verzichten.\",\"breadcrumb\":{\"@id\":\"https:\\\/\\\/www.koonings.com\\\/de\\\/product\\\/azuree-braut-klee-526-0121\\\/#breadcrumb\"},\"inLanguage\":\"de\",\"potentialAction\":[{\"@type\":\"ReadAction\",\"target\":[\"https:\\\/\\\/www.koonings.com\\\/de\\\/product\\\/azuree-braut-klee-526-0121\\\/\"]}]},{\"@type\":\"ImageObject\",\"inLanguage\":\"de\",\"@id\":\"https:\\\/\\\/www.koonings.com\\\/de\\\/product\\\/azuree-braut-klee-526-0121\\\/#primaryimage\",\"url\":\"https:\\\/\\\/www.koonings.com\\\/wp-content\\\/uploads\\\/2025\\\/09\\\/51526_dcfb65a29063f2b012c3f0213e7d9ff3b646449470199c3d3dd4dc567d67c284899296c5.jpeg\",\"contentUrl\":\"https:\\\/\\\/www.koonings.com\\\/wp-content\\\/uploads\\\/2025\\\/09\\\/51526_dcfb65a29063f2b012c3f0213e7d9ff3b646449470199c3d3dd4dc567d67c284899296c5.jpeg\",\"width\":1516,\"height\":2377},{\"@type\":\"BreadcrumbList\",\"@id\":\"https:\\\/\\\/www.koonings.com\\\/de\\\/product\\\/azuree-braut-klee-526-0121\\\/#breadcrumb\",\"itemListElement\":[{\"@type\":\"ListItem\",\"position\":1,\"name\":\"Home\",\"item\":\"https:\\\/\\\/www.koonings.com\\\/de\\\/\"},{\"@type\":\"ListItem\",\"position\":2,\"name\":\"Azuree Braut Klee 526.0121\"}]},{\"@type\":\"WebSite\",\"@id\":\"https:\\\/\\\/www.koonings.com\\\/de\\\/#website\",\"url\":\"https:\\\/\\\/www.koonings.com\\\/de\\\/\",\"name\":\"Koonings\",\"description\":\"De grootste bruidsmodewinkel ter wereld\",\"publisher\":{\"@id\":\"https:\\\/\\\/www.koonings.com\\\/de\\\/#organization\"},\"potentialAction\":[{\"@type\":\"SearchAction\",\"target\":{\"@type\":\"EntryPoint\",\"urlTemplate\":\"https:\\\/\\\/www.koonings.com\\\/de\\\/?s={search_term_string}\"},\"query-input\":{\"@type\":\"PropertyValueSpecification\",\"valueRequired\":true,\"valueName\":\"search_term_string\"}}],\"inLanguage\":\"de\"},{\"@type\":\"Organization\",\"@id\":\"https:\\\/\\\/www.koonings.com\\\/de\\\/#organization\",\"name\":\"Koonings\",\"url\":\"https:\\\/\\\/www.koonings.com\\\/de\\\/\",\"logo\":{\"@type\":\"ImageObject\",\"inLanguage\":\"de\",\"@id\":\"https:\\\/\\\/www.koonings.com\\\/de\\\/#\\\/schema\\\/logo\\\/image\\\/\",\"url\":\"https:\\\/\\\/www.koonings.com\\\/wp-content\\\/uploads\\\/2024\\\/07\\\/logo.png\",\"contentUrl\":\"https:\\\/\\\/www.koonings.com\\\/wp-content\\\/uploads\\\/2024\\\/07\\\/logo.png\",\"width\":600,\"height\":428,\"caption\":\"Koonings\"},\"image\":{\"@id\":\"https:\\\/\\\/www.koonings.com\\\/de\\\/#\\\/schema\\\/logo\\\/image\\\/\"},\"sameAs\":[\"https:\\\/\\\/www.facebook.com\\\/kooningstheweddingpalace\",\"https:\\\/\\\/www.instagram.com\\\/kooningstheweddingpalace\",\"https:\\\/\\\/www.pinterest.com\\\/koonings\",\"https:\\\/\\\/www.youtube.com\\\/kooningstheweddingpalace\"]}]}<\/script>\n<!-- \/ Yoast SEO plugin. -->","yoast_head_json":{"title":"Azuree Braut Klee 526.0121 | Koonings","description":"Das Hochzeitskleid Clover von Azuree Bridal ist f\u00fcr die moderne Braut gemacht, die Klassik mit einem ausgefallenen Touch kombinieren m\u00f6chte. Der elfenbeinwei\u00dfe Chiffonrock f\u00e4llt luftig und get\u00e4felt bis zum Boden, w\u00e4hrend das Mieder mit schwarzen Spitzenapplikationen, die sich anmutig von dem hellen Hintergrund abheben, ein echter Blickfang ist. Der tiefe, herzf\u00f6rmige Ausschnitt und die schulterfreien Tr\u00e4ger sorgen f\u00fcr einen romantischen und doch verf\u00fchrerischen Look. Dieses Kleid strahlt Charakter, Weiblichkeit und Selbstbewusstsein aus - perfekt f\u00fcr Br\u00e4ute, die eine modische Silhouette suchen, ohne auf Eleganz zu verzichten.","robots":{"index":"index","follow":"follow","max-snippet":"max-snippet:-1","max-image-preview":"max-image-preview:large","max-video-preview":"max-video-preview:-1"},"canonical":"https:\/\/www.koonings.com\/de\/product\/azuree-braut-klee-526-0121\/","og_locale":"de_DE","og_type":"article","og_title":"Azuree Braut Klee 526.0121 | Koonings","og_description":"Das Hochzeitskleid Clover von Azuree Bridal ist f\u00fcr die moderne Braut gemacht, die Klassik mit einem ausgefallenen Touch kombinieren m\u00f6chte. Der elfenbeinwei\u00dfe Chiffonrock f\u00e4llt luftig und get\u00e4felt bis zum Boden, w\u00e4hrend das Mieder mit schwarzen Spitzenapplikationen, die sich anmutig von dem hellen Hintergrund abheben, ein echter Blickfang ist. Der tiefe, herzf\u00f6rmige Ausschnitt und die schulterfreien Tr\u00e4ger sorgen f\u00fcr einen romantischen und doch verf\u00fchrerischen Look. Dieses Kleid strahlt Charakter, Weiblichkeit und Selbstbewusstsein aus - perfekt f\u00fcr Br\u00e4ute, die eine modische Silhouette suchen, ohne auf Eleganz zu verzichten.","og_url":"https:\/\/www.koonings.com\/de\/product\/azuree-braut-klee-526-0121\/","og_site_name":"Koonings","article_publisher":"https:\/\/www.facebook.com\/kooningstheweddingpalace","og_image":[{"width":1516,"height":2377,"url":"https:\/\/www.koonings.com\/wp-content\/uploads\/2025\/09\/51526_dcfb65a29063f2b012c3f0213e7d9ff3b646449470199c3d3dd4dc567d67c284899296c5.jpeg","type":"image\/jpeg"}],"twitter_card":"summary_large_image","schema":{"@context":"https:\/\/schema.org","@graph":[{"@type":"WebPage","@id":"https:\/\/www.koonings.com\/de\/product\/azuree-braut-klee-526-0121\/","url":"https:\/\/www.koonings.com\/de\/product\/azuree-braut-klee-526-0121\/","name":"Azuree Braut Klee 526.0121 | Koonings","isPartOf":{"@id":"https:\/\/www.koonings.com\/de\/#website"},"primaryImageOfPage":{"@id":"https:\/\/www.koonings.com\/de\/product\/azuree-braut-klee-526-0121\/#primaryimage"},"image":{"@id":"https:\/\/www.koonings.com\/de\/product\/azuree-braut-klee-526-0121\/#primaryimage"},"thumbnailUrl":"https:\/\/www.koonings.com\/wp-content\/uploads\/2025\/09\/51526_dcfb65a29063f2b012c3f0213e7d9ff3b646449470199c3d3dd4dc567d67c284899296c5.jpeg","datePublished":"2026-04-14T14:42:39+00:00","description":"Das Hochzeitskleid Clover von Azuree Bridal ist f\u00fcr die moderne Braut gemacht, die Klassik mit einem ausgefallenen Touch kombinieren m\u00f6chte. Der elfenbeinwei\u00dfe Chiffonrock f\u00e4llt luftig und get\u00e4felt bis zum Boden, w\u00e4hrend das Mieder mit schwarzen Spitzenapplikationen, die sich anmutig von dem hellen Hintergrund abheben, ein echter Blickfang ist. Der tiefe, herzf\u00f6rmige Ausschnitt und die schulterfreien Tr\u00e4ger sorgen f\u00fcr einen romantischen und doch verf\u00fchrerischen Look. Dieses Kleid strahlt Charakter, Weiblichkeit und Selbstbewusstsein aus - perfekt f\u00fcr Br\u00e4ute, die eine modische Silhouette suchen, ohne auf Eleganz zu verzichten.","breadcrumb":{"@id":"https:\/\/www.koonings.com\/de\/product\/azuree-braut-klee-526-0121\/#breadcrumb"},"inLanguage":"de","potentialAction":[{"@type":"ReadAction","target":["https:\/\/www.koonings.com\/de\/product\/azuree-braut-klee-526-0121\/"]}]},{"@type":"ImageObject","inLanguage":"de","@id":"https:\/\/www.koonings.com\/de\/product\/azuree-braut-klee-526-0121\/#primaryimage","url":"https:\/\/www.koonings.com\/wp-content\/uploads\/2025\/09\/51526_dcfb65a29063f2b012c3f0213e7d9ff3b646449470199c3d3dd4dc567d67c284899296c5.jpeg","contentUrl":"https:\/\/www.koonings.com\/wp-content\/uploads\/2025\/09\/51526_dcfb65a29063f2b012c3f0213e7d9ff3b646449470199c3d3dd4dc567d67c284899296c5.jpeg","width":1516,"height":2377},{"@type":"BreadcrumbList","@id":"https:\/\/www.koonings.com\/de\/product\/azuree-braut-klee-526-0121\/#breadcrumb","itemListElement":[{"@type":"ListItem","position":1,"name":"Home","item":"https:\/\/www.koonings.com\/de\/"},{"@type":"ListItem","position":2,"name":"Azuree Braut Klee 526.0121"}]},{"@type":"WebSite","@id":"https:\/\/www.koonings.com\/de\/#website","url":"https:\/\/www.koonings.com\/de\/","name":"Koonings","description":"De grootste bruidsmodewinkel ter wereld","publisher":{"@id":"https:\/\/www.koonings.com\/de\/#organization"},"potentialAction":[{"@type":"SearchAction","target":{"@type":"EntryPoint","urlTemplate":"https:\/\/www.koonings.com\/de\/?s={search_term_string}"},"query-input":{"@type":"PropertyValueSpecification","valueRequired":true,"valueName":"search_term_string"}}],"inLanguage":"de"},{"@type":"Organization","@id":"https:\/\/www.koonings.com\/de\/#organization","name":"Koonings","url":"https:\/\/www.koonings.com\/de\/","logo":{"@type":"ImageObject","inLanguage":"de","@id":"https:\/\/www.koonings.com\/de\/#\/schema\/logo\/image\/","url":"https:\/\/www.koonings.com\/wp-content\/uploads\/2024\/07\/logo.png","contentUrl":"https:\/\/www.koonings.com\/wp-content\/uploads\/2024\/07\/logo.png","width":600,"height":428,"caption":"Koonings"},"image":{"@id":"https:\/\/www.koonings.com\/de\/#\/schema\/logo\/image\/"},"sameAs":["https:\/\/www.facebook.com\/kooningstheweddingpalace","https:\/\/www.instagram.com\/kooningstheweddingpalace","https:\/\/www.pinterest.com\/koonings","https:\/\/www.youtube.com\/kooningstheweddingpalace"]}]}},"_links":{"self":[{"href":"https:\/\/www.koonings.com\/de\/wp-json\/wp\/v2\/product\/93727","targetHints":{"allow":["GET"]}}],"collection":[{"href":"https:\/\/www.koonings.com\/de\/wp-json\/wp\/v2\/product"}],"about":[{"href":"https:\/\/www.koonings.com\/de\/wp-json\/wp\/v2\/types\/product"}],"wp:featuredmedia":[{"embeddable":true,"href":"https:\/\/www.koonings.com\/de\/wp-json\/wp\/v2\/media\/92275"}],"wp:attachment":[{"href":"https:\/\/www.koonings.com\/de\/wp-json\/wp\/v2\/media?parent=93727"}],"wp:term":[{"taxonomy":"productdetails","embeddable":true,"href":"https:\/\/www.koonings.com\/de\/wp-json\/wp\/v2\/productdetails?post=93727"},{"taxonomy":"productneck","embeddable":true,"href":"https:\/\/www.koonings.com\/de\/wp-json\/wp\/v2\/productneck?post=93727"},{"taxonomy":"productcolor","embeddable":true,"href":"https:\/\/www.koonings.com\/de\/wp-json\/wp\/v2\/productcolor?post=93727"},{"taxonomy":"maat","embeddable":true,"href":"https:\/\/www.koonings.com\/de\/wp-json\/wp\/v2\/maat?post=93727"},{"taxonomy":"productsupplier","embeddable":true,"href":"https:\/\/www.koonings.com\/de\/wp-json\/wp\/v2\/productsupplier?post=93727"},{"taxonomy":"productsleeve","embeddable":true,"href":"https:\/\/www.koonings.com\/de\/wp-json\/wp\/v2\/productsleeve?post=93727"},{"taxonomy":"productcategory","embeddable":true,"href":"https:\/\/www.koonings.com\/de\/wp-json\/wp\/v2\/productcategory?post=93727"},{"taxonomy":"productsilhouette","embeddable":true,"href":"https:\/\/www.koonings.com\/de\/wp-json\/wp\/v2\/productsilhouette?post=93727"},{"taxonomy":"productstyle","embeddable":true,"href":"https:\/\/www.koonings.com\/de\/wp-json\/wp\/v2\/productstyle?post=93727"}],"curies":[{"name":"wp","href":"https:\/\/api.w.org\/{rel}","templated":true}]}}