{"id":93716,"date":"2026-04-28T18:36:11","date_gmt":"2026-04-28T16:36:11","guid":{"rendered":"https:\/\/www.koonings.com\/product\/waage-myra\/"},"modified":"2026-04-14T15:39:09","modified_gmt":"2026-04-14T13:39:09","slug":"waage-myra","status":"publish","type":"product","link":"https:\/\/www.koonings.com\/de\/product\/waage-myra\/","title":{"rendered":"Waage Myra"},"content":{"rendered":"<p>Das Myra Kleid ist ein bezauberndes Kleid aus Spitze in Passform und Faltenwurf mit einem schmeichelhaften V-Ausschnitt und einem offenen R\u00fccken, der f\u00fcr einen Hauch von Verf\u00fchrung sorgt. Die kapellenlange Schleppe flie\u00dft elegant nach hinten und macht es zu einer zeitlosen Wahl f\u00fcr die moderne romantische Braut. <\/p>\n","protected":false},"featured_media":93482,"template":"","meta":{"_acf_changed":false,"ghostkit_customizer_options":"","ghostkit_custom_css":"","ghostkit_custom_js_head":"","ghostkit_custom_js_foot":"","ghostkit_typography":""},"productdetails":[376],"productneck":[356],"productcolor":[393,392],"maat":[],"productsupplier":[428],"productsleeve":[359],"productcategory":[18],"productsilhouette":[387],"productstyle":[371,366],"class_list":["post-93716","product","type-product","status-publish","has-post-thumbnail","hentry","productdetails-376","productneck-356","productcolor-393","productcolor-392","productsupplier-libelle","productsleeve-359","productcategory-trouwjurken","productsilhouette-387","productstyle-371","productstyle-366"],"acf":[],"yoast_head":"<!-- This site is optimized with the Yoast SEO plugin v27.3 - https:\/\/yoast.com\/product\/yoast-seo-wordpress\/ -->\n<title>Waage Myra | Koonings<\/title>\n<meta name=\"description\" content=\"Das Myra Kleid ist ein bezauberndes Kleid aus Spitze in Passform und Faltenwurf mit einem schmeichelhaften V-Ausschnitt und einem offenen R\u00fccken, der f\u00fcr einen Hauch von Verf\u00fchrung sorgt. Die kapellenlange Schleppe flie\u00dft elegant nach hinten und macht es zu einer zeitlosen Wahl f\u00fcr die moderne romantische Braut.\" \/>\n<meta name=\"robots\" content=\"index, follow, max-snippet:-1, max-image-preview:large, max-video-preview:-1\" \/>\n<link rel=\"canonical\" href=\"https:\/\/www.koonings.com\/de\/product\/waage-myra\/\" \/>\n<meta property=\"og:locale\" content=\"de_DE\" \/>\n<meta property=\"og:type\" content=\"article\" \/>\n<meta property=\"og:title\" content=\"Waage Myra | Koonings\" \/>\n<meta property=\"og:description\" content=\"Das Myra Kleid ist ein bezauberndes Kleid aus Spitze in Passform und Faltenwurf mit einem schmeichelhaften V-Ausschnitt und einem offenen R\u00fccken, der f\u00fcr einen Hauch von Verf\u00fchrung sorgt. Die kapellenlange Schleppe flie\u00dft elegant nach hinten und macht es zu einer zeitlosen Wahl f\u00fcr die moderne romantische Braut.\" \/>\n<meta property=\"og:url\" content=\"https:\/\/www.koonings.com\/de\/product\/waage-myra\/\" \/>\n<meta property=\"og:site_name\" content=\"Koonings\" \/>\n<meta property=\"article:publisher\" content=\"https:\/\/www.facebook.com\/kooningstheweddingpalace\" \/>\n<meta property=\"og:image\" content=\"https:\/\/www.koonings.com\/wp-content\/uploads\/2025\/09\/51109_b6ae4cd40e0d908152628ee22d78cfef37fc0e174aa1fdc1a1d774335b082c3477d78200.jpeg\" \/>\n\t<meta property=\"og:image:width\" content=\"1358\" \/>\n\t<meta property=\"og:image:height\" content=\"1921\" \/>\n\t<meta property=\"og:image:type\" content=\"image\/jpeg\" \/>\n<meta name=\"twitter:card\" content=\"summary_large_image\" \/>\n<script type=\"application\/ld+json\" class=\"yoast-schema-graph\">{\"@context\":\"https:\\\/\\\/schema.org\",\"@graph\":[{\"@type\":\"WebPage\",\"@id\":\"https:\\\/\\\/www.koonings.com\\\/de\\\/product\\\/waage-myra\\\/\",\"url\":\"https:\\\/\\\/www.koonings.com\\\/de\\\/product\\\/waage-myra\\\/\",\"name\":\"Waage Myra | Koonings\",\"isPartOf\":{\"@id\":\"https:\\\/\\\/www.koonings.com\\\/de\\\/#website\"},\"primaryImageOfPage\":{\"@id\":\"https:\\\/\\\/www.koonings.com\\\/de\\\/product\\\/waage-myra\\\/#primaryimage\"},\"image\":{\"@id\":\"https:\\\/\\\/www.koonings.com\\\/de\\\/product\\\/waage-myra\\\/#primaryimage\"},\"thumbnailUrl\":\"https:\\\/\\\/www.koonings.com\\\/wp-content\\\/uploads\\\/2025\\\/09\\\/51109_b6ae4cd40e0d908152628ee22d78cfef37fc0e174aa1fdc1a1d774335b082c3477d78200.jpeg\",\"datePublished\":\"2026-04-28T16:36:11+00:00\",\"description\":\"Das Myra Kleid ist ein bezauberndes Kleid aus Spitze in Passform und Faltenwurf mit einem schmeichelhaften V-Ausschnitt und einem offenen R\u00fccken, der f\u00fcr einen Hauch von Verf\u00fchrung sorgt. Die kapellenlange Schleppe flie\u00dft elegant nach hinten und macht es zu einer zeitlosen Wahl f\u00fcr die moderne romantische Braut.\",\"breadcrumb\":{\"@id\":\"https:\\\/\\\/www.koonings.com\\\/de\\\/product\\\/waage-myra\\\/#breadcrumb\"},\"inLanguage\":\"de\",\"potentialAction\":[{\"@type\":\"ReadAction\",\"target\":[\"https:\\\/\\\/www.koonings.com\\\/de\\\/product\\\/waage-myra\\\/\"]}]},{\"@type\":\"ImageObject\",\"inLanguage\":\"de\",\"@id\":\"https:\\\/\\\/www.koonings.com\\\/de\\\/product\\\/waage-myra\\\/#primaryimage\",\"url\":\"https:\\\/\\\/www.koonings.com\\\/wp-content\\\/uploads\\\/2025\\\/09\\\/51109_b6ae4cd40e0d908152628ee22d78cfef37fc0e174aa1fdc1a1d774335b082c3477d78200.jpeg\",\"contentUrl\":\"https:\\\/\\\/www.koonings.com\\\/wp-content\\\/uploads\\\/2025\\\/09\\\/51109_b6ae4cd40e0d908152628ee22d78cfef37fc0e174aa1fdc1a1d774335b082c3477d78200.jpeg\",\"width\":1358,\"height\":1921},{\"@type\":\"BreadcrumbList\",\"@id\":\"https:\\\/\\\/www.koonings.com\\\/de\\\/product\\\/waage-myra\\\/#breadcrumb\",\"itemListElement\":[{\"@type\":\"ListItem\",\"position\":1,\"name\":\"Home\",\"item\":\"https:\\\/\\\/www.koonings.com\\\/de\\\/\"},{\"@type\":\"ListItem\",\"position\":2,\"name\":\"Waage Myra\"}]},{\"@type\":\"WebSite\",\"@id\":\"https:\\\/\\\/www.koonings.com\\\/de\\\/#website\",\"url\":\"https:\\\/\\\/www.koonings.com\\\/de\\\/\",\"name\":\"Koonings\",\"description\":\"De grootste bruidsmodewinkel ter wereld\",\"publisher\":{\"@id\":\"https:\\\/\\\/www.koonings.com\\\/de\\\/#organization\"},\"potentialAction\":[{\"@type\":\"SearchAction\",\"target\":{\"@type\":\"EntryPoint\",\"urlTemplate\":\"https:\\\/\\\/www.koonings.com\\\/de\\\/?s={search_term_string}\"},\"query-input\":{\"@type\":\"PropertyValueSpecification\",\"valueRequired\":true,\"valueName\":\"search_term_string\"}}],\"inLanguage\":\"de\"},{\"@type\":\"Organization\",\"@id\":\"https:\\\/\\\/www.koonings.com\\\/de\\\/#organization\",\"name\":\"Koonings\",\"url\":\"https:\\\/\\\/www.koonings.com\\\/de\\\/\",\"logo\":{\"@type\":\"ImageObject\",\"inLanguage\":\"de\",\"@id\":\"https:\\\/\\\/www.koonings.com\\\/de\\\/#\\\/schema\\\/logo\\\/image\\\/\",\"url\":\"https:\\\/\\\/www.koonings.com\\\/wp-content\\\/uploads\\\/2024\\\/07\\\/logo.png\",\"contentUrl\":\"https:\\\/\\\/www.koonings.com\\\/wp-content\\\/uploads\\\/2024\\\/07\\\/logo.png\",\"width\":600,\"height\":428,\"caption\":\"Koonings\"},\"image\":{\"@id\":\"https:\\\/\\\/www.koonings.com\\\/de\\\/#\\\/schema\\\/logo\\\/image\\\/\"},\"sameAs\":[\"https:\\\/\\\/www.facebook.com\\\/kooningstheweddingpalace\",\"https:\\\/\\\/www.instagram.com\\\/kooningstheweddingpalace\",\"https:\\\/\\\/www.pinterest.com\\\/koonings\",\"https:\\\/\\\/www.youtube.com\\\/kooningstheweddingpalace\"]}]}<\/script>\n<!-- \/ Yoast SEO plugin. -->","yoast_head_json":{"title":"Waage Myra | Koonings","description":"Das Myra Kleid ist ein bezauberndes Kleid aus Spitze in Passform und Faltenwurf mit einem schmeichelhaften V-Ausschnitt und einem offenen R\u00fccken, der f\u00fcr einen Hauch von Verf\u00fchrung sorgt. Die kapellenlange Schleppe flie\u00dft elegant nach hinten und macht es zu einer zeitlosen Wahl f\u00fcr die moderne romantische Braut.","robots":{"index":"index","follow":"follow","max-snippet":"max-snippet:-1","max-image-preview":"max-image-preview:large","max-video-preview":"max-video-preview:-1"},"canonical":"https:\/\/www.koonings.com\/de\/product\/waage-myra\/","og_locale":"de_DE","og_type":"article","og_title":"Waage Myra | Koonings","og_description":"Das Myra Kleid ist ein bezauberndes Kleid aus Spitze in Passform und Faltenwurf mit einem schmeichelhaften V-Ausschnitt und einem offenen R\u00fccken, der f\u00fcr einen Hauch von Verf\u00fchrung sorgt. Die kapellenlange Schleppe flie\u00dft elegant nach hinten und macht es zu einer zeitlosen Wahl f\u00fcr die moderne romantische Braut.","og_url":"https:\/\/www.koonings.com\/de\/product\/waage-myra\/","og_site_name":"Koonings","article_publisher":"https:\/\/www.facebook.com\/kooningstheweddingpalace","og_image":[{"width":1358,"height":1921,"url":"https:\/\/www.koonings.com\/wp-content\/uploads\/2025\/09\/51109_b6ae4cd40e0d908152628ee22d78cfef37fc0e174aa1fdc1a1d774335b082c3477d78200.jpeg","type":"image\/jpeg"}],"twitter_card":"summary_large_image","schema":{"@context":"https:\/\/schema.org","@graph":[{"@type":"WebPage","@id":"https:\/\/www.koonings.com\/de\/product\/waage-myra\/","url":"https:\/\/www.koonings.com\/de\/product\/waage-myra\/","name":"Waage Myra | Koonings","isPartOf":{"@id":"https:\/\/www.koonings.com\/de\/#website"},"primaryImageOfPage":{"@id":"https:\/\/www.koonings.com\/de\/product\/waage-myra\/#primaryimage"},"image":{"@id":"https:\/\/www.koonings.com\/de\/product\/waage-myra\/#primaryimage"},"thumbnailUrl":"https:\/\/www.koonings.com\/wp-content\/uploads\/2025\/09\/51109_b6ae4cd40e0d908152628ee22d78cfef37fc0e174aa1fdc1a1d774335b082c3477d78200.jpeg","datePublished":"2026-04-28T16:36:11+00:00","description":"Das Myra Kleid ist ein bezauberndes Kleid aus Spitze in Passform und Faltenwurf mit einem schmeichelhaften V-Ausschnitt und einem offenen R\u00fccken, der f\u00fcr einen Hauch von Verf\u00fchrung sorgt. Die kapellenlange Schleppe flie\u00dft elegant nach hinten und macht es zu einer zeitlosen Wahl f\u00fcr die moderne romantische Braut.","breadcrumb":{"@id":"https:\/\/www.koonings.com\/de\/product\/waage-myra\/#breadcrumb"},"inLanguage":"de","potentialAction":[{"@type":"ReadAction","target":["https:\/\/www.koonings.com\/de\/product\/waage-myra\/"]}]},{"@type":"ImageObject","inLanguage":"de","@id":"https:\/\/www.koonings.com\/de\/product\/waage-myra\/#primaryimage","url":"https:\/\/www.koonings.com\/wp-content\/uploads\/2025\/09\/51109_b6ae4cd40e0d908152628ee22d78cfef37fc0e174aa1fdc1a1d774335b082c3477d78200.jpeg","contentUrl":"https:\/\/www.koonings.com\/wp-content\/uploads\/2025\/09\/51109_b6ae4cd40e0d908152628ee22d78cfef37fc0e174aa1fdc1a1d774335b082c3477d78200.jpeg","width":1358,"height":1921},{"@type":"BreadcrumbList","@id":"https:\/\/www.koonings.com\/de\/product\/waage-myra\/#breadcrumb","itemListElement":[{"@type":"ListItem","position":1,"name":"Home","item":"https:\/\/www.koonings.com\/de\/"},{"@type":"ListItem","position":2,"name":"Waage Myra"}]},{"@type":"WebSite","@id":"https:\/\/www.koonings.com\/de\/#website","url":"https:\/\/www.koonings.com\/de\/","name":"Koonings","description":"De grootste bruidsmodewinkel ter wereld","publisher":{"@id":"https:\/\/www.koonings.com\/de\/#organization"},"potentialAction":[{"@type":"SearchAction","target":{"@type":"EntryPoint","urlTemplate":"https:\/\/www.koonings.com\/de\/?s={search_term_string}"},"query-input":{"@type":"PropertyValueSpecification","valueRequired":true,"valueName":"search_term_string"}}],"inLanguage":"de"},{"@type":"Organization","@id":"https:\/\/www.koonings.com\/de\/#organization","name":"Koonings","url":"https:\/\/www.koonings.com\/de\/","logo":{"@type":"ImageObject","inLanguage":"de","@id":"https:\/\/www.koonings.com\/de\/#\/schema\/logo\/image\/","url":"https:\/\/www.koonings.com\/wp-content\/uploads\/2024\/07\/logo.png","contentUrl":"https:\/\/www.koonings.com\/wp-content\/uploads\/2024\/07\/logo.png","width":600,"height":428,"caption":"Koonings"},"image":{"@id":"https:\/\/www.koonings.com\/de\/#\/schema\/logo\/image\/"},"sameAs":["https:\/\/www.facebook.com\/kooningstheweddingpalace","https:\/\/www.instagram.com\/kooningstheweddingpalace","https:\/\/www.pinterest.com\/koonings","https:\/\/www.youtube.com\/kooningstheweddingpalace"]}]}},"_links":{"self":[{"href":"https:\/\/www.koonings.com\/de\/wp-json\/wp\/v2\/product\/93716","targetHints":{"allow":["GET"]}}],"collection":[{"href":"https:\/\/www.koonings.com\/de\/wp-json\/wp\/v2\/product"}],"about":[{"href":"https:\/\/www.koonings.com\/de\/wp-json\/wp\/v2\/types\/product"}],"wp:featuredmedia":[{"embeddable":true,"href":"https:\/\/www.koonings.com\/de\/wp-json\/wp\/v2\/media\/93482"}],"wp:attachment":[{"href":"https:\/\/www.koonings.com\/de\/wp-json\/wp\/v2\/media?parent=93716"}],"wp:term":[{"taxonomy":"productdetails","embeddable":true,"href":"https:\/\/www.koonings.com\/de\/wp-json\/wp\/v2\/productdetails?post=93716"},{"taxonomy":"productneck","embeddable":true,"href":"https:\/\/www.koonings.com\/de\/wp-json\/wp\/v2\/productneck?post=93716"},{"taxonomy":"productcolor","embeddable":true,"href":"https:\/\/www.koonings.com\/de\/wp-json\/wp\/v2\/productcolor?post=93716"},{"taxonomy":"maat","embeddable":true,"href":"https:\/\/www.koonings.com\/de\/wp-json\/wp\/v2\/maat?post=93716"},{"taxonomy":"productsupplier","embeddable":true,"href":"https:\/\/www.koonings.com\/de\/wp-json\/wp\/v2\/productsupplier?post=93716"},{"taxonomy":"productsleeve","embeddable":true,"href":"https:\/\/www.koonings.com\/de\/wp-json\/wp\/v2\/productsleeve?post=93716"},{"taxonomy":"productcategory","embeddable":true,"href":"https:\/\/www.koonings.com\/de\/wp-json\/wp\/v2\/productcategory?post=93716"},{"taxonomy":"productsilhouette","embeddable":true,"href":"https:\/\/www.koonings.com\/de\/wp-json\/wp\/v2\/productsilhouette?post=93716"},{"taxonomy":"productstyle","embeddable":true,"href":"https:\/\/www.koonings.com\/de\/wp-json\/wp\/v2\/productstyle?post=93716"}],"curies":[{"name":"wp","href":"https:\/\/api.w.org\/{rel}","templated":true}]}}