{"id":93703,"date":"2026-04-28T18:38:40","date_gmt":"2026-04-28T16:38:40","guid":{"rendered":"https:\/\/www.koonings.com\/product\/rebecca-ingram-paige-25rs919a01-aermel-cs025rs919000\/"},"modified":"2026-02-17T12:20:18","modified_gmt":"2026-02-17T11:20:18","slug":"rebecca-ingram-paige-25rs919a01-aermel-cs025rs919000","status":"publish","type":"product","link":"https:\/\/www.koonings.com\/de\/product\/rebecca-ingram-paige-25rs919a01-aermel-cs025rs919000\/","title":{"rendered":"Rebecca Ingram Paige 25RS919A01 + \u00c4rmel CS025RS919000"},"content":{"rendered":"<p>F\u00fcr die Braut, die mit Glamour und Eleganz gl\u00e4nzen m\u00f6chte. Das Paige ist ein tr\u00e4gerloses Hochzeitskleid in A-Linie mit einer Baskettentaille und dezenten Pailletten, die bei jeder Bewegung funkeln. <\/p>\n<p>Die schmeichelhafte Passform betont Ihre Silhouette, w\u00e4hrend das funkelnde Detail einen modernen, festlichen Touch verleiht. Perfekt f\u00fcr eine Hochzeit voller Romantik und Glamour. <\/p>\n","protected":false},"featured_media":93076,"template":"","meta":{"_acf_changed":false,"ghostkit_customizer_options":"","ghostkit_custom_css":"","ghostkit_custom_js_head":"","ghostkit_custom_js_foot":"","ghostkit_typography":""},"productdetails":[379,381],"productneck":[354],"productcolor":[392],"maat":[],"productsupplier":[433],"productsleeve":[357],"productcategory":[18],"productsilhouette":[384],"productstyle":[366],"class_list":["post-93703","product","type-product","status-publish","has-post-thumbnail","hentry","productdetails-379","productdetails-381","productneck-354","productcolor-392","productsupplier-rebecca-ingram","productsleeve-357","productcategory-trouwjurken","productsilhouette-384","productstyle-366"],"acf":[],"yoast_head":"<!-- This site is optimized with the Yoast SEO plugin v27.3 - https:\/\/yoast.com\/product\/yoast-seo-wordpress\/ -->\n<title>Rebecca Ingram Paige 25RS919A01 + \u00c4rmel CS025RS919000 | Koonings<\/title>\n<meta name=\"description\" content=\"F\u00fcr die Braut, die mit Glamour und Eleganz gl\u00e4nzen m\u00f6chte. Das Paige ist ein tr\u00e4gerloses Hochzeitskleid in A-Linie mit einer Baskettentaille und dezenten Pailletten, die bei jeder Bewegung funkeln. Die schmeichelhafte Passform betont Ihre Silhouette, w\u00e4hrend das funkelnde Detail einen modernen, festlichen Touch verleiht. Perfekt f\u00fcr eine Hochzeit voller Romantik und Glamour.\" \/>\n<meta name=\"robots\" content=\"index, follow, max-snippet:-1, max-image-preview:large, max-video-preview:-1\" \/>\n<link rel=\"canonical\" href=\"https:\/\/www.koonings.com\/de\/product\/rebecca-ingram-paige-25rs919a01-aermel-cs025rs919000\/\" \/>\n<meta property=\"og:locale\" content=\"de_DE\" \/>\n<meta property=\"og:type\" content=\"article\" \/>\n<meta property=\"og:title\" content=\"Rebecca Ingram Paige 25RS919A01 + \u00c4rmel CS025RS919000 | Koonings\" \/>\n<meta property=\"og:description\" content=\"F\u00fcr die Braut, die mit Glamour und Eleganz gl\u00e4nzen m\u00f6chte. Das Paige ist ein tr\u00e4gerloses Hochzeitskleid in A-Linie mit einer Baskettentaille und dezenten Pailletten, die bei jeder Bewegung funkeln. Die schmeichelhafte Passform betont Ihre Silhouette, w\u00e4hrend das funkelnde Detail einen modernen, festlichen Touch verleiht. Perfekt f\u00fcr eine Hochzeit voller Romantik und Glamour.\" \/>\n<meta property=\"og:url\" content=\"https:\/\/www.koonings.com\/de\/product\/rebecca-ingram-paige-25rs919a01-aermel-cs025rs919000\/\" \/>\n<meta property=\"og:site_name\" content=\"Koonings\" \/>\n<meta property=\"article:publisher\" content=\"https:\/\/www.facebook.com\/kooningstheweddingpalace\" \/>\n<meta property=\"og:image\" content=\"https:\/\/www.koonings.com\/wp-content\/uploads\/2025\/09\/51307_b5f98ece077569f74db55d23618e739108bb1b51739b48ee37784e5094e8e0e679b1ff7b.jpeg\" \/>\n\t<meta property=\"og:image:width\" content=\"1440\" \/>\n\t<meta property=\"og:image:height\" content=\"1920\" \/>\n\t<meta property=\"og:image:type\" content=\"image\/jpeg\" \/>\n<meta name=\"twitter:card\" content=\"summary_large_image\" \/>\n<script type=\"application\/ld+json\" class=\"yoast-schema-graph\">{\"@context\":\"https:\\\/\\\/schema.org\",\"@graph\":[{\"@type\":\"WebPage\",\"@id\":\"https:\\\/\\\/www.koonings.com\\\/de\\\/product\\\/rebecca-ingram-paige-25rs919a01-aermel-cs025rs919000\\\/\",\"url\":\"https:\\\/\\\/www.koonings.com\\\/de\\\/product\\\/rebecca-ingram-paige-25rs919a01-aermel-cs025rs919000\\\/\",\"name\":\"Rebecca Ingram Paige 25RS919A01 + \u00c4rmel CS025RS919000 | Koonings\",\"isPartOf\":{\"@id\":\"https:\\\/\\\/www.koonings.com\\\/de\\\/#website\"},\"primaryImageOfPage\":{\"@id\":\"https:\\\/\\\/www.koonings.com\\\/de\\\/product\\\/rebecca-ingram-paige-25rs919a01-aermel-cs025rs919000\\\/#primaryimage\"},\"image\":{\"@id\":\"https:\\\/\\\/www.koonings.com\\\/de\\\/product\\\/rebecca-ingram-paige-25rs919a01-aermel-cs025rs919000\\\/#primaryimage\"},\"thumbnailUrl\":\"https:\\\/\\\/www.koonings.com\\\/wp-content\\\/uploads\\\/2025\\\/09\\\/51307_b5f98ece077569f74db55d23618e739108bb1b51739b48ee37784e5094e8e0e679b1ff7b.jpeg\",\"datePublished\":\"2026-04-28T16:38:40+00:00\",\"description\":\"F\u00fcr die Braut, die mit Glamour und Eleganz gl\u00e4nzen m\u00f6chte. Das Paige ist ein tr\u00e4gerloses Hochzeitskleid in A-Linie mit einer Baskettentaille und dezenten Pailletten, die bei jeder Bewegung funkeln. Die schmeichelhafte Passform betont Ihre Silhouette, w\u00e4hrend das funkelnde Detail einen modernen, festlichen Touch verleiht. Perfekt f\u00fcr eine Hochzeit voller Romantik und Glamour.\",\"breadcrumb\":{\"@id\":\"https:\\\/\\\/www.koonings.com\\\/de\\\/product\\\/rebecca-ingram-paige-25rs919a01-aermel-cs025rs919000\\\/#breadcrumb\"},\"inLanguage\":\"de\",\"potentialAction\":[{\"@type\":\"ReadAction\",\"target\":[\"https:\\\/\\\/www.koonings.com\\\/de\\\/product\\\/rebecca-ingram-paige-25rs919a01-aermel-cs025rs919000\\\/\"]}]},{\"@type\":\"ImageObject\",\"inLanguage\":\"de\",\"@id\":\"https:\\\/\\\/www.koonings.com\\\/de\\\/product\\\/rebecca-ingram-paige-25rs919a01-aermel-cs025rs919000\\\/#primaryimage\",\"url\":\"https:\\\/\\\/www.koonings.com\\\/wp-content\\\/uploads\\\/2025\\\/09\\\/51307_b5f98ece077569f74db55d23618e739108bb1b51739b48ee37784e5094e8e0e679b1ff7b.jpeg\",\"contentUrl\":\"https:\\\/\\\/www.koonings.com\\\/wp-content\\\/uploads\\\/2025\\\/09\\\/51307_b5f98ece077569f74db55d23618e739108bb1b51739b48ee37784e5094e8e0e679b1ff7b.jpeg\",\"width\":1440,\"height\":1920},{\"@type\":\"BreadcrumbList\",\"@id\":\"https:\\\/\\\/www.koonings.com\\\/de\\\/product\\\/rebecca-ingram-paige-25rs919a01-aermel-cs025rs919000\\\/#breadcrumb\",\"itemListElement\":[{\"@type\":\"ListItem\",\"position\":1,\"name\":\"Home\",\"item\":\"https:\\\/\\\/www.koonings.com\\\/de\\\/\"},{\"@type\":\"ListItem\",\"position\":2,\"name\":\"Rebecca Ingram Paige 25RS919A01 + \u00c4rmel CS025RS919000\"}]},{\"@type\":\"WebSite\",\"@id\":\"https:\\\/\\\/www.koonings.com\\\/de\\\/#website\",\"url\":\"https:\\\/\\\/www.koonings.com\\\/de\\\/\",\"name\":\"Koonings\",\"description\":\"De grootste bruidsmodewinkel ter wereld\",\"publisher\":{\"@id\":\"https:\\\/\\\/www.koonings.com\\\/de\\\/#organization\"},\"potentialAction\":[{\"@type\":\"SearchAction\",\"target\":{\"@type\":\"EntryPoint\",\"urlTemplate\":\"https:\\\/\\\/www.koonings.com\\\/de\\\/?s={search_term_string}\"},\"query-input\":{\"@type\":\"PropertyValueSpecification\",\"valueRequired\":true,\"valueName\":\"search_term_string\"}}],\"inLanguage\":\"de\"},{\"@type\":\"Organization\",\"@id\":\"https:\\\/\\\/www.koonings.com\\\/de\\\/#organization\",\"name\":\"Koonings\",\"url\":\"https:\\\/\\\/www.koonings.com\\\/de\\\/\",\"logo\":{\"@type\":\"ImageObject\",\"inLanguage\":\"de\",\"@id\":\"https:\\\/\\\/www.koonings.com\\\/de\\\/#\\\/schema\\\/logo\\\/image\\\/\",\"url\":\"https:\\\/\\\/www.koonings.com\\\/wp-content\\\/uploads\\\/2024\\\/07\\\/logo.png\",\"contentUrl\":\"https:\\\/\\\/www.koonings.com\\\/wp-content\\\/uploads\\\/2024\\\/07\\\/logo.png\",\"width\":600,\"height\":428,\"caption\":\"Koonings\"},\"image\":{\"@id\":\"https:\\\/\\\/www.koonings.com\\\/de\\\/#\\\/schema\\\/logo\\\/image\\\/\"},\"sameAs\":[\"https:\\\/\\\/www.facebook.com\\\/kooningstheweddingpalace\",\"https:\\\/\\\/www.instagram.com\\\/kooningstheweddingpalace\",\"https:\\\/\\\/www.pinterest.com\\\/koonings\",\"https:\\\/\\\/www.youtube.com\\\/kooningstheweddingpalace\"]}]}<\/script>\n<!-- \/ Yoast SEO plugin. -->","yoast_head_json":{"title":"Rebecca Ingram Paige 25RS919A01 + \u00c4rmel CS025RS919000 | Koonings","description":"F\u00fcr die Braut, die mit Glamour und Eleganz gl\u00e4nzen m\u00f6chte. Das Paige ist ein tr\u00e4gerloses Hochzeitskleid in A-Linie mit einer Baskettentaille und dezenten Pailletten, die bei jeder Bewegung funkeln. Die schmeichelhafte Passform betont Ihre Silhouette, w\u00e4hrend das funkelnde Detail einen modernen, festlichen Touch verleiht. Perfekt f\u00fcr eine Hochzeit voller Romantik und Glamour.","robots":{"index":"index","follow":"follow","max-snippet":"max-snippet:-1","max-image-preview":"max-image-preview:large","max-video-preview":"max-video-preview:-1"},"canonical":"https:\/\/www.koonings.com\/de\/product\/rebecca-ingram-paige-25rs919a01-aermel-cs025rs919000\/","og_locale":"de_DE","og_type":"article","og_title":"Rebecca Ingram Paige 25RS919A01 + \u00c4rmel CS025RS919000 | Koonings","og_description":"F\u00fcr die Braut, die mit Glamour und Eleganz gl\u00e4nzen m\u00f6chte. Das Paige ist ein tr\u00e4gerloses Hochzeitskleid in A-Linie mit einer Baskettentaille und dezenten Pailletten, die bei jeder Bewegung funkeln. Die schmeichelhafte Passform betont Ihre Silhouette, w\u00e4hrend das funkelnde Detail einen modernen, festlichen Touch verleiht. Perfekt f\u00fcr eine Hochzeit voller Romantik und Glamour.","og_url":"https:\/\/www.koonings.com\/de\/product\/rebecca-ingram-paige-25rs919a01-aermel-cs025rs919000\/","og_site_name":"Koonings","article_publisher":"https:\/\/www.facebook.com\/kooningstheweddingpalace","og_image":[{"width":1440,"height":1920,"url":"https:\/\/www.koonings.com\/wp-content\/uploads\/2025\/09\/51307_b5f98ece077569f74db55d23618e739108bb1b51739b48ee37784e5094e8e0e679b1ff7b.jpeg","type":"image\/jpeg"}],"twitter_card":"summary_large_image","schema":{"@context":"https:\/\/schema.org","@graph":[{"@type":"WebPage","@id":"https:\/\/www.koonings.com\/de\/product\/rebecca-ingram-paige-25rs919a01-aermel-cs025rs919000\/","url":"https:\/\/www.koonings.com\/de\/product\/rebecca-ingram-paige-25rs919a01-aermel-cs025rs919000\/","name":"Rebecca Ingram Paige 25RS919A01 + \u00c4rmel CS025RS919000 | Koonings","isPartOf":{"@id":"https:\/\/www.koonings.com\/de\/#website"},"primaryImageOfPage":{"@id":"https:\/\/www.koonings.com\/de\/product\/rebecca-ingram-paige-25rs919a01-aermel-cs025rs919000\/#primaryimage"},"image":{"@id":"https:\/\/www.koonings.com\/de\/product\/rebecca-ingram-paige-25rs919a01-aermel-cs025rs919000\/#primaryimage"},"thumbnailUrl":"https:\/\/www.koonings.com\/wp-content\/uploads\/2025\/09\/51307_b5f98ece077569f74db55d23618e739108bb1b51739b48ee37784e5094e8e0e679b1ff7b.jpeg","datePublished":"2026-04-28T16:38:40+00:00","description":"F\u00fcr die Braut, die mit Glamour und Eleganz gl\u00e4nzen m\u00f6chte. Das Paige ist ein tr\u00e4gerloses Hochzeitskleid in A-Linie mit einer Baskettentaille und dezenten Pailletten, die bei jeder Bewegung funkeln. Die schmeichelhafte Passform betont Ihre Silhouette, w\u00e4hrend das funkelnde Detail einen modernen, festlichen Touch verleiht. Perfekt f\u00fcr eine Hochzeit voller Romantik und Glamour.","breadcrumb":{"@id":"https:\/\/www.koonings.com\/de\/product\/rebecca-ingram-paige-25rs919a01-aermel-cs025rs919000\/#breadcrumb"},"inLanguage":"de","potentialAction":[{"@type":"ReadAction","target":["https:\/\/www.koonings.com\/de\/product\/rebecca-ingram-paige-25rs919a01-aermel-cs025rs919000\/"]}]},{"@type":"ImageObject","inLanguage":"de","@id":"https:\/\/www.koonings.com\/de\/product\/rebecca-ingram-paige-25rs919a01-aermel-cs025rs919000\/#primaryimage","url":"https:\/\/www.koonings.com\/wp-content\/uploads\/2025\/09\/51307_b5f98ece077569f74db55d23618e739108bb1b51739b48ee37784e5094e8e0e679b1ff7b.jpeg","contentUrl":"https:\/\/www.koonings.com\/wp-content\/uploads\/2025\/09\/51307_b5f98ece077569f74db55d23618e739108bb1b51739b48ee37784e5094e8e0e679b1ff7b.jpeg","width":1440,"height":1920},{"@type":"BreadcrumbList","@id":"https:\/\/www.koonings.com\/de\/product\/rebecca-ingram-paige-25rs919a01-aermel-cs025rs919000\/#breadcrumb","itemListElement":[{"@type":"ListItem","position":1,"name":"Home","item":"https:\/\/www.koonings.com\/de\/"},{"@type":"ListItem","position":2,"name":"Rebecca Ingram Paige 25RS919A01 + \u00c4rmel CS025RS919000"}]},{"@type":"WebSite","@id":"https:\/\/www.koonings.com\/de\/#website","url":"https:\/\/www.koonings.com\/de\/","name":"Koonings","description":"De grootste bruidsmodewinkel ter wereld","publisher":{"@id":"https:\/\/www.koonings.com\/de\/#organization"},"potentialAction":[{"@type":"SearchAction","target":{"@type":"EntryPoint","urlTemplate":"https:\/\/www.koonings.com\/de\/?s={search_term_string}"},"query-input":{"@type":"PropertyValueSpecification","valueRequired":true,"valueName":"search_term_string"}}],"inLanguage":"de"},{"@type":"Organization","@id":"https:\/\/www.koonings.com\/de\/#organization","name":"Koonings","url":"https:\/\/www.koonings.com\/de\/","logo":{"@type":"ImageObject","inLanguage":"de","@id":"https:\/\/www.koonings.com\/de\/#\/schema\/logo\/image\/","url":"https:\/\/www.koonings.com\/wp-content\/uploads\/2024\/07\/logo.png","contentUrl":"https:\/\/www.koonings.com\/wp-content\/uploads\/2024\/07\/logo.png","width":600,"height":428,"caption":"Koonings"},"image":{"@id":"https:\/\/www.koonings.com\/de\/#\/schema\/logo\/image\/"},"sameAs":["https:\/\/www.facebook.com\/kooningstheweddingpalace","https:\/\/www.instagram.com\/kooningstheweddingpalace","https:\/\/www.pinterest.com\/koonings","https:\/\/www.youtube.com\/kooningstheweddingpalace"]}]}},"_links":{"self":[{"href":"https:\/\/www.koonings.com\/de\/wp-json\/wp\/v2\/product\/93703","targetHints":{"allow":["GET"]}}],"collection":[{"href":"https:\/\/www.koonings.com\/de\/wp-json\/wp\/v2\/product"}],"about":[{"href":"https:\/\/www.koonings.com\/de\/wp-json\/wp\/v2\/types\/product"}],"wp:featuredmedia":[{"embeddable":true,"href":"https:\/\/www.koonings.com\/de\/wp-json\/wp\/v2\/media\/93076"}],"wp:attachment":[{"href":"https:\/\/www.koonings.com\/de\/wp-json\/wp\/v2\/media?parent=93703"}],"wp:term":[{"taxonomy":"productdetails","embeddable":true,"href":"https:\/\/www.koonings.com\/de\/wp-json\/wp\/v2\/productdetails?post=93703"},{"taxonomy":"productneck","embeddable":true,"href":"https:\/\/www.koonings.com\/de\/wp-json\/wp\/v2\/productneck?post=93703"},{"taxonomy":"productcolor","embeddable":true,"href":"https:\/\/www.koonings.com\/de\/wp-json\/wp\/v2\/productcolor?post=93703"},{"taxonomy":"maat","embeddable":true,"href":"https:\/\/www.koonings.com\/de\/wp-json\/wp\/v2\/maat?post=93703"},{"taxonomy":"productsupplier","embeddable":true,"href":"https:\/\/www.koonings.com\/de\/wp-json\/wp\/v2\/productsupplier?post=93703"},{"taxonomy":"productsleeve","embeddable":true,"href":"https:\/\/www.koonings.com\/de\/wp-json\/wp\/v2\/productsleeve?post=93703"},{"taxonomy":"productcategory","embeddable":true,"href":"https:\/\/www.koonings.com\/de\/wp-json\/wp\/v2\/productcategory?post=93703"},{"taxonomy":"productsilhouette","embeddable":true,"href":"https:\/\/www.koonings.com\/de\/wp-json\/wp\/v2\/productsilhouette?post=93703"},{"taxonomy":"productstyle","embeddable":true,"href":"https:\/\/www.koonings.com\/de\/wp-json\/wp\/v2\/productstyle?post=93703"}],"curies":[{"name":"wp","href":"https:\/\/api.w.org\/{rel}","templated":true}]}}