{"id":93696,"date":"2026-04-28T18:40:33","date_gmt":"2026-04-28T16:40:33","guid":{"rendered":"https:\/\/www.koonings.com\/product\/azuree-braut-anna-426-0242\/"},"modified":"2026-02-17T12:53:11","modified_gmt":"2026-02-17T11:53:11","slug":"azuree-braut-anna-426-0242","status":"publish","type":"product","link":"https:\/\/www.koonings.com\/de\/product\/azuree-braut-anna-426-0242\/","title":{"rendered":"Azuree Braut Anna 426.0242"},"content":{"rendered":"<p>Das Anna Hochzeitskleid ist ein wundersch\u00f6nes tr\u00e4gerloses Prinzessinnenkleid mit einem klassischen und zeitlosen Look. Der herzf\u00f6rmige Ausschnitt und das vollst\u00e4ndig gef\u00fctterte Mieder sorgen f\u00fcr einen perfekten Sitz und betonen die nat\u00fcrlichen Kurven der Braut. Die Spitzenapplikationen setzen sich am Rock fort und enden in einem Spitzenbesatz am Saum, der f\u00fcr einen eleganten und raffinierten Look sorgt. Das Anna Hochzeitskleid ist perfekt f\u00fcr eine Braut, die einen traditionellen Prinzessinnen-Look und ein romantisches Flair liebt. Die reichen Details und die wundersch\u00f6ne Spitze machen dieses Kleid ideal f\u00fcr eine m\u00e4rchenhafte Hochzeit, bei der sich die Braut wie eine echte Prinzessin f\u00fchlen m\u00f6chte.    <\/p>\n","protected":false},"featured_media":92475,"template":"","meta":{"_acf_changed":false,"ghostkit_customizer_options":"","ghostkit_custom_css":"","ghostkit_custom_js_head":"","ghostkit_custom_js_foot":"","ghostkit_typography":""},"productdetails":[376],"productneck":[354,355],"productcolor":[392],"maat":[],"productsupplier":[533],"productsleeve":[],"productcategory":[18],"productsilhouette":[388],"productstyle":[372,366],"class_list":["post-93696","product","type-product","status-publish","has-post-thumbnail","hentry","productdetails-376","productneck-354","productneck-355","productcolor-392","productsupplier-azuree-bridal","productcategory-trouwjurken","productsilhouette-388","productstyle-372","productstyle-366"],"acf":[],"yoast_head":"<!-- This site is optimized with the Yoast SEO plugin v27.3 - https:\/\/yoast.com\/product\/yoast-seo-wordpress\/ -->\n<title>Azuree Braut Anna 426.0242 | Koonings<\/title>\n<meta name=\"description\" content=\"Das Anna Hochzeitskleid ist ein wundersch\u00f6nes tr\u00e4gerloses Prinzessinnenkleid mit einem klassischen und zeitlosen Look. Der herzf\u00f6rmige Ausschnitt und das vollst\u00e4ndig gef\u00fctterte Mieder sorgen f\u00fcr einen perfekten Sitz und betonen die nat\u00fcrlichen Kurven der Braut. Die Spitzenapplikationen setzen sich am Rock fort und enden in einem Spitzenbesatz am Saum, der f\u00fcr einen eleganten und raffinierten Look sorgt. Das Anna Hochzeitskleid ist perfekt f\u00fcr eine Braut, die einen traditionellen Prinzessinnen-Look und ein romantisches Flair liebt. Die reichen Details und die wundersch\u00f6ne Spitze machen dieses Kleid ideal f\u00fcr eine m\u00e4rchenhafte Hochzeit, bei der sich die Braut wie eine echte Prinzessin f\u00fchlen m\u00f6chte.\" \/>\n<meta name=\"robots\" content=\"index, follow, max-snippet:-1, max-image-preview:large, max-video-preview:-1\" \/>\n<link rel=\"canonical\" href=\"https:\/\/www.koonings.com\/de\/product\/azuree-braut-anna-426-0242\/\" \/>\n<meta property=\"og:locale\" content=\"de_DE\" \/>\n<meta property=\"og:type\" content=\"article\" \/>\n<meta property=\"og:title\" content=\"Azuree Braut Anna 426.0242 | Koonings\" \/>\n<meta property=\"og:description\" content=\"Das Anna Hochzeitskleid ist ein wundersch\u00f6nes tr\u00e4gerloses Prinzessinnenkleid mit einem klassischen und zeitlosen Look. Der herzf\u00f6rmige Ausschnitt und das vollst\u00e4ndig gef\u00fctterte Mieder sorgen f\u00fcr einen perfekten Sitz und betonen die nat\u00fcrlichen Kurven der Braut. Die Spitzenapplikationen setzen sich am Rock fort und enden in einem Spitzenbesatz am Saum, der f\u00fcr einen eleganten und raffinierten Look sorgt. Das Anna Hochzeitskleid ist perfekt f\u00fcr eine Braut, die einen traditionellen Prinzessinnen-Look und ein romantisches Flair liebt. Die reichen Details und die wundersch\u00f6ne Spitze machen dieses Kleid ideal f\u00fcr eine m\u00e4rchenhafte Hochzeit, bei der sich die Braut wie eine echte Prinzessin f\u00fchlen m\u00f6chte.\" \/>\n<meta property=\"og:url\" content=\"https:\/\/www.koonings.com\/de\/product\/azuree-braut-anna-426-0242\/\" \/>\n<meta property=\"og:site_name\" content=\"Koonings\" \/>\n<meta property=\"article:publisher\" content=\"https:\/\/www.facebook.com\/kooningstheweddingpalace\" \/>\n<meta property=\"og:image\" content=\"https:\/\/www.koonings.com\/wp-content\/uploads\/2025\/09\/51480_9b0f594ade7c63bcd9aec4368f2f3bc6872f2d58ec463d84e9fdb608e7a525c83670d396.jpeg\" \/>\n\t<meta property=\"og:image:width\" content=\"1611\" \/>\n\t<meta property=\"og:image:height\" content=\"2278\" \/>\n\t<meta property=\"og:image:type\" content=\"image\/jpeg\" \/>\n<meta name=\"twitter:card\" content=\"summary_large_image\" \/>\n<meta name=\"twitter:label1\" content=\"Gesch\u00e4tzte Lesezeit\" \/>\n\t<meta name=\"twitter:data1\" content=\"1\u00a0Minute\" \/>\n<script type=\"application\/ld+json\" class=\"yoast-schema-graph\">{\"@context\":\"https:\\\/\\\/schema.org\",\"@graph\":[{\"@type\":\"WebPage\",\"@id\":\"https:\\\/\\\/www.koonings.com\\\/de\\\/product\\\/azuree-braut-anna-426-0242\\\/\",\"url\":\"https:\\\/\\\/www.koonings.com\\\/de\\\/product\\\/azuree-braut-anna-426-0242\\\/\",\"name\":\"Azuree Braut Anna 426.0242 | Koonings\",\"isPartOf\":{\"@id\":\"https:\\\/\\\/www.koonings.com\\\/de\\\/#website\"},\"primaryImageOfPage\":{\"@id\":\"https:\\\/\\\/www.koonings.com\\\/de\\\/product\\\/azuree-braut-anna-426-0242\\\/#primaryimage\"},\"image\":{\"@id\":\"https:\\\/\\\/www.koonings.com\\\/de\\\/product\\\/azuree-braut-anna-426-0242\\\/#primaryimage\"},\"thumbnailUrl\":\"https:\\\/\\\/www.koonings.com\\\/wp-content\\\/uploads\\\/2025\\\/09\\\/51480_9b0f594ade7c63bcd9aec4368f2f3bc6872f2d58ec463d84e9fdb608e7a525c83670d396.jpeg\",\"datePublished\":\"2026-04-28T16:40:33+00:00\",\"description\":\"Das Anna Hochzeitskleid ist ein wundersch\u00f6nes tr\u00e4gerloses Prinzessinnenkleid mit einem klassischen und zeitlosen Look. Der herzf\u00f6rmige Ausschnitt und das vollst\u00e4ndig gef\u00fctterte Mieder sorgen f\u00fcr einen perfekten Sitz und betonen die nat\u00fcrlichen Kurven der Braut. Die Spitzenapplikationen setzen sich am Rock fort und enden in einem Spitzenbesatz am Saum, der f\u00fcr einen eleganten und raffinierten Look sorgt. Das Anna Hochzeitskleid ist perfekt f\u00fcr eine Braut, die einen traditionellen Prinzessinnen-Look und ein romantisches Flair liebt. Die reichen Details und die wundersch\u00f6ne Spitze machen dieses Kleid ideal f\u00fcr eine m\u00e4rchenhafte Hochzeit, bei der sich die Braut wie eine echte Prinzessin f\u00fchlen m\u00f6chte.\",\"breadcrumb\":{\"@id\":\"https:\\\/\\\/www.koonings.com\\\/de\\\/product\\\/azuree-braut-anna-426-0242\\\/#breadcrumb\"},\"inLanguage\":\"de\",\"potentialAction\":[{\"@type\":\"ReadAction\",\"target\":[\"https:\\\/\\\/www.koonings.com\\\/de\\\/product\\\/azuree-braut-anna-426-0242\\\/\"]}]},{\"@type\":\"ImageObject\",\"inLanguage\":\"de\",\"@id\":\"https:\\\/\\\/www.koonings.com\\\/de\\\/product\\\/azuree-braut-anna-426-0242\\\/#primaryimage\",\"url\":\"https:\\\/\\\/www.koonings.com\\\/wp-content\\\/uploads\\\/2025\\\/09\\\/51480_9b0f594ade7c63bcd9aec4368f2f3bc6872f2d58ec463d84e9fdb608e7a525c83670d396.jpeg\",\"contentUrl\":\"https:\\\/\\\/www.koonings.com\\\/wp-content\\\/uploads\\\/2025\\\/09\\\/51480_9b0f594ade7c63bcd9aec4368f2f3bc6872f2d58ec463d84e9fdb608e7a525c83670d396.jpeg\",\"width\":1611,\"height\":2278},{\"@type\":\"BreadcrumbList\",\"@id\":\"https:\\\/\\\/www.koonings.com\\\/de\\\/product\\\/azuree-braut-anna-426-0242\\\/#breadcrumb\",\"itemListElement\":[{\"@type\":\"ListItem\",\"position\":1,\"name\":\"Home\",\"item\":\"https:\\\/\\\/www.koonings.com\\\/de\\\/\"},{\"@type\":\"ListItem\",\"position\":2,\"name\":\"Azuree Braut Anna 426.0242\"}]},{\"@type\":\"WebSite\",\"@id\":\"https:\\\/\\\/www.koonings.com\\\/de\\\/#website\",\"url\":\"https:\\\/\\\/www.koonings.com\\\/de\\\/\",\"name\":\"Koonings\",\"description\":\"De grootste bruidsmodewinkel ter wereld\",\"publisher\":{\"@id\":\"https:\\\/\\\/www.koonings.com\\\/de\\\/#organization\"},\"potentialAction\":[{\"@type\":\"SearchAction\",\"target\":{\"@type\":\"EntryPoint\",\"urlTemplate\":\"https:\\\/\\\/www.koonings.com\\\/de\\\/?s={search_term_string}\"},\"query-input\":{\"@type\":\"PropertyValueSpecification\",\"valueRequired\":true,\"valueName\":\"search_term_string\"}}],\"inLanguage\":\"de\"},{\"@type\":\"Organization\",\"@id\":\"https:\\\/\\\/www.koonings.com\\\/de\\\/#organization\",\"name\":\"Koonings\",\"url\":\"https:\\\/\\\/www.koonings.com\\\/de\\\/\",\"logo\":{\"@type\":\"ImageObject\",\"inLanguage\":\"de\",\"@id\":\"https:\\\/\\\/www.koonings.com\\\/de\\\/#\\\/schema\\\/logo\\\/image\\\/\",\"url\":\"https:\\\/\\\/www.koonings.com\\\/wp-content\\\/uploads\\\/2024\\\/07\\\/logo.png\",\"contentUrl\":\"https:\\\/\\\/www.koonings.com\\\/wp-content\\\/uploads\\\/2024\\\/07\\\/logo.png\",\"width\":600,\"height\":428,\"caption\":\"Koonings\"},\"image\":{\"@id\":\"https:\\\/\\\/www.koonings.com\\\/de\\\/#\\\/schema\\\/logo\\\/image\\\/\"},\"sameAs\":[\"https:\\\/\\\/www.facebook.com\\\/kooningstheweddingpalace\",\"https:\\\/\\\/www.instagram.com\\\/kooningstheweddingpalace\",\"https:\\\/\\\/www.pinterest.com\\\/koonings\",\"https:\\\/\\\/www.youtube.com\\\/kooningstheweddingpalace\"]}]}<\/script>\n<!-- \/ Yoast SEO plugin. -->","yoast_head_json":{"title":"Azuree Braut Anna 426.0242 | Koonings","description":"Das Anna Hochzeitskleid ist ein wundersch\u00f6nes tr\u00e4gerloses Prinzessinnenkleid mit einem klassischen und zeitlosen Look. Der herzf\u00f6rmige Ausschnitt und das vollst\u00e4ndig gef\u00fctterte Mieder sorgen f\u00fcr einen perfekten Sitz und betonen die nat\u00fcrlichen Kurven der Braut. Die Spitzenapplikationen setzen sich am Rock fort und enden in einem Spitzenbesatz am Saum, der f\u00fcr einen eleganten und raffinierten Look sorgt. Das Anna Hochzeitskleid ist perfekt f\u00fcr eine Braut, die einen traditionellen Prinzessinnen-Look und ein romantisches Flair liebt. Die reichen Details und die wundersch\u00f6ne Spitze machen dieses Kleid ideal f\u00fcr eine m\u00e4rchenhafte Hochzeit, bei der sich die Braut wie eine echte Prinzessin f\u00fchlen m\u00f6chte.","robots":{"index":"index","follow":"follow","max-snippet":"max-snippet:-1","max-image-preview":"max-image-preview:large","max-video-preview":"max-video-preview:-1"},"canonical":"https:\/\/www.koonings.com\/de\/product\/azuree-braut-anna-426-0242\/","og_locale":"de_DE","og_type":"article","og_title":"Azuree Braut Anna 426.0242 | Koonings","og_description":"Das Anna Hochzeitskleid ist ein wundersch\u00f6nes tr\u00e4gerloses Prinzessinnenkleid mit einem klassischen und zeitlosen Look. Der herzf\u00f6rmige Ausschnitt und das vollst\u00e4ndig gef\u00fctterte Mieder sorgen f\u00fcr einen perfekten Sitz und betonen die nat\u00fcrlichen Kurven der Braut. Die Spitzenapplikationen setzen sich am Rock fort und enden in einem Spitzenbesatz am Saum, der f\u00fcr einen eleganten und raffinierten Look sorgt. Das Anna Hochzeitskleid ist perfekt f\u00fcr eine Braut, die einen traditionellen Prinzessinnen-Look und ein romantisches Flair liebt. Die reichen Details und die wundersch\u00f6ne Spitze machen dieses Kleid ideal f\u00fcr eine m\u00e4rchenhafte Hochzeit, bei der sich die Braut wie eine echte Prinzessin f\u00fchlen m\u00f6chte.","og_url":"https:\/\/www.koonings.com\/de\/product\/azuree-braut-anna-426-0242\/","og_site_name":"Koonings","article_publisher":"https:\/\/www.facebook.com\/kooningstheweddingpalace","og_image":[{"width":1611,"height":2278,"url":"https:\/\/www.koonings.com\/wp-content\/uploads\/2025\/09\/51480_9b0f594ade7c63bcd9aec4368f2f3bc6872f2d58ec463d84e9fdb608e7a525c83670d396.jpeg","type":"image\/jpeg"}],"twitter_card":"summary_large_image","twitter_misc":{"Gesch\u00e4tzte Lesezeit":"1\u00a0Minute"},"schema":{"@context":"https:\/\/schema.org","@graph":[{"@type":"WebPage","@id":"https:\/\/www.koonings.com\/de\/product\/azuree-braut-anna-426-0242\/","url":"https:\/\/www.koonings.com\/de\/product\/azuree-braut-anna-426-0242\/","name":"Azuree Braut Anna 426.0242 | Koonings","isPartOf":{"@id":"https:\/\/www.koonings.com\/de\/#website"},"primaryImageOfPage":{"@id":"https:\/\/www.koonings.com\/de\/product\/azuree-braut-anna-426-0242\/#primaryimage"},"image":{"@id":"https:\/\/www.koonings.com\/de\/product\/azuree-braut-anna-426-0242\/#primaryimage"},"thumbnailUrl":"https:\/\/www.koonings.com\/wp-content\/uploads\/2025\/09\/51480_9b0f594ade7c63bcd9aec4368f2f3bc6872f2d58ec463d84e9fdb608e7a525c83670d396.jpeg","datePublished":"2026-04-28T16:40:33+00:00","description":"Das Anna Hochzeitskleid ist ein wundersch\u00f6nes tr\u00e4gerloses Prinzessinnenkleid mit einem klassischen und zeitlosen Look. Der herzf\u00f6rmige Ausschnitt und das vollst\u00e4ndig gef\u00fctterte Mieder sorgen f\u00fcr einen perfekten Sitz und betonen die nat\u00fcrlichen Kurven der Braut. Die Spitzenapplikationen setzen sich am Rock fort und enden in einem Spitzenbesatz am Saum, der f\u00fcr einen eleganten und raffinierten Look sorgt. Das Anna Hochzeitskleid ist perfekt f\u00fcr eine Braut, die einen traditionellen Prinzessinnen-Look und ein romantisches Flair liebt. Die reichen Details und die wundersch\u00f6ne Spitze machen dieses Kleid ideal f\u00fcr eine m\u00e4rchenhafte Hochzeit, bei der sich die Braut wie eine echte Prinzessin f\u00fchlen m\u00f6chte.","breadcrumb":{"@id":"https:\/\/www.koonings.com\/de\/product\/azuree-braut-anna-426-0242\/#breadcrumb"},"inLanguage":"de","potentialAction":[{"@type":"ReadAction","target":["https:\/\/www.koonings.com\/de\/product\/azuree-braut-anna-426-0242\/"]}]},{"@type":"ImageObject","inLanguage":"de","@id":"https:\/\/www.koonings.com\/de\/product\/azuree-braut-anna-426-0242\/#primaryimage","url":"https:\/\/www.koonings.com\/wp-content\/uploads\/2025\/09\/51480_9b0f594ade7c63bcd9aec4368f2f3bc6872f2d58ec463d84e9fdb608e7a525c83670d396.jpeg","contentUrl":"https:\/\/www.koonings.com\/wp-content\/uploads\/2025\/09\/51480_9b0f594ade7c63bcd9aec4368f2f3bc6872f2d58ec463d84e9fdb608e7a525c83670d396.jpeg","width":1611,"height":2278},{"@type":"BreadcrumbList","@id":"https:\/\/www.koonings.com\/de\/product\/azuree-braut-anna-426-0242\/#breadcrumb","itemListElement":[{"@type":"ListItem","position":1,"name":"Home","item":"https:\/\/www.koonings.com\/de\/"},{"@type":"ListItem","position":2,"name":"Azuree Braut Anna 426.0242"}]},{"@type":"WebSite","@id":"https:\/\/www.koonings.com\/de\/#website","url":"https:\/\/www.koonings.com\/de\/","name":"Koonings","description":"De grootste bruidsmodewinkel ter wereld","publisher":{"@id":"https:\/\/www.koonings.com\/de\/#organization"},"potentialAction":[{"@type":"SearchAction","target":{"@type":"EntryPoint","urlTemplate":"https:\/\/www.koonings.com\/de\/?s={search_term_string}"},"query-input":{"@type":"PropertyValueSpecification","valueRequired":true,"valueName":"search_term_string"}}],"inLanguage":"de"},{"@type":"Organization","@id":"https:\/\/www.koonings.com\/de\/#organization","name":"Koonings","url":"https:\/\/www.koonings.com\/de\/","logo":{"@type":"ImageObject","inLanguage":"de","@id":"https:\/\/www.koonings.com\/de\/#\/schema\/logo\/image\/","url":"https:\/\/www.koonings.com\/wp-content\/uploads\/2024\/07\/logo.png","contentUrl":"https:\/\/www.koonings.com\/wp-content\/uploads\/2024\/07\/logo.png","width":600,"height":428,"caption":"Koonings"},"image":{"@id":"https:\/\/www.koonings.com\/de\/#\/schema\/logo\/image\/"},"sameAs":["https:\/\/www.facebook.com\/kooningstheweddingpalace","https:\/\/www.instagram.com\/kooningstheweddingpalace","https:\/\/www.pinterest.com\/koonings","https:\/\/www.youtube.com\/kooningstheweddingpalace"]}]}},"_links":{"self":[{"href":"https:\/\/www.koonings.com\/de\/wp-json\/wp\/v2\/product\/93696","targetHints":{"allow":["GET"]}}],"collection":[{"href":"https:\/\/www.koonings.com\/de\/wp-json\/wp\/v2\/product"}],"about":[{"href":"https:\/\/www.koonings.com\/de\/wp-json\/wp\/v2\/types\/product"}],"wp:featuredmedia":[{"embeddable":true,"href":"https:\/\/www.koonings.com\/de\/wp-json\/wp\/v2\/media\/92475"}],"wp:attachment":[{"href":"https:\/\/www.koonings.com\/de\/wp-json\/wp\/v2\/media?parent=93696"}],"wp:term":[{"taxonomy":"productdetails","embeddable":true,"href":"https:\/\/www.koonings.com\/de\/wp-json\/wp\/v2\/productdetails?post=93696"},{"taxonomy":"productneck","embeddable":true,"href":"https:\/\/www.koonings.com\/de\/wp-json\/wp\/v2\/productneck?post=93696"},{"taxonomy":"productcolor","embeddable":true,"href":"https:\/\/www.koonings.com\/de\/wp-json\/wp\/v2\/productcolor?post=93696"},{"taxonomy":"maat","embeddable":true,"href":"https:\/\/www.koonings.com\/de\/wp-json\/wp\/v2\/maat?post=93696"},{"taxonomy":"productsupplier","embeddable":true,"href":"https:\/\/www.koonings.com\/de\/wp-json\/wp\/v2\/productsupplier?post=93696"},{"taxonomy":"productsleeve","embeddable":true,"href":"https:\/\/www.koonings.com\/de\/wp-json\/wp\/v2\/productsleeve?post=93696"},{"taxonomy":"productcategory","embeddable":true,"href":"https:\/\/www.koonings.com\/de\/wp-json\/wp\/v2\/productcategory?post=93696"},{"taxonomy":"productsilhouette","embeddable":true,"href":"https:\/\/www.koonings.com\/de\/wp-json\/wp\/v2\/productsilhouette?post=93696"},{"taxonomy":"productstyle","embeddable":true,"href":"https:\/\/www.koonings.com\/de\/wp-json\/wp\/v2\/productstyle?post=93696"}],"curies":[{"name":"wp","href":"https:\/\/api.w.org\/{rel}","templated":true}]}}