{"id":93692,"date":"2026-04-28T18:40:33","date_gmt":"2026-04-28T16:40:33","guid":{"rendered":"https:\/\/www.koonings.com\/product\/azuree-braut-annelore-426-0261\/"},"modified":"2026-02-17T12:53:30","modified_gmt":"2026-02-17T11:53:30","slug":"azuree-braut-annelore-426-0261","status":"publish","type":"product","link":"https:\/\/www.koonings.com\/de\/product\/azuree-braut-annelore-426-0261\/","title":{"rendered":"Azuree Braut Annelore 426.0261"},"content":{"rendered":"<p>Das Annelore Hochzeitskleid strahlt klassische Eleganz mit einem modernen Twist aus. Es ist aus weichem Satin gefertigt und f\u00fcr eine schmeichelhafte Silhouette drapiert. Dieses Kleid hat abnehmbare \u00c4rmel, die Ihrem Look Flexibilit\u00e4t verleihen. Der Illusionsr\u00fccken und der dezente Schlitz im Rock verleihen diesem zeitlosen Stil eine moderne Note. Annelore ist perfekt f\u00fcr die Braut, die Raffinesse und Schlichtheit liebt, ohne dabei auf Stil und Details zu verzichten. Der drapierte Satin sorgt f\u00fcr eine wunderbar flie\u00dfende Passform, die angenehm zu tragen ist, w\u00e4hrend die modernen Akzente einen subtilen und dennoch auff\u00e4lligen Look kreieren.    <\/p>\n","protected":false},"featured_media":92499,"template":"","meta":{"_acf_changed":false,"ghostkit_customizer_options":"","ghostkit_custom_css":"","ghostkit_custom_js_head":"","ghostkit_custom_js_foot":"","ghostkit_typography":""},"productdetails":[378],"productneck":[351],"productcolor":[393,392],"maat":[],"productsupplier":[533],"productsleeve":[357],"productcategory":[18],"productsilhouette":[389],"productstyle":[369,365,371],"class_list":["post-93692","product","type-product","status-publish","has-post-thumbnail","hentry","productdetails-378","productneck-351","productcolor-393","productcolor-392","productsupplier-azuree-bridal","productsleeve-357","productcategory-trouwjurken","productsilhouette-389","productstyle-369","productstyle-365","productstyle-371"],"acf":[],"yoast_head":"<!-- This site is optimized with the Yoast SEO plugin v27.3 - https:\/\/yoast.com\/product\/yoast-seo-wordpress\/ -->\n<title>Azuree Braut Annelore 426.0261 | Koonings<\/title>\n<meta name=\"description\" content=\"Das Annelore Hochzeitskleid strahlt klassische Eleganz mit einem modernen Twist aus. Es ist aus weichem Satin gefertigt und f\u00fcr eine schmeichelhafte Silhouette drapiert. Dieses Kleid hat abnehmbare \u00c4rmel, die Ihrem Look Flexibilit\u00e4t verleihen. Der Illusionsr\u00fccken und der dezente Schlitz im Rock verleihen diesem zeitlosen Stil eine moderne Note. Annelore ist perfekt f\u00fcr die Braut, die Raffinesse und Schlichtheit liebt, ohne dabei auf Stil und Details zu verzichten. Der drapierte Satin sorgt f\u00fcr eine wunderbar flie\u00dfende Passform, die angenehm zu tragen ist, w\u00e4hrend die modernen Akzente einen subtilen und dennoch auff\u00e4lligen Look kreieren.\" \/>\n<meta name=\"robots\" content=\"index, follow, max-snippet:-1, max-image-preview:large, max-video-preview:-1\" \/>\n<link rel=\"canonical\" href=\"https:\/\/www.koonings.com\/de\/product\/azuree-braut-annelore-426-0261\/\" \/>\n<meta property=\"og:locale\" content=\"de_DE\" \/>\n<meta property=\"og:type\" content=\"article\" \/>\n<meta property=\"og:title\" content=\"Azuree Braut Annelore 426.0261 | Koonings\" \/>\n<meta property=\"og:description\" content=\"Das Annelore Hochzeitskleid strahlt klassische Eleganz mit einem modernen Twist aus. Es ist aus weichem Satin gefertigt und f\u00fcr eine schmeichelhafte Silhouette drapiert. Dieses Kleid hat abnehmbare \u00c4rmel, die Ihrem Look Flexibilit\u00e4t verleihen. Der Illusionsr\u00fccken und der dezente Schlitz im Rock verleihen diesem zeitlosen Stil eine moderne Note. Annelore ist perfekt f\u00fcr die Braut, die Raffinesse und Schlichtheit liebt, ohne dabei auf Stil und Details zu verzichten. Der drapierte Satin sorgt f\u00fcr eine wunderbar flie\u00dfende Passform, die angenehm zu tragen ist, w\u00e4hrend die modernen Akzente einen subtilen und dennoch auff\u00e4lligen Look kreieren.\" \/>\n<meta property=\"og:url\" content=\"https:\/\/www.koonings.com\/de\/product\/azuree-braut-annelore-426-0261\/\" \/>\n<meta property=\"og:site_name\" content=\"Koonings\" \/>\n<meta property=\"article:publisher\" content=\"https:\/\/www.facebook.com\/kooningstheweddingpalace\" \/>\n<meta property=\"og:image\" content=\"https:\/\/www.koonings.com\/wp-content\/uploads\/2025\/09\/51483_300dd7f2a171c86b8d3c13f05f028f69ac654dc9c4498bc08cc3a80a1c530dce3ea3221b.jpeg\" \/>\n\t<meta property=\"og:image:width\" content=\"1411\" \/>\n\t<meta property=\"og:image:height\" content=\"1995\" \/>\n\t<meta property=\"og:image:type\" content=\"image\/jpeg\" \/>\n<meta name=\"twitter:card\" content=\"summary_large_image\" \/>\n<meta name=\"twitter:label1\" content=\"Gesch\u00e4tzte Lesezeit\" \/>\n\t<meta name=\"twitter:data1\" content=\"1\u00a0Minute\" \/>\n<script type=\"application\/ld+json\" class=\"yoast-schema-graph\">{\"@context\":\"https:\\\/\\\/schema.org\",\"@graph\":[{\"@type\":\"WebPage\",\"@id\":\"https:\\\/\\\/www.koonings.com\\\/de\\\/product\\\/azuree-braut-annelore-426-0261\\\/\",\"url\":\"https:\\\/\\\/www.koonings.com\\\/de\\\/product\\\/azuree-braut-annelore-426-0261\\\/\",\"name\":\"Azuree Braut Annelore 426.0261 | Koonings\",\"isPartOf\":{\"@id\":\"https:\\\/\\\/www.koonings.com\\\/de\\\/#website\"},\"primaryImageOfPage\":{\"@id\":\"https:\\\/\\\/www.koonings.com\\\/de\\\/product\\\/azuree-braut-annelore-426-0261\\\/#primaryimage\"},\"image\":{\"@id\":\"https:\\\/\\\/www.koonings.com\\\/de\\\/product\\\/azuree-braut-annelore-426-0261\\\/#primaryimage\"},\"thumbnailUrl\":\"https:\\\/\\\/www.koonings.com\\\/wp-content\\\/uploads\\\/2025\\\/09\\\/51483_300dd7f2a171c86b8d3c13f05f028f69ac654dc9c4498bc08cc3a80a1c530dce3ea3221b.jpeg\",\"datePublished\":\"2026-04-28T16:40:33+00:00\",\"description\":\"Das Annelore Hochzeitskleid strahlt klassische Eleganz mit einem modernen Twist aus. Es ist aus weichem Satin gefertigt und f\u00fcr eine schmeichelhafte Silhouette drapiert. Dieses Kleid hat abnehmbare \u00c4rmel, die Ihrem Look Flexibilit\u00e4t verleihen. Der Illusionsr\u00fccken und der dezente Schlitz im Rock verleihen diesem zeitlosen Stil eine moderne Note. Annelore ist perfekt f\u00fcr die Braut, die Raffinesse und Schlichtheit liebt, ohne dabei auf Stil und Details zu verzichten. Der drapierte Satin sorgt f\u00fcr eine wunderbar flie\u00dfende Passform, die angenehm zu tragen ist, w\u00e4hrend die modernen Akzente einen subtilen und dennoch auff\u00e4lligen Look kreieren.\",\"breadcrumb\":{\"@id\":\"https:\\\/\\\/www.koonings.com\\\/de\\\/product\\\/azuree-braut-annelore-426-0261\\\/#breadcrumb\"},\"inLanguage\":\"de\",\"potentialAction\":[{\"@type\":\"ReadAction\",\"target\":[\"https:\\\/\\\/www.koonings.com\\\/de\\\/product\\\/azuree-braut-annelore-426-0261\\\/\"]}]},{\"@type\":\"ImageObject\",\"inLanguage\":\"de\",\"@id\":\"https:\\\/\\\/www.koonings.com\\\/de\\\/product\\\/azuree-braut-annelore-426-0261\\\/#primaryimage\",\"url\":\"https:\\\/\\\/www.koonings.com\\\/wp-content\\\/uploads\\\/2025\\\/09\\\/51483_300dd7f2a171c86b8d3c13f05f028f69ac654dc9c4498bc08cc3a80a1c530dce3ea3221b.jpeg\",\"contentUrl\":\"https:\\\/\\\/www.koonings.com\\\/wp-content\\\/uploads\\\/2025\\\/09\\\/51483_300dd7f2a171c86b8d3c13f05f028f69ac654dc9c4498bc08cc3a80a1c530dce3ea3221b.jpeg\",\"width\":1411,\"height\":1995},{\"@type\":\"BreadcrumbList\",\"@id\":\"https:\\\/\\\/www.koonings.com\\\/de\\\/product\\\/azuree-braut-annelore-426-0261\\\/#breadcrumb\",\"itemListElement\":[{\"@type\":\"ListItem\",\"position\":1,\"name\":\"Home\",\"item\":\"https:\\\/\\\/www.koonings.com\\\/de\\\/\"},{\"@type\":\"ListItem\",\"position\":2,\"name\":\"Azuree Braut Annelore 426.0261\"}]},{\"@type\":\"WebSite\",\"@id\":\"https:\\\/\\\/www.koonings.com\\\/de\\\/#website\",\"url\":\"https:\\\/\\\/www.koonings.com\\\/de\\\/\",\"name\":\"Koonings\",\"description\":\"De grootste bruidsmodewinkel ter wereld\",\"publisher\":{\"@id\":\"https:\\\/\\\/www.koonings.com\\\/de\\\/#organization\"},\"potentialAction\":[{\"@type\":\"SearchAction\",\"target\":{\"@type\":\"EntryPoint\",\"urlTemplate\":\"https:\\\/\\\/www.koonings.com\\\/de\\\/?s={search_term_string}\"},\"query-input\":{\"@type\":\"PropertyValueSpecification\",\"valueRequired\":true,\"valueName\":\"search_term_string\"}}],\"inLanguage\":\"de\"},{\"@type\":\"Organization\",\"@id\":\"https:\\\/\\\/www.koonings.com\\\/de\\\/#organization\",\"name\":\"Koonings\",\"url\":\"https:\\\/\\\/www.koonings.com\\\/de\\\/\",\"logo\":{\"@type\":\"ImageObject\",\"inLanguage\":\"de\",\"@id\":\"https:\\\/\\\/www.koonings.com\\\/de\\\/#\\\/schema\\\/logo\\\/image\\\/\",\"url\":\"https:\\\/\\\/www.koonings.com\\\/wp-content\\\/uploads\\\/2024\\\/07\\\/logo.png\",\"contentUrl\":\"https:\\\/\\\/www.koonings.com\\\/wp-content\\\/uploads\\\/2024\\\/07\\\/logo.png\",\"width\":600,\"height\":428,\"caption\":\"Koonings\"},\"image\":{\"@id\":\"https:\\\/\\\/www.koonings.com\\\/de\\\/#\\\/schema\\\/logo\\\/image\\\/\"},\"sameAs\":[\"https:\\\/\\\/www.facebook.com\\\/kooningstheweddingpalace\",\"https:\\\/\\\/www.instagram.com\\\/kooningstheweddingpalace\",\"https:\\\/\\\/www.pinterest.com\\\/koonings\",\"https:\\\/\\\/www.youtube.com\\\/kooningstheweddingpalace\"]}]}<\/script>\n<!-- \/ Yoast SEO plugin. -->","yoast_head_json":{"title":"Azuree Braut Annelore 426.0261 | Koonings","description":"Das Annelore Hochzeitskleid strahlt klassische Eleganz mit einem modernen Twist aus. Es ist aus weichem Satin gefertigt und f\u00fcr eine schmeichelhafte Silhouette drapiert. Dieses Kleid hat abnehmbare \u00c4rmel, die Ihrem Look Flexibilit\u00e4t verleihen. Der Illusionsr\u00fccken und der dezente Schlitz im Rock verleihen diesem zeitlosen Stil eine moderne Note. Annelore ist perfekt f\u00fcr die Braut, die Raffinesse und Schlichtheit liebt, ohne dabei auf Stil und Details zu verzichten. Der drapierte Satin sorgt f\u00fcr eine wunderbar flie\u00dfende Passform, die angenehm zu tragen ist, w\u00e4hrend die modernen Akzente einen subtilen und dennoch auff\u00e4lligen Look kreieren.","robots":{"index":"index","follow":"follow","max-snippet":"max-snippet:-1","max-image-preview":"max-image-preview:large","max-video-preview":"max-video-preview:-1"},"canonical":"https:\/\/www.koonings.com\/de\/product\/azuree-braut-annelore-426-0261\/","og_locale":"de_DE","og_type":"article","og_title":"Azuree Braut Annelore 426.0261 | Koonings","og_description":"Das Annelore Hochzeitskleid strahlt klassische Eleganz mit einem modernen Twist aus. Es ist aus weichem Satin gefertigt und f\u00fcr eine schmeichelhafte Silhouette drapiert. Dieses Kleid hat abnehmbare \u00c4rmel, die Ihrem Look Flexibilit\u00e4t verleihen. Der Illusionsr\u00fccken und der dezente Schlitz im Rock verleihen diesem zeitlosen Stil eine moderne Note. Annelore ist perfekt f\u00fcr die Braut, die Raffinesse und Schlichtheit liebt, ohne dabei auf Stil und Details zu verzichten. Der drapierte Satin sorgt f\u00fcr eine wunderbar flie\u00dfende Passform, die angenehm zu tragen ist, w\u00e4hrend die modernen Akzente einen subtilen und dennoch auff\u00e4lligen Look kreieren.","og_url":"https:\/\/www.koonings.com\/de\/product\/azuree-braut-annelore-426-0261\/","og_site_name":"Koonings","article_publisher":"https:\/\/www.facebook.com\/kooningstheweddingpalace","og_image":[{"width":1411,"height":1995,"url":"https:\/\/www.koonings.com\/wp-content\/uploads\/2025\/09\/51483_300dd7f2a171c86b8d3c13f05f028f69ac654dc9c4498bc08cc3a80a1c530dce3ea3221b.jpeg","type":"image\/jpeg"}],"twitter_card":"summary_large_image","twitter_misc":{"Gesch\u00e4tzte Lesezeit":"1\u00a0Minute"},"schema":{"@context":"https:\/\/schema.org","@graph":[{"@type":"WebPage","@id":"https:\/\/www.koonings.com\/de\/product\/azuree-braut-annelore-426-0261\/","url":"https:\/\/www.koonings.com\/de\/product\/azuree-braut-annelore-426-0261\/","name":"Azuree Braut Annelore 426.0261 | Koonings","isPartOf":{"@id":"https:\/\/www.koonings.com\/de\/#website"},"primaryImageOfPage":{"@id":"https:\/\/www.koonings.com\/de\/product\/azuree-braut-annelore-426-0261\/#primaryimage"},"image":{"@id":"https:\/\/www.koonings.com\/de\/product\/azuree-braut-annelore-426-0261\/#primaryimage"},"thumbnailUrl":"https:\/\/www.koonings.com\/wp-content\/uploads\/2025\/09\/51483_300dd7f2a171c86b8d3c13f05f028f69ac654dc9c4498bc08cc3a80a1c530dce3ea3221b.jpeg","datePublished":"2026-04-28T16:40:33+00:00","description":"Das Annelore Hochzeitskleid strahlt klassische Eleganz mit einem modernen Twist aus. Es ist aus weichem Satin gefertigt und f\u00fcr eine schmeichelhafte Silhouette drapiert. Dieses Kleid hat abnehmbare \u00c4rmel, die Ihrem Look Flexibilit\u00e4t verleihen. Der Illusionsr\u00fccken und der dezente Schlitz im Rock verleihen diesem zeitlosen Stil eine moderne Note. Annelore ist perfekt f\u00fcr die Braut, die Raffinesse und Schlichtheit liebt, ohne dabei auf Stil und Details zu verzichten. Der drapierte Satin sorgt f\u00fcr eine wunderbar flie\u00dfende Passform, die angenehm zu tragen ist, w\u00e4hrend die modernen Akzente einen subtilen und dennoch auff\u00e4lligen Look kreieren.","breadcrumb":{"@id":"https:\/\/www.koonings.com\/de\/product\/azuree-braut-annelore-426-0261\/#breadcrumb"},"inLanguage":"de","potentialAction":[{"@type":"ReadAction","target":["https:\/\/www.koonings.com\/de\/product\/azuree-braut-annelore-426-0261\/"]}]},{"@type":"ImageObject","inLanguage":"de","@id":"https:\/\/www.koonings.com\/de\/product\/azuree-braut-annelore-426-0261\/#primaryimage","url":"https:\/\/www.koonings.com\/wp-content\/uploads\/2025\/09\/51483_300dd7f2a171c86b8d3c13f05f028f69ac654dc9c4498bc08cc3a80a1c530dce3ea3221b.jpeg","contentUrl":"https:\/\/www.koonings.com\/wp-content\/uploads\/2025\/09\/51483_300dd7f2a171c86b8d3c13f05f028f69ac654dc9c4498bc08cc3a80a1c530dce3ea3221b.jpeg","width":1411,"height":1995},{"@type":"BreadcrumbList","@id":"https:\/\/www.koonings.com\/de\/product\/azuree-braut-annelore-426-0261\/#breadcrumb","itemListElement":[{"@type":"ListItem","position":1,"name":"Home","item":"https:\/\/www.koonings.com\/de\/"},{"@type":"ListItem","position":2,"name":"Azuree Braut Annelore 426.0261"}]},{"@type":"WebSite","@id":"https:\/\/www.koonings.com\/de\/#website","url":"https:\/\/www.koonings.com\/de\/","name":"Koonings","description":"De grootste bruidsmodewinkel ter wereld","publisher":{"@id":"https:\/\/www.koonings.com\/de\/#organization"},"potentialAction":[{"@type":"SearchAction","target":{"@type":"EntryPoint","urlTemplate":"https:\/\/www.koonings.com\/de\/?s={search_term_string}"},"query-input":{"@type":"PropertyValueSpecification","valueRequired":true,"valueName":"search_term_string"}}],"inLanguage":"de"},{"@type":"Organization","@id":"https:\/\/www.koonings.com\/de\/#organization","name":"Koonings","url":"https:\/\/www.koonings.com\/de\/","logo":{"@type":"ImageObject","inLanguage":"de","@id":"https:\/\/www.koonings.com\/de\/#\/schema\/logo\/image\/","url":"https:\/\/www.koonings.com\/wp-content\/uploads\/2024\/07\/logo.png","contentUrl":"https:\/\/www.koonings.com\/wp-content\/uploads\/2024\/07\/logo.png","width":600,"height":428,"caption":"Koonings"},"image":{"@id":"https:\/\/www.koonings.com\/de\/#\/schema\/logo\/image\/"},"sameAs":["https:\/\/www.facebook.com\/kooningstheweddingpalace","https:\/\/www.instagram.com\/kooningstheweddingpalace","https:\/\/www.pinterest.com\/koonings","https:\/\/www.youtube.com\/kooningstheweddingpalace"]}]}},"_links":{"self":[{"href":"https:\/\/www.koonings.com\/de\/wp-json\/wp\/v2\/product\/93692","targetHints":{"allow":["GET"]}}],"collection":[{"href":"https:\/\/www.koonings.com\/de\/wp-json\/wp\/v2\/product"}],"about":[{"href":"https:\/\/www.koonings.com\/de\/wp-json\/wp\/v2\/types\/product"}],"wp:featuredmedia":[{"embeddable":true,"href":"https:\/\/www.koonings.com\/de\/wp-json\/wp\/v2\/media\/92499"}],"wp:attachment":[{"href":"https:\/\/www.koonings.com\/de\/wp-json\/wp\/v2\/media?parent=93692"}],"wp:term":[{"taxonomy":"productdetails","embeddable":true,"href":"https:\/\/www.koonings.com\/de\/wp-json\/wp\/v2\/productdetails?post=93692"},{"taxonomy":"productneck","embeddable":true,"href":"https:\/\/www.koonings.com\/de\/wp-json\/wp\/v2\/productneck?post=93692"},{"taxonomy":"productcolor","embeddable":true,"href":"https:\/\/www.koonings.com\/de\/wp-json\/wp\/v2\/productcolor?post=93692"},{"taxonomy":"maat","embeddable":true,"href":"https:\/\/www.koonings.com\/de\/wp-json\/wp\/v2\/maat?post=93692"},{"taxonomy":"productsupplier","embeddable":true,"href":"https:\/\/www.koonings.com\/de\/wp-json\/wp\/v2\/productsupplier?post=93692"},{"taxonomy":"productsleeve","embeddable":true,"href":"https:\/\/www.koonings.com\/de\/wp-json\/wp\/v2\/productsleeve?post=93692"},{"taxonomy":"productcategory","embeddable":true,"href":"https:\/\/www.koonings.com\/de\/wp-json\/wp\/v2\/productcategory?post=93692"},{"taxonomy":"productsilhouette","embeddable":true,"href":"https:\/\/www.koonings.com\/de\/wp-json\/wp\/v2\/productsilhouette?post=93692"},{"taxonomy":"productstyle","embeddable":true,"href":"https:\/\/www.koonings.com\/de\/wp-json\/wp\/v2\/productstyle?post=93692"}],"curies":[{"name":"wp","href":"https:\/\/api.w.org\/{rel}","templated":true}]}}