{"id":93687,"date":"2026-04-28T18:38:46","date_gmt":"2026-04-28T16:38:46","guid":{"rendered":"https:\/\/www.koonings.com\/product\/sottero-midgley-jenascia-25sw365a01-aermel-ds025sw365000\/"},"modified":"2026-02-17T12:21:44","modified_gmt":"2026-02-17T11:21:44","slug":"sottero-midgley-jenascia-25sw365a01-aermel-ds025sw365000","status":"publish","type":"product","link":"https:\/\/www.koonings.com\/de\/product\/sottero-midgley-jenascia-25sw365a01-aermel-ds025sw365000\/","title":{"rendered":"Sottero Midgley Jenascia 25SW365A01 + \u00c4rmel DS025SW365000"},"content":{"rendered":"<p>F\u00fcr die Braut, die von Romantik und raffinierter Eleganz tr\u00e4umt. Das Jenascia ist ein Hochzeitskleid in A-Linie mit einem Illusionsr\u00fccken und wundersch\u00f6nen Blumenmustern, die f\u00fcr einen weichen, vertr\u00e4umten Look sorgen. <\/p>\n<p>Leicht und flie\u00dfend, mit einer schmeichelhaften Passform, kombiniert dieses Kleid Komfort mit zeitloser Sch\u00f6nheit. Perfekt f\u00fcr einen unvergesslichen gro\u00dfen Tag voller Romantik und Stil. <\/p>\n","protected":false},"featured_media":93301,"template":"","meta":{"_acf_changed":false,"ghostkit_customizer_options":"","ghostkit_custom_css":"","ghostkit_custom_js_head":"","ghostkit_custom_js_foot":"","ghostkit_typography":""},"productdetails":[379,381],"productneck":[355],"productcolor":[393,392],"maat":[],"productsupplier":[421],"productsleeve":[362],"productcategory":[18],"productsilhouette":[384],"productstyle":[366,370],"class_list":["post-93687","product","type-product","status-publish","has-post-thumbnail","hentry","productdetails-379","productdetails-381","productneck-355","productcolor-393","productcolor-392","productsupplier-sottero-midgley","productsleeve-362","productcategory-trouwjurken","productsilhouette-384","productstyle-366","productstyle-370"],"acf":[],"yoast_head":"<!-- This site is optimized with the Yoast SEO plugin v27.3 - https:\/\/yoast.com\/product\/yoast-seo-wordpress\/ -->\n<title>Sottero Midgley Jenascia 25SW365A01 + \u00c4rmel DS025SW365000 | Koonings<\/title>\n<meta name=\"description\" content=\"F\u00fcr die Braut, die von Romantik und raffinierter Eleganz tr\u00e4umt. Das Jenascia ist ein Hochzeitskleid in A-Linie mit einem Illusionsr\u00fccken und wundersch\u00f6nen Blumenmustern, die f\u00fcr einen weichen, vertr\u00e4umten Look sorgen. Leicht und flie\u00dfend, mit einer schmeichelhaften Passform, kombiniert dieses Kleid Komfort mit zeitloser Sch\u00f6nheit. Perfekt f\u00fcr einen unvergesslichen gro\u00dfen Tag voller Romantik und Stil.\" \/>\n<meta name=\"robots\" content=\"index, follow, max-snippet:-1, max-image-preview:large, max-video-preview:-1\" \/>\n<link rel=\"canonical\" href=\"https:\/\/www.koonings.com\/de\/product\/sottero-midgley-jenascia-25sw365a01-aermel-ds025sw365000\/\" \/>\n<meta property=\"og:locale\" content=\"de_DE\" \/>\n<meta property=\"og:type\" content=\"article\" \/>\n<meta property=\"og:title\" content=\"Sottero Midgley Jenascia 25SW365A01 + \u00c4rmel DS025SW365000 | Koonings\" \/>\n<meta property=\"og:description\" content=\"F\u00fcr die Braut, die von Romantik und raffinierter Eleganz tr\u00e4umt. Das Jenascia ist ein Hochzeitskleid in A-Linie mit einem Illusionsr\u00fccken und wundersch\u00f6nen Blumenmustern, die f\u00fcr einen weichen, vertr\u00e4umten Look sorgen. Leicht und flie\u00dfend, mit einer schmeichelhaften Passform, kombiniert dieses Kleid Komfort mit zeitloser Sch\u00f6nheit. Perfekt f\u00fcr einen unvergesslichen gro\u00dfen Tag voller Romantik und Stil.\" \/>\n<meta property=\"og:url\" content=\"https:\/\/www.koonings.com\/de\/product\/sottero-midgley-jenascia-25sw365a01-aermel-ds025sw365000\/\" \/>\n<meta property=\"og:site_name\" content=\"Koonings\" \/>\n<meta property=\"article:publisher\" content=\"https:\/\/www.facebook.com\/kooningstheweddingpalace\" \/>\n<meta property=\"og:image\" content=\"https:\/\/www.koonings.com\/wp-content\/uploads\/2025\/09\/51318_c273bb00bbfad7bebc1b153a7895acfb0442046c5b10c89cb70edb3dca6fda9fdeac71db.jpeg\" \/>\n\t<meta property=\"og:image:width\" content=\"1440\" \/>\n\t<meta property=\"og:image:height\" content=\"1920\" \/>\n\t<meta property=\"og:image:type\" content=\"image\/jpeg\" \/>\n<meta name=\"twitter:card\" content=\"summary_large_image\" \/>\n<script type=\"application\/ld+json\" class=\"yoast-schema-graph\">{\"@context\":\"https:\\\/\\\/schema.org\",\"@graph\":[{\"@type\":\"WebPage\",\"@id\":\"https:\\\/\\\/www.koonings.com\\\/de\\\/product\\\/sottero-midgley-jenascia-25sw365a01-aermel-ds025sw365000\\\/\",\"url\":\"https:\\\/\\\/www.koonings.com\\\/de\\\/product\\\/sottero-midgley-jenascia-25sw365a01-aermel-ds025sw365000\\\/\",\"name\":\"Sottero Midgley Jenascia 25SW365A01 + \u00c4rmel DS025SW365000 | Koonings\",\"isPartOf\":{\"@id\":\"https:\\\/\\\/www.koonings.com\\\/de\\\/#website\"},\"primaryImageOfPage\":{\"@id\":\"https:\\\/\\\/www.koonings.com\\\/de\\\/product\\\/sottero-midgley-jenascia-25sw365a01-aermel-ds025sw365000\\\/#primaryimage\"},\"image\":{\"@id\":\"https:\\\/\\\/www.koonings.com\\\/de\\\/product\\\/sottero-midgley-jenascia-25sw365a01-aermel-ds025sw365000\\\/#primaryimage\"},\"thumbnailUrl\":\"https:\\\/\\\/www.koonings.com\\\/wp-content\\\/uploads\\\/2025\\\/09\\\/51318_c273bb00bbfad7bebc1b153a7895acfb0442046c5b10c89cb70edb3dca6fda9fdeac71db.jpeg\",\"datePublished\":\"2026-04-28T16:38:46+00:00\",\"description\":\"F\u00fcr die Braut, die von Romantik und raffinierter Eleganz tr\u00e4umt. Das Jenascia ist ein Hochzeitskleid in A-Linie mit einem Illusionsr\u00fccken und wundersch\u00f6nen Blumenmustern, die f\u00fcr einen weichen, vertr\u00e4umten Look sorgen. Leicht und flie\u00dfend, mit einer schmeichelhaften Passform, kombiniert dieses Kleid Komfort mit zeitloser Sch\u00f6nheit. Perfekt f\u00fcr einen unvergesslichen gro\u00dfen Tag voller Romantik und Stil.\",\"breadcrumb\":{\"@id\":\"https:\\\/\\\/www.koonings.com\\\/de\\\/product\\\/sottero-midgley-jenascia-25sw365a01-aermel-ds025sw365000\\\/#breadcrumb\"},\"inLanguage\":\"de\",\"potentialAction\":[{\"@type\":\"ReadAction\",\"target\":[\"https:\\\/\\\/www.koonings.com\\\/de\\\/product\\\/sottero-midgley-jenascia-25sw365a01-aermel-ds025sw365000\\\/\"]}]},{\"@type\":\"ImageObject\",\"inLanguage\":\"de\",\"@id\":\"https:\\\/\\\/www.koonings.com\\\/de\\\/product\\\/sottero-midgley-jenascia-25sw365a01-aermel-ds025sw365000\\\/#primaryimage\",\"url\":\"https:\\\/\\\/www.koonings.com\\\/wp-content\\\/uploads\\\/2025\\\/09\\\/51318_c273bb00bbfad7bebc1b153a7895acfb0442046c5b10c89cb70edb3dca6fda9fdeac71db.jpeg\",\"contentUrl\":\"https:\\\/\\\/www.koonings.com\\\/wp-content\\\/uploads\\\/2025\\\/09\\\/51318_c273bb00bbfad7bebc1b153a7895acfb0442046c5b10c89cb70edb3dca6fda9fdeac71db.jpeg\",\"width\":1440,\"height\":1920},{\"@type\":\"BreadcrumbList\",\"@id\":\"https:\\\/\\\/www.koonings.com\\\/de\\\/product\\\/sottero-midgley-jenascia-25sw365a01-aermel-ds025sw365000\\\/#breadcrumb\",\"itemListElement\":[{\"@type\":\"ListItem\",\"position\":1,\"name\":\"Home\",\"item\":\"https:\\\/\\\/www.koonings.com\\\/de\\\/\"},{\"@type\":\"ListItem\",\"position\":2,\"name\":\"Sottero Midgley Jenascia 25SW365A01 + \u00c4rmel DS025SW365000\"}]},{\"@type\":\"WebSite\",\"@id\":\"https:\\\/\\\/www.koonings.com\\\/de\\\/#website\",\"url\":\"https:\\\/\\\/www.koonings.com\\\/de\\\/\",\"name\":\"Koonings\",\"description\":\"De grootste bruidsmodewinkel ter wereld\",\"publisher\":{\"@id\":\"https:\\\/\\\/www.koonings.com\\\/de\\\/#organization\"},\"potentialAction\":[{\"@type\":\"SearchAction\",\"target\":{\"@type\":\"EntryPoint\",\"urlTemplate\":\"https:\\\/\\\/www.koonings.com\\\/de\\\/?s={search_term_string}\"},\"query-input\":{\"@type\":\"PropertyValueSpecification\",\"valueRequired\":true,\"valueName\":\"search_term_string\"}}],\"inLanguage\":\"de\"},{\"@type\":\"Organization\",\"@id\":\"https:\\\/\\\/www.koonings.com\\\/de\\\/#organization\",\"name\":\"Koonings\",\"url\":\"https:\\\/\\\/www.koonings.com\\\/de\\\/\",\"logo\":{\"@type\":\"ImageObject\",\"inLanguage\":\"de\",\"@id\":\"https:\\\/\\\/www.koonings.com\\\/de\\\/#\\\/schema\\\/logo\\\/image\\\/\",\"url\":\"https:\\\/\\\/www.koonings.com\\\/wp-content\\\/uploads\\\/2024\\\/07\\\/logo.png\",\"contentUrl\":\"https:\\\/\\\/www.koonings.com\\\/wp-content\\\/uploads\\\/2024\\\/07\\\/logo.png\",\"width\":600,\"height\":428,\"caption\":\"Koonings\"},\"image\":{\"@id\":\"https:\\\/\\\/www.koonings.com\\\/de\\\/#\\\/schema\\\/logo\\\/image\\\/\"},\"sameAs\":[\"https:\\\/\\\/www.facebook.com\\\/kooningstheweddingpalace\",\"https:\\\/\\\/www.instagram.com\\\/kooningstheweddingpalace\",\"https:\\\/\\\/www.pinterest.com\\\/koonings\",\"https:\\\/\\\/www.youtube.com\\\/kooningstheweddingpalace\"]}]}<\/script>\n<!-- \/ Yoast SEO plugin. -->","yoast_head_json":{"title":"Sottero Midgley Jenascia 25SW365A01 + \u00c4rmel DS025SW365000 | Koonings","description":"F\u00fcr die Braut, die von Romantik und raffinierter Eleganz tr\u00e4umt. Das Jenascia ist ein Hochzeitskleid in A-Linie mit einem Illusionsr\u00fccken und wundersch\u00f6nen Blumenmustern, die f\u00fcr einen weichen, vertr\u00e4umten Look sorgen. Leicht und flie\u00dfend, mit einer schmeichelhaften Passform, kombiniert dieses Kleid Komfort mit zeitloser Sch\u00f6nheit. Perfekt f\u00fcr einen unvergesslichen gro\u00dfen Tag voller Romantik und Stil.","robots":{"index":"index","follow":"follow","max-snippet":"max-snippet:-1","max-image-preview":"max-image-preview:large","max-video-preview":"max-video-preview:-1"},"canonical":"https:\/\/www.koonings.com\/de\/product\/sottero-midgley-jenascia-25sw365a01-aermel-ds025sw365000\/","og_locale":"de_DE","og_type":"article","og_title":"Sottero Midgley Jenascia 25SW365A01 + \u00c4rmel DS025SW365000 | Koonings","og_description":"F\u00fcr die Braut, die von Romantik und raffinierter Eleganz tr\u00e4umt. Das Jenascia ist ein Hochzeitskleid in A-Linie mit einem Illusionsr\u00fccken und wundersch\u00f6nen Blumenmustern, die f\u00fcr einen weichen, vertr\u00e4umten Look sorgen. Leicht und flie\u00dfend, mit einer schmeichelhaften Passform, kombiniert dieses Kleid Komfort mit zeitloser Sch\u00f6nheit. Perfekt f\u00fcr einen unvergesslichen gro\u00dfen Tag voller Romantik und Stil.","og_url":"https:\/\/www.koonings.com\/de\/product\/sottero-midgley-jenascia-25sw365a01-aermel-ds025sw365000\/","og_site_name":"Koonings","article_publisher":"https:\/\/www.facebook.com\/kooningstheweddingpalace","og_image":[{"width":1440,"height":1920,"url":"https:\/\/www.koonings.com\/wp-content\/uploads\/2025\/09\/51318_c273bb00bbfad7bebc1b153a7895acfb0442046c5b10c89cb70edb3dca6fda9fdeac71db.jpeg","type":"image\/jpeg"}],"twitter_card":"summary_large_image","schema":{"@context":"https:\/\/schema.org","@graph":[{"@type":"WebPage","@id":"https:\/\/www.koonings.com\/de\/product\/sottero-midgley-jenascia-25sw365a01-aermel-ds025sw365000\/","url":"https:\/\/www.koonings.com\/de\/product\/sottero-midgley-jenascia-25sw365a01-aermel-ds025sw365000\/","name":"Sottero Midgley Jenascia 25SW365A01 + \u00c4rmel DS025SW365000 | Koonings","isPartOf":{"@id":"https:\/\/www.koonings.com\/de\/#website"},"primaryImageOfPage":{"@id":"https:\/\/www.koonings.com\/de\/product\/sottero-midgley-jenascia-25sw365a01-aermel-ds025sw365000\/#primaryimage"},"image":{"@id":"https:\/\/www.koonings.com\/de\/product\/sottero-midgley-jenascia-25sw365a01-aermel-ds025sw365000\/#primaryimage"},"thumbnailUrl":"https:\/\/www.koonings.com\/wp-content\/uploads\/2025\/09\/51318_c273bb00bbfad7bebc1b153a7895acfb0442046c5b10c89cb70edb3dca6fda9fdeac71db.jpeg","datePublished":"2026-04-28T16:38:46+00:00","description":"F\u00fcr die Braut, die von Romantik und raffinierter Eleganz tr\u00e4umt. Das Jenascia ist ein Hochzeitskleid in A-Linie mit einem Illusionsr\u00fccken und wundersch\u00f6nen Blumenmustern, die f\u00fcr einen weichen, vertr\u00e4umten Look sorgen. Leicht und flie\u00dfend, mit einer schmeichelhaften Passform, kombiniert dieses Kleid Komfort mit zeitloser Sch\u00f6nheit. Perfekt f\u00fcr einen unvergesslichen gro\u00dfen Tag voller Romantik und Stil.","breadcrumb":{"@id":"https:\/\/www.koonings.com\/de\/product\/sottero-midgley-jenascia-25sw365a01-aermel-ds025sw365000\/#breadcrumb"},"inLanguage":"de","potentialAction":[{"@type":"ReadAction","target":["https:\/\/www.koonings.com\/de\/product\/sottero-midgley-jenascia-25sw365a01-aermel-ds025sw365000\/"]}]},{"@type":"ImageObject","inLanguage":"de","@id":"https:\/\/www.koonings.com\/de\/product\/sottero-midgley-jenascia-25sw365a01-aermel-ds025sw365000\/#primaryimage","url":"https:\/\/www.koonings.com\/wp-content\/uploads\/2025\/09\/51318_c273bb00bbfad7bebc1b153a7895acfb0442046c5b10c89cb70edb3dca6fda9fdeac71db.jpeg","contentUrl":"https:\/\/www.koonings.com\/wp-content\/uploads\/2025\/09\/51318_c273bb00bbfad7bebc1b153a7895acfb0442046c5b10c89cb70edb3dca6fda9fdeac71db.jpeg","width":1440,"height":1920},{"@type":"BreadcrumbList","@id":"https:\/\/www.koonings.com\/de\/product\/sottero-midgley-jenascia-25sw365a01-aermel-ds025sw365000\/#breadcrumb","itemListElement":[{"@type":"ListItem","position":1,"name":"Home","item":"https:\/\/www.koonings.com\/de\/"},{"@type":"ListItem","position":2,"name":"Sottero Midgley Jenascia 25SW365A01 + \u00c4rmel DS025SW365000"}]},{"@type":"WebSite","@id":"https:\/\/www.koonings.com\/de\/#website","url":"https:\/\/www.koonings.com\/de\/","name":"Koonings","description":"De grootste bruidsmodewinkel ter wereld","publisher":{"@id":"https:\/\/www.koonings.com\/de\/#organization"},"potentialAction":[{"@type":"SearchAction","target":{"@type":"EntryPoint","urlTemplate":"https:\/\/www.koonings.com\/de\/?s={search_term_string}"},"query-input":{"@type":"PropertyValueSpecification","valueRequired":true,"valueName":"search_term_string"}}],"inLanguage":"de"},{"@type":"Organization","@id":"https:\/\/www.koonings.com\/de\/#organization","name":"Koonings","url":"https:\/\/www.koonings.com\/de\/","logo":{"@type":"ImageObject","inLanguage":"de","@id":"https:\/\/www.koonings.com\/de\/#\/schema\/logo\/image\/","url":"https:\/\/www.koonings.com\/wp-content\/uploads\/2024\/07\/logo.png","contentUrl":"https:\/\/www.koonings.com\/wp-content\/uploads\/2024\/07\/logo.png","width":600,"height":428,"caption":"Koonings"},"image":{"@id":"https:\/\/www.koonings.com\/de\/#\/schema\/logo\/image\/"},"sameAs":["https:\/\/www.facebook.com\/kooningstheweddingpalace","https:\/\/www.instagram.com\/kooningstheweddingpalace","https:\/\/www.pinterest.com\/koonings","https:\/\/www.youtube.com\/kooningstheweddingpalace"]}]}},"_links":{"self":[{"href":"https:\/\/www.koonings.com\/de\/wp-json\/wp\/v2\/product\/93687","targetHints":{"allow":["GET"]}}],"collection":[{"href":"https:\/\/www.koonings.com\/de\/wp-json\/wp\/v2\/product"}],"about":[{"href":"https:\/\/www.koonings.com\/de\/wp-json\/wp\/v2\/types\/product"}],"wp:featuredmedia":[{"embeddable":true,"href":"https:\/\/www.koonings.com\/de\/wp-json\/wp\/v2\/media\/93301"}],"wp:attachment":[{"href":"https:\/\/www.koonings.com\/de\/wp-json\/wp\/v2\/media?parent=93687"}],"wp:term":[{"taxonomy":"productdetails","embeddable":true,"href":"https:\/\/www.koonings.com\/de\/wp-json\/wp\/v2\/productdetails?post=93687"},{"taxonomy":"productneck","embeddable":true,"href":"https:\/\/www.koonings.com\/de\/wp-json\/wp\/v2\/productneck?post=93687"},{"taxonomy":"productcolor","embeddable":true,"href":"https:\/\/www.koonings.com\/de\/wp-json\/wp\/v2\/productcolor?post=93687"},{"taxonomy":"maat","embeddable":true,"href":"https:\/\/www.koonings.com\/de\/wp-json\/wp\/v2\/maat?post=93687"},{"taxonomy":"productsupplier","embeddable":true,"href":"https:\/\/www.koonings.com\/de\/wp-json\/wp\/v2\/productsupplier?post=93687"},{"taxonomy":"productsleeve","embeddable":true,"href":"https:\/\/www.koonings.com\/de\/wp-json\/wp\/v2\/productsleeve?post=93687"},{"taxonomy":"productcategory","embeddable":true,"href":"https:\/\/www.koonings.com\/de\/wp-json\/wp\/v2\/productcategory?post=93687"},{"taxonomy":"productsilhouette","embeddable":true,"href":"https:\/\/www.koonings.com\/de\/wp-json\/wp\/v2\/productsilhouette?post=93687"},{"taxonomy":"productstyle","embeddable":true,"href":"https:\/\/www.koonings.com\/de\/wp-json\/wp\/v2\/productstyle?post=93687"}],"curies":[{"name":"wp","href":"https:\/\/api.w.org\/{rel}","templated":true}]}}