{"id":93680,"date":"2026-04-28T18:38:35","date_gmt":"2026-04-28T16:38:35","guid":{"rendered":"https:\/\/www.koonings.com\/product\/rebecca-ingram-georgianna-25rk276a01\/"},"modified":"2026-02-17T12:53:07","modified_gmt":"2026-02-17T11:53:07","slug":"rebecca-ingram-georgianna-25rk276a01","status":"publish","type":"product","link":"https:\/\/www.koonings.com\/de\/product\/rebecca-ingram-georgianna-25rk276a01\/","title":{"rendered":"Rebecca Ingram Georgianna 25RK276A01"},"content":{"rendered":"<p>F\u00fcr die Braut, die von einem romantischen und femininen Look tr\u00e4umt. Das Georgianna ist ein A-Linien-Hochzeitskleid aus plissiertem T\u00fcll mit femininen, floralen Akzenten, die f\u00fcr einen weichen, vertr\u00e4umten Look sorgen. <\/p>\n<p>Dieses leichte und elegante Kleid bewegt sich wunderbar mit Ihnen und h\u00fcllt Sie in zeitlose, m\u00e4rchenhafte Sch\u00f6nheit. Perfekt f\u00fcr einen unvergesslichen gro\u00dfen Tag. <\/p>\n","protected":false},"featured_media":92845,"template":"","meta":{"_acf_changed":false,"ghostkit_customizer_options":"","ghostkit_custom_css":"","ghostkit_custom_js_head":"","ghostkit_custom_js_foot":"","ghostkit_typography":""},"productdetails":[379,381],"productneck":[355],"productcolor":[392],"maat":[],"productsupplier":[433],"productsleeve":[359],"productcategory":[18],"productsilhouette":[384],"productstyle":[366],"class_list":["post-93680","product","type-product","status-publish","has-post-thumbnail","hentry","productdetails-379","productdetails-381","productneck-355","productcolor-392","productsupplier-rebecca-ingram","productsleeve-359","productcategory-trouwjurken","productsilhouette-384","productstyle-366"],"acf":[],"yoast_head":"<!-- This site is optimized with the Yoast SEO plugin v27.3 - https:\/\/yoast.com\/product\/yoast-seo-wordpress\/ -->\n<title>Rebecca Ingram Georgianna 25RK276A01 | Koonings<\/title>\n<meta name=\"description\" content=\"F\u00fcr die Braut, die von einem romantischen und femininen Look tr\u00e4umt. Das Georgianna ist ein A-Linien-Hochzeitskleid aus plissiertem T\u00fcll mit femininen, floralen Akzenten, die f\u00fcr einen weichen, vertr\u00e4umten Look sorgen. Dieses leichte und elegante Kleid bewegt sich wunderbar mit Ihnen und h\u00fcllt Sie in zeitlose, m\u00e4rchenhafte Sch\u00f6nheit. Perfekt f\u00fcr einen unvergesslichen gro\u00dfen Tag.\" \/>\n<meta name=\"robots\" content=\"index, follow, max-snippet:-1, max-image-preview:large, max-video-preview:-1\" \/>\n<link rel=\"canonical\" href=\"https:\/\/www.koonings.com\/de\/product\/rebecca-ingram-georgianna-25rk276a01\/\" \/>\n<meta property=\"og:locale\" content=\"de_DE\" \/>\n<meta property=\"og:type\" content=\"article\" \/>\n<meta property=\"og:title\" content=\"Rebecca Ingram Georgianna 25RK276A01 | Koonings\" \/>\n<meta property=\"og:description\" content=\"F\u00fcr die Braut, die von einem romantischen und femininen Look tr\u00e4umt. Das Georgianna ist ein A-Linien-Hochzeitskleid aus plissiertem T\u00fcll mit femininen, floralen Akzenten, die f\u00fcr einen weichen, vertr\u00e4umten Look sorgen. Dieses leichte und elegante Kleid bewegt sich wunderbar mit Ihnen und h\u00fcllt Sie in zeitlose, m\u00e4rchenhafte Sch\u00f6nheit. Perfekt f\u00fcr einen unvergesslichen gro\u00dfen Tag.\" \/>\n<meta property=\"og:url\" content=\"https:\/\/www.koonings.com\/de\/product\/rebecca-ingram-georgianna-25rk276a01\/\" \/>\n<meta property=\"og:site_name\" content=\"Koonings\" \/>\n<meta property=\"article:publisher\" content=\"https:\/\/www.facebook.com\/kooningstheweddingpalace\" \/>\n<meta property=\"og:image\" content=\"https:\/\/www.koonings.com\/wp-content\/uploads\/2025\/09\/51294_20a550df889ff3c21fafe1bf0a9b4c45e0972428b5a6676fbfb602d20add350aa5a08145.jpeg\" \/>\n\t<meta property=\"og:image:width\" content=\"1440\" \/>\n\t<meta property=\"og:image:height\" content=\"1920\" \/>\n\t<meta property=\"og:image:type\" content=\"image\/jpeg\" \/>\n<meta name=\"twitter:card\" content=\"summary_large_image\" \/>\n<script type=\"application\/ld+json\" class=\"yoast-schema-graph\">{\"@context\":\"https:\\\/\\\/schema.org\",\"@graph\":[{\"@type\":\"WebPage\",\"@id\":\"https:\\\/\\\/www.koonings.com\\\/de\\\/product\\\/rebecca-ingram-georgianna-25rk276a01\\\/\",\"url\":\"https:\\\/\\\/www.koonings.com\\\/de\\\/product\\\/rebecca-ingram-georgianna-25rk276a01\\\/\",\"name\":\"Rebecca Ingram Georgianna 25RK276A01 | Koonings\",\"isPartOf\":{\"@id\":\"https:\\\/\\\/www.koonings.com\\\/de\\\/#website\"},\"primaryImageOfPage\":{\"@id\":\"https:\\\/\\\/www.koonings.com\\\/de\\\/product\\\/rebecca-ingram-georgianna-25rk276a01\\\/#primaryimage\"},\"image\":{\"@id\":\"https:\\\/\\\/www.koonings.com\\\/de\\\/product\\\/rebecca-ingram-georgianna-25rk276a01\\\/#primaryimage\"},\"thumbnailUrl\":\"https:\\\/\\\/www.koonings.com\\\/wp-content\\\/uploads\\\/2025\\\/09\\\/51294_20a550df889ff3c21fafe1bf0a9b4c45e0972428b5a6676fbfb602d20add350aa5a08145.jpeg\",\"datePublished\":\"2026-04-28T16:38:35+00:00\",\"description\":\"F\u00fcr die Braut, die von einem romantischen und femininen Look tr\u00e4umt. Das Georgianna ist ein A-Linien-Hochzeitskleid aus plissiertem T\u00fcll mit femininen, floralen Akzenten, die f\u00fcr einen weichen, vertr\u00e4umten Look sorgen. Dieses leichte und elegante Kleid bewegt sich wunderbar mit Ihnen und h\u00fcllt Sie in zeitlose, m\u00e4rchenhafte Sch\u00f6nheit. Perfekt f\u00fcr einen unvergesslichen gro\u00dfen Tag.\",\"breadcrumb\":{\"@id\":\"https:\\\/\\\/www.koonings.com\\\/de\\\/product\\\/rebecca-ingram-georgianna-25rk276a01\\\/#breadcrumb\"},\"inLanguage\":\"de\",\"potentialAction\":[{\"@type\":\"ReadAction\",\"target\":[\"https:\\\/\\\/www.koonings.com\\\/de\\\/product\\\/rebecca-ingram-georgianna-25rk276a01\\\/\"]}]},{\"@type\":\"ImageObject\",\"inLanguage\":\"de\",\"@id\":\"https:\\\/\\\/www.koonings.com\\\/de\\\/product\\\/rebecca-ingram-georgianna-25rk276a01\\\/#primaryimage\",\"url\":\"https:\\\/\\\/www.koonings.com\\\/wp-content\\\/uploads\\\/2025\\\/09\\\/51294_20a550df889ff3c21fafe1bf0a9b4c45e0972428b5a6676fbfb602d20add350aa5a08145.jpeg\",\"contentUrl\":\"https:\\\/\\\/www.koonings.com\\\/wp-content\\\/uploads\\\/2025\\\/09\\\/51294_20a550df889ff3c21fafe1bf0a9b4c45e0972428b5a6676fbfb602d20add350aa5a08145.jpeg\",\"width\":1440,\"height\":1920},{\"@type\":\"BreadcrumbList\",\"@id\":\"https:\\\/\\\/www.koonings.com\\\/de\\\/product\\\/rebecca-ingram-georgianna-25rk276a01\\\/#breadcrumb\",\"itemListElement\":[{\"@type\":\"ListItem\",\"position\":1,\"name\":\"Home\",\"item\":\"https:\\\/\\\/www.koonings.com\\\/de\\\/\"},{\"@type\":\"ListItem\",\"position\":2,\"name\":\"Rebecca Ingram Georgianna 25RK276A01\"}]},{\"@type\":\"WebSite\",\"@id\":\"https:\\\/\\\/www.koonings.com\\\/de\\\/#website\",\"url\":\"https:\\\/\\\/www.koonings.com\\\/de\\\/\",\"name\":\"Koonings\",\"description\":\"De grootste bruidsmodewinkel ter wereld\",\"publisher\":{\"@id\":\"https:\\\/\\\/www.koonings.com\\\/de\\\/#organization\"},\"potentialAction\":[{\"@type\":\"SearchAction\",\"target\":{\"@type\":\"EntryPoint\",\"urlTemplate\":\"https:\\\/\\\/www.koonings.com\\\/de\\\/?s={search_term_string}\"},\"query-input\":{\"@type\":\"PropertyValueSpecification\",\"valueRequired\":true,\"valueName\":\"search_term_string\"}}],\"inLanguage\":\"de\"},{\"@type\":\"Organization\",\"@id\":\"https:\\\/\\\/www.koonings.com\\\/de\\\/#organization\",\"name\":\"Koonings\",\"url\":\"https:\\\/\\\/www.koonings.com\\\/de\\\/\",\"logo\":{\"@type\":\"ImageObject\",\"inLanguage\":\"de\",\"@id\":\"https:\\\/\\\/www.koonings.com\\\/de\\\/#\\\/schema\\\/logo\\\/image\\\/\",\"url\":\"https:\\\/\\\/www.koonings.com\\\/wp-content\\\/uploads\\\/2024\\\/07\\\/logo.png\",\"contentUrl\":\"https:\\\/\\\/www.koonings.com\\\/wp-content\\\/uploads\\\/2024\\\/07\\\/logo.png\",\"width\":600,\"height\":428,\"caption\":\"Koonings\"},\"image\":{\"@id\":\"https:\\\/\\\/www.koonings.com\\\/de\\\/#\\\/schema\\\/logo\\\/image\\\/\"},\"sameAs\":[\"https:\\\/\\\/www.facebook.com\\\/kooningstheweddingpalace\",\"https:\\\/\\\/www.instagram.com\\\/kooningstheweddingpalace\",\"https:\\\/\\\/www.pinterest.com\\\/koonings\",\"https:\\\/\\\/www.youtube.com\\\/kooningstheweddingpalace\"]}]}<\/script>\n<!-- \/ Yoast SEO plugin. -->","yoast_head_json":{"title":"Rebecca Ingram Georgianna 25RK276A01 | Koonings","description":"F\u00fcr die Braut, die von einem romantischen und femininen Look tr\u00e4umt. Das Georgianna ist ein A-Linien-Hochzeitskleid aus plissiertem T\u00fcll mit femininen, floralen Akzenten, die f\u00fcr einen weichen, vertr\u00e4umten Look sorgen. Dieses leichte und elegante Kleid bewegt sich wunderbar mit Ihnen und h\u00fcllt Sie in zeitlose, m\u00e4rchenhafte Sch\u00f6nheit. Perfekt f\u00fcr einen unvergesslichen gro\u00dfen Tag.","robots":{"index":"index","follow":"follow","max-snippet":"max-snippet:-1","max-image-preview":"max-image-preview:large","max-video-preview":"max-video-preview:-1"},"canonical":"https:\/\/www.koonings.com\/de\/product\/rebecca-ingram-georgianna-25rk276a01\/","og_locale":"de_DE","og_type":"article","og_title":"Rebecca Ingram Georgianna 25RK276A01 | Koonings","og_description":"F\u00fcr die Braut, die von einem romantischen und femininen Look tr\u00e4umt. Das Georgianna ist ein A-Linien-Hochzeitskleid aus plissiertem T\u00fcll mit femininen, floralen Akzenten, die f\u00fcr einen weichen, vertr\u00e4umten Look sorgen. Dieses leichte und elegante Kleid bewegt sich wunderbar mit Ihnen und h\u00fcllt Sie in zeitlose, m\u00e4rchenhafte Sch\u00f6nheit. Perfekt f\u00fcr einen unvergesslichen gro\u00dfen Tag.","og_url":"https:\/\/www.koonings.com\/de\/product\/rebecca-ingram-georgianna-25rk276a01\/","og_site_name":"Koonings","article_publisher":"https:\/\/www.facebook.com\/kooningstheweddingpalace","og_image":[{"width":1440,"height":1920,"url":"https:\/\/www.koonings.com\/wp-content\/uploads\/2025\/09\/51294_20a550df889ff3c21fafe1bf0a9b4c45e0972428b5a6676fbfb602d20add350aa5a08145.jpeg","type":"image\/jpeg"}],"twitter_card":"summary_large_image","schema":{"@context":"https:\/\/schema.org","@graph":[{"@type":"WebPage","@id":"https:\/\/www.koonings.com\/de\/product\/rebecca-ingram-georgianna-25rk276a01\/","url":"https:\/\/www.koonings.com\/de\/product\/rebecca-ingram-georgianna-25rk276a01\/","name":"Rebecca Ingram Georgianna 25RK276A01 | Koonings","isPartOf":{"@id":"https:\/\/www.koonings.com\/de\/#website"},"primaryImageOfPage":{"@id":"https:\/\/www.koonings.com\/de\/product\/rebecca-ingram-georgianna-25rk276a01\/#primaryimage"},"image":{"@id":"https:\/\/www.koonings.com\/de\/product\/rebecca-ingram-georgianna-25rk276a01\/#primaryimage"},"thumbnailUrl":"https:\/\/www.koonings.com\/wp-content\/uploads\/2025\/09\/51294_20a550df889ff3c21fafe1bf0a9b4c45e0972428b5a6676fbfb602d20add350aa5a08145.jpeg","datePublished":"2026-04-28T16:38:35+00:00","description":"F\u00fcr die Braut, die von einem romantischen und femininen Look tr\u00e4umt. Das Georgianna ist ein A-Linien-Hochzeitskleid aus plissiertem T\u00fcll mit femininen, floralen Akzenten, die f\u00fcr einen weichen, vertr\u00e4umten Look sorgen. Dieses leichte und elegante Kleid bewegt sich wunderbar mit Ihnen und h\u00fcllt Sie in zeitlose, m\u00e4rchenhafte Sch\u00f6nheit. Perfekt f\u00fcr einen unvergesslichen gro\u00dfen Tag.","breadcrumb":{"@id":"https:\/\/www.koonings.com\/de\/product\/rebecca-ingram-georgianna-25rk276a01\/#breadcrumb"},"inLanguage":"de","potentialAction":[{"@type":"ReadAction","target":["https:\/\/www.koonings.com\/de\/product\/rebecca-ingram-georgianna-25rk276a01\/"]}]},{"@type":"ImageObject","inLanguage":"de","@id":"https:\/\/www.koonings.com\/de\/product\/rebecca-ingram-georgianna-25rk276a01\/#primaryimage","url":"https:\/\/www.koonings.com\/wp-content\/uploads\/2025\/09\/51294_20a550df889ff3c21fafe1bf0a9b4c45e0972428b5a6676fbfb602d20add350aa5a08145.jpeg","contentUrl":"https:\/\/www.koonings.com\/wp-content\/uploads\/2025\/09\/51294_20a550df889ff3c21fafe1bf0a9b4c45e0972428b5a6676fbfb602d20add350aa5a08145.jpeg","width":1440,"height":1920},{"@type":"BreadcrumbList","@id":"https:\/\/www.koonings.com\/de\/product\/rebecca-ingram-georgianna-25rk276a01\/#breadcrumb","itemListElement":[{"@type":"ListItem","position":1,"name":"Home","item":"https:\/\/www.koonings.com\/de\/"},{"@type":"ListItem","position":2,"name":"Rebecca Ingram Georgianna 25RK276A01"}]},{"@type":"WebSite","@id":"https:\/\/www.koonings.com\/de\/#website","url":"https:\/\/www.koonings.com\/de\/","name":"Koonings","description":"De grootste bruidsmodewinkel ter wereld","publisher":{"@id":"https:\/\/www.koonings.com\/de\/#organization"},"potentialAction":[{"@type":"SearchAction","target":{"@type":"EntryPoint","urlTemplate":"https:\/\/www.koonings.com\/de\/?s={search_term_string}"},"query-input":{"@type":"PropertyValueSpecification","valueRequired":true,"valueName":"search_term_string"}}],"inLanguage":"de"},{"@type":"Organization","@id":"https:\/\/www.koonings.com\/de\/#organization","name":"Koonings","url":"https:\/\/www.koonings.com\/de\/","logo":{"@type":"ImageObject","inLanguage":"de","@id":"https:\/\/www.koonings.com\/de\/#\/schema\/logo\/image\/","url":"https:\/\/www.koonings.com\/wp-content\/uploads\/2024\/07\/logo.png","contentUrl":"https:\/\/www.koonings.com\/wp-content\/uploads\/2024\/07\/logo.png","width":600,"height":428,"caption":"Koonings"},"image":{"@id":"https:\/\/www.koonings.com\/de\/#\/schema\/logo\/image\/"},"sameAs":["https:\/\/www.facebook.com\/kooningstheweddingpalace","https:\/\/www.instagram.com\/kooningstheweddingpalace","https:\/\/www.pinterest.com\/koonings","https:\/\/www.youtube.com\/kooningstheweddingpalace"]}]}},"_links":{"self":[{"href":"https:\/\/www.koonings.com\/de\/wp-json\/wp\/v2\/product\/93680","targetHints":{"allow":["GET"]}}],"collection":[{"href":"https:\/\/www.koonings.com\/de\/wp-json\/wp\/v2\/product"}],"about":[{"href":"https:\/\/www.koonings.com\/de\/wp-json\/wp\/v2\/types\/product"}],"wp:featuredmedia":[{"embeddable":true,"href":"https:\/\/www.koonings.com\/de\/wp-json\/wp\/v2\/media\/92845"}],"wp:attachment":[{"href":"https:\/\/www.koonings.com\/de\/wp-json\/wp\/v2\/media?parent=93680"}],"wp:term":[{"taxonomy":"productdetails","embeddable":true,"href":"https:\/\/www.koonings.com\/de\/wp-json\/wp\/v2\/productdetails?post=93680"},{"taxonomy":"productneck","embeddable":true,"href":"https:\/\/www.koonings.com\/de\/wp-json\/wp\/v2\/productneck?post=93680"},{"taxonomy":"productcolor","embeddable":true,"href":"https:\/\/www.koonings.com\/de\/wp-json\/wp\/v2\/productcolor?post=93680"},{"taxonomy":"maat","embeddable":true,"href":"https:\/\/www.koonings.com\/de\/wp-json\/wp\/v2\/maat?post=93680"},{"taxonomy":"productsupplier","embeddable":true,"href":"https:\/\/www.koonings.com\/de\/wp-json\/wp\/v2\/productsupplier?post=93680"},{"taxonomy":"productsleeve","embeddable":true,"href":"https:\/\/www.koonings.com\/de\/wp-json\/wp\/v2\/productsleeve?post=93680"},{"taxonomy":"productcategory","embeddable":true,"href":"https:\/\/www.koonings.com\/de\/wp-json\/wp\/v2\/productcategory?post=93680"},{"taxonomy":"productsilhouette","embeddable":true,"href":"https:\/\/www.koonings.com\/de\/wp-json\/wp\/v2\/productsilhouette?post=93680"},{"taxonomy":"productstyle","embeddable":true,"href":"https:\/\/www.koonings.com\/de\/wp-json\/wp\/v2\/productstyle?post=93680"}],"curies":[{"name":"wp","href":"https:\/\/api.w.org\/{rel}","templated":true}]}}