{"id":93678,"date":"2026-04-28T18:38:34","date_gmt":"2026-04-28T16:38:34","guid":{"rendered":"https:\/\/www.koonings.com\/product\/rebecca-ingram-francesca-25rs883a01-aermel-ds025rs88300\/"},"modified":"2026-02-17T12:55:01","modified_gmt":"2026-02-17T11:55:01","slug":"rebecca-ingram-francesca-25rs883a01-aermel-ds025rs88300","status":"publish","type":"product","link":"https:\/\/www.koonings.com\/de\/product\/rebecca-ingram-francesca-25rs883a01-aermel-ds025rs88300\/","title":{"rendered":"Rebecca Ingram Francesca 25RS883A01 + \u00c4rmel DS025RS88300"},"content":{"rendered":"<p>F\u00fcr die Braut, die subtile Romantik und sanfte Eleganz liebt. Das Francesca ist ein Chiffon-Hochzeitskleid mit einem verspielten, weichen U-Boot-Ausschnitt, der einen vertr\u00e4umten und flie\u00dfenden Look verleiht. <\/p>\n<p>Die leichte, bequeme und zeitlose Francesca passt sich Ihnen m\u00fchelos an und l\u00e4sst Sie an Ihrem gro\u00dfen Tag gl\u00e4nzen, ohne dabei Kompromisse bei Stil und Raffinesse einzugehen.<\/p>\n","protected":false},"featured_media":92828,"template":"","meta":{"_acf_changed":false,"ghostkit_customizer_options":"","ghostkit_custom_css":"","ghostkit_custom_js_head":"","ghostkit_custom_js_foot":"","ghostkit_typography":""},"productdetails":[],"productneck":[354],"productcolor":[392],"maat":[375],"productsupplier":[433],"productsleeve":[],"productcategory":[18],"productsilhouette":[384,389],"productstyle":[365,366],"class_list":["post-93678","product","type-product","status-publish","has-post-thumbnail","hentry","productneck-354","productcolor-392","maat-375","productsupplier-rebecca-ingram","productcategory-trouwjurken","productsilhouette-384","productsilhouette-389","productstyle-365","productstyle-366"],"acf":[],"yoast_head":"<!-- This site is optimized with the Yoast SEO plugin v27.3 - https:\/\/yoast.com\/product\/yoast-seo-wordpress\/ -->\n<title>Rebecca Ingram Francesca 25RS883A01 + \u00c4rmel DS025RS88300 | Koonings<\/title>\n<meta name=\"description\" content=\"F\u00fcr die Braut, die subtile Romantik und sanfte Eleganz liebt. Das Francesca ist ein Chiffon-Hochzeitskleid mit einem verspielten, weichen U-Boot-Ausschnitt, der einen vertr\u00e4umten und flie\u00dfenden Look verleiht. Die leichte, bequeme und zeitlose Francesca passt sich Ihnen m\u00fchelos an und l\u00e4sst Sie an Ihrem gro\u00dfen Tag gl\u00e4nzen, ohne dabei Kompromisse bei Stil und Raffinesse einzugehen.\" \/>\n<meta name=\"robots\" content=\"index, follow, max-snippet:-1, max-image-preview:large, max-video-preview:-1\" \/>\n<link rel=\"canonical\" href=\"https:\/\/www.koonings.com\/de\/product\/rebecca-ingram-francesca-25rs883a01-aermel-ds025rs88300\/\" \/>\n<meta property=\"og:locale\" content=\"de_DE\" \/>\n<meta property=\"og:type\" content=\"article\" \/>\n<meta property=\"og:title\" content=\"Rebecca Ingram Francesca 25RS883A01 + \u00c4rmel DS025RS88300 | Koonings\" \/>\n<meta property=\"og:description\" content=\"F\u00fcr die Braut, die subtile Romantik und sanfte Eleganz liebt. Das Francesca ist ein Chiffon-Hochzeitskleid mit einem verspielten, weichen U-Boot-Ausschnitt, der einen vertr\u00e4umten und flie\u00dfenden Look verleiht. Die leichte, bequeme und zeitlose Francesca passt sich Ihnen m\u00fchelos an und l\u00e4sst Sie an Ihrem gro\u00dfen Tag gl\u00e4nzen, ohne dabei Kompromisse bei Stil und Raffinesse einzugehen.\" \/>\n<meta property=\"og:url\" content=\"https:\/\/www.koonings.com\/de\/product\/rebecca-ingram-francesca-25rs883a01-aermel-ds025rs88300\/\" \/>\n<meta property=\"og:site_name\" content=\"Koonings\" \/>\n<meta property=\"article:publisher\" content=\"https:\/\/www.facebook.com\/kooningstheweddingpalace\" \/>\n<meta property=\"og:image\" content=\"https:\/\/www.koonings.com\/wp-content\/uploads\/2025\/09\/51293_d475adaa65c5662e2f781f1d9218a01536c235893572f96c98a47539da7676f7f2e27d6c.jpeg\" \/>\n\t<meta property=\"og:image:width\" content=\"1440\" \/>\n\t<meta property=\"og:image:height\" content=\"1920\" \/>\n\t<meta property=\"og:image:type\" content=\"image\/jpeg\" \/>\n<meta name=\"twitter:card\" content=\"summary_large_image\" \/>\n<script type=\"application\/ld+json\" class=\"yoast-schema-graph\">{\"@context\":\"https:\\\/\\\/schema.org\",\"@graph\":[{\"@type\":\"WebPage\",\"@id\":\"https:\\\/\\\/www.koonings.com\\\/de\\\/product\\\/rebecca-ingram-francesca-25rs883a01-aermel-ds025rs88300\\\/\",\"url\":\"https:\\\/\\\/www.koonings.com\\\/de\\\/product\\\/rebecca-ingram-francesca-25rs883a01-aermel-ds025rs88300\\\/\",\"name\":\"Rebecca Ingram Francesca 25RS883A01 + \u00c4rmel DS025RS88300 | Koonings\",\"isPartOf\":{\"@id\":\"https:\\\/\\\/www.koonings.com\\\/de\\\/#website\"},\"primaryImageOfPage\":{\"@id\":\"https:\\\/\\\/www.koonings.com\\\/de\\\/product\\\/rebecca-ingram-francesca-25rs883a01-aermel-ds025rs88300\\\/#primaryimage\"},\"image\":{\"@id\":\"https:\\\/\\\/www.koonings.com\\\/de\\\/product\\\/rebecca-ingram-francesca-25rs883a01-aermel-ds025rs88300\\\/#primaryimage\"},\"thumbnailUrl\":\"https:\\\/\\\/www.koonings.com\\\/wp-content\\\/uploads\\\/2025\\\/09\\\/51293_d475adaa65c5662e2f781f1d9218a01536c235893572f96c98a47539da7676f7f2e27d6c.jpeg\",\"datePublished\":\"2026-04-28T16:38:34+00:00\",\"description\":\"F\u00fcr die Braut, die subtile Romantik und sanfte Eleganz liebt. Das Francesca ist ein Chiffon-Hochzeitskleid mit einem verspielten, weichen U-Boot-Ausschnitt, der einen vertr\u00e4umten und flie\u00dfenden Look verleiht. Die leichte, bequeme und zeitlose Francesca passt sich Ihnen m\u00fchelos an und l\u00e4sst Sie an Ihrem gro\u00dfen Tag gl\u00e4nzen, ohne dabei Kompromisse bei Stil und Raffinesse einzugehen.\",\"breadcrumb\":{\"@id\":\"https:\\\/\\\/www.koonings.com\\\/de\\\/product\\\/rebecca-ingram-francesca-25rs883a01-aermel-ds025rs88300\\\/#breadcrumb\"},\"inLanguage\":\"de\",\"potentialAction\":[{\"@type\":\"ReadAction\",\"target\":[\"https:\\\/\\\/www.koonings.com\\\/de\\\/product\\\/rebecca-ingram-francesca-25rs883a01-aermel-ds025rs88300\\\/\"]}]},{\"@type\":\"ImageObject\",\"inLanguage\":\"de\",\"@id\":\"https:\\\/\\\/www.koonings.com\\\/de\\\/product\\\/rebecca-ingram-francesca-25rs883a01-aermel-ds025rs88300\\\/#primaryimage\",\"url\":\"https:\\\/\\\/www.koonings.com\\\/wp-content\\\/uploads\\\/2025\\\/09\\\/51293_d475adaa65c5662e2f781f1d9218a01536c235893572f96c98a47539da7676f7f2e27d6c.jpeg\",\"contentUrl\":\"https:\\\/\\\/www.koonings.com\\\/wp-content\\\/uploads\\\/2025\\\/09\\\/51293_d475adaa65c5662e2f781f1d9218a01536c235893572f96c98a47539da7676f7f2e27d6c.jpeg\",\"width\":1440,\"height\":1920},{\"@type\":\"BreadcrumbList\",\"@id\":\"https:\\\/\\\/www.koonings.com\\\/de\\\/product\\\/rebecca-ingram-francesca-25rs883a01-aermel-ds025rs88300\\\/#breadcrumb\",\"itemListElement\":[{\"@type\":\"ListItem\",\"position\":1,\"name\":\"Home\",\"item\":\"https:\\\/\\\/www.koonings.com\\\/de\\\/\"},{\"@type\":\"ListItem\",\"position\":2,\"name\":\"Rebecca Ingram Francesca 25RS883A01 + \u00c4rmel DS025RS88300\"}]},{\"@type\":\"WebSite\",\"@id\":\"https:\\\/\\\/www.koonings.com\\\/de\\\/#website\",\"url\":\"https:\\\/\\\/www.koonings.com\\\/de\\\/\",\"name\":\"Koonings\",\"description\":\"De grootste bruidsmodewinkel ter wereld\",\"publisher\":{\"@id\":\"https:\\\/\\\/www.koonings.com\\\/de\\\/#organization\"},\"potentialAction\":[{\"@type\":\"SearchAction\",\"target\":{\"@type\":\"EntryPoint\",\"urlTemplate\":\"https:\\\/\\\/www.koonings.com\\\/de\\\/?s={search_term_string}\"},\"query-input\":{\"@type\":\"PropertyValueSpecification\",\"valueRequired\":true,\"valueName\":\"search_term_string\"}}],\"inLanguage\":\"de\"},{\"@type\":\"Organization\",\"@id\":\"https:\\\/\\\/www.koonings.com\\\/de\\\/#organization\",\"name\":\"Koonings\",\"url\":\"https:\\\/\\\/www.koonings.com\\\/de\\\/\",\"logo\":{\"@type\":\"ImageObject\",\"inLanguage\":\"de\",\"@id\":\"https:\\\/\\\/www.koonings.com\\\/de\\\/#\\\/schema\\\/logo\\\/image\\\/\",\"url\":\"https:\\\/\\\/www.koonings.com\\\/wp-content\\\/uploads\\\/2024\\\/07\\\/logo.png\",\"contentUrl\":\"https:\\\/\\\/www.koonings.com\\\/wp-content\\\/uploads\\\/2024\\\/07\\\/logo.png\",\"width\":600,\"height\":428,\"caption\":\"Koonings\"},\"image\":{\"@id\":\"https:\\\/\\\/www.koonings.com\\\/de\\\/#\\\/schema\\\/logo\\\/image\\\/\"},\"sameAs\":[\"https:\\\/\\\/www.facebook.com\\\/kooningstheweddingpalace\",\"https:\\\/\\\/www.instagram.com\\\/kooningstheweddingpalace\",\"https:\\\/\\\/www.pinterest.com\\\/koonings\",\"https:\\\/\\\/www.youtube.com\\\/kooningstheweddingpalace\"]}]}<\/script>\n<!-- \/ Yoast SEO plugin. -->","yoast_head_json":{"title":"Rebecca Ingram Francesca 25RS883A01 + \u00c4rmel DS025RS88300 | Koonings","description":"F\u00fcr die Braut, die subtile Romantik und sanfte Eleganz liebt. Das Francesca ist ein Chiffon-Hochzeitskleid mit einem verspielten, weichen U-Boot-Ausschnitt, der einen vertr\u00e4umten und flie\u00dfenden Look verleiht. Die leichte, bequeme und zeitlose Francesca passt sich Ihnen m\u00fchelos an und l\u00e4sst Sie an Ihrem gro\u00dfen Tag gl\u00e4nzen, ohne dabei Kompromisse bei Stil und Raffinesse einzugehen.","robots":{"index":"index","follow":"follow","max-snippet":"max-snippet:-1","max-image-preview":"max-image-preview:large","max-video-preview":"max-video-preview:-1"},"canonical":"https:\/\/www.koonings.com\/de\/product\/rebecca-ingram-francesca-25rs883a01-aermel-ds025rs88300\/","og_locale":"de_DE","og_type":"article","og_title":"Rebecca Ingram Francesca 25RS883A01 + \u00c4rmel DS025RS88300 | Koonings","og_description":"F\u00fcr die Braut, die subtile Romantik und sanfte Eleganz liebt. Das Francesca ist ein Chiffon-Hochzeitskleid mit einem verspielten, weichen U-Boot-Ausschnitt, der einen vertr\u00e4umten und flie\u00dfenden Look verleiht. Die leichte, bequeme und zeitlose Francesca passt sich Ihnen m\u00fchelos an und l\u00e4sst Sie an Ihrem gro\u00dfen Tag gl\u00e4nzen, ohne dabei Kompromisse bei Stil und Raffinesse einzugehen.","og_url":"https:\/\/www.koonings.com\/de\/product\/rebecca-ingram-francesca-25rs883a01-aermel-ds025rs88300\/","og_site_name":"Koonings","article_publisher":"https:\/\/www.facebook.com\/kooningstheweddingpalace","og_image":[{"width":1440,"height":1920,"url":"https:\/\/www.koonings.com\/wp-content\/uploads\/2025\/09\/51293_d475adaa65c5662e2f781f1d9218a01536c235893572f96c98a47539da7676f7f2e27d6c.jpeg","type":"image\/jpeg"}],"twitter_card":"summary_large_image","schema":{"@context":"https:\/\/schema.org","@graph":[{"@type":"WebPage","@id":"https:\/\/www.koonings.com\/de\/product\/rebecca-ingram-francesca-25rs883a01-aermel-ds025rs88300\/","url":"https:\/\/www.koonings.com\/de\/product\/rebecca-ingram-francesca-25rs883a01-aermel-ds025rs88300\/","name":"Rebecca Ingram Francesca 25RS883A01 + \u00c4rmel DS025RS88300 | Koonings","isPartOf":{"@id":"https:\/\/www.koonings.com\/de\/#website"},"primaryImageOfPage":{"@id":"https:\/\/www.koonings.com\/de\/product\/rebecca-ingram-francesca-25rs883a01-aermel-ds025rs88300\/#primaryimage"},"image":{"@id":"https:\/\/www.koonings.com\/de\/product\/rebecca-ingram-francesca-25rs883a01-aermel-ds025rs88300\/#primaryimage"},"thumbnailUrl":"https:\/\/www.koonings.com\/wp-content\/uploads\/2025\/09\/51293_d475adaa65c5662e2f781f1d9218a01536c235893572f96c98a47539da7676f7f2e27d6c.jpeg","datePublished":"2026-04-28T16:38:34+00:00","description":"F\u00fcr die Braut, die subtile Romantik und sanfte Eleganz liebt. Das Francesca ist ein Chiffon-Hochzeitskleid mit einem verspielten, weichen U-Boot-Ausschnitt, der einen vertr\u00e4umten und flie\u00dfenden Look verleiht. Die leichte, bequeme und zeitlose Francesca passt sich Ihnen m\u00fchelos an und l\u00e4sst Sie an Ihrem gro\u00dfen Tag gl\u00e4nzen, ohne dabei Kompromisse bei Stil und Raffinesse einzugehen.","breadcrumb":{"@id":"https:\/\/www.koonings.com\/de\/product\/rebecca-ingram-francesca-25rs883a01-aermel-ds025rs88300\/#breadcrumb"},"inLanguage":"de","potentialAction":[{"@type":"ReadAction","target":["https:\/\/www.koonings.com\/de\/product\/rebecca-ingram-francesca-25rs883a01-aermel-ds025rs88300\/"]}]},{"@type":"ImageObject","inLanguage":"de","@id":"https:\/\/www.koonings.com\/de\/product\/rebecca-ingram-francesca-25rs883a01-aermel-ds025rs88300\/#primaryimage","url":"https:\/\/www.koonings.com\/wp-content\/uploads\/2025\/09\/51293_d475adaa65c5662e2f781f1d9218a01536c235893572f96c98a47539da7676f7f2e27d6c.jpeg","contentUrl":"https:\/\/www.koonings.com\/wp-content\/uploads\/2025\/09\/51293_d475adaa65c5662e2f781f1d9218a01536c235893572f96c98a47539da7676f7f2e27d6c.jpeg","width":1440,"height":1920},{"@type":"BreadcrumbList","@id":"https:\/\/www.koonings.com\/de\/product\/rebecca-ingram-francesca-25rs883a01-aermel-ds025rs88300\/#breadcrumb","itemListElement":[{"@type":"ListItem","position":1,"name":"Home","item":"https:\/\/www.koonings.com\/de\/"},{"@type":"ListItem","position":2,"name":"Rebecca Ingram Francesca 25RS883A01 + \u00c4rmel DS025RS88300"}]},{"@type":"WebSite","@id":"https:\/\/www.koonings.com\/de\/#website","url":"https:\/\/www.koonings.com\/de\/","name":"Koonings","description":"De grootste bruidsmodewinkel ter wereld","publisher":{"@id":"https:\/\/www.koonings.com\/de\/#organization"},"potentialAction":[{"@type":"SearchAction","target":{"@type":"EntryPoint","urlTemplate":"https:\/\/www.koonings.com\/de\/?s={search_term_string}"},"query-input":{"@type":"PropertyValueSpecification","valueRequired":true,"valueName":"search_term_string"}}],"inLanguage":"de"},{"@type":"Organization","@id":"https:\/\/www.koonings.com\/de\/#organization","name":"Koonings","url":"https:\/\/www.koonings.com\/de\/","logo":{"@type":"ImageObject","inLanguage":"de","@id":"https:\/\/www.koonings.com\/de\/#\/schema\/logo\/image\/","url":"https:\/\/www.koonings.com\/wp-content\/uploads\/2024\/07\/logo.png","contentUrl":"https:\/\/www.koonings.com\/wp-content\/uploads\/2024\/07\/logo.png","width":600,"height":428,"caption":"Koonings"},"image":{"@id":"https:\/\/www.koonings.com\/de\/#\/schema\/logo\/image\/"},"sameAs":["https:\/\/www.facebook.com\/kooningstheweddingpalace","https:\/\/www.instagram.com\/kooningstheweddingpalace","https:\/\/www.pinterest.com\/koonings","https:\/\/www.youtube.com\/kooningstheweddingpalace"]}]}},"_links":{"self":[{"href":"https:\/\/www.koonings.com\/de\/wp-json\/wp\/v2\/product\/93678","targetHints":{"allow":["GET"]}}],"collection":[{"href":"https:\/\/www.koonings.com\/de\/wp-json\/wp\/v2\/product"}],"about":[{"href":"https:\/\/www.koonings.com\/de\/wp-json\/wp\/v2\/types\/product"}],"wp:featuredmedia":[{"embeddable":true,"href":"https:\/\/www.koonings.com\/de\/wp-json\/wp\/v2\/media\/92828"}],"wp:attachment":[{"href":"https:\/\/www.koonings.com\/de\/wp-json\/wp\/v2\/media?parent=93678"}],"wp:term":[{"taxonomy":"productdetails","embeddable":true,"href":"https:\/\/www.koonings.com\/de\/wp-json\/wp\/v2\/productdetails?post=93678"},{"taxonomy":"productneck","embeddable":true,"href":"https:\/\/www.koonings.com\/de\/wp-json\/wp\/v2\/productneck?post=93678"},{"taxonomy":"productcolor","embeddable":true,"href":"https:\/\/www.koonings.com\/de\/wp-json\/wp\/v2\/productcolor?post=93678"},{"taxonomy":"maat","embeddable":true,"href":"https:\/\/www.koonings.com\/de\/wp-json\/wp\/v2\/maat?post=93678"},{"taxonomy":"productsupplier","embeddable":true,"href":"https:\/\/www.koonings.com\/de\/wp-json\/wp\/v2\/productsupplier?post=93678"},{"taxonomy":"productsleeve","embeddable":true,"href":"https:\/\/www.koonings.com\/de\/wp-json\/wp\/v2\/productsleeve?post=93678"},{"taxonomy":"productcategory","embeddable":true,"href":"https:\/\/www.koonings.com\/de\/wp-json\/wp\/v2\/productcategory?post=93678"},{"taxonomy":"productsilhouette","embeddable":true,"href":"https:\/\/www.koonings.com\/de\/wp-json\/wp\/v2\/productsilhouette?post=93678"},{"taxonomy":"productstyle","embeddable":true,"href":"https:\/\/www.koonings.com\/de\/wp-json\/wp\/v2\/productstyle?post=93678"}],"curies":[{"name":"wp","href":"https:\/\/api.w.org\/{rel}","templated":true}]}}