{"id":93672,"date":"2026-04-28T18:34:49","date_gmt":"2026-04-28T16:34:49","guid":{"rendered":"https:\/\/www.koonings.com\/product\/herve-paris-roman-satiniert\/"},"modified":"2026-04-14T15:40:13","modified_gmt":"2026-04-14T13:40:13","slug":"herve-paris-roman-satiniert","status":"publish","type":"product","link":"https:\/\/www.koonings.com\/de\/product\/herve-paris-roman-satiniert\/","title":{"rendered":"Herve Paris Novel-B Kleid satiniert"},"content":{"rendered":"<p>F\u00fcr die Braut, die Drama und Eleganz liebt. Dieses atemberaubende Kleid kombiniert einen volumin\u00f6sen Mikado-Prinzessinnenrock, der eine beeindruckende und zeitlose Silhouette kreiert, mit einem Mikado-Oberteil mit Rundhalsausschnitt und schulterfreien Tr\u00e4gern, das wundersch\u00f6n mit 3D-Blumen verziert ist. <\/p>\n<p>Die \u00fcberkreuzten Details auf dem R\u00fccken verleihen dem Kleid eine raffinierte, stilvolle Note und sorgen f\u00fcr die perfekte Balance aus Romantik und modernem Design. F\u00fcr diejenigen, die einen glatteren Look bevorzugen, ist dieses Kleid auch in Satin als Novel-B erh\u00e4ltlich. <\/p>\n","protected":false},"featured_media":93532,"template":"","meta":{"_acf_changed":false,"ghostkit_customizer_options":"","ghostkit_custom_css":"","ghostkit_custom_js_head":"","ghostkit_custom_js_foot":"","ghostkit_typography":""},"productdetails":[],"productneck":[352,354],"productcolor":[392],"maat":[],"productsupplier":[424],"productsleeve":[],"productcategory":[18],"productsilhouette":[388],"productstyle":[372,366],"class_list":["post-93672","product","type-product","status-publish","has-post-thumbnail","hentry","productneck-352","productneck-354","productcolor-392","productsupplier-herve-paris","productcategory-trouwjurken","productsilhouette-388","productstyle-372","productstyle-366"],"acf":[],"yoast_head":"<!-- This site is optimized with the Yoast SEO plugin v27.3 - https:\/\/yoast.com\/product\/yoast-seo-wordpress\/ -->\n<title>Herve Paris Novel-B Kleid satiniert | Koonings<\/title>\n<meta name=\"description\" content=\"F\u00fcr die Braut, die Drama und Eleganz liebt. Dieses atemberaubende Kleid kombiniert einen volumin\u00f6sen Mikado-Prinzessinnenrock, der eine beeindruckende und zeitlose Silhouette kreiert, mit einem Mikado-Oberteil mit Rundhalsausschnitt und schulterfreien Tr\u00e4gern, das wundersch\u00f6n mit 3D-Blumen verziert ist. Die \u00fcberkreuzten Details auf dem R\u00fccken verleihen dem Kleid eine raffinierte, stilvolle Note und sorgen f\u00fcr die perfekte Balance aus Romantik und modernem Design. F\u00fcr diejenigen, die einen glatteren Look bevorzugen, ist dieses Kleid auch in Satin als Novel-B erh\u00e4ltlich.\" \/>\n<meta name=\"robots\" content=\"index, follow, max-snippet:-1, max-image-preview:large, max-video-preview:-1\" \/>\n<link rel=\"canonical\" href=\"https:\/\/www.koonings.com\/de\/product\/herve-paris-roman-satiniert\/\" \/>\n<meta property=\"og:locale\" content=\"de_DE\" \/>\n<meta property=\"og:type\" content=\"article\" \/>\n<meta property=\"og:title\" content=\"Herve Paris Novel-B Kleid satiniert | Koonings\" \/>\n<meta property=\"og:description\" content=\"F\u00fcr die Braut, die Drama und Eleganz liebt. Dieses atemberaubende Kleid kombiniert einen volumin\u00f6sen Mikado-Prinzessinnenrock, der eine beeindruckende und zeitlose Silhouette kreiert, mit einem Mikado-Oberteil mit Rundhalsausschnitt und schulterfreien Tr\u00e4gern, das wundersch\u00f6n mit 3D-Blumen verziert ist. Die \u00fcberkreuzten Details auf dem R\u00fccken verleihen dem Kleid eine raffinierte, stilvolle Note und sorgen f\u00fcr die perfekte Balance aus Romantik und modernem Design. F\u00fcr diejenigen, die einen glatteren Look bevorzugen, ist dieses Kleid auch in Satin als Novel-B erh\u00e4ltlich.\" \/>\n<meta property=\"og:url\" content=\"https:\/\/www.koonings.com\/de\/product\/herve-paris-roman-satiniert\/\" \/>\n<meta property=\"og:site_name\" content=\"Koonings\" \/>\n<meta property=\"article:publisher\" content=\"https:\/\/www.facebook.com\/kooningstheweddingpalace\" \/>\n<meta property=\"og:image\" content=\"https:\/\/www.koonings.com\/wp-content\/uploads\/2025\/09\/51073_285b1481e2407b68f79010c150c24facb9899901e56b74bba94280e3611642a696e6531b.jpeg\" \/>\n\t<meta property=\"og:image:width\" content=\"1098\" \/>\n\t<meta property=\"og:image:height\" content=\"1553\" \/>\n\t<meta property=\"og:image:type\" content=\"image\/jpeg\" \/>\n<meta name=\"twitter:card\" content=\"summary_large_image\" \/>\n<script type=\"application\/ld+json\" class=\"yoast-schema-graph\">{\"@context\":\"https:\\\/\\\/schema.org\",\"@graph\":[{\"@type\":\"WebPage\",\"@id\":\"https:\\\/\\\/www.koonings.com\\\/de\\\/product\\\/herve-paris-roman-satiniert\\\/\",\"url\":\"https:\\\/\\\/www.koonings.com\\\/de\\\/product\\\/herve-paris-roman-satiniert\\\/\",\"name\":\"Herve Paris Novel-B Kleid satiniert | Koonings\",\"isPartOf\":{\"@id\":\"https:\\\/\\\/www.koonings.com\\\/de\\\/#website\"},\"primaryImageOfPage\":{\"@id\":\"https:\\\/\\\/www.koonings.com\\\/de\\\/product\\\/herve-paris-roman-satiniert\\\/#primaryimage\"},\"image\":{\"@id\":\"https:\\\/\\\/www.koonings.com\\\/de\\\/product\\\/herve-paris-roman-satiniert\\\/#primaryimage\"},\"thumbnailUrl\":\"https:\\\/\\\/www.koonings.com\\\/wp-content\\\/uploads\\\/2025\\\/09\\\/51073_285b1481e2407b68f79010c150c24facb9899901e56b74bba94280e3611642a696e6531b.jpeg\",\"datePublished\":\"2026-04-28T16:34:49+00:00\",\"description\":\"F\u00fcr die Braut, die Drama und Eleganz liebt. Dieses atemberaubende Kleid kombiniert einen volumin\u00f6sen Mikado-Prinzessinnenrock, der eine beeindruckende und zeitlose Silhouette kreiert, mit einem Mikado-Oberteil mit Rundhalsausschnitt und schulterfreien Tr\u00e4gern, das wundersch\u00f6n mit 3D-Blumen verziert ist. Die \u00fcberkreuzten Details auf dem R\u00fccken verleihen dem Kleid eine raffinierte, stilvolle Note und sorgen f\u00fcr die perfekte Balance aus Romantik und modernem Design. F\u00fcr diejenigen, die einen glatteren Look bevorzugen, ist dieses Kleid auch in Satin als Novel-B erh\u00e4ltlich.\",\"breadcrumb\":{\"@id\":\"https:\\\/\\\/www.koonings.com\\\/de\\\/product\\\/herve-paris-roman-satiniert\\\/#breadcrumb\"},\"inLanguage\":\"de\",\"potentialAction\":[{\"@type\":\"ReadAction\",\"target\":[\"https:\\\/\\\/www.koonings.com\\\/de\\\/product\\\/herve-paris-roman-satiniert\\\/\"]}]},{\"@type\":\"ImageObject\",\"inLanguage\":\"de\",\"@id\":\"https:\\\/\\\/www.koonings.com\\\/de\\\/product\\\/herve-paris-roman-satiniert\\\/#primaryimage\",\"url\":\"https:\\\/\\\/www.koonings.com\\\/wp-content\\\/uploads\\\/2025\\\/09\\\/51073_285b1481e2407b68f79010c150c24facb9899901e56b74bba94280e3611642a696e6531b.jpeg\",\"contentUrl\":\"https:\\\/\\\/www.koonings.com\\\/wp-content\\\/uploads\\\/2025\\\/09\\\/51073_285b1481e2407b68f79010c150c24facb9899901e56b74bba94280e3611642a696e6531b.jpeg\",\"width\":1098,\"height\":1553},{\"@type\":\"BreadcrumbList\",\"@id\":\"https:\\\/\\\/www.koonings.com\\\/de\\\/product\\\/herve-paris-roman-satiniert\\\/#breadcrumb\",\"itemListElement\":[{\"@type\":\"ListItem\",\"position\":1,\"name\":\"Home\",\"item\":\"https:\\\/\\\/www.koonings.com\\\/de\\\/\"},{\"@type\":\"ListItem\",\"position\":2,\"name\":\"Herve Paris Novel-B Kleid satiniert\"}]},{\"@type\":\"WebSite\",\"@id\":\"https:\\\/\\\/www.koonings.com\\\/de\\\/#website\",\"url\":\"https:\\\/\\\/www.koonings.com\\\/de\\\/\",\"name\":\"Koonings\",\"description\":\"De grootste bruidsmodewinkel ter wereld\",\"publisher\":{\"@id\":\"https:\\\/\\\/www.koonings.com\\\/de\\\/#organization\"},\"potentialAction\":[{\"@type\":\"SearchAction\",\"target\":{\"@type\":\"EntryPoint\",\"urlTemplate\":\"https:\\\/\\\/www.koonings.com\\\/de\\\/?s={search_term_string}\"},\"query-input\":{\"@type\":\"PropertyValueSpecification\",\"valueRequired\":true,\"valueName\":\"search_term_string\"}}],\"inLanguage\":\"de\"},{\"@type\":\"Organization\",\"@id\":\"https:\\\/\\\/www.koonings.com\\\/de\\\/#organization\",\"name\":\"Koonings\",\"url\":\"https:\\\/\\\/www.koonings.com\\\/de\\\/\",\"logo\":{\"@type\":\"ImageObject\",\"inLanguage\":\"de\",\"@id\":\"https:\\\/\\\/www.koonings.com\\\/de\\\/#\\\/schema\\\/logo\\\/image\\\/\",\"url\":\"https:\\\/\\\/www.koonings.com\\\/wp-content\\\/uploads\\\/2024\\\/07\\\/logo.png\",\"contentUrl\":\"https:\\\/\\\/www.koonings.com\\\/wp-content\\\/uploads\\\/2024\\\/07\\\/logo.png\",\"width\":600,\"height\":428,\"caption\":\"Koonings\"},\"image\":{\"@id\":\"https:\\\/\\\/www.koonings.com\\\/de\\\/#\\\/schema\\\/logo\\\/image\\\/\"},\"sameAs\":[\"https:\\\/\\\/www.facebook.com\\\/kooningstheweddingpalace\",\"https:\\\/\\\/www.instagram.com\\\/kooningstheweddingpalace\",\"https:\\\/\\\/www.pinterest.com\\\/koonings\",\"https:\\\/\\\/www.youtube.com\\\/kooningstheweddingpalace\"]}]}<\/script>\n<!-- \/ Yoast SEO plugin. -->","yoast_head_json":{"title":"Herve Paris Novel-B Kleid satiniert | Koonings","description":"F\u00fcr die Braut, die Drama und Eleganz liebt. Dieses atemberaubende Kleid kombiniert einen volumin\u00f6sen Mikado-Prinzessinnenrock, der eine beeindruckende und zeitlose Silhouette kreiert, mit einem Mikado-Oberteil mit Rundhalsausschnitt und schulterfreien Tr\u00e4gern, das wundersch\u00f6n mit 3D-Blumen verziert ist. Die \u00fcberkreuzten Details auf dem R\u00fccken verleihen dem Kleid eine raffinierte, stilvolle Note und sorgen f\u00fcr die perfekte Balance aus Romantik und modernem Design. F\u00fcr diejenigen, die einen glatteren Look bevorzugen, ist dieses Kleid auch in Satin als Novel-B erh\u00e4ltlich.","robots":{"index":"index","follow":"follow","max-snippet":"max-snippet:-1","max-image-preview":"max-image-preview:large","max-video-preview":"max-video-preview:-1"},"canonical":"https:\/\/www.koonings.com\/de\/product\/herve-paris-roman-satiniert\/","og_locale":"de_DE","og_type":"article","og_title":"Herve Paris Novel-B Kleid satiniert | Koonings","og_description":"F\u00fcr die Braut, die Drama und Eleganz liebt. Dieses atemberaubende Kleid kombiniert einen volumin\u00f6sen Mikado-Prinzessinnenrock, der eine beeindruckende und zeitlose Silhouette kreiert, mit einem Mikado-Oberteil mit Rundhalsausschnitt und schulterfreien Tr\u00e4gern, das wundersch\u00f6n mit 3D-Blumen verziert ist. Die \u00fcberkreuzten Details auf dem R\u00fccken verleihen dem Kleid eine raffinierte, stilvolle Note und sorgen f\u00fcr die perfekte Balance aus Romantik und modernem Design. F\u00fcr diejenigen, die einen glatteren Look bevorzugen, ist dieses Kleid auch in Satin als Novel-B erh\u00e4ltlich.","og_url":"https:\/\/www.koonings.com\/de\/product\/herve-paris-roman-satiniert\/","og_site_name":"Koonings","article_publisher":"https:\/\/www.facebook.com\/kooningstheweddingpalace","og_image":[{"width":1098,"height":1553,"url":"https:\/\/www.koonings.com\/wp-content\/uploads\/2025\/09\/51073_285b1481e2407b68f79010c150c24facb9899901e56b74bba94280e3611642a696e6531b.jpeg","type":"image\/jpeg"}],"twitter_card":"summary_large_image","schema":{"@context":"https:\/\/schema.org","@graph":[{"@type":"WebPage","@id":"https:\/\/www.koonings.com\/de\/product\/herve-paris-roman-satiniert\/","url":"https:\/\/www.koonings.com\/de\/product\/herve-paris-roman-satiniert\/","name":"Herve Paris Novel-B Kleid satiniert | Koonings","isPartOf":{"@id":"https:\/\/www.koonings.com\/de\/#website"},"primaryImageOfPage":{"@id":"https:\/\/www.koonings.com\/de\/product\/herve-paris-roman-satiniert\/#primaryimage"},"image":{"@id":"https:\/\/www.koonings.com\/de\/product\/herve-paris-roman-satiniert\/#primaryimage"},"thumbnailUrl":"https:\/\/www.koonings.com\/wp-content\/uploads\/2025\/09\/51073_285b1481e2407b68f79010c150c24facb9899901e56b74bba94280e3611642a696e6531b.jpeg","datePublished":"2026-04-28T16:34:49+00:00","description":"F\u00fcr die Braut, die Drama und Eleganz liebt. Dieses atemberaubende Kleid kombiniert einen volumin\u00f6sen Mikado-Prinzessinnenrock, der eine beeindruckende und zeitlose Silhouette kreiert, mit einem Mikado-Oberteil mit Rundhalsausschnitt und schulterfreien Tr\u00e4gern, das wundersch\u00f6n mit 3D-Blumen verziert ist. Die \u00fcberkreuzten Details auf dem R\u00fccken verleihen dem Kleid eine raffinierte, stilvolle Note und sorgen f\u00fcr die perfekte Balance aus Romantik und modernem Design. F\u00fcr diejenigen, die einen glatteren Look bevorzugen, ist dieses Kleid auch in Satin als Novel-B erh\u00e4ltlich.","breadcrumb":{"@id":"https:\/\/www.koonings.com\/de\/product\/herve-paris-roman-satiniert\/#breadcrumb"},"inLanguage":"de","potentialAction":[{"@type":"ReadAction","target":["https:\/\/www.koonings.com\/de\/product\/herve-paris-roman-satiniert\/"]}]},{"@type":"ImageObject","inLanguage":"de","@id":"https:\/\/www.koonings.com\/de\/product\/herve-paris-roman-satiniert\/#primaryimage","url":"https:\/\/www.koonings.com\/wp-content\/uploads\/2025\/09\/51073_285b1481e2407b68f79010c150c24facb9899901e56b74bba94280e3611642a696e6531b.jpeg","contentUrl":"https:\/\/www.koonings.com\/wp-content\/uploads\/2025\/09\/51073_285b1481e2407b68f79010c150c24facb9899901e56b74bba94280e3611642a696e6531b.jpeg","width":1098,"height":1553},{"@type":"BreadcrumbList","@id":"https:\/\/www.koonings.com\/de\/product\/herve-paris-roman-satiniert\/#breadcrumb","itemListElement":[{"@type":"ListItem","position":1,"name":"Home","item":"https:\/\/www.koonings.com\/de\/"},{"@type":"ListItem","position":2,"name":"Herve Paris Novel-B Kleid satiniert"}]},{"@type":"WebSite","@id":"https:\/\/www.koonings.com\/de\/#website","url":"https:\/\/www.koonings.com\/de\/","name":"Koonings","description":"De grootste bruidsmodewinkel ter wereld","publisher":{"@id":"https:\/\/www.koonings.com\/de\/#organization"},"potentialAction":[{"@type":"SearchAction","target":{"@type":"EntryPoint","urlTemplate":"https:\/\/www.koonings.com\/de\/?s={search_term_string}"},"query-input":{"@type":"PropertyValueSpecification","valueRequired":true,"valueName":"search_term_string"}}],"inLanguage":"de"},{"@type":"Organization","@id":"https:\/\/www.koonings.com\/de\/#organization","name":"Koonings","url":"https:\/\/www.koonings.com\/de\/","logo":{"@type":"ImageObject","inLanguage":"de","@id":"https:\/\/www.koonings.com\/de\/#\/schema\/logo\/image\/","url":"https:\/\/www.koonings.com\/wp-content\/uploads\/2024\/07\/logo.png","contentUrl":"https:\/\/www.koonings.com\/wp-content\/uploads\/2024\/07\/logo.png","width":600,"height":428,"caption":"Koonings"},"image":{"@id":"https:\/\/www.koonings.com\/de\/#\/schema\/logo\/image\/"},"sameAs":["https:\/\/www.facebook.com\/kooningstheweddingpalace","https:\/\/www.instagram.com\/kooningstheweddingpalace","https:\/\/www.pinterest.com\/koonings","https:\/\/www.youtube.com\/kooningstheweddingpalace"]}]}},"_links":{"self":[{"href":"https:\/\/www.koonings.com\/de\/wp-json\/wp\/v2\/product\/93672","targetHints":{"allow":["GET"]}}],"collection":[{"href":"https:\/\/www.koonings.com\/de\/wp-json\/wp\/v2\/product"}],"about":[{"href":"https:\/\/www.koonings.com\/de\/wp-json\/wp\/v2\/types\/product"}],"wp:featuredmedia":[{"embeddable":true,"href":"https:\/\/www.koonings.com\/de\/wp-json\/wp\/v2\/media\/93532"}],"wp:attachment":[{"href":"https:\/\/www.koonings.com\/de\/wp-json\/wp\/v2\/media?parent=93672"}],"wp:term":[{"taxonomy":"productdetails","embeddable":true,"href":"https:\/\/www.koonings.com\/de\/wp-json\/wp\/v2\/productdetails?post=93672"},{"taxonomy":"productneck","embeddable":true,"href":"https:\/\/www.koonings.com\/de\/wp-json\/wp\/v2\/productneck?post=93672"},{"taxonomy":"productcolor","embeddable":true,"href":"https:\/\/www.koonings.com\/de\/wp-json\/wp\/v2\/productcolor?post=93672"},{"taxonomy":"maat","embeddable":true,"href":"https:\/\/www.koonings.com\/de\/wp-json\/wp\/v2\/maat?post=93672"},{"taxonomy":"productsupplier","embeddable":true,"href":"https:\/\/www.koonings.com\/de\/wp-json\/wp\/v2\/productsupplier?post=93672"},{"taxonomy":"productsleeve","embeddable":true,"href":"https:\/\/www.koonings.com\/de\/wp-json\/wp\/v2\/productsleeve?post=93672"},{"taxonomy":"productcategory","embeddable":true,"href":"https:\/\/www.koonings.com\/de\/wp-json\/wp\/v2\/productcategory?post=93672"},{"taxonomy":"productsilhouette","embeddable":true,"href":"https:\/\/www.koonings.com\/de\/wp-json\/wp\/v2\/productsilhouette?post=93672"},{"taxonomy":"productstyle","embeddable":true,"href":"https:\/\/www.koonings.com\/de\/wp-json\/wp\/v2\/productstyle?post=93672"}],"curies":[{"name":"wp","href":"https:\/\/api.w.org\/{rel}","templated":true}]}}