{"id":93667,"date":"2026-04-28T18:38:42","date_gmt":"2026-04-28T16:38:42","guid":{"rendered":"https:\/\/www.koonings.com\/product\/rebecca-ingram-mohnblume-24rs155a01\/"},"modified":"2026-02-17T12:21:38","modified_gmt":"2026-02-17T11:21:38","slug":"rebecca-ingram-mohnblume-24rs155a01","status":"publish","type":"product","link":"https:\/\/www.koonings.com\/de\/product\/rebecca-ingram-mohnblume-24rs155a01\/","title":{"rendered":"Rebecca Ingram Mohnblume 24RS155A01"},"content":{"rendered":"<p>F\u00fcr die Braut, die Eleganz und einen Hauch von Wagemut kombinieren m\u00f6chte. Das Poppy ist ein A-Linien-Brautkleid f\u00fcr \u00dcbergr\u00f6\u00dfen aus luftigem Chiffon mit einem Mieder aus Illusionsspitze und einem verf\u00fchrerischen Schlitz am Oberschenkel. <\/p>\n<p>Das Kleid bietet eine schmeichelhafte Passform und Bewegungsfreiheit, w\u00e4hrend die Spitzendetails und der Seitenschlitz einen modernen, glamour\u00f6sen Touch verleihen. Perfekt f\u00fcr Br\u00e4ute, die an ihrem gro\u00dfen Tag selbstbewusst und strahlend aussehen m\u00f6chten. <\/p>\n","protected":false},"featured_media":93122,"template":"","meta":{"_acf_changed":false,"ghostkit_customizer_options":"","ghostkit_custom_css":"","ghostkit_custom_js_head":"","ghostkit_custom_js_foot":"","ghostkit_typography":""},"productdetails":[378],"productneck":[351],"productcolor":[392],"maat":[375],"productsupplier":[433],"productsleeve":[359],"productcategory":[18],"productsilhouette":[384],"productstyle":[366,370],"class_list":["post-93667","product","type-product","status-publish","has-post-thumbnail","hentry","productdetails-378","productneck-351","productcolor-392","maat-375","productsupplier-rebecca-ingram","productsleeve-359","productcategory-trouwjurken","productsilhouette-384","productstyle-366","productstyle-370"],"acf":[],"yoast_head":"<!-- This site is optimized with the Yoast SEO plugin v27.3 - https:\/\/yoast.com\/product\/yoast-seo-wordpress\/ -->\n<title>Rebecca Ingram Mohnblume 24RS155A01 | Koonings<\/title>\n<meta name=\"description\" content=\"F\u00fcr die Braut, die Eleganz und einen Hauch von Wagemut kombinieren m\u00f6chte. Das Poppy ist ein A-Linien-Brautkleid f\u00fcr \u00dcbergr\u00f6\u00dfen aus luftigem Chiffon mit einem Mieder aus Illusionsspitze und einem verf\u00fchrerischen Schlitz am Oberschenkel. Das Kleid bietet eine schmeichelhafte Passform und Bewegungsfreiheit, w\u00e4hrend die Spitzendetails und der Seitenschlitz einen modernen, glamour\u00f6sen Touch verleihen. Perfekt f\u00fcr Br\u00e4ute, die an ihrem gro\u00dfen Tag selbstbewusst und strahlend aussehen m\u00f6chten.\" \/>\n<meta name=\"robots\" content=\"index, follow, max-snippet:-1, max-image-preview:large, max-video-preview:-1\" \/>\n<link rel=\"canonical\" href=\"https:\/\/www.koonings.com\/de\/product\/rebecca-ingram-mohnblume-24rs155a01\/\" \/>\n<meta property=\"og:locale\" content=\"de_DE\" \/>\n<meta property=\"og:type\" content=\"article\" \/>\n<meta property=\"og:title\" content=\"Rebecca Ingram Mohnblume 24RS155A01 | Koonings\" \/>\n<meta property=\"og:description\" content=\"F\u00fcr die Braut, die Eleganz und einen Hauch von Wagemut kombinieren m\u00f6chte. Das Poppy ist ein A-Linien-Brautkleid f\u00fcr \u00dcbergr\u00f6\u00dfen aus luftigem Chiffon mit einem Mieder aus Illusionsspitze und einem verf\u00fchrerischen Schlitz am Oberschenkel. Das Kleid bietet eine schmeichelhafte Passform und Bewegungsfreiheit, w\u00e4hrend die Spitzendetails und der Seitenschlitz einen modernen, glamour\u00f6sen Touch verleihen. Perfekt f\u00fcr Br\u00e4ute, die an ihrem gro\u00dfen Tag selbstbewusst und strahlend aussehen m\u00f6chten.\" \/>\n<meta property=\"og:url\" content=\"https:\/\/www.koonings.com\/de\/product\/rebecca-ingram-mohnblume-24rs155a01\/\" \/>\n<meta property=\"og:site_name\" content=\"Koonings\" \/>\n<meta property=\"article:publisher\" content=\"https:\/\/www.facebook.com\/kooningstheweddingpalace\" \/>\n<meta property=\"og:image\" content=\"https:\/\/www.koonings.com\/wp-content\/uploads\/2025\/09\/51310_01eab3dbbabf6f37a8dd780aff3f7d95e1c9085cf4be6fd6317e3e7cafa67acdb43ca933.jpeg\" \/>\n\t<meta property=\"og:image:width\" content=\"1440\" \/>\n\t<meta property=\"og:image:height\" content=\"1920\" \/>\n\t<meta property=\"og:image:type\" content=\"image\/jpeg\" \/>\n<meta name=\"twitter:card\" content=\"summary_large_image\" \/>\n<script type=\"application\/ld+json\" class=\"yoast-schema-graph\">{\"@context\":\"https:\\\/\\\/schema.org\",\"@graph\":[{\"@type\":\"WebPage\",\"@id\":\"https:\\\/\\\/www.koonings.com\\\/de\\\/product\\\/rebecca-ingram-mohnblume-24rs155a01\\\/\",\"url\":\"https:\\\/\\\/www.koonings.com\\\/de\\\/product\\\/rebecca-ingram-mohnblume-24rs155a01\\\/\",\"name\":\"Rebecca Ingram Mohnblume 24RS155A01 | Koonings\",\"isPartOf\":{\"@id\":\"https:\\\/\\\/www.koonings.com\\\/de\\\/#website\"},\"primaryImageOfPage\":{\"@id\":\"https:\\\/\\\/www.koonings.com\\\/de\\\/product\\\/rebecca-ingram-mohnblume-24rs155a01\\\/#primaryimage\"},\"image\":{\"@id\":\"https:\\\/\\\/www.koonings.com\\\/de\\\/product\\\/rebecca-ingram-mohnblume-24rs155a01\\\/#primaryimage\"},\"thumbnailUrl\":\"https:\\\/\\\/www.koonings.com\\\/wp-content\\\/uploads\\\/2025\\\/09\\\/51310_01eab3dbbabf6f37a8dd780aff3f7d95e1c9085cf4be6fd6317e3e7cafa67acdb43ca933.jpeg\",\"datePublished\":\"2026-04-28T16:38:42+00:00\",\"description\":\"F\u00fcr die Braut, die Eleganz und einen Hauch von Wagemut kombinieren m\u00f6chte. Das Poppy ist ein A-Linien-Brautkleid f\u00fcr \u00dcbergr\u00f6\u00dfen aus luftigem Chiffon mit einem Mieder aus Illusionsspitze und einem verf\u00fchrerischen Schlitz am Oberschenkel. Das Kleid bietet eine schmeichelhafte Passform und Bewegungsfreiheit, w\u00e4hrend die Spitzendetails und der Seitenschlitz einen modernen, glamour\u00f6sen Touch verleihen. Perfekt f\u00fcr Br\u00e4ute, die an ihrem gro\u00dfen Tag selbstbewusst und strahlend aussehen m\u00f6chten.\",\"breadcrumb\":{\"@id\":\"https:\\\/\\\/www.koonings.com\\\/de\\\/product\\\/rebecca-ingram-mohnblume-24rs155a01\\\/#breadcrumb\"},\"inLanguage\":\"de\",\"potentialAction\":[{\"@type\":\"ReadAction\",\"target\":[\"https:\\\/\\\/www.koonings.com\\\/de\\\/product\\\/rebecca-ingram-mohnblume-24rs155a01\\\/\"]}]},{\"@type\":\"ImageObject\",\"inLanguage\":\"de\",\"@id\":\"https:\\\/\\\/www.koonings.com\\\/de\\\/product\\\/rebecca-ingram-mohnblume-24rs155a01\\\/#primaryimage\",\"url\":\"https:\\\/\\\/www.koonings.com\\\/wp-content\\\/uploads\\\/2025\\\/09\\\/51310_01eab3dbbabf6f37a8dd780aff3f7d95e1c9085cf4be6fd6317e3e7cafa67acdb43ca933.jpeg\",\"contentUrl\":\"https:\\\/\\\/www.koonings.com\\\/wp-content\\\/uploads\\\/2025\\\/09\\\/51310_01eab3dbbabf6f37a8dd780aff3f7d95e1c9085cf4be6fd6317e3e7cafa67acdb43ca933.jpeg\",\"width\":1440,\"height\":1920},{\"@type\":\"BreadcrumbList\",\"@id\":\"https:\\\/\\\/www.koonings.com\\\/de\\\/product\\\/rebecca-ingram-mohnblume-24rs155a01\\\/#breadcrumb\",\"itemListElement\":[{\"@type\":\"ListItem\",\"position\":1,\"name\":\"Home\",\"item\":\"https:\\\/\\\/www.koonings.com\\\/de\\\/\"},{\"@type\":\"ListItem\",\"position\":2,\"name\":\"Rebecca Ingram Mohnblume 24RS155A01\"}]},{\"@type\":\"WebSite\",\"@id\":\"https:\\\/\\\/www.koonings.com\\\/de\\\/#website\",\"url\":\"https:\\\/\\\/www.koonings.com\\\/de\\\/\",\"name\":\"Koonings\",\"description\":\"De grootste bruidsmodewinkel ter wereld\",\"publisher\":{\"@id\":\"https:\\\/\\\/www.koonings.com\\\/de\\\/#organization\"},\"potentialAction\":[{\"@type\":\"SearchAction\",\"target\":{\"@type\":\"EntryPoint\",\"urlTemplate\":\"https:\\\/\\\/www.koonings.com\\\/de\\\/?s={search_term_string}\"},\"query-input\":{\"@type\":\"PropertyValueSpecification\",\"valueRequired\":true,\"valueName\":\"search_term_string\"}}],\"inLanguage\":\"de\"},{\"@type\":\"Organization\",\"@id\":\"https:\\\/\\\/www.koonings.com\\\/de\\\/#organization\",\"name\":\"Koonings\",\"url\":\"https:\\\/\\\/www.koonings.com\\\/de\\\/\",\"logo\":{\"@type\":\"ImageObject\",\"inLanguage\":\"de\",\"@id\":\"https:\\\/\\\/www.koonings.com\\\/de\\\/#\\\/schema\\\/logo\\\/image\\\/\",\"url\":\"https:\\\/\\\/www.koonings.com\\\/wp-content\\\/uploads\\\/2024\\\/07\\\/logo.png\",\"contentUrl\":\"https:\\\/\\\/www.koonings.com\\\/wp-content\\\/uploads\\\/2024\\\/07\\\/logo.png\",\"width\":600,\"height\":428,\"caption\":\"Koonings\"},\"image\":{\"@id\":\"https:\\\/\\\/www.koonings.com\\\/de\\\/#\\\/schema\\\/logo\\\/image\\\/\"},\"sameAs\":[\"https:\\\/\\\/www.facebook.com\\\/kooningstheweddingpalace\",\"https:\\\/\\\/www.instagram.com\\\/kooningstheweddingpalace\",\"https:\\\/\\\/www.pinterest.com\\\/koonings\",\"https:\\\/\\\/www.youtube.com\\\/kooningstheweddingpalace\"]}]}<\/script>\n<!-- \/ Yoast SEO plugin. -->","yoast_head_json":{"title":"Rebecca Ingram Mohnblume 24RS155A01 | Koonings","description":"F\u00fcr die Braut, die Eleganz und einen Hauch von Wagemut kombinieren m\u00f6chte. Das Poppy ist ein A-Linien-Brautkleid f\u00fcr \u00dcbergr\u00f6\u00dfen aus luftigem Chiffon mit einem Mieder aus Illusionsspitze und einem verf\u00fchrerischen Schlitz am Oberschenkel. Das Kleid bietet eine schmeichelhafte Passform und Bewegungsfreiheit, w\u00e4hrend die Spitzendetails und der Seitenschlitz einen modernen, glamour\u00f6sen Touch verleihen. Perfekt f\u00fcr Br\u00e4ute, die an ihrem gro\u00dfen Tag selbstbewusst und strahlend aussehen m\u00f6chten.","robots":{"index":"index","follow":"follow","max-snippet":"max-snippet:-1","max-image-preview":"max-image-preview:large","max-video-preview":"max-video-preview:-1"},"canonical":"https:\/\/www.koonings.com\/de\/product\/rebecca-ingram-mohnblume-24rs155a01\/","og_locale":"de_DE","og_type":"article","og_title":"Rebecca Ingram Mohnblume 24RS155A01 | Koonings","og_description":"F\u00fcr die Braut, die Eleganz und einen Hauch von Wagemut kombinieren m\u00f6chte. Das Poppy ist ein A-Linien-Brautkleid f\u00fcr \u00dcbergr\u00f6\u00dfen aus luftigem Chiffon mit einem Mieder aus Illusionsspitze und einem verf\u00fchrerischen Schlitz am Oberschenkel. Das Kleid bietet eine schmeichelhafte Passform und Bewegungsfreiheit, w\u00e4hrend die Spitzendetails und der Seitenschlitz einen modernen, glamour\u00f6sen Touch verleihen. Perfekt f\u00fcr Br\u00e4ute, die an ihrem gro\u00dfen Tag selbstbewusst und strahlend aussehen m\u00f6chten.","og_url":"https:\/\/www.koonings.com\/de\/product\/rebecca-ingram-mohnblume-24rs155a01\/","og_site_name":"Koonings","article_publisher":"https:\/\/www.facebook.com\/kooningstheweddingpalace","og_image":[{"width":1440,"height":1920,"url":"https:\/\/www.koonings.com\/wp-content\/uploads\/2025\/09\/51310_01eab3dbbabf6f37a8dd780aff3f7d95e1c9085cf4be6fd6317e3e7cafa67acdb43ca933.jpeg","type":"image\/jpeg"}],"twitter_card":"summary_large_image","schema":{"@context":"https:\/\/schema.org","@graph":[{"@type":"WebPage","@id":"https:\/\/www.koonings.com\/de\/product\/rebecca-ingram-mohnblume-24rs155a01\/","url":"https:\/\/www.koonings.com\/de\/product\/rebecca-ingram-mohnblume-24rs155a01\/","name":"Rebecca Ingram Mohnblume 24RS155A01 | Koonings","isPartOf":{"@id":"https:\/\/www.koonings.com\/de\/#website"},"primaryImageOfPage":{"@id":"https:\/\/www.koonings.com\/de\/product\/rebecca-ingram-mohnblume-24rs155a01\/#primaryimage"},"image":{"@id":"https:\/\/www.koonings.com\/de\/product\/rebecca-ingram-mohnblume-24rs155a01\/#primaryimage"},"thumbnailUrl":"https:\/\/www.koonings.com\/wp-content\/uploads\/2025\/09\/51310_01eab3dbbabf6f37a8dd780aff3f7d95e1c9085cf4be6fd6317e3e7cafa67acdb43ca933.jpeg","datePublished":"2026-04-28T16:38:42+00:00","description":"F\u00fcr die Braut, die Eleganz und einen Hauch von Wagemut kombinieren m\u00f6chte. Das Poppy ist ein A-Linien-Brautkleid f\u00fcr \u00dcbergr\u00f6\u00dfen aus luftigem Chiffon mit einem Mieder aus Illusionsspitze und einem verf\u00fchrerischen Schlitz am Oberschenkel. Das Kleid bietet eine schmeichelhafte Passform und Bewegungsfreiheit, w\u00e4hrend die Spitzendetails und der Seitenschlitz einen modernen, glamour\u00f6sen Touch verleihen. Perfekt f\u00fcr Br\u00e4ute, die an ihrem gro\u00dfen Tag selbstbewusst und strahlend aussehen m\u00f6chten.","breadcrumb":{"@id":"https:\/\/www.koonings.com\/de\/product\/rebecca-ingram-mohnblume-24rs155a01\/#breadcrumb"},"inLanguage":"de","potentialAction":[{"@type":"ReadAction","target":["https:\/\/www.koonings.com\/de\/product\/rebecca-ingram-mohnblume-24rs155a01\/"]}]},{"@type":"ImageObject","inLanguage":"de","@id":"https:\/\/www.koonings.com\/de\/product\/rebecca-ingram-mohnblume-24rs155a01\/#primaryimage","url":"https:\/\/www.koonings.com\/wp-content\/uploads\/2025\/09\/51310_01eab3dbbabf6f37a8dd780aff3f7d95e1c9085cf4be6fd6317e3e7cafa67acdb43ca933.jpeg","contentUrl":"https:\/\/www.koonings.com\/wp-content\/uploads\/2025\/09\/51310_01eab3dbbabf6f37a8dd780aff3f7d95e1c9085cf4be6fd6317e3e7cafa67acdb43ca933.jpeg","width":1440,"height":1920},{"@type":"BreadcrumbList","@id":"https:\/\/www.koonings.com\/de\/product\/rebecca-ingram-mohnblume-24rs155a01\/#breadcrumb","itemListElement":[{"@type":"ListItem","position":1,"name":"Home","item":"https:\/\/www.koonings.com\/de\/"},{"@type":"ListItem","position":2,"name":"Rebecca Ingram Mohnblume 24RS155A01"}]},{"@type":"WebSite","@id":"https:\/\/www.koonings.com\/de\/#website","url":"https:\/\/www.koonings.com\/de\/","name":"Koonings","description":"De grootste bruidsmodewinkel ter wereld","publisher":{"@id":"https:\/\/www.koonings.com\/de\/#organization"},"potentialAction":[{"@type":"SearchAction","target":{"@type":"EntryPoint","urlTemplate":"https:\/\/www.koonings.com\/de\/?s={search_term_string}"},"query-input":{"@type":"PropertyValueSpecification","valueRequired":true,"valueName":"search_term_string"}}],"inLanguage":"de"},{"@type":"Organization","@id":"https:\/\/www.koonings.com\/de\/#organization","name":"Koonings","url":"https:\/\/www.koonings.com\/de\/","logo":{"@type":"ImageObject","inLanguage":"de","@id":"https:\/\/www.koonings.com\/de\/#\/schema\/logo\/image\/","url":"https:\/\/www.koonings.com\/wp-content\/uploads\/2024\/07\/logo.png","contentUrl":"https:\/\/www.koonings.com\/wp-content\/uploads\/2024\/07\/logo.png","width":600,"height":428,"caption":"Koonings"},"image":{"@id":"https:\/\/www.koonings.com\/de\/#\/schema\/logo\/image\/"},"sameAs":["https:\/\/www.facebook.com\/kooningstheweddingpalace","https:\/\/www.instagram.com\/kooningstheweddingpalace","https:\/\/www.pinterest.com\/koonings","https:\/\/www.youtube.com\/kooningstheweddingpalace"]}]}},"_links":{"self":[{"href":"https:\/\/www.koonings.com\/de\/wp-json\/wp\/v2\/product\/93667","targetHints":{"allow":["GET"]}}],"collection":[{"href":"https:\/\/www.koonings.com\/de\/wp-json\/wp\/v2\/product"}],"about":[{"href":"https:\/\/www.koonings.com\/de\/wp-json\/wp\/v2\/types\/product"}],"wp:featuredmedia":[{"embeddable":true,"href":"https:\/\/www.koonings.com\/de\/wp-json\/wp\/v2\/media\/93122"}],"wp:attachment":[{"href":"https:\/\/www.koonings.com\/de\/wp-json\/wp\/v2\/media?parent=93667"}],"wp:term":[{"taxonomy":"productdetails","embeddable":true,"href":"https:\/\/www.koonings.com\/de\/wp-json\/wp\/v2\/productdetails?post=93667"},{"taxonomy":"productneck","embeddable":true,"href":"https:\/\/www.koonings.com\/de\/wp-json\/wp\/v2\/productneck?post=93667"},{"taxonomy":"productcolor","embeddable":true,"href":"https:\/\/www.koonings.com\/de\/wp-json\/wp\/v2\/productcolor?post=93667"},{"taxonomy":"maat","embeddable":true,"href":"https:\/\/www.koonings.com\/de\/wp-json\/wp\/v2\/maat?post=93667"},{"taxonomy":"productsupplier","embeddable":true,"href":"https:\/\/www.koonings.com\/de\/wp-json\/wp\/v2\/productsupplier?post=93667"},{"taxonomy":"productsleeve","embeddable":true,"href":"https:\/\/www.koonings.com\/de\/wp-json\/wp\/v2\/productsleeve?post=93667"},{"taxonomy":"productcategory","embeddable":true,"href":"https:\/\/www.koonings.com\/de\/wp-json\/wp\/v2\/productcategory?post=93667"},{"taxonomy":"productsilhouette","embeddable":true,"href":"https:\/\/www.koonings.com\/de\/wp-json\/wp\/v2\/productsilhouette?post=93667"},{"taxonomy":"productstyle","embeddable":true,"href":"https:\/\/www.koonings.com\/de\/wp-json\/wp\/v2\/productstyle?post=93667"}],"curies":[{"name":"wp","href":"https:\/\/api.w.org\/{rel}","templated":true}]}}