{"id":93659,"date":"2026-05-06T15:38:49","date_gmt":"2026-05-06T13:38:49","guid":{"rendered":"https:\/\/www.koonings.com\/product\/rebecca-ingram-kailani-25rb343a01-aermel-ds025rb343000\/"},"modified":"2026-02-17T12:53:27","modified_gmt":"2026-02-17T11:53:27","slug":"rebecca-ingram-kailani-25rb343a01-aermel-ds025rb343000","status":"publish","type":"product","link":"https:\/\/www.koonings.com\/de\/product\/rebecca-ingram-kailani-25rb343a01-aermel-ds025rb343000\/","title":{"rendered":"Rebecca Ingram Kailani 25RB343A01 + \u00c4rmel DS025RB343000"},"content":{"rendered":"<p>F\u00fcr die Braut, die moderne Eleganz liebt. Das Kailani ist ein Hochzeitskleid aus Cr\u00eape mit einem Kuttenausschnitt und einer schmeichelhaften Baskettentaille, die Ihre Silhouette wundersch\u00f6n akzentuiert. <\/p>\n<p>Dieses elegante, stilvolle und zeitlose Kleid verbindet Komfort mit Raffinesse und ist perfekt f\u00fcr eine Hochzeit voller Klasse und Selbstbewusstsein.<\/p>\n","protected":false},"featured_media":92946,"template":"","meta":{"_acf_changed":false,"ghostkit_customizer_options":"","ghostkit_custom_css":"","ghostkit_custom_js_head":"","ghostkit_custom_js_foot":"","ghostkit_typography":""},"productdetails":[378],"productneck":[352],"productcolor":[392],"maat":[],"productsupplier":[433],"productsleeve":[357],"productcategory":[18],"productsilhouette":[389],"productstyle":[365,371],"class_list":["post-93659","product","type-product","status-publish","has-post-thumbnail","hentry","productdetails-378","productneck-352","productcolor-392","productsupplier-rebecca-ingram","productsleeve-357","productcategory-trouwjurken","productsilhouette-389","productstyle-365","productstyle-371"],"acf":[],"yoast_head":"<!-- This site is optimized with the Yoast SEO plugin v27.3 - https:\/\/yoast.com\/product\/yoast-seo-wordpress\/ -->\n<title>Rebecca Ingram Kailani 25RB343A01 + \u00c4rmel DS025RB343000 | Koonings<\/title>\n<meta name=\"description\" content=\"F\u00fcr die Braut, die moderne Eleganz liebt. Das Kailani ist ein Hochzeitskleid aus Cr\u00eape mit einem Kuttenausschnitt und einer schmeichelhaften Baskettentaille, die Ihre Silhouette wundersch\u00f6n akzentuiert. Dieses elegante, stilvolle und zeitlose Kleid verbindet Komfort mit Raffinesse und ist perfekt f\u00fcr eine Hochzeit voller Klasse und Selbstbewusstsein.\" \/>\n<meta name=\"robots\" content=\"index, follow, max-snippet:-1, max-image-preview:large, max-video-preview:-1\" \/>\n<link rel=\"canonical\" href=\"https:\/\/www.koonings.com\/de\/product\/rebecca-ingram-kailani-25rb343a01-aermel-ds025rb343000\/\" \/>\n<meta property=\"og:locale\" content=\"de_DE\" \/>\n<meta property=\"og:type\" content=\"article\" \/>\n<meta property=\"og:title\" content=\"Rebecca Ingram Kailani 25RB343A01 + \u00c4rmel DS025RB343000 | Koonings\" \/>\n<meta property=\"og:description\" content=\"F\u00fcr die Braut, die moderne Eleganz liebt. Das Kailani ist ein Hochzeitskleid aus Cr\u00eape mit einem Kuttenausschnitt und einer schmeichelhaften Baskettentaille, die Ihre Silhouette wundersch\u00f6n akzentuiert. Dieses elegante, stilvolle und zeitlose Kleid verbindet Komfort mit Raffinesse und ist perfekt f\u00fcr eine Hochzeit voller Klasse und Selbstbewusstsein.\" \/>\n<meta property=\"og:url\" content=\"https:\/\/www.koonings.com\/de\/product\/rebecca-ingram-kailani-25rb343a01-aermel-ds025rb343000\/\" \/>\n<meta property=\"og:site_name\" content=\"Koonings\" \/>\n<meta property=\"article:publisher\" content=\"https:\/\/www.facebook.com\/kooningstheweddingpalace\" \/>\n<meta property=\"og:image\" content=\"https:\/\/www.koonings.com\/wp-content\/uploads\/2025\/09\/51301_c2eb23ea4f1b08de50e7518dbb29865ba188637c074913815e3bb6d757f6bbeaf3290a26.jpeg\" \/>\n\t<meta property=\"og:image:width\" content=\"1440\" \/>\n\t<meta property=\"og:image:height\" content=\"1920\" \/>\n\t<meta property=\"og:image:type\" content=\"image\/jpeg\" \/>\n<meta name=\"twitter:card\" content=\"summary_large_image\" \/>\n<script type=\"application\/ld+json\" class=\"yoast-schema-graph\">{\"@context\":\"https:\\\/\\\/schema.org\",\"@graph\":[{\"@type\":\"WebPage\",\"@id\":\"https:\\\/\\\/www.koonings.com\\\/de\\\/product\\\/rebecca-ingram-kailani-25rb343a01-aermel-ds025rb343000\\\/\",\"url\":\"https:\\\/\\\/www.koonings.com\\\/de\\\/product\\\/rebecca-ingram-kailani-25rb343a01-aermel-ds025rb343000\\\/\",\"name\":\"Rebecca Ingram Kailani 25RB343A01 + \u00c4rmel DS025RB343000 | Koonings\",\"isPartOf\":{\"@id\":\"https:\\\/\\\/www.koonings.com\\\/de\\\/#website\"},\"primaryImageOfPage\":{\"@id\":\"https:\\\/\\\/www.koonings.com\\\/de\\\/product\\\/rebecca-ingram-kailani-25rb343a01-aermel-ds025rb343000\\\/#primaryimage\"},\"image\":{\"@id\":\"https:\\\/\\\/www.koonings.com\\\/de\\\/product\\\/rebecca-ingram-kailani-25rb343a01-aermel-ds025rb343000\\\/#primaryimage\"},\"thumbnailUrl\":\"https:\\\/\\\/www.koonings.com\\\/wp-content\\\/uploads\\\/2025\\\/09\\\/51301_c2eb23ea4f1b08de50e7518dbb29865ba188637c074913815e3bb6d757f6bbeaf3290a26.jpeg\",\"datePublished\":\"2026-05-06T13:38:49+00:00\",\"description\":\"F\u00fcr die Braut, die moderne Eleganz liebt. Das Kailani ist ein Hochzeitskleid aus Cr\u00eape mit einem Kuttenausschnitt und einer schmeichelhaften Baskettentaille, die Ihre Silhouette wundersch\u00f6n akzentuiert. Dieses elegante, stilvolle und zeitlose Kleid verbindet Komfort mit Raffinesse und ist perfekt f\u00fcr eine Hochzeit voller Klasse und Selbstbewusstsein.\",\"breadcrumb\":{\"@id\":\"https:\\\/\\\/www.koonings.com\\\/de\\\/product\\\/rebecca-ingram-kailani-25rb343a01-aermel-ds025rb343000\\\/#breadcrumb\"},\"inLanguage\":\"de\",\"potentialAction\":[{\"@type\":\"ReadAction\",\"target\":[\"https:\\\/\\\/www.koonings.com\\\/de\\\/product\\\/rebecca-ingram-kailani-25rb343a01-aermel-ds025rb343000\\\/\"]}]},{\"@type\":\"ImageObject\",\"inLanguage\":\"de\",\"@id\":\"https:\\\/\\\/www.koonings.com\\\/de\\\/product\\\/rebecca-ingram-kailani-25rb343a01-aermel-ds025rb343000\\\/#primaryimage\",\"url\":\"https:\\\/\\\/www.koonings.com\\\/wp-content\\\/uploads\\\/2025\\\/09\\\/51301_c2eb23ea4f1b08de50e7518dbb29865ba188637c074913815e3bb6d757f6bbeaf3290a26.jpeg\",\"contentUrl\":\"https:\\\/\\\/www.koonings.com\\\/wp-content\\\/uploads\\\/2025\\\/09\\\/51301_c2eb23ea4f1b08de50e7518dbb29865ba188637c074913815e3bb6d757f6bbeaf3290a26.jpeg\",\"width\":1440,\"height\":1920},{\"@type\":\"BreadcrumbList\",\"@id\":\"https:\\\/\\\/www.koonings.com\\\/de\\\/product\\\/rebecca-ingram-kailani-25rb343a01-aermel-ds025rb343000\\\/#breadcrumb\",\"itemListElement\":[{\"@type\":\"ListItem\",\"position\":1,\"name\":\"Home\",\"item\":\"https:\\\/\\\/www.koonings.com\\\/de\\\/\"},{\"@type\":\"ListItem\",\"position\":2,\"name\":\"Rebecca Ingram Kailani 25RB343A01 + \u00c4rmel DS025RB343000\"}]},{\"@type\":\"WebSite\",\"@id\":\"https:\\\/\\\/www.koonings.com\\\/de\\\/#website\",\"url\":\"https:\\\/\\\/www.koonings.com\\\/de\\\/\",\"name\":\"Koonings\",\"description\":\"De grootste bruidsmodewinkel ter wereld\",\"publisher\":{\"@id\":\"https:\\\/\\\/www.koonings.com\\\/de\\\/#organization\"},\"potentialAction\":[{\"@type\":\"SearchAction\",\"target\":{\"@type\":\"EntryPoint\",\"urlTemplate\":\"https:\\\/\\\/www.koonings.com\\\/de\\\/?s={search_term_string}\"},\"query-input\":{\"@type\":\"PropertyValueSpecification\",\"valueRequired\":true,\"valueName\":\"search_term_string\"}}],\"inLanguage\":\"de\"},{\"@type\":\"Organization\",\"@id\":\"https:\\\/\\\/www.koonings.com\\\/de\\\/#organization\",\"name\":\"Koonings\",\"url\":\"https:\\\/\\\/www.koonings.com\\\/de\\\/\",\"logo\":{\"@type\":\"ImageObject\",\"inLanguage\":\"de\",\"@id\":\"https:\\\/\\\/www.koonings.com\\\/de\\\/#\\\/schema\\\/logo\\\/image\\\/\",\"url\":\"https:\\\/\\\/www.koonings.com\\\/wp-content\\\/uploads\\\/2024\\\/07\\\/logo.png\",\"contentUrl\":\"https:\\\/\\\/www.koonings.com\\\/wp-content\\\/uploads\\\/2024\\\/07\\\/logo.png\",\"width\":600,\"height\":428,\"caption\":\"Koonings\"},\"image\":{\"@id\":\"https:\\\/\\\/www.koonings.com\\\/de\\\/#\\\/schema\\\/logo\\\/image\\\/\"},\"sameAs\":[\"https:\\\/\\\/www.facebook.com\\\/kooningstheweddingpalace\",\"https:\\\/\\\/www.instagram.com\\\/kooningstheweddingpalace\",\"https:\\\/\\\/www.pinterest.com\\\/koonings\",\"https:\\\/\\\/www.youtube.com\\\/kooningstheweddingpalace\"]}]}<\/script>\n<!-- \/ Yoast SEO plugin. -->","yoast_head_json":{"title":"Rebecca Ingram Kailani 25RB343A01 + \u00c4rmel DS025RB343000 | Koonings","description":"F\u00fcr die Braut, die moderne Eleganz liebt. Das Kailani ist ein Hochzeitskleid aus Cr\u00eape mit einem Kuttenausschnitt und einer schmeichelhaften Baskettentaille, die Ihre Silhouette wundersch\u00f6n akzentuiert. Dieses elegante, stilvolle und zeitlose Kleid verbindet Komfort mit Raffinesse und ist perfekt f\u00fcr eine Hochzeit voller Klasse und Selbstbewusstsein.","robots":{"index":"index","follow":"follow","max-snippet":"max-snippet:-1","max-image-preview":"max-image-preview:large","max-video-preview":"max-video-preview:-1"},"canonical":"https:\/\/www.koonings.com\/de\/product\/rebecca-ingram-kailani-25rb343a01-aermel-ds025rb343000\/","og_locale":"de_DE","og_type":"article","og_title":"Rebecca Ingram Kailani 25RB343A01 + \u00c4rmel DS025RB343000 | Koonings","og_description":"F\u00fcr die Braut, die moderne Eleganz liebt. Das Kailani ist ein Hochzeitskleid aus Cr\u00eape mit einem Kuttenausschnitt und einer schmeichelhaften Baskettentaille, die Ihre Silhouette wundersch\u00f6n akzentuiert. Dieses elegante, stilvolle und zeitlose Kleid verbindet Komfort mit Raffinesse und ist perfekt f\u00fcr eine Hochzeit voller Klasse und Selbstbewusstsein.","og_url":"https:\/\/www.koonings.com\/de\/product\/rebecca-ingram-kailani-25rb343a01-aermel-ds025rb343000\/","og_site_name":"Koonings","article_publisher":"https:\/\/www.facebook.com\/kooningstheweddingpalace","og_image":[{"width":1440,"height":1920,"url":"https:\/\/www.koonings.com\/wp-content\/uploads\/2025\/09\/51301_c2eb23ea4f1b08de50e7518dbb29865ba188637c074913815e3bb6d757f6bbeaf3290a26.jpeg","type":"image\/jpeg"}],"twitter_card":"summary_large_image","schema":{"@context":"https:\/\/schema.org","@graph":[{"@type":"WebPage","@id":"https:\/\/www.koonings.com\/de\/product\/rebecca-ingram-kailani-25rb343a01-aermel-ds025rb343000\/","url":"https:\/\/www.koonings.com\/de\/product\/rebecca-ingram-kailani-25rb343a01-aermel-ds025rb343000\/","name":"Rebecca Ingram Kailani 25RB343A01 + \u00c4rmel DS025RB343000 | Koonings","isPartOf":{"@id":"https:\/\/www.koonings.com\/de\/#website"},"primaryImageOfPage":{"@id":"https:\/\/www.koonings.com\/de\/product\/rebecca-ingram-kailani-25rb343a01-aermel-ds025rb343000\/#primaryimage"},"image":{"@id":"https:\/\/www.koonings.com\/de\/product\/rebecca-ingram-kailani-25rb343a01-aermel-ds025rb343000\/#primaryimage"},"thumbnailUrl":"https:\/\/www.koonings.com\/wp-content\/uploads\/2025\/09\/51301_c2eb23ea4f1b08de50e7518dbb29865ba188637c074913815e3bb6d757f6bbeaf3290a26.jpeg","datePublished":"2026-05-06T13:38:49+00:00","description":"F\u00fcr die Braut, die moderne Eleganz liebt. Das Kailani ist ein Hochzeitskleid aus Cr\u00eape mit einem Kuttenausschnitt und einer schmeichelhaften Baskettentaille, die Ihre Silhouette wundersch\u00f6n akzentuiert. Dieses elegante, stilvolle und zeitlose Kleid verbindet Komfort mit Raffinesse und ist perfekt f\u00fcr eine Hochzeit voller Klasse und Selbstbewusstsein.","breadcrumb":{"@id":"https:\/\/www.koonings.com\/de\/product\/rebecca-ingram-kailani-25rb343a01-aermel-ds025rb343000\/#breadcrumb"},"inLanguage":"de","potentialAction":[{"@type":"ReadAction","target":["https:\/\/www.koonings.com\/de\/product\/rebecca-ingram-kailani-25rb343a01-aermel-ds025rb343000\/"]}]},{"@type":"ImageObject","inLanguage":"de","@id":"https:\/\/www.koonings.com\/de\/product\/rebecca-ingram-kailani-25rb343a01-aermel-ds025rb343000\/#primaryimage","url":"https:\/\/www.koonings.com\/wp-content\/uploads\/2025\/09\/51301_c2eb23ea4f1b08de50e7518dbb29865ba188637c074913815e3bb6d757f6bbeaf3290a26.jpeg","contentUrl":"https:\/\/www.koonings.com\/wp-content\/uploads\/2025\/09\/51301_c2eb23ea4f1b08de50e7518dbb29865ba188637c074913815e3bb6d757f6bbeaf3290a26.jpeg","width":1440,"height":1920},{"@type":"BreadcrumbList","@id":"https:\/\/www.koonings.com\/de\/product\/rebecca-ingram-kailani-25rb343a01-aermel-ds025rb343000\/#breadcrumb","itemListElement":[{"@type":"ListItem","position":1,"name":"Home","item":"https:\/\/www.koonings.com\/de\/"},{"@type":"ListItem","position":2,"name":"Rebecca Ingram Kailani 25RB343A01 + \u00c4rmel DS025RB343000"}]},{"@type":"WebSite","@id":"https:\/\/www.koonings.com\/de\/#website","url":"https:\/\/www.koonings.com\/de\/","name":"Koonings","description":"De grootste bruidsmodewinkel ter wereld","publisher":{"@id":"https:\/\/www.koonings.com\/de\/#organization"},"potentialAction":[{"@type":"SearchAction","target":{"@type":"EntryPoint","urlTemplate":"https:\/\/www.koonings.com\/de\/?s={search_term_string}"},"query-input":{"@type":"PropertyValueSpecification","valueRequired":true,"valueName":"search_term_string"}}],"inLanguage":"de"},{"@type":"Organization","@id":"https:\/\/www.koonings.com\/de\/#organization","name":"Koonings","url":"https:\/\/www.koonings.com\/de\/","logo":{"@type":"ImageObject","inLanguage":"de","@id":"https:\/\/www.koonings.com\/de\/#\/schema\/logo\/image\/","url":"https:\/\/www.koonings.com\/wp-content\/uploads\/2024\/07\/logo.png","contentUrl":"https:\/\/www.koonings.com\/wp-content\/uploads\/2024\/07\/logo.png","width":600,"height":428,"caption":"Koonings"},"image":{"@id":"https:\/\/www.koonings.com\/de\/#\/schema\/logo\/image\/"},"sameAs":["https:\/\/www.facebook.com\/kooningstheweddingpalace","https:\/\/www.instagram.com\/kooningstheweddingpalace","https:\/\/www.pinterest.com\/koonings","https:\/\/www.youtube.com\/kooningstheweddingpalace"]}]}},"_links":{"self":[{"href":"https:\/\/www.koonings.com\/de\/wp-json\/wp\/v2\/product\/93659","targetHints":{"allow":["GET"]}}],"collection":[{"href":"https:\/\/www.koonings.com\/de\/wp-json\/wp\/v2\/product"}],"about":[{"href":"https:\/\/www.koonings.com\/de\/wp-json\/wp\/v2\/types\/product"}],"wp:featuredmedia":[{"embeddable":true,"href":"https:\/\/www.koonings.com\/de\/wp-json\/wp\/v2\/media\/92946"}],"wp:attachment":[{"href":"https:\/\/www.koonings.com\/de\/wp-json\/wp\/v2\/media?parent=93659"}],"wp:term":[{"taxonomy":"productdetails","embeddable":true,"href":"https:\/\/www.koonings.com\/de\/wp-json\/wp\/v2\/productdetails?post=93659"},{"taxonomy":"productneck","embeddable":true,"href":"https:\/\/www.koonings.com\/de\/wp-json\/wp\/v2\/productneck?post=93659"},{"taxonomy":"productcolor","embeddable":true,"href":"https:\/\/www.koonings.com\/de\/wp-json\/wp\/v2\/productcolor?post=93659"},{"taxonomy":"maat","embeddable":true,"href":"https:\/\/www.koonings.com\/de\/wp-json\/wp\/v2\/maat?post=93659"},{"taxonomy":"productsupplier","embeddable":true,"href":"https:\/\/www.koonings.com\/de\/wp-json\/wp\/v2\/productsupplier?post=93659"},{"taxonomy":"productsleeve","embeddable":true,"href":"https:\/\/www.koonings.com\/de\/wp-json\/wp\/v2\/productsleeve?post=93659"},{"taxonomy":"productcategory","embeddable":true,"href":"https:\/\/www.koonings.com\/de\/wp-json\/wp\/v2\/productcategory?post=93659"},{"taxonomy":"productsilhouette","embeddable":true,"href":"https:\/\/www.koonings.com\/de\/wp-json\/wp\/v2\/productsilhouette?post=93659"},{"taxonomy":"productstyle","embeddable":true,"href":"https:\/\/www.koonings.com\/de\/wp-json\/wp\/v2\/productstyle?post=93659"}],"curies":[{"name":"wp","href":"https:\/\/api.w.org\/{rel}","templated":true}]}}