{"id":93649,"date":"2026-04-28T18:38:47","date_gmt":"2026-04-28T16:38:47","guid":{"rendered":"https:\/\/www.koonings.com\/product\/sottero-midgley-lafeyette-25sb301a01\/"},"modified":"2026-02-17T12:21:49","modified_gmt":"2026-02-17T11:21:49","slug":"sottero-midgley-lafeyette-25sb301a01","status":"publish","type":"product","link":"https:\/\/www.koonings.com\/de\/product\/sottero-midgley-lafeyette-25sb301a01\/","title":{"rendered":"Sottero Midgley Lafeyette 25SB301A01"},"content":{"rendered":"<p>F\u00fcr die Braut, die moderne Eleganz mit auff\u00e4lligen Details liebt. Das Lafayette ist ein Hochzeitskleid aus Taft mit raffinierten R\u00fcschen, verspielten R\u00fcschen und sichtbaren St\u00e4bchen, die einen kantigen, strukturierten Touch verleihen. <\/p>\n<p>Die schmeichelhafte Passform und der luxuri\u00f6se Stoff verbinden Komfort mit einem Statement-Look. Perfekt f\u00fcr die Braut, die sich traut zu gl\u00e4nzen und ihre Pers\u00f6nlichkeit an ihrem gro\u00dfen Tag zeigen m\u00f6chte.<\/p>\n","protected":false},"featured_media":93329,"template":"","meta":{"_acf_changed":false,"ghostkit_customizer_options":"","ghostkit_custom_css":"","ghostkit_custom_js_head":"","ghostkit_custom_js_foot":"","ghostkit_typography":""},"productdetails":[378],"productneck":[354],"productcolor":[392],"maat":[],"productsupplier":[421],"productsleeve":[],"productcategory":[18],"productsilhouette":[384],"productstyle":[366,370],"class_list":["post-93649","product","type-product","status-publish","has-post-thumbnail","hentry","productdetails-378","productneck-354","productcolor-392","productsupplier-sottero-midgley","productcategory-trouwjurken","productsilhouette-384","productstyle-366","productstyle-370"],"acf":[],"yoast_head":"<!-- This site is optimized with the Yoast SEO plugin v27.3 - https:\/\/yoast.com\/product\/yoast-seo-wordpress\/ -->\n<title>Sottero Midgley Lafeyette 25SB301A01 | Koonings<\/title>\n<meta name=\"description\" content=\"F\u00fcr die Braut, die moderne Eleganz mit auff\u00e4lligen Details liebt. Das Lafayette ist ein Hochzeitskleid aus Taft mit raffinierten R\u00fcschen, verspielten R\u00fcschen und sichtbaren St\u00e4bchen, die einen kantigen, strukturierten Touch verleihen. Die schmeichelhafte Passform und der luxuri\u00f6se Stoff verbinden Komfort mit einem Statement-Look. Perfekt f\u00fcr die Braut, die sich traut zu gl\u00e4nzen und ihre Pers\u00f6nlichkeit an ihrem gro\u00dfen Tag zeigen m\u00f6chte.\" \/>\n<meta name=\"robots\" content=\"index, follow, max-snippet:-1, max-image-preview:large, max-video-preview:-1\" \/>\n<link rel=\"canonical\" href=\"https:\/\/www.koonings.com\/de\/product\/sottero-midgley-lafeyette-25sb301a01\/\" \/>\n<meta property=\"og:locale\" content=\"de_DE\" \/>\n<meta property=\"og:type\" content=\"article\" \/>\n<meta property=\"og:title\" content=\"Sottero Midgley Lafeyette 25SB301A01 | Koonings\" \/>\n<meta property=\"og:description\" content=\"F\u00fcr die Braut, die moderne Eleganz mit auff\u00e4lligen Details liebt. Das Lafayette ist ein Hochzeitskleid aus Taft mit raffinierten R\u00fcschen, verspielten R\u00fcschen und sichtbaren St\u00e4bchen, die einen kantigen, strukturierten Touch verleihen. Die schmeichelhafte Passform und der luxuri\u00f6se Stoff verbinden Komfort mit einem Statement-Look. Perfekt f\u00fcr die Braut, die sich traut zu gl\u00e4nzen und ihre Pers\u00f6nlichkeit an ihrem gro\u00dfen Tag zeigen m\u00f6chte.\" \/>\n<meta property=\"og:url\" content=\"https:\/\/www.koonings.com\/de\/product\/sottero-midgley-lafeyette-25sb301a01\/\" \/>\n<meta property=\"og:site_name\" content=\"Koonings\" \/>\n<meta property=\"article:publisher\" content=\"https:\/\/www.facebook.com\/kooningstheweddingpalace\" \/>\n<meta property=\"og:image\" content=\"https:\/\/www.koonings.com\/wp-content\/uploads\/2025\/09\/51320_305e3498abc7caebe447eca461291c6c2f9e7ad892b24c6a5629ea2af30bcdd8751ee49d.jpeg\" \/>\n\t<meta property=\"og:image:width\" content=\"1440\" \/>\n\t<meta property=\"og:image:height\" content=\"1920\" \/>\n\t<meta property=\"og:image:type\" content=\"image\/jpeg\" \/>\n<meta name=\"twitter:card\" content=\"summary_large_image\" \/>\n<script type=\"application\/ld+json\" class=\"yoast-schema-graph\">{\"@context\":\"https:\\\/\\\/schema.org\",\"@graph\":[{\"@type\":\"WebPage\",\"@id\":\"https:\\\/\\\/www.koonings.com\\\/de\\\/product\\\/sottero-midgley-lafeyette-25sb301a01\\\/\",\"url\":\"https:\\\/\\\/www.koonings.com\\\/de\\\/product\\\/sottero-midgley-lafeyette-25sb301a01\\\/\",\"name\":\"Sottero Midgley Lafeyette 25SB301A01 | Koonings\",\"isPartOf\":{\"@id\":\"https:\\\/\\\/www.koonings.com\\\/de\\\/#website\"},\"primaryImageOfPage\":{\"@id\":\"https:\\\/\\\/www.koonings.com\\\/de\\\/product\\\/sottero-midgley-lafeyette-25sb301a01\\\/#primaryimage\"},\"image\":{\"@id\":\"https:\\\/\\\/www.koonings.com\\\/de\\\/product\\\/sottero-midgley-lafeyette-25sb301a01\\\/#primaryimage\"},\"thumbnailUrl\":\"https:\\\/\\\/www.koonings.com\\\/wp-content\\\/uploads\\\/2025\\\/09\\\/51320_305e3498abc7caebe447eca461291c6c2f9e7ad892b24c6a5629ea2af30bcdd8751ee49d.jpeg\",\"datePublished\":\"2026-04-28T16:38:47+00:00\",\"description\":\"F\u00fcr die Braut, die moderne Eleganz mit auff\u00e4lligen Details liebt. Das Lafayette ist ein Hochzeitskleid aus Taft mit raffinierten R\u00fcschen, verspielten R\u00fcschen und sichtbaren St\u00e4bchen, die einen kantigen, strukturierten Touch verleihen. Die schmeichelhafte Passform und der luxuri\u00f6se Stoff verbinden Komfort mit einem Statement-Look. Perfekt f\u00fcr die Braut, die sich traut zu gl\u00e4nzen und ihre Pers\u00f6nlichkeit an ihrem gro\u00dfen Tag zeigen m\u00f6chte.\",\"breadcrumb\":{\"@id\":\"https:\\\/\\\/www.koonings.com\\\/de\\\/product\\\/sottero-midgley-lafeyette-25sb301a01\\\/#breadcrumb\"},\"inLanguage\":\"de\",\"potentialAction\":[{\"@type\":\"ReadAction\",\"target\":[\"https:\\\/\\\/www.koonings.com\\\/de\\\/product\\\/sottero-midgley-lafeyette-25sb301a01\\\/\"]}]},{\"@type\":\"ImageObject\",\"inLanguage\":\"de\",\"@id\":\"https:\\\/\\\/www.koonings.com\\\/de\\\/product\\\/sottero-midgley-lafeyette-25sb301a01\\\/#primaryimage\",\"url\":\"https:\\\/\\\/www.koonings.com\\\/wp-content\\\/uploads\\\/2025\\\/09\\\/51320_305e3498abc7caebe447eca461291c6c2f9e7ad892b24c6a5629ea2af30bcdd8751ee49d.jpeg\",\"contentUrl\":\"https:\\\/\\\/www.koonings.com\\\/wp-content\\\/uploads\\\/2025\\\/09\\\/51320_305e3498abc7caebe447eca461291c6c2f9e7ad892b24c6a5629ea2af30bcdd8751ee49d.jpeg\",\"width\":1440,\"height\":1920},{\"@type\":\"BreadcrumbList\",\"@id\":\"https:\\\/\\\/www.koonings.com\\\/de\\\/product\\\/sottero-midgley-lafeyette-25sb301a01\\\/#breadcrumb\",\"itemListElement\":[{\"@type\":\"ListItem\",\"position\":1,\"name\":\"Home\",\"item\":\"https:\\\/\\\/www.koonings.com\\\/de\\\/\"},{\"@type\":\"ListItem\",\"position\":2,\"name\":\"Sottero Midgley Lafeyette 25SB301A01\"}]},{\"@type\":\"WebSite\",\"@id\":\"https:\\\/\\\/www.koonings.com\\\/de\\\/#website\",\"url\":\"https:\\\/\\\/www.koonings.com\\\/de\\\/\",\"name\":\"Koonings\",\"description\":\"De grootste bruidsmodewinkel ter wereld\",\"publisher\":{\"@id\":\"https:\\\/\\\/www.koonings.com\\\/de\\\/#organization\"},\"potentialAction\":[{\"@type\":\"SearchAction\",\"target\":{\"@type\":\"EntryPoint\",\"urlTemplate\":\"https:\\\/\\\/www.koonings.com\\\/de\\\/?s={search_term_string}\"},\"query-input\":{\"@type\":\"PropertyValueSpecification\",\"valueRequired\":true,\"valueName\":\"search_term_string\"}}],\"inLanguage\":\"de\"},{\"@type\":\"Organization\",\"@id\":\"https:\\\/\\\/www.koonings.com\\\/de\\\/#organization\",\"name\":\"Koonings\",\"url\":\"https:\\\/\\\/www.koonings.com\\\/de\\\/\",\"logo\":{\"@type\":\"ImageObject\",\"inLanguage\":\"de\",\"@id\":\"https:\\\/\\\/www.koonings.com\\\/de\\\/#\\\/schema\\\/logo\\\/image\\\/\",\"url\":\"https:\\\/\\\/www.koonings.com\\\/wp-content\\\/uploads\\\/2024\\\/07\\\/logo.png\",\"contentUrl\":\"https:\\\/\\\/www.koonings.com\\\/wp-content\\\/uploads\\\/2024\\\/07\\\/logo.png\",\"width\":600,\"height\":428,\"caption\":\"Koonings\"},\"image\":{\"@id\":\"https:\\\/\\\/www.koonings.com\\\/de\\\/#\\\/schema\\\/logo\\\/image\\\/\"},\"sameAs\":[\"https:\\\/\\\/www.facebook.com\\\/kooningstheweddingpalace\",\"https:\\\/\\\/www.instagram.com\\\/kooningstheweddingpalace\",\"https:\\\/\\\/www.pinterest.com\\\/koonings\",\"https:\\\/\\\/www.youtube.com\\\/kooningstheweddingpalace\"]}]}<\/script>\n<!-- \/ Yoast SEO plugin. -->","yoast_head_json":{"title":"Sottero Midgley Lafeyette 25SB301A01 | Koonings","description":"F\u00fcr die Braut, die moderne Eleganz mit auff\u00e4lligen Details liebt. Das Lafayette ist ein Hochzeitskleid aus Taft mit raffinierten R\u00fcschen, verspielten R\u00fcschen und sichtbaren St\u00e4bchen, die einen kantigen, strukturierten Touch verleihen. Die schmeichelhafte Passform und der luxuri\u00f6se Stoff verbinden Komfort mit einem Statement-Look. Perfekt f\u00fcr die Braut, die sich traut zu gl\u00e4nzen und ihre Pers\u00f6nlichkeit an ihrem gro\u00dfen Tag zeigen m\u00f6chte.","robots":{"index":"index","follow":"follow","max-snippet":"max-snippet:-1","max-image-preview":"max-image-preview:large","max-video-preview":"max-video-preview:-1"},"canonical":"https:\/\/www.koonings.com\/de\/product\/sottero-midgley-lafeyette-25sb301a01\/","og_locale":"de_DE","og_type":"article","og_title":"Sottero Midgley Lafeyette 25SB301A01 | Koonings","og_description":"F\u00fcr die Braut, die moderne Eleganz mit auff\u00e4lligen Details liebt. Das Lafayette ist ein Hochzeitskleid aus Taft mit raffinierten R\u00fcschen, verspielten R\u00fcschen und sichtbaren St\u00e4bchen, die einen kantigen, strukturierten Touch verleihen. Die schmeichelhafte Passform und der luxuri\u00f6se Stoff verbinden Komfort mit einem Statement-Look. Perfekt f\u00fcr die Braut, die sich traut zu gl\u00e4nzen und ihre Pers\u00f6nlichkeit an ihrem gro\u00dfen Tag zeigen m\u00f6chte.","og_url":"https:\/\/www.koonings.com\/de\/product\/sottero-midgley-lafeyette-25sb301a01\/","og_site_name":"Koonings","article_publisher":"https:\/\/www.facebook.com\/kooningstheweddingpalace","og_image":[{"width":1440,"height":1920,"url":"https:\/\/www.koonings.com\/wp-content\/uploads\/2025\/09\/51320_305e3498abc7caebe447eca461291c6c2f9e7ad892b24c6a5629ea2af30bcdd8751ee49d.jpeg","type":"image\/jpeg"}],"twitter_card":"summary_large_image","schema":{"@context":"https:\/\/schema.org","@graph":[{"@type":"WebPage","@id":"https:\/\/www.koonings.com\/de\/product\/sottero-midgley-lafeyette-25sb301a01\/","url":"https:\/\/www.koonings.com\/de\/product\/sottero-midgley-lafeyette-25sb301a01\/","name":"Sottero Midgley Lafeyette 25SB301A01 | Koonings","isPartOf":{"@id":"https:\/\/www.koonings.com\/de\/#website"},"primaryImageOfPage":{"@id":"https:\/\/www.koonings.com\/de\/product\/sottero-midgley-lafeyette-25sb301a01\/#primaryimage"},"image":{"@id":"https:\/\/www.koonings.com\/de\/product\/sottero-midgley-lafeyette-25sb301a01\/#primaryimage"},"thumbnailUrl":"https:\/\/www.koonings.com\/wp-content\/uploads\/2025\/09\/51320_305e3498abc7caebe447eca461291c6c2f9e7ad892b24c6a5629ea2af30bcdd8751ee49d.jpeg","datePublished":"2026-04-28T16:38:47+00:00","description":"F\u00fcr die Braut, die moderne Eleganz mit auff\u00e4lligen Details liebt. Das Lafayette ist ein Hochzeitskleid aus Taft mit raffinierten R\u00fcschen, verspielten R\u00fcschen und sichtbaren St\u00e4bchen, die einen kantigen, strukturierten Touch verleihen. Die schmeichelhafte Passform und der luxuri\u00f6se Stoff verbinden Komfort mit einem Statement-Look. Perfekt f\u00fcr die Braut, die sich traut zu gl\u00e4nzen und ihre Pers\u00f6nlichkeit an ihrem gro\u00dfen Tag zeigen m\u00f6chte.","breadcrumb":{"@id":"https:\/\/www.koonings.com\/de\/product\/sottero-midgley-lafeyette-25sb301a01\/#breadcrumb"},"inLanguage":"de","potentialAction":[{"@type":"ReadAction","target":["https:\/\/www.koonings.com\/de\/product\/sottero-midgley-lafeyette-25sb301a01\/"]}]},{"@type":"ImageObject","inLanguage":"de","@id":"https:\/\/www.koonings.com\/de\/product\/sottero-midgley-lafeyette-25sb301a01\/#primaryimage","url":"https:\/\/www.koonings.com\/wp-content\/uploads\/2025\/09\/51320_305e3498abc7caebe447eca461291c6c2f9e7ad892b24c6a5629ea2af30bcdd8751ee49d.jpeg","contentUrl":"https:\/\/www.koonings.com\/wp-content\/uploads\/2025\/09\/51320_305e3498abc7caebe447eca461291c6c2f9e7ad892b24c6a5629ea2af30bcdd8751ee49d.jpeg","width":1440,"height":1920},{"@type":"BreadcrumbList","@id":"https:\/\/www.koonings.com\/de\/product\/sottero-midgley-lafeyette-25sb301a01\/#breadcrumb","itemListElement":[{"@type":"ListItem","position":1,"name":"Home","item":"https:\/\/www.koonings.com\/de\/"},{"@type":"ListItem","position":2,"name":"Sottero Midgley Lafeyette 25SB301A01"}]},{"@type":"WebSite","@id":"https:\/\/www.koonings.com\/de\/#website","url":"https:\/\/www.koonings.com\/de\/","name":"Koonings","description":"De grootste bruidsmodewinkel ter wereld","publisher":{"@id":"https:\/\/www.koonings.com\/de\/#organization"},"potentialAction":[{"@type":"SearchAction","target":{"@type":"EntryPoint","urlTemplate":"https:\/\/www.koonings.com\/de\/?s={search_term_string}"},"query-input":{"@type":"PropertyValueSpecification","valueRequired":true,"valueName":"search_term_string"}}],"inLanguage":"de"},{"@type":"Organization","@id":"https:\/\/www.koonings.com\/de\/#organization","name":"Koonings","url":"https:\/\/www.koonings.com\/de\/","logo":{"@type":"ImageObject","inLanguage":"de","@id":"https:\/\/www.koonings.com\/de\/#\/schema\/logo\/image\/","url":"https:\/\/www.koonings.com\/wp-content\/uploads\/2024\/07\/logo.png","contentUrl":"https:\/\/www.koonings.com\/wp-content\/uploads\/2024\/07\/logo.png","width":600,"height":428,"caption":"Koonings"},"image":{"@id":"https:\/\/www.koonings.com\/de\/#\/schema\/logo\/image\/"},"sameAs":["https:\/\/www.facebook.com\/kooningstheweddingpalace","https:\/\/www.instagram.com\/kooningstheweddingpalace","https:\/\/www.pinterest.com\/koonings","https:\/\/www.youtube.com\/kooningstheweddingpalace"]}]}},"_links":{"self":[{"href":"https:\/\/www.koonings.com\/de\/wp-json\/wp\/v2\/product\/93649","targetHints":{"allow":["GET"]}}],"collection":[{"href":"https:\/\/www.koonings.com\/de\/wp-json\/wp\/v2\/product"}],"about":[{"href":"https:\/\/www.koonings.com\/de\/wp-json\/wp\/v2\/types\/product"}],"wp:featuredmedia":[{"embeddable":true,"href":"https:\/\/www.koonings.com\/de\/wp-json\/wp\/v2\/media\/93329"}],"wp:attachment":[{"href":"https:\/\/www.koonings.com\/de\/wp-json\/wp\/v2\/media?parent=93649"}],"wp:term":[{"taxonomy":"productdetails","embeddable":true,"href":"https:\/\/www.koonings.com\/de\/wp-json\/wp\/v2\/productdetails?post=93649"},{"taxonomy":"productneck","embeddable":true,"href":"https:\/\/www.koonings.com\/de\/wp-json\/wp\/v2\/productneck?post=93649"},{"taxonomy":"productcolor","embeddable":true,"href":"https:\/\/www.koonings.com\/de\/wp-json\/wp\/v2\/productcolor?post=93649"},{"taxonomy":"maat","embeddable":true,"href":"https:\/\/www.koonings.com\/de\/wp-json\/wp\/v2\/maat?post=93649"},{"taxonomy":"productsupplier","embeddable":true,"href":"https:\/\/www.koonings.com\/de\/wp-json\/wp\/v2\/productsupplier?post=93649"},{"taxonomy":"productsleeve","embeddable":true,"href":"https:\/\/www.koonings.com\/de\/wp-json\/wp\/v2\/productsleeve?post=93649"},{"taxonomy":"productcategory","embeddable":true,"href":"https:\/\/www.koonings.com\/de\/wp-json\/wp\/v2\/productcategory?post=93649"},{"taxonomy":"productsilhouette","embeddable":true,"href":"https:\/\/www.koonings.com\/de\/wp-json\/wp\/v2\/productsilhouette?post=93649"},{"taxonomy":"productstyle","embeddable":true,"href":"https:\/\/www.koonings.com\/de\/wp-json\/wp\/v2\/productstyle?post=93649"}],"curies":[{"name":"wp","href":"https:\/\/api.w.org\/{rel}","templated":true}]}}