{"id":86401,"date":"2026-04-28T18:30:17","date_gmt":"2026-04-28T16:30:17","guid":{"rendered":"https:\/\/www.koonings.com\/product\/wona-concept-berkley\/"},"modified":"2025-05-22T12:50:30","modified_gmt":"2025-05-22T10:50:30","slug":"wona-concept-berkley","status":"publish","type":"product","link":"https:\/\/www.koonings.com\/de\/product\/wona-concept-berkley\/","title":{"rendered":"Wona Concept Berkley"},"content":{"rendered":"<p>Das Berkley Brautkleid von Wona Concept ist die perfekte Wahl f\u00fcr die Braut, die einen modernen und raffinierten Look mit einem Hauch von Romantik sucht. Das Design von Berkley kombiniert eine schlanke, elegante Silhouette mit detaillierter Spitze und einem sch\u00f6nen, schleierartigen Finish. Das Kleid f\u00e4llt sanft \u00fcber den K\u00f6rper und unterstreicht die weiblichen Formen auf subtile und doch kraftvolle Weise. Die romantischen Akzente und zarten Details machen dieses Kleid zu einem zeitlosen Meisterwerk, das sich f\u00fcr jede Hochzeit eignet, von einer intimen Zeremonie bis hin zu einer gro\u00dfen Feier.   <\/p>\n<p>Das Berkley ist exklusiv bei Koonings The Wedding Palace in Deurne erh\u00e4ltlich, der gr\u00f6\u00dften Brautmodenboutique der Welt. Hier k\u00f6nnen Br\u00e4ute in einem luxuri\u00f6sen und komfortablen Ambiente ihr perfektes Hochzeitskleid finden, begleitet von fachkundigen Stylisten, die ihnen bei der Auswahl des idealen Kleides f\u00fcr ihren besonderen Tag helfen. Mit einer beeindruckenden Auswahl an Top-Marken, darunter Wona Concept, sorgt Koonings daf\u00fcr, dass jede Braut ihr Traumkleid findet. Das Berkley ist f\u00fcr die Braut, die ihren Hochzeitstag in einem Kleid feiern m\u00f6chte, das sowohl modern als auch elegant ist und zeitlosen Charme verspr\u00fcht.   <\/p>\n","protected":false},"featured_media":82228,"template":"","meta":{"_acf_changed":false,"ghostkit_customizer_options":"","ghostkit_custom_css":"","ghostkit_custom_js_head":"","ghostkit_custom_js_foot":"","ghostkit_typography":""},"productdetails":[379,378],"productneck":[356],"productcolor":[392],"maat":[],"productsupplier":[441],"productsleeve":[362],"productcategory":[18],"productsilhouette":[389],"productstyle":[370],"class_list":["post-86401","product","type-product","status-publish","has-post-thumbnail","hentry","productdetails-379","productdetails-378","productneck-356","productcolor-392","productsupplier-wona-concept","productsleeve-362","productcategory-trouwjurken","productsilhouette-389","productstyle-370"],"acf":[],"yoast_head":"<!-- This site is optimized with the Yoast SEO plugin v27.3 - https:\/\/yoast.com\/product\/yoast-seo-wordpress\/ -->\n<title>Wona Concept Berkley | Koonings<\/title>\n<meta name=\"description\" content=\"Das Berkley Brautkleid von Wona Concept ist die perfekte Wahl f\u00fcr die Braut, die einen modernen und raffinierten Look mit einem Hauch von Romantik sucht. Das Design von Berkley kombiniert eine schlanke, elegante Silhouette mit detaillierter Spitze und einem wundersch\u00f6nen, schleierartigen Finish. Das Kleid f\u00e4llt sanft \u00fcber den K\u00f6rper und unterstreicht die weiblichen Formen auf subtile und doch kraftvolle Weise. Die romantischen Akzente und zarten Details machen dieses Kleid zu einem zeitlosen Meisterwerk, das sich f\u00fcr jede Hochzeit eignet, von einer intimen Zeremonie bis hin zu einer gro\u00dfen Feier. Das Berkley ist exklusiv bei Koonings The Wedding Palace in Deurne erh\u00e4ltlich, der gr\u00f6\u00dften Brautmodenboutique der Welt. Hier k\u00f6nnen Br\u00e4ute in einem luxuri\u00f6sen und komfortablen Ambiente ihr perfektes Hochzeitskleid finden, begleitet von fachkundigen Stylisten, die ihnen bei der Auswahl des idealen Kleides f\u00fcr ihren besonderen Tag helfen. Mit einer beeindruckenden Auswahl an Top-Marken, darunter Wona Concept, sorgt Koonings daf\u00fcr, dass jede Braut ihr Traumkleid findet. Das Berkley ist f\u00fcr die Braut, die ihren Hochzeitstag in einem Kleid feiern m\u00f6chte, das sowohl modern als auch elegant ist und zeitlosen Charme verspr\u00fcht.\" \/>\n<meta name=\"robots\" content=\"index, follow, max-snippet:-1, max-image-preview:large, max-video-preview:-1\" \/>\n<link rel=\"canonical\" href=\"https:\/\/www.koonings.com\/de\/product\/wona-concept-berkley\/\" \/>\n<meta property=\"og:locale\" content=\"de_DE\" \/>\n<meta property=\"og:type\" content=\"article\" \/>\n<meta property=\"og:title\" content=\"Wona Concept Berkley | Koonings\" \/>\n<meta property=\"og:description\" content=\"Das Berkley Brautkleid von Wona Concept ist die perfekte Wahl f\u00fcr die Braut, die einen modernen und raffinierten Look mit einem Hauch von Romantik sucht. Das Design von Berkley kombiniert eine schlanke, elegante Silhouette mit detaillierter Spitze und einem wundersch\u00f6nen, schleierartigen Finish. Das Kleid f\u00e4llt sanft \u00fcber den K\u00f6rper und unterstreicht die weiblichen Formen auf subtile und doch kraftvolle Weise. Die romantischen Akzente und zarten Details machen dieses Kleid zu einem zeitlosen Meisterwerk, das sich f\u00fcr jede Hochzeit eignet, von einer intimen Zeremonie bis hin zu einer gro\u00dfen Feier. Das Berkley ist exklusiv bei Koonings The Wedding Palace in Deurne erh\u00e4ltlich, der gr\u00f6\u00dften Brautmodenboutique der Welt. Hier k\u00f6nnen Br\u00e4ute in einem luxuri\u00f6sen und komfortablen Ambiente ihr perfektes Hochzeitskleid finden, begleitet von fachkundigen Stylisten, die ihnen bei der Auswahl des idealen Kleides f\u00fcr ihren besonderen Tag helfen. Mit einer beeindruckenden Auswahl an Top-Marken, darunter Wona Concept, sorgt Koonings daf\u00fcr, dass jede Braut ihr Traumkleid findet. Das Berkley ist f\u00fcr die Braut, die ihren Hochzeitstag in einem Kleid feiern m\u00f6chte, das sowohl modern als auch elegant ist und zeitlosen Charme verspr\u00fcht.\" \/>\n<meta property=\"og:url\" content=\"https:\/\/www.koonings.com\/de\/product\/wona-concept-berkley\/\" \/>\n<meta property=\"og:site_name\" content=\"Koonings\" \/>\n<meta property=\"article:publisher\" content=\"https:\/\/www.facebook.com\/kooningstheweddingpalace\" \/>\n<meta property=\"og:image\" content=\"https:\/\/www.koonings.com\/wp-content\/uploads\/2025\/03\/49639_6ab05ce69dbebf464f691fbdf89b5c4fa3473f816894e39f1c64e668436ab24d7e00cc04.jpeg\" \/>\n\t<meta property=\"og:image:width\" content=\"808\" \/>\n\t<meta property=\"og:image:height\" content=\"1142\" \/>\n\t<meta property=\"og:image:type\" content=\"image\/jpeg\" \/>\n<meta name=\"twitter:card\" content=\"summary_large_image\" \/>\n<meta name=\"twitter:label1\" content=\"Gesch\u00e4tzte Lesezeit\" \/>\n\t<meta name=\"twitter:data1\" content=\"1\u00a0Minute\" \/>\n<script type=\"application\/ld+json\" class=\"yoast-schema-graph\">{\"@context\":\"https:\\\/\\\/schema.org\",\"@graph\":[{\"@type\":\"WebPage\",\"@id\":\"https:\\\/\\\/www.koonings.com\\\/de\\\/product\\\/wona-concept-berkley\\\/\",\"url\":\"https:\\\/\\\/www.koonings.com\\\/de\\\/product\\\/wona-concept-berkley\\\/\",\"name\":\"Wona Concept Berkley | Koonings\",\"isPartOf\":{\"@id\":\"https:\\\/\\\/www.koonings.com\\\/de\\\/#website\"},\"primaryImageOfPage\":{\"@id\":\"https:\\\/\\\/www.koonings.com\\\/de\\\/product\\\/wona-concept-berkley\\\/#primaryimage\"},\"image\":{\"@id\":\"https:\\\/\\\/www.koonings.com\\\/de\\\/product\\\/wona-concept-berkley\\\/#primaryimage\"},\"thumbnailUrl\":\"https:\\\/\\\/www.koonings.com\\\/wp-content\\\/uploads\\\/2025\\\/03\\\/49639_6ab05ce69dbebf464f691fbdf89b5c4fa3473f816894e39f1c64e668436ab24d7e00cc04.jpeg\",\"datePublished\":\"2026-04-28T16:30:17+00:00\",\"description\":\"Das Berkley Brautkleid von Wona Concept ist die perfekte Wahl f\u00fcr die Braut, die einen modernen und raffinierten Look mit einem Hauch von Romantik sucht. Das Design von Berkley kombiniert eine schlanke, elegante Silhouette mit detaillierter Spitze und einem wundersch\u00f6nen, schleierartigen Finish. Das Kleid f\u00e4llt sanft \u00fcber den K\u00f6rper und unterstreicht die weiblichen Formen auf subtile und doch kraftvolle Weise. Die romantischen Akzente und zarten Details machen dieses Kleid zu einem zeitlosen Meisterwerk, das sich f\u00fcr jede Hochzeit eignet, von einer intimen Zeremonie bis hin zu einer gro\u00dfen Feier. Das Berkley ist exklusiv bei Koonings The Wedding Palace in Deurne erh\u00e4ltlich, der gr\u00f6\u00dften Brautmodenboutique der Welt. Hier k\u00f6nnen Br\u00e4ute in einem luxuri\u00f6sen und komfortablen Ambiente ihr perfektes Hochzeitskleid finden, begleitet von fachkundigen Stylisten, die ihnen bei der Auswahl des idealen Kleides f\u00fcr ihren besonderen Tag helfen. Mit einer beeindruckenden Auswahl an Top-Marken, darunter Wona Concept, sorgt Koonings daf\u00fcr, dass jede Braut ihr Traumkleid findet. Das Berkley ist f\u00fcr die Braut, die ihren Hochzeitstag in einem Kleid feiern m\u00f6chte, das sowohl modern als auch elegant ist und zeitlosen Charme verspr\u00fcht.\",\"breadcrumb\":{\"@id\":\"https:\\\/\\\/www.koonings.com\\\/de\\\/product\\\/wona-concept-berkley\\\/#breadcrumb\"},\"inLanguage\":\"de\",\"potentialAction\":[{\"@type\":\"ReadAction\",\"target\":[\"https:\\\/\\\/www.koonings.com\\\/de\\\/product\\\/wona-concept-berkley\\\/\"]}]},{\"@type\":\"ImageObject\",\"inLanguage\":\"de\",\"@id\":\"https:\\\/\\\/www.koonings.com\\\/de\\\/product\\\/wona-concept-berkley\\\/#primaryimage\",\"url\":\"https:\\\/\\\/www.koonings.com\\\/wp-content\\\/uploads\\\/2025\\\/03\\\/49639_6ab05ce69dbebf464f691fbdf89b5c4fa3473f816894e39f1c64e668436ab24d7e00cc04.jpeg\",\"contentUrl\":\"https:\\\/\\\/www.koonings.com\\\/wp-content\\\/uploads\\\/2025\\\/03\\\/49639_6ab05ce69dbebf464f691fbdf89b5c4fa3473f816894e39f1c64e668436ab24d7e00cc04.jpeg\",\"width\":808,\"height\":1142},{\"@type\":\"BreadcrumbList\",\"@id\":\"https:\\\/\\\/www.koonings.com\\\/de\\\/product\\\/wona-concept-berkley\\\/#breadcrumb\",\"itemListElement\":[{\"@type\":\"ListItem\",\"position\":1,\"name\":\"Home\",\"item\":\"https:\\\/\\\/www.koonings.com\\\/de\\\/\"},{\"@type\":\"ListItem\",\"position\":2,\"name\":\"Wona Concept Berkley\"}]},{\"@type\":\"WebSite\",\"@id\":\"https:\\\/\\\/www.koonings.com\\\/de\\\/#website\",\"url\":\"https:\\\/\\\/www.koonings.com\\\/de\\\/\",\"name\":\"Koonings\",\"description\":\"De grootste bruidsmodewinkel ter wereld\",\"publisher\":{\"@id\":\"https:\\\/\\\/www.koonings.com\\\/de\\\/#organization\"},\"potentialAction\":[{\"@type\":\"SearchAction\",\"target\":{\"@type\":\"EntryPoint\",\"urlTemplate\":\"https:\\\/\\\/www.koonings.com\\\/de\\\/?s={search_term_string}\"},\"query-input\":{\"@type\":\"PropertyValueSpecification\",\"valueRequired\":true,\"valueName\":\"search_term_string\"}}],\"inLanguage\":\"de\"},{\"@type\":\"Organization\",\"@id\":\"https:\\\/\\\/www.koonings.com\\\/de\\\/#organization\",\"name\":\"Koonings\",\"url\":\"https:\\\/\\\/www.koonings.com\\\/de\\\/\",\"logo\":{\"@type\":\"ImageObject\",\"inLanguage\":\"de\",\"@id\":\"https:\\\/\\\/www.koonings.com\\\/de\\\/#\\\/schema\\\/logo\\\/image\\\/\",\"url\":\"https:\\\/\\\/www.koonings.com\\\/wp-content\\\/uploads\\\/2024\\\/07\\\/logo.png\",\"contentUrl\":\"https:\\\/\\\/www.koonings.com\\\/wp-content\\\/uploads\\\/2024\\\/07\\\/logo.png\",\"width\":600,\"height\":428,\"caption\":\"Koonings\"},\"image\":{\"@id\":\"https:\\\/\\\/www.koonings.com\\\/de\\\/#\\\/schema\\\/logo\\\/image\\\/\"},\"sameAs\":[\"https:\\\/\\\/www.facebook.com\\\/kooningstheweddingpalace\",\"https:\\\/\\\/www.instagram.com\\\/kooningstheweddingpalace\",\"https:\\\/\\\/www.pinterest.com\\\/koonings\",\"https:\\\/\\\/www.youtube.com\\\/kooningstheweddingpalace\"]}]}<\/script>\n<!-- \/ Yoast SEO plugin. -->","yoast_head_json":{"title":"Wona Concept Berkley | Koonings","description":"Das Berkley Brautkleid von Wona Concept ist die perfekte Wahl f\u00fcr die Braut, die einen modernen und raffinierten Look mit einem Hauch von Romantik sucht. Das Design von Berkley kombiniert eine schlanke, elegante Silhouette mit detaillierter Spitze und einem wundersch\u00f6nen, schleierartigen Finish. Das Kleid f\u00e4llt sanft \u00fcber den K\u00f6rper und unterstreicht die weiblichen Formen auf subtile und doch kraftvolle Weise. Die romantischen Akzente und zarten Details machen dieses Kleid zu einem zeitlosen Meisterwerk, das sich f\u00fcr jede Hochzeit eignet, von einer intimen Zeremonie bis hin zu einer gro\u00dfen Feier. Das Berkley ist exklusiv bei Koonings The Wedding Palace in Deurne erh\u00e4ltlich, der gr\u00f6\u00dften Brautmodenboutique der Welt. Hier k\u00f6nnen Br\u00e4ute in einem luxuri\u00f6sen und komfortablen Ambiente ihr perfektes Hochzeitskleid finden, begleitet von fachkundigen Stylisten, die ihnen bei der Auswahl des idealen Kleides f\u00fcr ihren besonderen Tag helfen. Mit einer beeindruckenden Auswahl an Top-Marken, darunter Wona Concept, sorgt Koonings daf\u00fcr, dass jede Braut ihr Traumkleid findet. Das Berkley ist f\u00fcr die Braut, die ihren Hochzeitstag in einem Kleid feiern m\u00f6chte, das sowohl modern als auch elegant ist und zeitlosen Charme verspr\u00fcht.","robots":{"index":"index","follow":"follow","max-snippet":"max-snippet:-1","max-image-preview":"max-image-preview:large","max-video-preview":"max-video-preview:-1"},"canonical":"https:\/\/www.koonings.com\/de\/product\/wona-concept-berkley\/","og_locale":"de_DE","og_type":"article","og_title":"Wona Concept Berkley | Koonings","og_description":"Das Berkley Brautkleid von Wona Concept ist die perfekte Wahl f\u00fcr die Braut, die einen modernen und raffinierten Look mit einem Hauch von Romantik sucht. Das Design von Berkley kombiniert eine schlanke, elegante Silhouette mit detaillierter Spitze und einem wundersch\u00f6nen, schleierartigen Finish. Das Kleid f\u00e4llt sanft \u00fcber den K\u00f6rper und unterstreicht die weiblichen Formen auf subtile und doch kraftvolle Weise. Die romantischen Akzente und zarten Details machen dieses Kleid zu einem zeitlosen Meisterwerk, das sich f\u00fcr jede Hochzeit eignet, von einer intimen Zeremonie bis hin zu einer gro\u00dfen Feier. Das Berkley ist exklusiv bei Koonings The Wedding Palace in Deurne erh\u00e4ltlich, der gr\u00f6\u00dften Brautmodenboutique der Welt. Hier k\u00f6nnen Br\u00e4ute in einem luxuri\u00f6sen und komfortablen Ambiente ihr perfektes Hochzeitskleid finden, begleitet von fachkundigen Stylisten, die ihnen bei der Auswahl des idealen Kleides f\u00fcr ihren besonderen Tag helfen. Mit einer beeindruckenden Auswahl an Top-Marken, darunter Wona Concept, sorgt Koonings daf\u00fcr, dass jede Braut ihr Traumkleid findet. Das Berkley ist f\u00fcr die Braut, die ihren Hochzeitstag in einem Kleid feiern m\u00f6chte, das sowohl modern als auch elegant ist und zeitlosen Charme verspr\u00fcht.","og_url":"https:\/\/www.koonings.com\/de\/product\/wona-concept-berkley\/","og_site_name":"Koonings","article_publisher":"https:\/\/www.facebook.com\/kooningstheweddingpalace","og_image":[{"width":808,"height":1142,"url":"https:\/\/www.koonings.com\/wp-content\/uploads\/2025\/03\/49639_6ab05ce69dbebf464f691fbdf89b5c4fa3473f816894e39f1c64e668436ab24d7e00cc04.jpeg","type":"image\/jpeg"}],"twitter_card":"summary_large_image","twitter_misc":{"Gesch\u00e4tzte Lesezeit":"1\u00a0Minute"},"schema":{"@context":"https:\/\/schema.org","@graph":[{"@type":"WebPage","@id":"https:\/\/www.koonings.com\/de\/product\/wona-concept-berkley\/","url":"https:\/\/www.koonings.com\/de\/product\/wona-concept-berkley\/","name":"Wona Concept Berkley | Koonings","isPartOf":{"@id":"https:\/\/www.koonings.com\/de\/#website"},"primaryImageOfPage":{"@id":"https:\/\/www.koonings.com\/de\/product\/wona-concept-berkley\/#primaryimage"},"image":{"@id":"https:\/\/www.koonings.com\/de\/product\/wona-concept-berkley\/#primaryimage"},"thumbnailUrl":"https:\/\/www.koonings.com\/wp-content\/uploads\/2025\/03\/49639_6ab05ce69dbebf464f691fbdf89b5c4fa3473f816894e39f1c64e668436ab24d7e00cc04.jpeg","datePublished":"2026-04-28T16:30:17+00:00","description":"Das Berkley Brautkleid von Wona Concept ist die perfekte Wahl f\u00fcr die Braut, die einen modernen und raffinierten Look mit einem Hauch von Romantik sucht. Das Design von Berkley kombiniert eine schlanke, elegante Silhouette mit detaillierter Spitze und einem wundersch\u00f6nen, schleierartigen Finish. Das Kleid f\u00e4llt sanft \u00fcber den K\u00f6rper und unterstreicht die weiblichen Formen auf subtile und doch kraftvolle Weise. Die romantischen Akzente und zarten Details machen dieses Kleid zu einem zeitlosen Meisterwerk, das sich f\u00fcr jede Hochzeit eignet, von einer intimen Zeremonie bis hin zu einer gro\u00dfen Feier. Das Berkley ist exklusiv bei Koonings The Wedding Palace in Deurne erh\u00e4ltlich, der gr\u00f6\u00dften Brautmodenboutique der Welt. Hier k\u00f6nnen Br\u00e4ute in einem luxuri\u00f6sen und komfortablen Ambiente ihr perfektes Hochzeitskleid finden, begleitet von fachkundigen Stylisten, die ihnen bei der Auswahl des idealen Kleides f\u00fcr ihren besonderen Tag helfen. Mit einer beeindruckenden Auswahl an Top-Marken, darunter Wona Concept, sorgt Koonings daf\u00fcr, dass jede Braut ihr Traumkleid findet. Das Berkley ist f\u00fcr die Braut, die ihren Hochzeitstag in einem Kleid feiern m\u00f6chte, das sowohl modern als auch elegant ist und zeitlosen Charme verspr\u00fcht.","breadcrumb":{"@id":"https:\/\/www.koonings.com\/de\/product\/wona-concept-berkley\/#breadcrumb"},"inLanguage":"de","potentialAction":[{"@type":"ReadAction","target":["https:\/\/www.koonings.com\/de\/product\/wona-concept-berkley\/"]}]},{"@type":"ImageObject","inLanguage":"de","@id":"https:\/\/www.koonings.com\/de\/product\/wona-concept-berkley\/#primaryimage","url":"https:\/\/www.koonings.com\/wp-content\/uploads\/2025\/03\/49639_6ab05ce69dbebf464f691fbdf89b5c4fa3473f816894e39f1c64e668436ab24d7e00cc04.jpeg","contentUrl":"https:\/\/www.koonings.com\/wp-content\/uploads\/2025\/03\/49639_6ab05ce69dbebf464f691fbdf89b5c4fa3473f816894e39f1c64e668436ab24d7e00cc04.jpeg","width":808,"height":1142},{"@type":"BreadcrumbList","@id":"https:\/\/www.koonings.com\/de\/product\/wona-concept-berkley\/#breadcrumb","itemListElement":[{"@type":"ListItem","position":1,"name":"Home","item":"https:\/\/www.koonings.com\/de\/"},{"@type":"ListItem","position":2,"name":"Wona Concept Berkley"}]},{"@type":"WebSite","@id":"https:\/\/www.koonings.com\/de\/#website","url":"https:\/\/www.koonings.com\/de\/","name":"Koonings","description":"De grootste bruidsmodewinkel ter wereld","publisher":{"@id":"https:\/\/www.koonings.com\/de\/#organization"},"potentialAction":[{"@type":"SearchAction","target":{"@type":"EntryPoint","urlTemplate":"https:\/\/www.koonings.com\/de\/?s={search_term_string}"},"query-input":{"@type":"PropertyValueSpecification","valueRequired":true,"valueName":"search_term_string"}}],"inLanguage":"de"},{"@type":"Organization","@id":"https:\/\/www.koonings.com\/de\/#organization","name":"Koonings","url":"https:\/\/www.koonings.com\/de\/","logo":{"@type":"ImageObject","inLanguage":"de","@id":"https:\/\/www.koonings.com\/de\/#\/schema\/logo\/image\/","url":"https:\/\/www.koonings.com\/wp-content\/uploads\/2024\/07\/logo.png","contentUrl":"https:\/\/www.koonings.com\/wp-content\/uploads\/2024\/07\/logo.png","width":600,"height":428,"caption":"Koonings"},"image":{"@id":"https:\/\/www.koonings.com\/de\/#\/schema\/logo\/image\/"},"sameAs":["https:\/\/www.facebook.com\/kooningstheweddingpalace","https:\/\/www.instagram.com\/kooningstheweddingpalace","https:\/\/www.pinterest.com\/koonings","https:\/\/www.youtube.com\/kooningstheweddingpalace"]}]}},"_links":{"self":[{"href":"https:\/\/www.koonings.com\/de\/wp-json\/wp\/v2\/product\/86401","targetHints":{"allow":["GET"]}}],"collection":[{"href":"https:\/\/www.koonings.com\/de\/wp-json\/wp\/v2\/product"}],"about":[{"href":"https:\/\/www.koonings.com\/de\/wp-json\/wp\/v2\/types\/product"}],"wp:featuredmedia":[{"embeddable":true,"href":"https:\/\/www.koonings.com\/de\/wp-json\/wp\/v2\/media\/82228"}],"wp:attachment":[{"href":"https:\/\/www.koonings.com\/de\/wp-json\/wp\/v2\/media?parent=86401"}],"wp:term":[{"taxonomy":"productdetails","embeddable":true,"href":"https:\/\/www.koonings.com\/de\/wp-json\/wp\/v2\/productdetails?post=86401"},{"taxonomy":"productneck","embeddable":true,"href":"https:\/\/www.koonings.com\/de\/wp-json\/wp\/v2\/productneck?post=86401"},{"taxonomy":"productcolor","embeddable":true,"href":"https:\/\/www.koonings.com\/de\/wp-json\/wp\/v2\/productcolor?post=86401"},{"taxonomy":"maat","embeddable":true,"href":"https:\/\/www.koonings.com\/de\/wp-json\/wp\/v2\/maat?post=86401"},{"taxonomy":"productsupplier","embeddable":true,"href":"https:\/\/www.koonings.com\/de\/wp-json\/wp\/v2\/productsupplier?post=86401"},{"taxonomy":"productsleeve","embeddable":true,"href":"https:\/\/www.koonings.com\/de\/wp-json\/wp\/v2\/productsleeve?post=86401"},{"taxonomy":"productcategory","embeddable":true,"href":"https:\/\/www.koonings.com\/de\/wp-json\/wp\/v2\/productcategory?post=86401"},{"taxonomy":"productsilhouette","embeddable":true,"href":"https:\/\/www.koonings.com\/de\/wp-json\/wp\/v2\/productsilhouette?post=86401"},{"taxonomy":"productstyle","embeddable":true,"href":"https:\/\/www.koonings.com\/de\/wp-json\/wp\/v2\/productstyle?post=86401"}],"curies":[{"name":"wp","href":"https:\/\/api.w.org\/{rel}","templated":true}]}}